{"id":6846,"date":"2019-10-09T09:26:04","date_gmt":"2019-10-09T07:26:04","guid":{"rendered":"https:\/\/www.salve.si\/?post_type=product&#038;p=6846"},"modified":"2025-11-14T08:19:35","modified_gmt":"2025-11-14T07:19:35","slug":"sveti-benedikt-pomaga","status":"publish","type":"product","link":"https:\/\/www.salve.si\/en\/trgovina\/knjige\/svetniki-in-zivljenjepisi\/sveti-benedikt-pomaga\/","title":{"rendered":"SVETI BENEDIKT POMAGA"},"content":{"rendered":"<p>Sveti Benedikt, zavetnik Evrope, ima prav danes zelo poemmebno mesto in nalogo v dana\u0161nji dobi, dobi mnogih du\u0161evnih in duhovnih stisk. \u0160tevilni verniki so se od vere oddaljili, s tem pa se je pove\u010dal vpliv hudega duha. \u0160e nikoli niso imeli eksorcisti toliko dela z njimi kakor danes.<\/p>\n<p>Sveti Benedikt je s svojimi duhovnimi sinovi zasadil kr\u0161\u010danske korenine v Evropi. Mar bo dopustil, da se bodo posu\u0161ile? Cerkev in s tem Bog sta ga postavila Evropi in vsakemu njenemu dr\u017eavljanu za nebe\u0161kega zavetnika.<\/p>\n<p>Prav je, da se danes \u0161iri \u010de\u0161\u010denje tega izredno pomembnega svetnika in da s emu ljudje z zaupanjem priporo\u010dijo, \u0161e posebej tisti, ki do\u017eivljajo mo\u010dnej\u0161i vpliv o\u010deta la\u017ei, saj se je prav sveti Benedikt z velikim uspehom postavljal po robu delovanju hudega duha.<span class=\"slv-content-keywords\"> Knjige Avtobiografije, \u017eivljenjepisi Molitveniki Svetniki devetdnevnica litanije molitev Anton Nadrah Molitvenik za zasebno uporabo posameznikov in molitvenih skupin <\/span><\/p>","protected":false},"excerpt":{"rendered":"<p>Mali molitvenik, ki je nastal na pro\u0161njo gospoda \u017eupnika Marijana Arharja, eksorcista za ljubljansko nad\u0161kofijo, natisnjen v \u017eelji, da mnoge spodbudi k zaupanju v pripro\u0161njo k svetemu Benediktu in k posnemanju njegovega svetni\u0161kega zgleda.<\/p>","protected":false},"featured_media":20596,"template":"","meta":{"_acf_changed":false,"footnotes":""},"product_cat":[141,315,636,634],"product_tag":[835,900,766],"class_list":{"0":"post-6846","1":"product","2":"type-product","3":"status-publish","4":"has-post-thumbnail","6":"authors-anton-nadrah","7":"publisher-salve-d-o-o-ljubljana","8":"product_cat-knjige","9":"product_cat-svetniki-in-zivljenjepisi","10":"product_cat-molitveniki","11":"product_cat-svetniki","12":"product_tag-devetdnevnica","13":"product_tag-litanije","14":"product_tag-molitev","16":"first","17":"instock","18":"shipping-taxable","19":"purchasable","20":"product-type-simple"},"acf":[],"yoast_head":"<!-- This site is optimized with the Yoast SEO plugin v23.8 - https:\/\/yoast.com\/wordpress\/plugins\/seo\/ -->\n<title>SVETI BENEDIKT POMAGA - Salve<\/title>\n<meta name=\"robots\" content=\"index, follow, max-snippet:-1, max-image-preview:large, max-video-preview:-1\" \/>\n<link rel=\"canonical\" href=\"https:\/\/www.salve.si\/en\/trgovina\/knjige\/svetniki-in-zivljenjepisi\/sveti-benedikt-pomaga\/\" \/>\n<meta property=\"og:locale\" content=\"en_US\" \/>\n<meta property=\"og:type\" content=\"article\" \/>\n<meta property=\"og:title\" content=\"SVETI BENEDIKT POMAGA - Salve\" \/>\n<meta property=\"og:description\" content=\"Mali molitvenik, ki je nastal na pro\u0161njo gospoda \u017eupnika Marijana Arharja, eksorcista za ljubljansko nad\u0161kofijo, natisnjen v \u017eelji, da mnoge spodbudi k zaupanju v pripro\u0161njo k svetemu Benediktu in k posnemanju njegovega svetni\u0161kega zgleda.\" \/>\n<meta property=\"og:url\" content=\"https:\/\/www.salve.si\/en\/trgovina\/knjige\/svetniki-in-zivljenjepisi\/sveti-benedikt-pomaga\/\" \/>\n<meta property=\"og:site_name\" content=\"Salve\" \/>\n<meta property=\"article:publisher\" content=\"https:\/\/www.facebook.com\/salve.si\" \/>\n<meta property=\"article:modified_time\" content=\"2025-11-14T07:19:35+00:00\" \/>\n<meta property=\"og:image\" content=\"https:\/\/www.salve.si\/wp-content\/uploads\/2019\/10\/Naslovnica_sv.-Benedikt-pomaga_2025.jpeg\" \/>\n\t<meta property=\"og:image:width\" content=\"823\" \/>\n\t<meta property=\"og:image:height\" content=\"1166\" \/>\n\t<meta property=\"og:image:type\" content=\"image\/jpeg\" \/>\n<meta name=\"twitter:card\" content=\"summary_large_image\" \/>\n<meta name=\"twitter:label1\" content=\"Est. reading time\" \/>\n\t<meta name=\"twitter:data1\" content=\"1 minute\" \/>\n<script type=\"application\/ld+json\" class=\"yoast-schema-graph\">{\"@context\":\"https:\/\/schema.org\",\"@graph\":[{\"@type\":\"WebPage\",\"@id\":\"https:\/\/www.salve.si\/trgovina\/knjige\/svetniki-in-zivljenjepisi\/sveti-benedikt-pomaga\/\",\"url\":\"https:\/\/www.salve.si\/trgovina\/knjige\/svetniki-in-zivljenjepisi\/sveti-benedikt-pomaga\/\",\"name\":\"SVETI BENEDIKT POMAGA - Salve\",\"isPartOf\":{\"@id\":\"https:\/\/www.salve.si\/#website\"},\"primaryImageOfPage\":{\"@id\":\"https:\/\/www.salve.si\/trgovina\/knjige\/svetniki-in-zivljenjepisi\/sveti-benedikt-pomaga\/#primaryimage\"},\"image\":{\"@id\":\"https:\/\/www.salve.si\/trgovina\/knjige\/svetniki-in-zivljenjepisi\/sveti-benedikt-pomaga\/#primaryimage\"},\"thumbnailUrl\":\"https:\/\/www.salve.si\/wp-content\/uploads\/2019\/10\/Naslovnica_sv.-Benedikt-pomaga_2025.jpeg\",\"datePublished\":\"2019-10-09T07:26:04+00:00\",\"dateModified\":\"2025-11-14T07:19:35+00:00\",\"breadcrumb\":{\"@id\":\"https:\/\/www.salve.si\/trgovina\/knjige\/svetniki-in-zivljenjepisi\/sveti-benedikt-pomaga\/#breadcrumb\"},\"inLanguage\":\"en-US\",\"potentialAction\":[{\"@type\":\"ReadAction\",\"target\":[\"https:\/\/www.salve.si\/trgovina\/knjige\/svetniki-in-zivljenjepisi\/sveti-benedikt-pomaga\/\"]}]},{\"@type\":\"ImageObject\",\"inLanguage\":\"en-US\",\"@id\":\"https:\/\/www.salve.si\/trgovina\/knjige\/svetniki-in-zivljenjepisi\/sveti-benedikt-pomaga\/#primaryimage\",\"url\":\"https:\/\/www.salve.si\/wp-content\/uploads\/2019\/10\/Naslovnica_sv.-Benedikt-pomaga_2025.jpeg\",\"contentUrl\":\"https:\/\/www.salve.si\/wp-content\/uploads\/2019\/10\/Naslovnica_sv.-Benedikt-pomaga_2025.jpeg\",\"width\":823,\"height\":1166},{\"@type\":\"BreadcrumbList\",\"@id\":\"https:\/\/www.salve.si\/trgovina\/knjige\/svetniki-in-zivljenjepisi\/sveti-benedikt-pomaga\/#breadcrumb\",\"itemListElement\":[{\"@type\":\"ListItem\",\"position\":1,\"name\":\"Home\",\"item\":\"https:\/\/www.salve.si\/\"},{\"@type\":\"ListItem\",\"position\":2,\"name\":\"Trgovina\",\"item\":\"https:\/\/www.salve.si\/trgovina\/\"},{\"@type\":\"ListItem\",\"position\":3,\"name\":\"SVETI BENEDIKT POMAGA\"}]},{\"@type\":\"WebSite\",\"@id\":\"https:\/\/www.salve.si\/#website\",\"url\":\"https:\/\/www.salve.si\/\",\"name\":\"Salve\",\"description\":\"Salezijanska zalo\u017eba\",\"publisher\":{\"@id\":\"https:\/\/www.salve.si\/#organization\"},\"potentialAction\":[{\"@type\":\"SearchAction\",\"target\":{\"@type\":\"EntryPoint\",\"urlTemplate\":\"https:\/\/www.salve.si\/?s={search_term_string}\"},\"query-input\":{\"@type\":\"PropertyValueSpecification\",\"valueRequired\":true,\"valueName\":\"search_term_string\"}}],\"inLanguage\":\"en-US\"},{\"@type\":\"Organization\",\"@id\":\"https:\/\/www.salve.si\/#organization\",\"name\":\"Salve d.o.o.\",\"url\":\"https:\/\/www.salve.si\/\",\"logo\":{\"@type\":\"ImageObject\",\"inLanguage\":\"en-US\",\"@id\":\"https:\/\/www.salve.si\/#\/schema\/logo\/image\/\",\"url\":\"https:\/\/www.salve.si\/wp-content\/uploads\/2021\/01\/Salve_logo_modri_nov_web.png\",\"contentUrl\":\"https:\/\/www.salve.si\/wp-content\/uploads\/2021\/01\/Salve_logo_modri_nov_web.png\",\"width\":279,\"height\":90,\"caption\":\"Salve d.o.o.\"},\"image\":{\"@id\":\"https:\/\/www.salve.si\/#\/schema\/logo\/image\/\"},\"sameAs\":[\"https:\/\/www.facebook.com\/salve.si\",\"https:\/\/www.instagram.com\/zalozbasalve\/\",\"https:\/\/www.linkedin.com\/company\/zalozba-salve\/\"]}]}<\/script>\n<!-- \/ Yoast SEO plugin. -->","yoast_head_json":{"title":"SVETI BENEDIKT POMAGA - Salve","robots":{"index":"index","follow":"follow","max-snippet":"max-snippet:-1","max-image-preview":"max-image-preview:large","max-video-preview":"max-video-preview:-1"},"canonical":"https:\/\/www.salve.si\/en\/trgovina\/knjige\/svetniki-in-zivljenjepisi\/sveti-benedikt-pomaga\/","og_locale":"en_US","og_type":"article","og_title":"SVETI BENEDIKT POMAGA - Salve","og_description":"Mali molitvenik, ki je nastal na pro\u0161njo gospoda \u017eupnika Marijana Arharja, eksorcista za ljubljansko nad\u0161kofijo, natisnjen v \u017eelji, da mnoge spodbudi k zaupanju v pripro\u0161njo k svetemu Benediktu in k posnemanju njegovega svetni\u0161kega zgleda.","og_url":"https:\/\/www.salve.si\/en\/trgovina\/knjige\/svetniki-in-zivljenjepisi\/sveti-benedikt-pomaga\/","og_site_name":"Salve","article_publisher":"https:\/\/www.facebook.com\/salve.si","article_modified_time":"2025-11-14T07:19:35+00:00","og_image":[{"width":823,"height":1166,"url":"https:\/\/www.salve.si\/wp-content\/uploads\/2019\/10\/Naslovnica_sv.-Benedikt-pomaga_2025.jpeg","type":"image\/jpeg"}],"twitter_card":"summary_large_image","twitter_misc":{"Est. reading time":"1 minute"},"schema":{"@context":"https:\/\/schema.org","@graph":[{"@type":"WebPage","@id":"https:\/\/www.salve.si\/trgovina\/knjige\/svetniki-in-zivljenjepisi\/sveti-benedikt-pomaga\/","url":"https:\/\/www.salve.si\/trgovina\/knjige\/svetniki-in-zivljenjepisi\/sveti-benedikt-pomaga\/","name":"SVETI BENEDIKT POMAGA - Salve","isPartOf":{"@id":"https:\/\/www.salve.si\/#website"},"primaryImageOfPage":{"@id":"https:\/\/www.salve.si\/trgovina\/knjige\/svetniki-in-zivljenjepisi\/sveti-benedikt-pomaga\/#primaryimage"},"image":{"@id":"https:\/\/www.salve.si\/trgovina\/knjige\/svetniki-in-zivljenjepisi\/sveti-benedikt-pomaga\/#primaryimage"},"thumbnailUrl":"https:\/\/www.salve.si\/wp-content\/uploads\/2019\/10\/Naslovnica_sv.-Benedikt-pomaga_2025.jpeg","datePublished":"2019-10-09T07:26:04+00:00","dateModified":"2025-11-14T07:19:35+00:00","breadcrumb":{"@id":"https:\/\/www.salve.si\/trgovina\/knjige\/svetniki-in-zivljenjepisi\/sveti-benedikt-pomaga\/#breadcrumb"},"inLanguage":"en-US","potentialAction":[{"@type":"ReadAction","target":["https:\/\/www.salve.si\/trgovina\/knjige\/svetniki-in-zivljenjepisi\/sveti-benedikt-pomaga\/"]}]},{"@type":"ImageObject","inLanguage":"en-US","@id":"https:\/\/www.salve.si\/trgovina\/knjige\/svetniki-in-zivljenjepisi\/sveti-benedikt-pomaga\/#primaryimage","url":"https:\/\/www.salve.si\/wp-content\/uploads\/2019\/10\/Naslovnica_sv.-Benedikt-pomaga_2025.jpeg","contentUrl":"https:\/\/www.salve.si\/wp-content\/uploads\/2019\/10\/Naslovnica_sv.-Benedikt-pomaga_2025.jpeg","width":823,"height":1166},{"@type":"BreadcrumbList","@id":"https:\/\/www.salve.si\/trgovina\/knjige\/svetniki-in-zivljenjepisi\/sveti-benedikt-pomaga\/#breadcrumb","itemListElement":[{"@type":"ListItem","position":1,"name":"Home","item":"https:\/\/www.salve.si\/"},{"@type":"ListItem","position":2,"name":"Trgovina","item":"https:\/\/www.salve.si\/trgovina\/"},{"@type":"ListItem","position":3,"name":"SVETI BENEDIKT POMAGA"}]},{"@type":"WebSite","@id":"https:\/\/www.salve.si\/#website","url":"https:\/\/www.salve.si\/","name":"Salve","description":"Salezijanska zalo\u017eba","publisher":{"@id":"https:\/\/www.salve.si\/#organization"},"potentialAction":[{"@type":"SearchAction","target":{"@type":"EntryPoint","urlTemplate":"https:\/\/www.salve.si\/?s={search_term_string}"},"query-input":{"@type":"PropertyValueSpecification","valueRequired":true,"valueName":"search_term_string"}}],"inLanguage":"en-US"},{"@type":"Organization","@id":"https:\/\/www.salve.si\/#organization","name":"Salve d.o.o.","url":"https:\/\/www.salve.si\/","logo":{"@type":"ImageObject","inLanguage":"en-US","@id":"https:\/\/www.salve.si\/#\/schema\/logo\/image\/","url":"https:\/\/www.salve.si\/wp-content\/uploads\/2021\/01\/Salve_logo_modri_nov_web.png","contentUrl":"https:\/\/www.salve.si\/wp-content\/uploads\/2021\/01\/Salve_logo_modri_nov_web.png","width":279,"height":90,"caption":"Salve d.o.o."},"image":{"@id":"https:\/\/www.salve.si\/#\/schema\/logo\/image\/"},"sameAs":["https:\/\/www.facebook.com\/salve.si","https:\/\/www.instagram.com\/zalozbasalve\/","https:\/\/www.linkedin.com\/company\/zalozba-salve\/"]}]}},"_links":{"self":[{"href":"https:\/\/www.salve.si\/en\/wp-json\/wp\/v2\/product\/6846","targetHints":{"allow":["GET"]}}],"collection":[{"href":"https:\/\/www.salve.si\/en\/wp-json\/wp\/v2\/product"}],"about":[{"href":"https:\/\/www.salve.si\/en\/wp-json\/wp\/v2\/types\/product"}],"version-history":[{"count":4,"href":"https:\/\/www.salve.si\/en\/wp-json\/wp\/v2\/product\/6846\/revisions"}],"predecessor-version":[{"id":19678,"href":"https:\/\/www.salve.si\/en\/wp-json\/wp\/v2\/product\/6846\/revisions\/19678"}],"wp:featuredmedia":[{"embeddable":true,"href":"https:\/\/www.salve.si\/en\/wp-json\/wp\/v2\/media\/20596"}],"wp:attachment":[{"href":"https:\/\/www.salve.si\/en\/wp-json\/wp\/v2\/media?parent=6846"}],"wp:term":[{"taxonomy":"product_cat","embeddable":true,"href":"https:\/\/www.salve.si\/en\/wp-json\/wp\/v2\/product_cat?post=6846"},{"taxonomy":"product_tag","embeddable":true,"href":"https:\/\/www.salve.si\/en\/wp-json\/wp\/v2\/product_tag?post=6846"}],"curies":[{"name":"wp","href":"https:\/\/api.w.org\/{rel}","templated":true}]}}