{"id":6834,"date":"2019-10-09T10:10:16","date_gmt":"2019-10-09T08:10:16","guid":{"rendered":"https:\/\/www.salve.si\/?post_type=product&#038;p=6834"},"modified":"2019-10-09T10:10:16","modified_gmt":"2019-10-09T08:10:16","slug":"evharisticni-cudezi","status":"publish","type":"product","link":"https:\/\/www.salve.si\/en\/trgovina\/knjige\/razno-knjige\/evharisticni-cudezi\/","title":{"rendered":"EVHARISTI\u010cNI \u010cUDE\u017dI"},"content":{"rendered":"<p>Kaj je pravzaprav \u010dude\u017e? To je dogodek v vidni naravi, ki ga ne moremo razlo\u017eiti z naravnimi zakoni. Povzro\u010di ga Bog, zato so \u010dude\u017ei pri\u010de za bivanje Boga in potrjujejo resni\u010dnost tega, kar u\u010di na\u0161a vera. To velja tudi za evharisti\u010dne \u010dude\u017ee. Povzro\u010da jih navzo\u010di Jezus, ki nas ljubi in nam ho\u010de samo dobro.<\/p>\n<p>Za potrditev vere v sveto Evharistijo je dovolj en sam popolnoma izpri\u010dan \u010dude\u017e, ki jasno dokazuje Kristusovo navzo\u010dnost in delovanje v tem zakramentu Bo\u017eje ljubezni.<\/p>\n<p><em>Povejte nekaj primerov \u010dude\u017enih ozdravljenj, ki so se zgodili med procesijo in blagoslovom z Najsvetej\u0161im.<\/em><span class=\"slv-content-keywords\"> V \u0161oli najsvetej\u0161ih src Anton Nadrah Knjige Razno evharisti\u010dni \u010dude\u017e evharistija pri\u010devanje 3. spremenjena in dopolnjena izdaja <\/span><\/p>","protected":false},"excerpt":{"rendered":"<p>12. knji\u017eica (3. dopolnjena izdaja) iz zbirke V \u0161oli najsvetej\u0161ih Src o evharisti\u010dnih \u010dude\u017eih. Jezus danes ne ozdravlja tako pogosto kakor pred dva tiso\u010d leti, vendar imamo prave evharisti\u010dne \u010dude\u017ee, ki so se zgodili na bolnikih.<\/p>","protected":false},"featured_media":6864,"template":"","meta":{"_acf_changed":false,"footnotes":""},"product_cat":[141,663],"product_tag":[899,898,897],"class_list":{"0":"post-6834","1":"product","2":"type-product","3":"status-publish","4":"has-post-thumbnail","6":"zbirke-v-soli-najsvetejsih-src","7":"authors-anton-nadrah","8":"publisher-salve-d-o-o-ljubljana","9":"product_cat-knjige","10":"product_cat-razno-knjige","11":"product_tag-evharisticni-cudez","12":"product_tag-evharistija","13":"product_tag-pricevanje","15":"first","16":"instock","17":"shipping-taxable","18":"purchasable","19":"product-type-simple"},"acf":[],"yoast_head":"<!-- This site is optimized with the Yoast SEO plugin v23.8 - https:\/\/yoast.com\/wordpress\/plugins\/seo\/ -->\n<title>EVHARISTI\u010cNI \u010cUDE\u017dI - Salve<\/title>\n<meta name=\"robots\" content=\"index, follow, max-snippet:-1, max-image-preview:large, max-video-preview:-1\" \/>\n<link rel=\"canonical\" href=\"https:\/\/www.salve.si\/en\/trgovina\/knjige\/razno-knjige\/evharisticni-cudezi\/\" \/>\n<meta property=\"og:locale\" content=\"en_US\" \/>\n<meta property=\"og:type\" content=\"article\" \/>\n<meta property=\"og:title\" content=\"EVHARISTI\u010cNI \u010cUDE\u017dI - Salve\" \/>\n<meta property=\"og:description\" content=\"12. knji\u017eica (3. dopolnjena izdaja) iz zbirke V \u0161oli najsvetej\u0161ih Src o evharisti\u010dnih \u010dude\u017eih. Jezus danes ne ozdravlja tako pogosto kakor pred dva tiso\u010d leti, vendar imamo prave evharisti\u010dne \u010dude\u017ee, ki so se zgodili na bolnikih.\" \/>\n<meta property=\"og:url\" content=\"https:\/\/www.salve.si\/en\/trgovina\/knjige\/razno-knjige\/evharisticni-cudezi\/\" \/>\n<meta property=\"og:site_name\" content=\"Salve\" \/>\n<meta property=\"article:publisher\" content=\"https:\/\/www.facebook.com\/salve.si\" \/>\n<meta property=\"og:image\" content=\"https:\/\/www.salve.si\/wp-content\/uploads\/2019\/10\/Evharisticni-cudezi-naslovnica.jpg\" \/>\n\t<meta property=\"og:image:width\" content=\"1311\" \/>\n\t<meta property=\"og:image:height\" content=\"1891\" \/>\n\t<meta property=\"og:image:type\" content=\"image\/jpeg\" \/>\n<meta name=\"twitter:card\" content=\"summary_large_image\" \/>\n<meta name=\"twitter:label1\" content=\"Est. reading time\" \/>\n\t<meta name=\"twitter:data1\" content=\"1 minute\" \/>\n<script type=\"application\/ld+json\" class=\"yoast-schema-graph\">{\"@context\":\"https:\/\/schema.org\",\"@graph\":[{\"@type\":\"WebPage\",\"@id\":\"https:\/\/www.salve.si\/trgovina\/knjige\/razno-knjige\/evharisticni-cudezi\/\",\"url\":\"https:\/\/www.salve.si\/trgovina\/knjige\/razno-knjige\/evharisticni-cudezi\/\",\"name\":\"EVHARISTI\u010cNI \u010cUDE\u017dI - Salve\",\"isPartOf\":{\"@id\":\"https:\/\/www.salve.si\/#website\"},\"primaryImageOfPage\":{\"@id\":\"https:\/\/www.salve.si\/trgovina\/knjige\/razno-knjige\/evharisticni-cudezi\/#primaryimage\"},\"image\":{\"@id\":\"https:\/\/www.salve.si\/trgovina\/knjige\/razno-knjige\/evharisticni-cudezi\/#primaryimage\"},\"thumbnailUrl\":\"https:\/\/www.salve.si\/wp-content\/uploads\/2019\/10\/Evharisticni-cudezi-naslovnica.jpg\",\"datePublished\":\"2019-10-09T08:10:16+00:00\",\"dateModified\":\"2019-10-09T08:10:16+00:00\",\"breadcrumb\":{\"@id\":\"https:\/\/www.salve.si\/trgovina\/knjige\/razno-knjige\/evharisticni-cudezi\/#breadcrumb\"},\"inLanguage\":\"en-US\",\"potentialAction\":[{\"@type\":\"ReadAction\",\"target\":[\"https:\/\/www.salve.si\/trgovina\/knjige\/razno-knjige\/evharisticni-cudezi\/\"]}]},{\"@type\":\"ImageObject\",\"inLanguage\":\"en-US\",\"@id\":\"https:\/\/www.salve.si\/trgovina\/knjige\/razno-knjige\/evharisticni-cudezi\/#primaryimage\",\"url\":\"https:\/\/www.salve.si\/wp-content\/uploads\/2019\/10\/Evharisticni-cudezi-naslovnica.jpg\",\"contentUrl\":\"https:\/\/www.salve.si\/wp-content\/uploads\/2019\/10\/Evharisticni-cudezi-naslovnica.jpg\",\"width\":1311,\"height\":1891},{\"@type\":\"BreadcrumbList\",\"@id\":\"https:\/\/www.salve.si\/trgovina\/knjige\/razno-knjige\/evharisticni-cudezi\/#breadcrumb\",\"itemListElement\":[{\"@type\":\"ListItem\",\"position\":1,\"name\":\"Home\",\"item\":\"https:\/\/www.salve.si\/\"},{\"@type\":\"ListItem\",\"position\":2,\"name\":\"Trgovina\",\"item\":\"https:\/\/www.salve.si\/trgovina\/\"},{\"@type\":\"ListItem\",\"position\":3,\"name\":\"EVHARISTI\u010cNI \u010cUDE\u017dI\"}]},{\"@type\":\"WebSite\",\"@id\":\"https:\/\/www.salve.si\/#website\",\"url\":\"https:\/\/www.salve.si\/\",\"name\":\"Salve\",\"description\":\"Salezijanska zalo\u017eba\",\"publisher\":{\"@id\":\"https:\/\/www.salve.si\/#organization\"},\"potentialAction\":[{\"@type\":\"SearchAction\",\"target\":{\"@type\":\"EntryPoint\",\"urlTemplate\":\"https:\/\/www.salve.si\/?s={search_term_string}\"},\"query-input\":{\"@type\":\"PropertyValueSpecification\",\"valueRequired\":true,\"valueName\":\"search_term_string\"}}],\"inLanguage\":\"en-US\"},{\"@type\":\"Organization\",\"@id\":\"https:\/\/www.salve.si\/#organization\",\"name\":\"Salve d.o.o.\",\"url\":\"https:\/\/www.salve.si\/\",\"logo\":{\"@type\":\"ImageObject\",\"inLanguage\":\"en-US\",\"@id\":\"https:\/\/www.salve.si\/#\/schema\/logo\/image\/\",\"url\":\"https:\/\/www.salve.si\/wp-content\/uploads\/2021\/01\/Salve_logo_modri_nov_web.png\",\"contentUrl\":\"https:\/\/www.salve.si\/wp-content\/uploads\/2021\/01\/Salve_logo_modri_nov_web.png\",\"width\":279,\"height\":90,\"caption\":\"Salve d.o.o.\"},\"image\":{\"@id\":\"https:\/\/www.salve.si\/#\/schema\/logo\/image\/\"},\"sameAs\":[\"https:\/\/www.facebook.com\/salve.si\",\"https:\/\/www.instagram.com\/zalozbasalve\/\",\"https:\/\/www.linkedin.com\/company\/zalozba-salve\/\"]}]}<\/script>\n<!-- \/ Yoast SEO plugin. -->","yoast_head_json":{"title":"EVHARISTI\u010cNI \u010cUDE\u017dI - Salve","robots":{"index":"index","follow":"follow","max-snippet":"max-snippet:-1","max-image-preview":"max-image-preview:large","max-video-preview":"max-video-preview:-1"},"canonical":"https:\/\/www.salve.si\/en\/trgovina\/knjige\/razno-knjige\/evharisticni-cudezi\/","og_locale":"en_US","og_type":"article","og_title":"EVHARISTI\u010cNI \u010cUDE\u017dI - Salve","og_description":"12. knji\u017eica (3. dopolnjena izdaja) iz zbirke V \u0161oli najsvetej\u0161ih Src o evharisti\u010dnih \u010dude\u017eih. Jezus danes ne ozdravlja tako pogosto kakor pred dva tiso\u010d leti, vendar imamo prave evharisti\u010dne \u010dude\u017ee, ki so se zgodili na bolnikih.","og_url":"https:\/\/www.salve.si\/en\/trgovina\/knjige\/razno-knjige\/evharisticni-cudezi\/","og_site_name":"Salve","article_publisher":"https:\/\/www.facebook.com\/salve.si","og_image":[{"width":1311,"height":1891,"url":"https:\/\/www.salve.si\/wp-content\/uploads\/2019\/10\/Evharisticni-cudezi-naslovnica.jpg","type":"image\/jpeg"}],"twitter_card":"summary_large_image","twitter_misc":{"Est. reading time":"1 minute"},"schema":{"@context":"https:\/\/schema.org","@graph":[{"@type":"WebPage","@id":"https:\/\/www.salve.si\/trgovina\/knjige\/razno-knjige\/evharisticni-cudezi\/","url":"https:\/\/www.salve.si\/trgovina\/knjige\/razno-knjige\/evharisticni-cudezi\/","name":"EVHARISTI\u010cNI \u010cUDE\u017dI - Salve","isPartOf":{"@id":"https:\/\/www.salve.si\/#website"},"primaryImageOfPage":{"@id":"https:\/\/www.salve.si\/trgovina\/knjige\/razno-knjige\/evharisticni-cudezi\/#primaryimage"},"image":{"@id":"https:\/\/www.salve.si\/trgovina\/knjige\/razno-knjige\/evharisticni-cudezi\/#primaryimage"},"thumbnailUrl":"https:\/\/www.salve.si\/wp-content\/uploads\/2019\/10\/Evharisticni-cudezi-naslovnica.jpg","datePublished":"2019-10-09T08:10:16+00:00","dateModified":"2019-10-09T08:10:16+00:00","breadcrumb":{"@id":"https:\/\/www.salve.si\/trgovina\/knjige\/razno-knjige\/evharisticni-cudezi\/#breadcrumb"},"inLanguage":"en-US","potentialAction":[{"@type":"ReadAction","target":["https:\/\/www.salve.si\/trgovina\/knjige\/razno-knjige\/evharisticni-cudezi\/"]}]},{"@type":"ImageObject","inLanguage":"en-US","@id":"https:\/\/www.salve.si\/trgovina\/knjige\/razno-knjige\/evharisticni-cudezi\/#primaryimage","url":"https:\/\/www.salve.si\/wp-content\/uploads\/2019\/10\/Evharisticni-cudezi-naslovnica.jpg","contentUrl":"https:\/\/www.salve.si\/wp-content\/uploads\/2019\/10\/Evharisticni-cudezi-naslovnica.jpg","width":1311,"height":1891},{"@type":"BreadcrumbList","@id":"https:\/\/www.salve.si\/trgovina\/knjige\/razno-knjige\/evharisticni-cudezi\/#breadcrumb","itemListElement":[{"@type":"ListItem","position":1,"name":"Home","item":"https:\/\/www.salve.si\/"},{"@type":"ListItem","position":2,"name":"Trgovina","item":"https:\/\/www.salve.si\/trgovina\/"},{"@type":"ListItem","position":3,"name":"EVHARISTI\u010cNI \u010cUDE\u017dI"}]},{"@type":"WebSite","@id":"https:\/\/www.salve.si\/#website","url":"https:\/\/www.salve.si\/","name":"Salve","description":"Salezijanska zalo\u017eba","publisher":{"@id":"https:\/\/www.salve.si\/#organization"},"potentialAction":[{"@type":"SearchAction","target":{"@type":"EntryPoint","urlTemplate":"https:\/\/www.salve.si\/?s={search_term_string}"},"query-input":{"@type":"PropertyValueSpecification","valueRequired":true,"valueName":"search_term_string"}}],"inLanguage":"en-US"},{"@type":"Organization","@id":"https:\/\/www.salve.si\/#organization","name":"Salve d.o.o.","url":"https:\/\/www.salve.si\/","logo":{"@type":"ImageObject","inLanguage":"en-US","@id":"https:\/\/www.salve.si\/#\/schema\/logo\/image\/","url":"https:\/\/www.salve.si\/wp-content\/uploads\/2021\/01\/Salve_logo_modri_nov_web.png","contentUrl":"https:\/\/www.salve.si\/wp-content\/uploads\/2021\/01\/Salve_logo_modri_nov_web.png","width":279,"height":90,"caption":"Salve d.o.o."},"image":{"@id":"https:\/\/www.salve.si\/#\/schema\/logo\/image\/"},"sameAs":["https:\/\/www.facebook.com\/salve.si","https:\/\/www.instagram.com\/zalozbasalve\/","https:\/\/www.linkedin.com\/company\/zalozba-salve\/"]}]}},"_links":{"self":[{"href":"https:\/\/www.salve.si\/en\/wp-json\/wp\/v2\/product\/6834","targetHints":{"allow":["GET"]}}],"collection":[{"href":"https:\/\/www.salve.si\/en\/wp-json\/wp\/v2\/product"}],"about":[{"href":"https:\/\/www.salve.si\/en\/wp-json\/wp\/v2\/types\/product"}],"version-history":[{"count":4,"href":"https:\/\/www.salve.si\/en\/wp-json\/wp\/v2\/product\/6834\/revisions"}],"predecessor-version":[{"id":6845,"href":"https:\/\/www.salve.si\/en\/wp-json\/wp\/v2\/product\/6834\/revisions\/6845"}],"wp:featuredmedia":[{"embeddable":true,"href":"https:\/\/www.salve.si\/en\/wp-json\/wp\/v2\/media\/6864"}],"wp:attachment":[{"href":"https:\/\/www.salve.si\/en\/wp-json\/wp\/v2\/media?parent=6834"}],"wp:term":[{"taxonomy":"product_cat","embeddable":true,"href":"https:\/\/www.salve.si\/en\/wp-json\/wp\/v2\/product_cat?post=6834"},{"taxonomy":"product_tag","embeddable":true,"href":"https:\/\/www.salve.si\/en\/wp-json\/wp\/v2\/product_tag?post=6834"}],"curies":[{"name":"wp","href":"https:\/\/api.w.org\/{rel}","templated":true}]}}