{"id":6819,"date":"2019-10-09T09:58:33","date_gmt":"2019-10-09T07:58:33","guid":{"rendered":"https:\/\/www.salve.si\/?post_type=product&#038;p=6819"},"modified":"2019-10-09T09:58:33","modified_gmt":"2019-10-09T07:58:33","slug":"moc-ljubezni","status":"publish","type":"product","link":"https:\/\/www.salve.si\/en\/trgovina\/knjige\/moc-ljubezni\/","title":{"rendered":"MO\u010c LJUBEZNI"},"content":{"rendered":"<p>Ob \u017ee znanem, zbranem in objavljenem o \u0161kofu Kvasu (najbolj\u0161i vir je bil katoli\u0161ki tednik Dru\u017eina z zapisi glavnega in odgovornega urednika dr. Draga Klemen\u010di\u010da in odgovornega urednika msgr. mag. Francija Petri\u010da ter drugih piscev) knjiga prina\u0161a veliko novega; dodaja podobi plemenitega \u0161kofa, ki ga je na zunaj upodobil akademski slikar Toma\u017e Perko, na znotraj pa \u0161kofovi dobri poznavalci. Vse to, tudi \u0161tevilne doslej \u0161e neobjavljene dokumentarne fotografije, \u0161kofa Kvasa ob 100. obletnici njegovega rojstva \u0161e bolj pribli\u017euje bralcem.<\/p>\n<p>Knjigo sta uredila in v precej\u0161nji meri tudi napisala \u0161kofova ne\u010daka Maks Ipavec in Jo\u017eef Pavli\u010d.<span class=\"slv-content-keywords\"> Jo\u017eef Kvas Maks Ipavec Knjige Jo\u017eef Kvas Ob 100. obletnici rojstva \u0161kofa Jo\u017eefa Kvasa <\/span><\/p>","protected":false},"excerpt":{"rendered":"<p>Dokumentarna knjiga o \u0161kofu Jo\u017eefu Kvasu, ki prika\u017ee njegovo \u017eivljenje, delo in poslanstvo. Temelji na virih o njem in njegovih najbli\u017ejih sorodnikih, njihovih besedah.<\/p>","protected":false},"featured_media":6861,"template":"","meta":{"_acf_changed":false,"footnotes":""},"product_cat":[141],"product_tag":[894],"class_list":{"0":"post-6819","1":"product","2":"type-product","3":"status-publish","4":"has-post-thumbnail","6":"authors-jozef-kvas","7":"authors-maks-ipavec","8":"publisher-salve-d-o-o-ljubljana","9":"product_cat-knjige","10":"product_tag-jozef-kvas","12":"first","13":"instock","14":"shipping-taxable","15":"purchasable","16":"product-type-simple"},"acf":[],"yoast_head":"<!-- This site is optimized with the Yoast SEO plugin v23.8 - https:\/\/yoast.com\/wordpress\/plugins\/seo\/ -->\n<title>MO\u010c LJUBEZNI - Salve<\/title>\n<meta name=\"robots\" content=\"index, follow, max-snippet:-1, max-image-preview:large, max-video-preview:-1\" \/>\n<link rel=\"canonical\" href=\"https:\/\/www.salve.si\/en\/trgovina\/knjige\/moc-ljubezni\/\" \/>\n<meta property=\"og:locale\" content=\"en_US\" \/>\n<meta property=\"og:type\" content=\"article\" \/>\n<meta property=\"og:title\" content=\"MO\u010c LJUBEZNI - Salve\" \/>\n<meta property=\"og:description\" content=\"Dokumentarna knjiga o \u0161kofu Jo\u017eefu Kvasu, ki prika\u017ee njegovo \u017eivljenje, delo in poslanstvo. Temelji na virih o njem in njegovih najbli\u017ejih sorodnikih, njihovih besedah.\" \/>\n<meta property=\"og:url\" content=\"https:\/\/www.salve.si\/en\/trgovina\/knjige\/moc-ljubezni\/\" \/>\n<meta property=\"og:site_name\" content=\"Salve\" \/>\n<meta property=\"article:publisher\" content=\"https:\/\/www.facebook.com\/salve.si\" \/>\n<meta property=\"og:image\" content=\"https:\/\/www.salve.si\/wp-content\/uploads\/2019\/10\/Moc-ljubezni-naslovnica.jpg\" \/>\n\t<meta property=\"og:image:width\" content=\"7700\" \/>\n\t<meta property=\"og:image:height\" content=\"11760\" \/>\n\t<meta property=\"og:image:type\" content=\"image\/jpeg\" \/>\n<meta name=\"twitter:card\" content=\"summary_large_image\" \/>\n<meta name=\"twitter:label1\" content=\"Est. reading time\" \/>\n\t<meta name=\"twitter:data1\" content=\"1 minute\" \/>\n<script type=\"application\/ld+json\" class=\"yoast-schema-graph\">{\"@context\":\"https:\/\/schema.org\",\"@graph\":[{\"@type\":\"WebPage\",\"@id\":\"https:\/\/www.salve.si\/trgovina\/knjige\/moc-ljubezni\/\",\"url\":\"https:\/\/www.salve.si\/trgovina\/knjige\/moc-ljubezni\/\",\"name\":\"MO\u010c LJUBEZNI - Salve\",\"isPartOf\":{\"@id\":\"https:\/\/www.salve.si\/#website\"},\"primaryImageOfPage\":{\"@id\":\"https:\/\/www.salve.si\/trgovina\/knjige\/moc-ljubezni\/#primaryimage\"},\"image\":{\"@id\":\"https:\/\/www.salve.si\/trgovina\/knjige\/moc-ljubezni\/#primaryimage\"},\"thumbnailUrl\":\"https:\/\/www.salve.si\/wp-content\/uploads\/2019\/10\/Moc-ljubezni-naslovnica.jpg\",\"datePublished\":\"2019-10-09T07:58:33+00:00\",\"dateModified\":\"2019-10-09T07:58:33+00:00\",\"breadcrumb\":{\"@id\":\"https:\/\/www.salve.si\/trgovina\/knjige\/moc-ljubezni\/#breadcrumb\"},\"inLanguage\":\"en-US\",\"potentialAction\":[{\"@type\":\"ReadAction\",\"target\":[\"https:\/\/www.salve.si\/trgovina\/knjige\/moc-ljubezni\/\"]}]},{\"@type\":\"ImageObject\",\"inLanguage\":\"en-US\",\"@id\":\"https:\/\/www.salve.si\/trgovina\/knjige\/moc-ljubezni\/#primaryimage\",\"url\":\"https:\/\/www.salve.si\/wp-content\/uploads\/2019\/10\/Moc-ljubezni-naslovnica.jpg\",\"contentUrl\":\"https:\/\/www.salve.si\/wp-content\/uploads\/2019\/10\/Moc-ljubezni-naslovnica.jpg\",\"width\":7700,\"height\":11760},{\"@type\":\"BreadcrumbList\",\"@id\":\"https:\/\/www.salve.si\/trgovina\/knjige\/moc-ljubezni\/#breadcrumb\",\"itemListElement\":[{\"@type\":\"ListItem\",\"position\":1,\"name\":\"Home\",\"item\":\"https:\/\/www.salve.si\/\"},{\"@type\":\"ListItem\",\"position\":2,\"name\":\"Trgovina\",\"item\":\"https:\/\/www.salve.si\/trgovina\/\"},{\"@type\":\"ListItem\",\"position\":3,\"name\":\"MO\u010c LJUBEZNI\"}]},{\"@type\":\"WebSite\",\"@id\":\"https:\/\/www.salve.si\/#website\",\"url\":\"https:\/\/www.salve.si\/\",\"name\":\"Salve\",\"description\":\"Salezijanska zalo\u017eba\",\"publisher\":{\"@id\":\"https:\/\/www.salve.si\/#organization\"},\"potentialAction\":[{\"@type\":\"SearchAction\",\"target\":{\"@type\":\"EntryPoint\",\"urlTemplate\":\"https:\/\/www.salve.si\/?s={search_term_string}\"},\"query-input\":{\"@type\":\"PropertyValueSpecification\",\"valueRequired\":true,\"valueName\":\"search_term_string\"}}],\"inLanguage\":\"en-US\"},{\"@type\":\"Organization\",\"@id\":\"https:\/\/www.salve.si\/#organization\",\"name\":\"Salve d.o.o.\",\"url\":\"https:\/\/www.salve.si\/\",\"logo\":{\"@type\":\"ImageObject\",\"inLanguage\":\"en-US\",\"@id\":\"https:\/\/www.salve.si\/#\/schema\/logo\/image\/\",\"url\":\"https:\/\/www.salve.si\/wp-content\/uploads\/2021\/01\/Salve_logo_modri_nov_web.png\",\"contentUrl\":\"https:\/\/www.salve.si\/wp-content\/uploads\/2021\/01\/Salve_logo_modri_nov_web.png\",\"width\":279,\"height\":90,\"caption\":\"Salve d.o.o.\"},\"image\":{\"@id\":\"https:\/\/www.salve.si\/#\/schema\/logo\/image\/\"},\"sameAs\":[\"https:\/\/www.facebook.com\/salve.si\",\"https:\/\/www.instagram.com\/zalozbasalve\/\",\"https:\/\/www.linkedin.com\/company\/zalozba-salve\/\"]}]}<\/script>\n<!-- \/ Yoast SEO plugin. -->","yoast_head_json":{"title":"MO\u010c LJUBEZNI - Salve","robots":{"index":"index","follow":"follow","max-snippet":"max-snippet:-1","max-image-preview":"max-image-preview:large","max-video-preview":"max-video-preview:-1"},"canonical":"https:\/\/www.salve.si\/en\/trgovina\/knjige\/moc-ljubezni\/","og_locale":"en_US","og_type":"article","og_title":"MO\u010c LJUBEZNI - Salve","og_description":"Dokumentarna knjiga o \u0161kofu Jo\u017eefu Kvasu, ki prika\u017ee njegovo \u017eivljenje, delo in poslanstvo. Temelji na virih o njem in njegovih najbli\u017ejih sorodnikih, njihovih besedah.","og_url":"https:\/\/www.salve.si\/en\/trgovina\/knjige\/moc-ljubezni\/","og_site_name":"Salve","article_publisher":"https:\/\/www.facebook.com\/salve.si","og_image":[{"width":7700,"height":11760,"url":"https:\/\/www.salve.si\/wp-content\/uploads\/2019\/10\/Moc-ljubezni-naslovnica.jpg","type":"image\/jpeg"}],"twitter_card":"summary_large_image","twitter_misc":{"Est. reading time":"1 minute"},"schema":{"@context":"https:\/\/schema.org","@graph":[{"@type":"WebPage","@id":"https:\/\/www.salve.si\/trgovina\/knjige\/moc-ljubezni\/","url":"https:\/\/www.salve.si\/trgovina\/knjige\/moc-ljubezni\/","name":"MO\u010c LJUBEZNI - Salve","isPartOf":{"@id":"https:\/\/www.salve.si\/#website"},"primaryImageOfPage":{"@id":"https:\/\/www.salve.si\/trgovina\/knjige\/moc-ljubezni\/#primaryimage"},"image":{"@id":"https:\/\/www.salve.si\/trgovina\/knjige\/moc-ljubezni\/#primaryimage"},"thumbnailUrl":"https:\/\/www.salve.si\/wp-content\/uploads\/2019\/10\/Moc-ljubezni-naslovnica.jpg","datePublished":"2019-10-09T07:58:33+00:00","dateModified":"2019-10-09T07:58:33+00:00","breadcrumb":{"@id":"https:\/\/www.salve.si\/trgovina\/knjige\/moc-ljubezni\/#breadcrumb"},"inLanguage":"en-US","potentialAction":[{"@type":"ReadAction","target":["https:\/\/www.salve.si\/trgovina\/knjige\/moc-ljubezni\/"]}]},{"@type":"ImageObject","inLanguage":"en-US","@id":"https:\/\/www.salve.si\/trgovina\/knjige\/moc-ljubezni\/#primaryimage","url":"https:\/\/www.salve.si\/wp-content\/uploads\/2019\/10\/Moc-ljubezni-naslovnica.jpg","contentUrl":"https:\/\/www.salve.si\/wp-content\/uploads\/2019\/10\/Moc-ljubezni-naslovnica.jpg","width":7700,"height":11760},{"@type":"BreadcrumbList","@id":"https:\/\/www.salve.si\/trgovina\/knjige\/moc-ljubezni\/#breadcrumb","itemListElement":[{"@type":"ListItem","position":1,"name":"Home","item":"https:\/\/www.salve.si\/"},{"@type":"ListItem","position":2,"name":"Trgovina","item":"https:\/\/www.salve.si\/trgovina\/"},{"@type":"ListItem","position":3,"name":"MO\u010c LJUBEZNI"}]},{"@type":"WebSite","@id":"https:\/\/www.salve.si\/#website","url":"https:\/\/www.salve.si\/","name":"Salve","description":"Salezijanska zalo\u017eba","publisher":{"@id":"https:\/\/www.salve.si\/#organization"},"potentialAction":[{"@type":"SearchAction","target":{"@type":"EntryPoint","urlTemplate":"https:\/\/www.salve.si\/?s={search_term_string}"},"query-input":{"@type":"PropertyValueSpecification","valueRequired":true,"valueName":"search_term_string"}}],"inLanguage":"en-US"},{"@type":"Organization","@id":"https:\/\/www.salve.si\/#organization","name":"Salve d.o.o.","url":"https:\/\/www.salve.si\/","logo":{"@type":"ImageObject","inLanguage":"en-US","@id":"https:\/\/www.salve.si\/#\/schema\/logo\/image\/","url":"https:\/\/www.salve.si\/wp-content\/uploads\/2021\/01\/Salve_logo_modri_nov_web.png","contentUrl":"https:\/\/www.salve.si\/wp-content\/uploads\/2021\/01\/Salve_logo_modri_nov_web.png","width":279,"height":90,"caption":"Salve d.o.o."},"image":{"@id":"https:\/\/www.salve.si\/#\/schema\/logo\/image\/"},"sameAs":["https:\/\/www.facebook.com\/salve.si","https:\/\/www.instagram.com\/zalozbasalve\/","https:\/\/www.linkedin.com\/company\/zalozba-salve\/"]}]}},"_links":{"self":[{"href":"https:\/\/www.salve.si\/en\/wp-json\/wp\/v2\/product\/6819","targetHints":{"allow":["GET"]}}],"collection":[{"href":"https:\/\/www.salve.si\/en\/wp-json\/wp\/v2\/product"}],"about":[{"href":"https:\/\/www.salve.si\/en\/wp-json\/wp\/v2\/types\/product"}],"version-history":[{"count":3,"href":"https:\/\/www.salve.si\/en\/wp-json\/wp\/v2\/product\/6819\/revisions"}],"predecessor-version":[{"id":6830,"href":"https:\/\/www.salve.si\/en\/wp-json\/wp\/v2\/product\/6819\/revisions\/6830"}],"wp:featuredmedia":[{"embeddable":true,"href":"https:\/\/www.salve.si\/en\/wp-json\/wp\/v2\/media\/6861"}],"wp:attachment":[{"href":"https:\/\/www.salve.si\/en\/wp-json\/wp\/v2\/media?parent=6819"}],"wp:term":[{"taxonomy":"product_cat","embeddable":true,"href":"https:\/\/www.salve.si\/en\/wp-json\/wp\/v2\/product_cat?post=6819"},{"taxonomy":"product_tag","embeddable":true,"href":"https:\/\/www.salve.si\/en\/wp-json\/wp\/v2\/product_tag?post=6819"}],"curies":[{"name":"wp","href":"https:\/\/api.w.org\/{rel}","templated":true}]}}