{"id":6781,"date":"2019-09-23T15:48:43","date_gmt":"2019-09-23T13:48:43","guid":{"rendered":"https:\/\/www.salve.si\/?post_type=product&#038;p=6781"},"modified":"2026-01-01T00:00:10","modified_gmt":"2025-12-31T23:00:10","slug":"capljal-sem-po-stopinjah-svetnikov","status":"publish","type":"product","link":"https:\/\/www.salve.si\/en\/trgovina\/knjige\/misli\/capljal-sem-po-stopinjah-svetnikov\/","title":{"rendered":"CAPLJAL SEM PO STOPINJAH SVETNIKOV"},"content":{"rendered":"<p>Misijonar Andrej Majcen je leta 1983 obhajal zlato ma\u0161o in se mu je \u017ee upo\u010dasnil korak, tem bolj silovito pa ga je navdihovalo in pritegovalo obzorje Bo\u017eje svetosti. Program zlatoma\u0161nega leta 1983-1984 je zapisal v <em>Duhovni dnevnik 1<\/em> (D1) in ga je nadaljeval 1984-1985 v <em>Duhovnem dnevniku 2<\/em> (D2). Oboje je ob 60-letnici salezijanskega \u017eivljenja (1924-1984) dopolnil v zvezku <em>Moja premi\u0161ljevanja in moje dr\u017ee po Konstitucijah 1984<\/em>, ki jih vsebujejo <em>Meditacije 1<\/em> (M1).<\/p>\n<p>Navedeni odlomki, razvr\u0161\u010deni v \u0161tirinajst tematskih sklopov, so dobeseden prepis duhovnih misli misijonarja Majcna, da bi tako neposredno kar najbolj osvetljevale njegovo \u010dlove\u0161ko, kr\u0161\u010dansko in salezijansko rast.<span class=\"slv-content-keywords\"> Knjige Misli Andrej Majcen Bo\u017eji slu\u017eabnik Andrej Majcen Zrna iz duhovnih dnevnikov in meditacij <\/span><\/p>","protected":false},"excerpt":{"rendered":"<p>Knjiga z dobesednimi prepisi duhovnih misli misijonarja Majcna, da bi tako neposredno kar najbolj osvetljevale njegovo \u010dlove\u0161ko, kr\u0161\u010dansko in salezijansko rast.<\/p>\n<p><strong>GRATIS!<\/strong> Ob naro\u010dilu knjige Capljal sem po stopinjah svetosti vam podarimo knji\u017eico z <strong>devetdnevnico<\/strong> za pripro\u0161njo Bo\u017ejega slu\u017eabnika Andreja Majcna ter <strong>zemljevid<\/strong> Majcnovih poti.<\/p>","protected":false},"featured_media":6776,"template":"","meta":{"_acf_changed":false,"footnotes":""},"product_cat":[141,658],"product_tag":[891],"class_list":{"0":"post-6781","1":"product","2":"type-product","3":"status-publish","4":"has-post-thumbnail","6":"authors-andrej-majcen","7":"publisher-salve-d-o-o-ljubljana","8":"product_cat-knjige","9":"product_cat-misli","10":"product_tag-bozji-sluzabnik-andrej-majcen","12":"first","13":"instock","14":"shipping-taxable","15":"purchasable","16":"product-type-simple"},"acf":[],"yoast_head":"<!-- This site is optimized with the Yoast SEO plugin v23.8 - https:\/\/yoast.com\/wordpress\/plugins\/seo\/ -->\n<title>CAPLJAL SEM PO STOPINJAH SVETNIKOV - Salve<\/title>\n<meta name=\"robots\" content=\"index, follow, max-snippet:-1, max-image-preview:large, max-video-preview:-1\" \/>\n<link rel=\"canonical\" href=\"https:\/\/www.salve.si\/en\/trgovina\/knjige\/misli\/capljal-sem-po-stopinjah-svetnikov\/\" \/>\n<meta property=\"og:locale\" content=\"en_US\" \/>\n<meta property=\"og:type\" content=\"article\" \/>\n<meta property=\"og:title\" content=\"CAPLJAL SEM PO STOPINJAH SVETNIKOV - Salve\" \/>\n<meta property=\"og:description\" content=\"Knjiga z dobesednimi prepisi duhovnih misli misijonarja Majcna, da bi tako neposredno kar najbolj osvetljevale njegovo \u010dlove\u0161ko, kr\u0161\u010dansko in salezijansko rast.  GRATIS! Ob naro\u010dilu knjige Capljal sem po stopinjah svetosti vam podarimo knji\u017eico z devetdnevnico za pripro\u0161njo Bo\u017ejega slu\u017eabnika Andreja Majcna ter zemljevid Majcnovih poti.\" \/>\n<meta property=\"og:url\" content=\"https:\/\/www.salve.si\/en\/trgovina\/knjige\/misli\/capljal-sem-po-stopinjah-svetnikov\/\" \/>\n<meta property=\"og:site_name\" content=\"Salve\" \/>\n<meta property=\"article:publisher\" content=\"https:\/\/www.facebook.com\/salve.si\" \/>\n<meta property=\"article:modified_time\" content=\"2025-12-31T23:00:10+00:00\" \/>\n<meta property=\"og:image\" content=\"https:\/\/www.salve.si\/wp-content\/uploads\/2019\/09\/Capljal-sem-po-stopinjah-svetnikov-naslovnica.jpg\" \/>\n\t<meta property=\"og:image:width\" content=\"1392\" \/>\n\t<meta property=\"og:image:height\" content=\"2309\" \/>\n\t<meta property=\"og:image:type\" content=\"image\/jpeg\" \/>\n<meta name=\"twitter:card\" content=\"summary_large_image\" \/>\n<meta name=\"twitter:label1\" content=\"Est. reading time\" \/>\n\t<meta name=\"twitter:data1\" content=\"1 minute\" \/>\n<script type=\"application\/ld+json\" class=\"yoast-schema-graph\">{\"@context\":\"https:\/\/schema.org\",\"@graph\":[{\"@type\":\"WebPage\",\"@id\":\"https:\/\/www.salve.si\/trgovina\/knjige\/misli\/capljal-sem-po-stopinjah-svetnikov\/\",\"url\":\"https:\/\/www.salve.si\/trgovina\/knjige\/misli\/capljal-sem-po-stopinjah-svetnikov\/\",\"name\":\"CAPLJAL SEM PO STOPINJAH SVETNIKOV - Salve\",\"isPartOf\":{\"@id\":\"https:\/\/www.salve.si\/#website\"},\"primaryImageOfPage\":{\"@id\":\"https:\/\/www.salve.si\/trgovina\/knjige\/misli\/capljal-sem-po-stopinjah-svetnikov\/#primaryimage\"},\"image\":{\"@id\":\"https:\/\/www.salve.si\/trgovina\/knjige\/misli\/capljal-sem-po-stopinjah-svetnikov\/#primaryimage\"},\"thumbnailUrl\":\"https:\/\/www.salve.si\/wp-content\/uploads\/2019\/09\/Capljal-sem-po-stopinjah-svetnikov-naslovnica.jpg\",\"datePublished\":\"2019-09-23T13:48:43+00:00\",\"dateModified\":\"2025-12-31T23:00:10+00:00\",\"breadcrumb\":{\"@id\":\"https:\/\/www.salve.si\/trgovina\/knjige\/misli\/capljal-sem-po-stopinjah-svetnikov\/#breadcrumb\"},\"inLanguage\":\"en-US\",\"potentialAction\":[{\"@type\":\"ReadAction\",\"target\":[\"https:\/\/www.salve.si\/trgovina\/knjige\/misli\/capljal-sem-po-stopinjah-svetnikov\/\"]}]},{\"@type\":\"ImageObject\",\"inLanguage\":\"en-US\",\"@id\":\"https:\/\/www.salve.si\/trgovina\/knjige\/misli\/capljal-sem-po-stopinjah-svetnikov\/#primaryimage\",\"url\":\"https:\/\/www.salve.si\/wp-content\/uploads\/2019\/09\/Capljal-sem-po-stopinjah-svetnikov-naslovnica.jpg\",\"contentUrl\":\"https:\/\/www.salve.si\/wp-content\/uploads\/2019\/09\/Capljal-sem-po-stopinjah-svetnikov-naslovnica.jpg\",\"width\":1392,\"height\":2309},{\"@type\":\"BreadcrumbList\",\"@id\":\"https:\/\/www.salve.si\/trgovina\/knjige\/misli\/capljal-sem-po-stopinjah-svetnikov\/#breadcrumb\",\"itemListElement\":[{\"@type\":\"ListItem\",\"position\":1,\"name\":\"Home\",\"item\":\"https:\/\/www.salve.si\/\"},{\"@type\":\"ListItem\",\"position\":2,\"name\":\"Trgovina\",\"item\":\"https:\/\/www.salve.si\/trgovina\/\"},{\"@type\":\"ListItem\",\"position\":3,\"name\":\"CAPLJAL SEM PO STOPINJAH SVETNIKOV\"}]},{\"@type\":\"WebSite\",\"@id\":\"https:\/\/www.salve.si\/#website\",\"url\":\"https:\/\/www.salve.si\/\",\"name\":\"Salve\",\"description\":\"Salezijanska zalo\u017eba\",\"publisher\":{\"@id\":\"https:\/\/www.salve.si\/#organization\"},\"potentialAction\":[{\"@type\":\"SearchAction\",\"target\":{\"@type\":\"EntryPoint\",\"urlTemplate\":\"https:\/\/www.salve.si\/?s={search_term_string}\"},\"query-input\":{\"@type\":\"PropertyValueSpecification\",\"valueRequired\":true,\"valueName\":\"search_term_string\"}}],\"inLanguage\":\"en-US\"},{\"@type\":\"Organization\",\"@id\":\"https:\/\/www.salve.si\/#organization\",\"name\":\"Salve d.o.o.\",\"url\":\"https:\/\/www.salve.si\/\",\"logo\":{\"@type\":\"ImageObject\",\"inLanguage\":\"en-US\",\"@id\":\"https:\/\/www.salve.si\/#\/schema\/logo\/image\/\",\"url\":\"https:\/\/www.salve.si\/wp-content\/uploads\/2021\/01\/Salve_logo_modri_nov_web.png\",\"contentUrl\":\"https:\/\/www.salve.si\/wp-content\/uploads\/2021\/01\/Salve_logo_modri_nov_web.png\",\"width\":279,\"height\":90,\"caption\":\"Salve d.o.o.\"},\"image\":{\"@id\":\"https:\/\/www.salve.si\/#\/schema\/logo\/image\/\"},\"sameAs\":[\"https:\/\/www.facebook.com\/salve.si\",\"https:\/\/www.instagram.com\/zalozbasalve\/\",\"https:\/\/www.linkedin.com\/company\/zalozba-salve\/\"]}]}<\/script>\n<!-- \/ Yoast SEO plugin. -->","yoast_head_json":{"title":"CAPLJAL SEM PO STOPINJAH SVETNIKOV - Salve","robots":{"index":"index","follow":"follow","max-snippet":"max-snippet:-1","max-image-preview":"max-image-preview:large","max-video-preview":"max-video-preview:-1"},"canonical":"https:\/\/www.salve.si\/en\/trgovina\/knjige\/misli\/capljal-sem-po-stopinjah-svetnikov\/","og_locale":"en_US","og_type":"article","og_title":"CAPLJAL SEM PO STOPINJAH SVETNIKOV - Salve","og_description":"Knjiga z dobesednimi prepisi duhovnih misli misijonarja Majcna, da bi tako neposredno kar najbolj osvetljevale njegovo \u010dlove\u0161ko, kr\u0161\u010dansko in salezijansko rast.  GRATIS! Ob naro\u010dilu knjige Capljal sem po stopinjah svetosti vam podarimo knji\u017eico z devetdnevnico za pripro\u0161njo Bo\u017ejega slu\u017eabnika Andreja Majcna ter zemljevid Majcnovih poti.","og_url":"https:\/\/www.salve.si\/en\/trgovina\/knjige\/misli\/capljal-sem-po-stopinjah-svetnikov\/","og_site_name":"Salve","article_publisher":"https:\/\/www.facebook.com\/salve.si","article_modified_time":"2025-12-31T23:00:10+00:00","og_image":[{"width":1392,"height":2309,"url":"https:\/\/www.salve.si\/wp-content\/uploads\/2019\/09\/Capljal-sem-po-stopinjah-svetnikov-naslovnica.jpg","type":"image\/jpeg"}],"twitter_card":"summary_large_image","twitter_misc":{"Est. reading time":"1 minute"},"schema":{"@context":"https:\/\/schema.org","@graph":[{"@type":"WebPage","@id":"https:\/\/www.salve.si\/trgovina\/knjige\/misli\/capljal-sem-po-stopinjah-svetnikov\/","url":"https:\/\/www.salve.si\/trgovina\/knjige\/misli\/capljal-sem-po-stopinjah-svetnikov\/","name":"CAPLJAL SEM PO STOPINJAH SVETNIKOV - Salve","isPartOf":{"@id":"https:\/\/www.salve.si\/#website"},"primaryImageOfPage":{"@id":"https:\/\/www.salve.si\/trgovina\/knjige\/misli\/capljal-sem-po-stopinjah-svetnikov\/#primaryimage"},"image":{"@id":"https:\/\/www.salve.si\/trgovina\/knjige\/misli\/capljal-sem-po-stopinjah-svetnikov\/#primaryimage"},"thumbnailUrl":"https:\/\/www.salve.si\/wp-content\/uploads\/2019\/09\/Capljal-sem-po-stopinjah-svetnikov-naslovnica.jpg","datePublished":"2019-09-23T13:48:43+00:00","dateModified":"2025-12-31T23:00:10+00:00","breadcrumb":{"@id":"https:\/\/www.salve.si\/trgovina\/knjige\/misli\/capljal-sem-po-stopinjah-svetnikov\/#breadcrumb"},"inLanguage":"en-US","potentialAction":[{"@type":"ReadAction","target":["https:\/\/www.salve.si\/trgovina\/knjige\/misli\/capljal-sem-po-stopinjah-svetnikov\/"]}]},{"@type":"ImageObject","inLanguage":"en-US","@id":"https:\/\/www.salve.si\/trgovina\/knjige\/misli\/capljal-sem-po-stopinjah-svetnikov\/#primaryimage","url":"https:\/\/www.salve.si\/wp-content\/uploads\/2019\/09\/Capljal-sem-po-stopinjah-svetnikov-naslovnica.jpg","contentUrl":"https:\/\/www.salve.si\/wp-content\/uploads\/2019\/09\/Capljal-sem-po-stopinjah-svetnikov-naslovnica.jpg","width":1392,"height":2309},{"@type":"BreadcrumbList","@id":"https:\/\/www.salve.si\/trgovina\/knjige\/misli\/capljal-sem-po-stopinjah-svetnikov\/#breadcrumb","itemListElement":[{"@type":"ListItem","position":1,"name":"Home","item":"https:\/\/www.salve.si\/"},{"@type":"ListItem","position":2,"name":"Trgovina","item":"https:\/\/www.salve.si\/trgovina\/"},{"@type":"ListItem","position":3,"name":"CAPLJAL SEM PO STOPINJAH SVETNIKOV"}]},{"@type":"WebSite","@id":"https:\/\/www.salve.si\/#website","url":"https:\/\/www.salve.si\/","name":"Salve","description":"Salezijanska zalo\u017eba","publisher":{"@id":"https:\/\/www.salve.si\/#organization"},"potentialAction":[{"@type":"SearchAction","target":{"@type":"EntryPoint","urlTemplate":"https:\/\/www.salve.si\/?s={search_term_string}"},"query-input":{"@type":"PropertyValueSpecification","valueRequired":true,"valueName":"search_term_string"}}],"inLanguage":"en-US"},{"@type":"Organization","@id":"https:\/\/www.salve.si\/#organization","name":"Salve d.o.o.","url":"https:\/\/www.salve.si\/","logo":{"@type":"ImageObject","inLanguage":"en-US","@id":"https:\/\/www.salve.si\/#\/schema\/logo\/image\/","url":"https:\/\/www.salve.si\/wp-content\/uploads\/2021\/01\/Salve_logo_modri_nov_web.png","contentUrl":"https:\/\/www.salve.si\/wp-content\/uploads\/2021\/01\/Salve_logo_modri_nov_web.png","width":279,"height":90,"caption":"Salve d.o.o."},"image":{"@id":"https:\/\/www.salve.si\/#\/schema\/logo\/image\/"},"sameAs":["https:\/\/www.facebook.com\/salve.si","https:\/\/www.instagram.com\/zalozbasalve\/","https:\/\/www.linkedin.com\/company\/zalozba-salve\/"]}]}},"_links":{"self":[{"href":"https:\/\/www.salve.si\/en\/wp-json\/wp\/v2\/product\/6781","targetHints":{"allow":["GET"]}}],"collection":[{"href":"https:\/\/www.salve.si\/en\/wp-json\/wp\/v2\/product"}],"about":[{"href":"https:\/\/www.salve.si\/en\/wp-json\/wp\/v2\/types\/product"}],"version-history":[{"count":3,"href":"https:\/\/www.salve.si\/en\/wp-json\/wp\/v2\/product\/6781\/revisions"}],"predecessor-version":[{"id":16337,"href":"https:\/\/www.salve.si\/en\/wp-json\/wp\/v2\/product\/6781\/revisions\/16337"}],"wp:featuredmedia":[{"embeddable":true,"href":"https:\/\/www.salve.si\/en\/wp-json\/wp\/v2\/media\/6776"}],"wp:attachment":[{"href":"https:\/\/www.salve.si\/en\/wp-json\/wp\/v2\/media?parent=6781"}],"wp:term":[{"taxonomy":"product_cat","embeddable":true,"href":"https:\/\/www.salve.si\/en\/wp-json\/wp\/v2\/product_cat?post=6781"},{"taxonomy":"product_tag","embeddable":true,"href":"https:\/\/www.salve.si\/en\/wp-json\/wp\/v2\/product_tag?post=6781"}],"curies":[{"name":"wp","href":"https:\/\/api.w.org\/{rel}","templated":true}]}}