{"id":6571,"date":"2019-07-30T16:53:18","date_gmt":"2019-07-30T14:53:18","guid":{"rendered":"https:\/\/www.salve.si\/?post_type=product&#038;p=6571"},"modified":"2019-08-09T12:37:10","modified_gmt":"2019-08-09T10:37:10","slug":"nasi-pricevalci","status":"publish","type":"product","link":"https:\/\/www.salve.si\/en\/trgovina\/knjige\/svetniki-in-zivljenjepisi\/nasi-pricevalci\/","title":{"rendered":"NA\u0160I PRI\u010cEVALCI"},"content":{"rendered":"<p>Lambert Ehrlich, Marko Natla\u010den in Ivan Rejec. Govorimo o zna\u010dilnih primerih treh ljudi in njihovih usod spri\u010do terorja totalitarnih sistemov in posebno revolucije na Slovenskem. Njihova \u010dlove\u0161ko tragi\u010dna usoda je v dolo\u010denem smislu usoda \u0161tevilnih, ki so bili preganjani in so trpeli pod vojnim in revolucionarnim nasiljem. Vsi trije so \u017ertve komunisti\u010dnega nasilja in vsi trije so bili zavedni Slovenci, predani slovenskemu narodu in katoli\u0161ki Cerkvi.<\/p>\n<p>\u010ceprav <strong>Ivan Rejec<\/strong> ni bil mu\u010denec kot prva dva, je bil dele\u017een preganjanja ter nasilnega izgona v srednjo Italijo s strani fa\u0161istov, prav tako ga je preganjal komunisti\u010dni re\u017eim.<\/p>\n<p><strong>Dr. Lambert Ehrlich<\/strong> in <strong>ban Marko Natla\u010den<\/strong> sta bila umorjena. Ehrlich 26.maja 1942, Natla\u010den 13.oktobra 1942.<span class=\"slv-content-keywords\"> Mirko Kova\u010d Knjige Avtobiografije, \u017eivljenjepisi komunizem Dopolnjena izdaja knjige Slovenska mu\u010denca <\/span><\/p>","protected":false},"excerpt":{"rendered":"<p>Pri\u010dujo\u010de delo dokumentira prizadevanja Mirka Kova\u010da in prizadevanja \u0161tevilnih drugih, predvsem \u017ertev totalitarnih sistemov, da se bo sodelovanje s \u0161tevilnimi imenovanimi in neimenovanimi med nami krepilo in bomo o\u017eivljali zgled kr\u0161\u010danske odlo\u010dnosti in pokon\u010dnosti Ehrlicha, Natla\u010dena in Rejca, ki jim v pri\u010dujo\u010di knjigi daje svoje mesto avtor.<\/p>","protected":false},"featured_media":6572,"template":"","meta":{"_acf_changed":false,"footnotes":""},"product_cat":[141,315],"product_tag":[863],"class_list":{"0":"post-6571","1":"product","2":"type-product","3":"status-publish","4":"has-post-thumbnail","6":"authors-mirko-kovac","7":"publisher-salve-d-o-o-ljubljana","8":"product_cat-knjige","9":"product_cat-svetniki-in-zivljenjepisi","10":"product_tag-komunizem","12":"first","13":"outofstock","14":"shipping-taxable","15":"purchasable","16":"product-type-simple"},"acf":[],"yoast_head":"<!-- This site is optimized with the Yoast SEO plugin v23.8 - https:\/\/yoast.com\/wordpress\/plugins\/seo\/ -->\n<title>NA\u0160I PRI\u010cEVALCI - Salve<\/title>\n<meta name=\"robots\" content=\"index, follow, max-snippet:-1, max-image-preview:large, max-video-preview:-1\" \/>\n<link rel=\"canonical\" href=\"https:\/\/www.salve.si\/en\/trgovina\/knjige\/svetniki-in-zivljenjepisi\/nasi-pricevalci\/\" \/>\n<meta property=\"og:locale\" content=\"en_US\" \/>\n<meta property=\"og:type\" content=\"article\" \/>\n<meta property=\"og:title\" content=\"NA\u0160I PRI\u010cEVALCI - Salve\" \/>\n<meta property=\"og:description\" content=\"Pri\u010dujo\u010de delo dokumentira prizadevanja Mirka Kova\u010da in prizadevanja \u0161tevilnih drugih, predvsem \u017ertev totalitarnih sistemov, da se bo sodelovanje s \u0161tevilnimi imenovanimi in neimenovanimi med nami krepilo in bomo o\u017eivljali zgled kr\u0161\u010danske odlo\u010dnosti in pokon\u010dnosti Ehrlicha, Natla\u010dena in Rejca, ki jim v pri\u010dujo\u010di knjigi daje svoje mesto avtor.\" \/>\n<meta property=\"og:url\" content=\"https:\/\/www.salve.si\/en\/trgovina\/knjige\/svetniki-in-zivljenjepisi\/nasi-pricevalci\/\" \/>\n<meta property=\"og:site_name\" content=\"Salve\" \/>\n<meta property=\"article:publisher\" content=\"https:\/\/www.facebook.com\/salve.si\" \/>\n<meta property=\"article:modified_time\" content=\"2019-08-09T10:37:10+00:00\" \/>\n<meta property=\"og:image\" content=\"https:\/\/www.salve.si\/wp-content\/uploads\/2019\/07\/Na\u0161i-pri\u010devalci-naslovnica.jpg\" \/>\n\t<meta property=\"og:image:width\" content=\"1892\" \/>\n\t<meta property=\"og:image:height\" content=\"2787\" \/>\n\t<meta property=\"og:image:type\" content=\"image\/jpeg\" \/>\n<meta name=\"twitter:card\" content=\"summary_large_image\" \/>\n<meta name=\"twitter:label1\" content=\"Est. reading time\" \/>\n\t<meta name=\"twitter:data1\" content=\"1 minute\" \/>\n<script type=\"application\/ld+json\" class=\"yoast-schema-graph\">{\"@context\":\"https:\/\/schema.org\",\"@graph\":[{\"@type\":\"WebPage\",\"@id\":\"https:\/\/www.salve.si\/trgovina\/knjige\/svetniki-in-zivljenjepisi\/nasi-pricevalci\/\",\"url\":\"https:\/\/www.salve.si\/trgovina\/knjige\/svetniki-in-zivljenjepisi\/nasi-pricevalci\/\",\"name\":\"NA\u0160I PRI\u010cEVALCI - Salve\",\"isPartOf\":{\"@id\":\"https:\/\/www.salve.si\/#website\"},\"primaryImageOfPage\":{\"@id\":\"https:\/\/www.salve.si\/trgovina\/knjige\/svetniki-in-zivljenjepisi\/nasi-pricevalci\/#primaryimage\"},\"image\":{\"@id\":\"https:\/\/www.salve.si\/trgovina\/knjige\/svetniki-in-zivljenjepisi\/nasi-pricevalci\/#primaryimage\"},\"thumbnailUrl\":\"https:\/\/www.salve.si\/wp-content\/uploads\/2019\/07\/Na\u0161i-pri\u010devalci-naslovnica.jpg\",\"datePublished\":\"2019-07-30T14:53:18+00:00\",\"dateModified\":\"2019-08-09T10:37:10+00:00\",\"breadcrumb\":{\"@id\":\"https:\/\/www.salve.si\/trgovina\/knjige\/svetniki-in-zivljenjepisi\/nasi-pricevalci\/#breadcrumb\"},\"inLanguage\":\"en-US\",\"potentialAction\":[{\"@type\":\"ReadAction\",\"target\":[\"https:\/\/www.salve.si\/trgovina\/knjige\/svetniki-in-zivljenjepisi\/nasi-pricevalci\/\"]}]},{\"@type\":\"ImageObject\",\"inLanguage\":\"en-US\",\"@id\":\"https:\/\/www.salve.si\/trgovina\/knjige\/svetniki-in-zivljenjepisi\/nasi-pricevalci\/#primaryimage\",\"url\":\"https:\/\/www.salve.si\/wp-content\/uploads\/2019\/07\/Na\u0161i-pri\u010devalci-naslovnica.jpg\",\"contentUrl\":\"https:\/\/www.salve.si\/wp-content\/uploads\/2019\/07\/Na\u0161i-pri\u010devalci-naslovnica.jpg\",\"width\":1892,\"height\":2787},{\"@type\":\"BreadcrumbList\",\"@id\":\"https:\/\/www.salve.si\/trgovina\/knjige\/svetniki-in-zivljenjepisi\/nasi-pricevalci\/#breadcrumb\",\"itemListElement\":[{\"@type\":\"ListItem\",\"position\":1,\"name\":\"Home\",\"item\":\"https:\/\/www.salve.si\/\"},{\"@type\":\"ListItem\",\"position\":2,\"name\":\"Trgovina\",\"item\":\"https:\/\/www.salve.si\/trgovina\/\"},{\"@type\":\"ListItem\",\"position\":3,\"name\":\"NA\u0160I PRI\u010cEVALCI\"}]},{\"@type\":\"WebSite\",\"@id\":\"https:\/\/www.salve.si\/#website\",\"url\":\"https:\/\/www.salve.si\/\",\"name\":\"Salve\",\"description\":\"Salezijanska zalo\u017eba\",\"publisher\":{\"@id\":\"https:\/\/www.salve.si\/#organization\"},\"potentialAction\":[{\"@type\":\"SearchAction\",\"target\":{\"@type\":\"EntryPoint\",\"urlTemplate\":\"https:\/\/www.salve.si\/?s={search_term_string}\"},\"query-input\":{\"@type\":\"PropertyValueSpecification\",\"valueRequired\":true,\"valueName\":\"search_term_string\"}}],\"inLanguage\":\"en-US\"},{\"@type\":\"Organization\",\"@id\":\"https:\/\/www.salve.si\/#organization\",\"name\":\"Salve d.o.o.\",\"url\":\"https:\/\/www.salve.si\/\",\"logo\":{\"@type\":\"ImageObject\",\"inLanguage\":\"en-US\",\"@id\":\"https:\/\/www.salve.si\/#\/schema\/logo\/image\/\",\"url\":\"https:\/\/www.salve.si\/wp-content\/uploads\/2021\/01\/Salve_logo_modri_nov_web.png\",\"contentUrl\":\"https:\/\/www.salve.si\/wp-content\/uploads\/2021\/01\/Salve_logo_modri_nov_web.png\",\"width\":279,\"height\":90,\"caption\":\"Salve d.o.o.\"},\"image\":{\"@id\":\"https:\/\/www.salve.si\/#\/schema\/logo\/image\/\"},\"sameAs\":[\"https:\/\/www.facebook.com\/salve.si\",\"https:\/\/www.instagram.com\/zalozbasalve\/\",\"https:\/\/www.linkedin.com\/company\/zalozba-salve\/\"]}]}<\/script>\n<!-- \/ Yoast SEO plugin. -->","yoast_head_json":{"title":"NA\u0160I PRI\u010cEVALCI - Salve","robots":{"index":"index","follow":"follow","max-snippet":"max-snippet:-1","max-image-preview":"max-image-preview:large","max-video-preview":"max-video-preview:-1"},"canonical":"https:\/\/www.salve.si\/en\/trgovina\/knjige\/svetniki-in-zivljenjepisi\/nasi-pricevalci\/","og_locale":"en_US","og_type":"article","og_title":"NA\u0160I PRI\u010cEVALCI - Salve","og_description":"Pri\u010dujo\u010de delo dokumentira prizadevanja Mirka Kova\u010da in prizadevanja \u0161tevilnih drugih, predvsem \u017ertev totalitarnih sistemov, da se bo sodelovanje s \u0161tevilnimi imenovanimi in neimenovanimi med nami krepilo in bomo o\u017eivljali zgled kr\u0161\u010danske odlo\u010dnosti in pokon\u010dnosti Ehrlicha, Natla\u010dena in Rejca, ki jim v pri\u010dujo\u010di knjigi daje svoje mesto avtor.","og_url":"https:\/\/www.salve.si\/en\/trgovina\/knjige\/svetniki-in-zivljenjepisi\/nasi-pricevalci\/","og_site_name":"Salve","article_publisher":"https:\/\/www.facebook.com\/salve.si","article_modified_time":"2019-08-09T10:37:10+00:00","og_image":[{"width":1892,"height":2787,"url":"https:\/\/www.salve.si\/wp-content\/uploads\/2019\/07\/Na\u0161i-pri\u010devalci-naslovnica.jpg","type":"image\/jpeg"}],"twitter_card":"summary_large_image","twitter_misc":{"Est. reading time":"1 minute"},"schema":{"@context":"https:\/\/schema.org","@graph":[{"@type":"WebPage","@id":"https:\/\/www.salve.si\/trgovina\/knjige\/svetniki-in-zivljenjepisi\/nasi-pricevalci\/","url":"https:\/\/www.salve.si\/trgovina\/knjige\/svetniki-in-zivljenjepisi\/nasi-pricevalci\/","name":"NA\u0160I PRI\u010cEVALCI - Salve","isPartOf":{"@id":"https:\/\/www.salve.si\/#website"},"primaryImageOfPage":{"@id":"https:\/\/www.salve.si\/trgovina\/knjige\/svetniki-in-zivljenjepisi\/nasi-pricevalci\/#primaryimage"},"image":{"@id":"https:\/\/www.salve.si\/trgovina\/knjige\/svetniki-in-zivljenjepisi\/nasi-pricevalci\/#primaryimage"},"thumbnailUrl":"https:\/\/www.salve.si\/wp-content\/uploads\/2019\/07\/Na\u0161i-pri\u010devalci-naslovnica.jpg","datePublished":"2019-07-30T14:53:18+00:00","dateModified":"2019-08-09T10:37:10+00:00","breadcrumb":{"@id":"https:\/\/www.salve.si\/trgovina\/knjige\/svetniki-in-zivljenjepisi\/nasi-pricevalci\/#breadcrumb"},"inLanguage":"en-US","potentialAction":[{"@type":"ReadAction","target":["https:\/\/www.salve.si\/trgovina\/knjige\/svetniki-in-zivljenjepisi\/nasi-pricevalci\/"]}]},{"@type":"ImageObject","inLanguage":"en-US","@id":"https:\/\/www.salve.si\/trgovina\/knjige\/svetniki-in-zivljenjepisi\/nasi-pricevalci\/#primaryimage","url":"https:\/\/www.salve.si\/wp-content\/uploads\/2019\/07\/Na\u0161i-pri\u010devalci-naslovnica.jpg","contentUrl":"https:\/\/www.salve.si\/wp-content\/uploads\/2019\/07\/Na\u0161i-pri\u010devalci-naslovnica.jpg","width":1892,"height":2787},{"@type":"BreadcrumbList","@id":"https:\/\/www.salve.si\/trgovina\/knjige\/svetniki-in-zivljenjepisi\/nasi-pricevalci\/#breadcrumb","itemListElement":[{"@type":"ListItem","position":1,"name":"Home","item":"https:\/\/www.salve.si\/"},{"@type":"ListItem","position":2,"name":"Trgovina","item":"https:\/\/www.salve.si\/trgovina\/"},{"@type":"ListItem","position":3,"name":"NA\u0160I PRI\u010cEVALCI"}]},{"@type":"WebSite","@id":"https:\/\/www.salve.si\/#website","url":"https:\/\/www.salve.si\/","name":"Salve","description":"Salezijanska zalo\u017eba","publisher":{"@id":"https:\/\/www.salve.si\/#organization"},"potentialAction":[{"@type":"SearchAction","target":{"@type":"EntryPoint","urlTemplate":"https:\/\/www.salve.si\/?s={search_term_string}"},"query-input":{"@type":"PropertyValueSpecification","valueRequired":true,"valueName":"search_term_string"}}],"inLanguage":"en-US"},{"@type":"Organization","@id":"https:\/\/www.salve.si\/#organization","name":"Salve d.o.o.","url":"https:\/\/www.salve.si\/","logo":{"@type":"ImageObject","inLanguage":"en-US","@id":"https:\/\/www.salve.si\/#\/schema\/logo\/image\/","url":"https:\/\/www.salve.si\/wp-content\/uploads\/2021\/01\/Salve_logo_modri_nov_web.png","contentUrl":"https:\/\/www.salve.si\/wp-content\/uploads\/2021\/01\/Salve_logo_modri_nov_web.png","width":279,"height":90,"caption":"Salve d.o.o."},"image":{"@id":"https:\/\/www.salve.si\/#\/schema\/logo\/image\/"},"sameAs":["https:\/\/www.facebook.com\/salve.si","https:\/\/www.instagram.com\/zalozbasalve\/","https:\/\/www.linkedin.com\/company\/zalozba-salve\/"]}]}},"_links":{"self":[{"href":"https:\/\/www.salve.si\/en\/wp-json\/wp\/v2\/product\/6571","targetHints":{"allow":["GET"]}}],"collection":[{"href":"https:\/\/www.salve.si\/en\/wp-json\/wp\/v2\/product"}],"about":[{"href":"https:\/\/www.salve.si\/en\/wp-json\/wp\/v2\/types\/product"}],"version-history":[{"count":1,"href":"https:\/\/www.salve.si\/en\/wp-json\/wp\/v2\/product\/6571\/revisions"}],"predecessor-version":[{"id":6574,"href":"https:\/\/www.salve.si\/en\/wp-json\/wp\/v2\/product\/6571\/revisions\/6574"}],"wp:featuredmedia":[{"embeddable":true,"href":"https:\/\/www.salve.si\/en\/wp-json\/wp\/v2\/media\/6572"}],"wp:attachment":[{"href":"https:\/\/www.salve.si\/en\/wp-json\/wp\/v2\/media?parent=6571"}],"wp:term":[{"taxonomy":"product_cat","embeddable":true,"href":"https:\/\/www.salve.si\/en\/wp-json\/wp\/v2\/product_cat?post=6571"},{"taxonomy":"product_tag","embeddable":true,"href":"https:\/\/www.salve.si\/en\/wp-json\/wp\/v2\/product_tag?post=6571"}],"curies":[{"name":"wp","href":"https:\/\/api.w.org\/{rel}","templated":true}]}}