{"id":6387,"date":"2014-06-12T11:48:00","date_gmt":"2014-06-12T09:48:00","guid":{"rendered":"https:\/\/www.salve.si\/?post_type=product&#038;p=6387"},"modified":"2019-06-12T11:51:19","modified_gmt":"2019-06-12T09:51:19","slug":"jutranjice-iz-brevirja-vecnega-korala","status":"publish","type":"product","link":"https:\/\/www.salve.si\/en\/trgovina\/knjige\/misli\/jutranjice-iz-brevirja-vecnega-korala\/","title":{"rendered":"JUTRANJICE IZ BREVIRJA VE\u010cNEGA KORALA"},"content":{"rendered":"<p><em> &#8220;Postavil sem si spomenik, trajnej\u0161i od brona.&#8221; (J. Zadravec)<\/em><\/p>\n<p>V Jutranjicah avtor odpira nekatere <strong>posebno ob\u010dutljive teme<\/strong> slovenske vsakdanjosti. In zavzema<strong> stali\u0161\u010da, ki so pogosto v nasprotju s tem, kar poslu\u0161amo z ekranov in beremo na straneh \u010dasopisov<\/strong> ter velja kot splo\u0161no sprejeto.<\/p>\n<p>Prva tema je posve\u010dena <strong>Mariji v slovenskem slovstvenem, kiparskem in slikarskem<\/strong> izro\u010dilu.<\/p>\n<p>V drugem poglavju avtor na\u010dne eno najbolj ob\u010dutljivih tem slovenske sedanjosti, <strong>demografski problem in spo\u0161tovanje \u017eivljenja<\/strong>.<\/p>\n<p>Tretja tema, pogosta v slovenskem slovstvu, je <strong>podoba matere<\/strong>.<\/p>\n<p>Ena najbolj vro\u010dih tem, glede na to, kako o tem pi\u0161ejo slovenski mediji v tem \u010dasu, je <strong>podoba duhovnika v slovenski javnosti<\/strong>. Tudi te se avtor dotakne v pri\u010dujo\u010dem delu.<\/p>\n<p>Sledijo &#8220;popotne refleksije&#8221;, <strong>dolga razmi\u0161ljanja o svetovni literaturi, o glasbenikih, kiparjih in slikarjih<\/strong>, podro\u010dja, kjer se avtor izka\u017ee kot odli\u010den poznavalec.<\/p>\n<p>V meditativnem epilogu se avtor \u0161e enkrat vra\u010da v \u010das, v katerem mu je dano \u017eiveti. Jutranjice so kot <strong>potopis notranjega \u017eivljenja<\/strong>, tih pogovor s samim seboj in z drugimi.<\/p>\n<p><em>&#8220;Kakorkoli \u017ee imenujemo to pisanje, narekovalo ga je pestro \u017eivljenje, izpisano pa je s panonsko strastjo in \u0161irino.&#8221;<\/em><\/p>\n<p><span class=\"slv-content-keywords\"> Jo\u017ee Zadravec Knjige Izpovedi Misli dnevni\u0161ki zapisi Prazni\u010dne refleksije ali moje najbolj sr\u010dne vzmeti <\/span><\/p>","protected":false},"excerpt":{"rendered":"<p>Knjiga, ki zaokro\u017ei avtorjevo bogato pisateljsko in \u010dasnikarsko udejstvovanje. Avtor se v knjigi dotika tem, kot so podoba matere, podoba duhovnika v slovenskem prostoru, podoba Marije, demografski problemi in spo\u0161tovanje do \u017eivljenja&#8230;<\/p>","protected":false},"featured_media":6388,"template":"","meta":{"_acf_changed":false,"footnotes":""},"product_cat":[141,659,658],"product_tag":[818],"class_list":{"0":"post-6387","1":"product","2":"type-product","3":"status-publish","4":"has-post-thumbnail","6":"authors-joze-zadravec","7":"publisher-salve-d-o-o-ljubljana","8":"product_cat-knjige","9":"product_cat-izpovedi","10":"product_cat-misli","11":"product_tag-dnevniski-zapisi","13":"first","14":"instock","15":"shipping-taxable","16":"purchasable","17":"product-type-simple"},"acf":[],"yoast_head":"<!-- This site is optimized with the Yoast SEO plugin v23.8 - https:\/\/yoast.com\/wordpress\/plugins\/seo\/ -->\n<title>JUTRANJICE IZ BREVIRJA VE\u010cNEGA KORALA - Salve<\/title>\n<meta name=\"robots\" content=\"index, follow, max-snippet:-1, max-image-preview:large, max-video-preview:-1\" \/>\n<link rel=\"canonical\" href=\"https:\/\/www.salve.si\/en\/trgovina\/knjige\/misli\/jutranjice-iz-brevirja-vecnega-korala\/\" \/>\n<meta property=\"og:locale\" content=\"en_US\" \/>\n<meta property=\"og:type\" content=\"article\" \/>\n<meta property=\"og:title\" content=\"JUTRANJICE IZ BREVIRJA VE\u010cNEGA KORALA - Salve\" \/>\n<meta property=\"og:description\" content=\"Knjiga, ki zaokro\u017ei avtorjevo bogato pisateljsko in \u010dasnikarsko udejstvovanje. Avtor se v knjigi dotika tem, kot so podoba matere, podoba duhovnika v slovenskem prostoru, podoba Marije, demografski problemi in spo\u0161tovanje do \u017eivljenja...\" \/>\n<meta property=\"og:url\" content=\"https:\/\/www.salve.si\/en\/trgovina\/knjige\/misli\/jutranjice-iz-brevirja-vecnega-korala\/\" \/>\n<meta property=\"og:site_name\" content=\"Salve\" \/>\n<meta property=\"article:publisher\" content=\"https:\/\/www.facebook.com\/salve.si\" \/>\n<meta property=\"article:modified_time\" content=\"2019-06-12T09:51:19+00:00\" \/>\n<meta property=\"og:image\" content=\"https:\/\/www.salve.si\/wp-content\/uploads\/2019\/06\/Jutranjice-iz-brevirja-ve\u010dnega-korala-naslovnica_Page_1.jpg\" \/>\n\t<meta property=\"og:image:width\" content=\"2240\" \/>\n\t<meta property=\"og:image:height\" content=\"3275\" \/>\n\t<meta property=\"og:image:type\" content=\"image\/jpeg\" \/>\n<meta name=\"twitter:card\" content=\"summary_large_image\" \/>\n<meta name=\"twitter:label1\" content=\"Est. reading time\" \/>\n\t<meta name=\"twitter:data1\" content=\"1 minute\" \/>\n<script type=\"application\/ld+json\" class=\"yoast-schema-graph\">{\"@context\":\"https:\/\/schema.org\",\"@graph\":[{\"@type\":\"WebPage\",\"@id\":\"https:\/\/www.salve.si\/trgovina\/knjige\/misli\/jutranjice-iz-brevirja-vecnega-korala\/\",\"url\":\"https:\/\/www.salve.si\/trgovina\/knjige\/misli\/jutranjice-iz-brevirja-vecnega-korala\/\",\"name\":\"JUTRANJICE IZ BREVIRJA VE\u010cNEGA KORALA - Salve\",\"isPartOf\":{\"@id\":\"https:\/\/www.salve.si\/#website\"},\"primaryImageOfPage\":{\"@id\":\"https:\/\/www.salve.si\/trgovina\/knjige\/misli\/jutranjice-iz-brevirja-vecnega-korala\/#primaryimage\"},\"image\":{\"@id\":\"https:\/\/www.salve.si\/trgovina\/knjige\/misli\/jutranjice-iz-brevirja-vecnega-korala\/#primaryimage\"},\"thumbnailUrl\":\"https:\/\/www.salve.si\/wp-content\/uploads\/2019\/06\/Jutranjice-iz-brevirja-ve\u010dnega-korala-naslovnica_Page_1.jpg\",\"datePublished\":\"2014-06-12T09:48:00+00:00\",\"dateModified\":\"2019-06-12T09:51:19+00:00\",\"breadcrumb\":{\"@id\":\"https:\/\/www.salve.si\/trgovina\/knjige\/misli\/jutranjice-iz-brevirja-vecnega-korala\/#breadcrumb\"},\"inLanguage\":\"en-US\",\"potentialAction\":[{\"@type\":\"ReadAction\",\"target\":[\"https:\/\/www.salve.si\/trgovina\/knjige\/misli\/jutranjice-iz-brevirja-vecnega-korala\/\"]}]},{\"@type\":\"ImageObject\",\"inLanguage\":\"en-US\",\"@id\":\"https:\/\/www.salve.si\/trgovina\/knjige\/misli\/jutranjice-iz-brevirja-vecnega-korala\/#primaryimage\",\"url\":\"https:\/\/www.salve.si\/wp-content\/uploads\/2019\/06\/Jutranjice-iz-brevirja-ve\u010dnega-korala-naslovnica_Page_1.jpg\",\"contentUrl\":\"https:\/\/www.salve.si\/wp-content\/uploads\/2019\/06\/Jutranjice-iz-brevirja-ve\u010dnega-korala-naslovnica_Page_1.jpg\",\"width\":2240,\"height\":3275},{\"@type\":\"BreadcrumbList\",\"@id\":\"https:\/\/www.salve.si\/trgovina\/knjige\/misli\/jutranjice-iz-brevirja-vecnega-korala\/#breadcrumb\",\"itemListElement\":[{\"@type\":\"ListItem\",\"position\":1,\"name\":\"Home\",\"item\":\"https:\/\/www.salve.si\/\"},{\"@type\":\"ListItem\",\"position\":2,\"name\":\"Trgovina\",\"item\":\"https:\/\/www.salve.si\/trgovina\/\"},{\"@type\":\"ListItem\",\"position\":3,\"name\":\"JUTRANJICE IZ BREVIRJA VE\u010cNEGA KORALA\"}]},{\"@type\":\"WebSite\",\"@id\":\"https:\/\/www.salve.si\/#website\",\"url\":\"https:\/\/www.salve.si\/\",\"name\":\"Salve\",\"description\":\"Salezijanska zalo\u017eba\",\"publisher\":{\"@id\":\"https:\/\/www.salve.si\/#organization\"},\"potentialAction\":[{\"@type\":\"SearchAction\",\"target\":{\"@type\":\"EntryPoint\",\"urlTemplate\":\"https:\/\/www.salve.si\/?s={search_term_string}\"},\"query-input\":{\"@type\":\"PropertyValueSpecification\",\"valueRequired\":true,\"valueName\":\"search_term_string\"}}],\"inLanguage\":\"en-US\"},{\"@type\":\"Organization\",\"@id\":\"https:\/\/www.salve.si\/#organization\",\"name\":\"Salve d.o.o.\",\"url\":\"https:\/\/www.salve.si\/\",\"logo\":{\"@type\":\"ImageObject\",\"inLanguage\":\"en-US\",\"@id\":\"https:\/\/www.salve.si\/#\/schema\/logo\/image\/\",\"url\":\"https:\/\/www.salve.si\/wp-content\/uploads\/2021\/01\/Salve_logo_modri_nov_web.png\",\"contentUrl\":\"https:\/\/www.salve.si\/wp-content\/uploads\/2021\/01\/Salve_logo_modri_nov_web.png\",\"width\":279,\"height\":90,\"caption\":\"Salve d.o.o.\"},\"image\":{\"@id\":\"https:\/\/www.salve.si\/#\/schema\/logo\/image\/\"},\"sameAs\":[\"https:\/\/www.facebook.com\/salve.si\",\"https:\/\/www.instagram.com\/zalozbasalve\/\",\"https:\/\/www.linkedin.com\/company\/zalozba-salve\/\"]}]}<\/script>\n<!-- \/ Yoast SEO plugin. -->","yoast_head_json":{"title":"JUTRANJICE IZ BREVIRJA VE\u010cNEGA KORALA - Salve","robots":{"index":"index","follow":"follow","max-snippet":"max-snippet:-1","max-image-preview":"max-image-preview:large","max-video-preview":"max-video-preview:-1"},"canonical":"https:\/\/www.salve.si\/en\/trgovina\/knjige\/misli\/jutranjice-iz-brevirja-vecnega-korala\/","og_locale":"en_US","og_type":"article","og_title":"JUTRANJICE IZ BREVIRJA VE\u010cNEGA KORALA - Salve","og_description":"Knjiga, ki zaokro\u017ei avtorjevo bogato pisateljsko in \u010dasnikarsko udejstvovanje. Avtor se v knjigi dotika tem, kot so podoba matere, podoba duhovnika v slovenskem prostoru, podoba Marije, demografski problemi in spo\u0161tovanje do \u017eivljenja...","og_url":"https:\/\/www.salve.si\/en\/trgovina\/knjige\/misli\/jutranjice-iz-brevirja-vecnega-korala\/","og_site_name":"Salve","article_publisher":"https:\/\/www.facebook.com\/salve.si","article_modified_time":"2019-06-12T09:51:19+00:00","og_image":[{"width":2240,"height":3275,"url":"https:\/\/www.salve.si\/wp-content\/uploads\/2019\/06\/Jutranjice-iz-brevirja-ve\u010dnega-korala-naslovnica_Page_1.jpg","type":"image\/jpeg"}],"twitter_card":"summary_large_image","twitter_misc":{"Est. reading time":"1 minute"},"schema":{"@context":"https:\/\/schema.org","@graph":[{"@type":"WebPage","@id":"https:\/\/www.salve.si\/trgovina\/knjige\/misli\/jutranjice-iz-brevirja-vecnega-korala\/","url":"https:\/\/www.salve.si\/trgovina\/knjige\/misli\/jutranjice-iz-brevirja-vecnega-korala\/","name":"JUTRANJICE IZ BREVIRJA VE\u010cNEGA KORALA - Salve","isPartOf":{"@id":"https:\/\/www.salve.si\/#website"},"primaryImageOfPage":{"@id":"https:\/\/www.salve.si\/trgovina\/knjige\/misli\/jutranjice-iz-brevirja-vecnega-korala\/#primaryimage"},"image":{"@id":"https:\/\/www.salve.si\/trgovina\/knjige\/misli\/jutranjice-iz-brevirja-vecnega-korala\/#primaryimage"},"thumbnailUrl":"https:\/\/www.salve.si\/wp-content\/uploads\/2019\/06\/Jutranjice-iz-brevirja-ve\u010dnega-korala-naslovnica_Page_1.jpg","datePublished":"2014-06-12T09:48:00+00:00","dateModified":"2019-06-12T09:51:19+00:00","breadcrumb":{"@id":"https:\/\/www.salve.si\/trgovina\/knjige\/misli\/jutranjice-iz-brevirja-vecnega-korala\/#breadcrumb"},"inLanguage":"en-US","potentialAction":[{"@type":"ReadAction","target":["https:\/\/www.salve.si\/trgovina\/knjige\/misli\/jutranjice-iz-brevirja-vecnega-korala\/"]}]},{"@type":"ImageObject","inLanguage":"en-US","@id":"https:\/\/www.salve.si\/trgovina\/knjige\/misli\/jutranjice-iz-brevirja-vecnega-korala\/#primaryimage","url":"https:\/\/www.salve.si\/wp-content\/uploads\/2019\/06\/Jutranjice-iz-brevirja-ve\u010dnega-korala-naslovnica_Page_1.jpg","contentUrl":"https:\/\/www.salve.si\/wp-content\/uploads\/2019\/06\/Jutranjice-iz-brevirja-ve\u010dnega-korala-naslovnica_Page_1.jpg","width":2240,"height":3275},{"@type":"BreadcrumbList","@id":"https:\/\/www.salve.si\/trgovina\/knjige\/misli\/jutranjice-iz-brevirja-vecnega-korala\/#breadcrumb","itemListElement":[{"@type":"ListItem","position":1,"name":"Home","item":"https:\/\/www.salve.si\/"},{"@type":"ListItem","position":2,"name":"Trgovina","item":"https:\/\/www.salve.si\/trgovina\/"},{"@type":"ListItem","position":3,"name":"JUTRANJICE IZ BREVIRJA VE\u010cNEGA KORALA"}]},{"@type":"WebSite","@id":"https:\/\/www.salve.si\/#website","url":"https:\/\/www.salve.si\/","name":"Salve","description":"Salezijanska zalo\u017eba","publisher":{"@id":"https:\/\/www.salve.si\/#organization"},"potentialAction":[{"@type":"SearchAction","target":{"@type":"EntryPoint","urlTemplate":"https:\/\/www.salve.si\/?s={search_term_string}"},"query-input":{"@type":"PropertyValueSpecification","valueRequired":true,"valueName":"search_term_string"}}],"inLanguage":"en-US"},{"@type":"Organization","@id":"https:\/\/www.salve.si\/#organization","name":"Salve d.o.o.","url":"https:\/\/www.salve.si\/","logo":{"@type":"ImageObject","inLanguage":"en-US","@id":"https:\/\/www.salve.si\/#\/schema\/logo\/image\/","url":"https:\/\/www.salve.si\/wp-content\/uploads\/2021\/01\/Salve_logo_modri_nov_web.png","contentUrl":"https:\/\/www.salve.si\/wp-content\/uploads\/2021\/01\/Salve_logo_modri_nov_web.png","width":279,"height":90,"caption":"Salve d.o.o."},"image":{"@id":"https:\/\/www.salve.si\/#\/schema\/logo\/image\/"},"sameAs":["https:\/\/www.facebook.com\/salve.si","https:\/\/www.instagram.com\/zalozbasalve\/","https:\/\/www.linkedin.com\/company\/zalozba-salve\/"]}]}},"_links":{"self":[{"href":"https:\/\/www.salve.si\/en\/wp-json\/wp\/v2\/product\/6387","targetHints":{"allow":["GET"]}}],"collection":[{"href":"https:\/\/www.salve.si\/en\/wp-json\/wp\/v2\/product"}],"about":[{"href":"https:\/\/www.salve.si\/en\/wp-json\/wp\/v2\/types\/product"}],"version-history":[{"count":2,"href":"https:\/\/www.salve.si\/en\/wp-json\/wp\/v2\/product\/6387\/revisions"}],"predecessor-version":[{"id":6392,"href":"https:\/\/www.salve.si\/en\/wp-json\/wp\/v2\/product\/6387\/revisions\/6392"}],"wp:featuredmedia":[{"embeddable":true,"href":"https:\/\/www.salve.si\/en\/wp-json\/wp\/v2\/media\/6388"}],"wp:attachment":[{"href":"https:\/\/www.salve.si\/en\/wp-json\/wp\/v2\/media?parent=6387"}],"wp:term":[{"taxonomy":"product_cat","embeddable":true,"href":"https:\/\/www.salve.si\/en\/wp-json\/wp\/v2\/product_cat?post=6387"},{"taxonomy":"product_tag","embeddable":true,"href":"https:\/\/www.salve.si\/en\/wp-json\/wp\/v2\/product_tag?post=6387"}],"curies":[{"name":"wp","href":"https:\/\/api.w.org\/{rel}","templated":true}]}}