{"id":6374,"date":"2011-06-11T14:59:26","date_gmt":"2011-06-11T12:59:26","guid":{"rendered":"https:\/\/www.salve.si\/?post_type=product&#038;p=6374"},"modified":"2019-06-12T11:49:30","modified_gmt":"2019-06-12T09:49:30","slug":"ti-pa-beseda-ostanes-za-vedno","status":"publish","type":"product","link":"https:\/\/www.salve.si\/en\/trgovina\/knjige\/misli\/ti-pa-beseda-ostanes-za-vedno\/","title":{"rendered":"TI PA, BESEDA, OSTANE\u0160 ZA VEDNO"},"content":{"rendered":"<p>Avtor, ki mu beseda umetelno te\u010de, je zajel iz globine lastne biti in so-ustvaril 133 udarnih pripovednih enot, ki jih ni mogo\u010de ujeti v eno zvrst, ampak so barvita mavrica v harmonijo povezanih razli\u010dnih oblik priob\u010devanja samega sebe in Bo\u017ejega drugim: pridige, homilije, eseji, kratke proze, meditacije in \u0161e kaj skrivajo v belini svoje notranjosti li\u010dne strani te dragocene knjige. (iz predgovora M. Turn\u0161ek)<span class=\"slv-content-keywords\"> Jo\u017ee Zadravec Knjige Izpovedi Misli dnevni\u0161ki zapisi <\/span><\/p>","protected":false},"excerpt":{"rendered":"<p>Izbor 133 izpovedi &#8211; homilije, teolo\u0161ki eseji, meditacije &#8211; izpod prekaljenih avtorjevih prstov in misli.<\/p>","protected":false},"featured_media":6375,"template":"","meta":{"_acf_changed":false,"footnotes":""},"product_cat":[141,659,658],"product_tag":[818],"class_list":{"0":"post-6374","1":"product","2":"type-product","3":"status-publish","4":"has-post-thumbnail","6":"authors-joze-zadravec","7":"publisher-salve-d-o-o-ljubljana","8":"product_cat-knjige","9":"product_cat-izpovedi","10":"product_cat-misli","11":"product_tag-dnevniski-zapisi","13":"first","14":"instock","15":"shipping-taxable","16":"purchasable","17":"product-type-simple"},"acf":[],"yoast_head":"<!-- This site is optimized with the Yoast SEO plugin v23.8 - https:\/\/yoast.com\/wordpress\/plugins\/seo\/ -->\n<title>TI PA, BESEDA, OSTANE\u0160 ZA VEDNO - Salve<\/title>\n<meta name=\"robots\" content=\"index, follow, max-snippet:-1, max-image-preview:large, max-video-preview:-1\" \/>\n<link rel=\"canonical\" href=\"https:\/\/www.salve.si\/en\/trgovina\/knjige\/misli\/ti-pa-beseda-ostanes-za-vedno\/\" \/>\n<meta property=\"og:locale\" content=\"en_US\" \/>\n<meta property=\"og:type\" content=\"article\" \/>\n<meta property=\"og:title\" content=\"TI PA, BESEDA, OSTANE\u0160 ZA VEDNO - Salve\" \/>\n<meta property=\"og:description\" content=\"Izbor 133 izpovedi - homilije, teolo\u0161ki eseji, meditacije - izpod prekaljenih avtorjevih prstov in misli.\" \/>\n<meta property=\"og:url\" content=\"https:\/\/www.salve.si\/en\/trgovina\/knjige\/misli\/ti-pa-beseda-ostanes-za-vedno\/\" \/>\n<meta property=\"og:site_name\" content=\"Salve\" \/>\n<meta property=\"article:publisher\" content=\"https:\/\/www.facebook.com\/salve.si\" \/>\n<meta property=\"article:modified_time\" content=\"2019-06-12T09:49:30+00:00\" \/>\n<meta property=\"og:image\" content=\"https:\/\/www.salve.si\/wp-content\/uploads\/2019\/06\/Ti-pa-beseda-ostane\u0161-za-vedno-naslovnica.jpg\" \/>\n\t<meta property=\"og:image:width\" content=\"3295\" \/>\n\t<meta property=\"og:image:height\" content=\"4874\" \/>\n\t<meta property=\"og:image:type\" content=\"image\/jpeg\" \/>\n<meta name=\"twitter:card\" content=\"summary_large_image\" \/>\n<script type=\"application\/ld+json\" class=\"yoast-schema-graph\">{\"@context\":\"https:\/\/schema.org\",\"@graph\":[{\"@type\":\"WebPage\",\"@id\":\"https:\/\/www.salve.si\/trgovina\/knjige\/misli\/ti-pa-beseda-ostanes-za-vedno\/\",\"url\":\"https:\/\/www.salve.si\/trgovina\/knjige\/misli\/ti-pa-beseda-ostanes-za-vedno\/\",\"name\":\"TI PA, BESEDA, OSTANE\u0160 ZA VEDNO - Salve\",\"isPartOf\":{\"@id\":\"https:\/\/www.salve.si\/#website\"},\"primaryImageOfPage\":{\"@id\":\"https:\/\/www.salve.si\/trgovina\/knjige\/misli\/ti-pa-beseda-ostanes-za-vedno\/#primaryimage\"},\"image\":{\"@id\":\"https:\/\/www.salve.si\/trgovina\/knjige\/misli\/ti-pa-beseda-ostanes-za-vedno\/#primaryimage\"},\"thumbnailUrl\":\"https:\/\/www.salve.si\/wp-content\/uploads\/2019\/06\/Ti-pa-beseda-ostane\u0161-za-vedno-naslovnica.jpg\",\"datePublished\":\"2011-06-11T12:59:26+00:00\",\"dateModified\":\"2019-06-12T09:49:30+00:00\",\"breadcrumb\":{\"@id\":\"https:\/\/www.salve.si\/trgovina\/knjige\/misli\/ti-pa-beseda-ostanes-za-vedno\/#breadcrumb\"},\"inLanguage\":\"en-US\",\"potentialAction\":[{\"@type\":\"ReadAction\",\"target\":[\"https:\/\/www.salve.si\/trgovina\/knjige\/misli\/ti-pa-beseda-ostanes-za-vedno\/\"]}]},{\"@type\":\"ImageObject\",\"inLanguage\":\"en-US\",\"@id\":\"https:\/\/www.salve.si\/trgovina\/knjige\/misli\/ti-pa-beseda-ostanes-za-vedno\/#primaryimage\",\"url\":\"https:\/\/www.salve.si\/wp-content\/uploads\/2019\/06\/Ti-pa-beseda-ostane\u0161-za-vedno-naslovnica.jpg\",\"contentUrl\":\"https:\/\/www.salve.si\/wp-content\/uploads\/2019\/06\/Ti-pa-beseda-ostane\u0161-za-vedno-naslovnica.jpg\",\"width\":3295,\"height\":4874},{\"@type\":\"BreadcrumbList\",\"@id\":\"https:\/\/www.salve.si\/trgovina\/knjige\/misli\/ti-pa-beseda-ostanes-za-vedno\/#breadcrumb\",\"itemListElement\":[{\"@type\":\"ListItem\",\"position\":1,\"name\":\"Home\",\"item\":\"https:\/\/www.salve.si\/\"},{\"@type\":\"ListItem\",\"position\":2,\"name\":\"Trgovina\",\"item\":\"https:\/\/www.salve.si\/trgovina\/\"},{\"@type\":\"ListItem\",\"position\":3,\"name\":\"TI PA, BESEDA, OSTANE\u0160 ZA VEDNO\"}]},{\"@type\":\"WebSite\",\"@id\":\"https:\/\/www.salve.si\/#website\",\"url\":\"https:\/\/www.salve.si\/\",\"name\":\"Salve\",\"description\":\"Salezijanska zalo\u017eba\",\"publisher\":{\"@id\":\"https:\/\/www.salve.si\/#organization\"},\"potentialAction\":[{\"@type\":\"SearchAction\",\"target\":{\"@type\":\"EntryPoint\",\"urlTemplate\":\"https:\/\/www.salve.si\/?s={search_term_string}\"},\"query-input\":{\"@type\":\"PropertyValueSpecification\",\"valueRequired\":true,\"valueName\":\"search_term_string\"}}],\"inLanguage\":\"en-US\"},{\"@type\":\"Organization\",\"@id\":\"https:\/\/www.salve.si\/#organization\",\"name\":\"Salve d.o.o.\",\"url\":\"https:\/\/www.salve.si\/\",\"logo\":{\"@type\":\"ImageObject\",\"inLanguage\":\"en-US\",\"@id\":\"https:\/\/www.salve.si\/#\/schema\/logo\/image\/\",\"url\":\"https:\/\/www.salve.si\/wp-content\/uploads\/2021\/01\/Salve_logo_modri_nov_web.png\",\"contentUrl\":\"https:\/\/www.salve.si\/wp-content\/uploads\/2021\/01\/Salve_logo_modri_nov_web.png\",\"width\":279,\"height\":90,\"caption\":\"Salve d.o.o.\"},\"image\":{\"@id\":\"https:\/\/www.salve.si\/#\/schema\/logo\/image\/\"},\"sameAs\":[\"https:\/\/www.facebook.com\/salve.si\",\"https:\/\/www.instagram.com\/zalozbasalve\/\",\"https:\/\/www.linkedin.com\/company\/zalozba-salve\/\"]}]}<\/script>\n<!-- \/ Yoast SEO plugin. -->","yoast_head_json":{"title":"TI PA, BESEDA, OSTANE\u0160 ZA VEDNO - Salve","robots":{"index":"index","follow":"follow","max-snippet":"max-snippet:-1","max-image-preview":"max-image-preview:large","max-video-preview":"max-video-preview:-1"},"canonical":"https:\/\/www.salve.si\/en\/trgovina\/knjige\/misli\/ti-pa-beseda-ostanes-za-vedno\/","og_locale":"en_US","og_type":"article","og_title":"TI PA, BESEDA, OSTANE\u0160 ZA VEDNO - Salve","og_description":"Izbor 133 izpovedi - homilije, teolo\u0161ki eseji, meditacije - izpod prekaljenih avtorjevih prstov in misli.","og_url":"https:\/\/www.salve.si\/en\/trgovina\/knjige\/misli\/ti-pa-beseda-ostanes-za-vedno\/","og_site_name":"Salve","article_publisher":"https:\/\/www.facebook.com\/salve.si","article_modified_time":"2019-06-12T09:49:30+00:00","og_image":[{"width":3295,"height":4874,"url":"https:\/\/www.salve.si\/wp-content\/uploads\/2019\/06\/Ti-pa-beseda-ostane\u0161-za-vedno-naslovnica.jpg","type":"image\/jpeg"}],"twitter_card":"summary_large_image","schema":{"@context":"https:\/\/schema.org","@graph":[{"@type":"WebPage","@id":"https:\/\/www.salve.si\/trgovina\/knjige\/misli\/ti-pa-beseda-ostanes-za-vedno\/","url":"https:\/\/www.salve.si\/trgovina\/knjige\/misli\/ti-pa-beseda-ostanes-za-vedno\/","name":"TI PA, BESEDA, OSTANE\u0160 ZA VEDNO - Salve","isPartOf":{"@id":"https:\/\/www.salve.si\/#website"},"primaryImageOfPage":{"@id":"https:\/\/www.salve.si\/trgovina\/knjige\/misli\/ti-pa-beseda-ostanes-za-vedno\/#primaryimage"},"image":{"@id":"https:\/\/www.salve.si\/trgovina\/knjige\/misli\/ti-pa-beseda-ostanes-za-vedno\/#primaryimage"},"thumbnailUrl":"https:\/\/www.salve.si\/wp-content\/uploads\/2019\/06\/Ti-pa-beseda-ostane\u0161-za-vedno-naslovnica.jpg","datePublished":"2011-06-11T12:59:26+00:00","dateModified":"2019-06-12T09:49:30+00:00","breadcrumb":{"@id":"https:\/\/www.salve.si\/trgovina\/knjige\/misli\/ti-pa-beseda-ostanes-za-vedno\/#breadcrumb"},"inLanguage":"en-US","potentialAction":[{"@type":"ReadAction","target":["https:\/\/www.salve.si\/trgovina\/knjige\/misli\/ti-pa-beseda-ostanes-za-vedno\/"]}]},{"@type":"ImageObject","inLanguage":"en-US","@id":"https:\/\/www.salve.si\/trgovina\/knjige\/misli\/ti-pa-beseda-ostanes-za-vedno\/#primaryimage","url":"https:\/\/www.salve.si\/wp-content\/uploads\/2019\/06\/Ti-pa-beseda-ostane\u0161-za-vedno-naslovnica.jpg","contentUrl":"https:\/\/www.salve.si\/wp-content\/uploads\/2019\/06\/Ti-pa-beseda-ostane\u0161-za-vedno-naslovnica.jpg","width":3295,"height":4874},{"@type":"BreadcrumbList","@id":"https:\/\/www.salve.si\/trgovina\/knjige\/misli\/ti-pa-beseda-ostanes-za-vedno\/#breadcrumb","itemListElement":[{"@type":"ListItem","position":1,"name":"Home","item":"https:\/\/www.salve.si\/"},{"@type":"ListItem","position":2,"name":"Trgovina","item":"https:\/\/www.salve.si\/trgovina\/"},{"@type":"ListItem","position":3,"name":"TI PA, BESEDA, OSTANE\u0160 ZA VEDNO"}]},{"@type":"WebSite","@id":"https:\/\/www.salve.si\/#website","url":"https:\/\/www.salve.si\/","name":"Salve","description":"Salezijanska zalo\u017eba","publisher":{"@id":"https:\/\/www.salve.si\/#organization"},"potentialAction":[{"@type":"SearchAction","target":{"@type":"EntryPoint","urlTemplate":"https:\/\/www.salve.si\/?s={search_term_string}"},"query-input":{"@type":"PropertyValueSpecification","valueRequired":true,"valueName":"search_term_string"}}],"inLanguage":"en-US"},{"@type":"Organization","@id":"https:\/\/www.salve.si\/#organization","name":"Salve d.o.o.","url":"https:\/\/www.salve.si\/","logo":{"@type":"ImageObject","inLanguage":"en-US","@id":"https:\/\/www.salve.si\/#\/schema\/logo\/image\/","url":"https:\/\/www.salve.si\/wp-content\/uploads\/2021\/01\/Salve_logo_modri_nov_web.png","contentUrl":"https:\/\/www.salve.si\/wp-content\/uploads\/2021\/01\/Salve_logo_modri_nov_web.png","width":279,"height":90,"caption":"Salve d.o.o."},"image":{"@id":"https:\/\/www.salve.si\/#\/schema\/logo\/image\/"},"sameAs":["https:\/\/www.facebook.com\/salve.si","https:\/\/www.instagram.com\/zalozbasalve\/","https:\/\/www.linkedin.com\/company\/zalozba-salve\/"]}]}},"_links":{"self":[{"href":"https:\/\/www.salve.si\/en\/wp-json\/wp\/v2\/product\/6374","targetHints":{"allow":["GET"]}}],"collection":[{"href":"https:\/\/www.salve.si\/en\/wp-json\/wp\/v2\/product"}],"about":[{"href":"https:\/\/www.salve.si\/en\/wp-json\/wp\/v2\/types\/product"}],"version-history":[{"count":2,"href":"https:\/\/www.salve.si\/en\/wp-json\/wp\/v2\/product\/6374\/revisions"}],"predecessor-version":[{"id":6390,"href":"https:\/\/www.salve.si\/en\/wp-json\/wp\/v2\/product\/6374\/revisions\/6390"}],"wp:featuredmedia":[{"embeddable":true,"href":"https:\/\/www.salve.si\/en\/wp-json\/wp\/v2\/media\/6375"}],"wp:attachment":[{"href":"https:\/\/www.salve.si\/en\/wp-json\/wp\/v2\/media?parent=6374"}],"wp:term":[{"taxonomy":"product_cat","embeddable":true,"href":"https:\/\/www.salve.si\/en\/wp-json\/wp\/v2\/product_cat?post=6374"},{"taxonomy":"product_tag","embeddable":true,"href":"https:\/\/www.salve.si\/en\/wp-json\/wp\/v2\/product_tag?post=6374"}],"curies":[{"name":"wp","href":"https:\/\/api.w.org\/{rel}","templated":true}]}}