{"id":6369,"date":"2018-06-11T13:16:43","date_gmt":"2018-06-11T11:16:43","guid":{"rendered":"https:\/\/www.salve.si\/?post_type=product&#038;p=6369"},"modified":"2019-06-12T11:50:28","modified_gmt":"2019-06-12T09:50:28","slug":"romanje-k-podoranim-brazdam","status":"publish","type":"product","link":"https:\/\/www.salve.si\/en\/trgovina\/knjige\/romanje-k-podoranim-brazdam\/","title":{"rendered":"ROMANJE K PODORANIM BRAZDAM"},"content":{"rendered":"<p>Knjiga, ki je kot triperesna deteljica sestavljena iz treh delov.<\/p>\n<p>V 1. delu beremo <strong>do\u017eivetja, napore, bole\u010dine prekmurskega dekleta s. Milene Zadravec<\/strong>, misijonarke v nekaterih osrednjih mestih Bli\u017enjega vzhoda, njeno \u017eivljenje in delo v de\u017eelah, kjer se dnevno vrste bombardiranja, pokoli, umiranja, smrti, a tudi njena so\u010dutja nad nedol\u017enimi ljudmi, predvsem otroki, v kolesju sovra\u0161tev odraslih.<\/p>\n<p>V 2. delu beremo <strong>avtorjevo popotovanje<\/strong> z desetnijami <strong>prijateljev in prijateljic<\/strong>.<\/p>\n<p>3. del sklepa &#8220;triperesno pripoved&#8221; z &#8220;nedeljskimi prazni\u010dnimi vinjetami&#8221;; niso teologiziranja, tudi filozofiranja ne, \u0161e manj so &#8220;brezdu\u0161no razpravljanje&#8221; in &#8220;pusto ideologiziranje&#8221;, temve\u010d <strong>od\u010ditavanje \u017eivljenja v vsakdanjih stoterih razli\u010dicah, v katerem se odzrcaljajo radostne vzmeti Bo\u017eje misli<\/strong>.<span class=\"slv-content-keywords\"> Jo\u017ee Zadravec Knjige <\/span><\/p>","protected":false},"excerpt":{"rendered":"<p>Avtorjeve besede, pripovedi in spomini, ubesedeni v dnevni\u0161kih zapisih. Lahko bi rekli, da so zapisane besede avtorjeve solze veselja in bole\u010dine.<\/p>","protected":false},"featured_media":6370,"template":"","meta":{"_acf_changed":false,"footnotes":""},"product_cat":[141],"product_tag":[],"class_list":{"0":"post-6369","1":"product","2":"type-product","3":"status-publish","4":"has-post-thumbnail","6":"authors-joze-zadravec","7":"publisher-salve-d-o-o-ljubljana","8":"product_cat-knjige","10":"first","11":"instock","12":"shipping-taxable","13":"purchasable","14":"product-type-simple"},"acf":[],"yoast_head":"<!-- This site is optimized with the Yoast SEO plugin v23.8 - https:\/\/yoast.com\/wordpress\/plugins\/seo\/ -->\n<title>ROMANJE K PODORANIM BRAZDAM - Salve<\/title>\n<meta name=\"robots\" content=\"index, follow, max-snippet:-1, max-image-preview:large, max-video-preview:-1\" \/>\n<link rel=\"canonical\" href=\"https:\/\/www.salve.si\/en\/trgovina\/knjige\/romanje-k-podoranim-brazdam\/\" \/>\n<meta property=\"og:locale\" content=\"en_US\" \/>\n<meta property=\"og:type\" content=\"article\" \/>\n<meta property=\"og:title\" content=\"ROMANJE K PODORANIM BRAZDAM - Salve\" \/>\n<meta property=\"og:description\" content=\"Avtorjeve besede, pripovedi in spomini, ubesedeni v dnevni\u0161kih zapisih. Lahko bi rekli, da so zapisane besede avtorjeve solze veselja in bole\u010dine.\" \/>\n<meta property=\"og:url\" content=\"https:\/\/www.salve.si\/en\/trgovina\/knjige\/romanje-k-podoranim-brazdam\/\" \/>\n<meta property=\"og:site_name\" content=\"Salve\" \/>\n<meta property=\"article:publisher\" content=\"https:\/\/www.facebook.com\/salve.si\" \/>\n<meta property=\"article:modified_time\" content=\"2019-06-12T09:50:28+00:00\" \/>\n<meta property=\"og:image\" content=\"https:\/\/www.salve.si\/wp-content\/uploads\/2019\/06\/Romanje-k-podoranim-brazdam-naslovnica_Page_1.jpg\" \/>\n\t<meta property=\"og:image:width\" content=\"2243\" \/>\n\t<meta property=\"og:image:height\" content=\"3323\" \/>\n\t<meta property=\"og:image:type\" content=\"image\/jpeg\" \/>\n<meta name=\"twitter:card\" content=\"summary_large_image\" \/>\n<meta name=\"twitter:label1\" content=\"Est. reading time\" \/>\n\t<meta name=\"twitter:data1\" content=\"1 minute\" \/>\n<script type=\"application\/ld+json\" class=\"yoast-schema-graph\">{\"@context\":\"https:\/\/schema.org\",\"@graph\":[{\"@type\":\"WebPage\",\"@id\":\"https:\/\/www.salve.si\/trgovina\/knjige\/romanje-k-podoranim-brazdam\/\",\"url\":\"https:\/\/www.salve.si\/trgovina\/knjige\/romanje-k-podoranim-brazdam\/\",\"name\":\"ROMANJE K PODORANIM BRAZDAM - Salve\",\"isPartOf\":{\"@id\":\"https:\/\/www.salve.si\/#website\"},\"primaryImageOfPage\":{\"@id\":\"https:\/\/www.salve.si\/trgovina\/knjige\/romanje-k-podoranim-brazdam\/#primaryimage\"},\"image\":{\"@id\":\"https:\/\/www.salve.si\/trgovina\/knjige\/romanje-k-podoranim-brazdam\/#primaryimage\"},\"thumbnailUrl\":\"https:\/\/www.salve.si\/wp-content\/uploads\/2019\/06\/Romanje-k-podoranim-brazdam-naslovnica_Page_1.jpg\",\"datePublished\":\"2018-06-11T11:16:43+00:00\",\"dateModified\":\"2019-06-12T09:50:28+00:00\",\"breadcrumb\":{\"@id\":\"https:\/\/www.salve.si\/trgovina\/knjige\/romanje-k-podoranim-brazdam\/#breadcrumb\"},\"inLanguage\":\"en-US\",\"potentialAction\":[{\"@type\":\"ReadAction\",\"target\":[\"https:\/\/www.salve.si\/trgovina\/knjige\/romanje-k-podoranim-brazdam\/\"]}]},{\"@type\":\"ImageObject\",\"inLanguage\":\"en-US\",\"@id\":\"https:\/\/www.salve.si\/trgovina\/knjige\/romanje-k-podoranim-brazdam\/#primaryimage\",\"url\":\"https:\/\/www.salve.si\/wp-content\/uploads\/2019\/06\/Romanje-k-podoranim-brazdam-naslovnica_Page_1.jpg\",\"contentUrl\":\"https:\/\/www.salve.si\/wp-content\/uploads\/2019\/06\/Romanje-k-podoranim-brazdam-naslovnica_Page_1.jpg\",\"width\":2243,\"height\":3323},{\"@type\":\"BreadcrumbList\",\"@id\":\"https:\/\/www.salve.si\/trgovina\/knjige\/romanje-k-podoranim-brazdam\/#breadcrumb\",\"itemListElement\":[{\"@type\":\"ListItem\",\"position\":1,\"name\":\"Home\",\"item\":\"https:\/\/www.salve.si\/\"},{\"@type\":\"ListItem\",\"position\":2,\"name\":\"Trgovina\",\"item\":\"https:\/\/www.salve.si\/trgovina\/\"},{\"@type\":\"ListItem\",\"position\":3,\"name\":\"ROMANJE K PODORANIM BRAZDAM\"}]},{\"@type\":\"WebSite\",\"@id\":\"https:\/\/www.salve.si\/#website\",\"url\":\"https:\/\/www.salve.si\/\",\"name\":\"Salve\",\"description\":\"Salezijanska zalo\u017eba\",\"publisher\":{\"@id\":\"https:\/\/www.salve.si\/#organization\"},\"potentialAction\":[{\"@type\":\"SearchAction\",\"target\":{\"@type\":\"EntryPoint\",\"urlTemplate\":\"https:\/\/www.salve.si\/?s={search_term_string}\"},\"query-input\":{\"@type\":\"PropertyValueSpecification\",\"valueRequired\":true,\"valueName\":\"search_term_string\"}}],\"inLanguage\":\"en-US\"},{\"@type\":\"Organization\",\"@id\":\"https:\/\/www.salve.si\/#organization\",\"name\":\"Salve d.o.o.\",\"url\":\"https:\/\/www.salve.si\/\",\"logo\":{\"@type\":\"ImageObject\",\"inLanguage\":\"en-US\",\"@id\":\"https:\/\/www.salve.si\/#\/schema\/logo\/image\/\",\"url\":\"https:\/\/www.salve.si\/wp-content\/uploads\/2021\/01\/Salve_logo_modri_nov_web.png\",\"contentUrl\":\"https:\/\/www.salve.si\/wp-content\/uploads\/2021\/01\/Salve_logo_modri_nov_web.png\",\"width\":279,\"height\":90,\"caption\":\"Salve d.o.o.\"},\"image\":{\"@id\":\"https:\/\/www.salve.si\/#\/schema\/logo\/image\/\"},\"sameAs\":[\"https:\/\/www.facebook.com\/salve.si\",\"https:\/\/www.instagram.com\/zalozbasalve\/\",\"https:\/\/www.linkedin.com\/company\/zalozba-salve\/\"]}]}<\/script>\n<!-- \/ Yoast SEO plugin. -->","yoast_head_json":{"title":"ROMANJE K PODORANIM BRAZDAM - Salve","robots":{"index":"index","follow":"follow","max-snippet":"max-snippet:-1","max-image-preview":"max-image-preview:large","max-video-preview":"max-video-preview:-1"},"canonical":"https:\/\/www.salve.si\/en\/trgovina\/knjige\/romanje-k-podoranim-brazdam\/","og_locale":"en_US","og_type":"article","og_title":"ROMANJE K PODORANIM BRAZDAM - Salve","og_description":"Avtorjeve besede, pripovedi in spomini, ubesedeni v dnevni\u0161kih zapisih. Lahko bi rekli, da so zapisane besede avtorjeve solze veselja in bole\u010dine.","og_url":"https:\/\/www.salve.si\/en\/trgovina\/knjige\/romanje-k-podoranim-brazdam\/","og_site_name":"Salve","article_publisher":"https:\/\/www.facebook.com\/salve.si","article_modified_time":"2019-06-12T09:50:28+00:00","og_image":[{"width":2243,"height":3323,"url":"https:\/\/www.salve.si\/wp-content\/uploads\/2019\/06\/Romanje-k-podoranim-brazdam-naslovnica_Page_1.jpg","type":"image\/jpeg"}],"twitter_card":"summary_large_image","twitter_misc":{"Est. reading time":"1 minute"},"schema":{"@context":"https:\/\/schema.org","@graph":[{"@type":"WebPage","@id":"https:\/\/www.salve.si\/trgovina\/knjige\/romanje-k-podoranim-brazdam\/","url":"https:\/\/www.salve.si\/trgovina\/knjige\/romanje-k-podoranim-brazdam\/","name":"ROMANJE K PODORANIM BRAZDAM - Salve","isPartOf":{"@id":"https:\/\/www.salve.si\/#website"},"primaryImageOfPage":{"@id":"https:\/\/www.salve.si\/trgovina\/knjige\/romanje-k-podoranim-brazdam\/#primaryimage"},"image":{"@id":"https:\/\/www.salve.si\/trgovina\/knjige\/romanje-k-podoranim-brazdam\/#primaryimage"},"thumbnailUrl":"https:\/\/www.salve.si\/wp-content\/uploads\/2019\/06\/Romanje-k-podoranim-brazdam-naslovnica_Page_1.jpg","datePublished":"2018-06-11T11:16:43+00:00","dateModified":"2019-06-12T09:50:28+00:00","breadcrumb":{"@id":"https:\/\/www.salve.si\/trgovina\/knjige\/romanje-k-podoranim-brazdam\/#breadcrumb"},"inLanguage":"en-US","potentialAction":[{"@type":"ReadAction","target":["https:\/\/www.salve.si\/trgovina\/knjige\/romanje-k-podoranim-brazdam\/"]}]},{"@type":"ImageObject","inLanguage":"en-US","@id":"https:\/\/www.salve.si\/trgovina\/knjige\/romanje-k-podoranim-brazdam\/#primaryimage","url":"https:\/\/www.salve.si\/wp-content\/uploads\/2019\/06\/Romanje-k-podoranim-brazdam-naslovnica_Page_1.jpg","contentUrl":"https:\/\/www.salve.si\/wp-content\/uploads\/2019\/06\/Romanje-k-podoranim-brazdam-naslovnica_Page_1.jpg","width":2243,"height":3323},{"@type":"BreadcrumbList","@id":"https:\/\/www.salve.si\/trgovina\/knjige\/romanje-k-podoranim-brazdam\/#breadcrumb","itemListElement":[{"@type":"ListItem","position":1,"name":"Home","item":"https:\/\/www.salve.si\/"},{"@type":"ListItem","position":2,"name":"Trgovina","item":"https:\/\/www.salve.si\/trgovina\/"},{"@type":"ListItem","position":3,"name":"ROMANJE K PODORANIM BRAZDAM"}]},{"@type":"WebSite","@id":"https:\/\/www.salve.si\/#website","url":"https:\/\/www.salve.si\/","name":"Salve","description":"Salezijanska zalo\u017eba","publisher":{"@id":"https:\/\/www.salve.si\/#organization"},"potentialAction":[{"@type":"SearchAction","target":{"@type":"EntryPoint","urlTemplate":"https:\/\/www.salve.si\/?s={search_term_string}"},"query-input":{"@type":"PropertyValueSpecification","valueRequired":true,"valueName":"search_term_string"}}],"inLanguage":"en-US"},{"@type":"Organization","@id":"https:\/\/www.salve.si\/#organization","name":"Salve d.o.o.","url":"https:\/\/www.salve.si\/","logo":{"@type":"ImageObject","inLanguage":"en-US","@id":"https:\/\/www.salve.si\/#\/schema\/logo\/image\/","url":"https:\/\/www.salve.si\/wp-content\/uploads\/2021\/01\/Salve_logo_modri_nov_web.png","contentUrl":"https:\/\/www.salve.si\/wp-content\/uploads\/2021\/01\/Salve_logo_modri_nov_web.png","width":279,"height":90,"caption":"Salve d.o.o."},"image":{"@id":"https:\/\/www.salve.si\/#\/schema\/logo\/image\/"},"sameAs":["https:\/\/www.facebook.com\/salve.si","https:\/\/www.instagram.com\/zalozbasalve\/","https:\/\/www.linkedin.com\/company\/zalozba-salve\/"]}]}},"_links":{"self":[{"href":"https:\/\/www.salve.si\/en\/wp-json\/wp\/v2\/product\/6369","targetHints":{"allow":["GET"]}}],"collection":[{"href":"https:\/\/www.salve.si\/en\/wp-json\/wp\/v2\/product"}],"about":[{"href":"https:\/\/www.salve.si\/en\/wp-json\/wp\/v2\/types\/product"}],"version-history":[{"count":1,"href":"https:\/\/www.salve.si\/en\/wp-json\/wp\/v2\/product\/6369\/revisions"}],"predecessor-version":[{"id":6372,"href":"https:\/\/www.salve.si\/en\/wp-json\/wp\/v2\/product\/6369\/revisions\/6372"}],"wp:featuredmedia":[{"embeddable":true,"href":"https:\/\/www.salve.si\/en\/wp-json\/wp\/v2\/media\/6370"}],"wp:attachment":[{"href":"https:\/\/www.salve.si\/en\/wp-json\/wp\/v2\/media?parent=6369"}],"wp:term":[{"taxonomy":"product_cat","embeddable":true,"href":"https:\/\/www.salve.si\/en\/wp-json\/wp\/v2\/product_cat?post=6369"},{"taxonomy":"product_tag","embeddable":true,"href":"https:\/\/www.salve.si\/en\/wp-json\/wp\/v2\/product_tag?post=6369"}],"curies":[{"name":"wp","href":"https:\/\/api.w.org\/{rel}","templated":true}]}}