{"id":6240,"date":"2019-06-12T10:01:31","date_gmt":"2019-06-12T08:01:31","guid":{"rendered":"https:\/\/www.salve.si\/?post_type=product&#038;p=6240"},"modified":"2019-08-20T11:31:14","modified_gmt":"2019-08-20T09:31:14","slug":"don-bosko-duhovnik-mladih","status":"publish","type":"product","link":"https:\/\/www.salve.si\/en\/trgovina\/knjige\/svetniki-in-zivljenjepisi\/don-bosko-duhovnik-mladih\/","title":{"rendered":"JANEZ BOSKO, DUHOVNIK MLADIH"},"content":{"rendered":"<p>Salezijanski zgodovinar Pietro Braido je sku\u0161al njegovo \u017eivljenje predstaviti kar najbolj skrbno, uravnote\u017eeno in objektivno. Sami \u017eivljenjepisni podatki niso podrobno opisani. V zgodovinskem kontekstu je avtor sku\u0161al opredeliti in umestiti osebnost in lastnosti don Boska v stalnem medsebojnem vplivanju z dogodki, ki veljajo za zgodovinsko pomembne: kako razumeti njega, njegovo bitje in delo; ustanavljanje mladinskih struktur; pridobivanje in usposabljanje prvih mladih sodelavcev ter vklju\u010devanje velikega \u0161tevila podpornikov; metode ume\u0161\u010danja v civilni in cerkveni svet; ideje razvijanja izobra\u017eevalnih dejavnosti in njegov preventivni sistem, ki vklju\u010duje vse oblike delovanja in odnosov.<\/p>\n<p>Avtor \u017eeli odgovoriti na dve temeljni vpra\u0161anji: kdo je bil don Bosko kot osebnost in kdo je bil don Bosko v svojem \u010dasu. Delo zvesto odra\u017ea don Boskovo resni\u010dno bistvo \u010dloveka, duhovnika in vzgojitelja.<span class=\"slv-content-keywords\"> Pietro Braido Knjige Avtobiografije, \u017eivljenjepisi biografija don Bosko metode dela pedagogika Znanstvena biografija, 1. zvezek <\/span><\/p>","protected":false},"excerpt":{"rendered":"<p>Eno temeljnih znanstvenih del o duhovniku in vzgojitelju Janezu Bosku, ki je utemeljil salezijanski preventivni vzgojni sistem, poznan po vsem svetu. Delo je v pomo\u010d \u0161tudentom pedago\u0161kih in teolo\u0161kih smeri, raziskovalcem, profesorjem, vzgojiteljem in \u010dlanom salezijanske dru\u017eine pri njihovem poslanstvu.<\/p>","protected":false},"featured_media":6244,"template":"","meta":{"_acf_changed":false,"footnotes":""},"product_cat":[141,315],"product_tag":[844,843,842,845],"class_list":{"0":"post-6240","1":"product","2":"type-product","3":"status-publish","4":"has-post-thumbnail","6":"authors-pietro-braido","7":"publisher-salve-d-o-o-ljubljana","8":"product_cat-knjige","9":"product_cat-svetniki-in-zivljenjepisi","10":"product_tag-biografija","11":"product_tag-don-bosko","12":"product_tag-metode-dela","13":"product_tag-pedagogika","15":"first","16":"instock","17":"shipping-taxable","18":"purchasable","19":"product-type-simple"},"acf":[],"yoast_head":"<!-- This site is optimized with the Yoast SEO plugin v23.8 - https:\/\/yoast.com\/wordpress\/plugins\/seo\/ -->\n<title>JANEZ BOSKO, DUHOVNIK MLADIH - Salve<\/title>\n<meta name=\"robots\" content=\"index, follow, max-snippet:-1, max-image-preview:large, max-video-preview:-1\" \/>\n<link rel=\"canonical\" href=\"https:\/\/www.salve.si\/en\/trgovina\/knjige\/svetniki-in-zivljenjepisi\/don-bosko-duhovnik-mladih\/\" \/>\n<meta property=\"og:locale\" content=\"en_US\" \/>\n<meta property=\"og:type\" content=\"article\" \/>\n<meta property=\"og:title\" content=\"JANEZ BOSKO, DUHOVNIK MLADIH - Salve\" \/>\n<meta property=\"og:description\" content=\"Eno temeljnih znanstvenih del o duhovniku in vzgojitelju Janezu Bosku, ki je utemeljil salezijanski preventivni vzgojni sistem, poznan po vsem svetu. Delo je v pomo\u010d \u0161tudentom pedago\u0161kih in teolo\u0161kih smeri, raziskovalcem, profesorjem, vzgojiteljem in \u010dlanom salezijanske dru\u017eine pri njihovem poslanstvu.\" \/>\n<meta property=\"og:url\" content=\"https:\/\/www.salve.si\/en\/trgovina\/knjige\/svetniki-in-zivljenjepisi\/don-bosko-duhovnik-mladih\/\" \/>\n<meta property=\"og:site_name\" content=\"Salve\" \/>\n<meta property=\"article:publisher\" content=\"https:\/\/www.facebook.com\/salve.si\" \/>\n<meta property=\"article:modified_time\" content=\"2019-08-20T09:31:14+00:00\" \/>\n<meta property=\"og:image\" content=\"https:\/\/www.salve.si\/wp-content\/uploads\/2019\/04\/57550616_849561442068349_1500389757627138048_n1.png\" \/>\n\t<meta property=\"og:image:width\" content=\"580\" \/>\n\t<meta property=\"og:image:height\" content=\"580\" \/>\n\t<meta property=\"og:image:type\" content=\"image\/png\" \/>\n<meta name=\"twitter:card\" content=\"summary_large_image\" \/>\n<meta name=\"twitter:label1\" content=\"Est. reading time\" \/>\n\t<meta name=\"twitter:data1\" content=\"1 minute\" \/>\n<script type=\"application\/ld+json\" class=\"yoast-schema-graph\">{\"@context\":\"https:\/\/schema.org\",\"@graph\":[{\"@type\":\"WebPage\",\"@id\":\"https:\/\/www.salve.si\/trgovina\/knjige\/svetniki-in-zivljenjepisi\/don-bosko-duhovnik-mladih\/\",\"url\":\"https:\/\/www.salve.si\/trgovina\/knjige\/svetniki-in-zivljenjepisi\/don-bosko-duhovnik-mladih\/\",\"name\":\"JANEZ BOSKO, DUHOVNIK MLADIH - Salve\",\"isPartOf\":{\"@id\":\"https:\/\/www.salve.si\/#website\"},\"primaryImageOfPage\":{\"@id\":\"https:\/\/www.salve.si\/trgovina\/knjige\/svetniki-in-zivljenjepisi\/don-bosko-duhovnik-mladih\/#primaryimage\"},\"image\":{\"@id\":\"https:\/\/www.salve.si\/trgovina\/knjige\/svetniki-in-zivljenjepisi\/don-bosko-duhovnik-mladih\/#primaryimage\"},\"thumbnailUrl\":\"https:\/\/www.salve.si\/wp-content\/uploads\/2019\/04\/57550616_849561442068349_1500389757627138048_n1.png\",\"datePublished\":\"2019-06-12T08:01:31+00:00\",\"dateModified\":\"2019-08-20T09:31:14+00:00\",\"breadcrumb\":{\"@id\":\"https:\/\/www.salve.si\/trgovina\/knjige\/svetniki-in-zivljenjepisi\/don-bosko-duhovnik-mladih\/#breadcrumb\"},\"inLanguage\":\"en-US\",\"potentialAction\":[{\"@type\":\"ReadAction\",\"target\":[\"https:\/\/www.salve.si\/trgovina\/knjige\/svetniki-in-zivljenjepisi\/don-bosko-duhovnik-mladih\/\"]}]},{\"@type\":\"ImageObject\",\"inLanguage\":\"en-US\",\"@id\":\"https:\/\/www.salve.si\/trgovina\/knjige\/svetniki-in-zivljenjepisi\/don-bosko-duhovnik-mladih\/#primaryimage\",\"url\":\"https:\/\/www.salve.si\/wp-content\/uploads\/2019\/04\/57550616_849561442068349_1500389757627138048_n1.png\",\"contentUrl\":\"https:\/\/www.salve.si\/wp-content\/uploads\/2019\/04\/57550616_849561442068349_1500389757627138048_n1.png\",\"width\":580,\"height\":580},{\"@type\":\"BreadcrumbList\",\"@id\":\"https:\/\/www.salve.si\/trgovina\/knjige\/svetniki-in-zivljenjepisi\/don-bosko-duhovnik-mladih\/#breadcrumb\",\"itemListElement\":[{\"@type\":\"ListItem\",\"position\":1,\"name\":\"Home\",\"item\":\"https:\/\/www.salve.si\/\"},{\"@type\":\"ListItem\",\"position\":2,\"name\":\"Trgovina\",\"item\":\"https:\/\/www.salve.si\/trgovina\/\"},{\"@type\":\"ListItem\",\"position\":3,\"name\":\"JANEZ BOSKO, DUHOVNIK MLADIH\"}]},{\"@type\":\"WebSite\",\"@id\":\"https:\/\/www.salve.si\/#website\",\"url\":\"https:\/\/www.salve.si\/\",\"name\":\"Salve\",\"description\":\"Salezijanska zalo\u017eba\",\"publisher\":{\"@id\":\"https:\/\/www.salve.si\/#organization\"},\"potentialAction\":[{\"@type\":\"SearchAction\",\"target\":{\"@type\":\"EntryPoint\",\"urlTemplate\":\"https:\/\/www.salve.si\/?s={search_term_string}\"},\"query-input\":{\"@type\":\"PropertyValueSpecification\",\"valueRequired\":true,\"valueName\":\"search_term_string\"}}],\"inLanguage\":\"en-US\"},{\"@type\":\"Organization\",\"@id\":\"https:\/\/www.salve.si\/#organization\",\"name\":\"Salve d.o.o.\",\"url\":\"https:\/\/www.salve.si\/\",\"logo\":{\"@type\":\"ImageObject\",\"inLanguage\":\"en-US\",\"@id\":\"https:\/\/www.salve.si\/#\/schema\/logo\/image\/\",\"url\":\"https:\/\/www.salve.si\/wp-content\/uploads\/2021\/01\/Salve_logo_modri_nov_web.png\",\"contentUrl\":\"https:\/\/www.salve.si\/wp-content\/uploads\/2021\/01\/Salve_logo_modri_nov_web.png\",\"width\":279,\"height\":90,\"caption\":\"Salve d.o.o.\"},\"image\":{\"@id\":\"https:\/\/www.salve.si\/#\/schema\/logo\/image\/\"},\"sameAs\":[\"https:\/\/www.facebook.com\/salve.si\",\"https:\/\/www.instagram.com\/zalozbasalve\/\",\"https:\/\/www.linkedin.com\/company\/zalozba-salve\/\"]}]}<\/script>\n<!-- \/ Yoast SEO plugin. -->","yoast_head_json":{"title":"JANEZ BOSKO, DUHOVNIK MLADIH - Salve","robots":{"index":"index","follow":"follow","max-snippet":"max-snippet:-1","max-image-preview":"max-image-preview:large","max-video-preview":"max-video-preview:-1"},"canonical":"https:\/\/www.salve.si\/en\/trgovina\/knjige\/svetniki-in-zivljenjepisi\/don-bosko-duhovnik-mladih\/","og_locale":"en_US","og_type":"article","og_title":"JANEZ BOSKO, DUHOVNIK MLADIH - Salve","og_description":"Eno temeljnih znanstvenih del o duhovniku in vzgojitelju Janezu Bosku, ki je utemeljil salezijanski preventivni vzgojni sistem, poznan po vsem svetu. Delo je v pomo\u010d \u0161tudentom pedago\u0161kih in teolo\u0161kih smeri, raziskovalcem, profesorjem, vzgojiteljem in \u010dlanom salezijanske dru\u017eine pri njihovem poslanstvu.","og_url":"https:\/\/www.salve.si\/en\/trgovina\/knjige\/svetniki-in-zivljenjepisi\/don-bosko-duhovnik-mladih\/","og_site_name":"Salve","article_publisher":"https:\/\/www.facebook.com\/salve.si","article_modified_time":"2019-08-20T09:31:14+00:00","og_image":[{"width":580,"height":580,"url":"https:\/\/www.salve.si\/wp-content\/uploads\/2019\/04\/57550616_849561442068349_1500389757627138048_n1.png","type":"image\/png"}],"twitter_card":"summary_large_image","twitter_misc":{"Est. reading time":"1 minute"},"schema":{"@context":"https:\/\/schema.org","@graph":[{"@type":"WebPage","@id":"https:\/\/www.salve.si\/trgovina\/knjige\/svetniki-in-zivljenjepisi\/don-bosko-duhovnik-mladih\/","url":"https:\/\/www.salve.si\/trgovina\/knjige\/svetniki-in-zivljenjepisi\/don-bosko-duhovnik-mladih\/","name":"JANEZ BOSKO, DUHOVNIK MLADIH - Salve","isPartOf":{"@id":"https:\/\/www.salve.si\/#website"},"primaryImageOfPage":{"@id":"https:\/\/www.salve.si\/trgovina\/knjige\/svetniki-in-zivljenjepisi\/don-bosko-duhovnik-mladih\/#primaryimage"},"image":{"@id":"https:\/\/www.salve.si\/trgovina\/knjige\/svetniki-in-zivljenjepisi\/don-bosko-duhovnik-mladih\/#primaryimage"},"thumbnailUrl":"https:\/\/www.salve.si\/wp-content\/uploads\/2019\/04\/57550616_849561442068349_1500389757627138048_n1.png","datePublished":"2019-06-12T08:01:31+00:00","dateModified":"2019-08-20T09:31:14+00:00","breadcrumb":{"@id":"https:\/\/www.salve.si\/trgovina\/knjige\/svetniki-in-zivljenjepisi\/don-bosko-duhovnik-mladih\/#breadcrumb"},"inLanguage":"en-US","potentialAction":[{"@type":"ReadAction","target":["https:\/\/www.salve.si\/trgovina\/knjige\/svetniki-in-zivljenjepisi\/don-bosko-duhovnik-mladih\/"]}]},{"@type":"ImageObject","inLanguage":"en-US","@id":"https:\/\/www.salve.si\/trgovina\/knjige\/svetniki-in-zivljenjepisi\/don-bosko-duhovnik-mladih\/#primaryimage","url":"https:\/\/www.salve.si\/wp-content\/uploads\/2019\/04\/57550616_849561442068349_1500389757627138048_n1.png","contentUrl":"https:\/\/www.salve.si\/wp-content\/uploads\/2019\/04\/57550616_849561442068349_1500389757627138048_n1.png","width":580,"height":580},{"@type":"BreadcrumbList","@id":"https:\/\/www.salve.si\/trgovina\/knjige\/svetniki-in-zivljenjepisi\/don-bosko-duhovnik-mladih\/#breadcrumb","itemListElement":[{"@type":"ListItem","position":1,"name":"Home","item":"https:\/\/www.salve.si\/"},{"@type":"ListItem","position":2,"name":"Trgovina","item":"https:\/\/www.salve.si\/trgovina\/"},{"@type":"ListItem","position":3,"name":"JANEZ BOSKO, DUHOVNIK MLADIH"}]},{"@type":"WebSite","@id":"https:\/\/www.salve.si\/#website","url":"https:\/\/www.salve.si\/","name":"Salve","description":"Salezijanska zalo\u017eba","publisher":{"@id":"https:\/\/www.salve.si\/#organization"},"potentialAction":[{"@type":"SearchAction","target":{"@type":"EntryPoint","urlTemplate":"https:\/\/www.salve.si\/?s={search_term_string}"},"query-input":{"@type":"PropertyValueSpecification","valueRequired":true,"valueName":"search_term_string"}}],"inLanguage":"en-US"},{"@type":"Organization","@id":"https:\/\/www.salve.si\/#organization","name":"Salve d.o.o.","url":"https:\/\/www.salve.si\/","logo":{"@type":"ImageObject","inLanguage":"en-US","@id":"https:\/\/www.salve.si\/#\/schema\/logo\/image\/","url":"https:\/\/www.salve.si\/wp-content\/uploads\/2021\/01\/Salve_logo_modri_nov_web.png","contentUrl":"https:\/\/www.salve.si\/wp-content\/uploads\/2021\/01\/Salve_logo_modri_nov_web.png","width":279,"height":90,"caption":"Salve d.o.o."},"image":{"@id":"https:\/\/www.salve.si\/#\/schema\/logo\/image\/"},"sameAs":["https:\/\/www.facebook.com\/salve.si","https:\/\/www.instagram.com\/zalozbasalve\/","https:\/\/www.linkedin.com\/company\/zalozba-salve\/"]}]}},"_links":{"self":[{"href":"https:\/\/www.salve.si\/en\/wp-json\/wp\/v2\/product\/6240","targetHints":{"allow":["GET"]}}],"collection":[{"href":"https:\/\/www.salve.si\/en\/wp-json\/wp\/v2\/product"}],"about":[{"href":"https:\/\/www.salve.si\/en\/wp-json\/wp\/v2\/types\/product"}],"version-history":[{"count":8,"href":"https:\/\/www.salve.si\/en\/wp-json\/wp\/v2\/product\/6240\/revisions"}],"predecessor-version":[{"id":6693,"href":"https:\/\/www.salve.si\/en\/wp-json\/wp\/v2\/product\/6240\/revisions\/6693"}],"wp:featuredmedia":[{"embeddable":true,"href":"https:\/\/www.salve.si\/en\/wp-json\/wp\/v2\/media\/6244"}],"wp:attachment":[{"href":"https:\/\/www.salve.si\/en\/wp-json\/wp\/v2\/media?parent=6240"}],"wp:term":[{"taxonomy":"product_cat","embeddable":true,"href":"https:\/\/www.salve.si\/en\/wp-json\/wp\/v2\/product_cat?post=6240"},{"taxonomy":"product_tag","embeddable":true,"href":"https:\/\/www.salve.si\/en\/wp-json\/wp\/v2\/product_tag?post=6240"}],"curies":[{"name":"wp","href":"https:\/\/api.w.org\/{rel}","templated":true}]}}