{"id":5975,"date":"2019-03-29T10:42:33","date_gmt":"2019-03-29T09:42:33","guid":{"rendered":"https:\/\/www.salve.si\/?post_type=product&#038;p=5975"},"modified":"2019-12-23T13:35:02","modified_gmt":"2019-12-23T12:35:02","slug":"slovenska-kolesarska-jakobova-pot","status":"publish","type":"product","link":"https:\/\/www.salve.si\/en\/trgovina\/knjige\/prirocniki\/slovenska-kolesarska-jakobova-pot\/","title":{"rendered":"SLOVENSKA KOLESARSKA JAKOBOVA POT"},"content":{"rendered":"<p>Na 248. straneh opisana 340 km dolga slovenska kolesarska Jakobova pot. Kolesarski potopis vsebuje ogromno dodatnih zemljepisnih in zgodovinskih, kulturnih in verskih, narodopisnih in naravnih zanimivost, prav tako knjiga vsebuje zemljevide vseh etap.<\/p>\n<p>Avtorja potopisa, zakonca Helena in Franc \u0160tefani\u010d, sta sprostitev po naporni slu\u017ebi na\u0161la v kolesarjenju in petju. Kolesarska pot ju je pripeljala do tega, da se od l. 2004 vsako leto podata na novo romarsko pot s kolesom. Tako sta prekolesarila pot iz Ko\u010devja do Assisija in Rim, iz Ko\u010devja v Me\u0111ugorje, iz Nice do Lurda, po portugalskem Caminu, po Izraelu in Palestini&#8230; ter seveda l. 2010 prvi\u010d strnjeno v petih dneh po slovenski kolesarski Jakobovi poti od Slovenske vasi pri Bregani do Trsta.<span class=\"slv-content-keywords\"> Franc \u0160tefani\u010d Helena \u0160tefani\u010d Knjige Potopisi Priro\u010dniki kolesarjenje slovenska Jakobova pot dopolnjena 2. izdaja <\/span><\/p>","protected":false},"excerpt":{"rendered":"<p>Vodnik po 340 km dolgi slovenski kolesarski Jakobovi poti.<\/p>","protected":false},"featured_media":5980,"template":"","meta":{"_acf_changed":false,"footnotes":""},"product_cat":[141,638,316],"product_tag":[789,784],"class_list":{"0":"post-5975","1":"product","2":"type-product","3":"status-publish","4":"has-post-thumbnail","6":"authors-franc-stefanic","7":"authors-helena-stefanic","8":"publisher-samozalozba","9":"product_cat-knjige","10":"product_cat-potopisi","11":"product_cat-prirocniki","12":"product_tag-kolesarjenje","13":"product_tag-slovenska-jakobova-pot","15":"first","16":"outofstock","17":"shipping-taxable","18":"purchasable","19":"product-type-simple"},"acf":[],"yoast_head":"<!-- This site is optimized with the Yoast SEO plugin v23.8 - https:\/\/yoast.com\/wordpress\/plugins\/seo\/ -->\n<title>SLOVENSKA KOLESARSKA JAKOBOVA POT - Salve<\/title>\n<meta name=\"robots\" content=\"index, follow, max-snippet:-1, max-image-preview:large, max-video-preview:-1\" \/>\n<link rel=\"canonical\" href=\"https:\/\/www.salve.si\/en\/trgovina\/knjige\/prirocniki\/slovenska-kolesarska-jakobova-pot\/\" \/>\n<meta property=\"og:locale\" content=\"en_US\" \/>\n<meta property=\"og:type\" content=\"article\" \/>\n<meta property=\"og:title\" content=\"SLOVENSKA KOLESARSKA JAKOBOVA POT - Salve\" \/>\n<meta property=\"og:description\" content=\"Vodnik po 340 km dolgi slovenski kolesarski Jakobovi poti.\" \/>\n<meta property=\"og:url\" content=\"https:\/\/www.salve.si\/en\/trgovina\/knjige\/prirocniki\/slovenska-kolesarska-jakobova-pot\/\" \/>\n<meta property=\"og:site_name\" content=\"Salve\" \/>\n<meta property=\"article:publisher\" content=\"https:\/\/www.facebook.com\/salve.si\" \/>\n<meta property=\"article:modified_time\" content=\"2019-12-23T12:35:02+00:00\" \/>\n<meta property=\"og:image\" content=\"https:\/\/www.salve.si\/wp-content\/uploads\/2019\/03\/Slovenska-kolesarska-Jakobova-pot-naslovnica.jpg\" \/>\n\t<meta property=\"og:image:width\" content=\"1498\" \/>\n\t<meta property=\"og:image:height\" content=\"2807\" \/>\n\t<meta property=\"og:image:type\" content=\"image\/jpeg\" \/>\n<meta name=\"twitter:card\" content=\"summary_large_image\" \/>\n<meta name=\"twitter:label1\" content=\"Est. reading time\" \/>\n\t<meta name=\"twitter:data1\" content=\"1 minute\" \/>\n<script type=\"application\/ld+json\" class=\"yoast-schema-graph\">{\"@context\":\"https:\/\/schema.org\",\"@graph\":[{\"@type\":\"WebPage\",\"@id\":\"https:\/\/www.salve.si\/trgovina\/knjige\/prirocniki\/slovenska-kolesarska-jakobova-pot\/\",\"url\":\"https:\/\/www.salve.si\/trgovina\/knjige\/prirocniki\/slovenska-kolesarska-jakobova-pot\/\",\"name\":\"SLOVENSKA KOLESARSKA JAKOBOVA POT - Salve\",\"isPartOf\":{\"@id\":\"https:\/\/www.salve.si\/#website\"},\"primaryImageOfPage\":{\"@id\":\"https:\/\/www.salve.si\/trgovina\/knjige\/prirocniki\/slovenska-kolesarska-jakobova-pot\/#primaryimage\"},\"image\":{\"@id\":\"https:\/\/www.salve.si\/trgovina\/knjige\/prirocniki\/slovenska-kolesarska-jakobova-pot\/#primaryimage\"},\"thumbnailUrl\":\"https:\/\/www.salve.si\/wp-content\/uploads\/2019\/03\/Slovenska-kolesarska-Jakobova-pot-naslovnica.jpg\",\"datePublished\":\"2019-03-29T09:42:33+00:00\",\"dateModified\":\"2019-12-23T12:35:02+00:00\",\"breadcrumb\":{\"@id\":\"https:\/\/www.salve.si\/trgovina\/knjige\/prirocniki\/slovenska-kolesarska-jakobova-pot\/#breadcrumb\"},\"inLanguage\":\"en-US\",\"potentialAction\":[{\"@type\":\"ReadAction\",\"target\":[\"https:\/\/www.salve.si\/trgovina\/knjige\/prirocniki\/slovenska-kolesarska-jakobova-pot\/\"]}]},{\"@type\":\"ImageObject\",\"inLanguage\":\"en-US\",\"@id\":\"https:\/\/www.salve.si\/trgovina\/knjige\/prirocniki\/slovenska-kolesarska-jakobova-pot\/#primaryimage\",\"url\":\"https:\/\/www.salve.si\/wp-content\/uploads\/2019\/03\/Slovenska-kolesarska-Jakobova-pot-naslovnica.jpg\",\"contentUrl\":\"https:\/\/www.salve.si\/wp-content\/uploads\/2019\/03\/Slovenska-kolesarska-Jakobova-pot-naslovnica.jpg\",\"width\":1498,\"height\":2807},{\"@type\":\"BreadcrumbList\",\"@id\":\"https:\/\/www.salve.si\/trgovina\/knjige\/prirocniki\/slovenska-kolesarska-jakobova-pot\/#breadcrumb\",\"itemListElement\":[{\"@type\":\"ListItem\",\"position\":1,\"name\":\"Home\",\"item\":\"https:\/\/www.salve.si\/\"},{\"@type\":\"ListItem\",\"position\":2,\"name\":\"Trgovina\",\"item\":\"https:\/\/www.salve.si\/trgovina\/\"},{\"@type\":\"ListItem\",\"position\":3,\"name\":\"SLOVENSKA KOLESARSKA JAKOBOVA POT\"}]},{\"@type\":\"WebSite\",\"@id\":\"https:\/\/www.salve.si\/#website\",\"url\":\"https:\/\/www.salve.si\/\",\"name\":\"Salve\",\"description\":\"Salezijanska zalo\u017eba\",\"publisher\":{\"@id\":\"https:\/\/www.salve.si\/#organization\"},\"potentialAction\":[{\"@type\":\"SearchAction\",\"target\":{\"@type\":\"EntryPoint\",\"urlTemplate\":\"https:\/\/www.salve.si\/?s={search_term_string}\"},\"query-input\":{\"@type\":\"PropertyValueSpecification\",\"valueRequired\":true,\"valueName\":\"search_term_string\"}}],\"inLanguage\":\"en-US\"},{\"@type\":\"Organization\",\"@id\":\"https:\/\/www.salve.si\/#organization\",\"name\":\"Salve d.o.o.\",\"url\":\"https:\/\/www.salve.si\/\",\"logo\":{\"@type\":\"ImageObject\",\"inLanguage\":\"en-US\",\"@id\":\"https:\/\/www.salve.si\/#\/schema\/logo\/image\/\",\"url\":\"https:\/\/www.salve.si\/wp-content\/uploads\/2021\/01\/Salve_logo_modri_nov_web.png\",\"contentUrl\":\"https:\/\/www.salve.si\/wp-content\/uploads\/2021\/01\/Salve_logo_modri_nov_web.png\",\"width\":279,\"height\":90,\"caption\":\"Salve d.o.o.\"},\"image\":{\"@id\":\"https:\/\/www.salve.si\/#\/schema\/logo\/image\/\"},\"sameAs\":[\"https:\/\/www.facebook.com\/salve.si\",\"https:\/\/www.instagram.com\/zalozbasalve\/\",\"https:\/\/www.linkedin.com\/company\/zalozba-salve\/\"]}]}<\/script>\n<!-- \/ Yoast SEO plugin. -->","yoast_head_json":{"title":"SLOVENSKA KOLESARSKA JAKOBOVA POT - Salve","robots":{"index":"index","follow":"follow","max-snippet":"max-snippet:-1","max-image-preview":"max-image-preview:large","max-video-preview":"max-video-preview:-1"},"canonical":"https:\/\/www.salve.si\/en\/trgovina\/knjige\/prirocniki\/slovenska-kolesarska-jakobova-pot\/","og_locale":"en_US","og_type":"article","og_title":"SLOVENSKA KOLESARSKA JAKOBOVA POT - Salve","og_description":"Vodnik po 340 km dolgi slovenski kolesarski Jakobovi poti.","og_url":"https:\/\/www.salve.si\/en\/trgovina\/knjige\/prirocniki\/slovenska-kolesarska-jakobova-pot\/","og_site_name":"Salve","article_publisher":"https:\/\/www.facebook.com\/salve.si","article_modified_time":"2019-12-23T12:35:02+00:00","og_image":[{"width":1498,"height":2807,"url":"https:\/\/www.salve.si\/wp-content\/uploads\/2019\/03\/Slovenska-kolesarska-Jakobova-pot-naslovnica.jpg","type":"image\/jpeg"}],"twitter_card":"summary_large_image","twitter_misc":{"Est. reading time":"1 minute"},"schema":{"@context":"https:\/\/schema.org","@graph":[{"@type":"WebPage","@id":"https:\/\/www.salve.si\/trgovina\/knjige\/prirocniki\/slovenska-kolesarska-jakobova-pot\/","url":"https:\/\/www.salve.si\/trgovina\/knjige\/prirocniki\/slovenska-kolesarska-jakobova-pot\/","name":"SLOVENSKA KOLESARSKA JAKOBOVA POT - Salve","isPartOf":{"@id":"https:\/\/www.salve.si\/#website"},"primaryImageOfPage":{"@id":"https:\/\/www.salve.si\/trgovina\/knjige\/prirocniki\/slovenska-kolesarska-jakobova-pot\/#primaryimage"},"image":{"@id":"https:\/\/www.salve.si\/trgovina\/knjige\/prirocniki\/slovenska-kolesarska-jakobova-pot\/#primaryimage"},"thumbnailUrl":"https:\/\/www.salve.si\/wp-content\/uploads\/2019\/03\/Slovenska-kolesarska-Jakobova-pot-naslovnica.jpg","datePublished":"2019-03-29T09:42:33+00:00","dateModified":"2019-12-23T12:35:02+00:00","breadcrumb":{"@id":"https:\/\/www.salve.si\/trgovina\/knjige\/prirocniki\/slovenska-kolesarska-jakobova-pot\/#breadcrumb"},"inLanguage":"en-US","potentialAction":[{"@type":"ReadAction","target":["https:\/\/www.salve.si\/trgovina\/knjige\/prirocniki\/slovenska-kolesarska-jakobova-pot\/"]}]},{"@type":"ImageObject","inLanguage":"en-US","@id":"https:\/\/www.salve.si\/trgovina\/knjige\/prirocniki\/slovenska-kolesarska-jakobova-pot\/#primaryimage","url":"https:\/\/www.salve.si\/wp-content\/uploads\/2019\/03\/Slovenska-kolesarska-Jakobova-pot-naslovnica.jpg","contentUrl":"https:\/\/www.salve.si\/wp-content\/uploads\/2019\/03\/Slovenska-kolesarska-Jakobova-pot-naslovnica.jpg","width":1498,"height":2807},{"@type":"BreadcrumbList","@id":"https:\/\/www.salve.si\/trgovina\/knjige\/prirocniki\/slovenska-kolesarska-jakobova-pot\/#breadcrumb","itemListElement":[{"@type":"ListItem","position":1,"name":"Home","item":"https:\/\/www.salve.si\/"},{"@type":"ListItem","position":2,"name":"Trgovina","item":"https:\/\/www.salve.si\/trgovina\/"},{"@type":"ListItem","position":3,"name":"SLOVENSKA KOLESARSKA JAKOBOVA POT"}]},{"@type":"WebSite","@id":"https:\/\/www.salve.si\/#website","url":"https:\/\/www.salve.si\/","name":"Salve","description":"Salezijanska zalo\u017eba","publisher":{"@id":"https:\/\/www.salve.si\/#organization"},"potentialAction":[{"@type":"SearchAction","target":{"@type":"EntryPoint","urlTemplate":"https:\/\/www.salve.si\/?s={search_term_string}"},"query-input":{"@type":"PropertyValueSpecification","valueRequired":true,"valueName":"search_term_string"}}],"inLanguage":"en-US"},{"@type":"Organization","@id":"https:\/\/www.salve.si\/#organization","name":"Salve d.o.o.","url":"https:\/\/www.salve.si\/","logo":{"@type":"ImageObject","inLanguage":"en-US","@id":"https:\/\/www.salve.si\/#\/schema\/logo\/image\/","url":"https:\/\/www.salve.si\/wp-content\/uploads\/2021\/01\/Salve_logo_modri_nov_web.png","contentUrl":"https:\/\/www.salve.si\/wp-content\/uploads\/2021\/01\/Salve_logo_modri_nov_web.png","width":279,"height":90,"caption":"Salve d.o.o."},"image":{"@id":"https:\/\/www.salve.si\/#\/schema\/logo\/image\/"},"sameAs":["https:\/\/www.facebook.com\/salve.si","https:\/\/www.instagram.com\/zalozbasalve\/","https:\/\/www.linkedin.com\/company\/zalozba-salve\/"]}]}},"_links":{"self":[{"href":"https:\/\/www.salve.si\/en\/wp-json\/wp\/v2\/product\/5975","targetHints":{"allow":["GET"]}}],"collection":[{"href":"https:\/\/www.salve.si\/en\/wp-json\/wp\/v2\/product"}],"about":[{"href":"https:\/\/www.salve.si\/en\/wp-json\/wp\/v2\/types\/product"}],"version-history":[{"count":2,"href":"https:\/\/www.salve.si\/en\/wp-json\/wp\/v2\/product\/5975\/revisions"}],"predecessor-version":[{"id":5982,"href":"https:\/\/www.salve.si\/en\/wp-json\/wp\/v2\/product\/5975\/revisions\/5982"}],"wp:featuredmedia":[{"embeddable":true,"href":"https:\/\/www.salve.si\/en\/wp-json\/wp\/v2\/media\/5980"}],"wp:attachment":[{"href":"https:\/\/www.salve.si\/en\/wp-json\/wp\/v2\/media?parent=5975"}],"wp:term":[{"taxonomy":"product_cat","embeddable":true,"href":"https:\/\/www.salve.si\/en\/wp-json\/wp\/v2\/product_cat?post=5975"},{"taxonomy":"product_tag","embeddable":true,"href":"https:\/\/www.salve.si\/en\/wp-json\/wp\/v2\/product_tag?post=5975"}],"curies":[{"name":"wp","href":"https:\/\/api.w.org\/{rel}","templated":true}]}}