{"id":5966,"date":"2019-03-28T14:50:59","date_gmt":"2019-03-28T13:50:59","guid":{"rendered":"https:\/\/www.salve.si\/?post_type=product&#038;p=5966"},"modified":"2022-12-07T15:02:35","modified_gmt":"2022-12-07T14:02:35","slug":"bom-naredil-stezice-ki-so-vcasih-bile","status":"publish","type":"product","link":"https:\/\/www.salve.si\/en\/trgovina\/knjige\/prirocniki\/bom-naredil-stezice-ki-so-vcasih-bile\/","title":{"rendered":"BOM NAREDIL STEZICE, KI SO V\u010cASIH BILE"},"content":{"rendered":"<p>Tretji vodnik po slovenskih jakobovih poteh vklju\u010duje prekmursko-\u0161tajersko vejo Jakobove poti &#8211; iz Kobilja (nekdanji mejni prehod pri mad\u017earski meji) do sv. Jakoba v LJubljani.<\/p>\n<p>Potopis vsebuje ogromno dodatnih zemljepisnih in zgodovinskih, kulturnih in verskih, narodopisnih in naravnih zanimivosti in znamenitosti, ki na vsakem koraku nasi\u010dujejo in napajajo romarjevo du\u0161o, kakor bistri studenci in prijazna po\u010divali\u0161\u010da pravo\u010dasno te\u0161ijo romarjevo lakoto in njegovo \u017eejo.<span class=\"slv-content-keywords\"> Marjeta in Metodij Rigler Knjige Potopisi Priro\u010dniki pohodni\u0161tvo slovenska Jakobova pot Vodnik po prekmursko-\u0161tajerski veji Jakobove poti <\/span><\/p>","protected":false},"excerpt":{"rendered":"<p>Jakobova pod od mad\u017earske meje do Ljubljane.<\/p>","protected":false},"featured_media":5972,"template":"","meta":{"_acf_changed":false,"footnotes":""},"product_cat":[141,638,316],"product_tag":[783,784],"class_list":{"0":"post-5966","1":"product","2":"type-product","3":"status-publish","4":"has-post-thumbnail","6":"authors-marjeta-in-metodij-rigler","7":"publisher-samozalozba","8":"product_cat-knjige","9":"product_cat-potopisi","10":"product_cat-prirocniki","11":"product_tag-pohodnistvo","12":"product_tag-slovenska-jakobova-pot","14":"first","15":"outofstock","16":"shipping-taxable","17":"purchasable","18":"product-type-simple"},"acf":[],"yoast_head":"<!-- This site is optimized with the Yoast SEO plugin v23.8 - https:\/\/yoast.com\/wordpress\/plugins\/seo\/ -->\n<title>BOM NAREDIL STEZICE, KI SO V\u010cASIH BILE - Salve<\/title>\n<meta name=\"robots\" content=\"index, follow, max-snippet:-1, max-image-preview:large, max-video-preview:-1\" \/>\n<link rel=\"canonical\" href=\"https:\/\/www.salve.si\/en\/trgovina\/knjige\/prirocniki\/bom-naredil-stezice-ki-so-vcasih-bile\/\" \/>\n<meta property=\"og:locale\" content=\"en_US\" \/>\n<meta property=\"og:type\" content=\"article\" \/>\n<meta property=\"og:title\" content=\"BOM NAREDIL STEZICE, KI SO V\u010cASIH BILE - Salve\" \/>\n<meta property=\"og:description\" content=\"Jakobova pod od mad\u017earske meje do Ljubljane.\" \/>\n<meta property=\"og:url\" content=\"https:\/\/www.salve.si\/en\/trgovina\/knjige\/prirocniki\/bom-naredil-stezice-ki-so-vcasih-bile\/\" \/>\n<meta property=\"og:site_name\" content=\"Salve\" \/>\n<meta property=\"article:publisher\" content=\"https:\/\/www.facebook.com\/salve.si\" \/>\n<meta property=\"article:modified_time\" content=\"2022-12-07T14:02:35+00:00\" \/>\n<meta property=\"og:image\" content=\"https:\/\/www.salve.si\/wp-content\/uploads\/2019\/03\/Bom-naredil-stezice-naslovnica.jpg\" \/>\n\t<meta property=\"og:image:width\" content=\"2057\" \/>\n\t<meta property=\"og:image:height\" content=\"3639\" \/>\n\t<meta property=\"og:image:type\" content=\"image\/jpeg\" \/>\n<meta name=\"twitter:card\" content=\"summary_large_image\" \/>\n<script type=\"application\/ld+json\" class=\"yoast-schema-graph\">{\"@context\":\"https:\/\/schema.org\",\"@graph\":[{\"@type\":\"WebPage\",\"@id\":\"https:\/\/www.salve.si\/trgovina\/knjige\/prirocniki\/bom-naredil-stezice-ki-so-vcasih-bile\/\",\"url\":\"https:\/\/www.salve.si\/trgovina\/knjige\/prirocniki\/bom-naredil-stezice-ki-so-vcasih-bile\/\",\"name\":\"BOM NAREDIL STEZICE, KI SO V\u010cASIH BILE - Salve\",\"isPartOf\":{\"@id\":\"https:\/\/www.salve.si\/#website\"},\"primaryImageOfPage\":{\"@id\":\"https:\/\/www.salve.si\/trgovina\/knjige\/prirocniki\/bom-naredil-stezice-ki-so-vcasih-bile\/#primaryimage\"},\"image\":{\"@id\":\"https:\/\/www.salve.si\/trgovina\/knjige\/prirocniki\/bom-naredil-stezice-ki-so-vcasih-bile\/#primaryimage\"},\"thumbnailUrl\":\"https:\/\/www.salve.si\/wp-content\/uploads\/2019\/03\/Bom-naredil-stezice-naslovnica.jpg\",\"datePublished\":\"2019-03-28T13:50:59+00:00\",\"dateModified\":\"2022-12-07T14:02:35+00:00\",\"breadcrumb\":{\"@id\":\"https:\/\/www.salve.si\/trgovina\/knjige\/prirocniki\/bom-naredil-stezice-ki-so-vcasih-bile\/#breadcrumb\"},\"inLanguage\":\"en-US\",\"potentialAction\":[{\"@type\":\"ReadAction\",\"target\":[\"https:\/\/www.salve.si\/trgovina\/knjige\/prirocniki\/bom-naredil-stezice-ki-so-vcasih-bile\/\"]}]},{\"@type\":\"ImageObject\",\"inLanguage\":\"en-US\",\"@id\":\"https:\/\/www.salve.si\/trgovina\/knjige\/prirocniki\/bom-naredil-stezice-ki-so-vcasih-bile\/#primaryimage\",\"url\":\"https:\/\/www.salve.si\/wp-content\/uploads\/2019\/03\/Bom-naredil-stezice-naslovnica.jpg\",\"contentUrl\":\"https:\/\/www.salve.si\/wp-content\/uploads\/2019\/03\/Bom-naredil-stezice-naslovnica.jpg\",\"width\":2057,\"height\":3639},{\"@type\":\"BreadcrumbList\",\"@id\":\"https:\/\/www.salve.si\/trgovina\/knjige\/prirocniki\/bom-naredil-stezice-ki-so-vcasih-bile\/#breadcrumb\",\"itemListElement\":[{\"@type\":\"ListItem\",\"position\":1,\"name\":\"Home\",\"item\":\"https:\/\/www.salve.si\/\"},{\"@type\":\"ListItem\",\"position\":2,\"name\":\"Trgovina\",\"item\":\"https:\/\/www.salve.si\/trgovina\/\"},{\"@type\":\"ListItem\",\"position\":3,\"name\":\"BOM NAREDIL STEZICE, KI SO V\u010cASIH BILE\"}]},{\"@type\":\"WebSite\",\"@id\":\"https:\/\/www.salve.si\/#website\",\"url\":\"https:\/\/www.salve.si\/\",\"name\":\"Salve\",\"description\":\"Salezijanska zalo\u017eba\",\"publisher\":{\"@id\":\"https:\/\/www.salve.si\/#organization\"},\"potentialAction\":[{\"@type\":\"SearchAction\",\"target\":{\"@type\":\"EntryPoint\",\"urlTemplate\":\"https:\/\/www.salve.si\/?s={search_term_string}\"},\"query-input\":{\"@type\":\"PropertyValueSpecification\",\"valueRequired\":true,\"valueName\":\"search_term_string\"}}],\"inLanguage\":\"en-US\"},{\"@type\":\"Organization\",\"@id\":\"https:\/\/www.salve.si\/#organization\",\"name\":\"Salve d.o.o.\",\"url\":\"https:\/\/www.salve.si\/\",\"logo\":{\"@type\":\"ImageObject\",\"inLanguage\":\"en-US\",\"@id\":\"https:\/\/www.salve.si\/#\/schema\/logo\/image\/\",\"url\":\"https:\/\/www.salve.si\/wp-content\/uploads\/2021\/01\/Salve_logo_modri_nov_web.png\",\"contentUrl\":\"https:\/\/www.salve.si\/wp-content\/uploads\/2021\/01\/Salve_logo_modri_nov_web.png\",\"width\":279,\"height\":90,\"caption\":\"Salve d.o.o.\"},\"image\":{\"@id\":\"https:\/\/www.salve.si\/#\/schema\/logo\/image\/\"},\"sameAs\":[\"https:\/\/www.facebook.com\/salve.si\",\"https:\/\/www.instagram.com\/zalozbasalve\/\",\"https:\/\/www.linkedin.com\/company\/zalozba-salve\/\"]}]}<\/script>\n<!-- \/ Yoast SEO plugin. -->","yoast_head_json":{"title":"BOM NAREDIL STEZICE, KI SO V\u010cASIH BILE - Salve","robots":{"index":"index","follow":"follow","max-snippet":"max-snippet:-1","max-image-preview":"max-image-preview:large","max-video-preview":"max-video-preview:-1"},"canonical":"https:\/\/www.salve.si\/en\/trgovina\/knjige\/prirocniki\/bom-naredil-stezice-ki-so-vcasih-bile\/","og_locale":"en_US","og_type":"article","og_title":"BOM NAREDIL STEZICE, KI SO V\u010cASIH BILE - Salve","og_description":"Jakobova pod od mad\u017earske meje do Ljubljane.","og_url":"https:\/\/www.salve.si\/en\/trgovina\/knjige\/prirocniki\/bom-naredil-stezice-ki-so-vcasih-bile\/","og_site_name":"Salve","article_publisher":"https:\/\/www.facebook.com\/salve.si","article_modified_time":"2022-12-07T14:02:35+00:00","og_image":[{"width":2057,"height":3639,"url":"https:\/\/www.salve.si\/wp-content\/uploads\/2019\/03\/Bom-naredil-stezice-naslovnica.jpg","type":"image\/jpeg"}],"twitter_card":"summary_large_image","schema":{"@context":"https:\/\/schema.org","@graph":[{"@type":"WebPage","@id":"https:\/\/www.salve.si\/trgovina\/knjige\/prirocniki\/bom-naredil-stezice-ki-so-vcasih-bile\/","url":"https:\/\/www.salve.si\/trgovina\/knjige\/prirocniki\/bom-naredil-stezice-ki-so-vcasih-bile\/","name":"BOM NAREDIL STEZICE, KI SO V\u010cASIH BILE - Salve","isPartOf":{"@id":"https:\/\/www.salve.si\/#website"},"primaryImageOfPage":{"@id":"https:\/\/www.salve.si\/trgovina\/knjige\/prirocniki\/bom-naredil-stezice-ki-so-vcasih-bile\/#primaryimage"},"image":{"@id":"https:\/\/www.salve.si\/trgovina\/knjige\/prirocniki\/bom-naredil-stezice-ki-so-vcasih-bile\/#primaryimage"},"thumbnailUrl":"https:\/\/www.salve.si\/wp-content\/uploads\/2019\/03\/Bom-naredil-stezice-naslovnica.jpg","datePublished":"2019-03-28T13:50:59+00:00","dateModified":"2022-12-07T14:02:35+00:00","breadcrumb":{"@id":"https:\/\/www.salve.si\/trgovina\/knjige\/prirocniki\/bom-naredil-stezice-ki-so-vcasih-bile\/#breadcrumb"},"inLanguage":"en-US","potentialAction":[{"@type":"ReadAction","target":["https:\/\/www.salve.si\/trgovina\/knjige\/prirocniki\/bom-naredil-stezice-ki-so-vcasih-bile\/"]}]},{"@type":"ImageObject","inLanguage":"en-US","@id":"https:\/\/www.salve.si\/trgovina\/knjige\/prirocniki\/bom-naredil-stezice-ki-so-vcasih-bile\/#primaryimage","url":"https:\/\/www.salve.si\/wp-content\/uploads\/2019\/03\/Bom-naredil-stezice-naslovnica.jpg","contentUrl":"https:\/\/www.salve.si\/wp-content\/uploads\/2019\/03\/Bom-naredil-stezice-naslovnica.jpg","width":2057,"height":3639},{"@type":"BreadcrumbList","@id":"https:\/\/www.salve.si\/trgovina\/knjige\/prirocniki\/bom-naredil-stezice-ki-so-vcasih-bile\/#breadcrumb","itemListElement":[{"@type":"ListItem","position":1,"name":"Home","item":"https:\/\/www.salve.si\/"},{"@type":"ListItem","position":2,"name":"Trgovina","item":"https:\/\/www.salve.si\/trgovina\/"},{"@type":"ListItem","position":3,"name":"BOM NAREDIL STEZICE, KI SO V\u010cASIH BILE"}]},{"@type":"WebSite","@id":"https:\/\/www.salve.si\/#website","url":"https:\/\/www.salve.si\/","name":"Salve","description":"Salezijanska zalo\u017eba","publisher":{"@id":"https:\/\/www.salve.si\/#organization"},"potentialAction":[{"@type":"SearchAction","target":{"@type":"EntryPoint","urlTemplate":"https:\/\/www.salve.si\/?s={search_term_string}"},"query-input":{"@type":"PropertyValueSpecification","valueRequired":true,"valueName":"search_term_string"}}],"inLanguage":"en-US"},{"@type":"Organization","@id":"https:\/\/www.salve.si\/#organization","name":"Salve d.o.o.","url":"https:\/\/www.salve.si\/","logo":{"@type":"ImageObject","inLanguage":"en-US","@id":"https:\/\/www.salve.si\/#\/schema\/logo\/image\/","url":"https:\/\/www.salve.si\/wp-content\/uploads\/2021\/01\/Salve_logo_modri_nov_web.png","contentUrl":"https:\/\/www.salve.si\/wp-content\/uploads\/2021\/01\/Salve_logo_modri_nov_web.png","width":279,"height":90,"caption":"Salve d.o.o."},"image":{"@id":"https:\/\/www.salve.si\/#\/schema\/logo\/image\/"},"sameAs":["https:\/\/www.facebook.com\/salve.si","https:\/\/www.instagram.com\/zalozbasalve\/","https:\/\/www.linkedin.com\/company\/zalozba-salve\/"]}]}},"_links":{"self":[{"href":"https:\/\/www.salve.si\/en\/wp-json\/wp\/v2\/product\/5966","targetHints":{"allow":["GET"]}}],"collection":[{"href":"https:\/\/www.salve.si\/en\/wp-json\/wp\/v2\/product"}],"about":[{"href":"https:\/\/www.salve.si\/en\/wp-json\/wp\/v2\/types\/product"}],"version-history":[{"count":4,"href":"https:\/\/www.salve.si\/en\/wp-json\/wp\/v2\/product\/5966\/revisions"}],"predecessor-version":[{"id":16625,"href":"https:\/\/www.salve.si\/en\/wp-json\/wp\/v2\/product\/5966\/revisions\/16625"}],"wp:featuredmedia":[{"embeddable":true,"href":"https:\/\/www.salve.si\/en\/wp-json\/wp\/v2\/media\/5972"}],"wp:attachment":[{"href":"https:\/\/www.salve.si\/en\/wp-json\/wp\/v2\/media?parent=5966"}],"wp:term":[{"taxonomy":"product_cat","embeddable":true,"href":"https:\/\/www.salve.si\/en\/wp-json\/wp\/v2\/product_cat?post=5966"},{"taxonomy":"product_tag","embeddable":true,"href":"https:\/\/www.salve.si\/en\/wp-json\/wp\/v2\/product_tag?post=5966"}],"curies":[{"name":"wp","href":"https:\/\/api.w.org\/{rel}","templated":true}]}}