{"id":5958,"date":"2019-03-28T12:05:13","date_gmt":"2019-03-28T11:05:13","guid":{"rendered":"https:\/\/www.salve.si\/?post_type=product&#038;p=5958"},"modified":"2022-12-07T14:58:54","modified_gmt":"2022-12-07T13:58:54","slug":"kje-so-tiste-stezice-ki-so-vcasih-bile","status":"publish","type":"product","link":"https:\/\/www.salve.si\/en\/trgovina\/knjige\/prirocniki\/kje-so-tiste-stezice-ki-so-vcasih-bile\/","title":{"rendered":"KJE SO TISTE STEZICE, KI SO V\u010cASIH BILE?"},"content":{"rendered":"<p>Pisca potopisa, prekaljena romarja in raziskovalca Jakobovih poti, Metodij in Marjeta, s svojim priro\u010dnikom zanesljivo vodita romarje \u010dez vso na\u0161o de\u017eelo od meje na vzhodu do meje na zahodu. Potopis prav tako vsebuje ogromno dodatnih zemljepisnih in zgodovinskih, kulturnih in verskih, narodopisnih in\u00a0 naravnih zanimivosti in znamenitosti, ki na vsakem koraku nasi\u010dujejo in napajajo romarjevo du\u0161o, kakor bistri studenci in prijazna po\u010divali\u0161\u010da pravo\u010dasno te\u0161ijo romarjevo lakoto in njegovo \u017eejo. (iz predgovora dr. Jurija Bizjaka, koprskega pomo\u017enega \u0161kofa)<\/p>\n<p><span class=\"slv-content-keywords\"> Marjeta in Metodij Rigler Knjige Potopisi Priro\u010dniki pohodni\u0161tvo slovenska Jakobova pot Vodnik po slovenskem caminu &#8211; \u0160entjakobski poti <\/span><\/p>","protected":false},"excerpt":{"rendered":"<p>Skrbno pripravljen potopis postavlja strnjeno vrsto razlo\u010dnih ka\u017eipotov in znamenj in natan\u010dno opisuje \u0161tevilne ceste in poti, ki so na\u0161e prednike vodile k Svet&#8217;mu Jakobu v Kompostelje.<\/p>","protected":false},"featured_media":5959,"template":"","meta":{"_acf_changed":false,"footnotes":""},"product_cat":[141,638,316],"product_tag":[783,784],"class_list":{"0":"post-5958","1":"product","2":"type-product","3":"status-publish","4":"has-post-thumbnail","6":"authors-marjeta-in-metodij-rigler","7":"publisher-samozalozba","8":"product_cat-knjige","9":"product_cat-potopisi","10":"product_cat-prirocniki","11":"product_tag-pohodnistvo","12":"product_tag-slovenska-jakobova-pot","14":"first","15":"outofstock","16":"shipping-taxable","17":"purchasable","18":"product-type-simple"},"acf":[],"yoast_head":"<!-- This site is optimized with the Yoast SEO plugin v23.8 - https:\/\/yoast.com\/wordpress\/plugins\/seo\/ -->\n<title>KJE SO TISTE STEZICE, KI SO V\u010cASIH BILE? - Salve<\/title>\n<meta name=\"robots\" content=\"index, follow, max-snippet:-1, max-image-preview:large, max-video-preview:-1\" \/>\n<link rel=\"canonical\" href=\"https:\/\/www.salve.si\/en\/trgovina\/knjige\/prirocniki\/kje-so-tiste-stezice-ki-so-vcasih-bile\/\" \/>\n<meta property=\"og:locale\" content=\"en_US\" \/>\n<meta property=\"og:type\" content=\"article\" \/>\n<meta property=\"og:title\" content=\"KJE SO TISTE STEZICE, KI SO V\u010cASIH BILE? - Salve\" \/>\n<meta property=\"og:description\" content=\"Skrbno pripravljen potopis postavlja strnjeno vrsto razlo\u010dnih ka\u017eipotov in znamenj in natan\u010dno opisuje \u0161tevilne ceste in poti, ki so na\u0161e prednike vodile k Svet&#039;mu Jakobu v Kompostelje.\" \/>\n<meta property=\"og:url\" content=\"https:\/\/www.salve.si\/en\/trgovina\/knjige\/prirocniki\/kje-so-tiste-stezice-ki-so-vcasih-bile\/\" \/>\n<meta property=\"og:site_name\" content=\"Salve\" \/>\n<meta property=\"article:publisher\" content=\"https:\/\/www.facebook.com\/salve.si\" \/>\n<meta property=\"article:modified_time\" content=\"2022-12-07T13:58:54+00:00\" \/>\n<meta property=\"og:image\" content=\"https:\/\/www.salve.si\/wp-content\/uploads\/2019\/03\/Kje-so-tiste-stezice-naslovnica.jpg\" \/>\n\t<meta property=\"og:image:width\" content=\"1353\" \/>\n\t<meta property=\"og:image:height\" content=\"2506\" \/>\n\t<meta property=\"og:image:type\" content=\"image\/jpeg\" \/>\n<meta name=\"twitter:card\" content=\"summary_large_image\" \/>\n<meta name=\"twitter:label1\" content=\"Est. reading time\" \/>\n\t<meta name=\"twitter:data1\" content=\"1 minute\" \/>\n<script type=\"application\/ld+json\" class=\"yoast-schema-graph\">{\"@context\":\"https:\/\/schema.org\",\"@graph\":[{\"@type\":\"WebPage\",\"@id\":\"https:\/\/www.salve.si\/trgovina\/knjige\/prirocniki\/kje-so-tiste-stezice-ki-so-vcasih-bile\/\",\"url\":\"https:\/\/www.salve.si\/trgovina\/knjige\/prirocniki\/kje-so-tiste-stezice-ki-so-vcasih-bile\/\",\"name\":\"KJE SO TISTE STEZICE, KI SO V\u010cASIH BILE? - Salve\",\"isPartOf\":{\"@id\":\"https:\/\/www.salve.si\/#website\"},\"primaryImageOfPage\":{\"@id\":\"https:\/\/www.salve.si\/trgovina\/knjige\/prirocniki\/kje-so-tiste-stezice-ki-so-vcasih-bile\/#primaryimage\"},\"image\":{\"@id\":\"https:\/\/www.salve.si\/trgovina\/knjige\/prirocniki\/kje-so-tiste-stezice-ki-so-vcasih-bile\/#primaryimage\"},\"thumbnailUrl\":\"https:\/\/www.salve.si\/wp-content\/uploads\/2019\/03\/Kje-so-tiste-stezice-naslovnica.jpg\",\"datePublished\":\"2019-03-28T11:05:13+00:00\",\"dateModified\":\"2022-12-07T13:58:54+00:00\",\"breadcrumb\":{\"@id\":\"https:\/\/www.salve.si\/trgovina\/knjige\/prirocniki\/kje-so-tiste-stezice-ki-so-vcasih-bile\/#breadcrumb\"},\"inLanguage\":\"en-US\",\"potentialAction\":[{\"@type\":\"ReadAction\",\"target\":[\"https:\/\/www.salve.si\/trgovina\/knjige\/prirocniki\/kje-so-tiste-stezice-ki-so-vcasih-bile\/\"]}]},{\"@type\":\"ImageObject\",\"inLanguage\":\"en-US\",\"@id\":\"https:\/\/www.salve.si\/trgovina\/knjige\/prirocniki\/kje-so-tiste-stezice-ki-so-vcasih-bile\/#primaryimage\",\"url\":\"https:\/\/www.salve.si\/wp-content\/uploads\/2019\/03\/Kje-so-tiste-stezice-naslovnica.jpg\",\"contentUrl\":\"https:\/\/www.salve.si\/wp-content\/uploads\/2019\/03\/Kje-so-tiste-stezice-naslovnica.jpg\",\"width\":1353,\"height\":2506},{\"@type\":\"BreadcrumbList\",\"@id\":\"https:\/\/www.salve.si\/trgovina\/knjige\/prirocniki\/kje-so-tiste-stezice-ki-so-vcasih-bile\/#breadcrumb\",\"itemListElement\":[{\"@type\":\"ListItem\",\"position\":1,\"name\":\"Home\",\"item\":\"https:\/\/www.salve.si\/\"},{\"@type\":\"ListItem\",\"position\":2,\"name\":\"Trgovina\",\"item\":\"https:\/\/www.salve.si\/trgovina\/\"},{\"@type\":\"ListItem\",\"position\":3,\"name\":\"KJE SO TISTE STEZICE, KI SO V\u010cASIH BILE?\"}]},{\"@type\":\"WebSite\",\"@id\":\"https:\/\/www.salve.si\/#website\",\"url\":\"https:\/\/www.salve.si\/\",\"name\":\"Salve\",\"description\":\"Salezijanska zalo\u017eba\",\"publisher\":{\"@id\":\"https:\/\/www.salve.si\/#organization\"},\"potentialAction\":[{\"@type\":\"SearchAction\",\"target\":{\"@type\":\"EntryPoint\",\"urlTemplate\":\"https:\/\/www.salve.si\/?s={search_term_string}\"},\"query-input\":{\"@type\":\"PropertyValueSpecification\",\"valueRequired\":true,\"valueName\":\"search_term_string\"}}],\"inLanguage\":\"en-US\"},{\"@type\":\"Organization\",\"@id\":\"https:\/\/www.salve.si\/#organization\",\"name\":\"Salve d.o.o.\",\"url\":\"https:\/\/www.salve.si\/\",\"logo\":{\"@type\":\"ImageObject\",\"inLanguage\":\"en-US\",\"@id\":\"https:\/\/www.salve.si\/#\/schema\/logo\/image\/\",\"url\":\"https:\/\/www.salve.si\/wp-content\/uploads\/2021\/01\/Salve_logo_modri_nov_web.png\",\"contentUrl\":\"https:\/\/www.salve.si\/wp-content\/uploads\/2021\/01\/Salve_logo_modri_nov_web.png\",\"width\":279,\"height\":90,\"caption\":\"Salve d.o.o.\"},\"image\":{\"@id\":\"https:\/\/www.salve.si\/#\/schema\/logo\/image\/\"},\"sameAs\":[\"https:\/\/www.facebook.com\/salve.si\",\"https:\/\/www.instagram.com\/zalozbasalve\/\",\"https:\/\/www.linkedin.com\/company\/zalozba-salve\/\"]}]}<\/script>\n<!-- \/ Yoast SEO plugin. -->","yoast_head_json":{"title":"KJE SO TISTE STEZICE, KI SO V\u010cASIH BILE? - Salve","robots":{"index":"index","follow":"follow","max-snippet":"max-snippet:-1","max-image-preview":"max-image-preview:large","max-video-preview":"max-video-preview:-1"},"canonical":"https:\/\/www.salve.si\/en\/trgovina\/knjige\/prirocniki\/kje-so-tiste-stezice-ki-so-vcasih-bile\/","og_locale":"en_US","og_type":"article","og_title":"KJE SO TISTE STEZICE, KI SO V\u010cASIH BILE? - Salve","og_description":"Skrbno pripravljen potopis postavlja strnjeno vrsto razlo\u010dnih ka\u017eipotov in znamenj in natan\u010dno opisuje \u0161tevilne ceste in poti, ki so na\u0161e prednike vodile k Svet'mu Jakobu v Kompostelje.","og_url":"https:\/\/www.salve.si\/en\/trgovina\/knjige\/prirocniki\/kje-so-tiste-stezice-ki-so-vcasih-bile\/","og_site_name":"Salve","article_publisher":"https:\/\/www.facebook.com\/salve.si","article_modified_time":"2022-12-07T13:58:54+00:00","og_image":[{"width":1353,"height":2506,"url":"https:\/\/www.salve.si\/wp-content\/uploads\/2019\/03\/Kje-so-tiste-stezice-naslovnica.jpg","type":"image\/jpeg"}],"twitter_card":"summary_large_image","twitter_misc":{"Est. reading time":"1 minute"},"schema":{"@context":"https:\/\/schema.org","@graph":[{"@type":"WebPage","@id":"https:\/\/www.salve.si\/trgovina\/knjige\/prirocniki\/kje-so-tiste-stezice-ki-so-vcasih-bile\/","url":"https:\/\/www.salve.si\/trgovina\/knjige\/prirocniki\/kje-so-tiste-stezice-ki-so-vcasih-bile\/","name":"KJE SO TISTE STEZICE, KI SO V\u010cASIH BILE? - Salve","isPartOf":{"@id":"https:\/\/www.salve.si\/#website"},"primaryImageOfPage":{"@id":"https:\/\/www.salve.si\/trgovina\/knjige\/prirocniki\/kje-so-tiste-stezice-ki-so-vcasih-bile\/#primaryimage"},"image":{"@id":"https:\/\/www.salve.si\/trgovina\/knjige\/prirocniki\/kje-so-tiste-stezice-ki-so-vcasih-bile\/#primaryimage"},"thumbnailUrl":"https:\/\/www.salve.si\/wp-content\/uploads\/2019\/03\/Kje-so-tiste-stezice-naslovnica.jpg","datePublished":"2019-03-28T11:05:13+00:00","dateModified":"2022-12-07T13:58:54+00:00","breadcrumb":{"@id":"https:\/\/www.salve.si\/trgovina\/knjige\/prirocniki\/kje-so-tiste-stezice-ki-so-vcasih-bile\/#breadcrumb"},"inLanguage":"en-US","potentialAction":[{"@type":"ReadAction","target":["https:\/\/www.salve.si\/trgovina\/knjige\/prirocniki\/kje-so-tiste-stezice-ki-so-vcasih-bile\/"]}]},{"@type":"ImageObject","inLanguage":"en-US","@id":"https:\/\/www.salve.si\/trgovina\/knjige\/prirocniki\/kje-so-tiste-stezice-ki-so-vcasih-bile\/#primaryimage","url":"https:\/\/www.salve.si\/wp-content\/uploads\/2019\/03\/Kje-so-tiste-stezice-naslovnica.jpg","contentUrl":"https:\/\/www.salve.si\/wp-content\/uploads\/2019\/03\/Kje-so-tiste-stezice-naslovnica.jpg","width":1353,"height":2506},{"@type":"BreadcrumbList","@id":"https:\/\/www.salve.si\/trgovina\/knjige\/prirocniki\/kje-so-tiste-stezice-ki-so-vcasih-bile\/#breadcrumb","itemListElement":[{"@type":"ListItem","position":1,"name":"Home","item":"https:\/\/www.salve.si\/"},{"@type":"ListItem","position":2,"name":"Trgovina","item":"https:\/\/www.salve.si\/trgovina\/"},{"@type":"ListItem","position":3,"name":"KJE SO TISTE STEZICE, KI SO V\u010cASIH BILE?"}]},{"@type":"WebSite","@id":"https:\/\/www.salve.si\/#website","url":"https:\/\/www.salve.si\/","name":"Salve","description":"Salezijanska zalo\u017eba","publisher":{"@id":"https:\/\/www.salve.si\/#organization"},"potentialAction":[{"@type":"SearchAction","target":{"@type":"EntryPoint","urlTemplate":"https:\/\/www.salve.si\/?s={search_term_string}"},"query-input":{"@type":"PropertyValueSpecification","valueRequired":true,"valueName":"search_term_string"}}],"inLanguage":"en-US"},{"@type":"Organization","@id":"https:\/\/www.salve.si\/#organization","name":"Salve d.o.o.","url":"https:\/\/www.salve.si\/","logo":{"@type":"ImageObject","inLanguage":"en-US","@id":"https:\/\/www.salve.si\/#\/schema\/logo\/image\/","url":"https:\/\/www.salve.si\/wp-content\/uploads\/2021\/01\/Salve_logo_modri_nov_web.png","contentUrl":"https:\/\/www.salve.si\/wp-content\/uploads\/2021\/01\/Salve_logo_modri_nov_web.png","width":279,"height":90,"caption":"Salve d.o.o."},"image":{"@id":"https:\/\/www.salve.si\/#\/schema\/logo\/image\/"},"sameAs":["https:\/\/www.facebook.com\/salve.si","https:\/\/www.instagram.com\/zalozbasalve\/","https:\/\/www.linkedin.com\/company\/zalozba-salve\/"]}]}},"_links":{"self":[{"href":"https:\/\/www.salve.si\/en\/wp-json\/wp\/v2\/product\/5958","targetHints":{"allow":["GET"]}}],"collection":[{"href":"https:\/\/www.salve.si\/en\/wp-json\/wp\/v2\/product"}],"about":[{"href":"https:\/\/www.salve.si\/en\/wp-json\/wp\/v2\/types\/product"}],"version-history":[{"count":2,"href":"https:\/\/www.salve.si\/en\/wp-json\/wp\/v2\/product\/5958\/revisions"}],"predecessor-version":[{"id":5965,"href":"https:\/\/www.salve.si\/en\/wp-json\/wp\/v2\/product\/5958\/revisions\/5965"}],"wp:featuredmedia":[{"embeddable":true,"href":"https:\/\/www.salve.si\/en\/wp-json\/wp\/v2\/media\/5959"}],"wp:attachment":[{"href":"https:\/\/www.salve.si\/en\/wp-json\/wp\/v2\/media?parent=5958"}],"wp:term":[{"taxonomy":"product_cat","embeddable":true,"href":"https:\/\/www.salve.si\/en\/wp-json\/wp\/v2\/product_cat?post=5958"},{"taxonomy":"product_tag","embeddable":true,"href":"https:\/\/www.salve.si\/en\/wp-json\/wp\/v2\/product_tag?post=5958"}],"curies":[{"name":"wp","href":"https:\/\/api.w.org\/{rel}","templated":true}]}}