{"id":5910,"date":"2019-03-14T18:15:24","date_gmt":"2019-03-14T17:15:24","guid":{"rendered":"https:\/\/www.salve.si\/?post_type=product&#038;p=5910"},"modified":"2019-04-25T15:13:02","modified_gmt":"2019-04-25T13:13:02","slug":"vse-zate-in-s-teboj-zvesti-bog","status":"publish","type":"product","link":"https:\/\/www.salve.si\/en\/trgovina\/knjige\/svetniki-in-zivljenjepisi\/vse-zate-in-s-teboj-zvesti-bog\/","title":{"rendered":"VSE ZATE IN S TEBOJ, ZVESTI BOG"},"content":{"rendered":"<p>Knjiga, ki je po besedah avtorja nastala zaradi Bo\u017ejega posega v njegovo \u017eivljenje. Avtor v uvodu pi\u0161e tako:<\/p>\n<p><em>&#8220;Ker pa je bil ta Bo\u017eji poseg pri meni, vsaj tako se mi zdi, precej druga\u010den, kot smo jih vajeni, bom poskusil celotno pot, vsaj kolikor bom mogel, dati na papir, v morebitno duhovno pomo\u010d \u0161e komu, ki bo v podobnih duhovnih te\u017eavah, kot sem bil jaz. Pa \u010de bo tale spis pomagal samo enemu, da bo bolj\u0161i kristjan ali celo duhovnik, kar upam, da je pri Bogu vsaj malo uspelo zame, ki sem se mu \u010dez mero upiral, bo ves trud in strah in tveganje, ki me navdaja, popla\u010dan. Gospod naj zida mesto, jaz mu bom pa iskreno pomagal.&#8221; (str. 6)<\/em><span class=\"slv-content-keywords\"> Pri\u010devanja Tone Krnc Knjige Avtobiografije, \u017eivljenjepisi Zlatoma\u0161nikova izpoved <\/span><\/p>","protected":false},"excerpt":{"rendered":"<p>Iskrena izpoved zlatoma\u0161nika Toneta Krnca, kako je sledil Bo\u017ejemu klicu.<\/p>","protected":false},"featured_media":5911,"template":"","meta":{"_acf_changed":false,"footnotes":""},"product_cat":[141,315],"product_tag":[],"class_list":{"0":"post-5910","1":"product","2":"type-product","3":"status-publish","4":"has-post-thumbnail","6":"zbirke-pricevanja","7":"authors-tone-krnc","8":"publisher-salve-d-o-o-ljubljana","9":"product_cat-knjige","10":"product_cat-svetniki-in-zivljenjepisi","12":"first","13":"outofstock","14":"shipping-taxable","15":"purchasable","16":"product-type-simple"},"acf":[],"yoast_head":"<!-- This site is optimized with the Yoast SEO plugin v23.8 - https:\/\/yoast.com\/wordpress\/plugins\/seo\/ -->\n<title>VSE ZATE IN S TEBOJ, ZVESTI BOG - Salve<\/title>\n<meta name=\"robots\" content=\"index, follow, max-snippet:-1, max-image-preview:large, max-video-preview:-1\" \/>\n<link rel=\"canonical\" href=\"https:\/\/www.salve.si\/en\/trgovina\/knjige\/svetniki-in-zivljenjepisi\/vse-zate-in-s-teboj-zvesti-bog\/\" \/>\n<meta property=\"og:locale\" content=\"en_US\" \/>\n<meta property=\"og:type\" content=\"article\" \/>\n<meta property=\"og:title\" content=\"VSE ZATE IN S TEBOJ, ZVESTI BOG - Salve\" \/>\n<meta property=\"og:description\" content=\"Iskrena izpoved zlatoma\u0161nika Toneta Krnca, kako je sledil Bo\u017ejemu klicu.\" \/>\n<meta property=\"og:url\" content=\"https:\/\/www.salve.si\/en\/trgovina\/knjige\/svetniki-in-zivljenjepisi\/vse-zate-in-s-teboj-zvesti-bog\/\" \/>\n<meta property=\"og:site_name\" content=\"Salve\" \/>\n<meta property=\"article:publisher\" content=\"https:\/\/www.facebook.com\/salve.si\" \/>\n<meta property=\"article:modified_time\" content=\"2019-04-25T13:13:02+00:00\" \/>\n<meta property=\"og:image\" content=\"https:\/\/www.salve.si\/wp-content\/uploads\/2019\/03\/Vse-zate-in-s-teboj-zvesti-Bog-naslovnica.jpg\" \/>\n\t<meta property=\"og:image:width\" content=\"2001\" \/>\n\t<meta property=\"og:image:height\" content=\"3028\" \/>\n\t<meta property=\"og:image:type\" content=\"image\/jpeg\" \/>\n<meta name=\"twitter:card\" content=\"summary_large_image\" \/>\n<meta name=\"twitter:label1\" content=\"Est. reading time\" \/>\n\t<meta name=\"twitter:data1\" content=\"1 minute\" \/>\n<script type=\"application\/ld+json\" class=\"yoast-schema-graph\">{\"@context\":\"https:\/\/schema.org\",\"@graph\":[{\"@type\":\"WebPage\",\"@id\":\"https:\/\/www.salve.si\/trgovina\/knjige\/svetniki-in-zivljenjepisi\/vse-zate-in-s-teboj-zvesti-bog\/\",\"url\":\"https:\/\/www.salve.si\/trgovina\/knjige\/svetniki-in-zivljenjepisi\/vse-zate-in-s-teboj-zvesti-bog\/\",\"name\":\"VSE ZATE IN S TEBOJ, ZVESTI BOG - Salve\",\"isPartOf\":{\"@id\":\"https:\/\/www.salve.si\/#website\"},\"primaryImageOfPage\":{\"@id\":\"https:\/\/www.salve.si\/trgovina\/knjige\/svetniki-in-zivljenjepisi\/vse-zate-in-s-teboj-zvesti-bog\/#primaryimage\"},\"image\":{\"@id\":\"https:\/\/www.salve.si\/trgovina\/knjige\/svetniki-in-zivljenjepisi\/vse-zate-in-s-teboj-zvesti-bog\/#primaryimage\"},\"thumbnailUrl\":\"https:\/\/www.salve.si\/wp-content\/uploads\/2019\/03\/Vse-zate-in-s-teboj-zvesti-Bog-naslovnica.jpg\",\"datePublished\":\"2019-03-14T17:15:24+00:00\",\"dateModified\":\"2019-04-25T13:13:02+00:00\",\"breadcrumb\":{\"@id\":\"https:\/\/www.salve.si\/trgovina\/knjige\/svetniki-in-zivljenjepisi\/vse-zate-in-s-teboj-zvesti-bog\/#breadcrumb\"},\"inLanguage\":\"en-US\",\"potentialAction\":[{\"@type\":\"ReadAction\",\"target\":[\"https:\/\/www.salve.si\/trgovina\/knjige\/svetniki-in-zivljenjepisi\/vse-zate-in-s-teboj-zvesti-bog\/\"]}]},{\"@type\":\"ImageObject\",\"inLanguage\":\"en-US\",\"@id\":\"https:\/\/www.salve.si\/trgovina\/knjige\/svetniki-in-zivljenjepisi\/vse-zate-in-s-teboj-zvesti-bog\/#primaryimage\",\"url\":\"https:\/\/www.salve.si\/wp-content\/uploads\/2019\/03\/Vse-zate-in-s-teboj-zvesti-Bog-naslovnica.jpg\",\"contentUrl\":\"https:\/\/www.salve.si\/wp-content\/uploads\/2019\/03\/Vse-zate-in-s-teboj-zvesti-Bog-naslovnica.jpg\",\"width\":2001,\"height\":3028},{\"@type\":\"BreadcrumbList\",\"@id\":\"https:\/\/www.salve.si\/trgovina\/knjige\/svetniki-in-zivljenjepisi\/vse-zate-in-s-teboj-zvesti-bog\/#breadcrumb\",\"itemListElement\":[{\"@type\":\"ListItem\",\"position\":1,\"name\":\"Home\",\"item\":\"https:\/\/www.salve.si\/\"},{\"@type\":\"ListItem\",\"position\":2,\"name\":\"Trgovina\",\"item\":\"https:\/\/www.salve.si\/trgovina\/\"},{\"@type\":\"ListItem\",\"position\":3,\"name\":\"VSE ZATE IN S TEBOJ, ZVESTI BOG\"}]},{\"@type\":\"WebSite\",\"@id\":\"https:\/\/www.salve.si\/#website\",\"url\":\"https:\/\/www.salve.si\/\",\"name\":\"Salve\",\"description\":\"Salezijanska zalo\u017eba\",\"publisher\":{\"@id\":\"https:\/\/www.salve.si\/#organization\"},\"potentialAction\":[{\"@type\":\"SearchAction\",\"target\":{\"@type\":\"EntryPoint\",\"urlTemplate\":\"https:\/\/www.salve.si\/?s={search_term_string}\"},\"query-input\":{\"@type\":\"PropertyValueSpecification\",\"valueRequired\":true,\"valueName\":\"search_term_string\"}}],\"inLanguage\":\"en-US\"},{\"@type\":\"Organization\",\"@id\":\"https:\/\/www.salve.si\/#organization\",\"name\":\"Salve d.o.o.\",\"url\":\"https:\/\/www.salve.si\/\",\"logo\":{\"@type\":\"ImageObject\",\"inLanguage\":\"en-US\",\"@id\":\"https:\/\/www.salve.si\/#\/schema\/logo\/image\/\",\"url\":\"https:\/\/www.salve.si\/wp-content\/uploads\/2021\/01\/Salve_logo_modri_nov_web.png\",\"contentUrl\":\"https:\/\/www.salve.si\/wp-content\/uploads\/2021\/01\/Salve_logo_modri_nov_web.png\",\"width\":279,\"height\":90,\"caption\":\"Salve d.o.o.\"},\"image\":{\"@id\":\"https:\/\/www.salve.si\/#\/schema\/logo\/image\/\"},\"sameAs\":[\"https:\/\/www.facebook.com\/salve.si\",\"https:\/\/www.instagram.com\/zalozbasalve\/\",\"https:\/\/www.linkedin.com\/company\/zalozba-salve\/\"]}]}<\/script>\n<!-- \/ Yoast SEO plugin. -->","yoast_head_json":{"title":"VSE ZATE IN S TEBOJ, ZVESTI BOG - Salve","robots":{"index":"index","follow":"follow","max-snippet":"max-snippet:-1","max-image-preview":"max-image-preview:large","max-video-preview":"max-video-preview:-1"},"canonical":"https:\/\/www.salve.si\/en\/trgovina\/knjige\/svetniki-in-zivljenjepisi\/vse-zate-in-s-teboj-zvesti-bog\/","og_locale":"en_US","og_type":"article","og_title":"VSE ZATE IN S TEBOJ, ZVESTI BOG - Salve","og_description":"Iskrena izpoved zlatoma\u0161nika Toneta Krnca, kako je sledil Bo\u017ejemu klicu.","og_url":"https:\/\/www.salve.si\/en\/trgovina\/knjige\/svetniki-in-zivljenjepisi\/vse-zate-in-s-teboj-zvesti-bog\/","og_site_name":"Salve","article_publisher":"https:\/\/www.facebook.com\/salve.si","article_modified_time":"2019-04-25T13:13:02+00:00","og_image":[{"width":2001,"height":3028,"url":"https:\/\/www.salve.si\/wp-content\/uploads\/2019\/03\/Vse-zate-in-s-teboj-zvesti-Bog-naslovnica.jpg","type":"image\/jpeg"}],"twitter_card":"summary_large_image","twitter_misc":{"Est. reading time":"1 minute"},"schema":{"@context":"https:\/\/schema.org","@graph":[{"@type":"WebPage","@id":"https:\/\/www.salve.si\/trgovina\/knjige\/svetniki-in-zivljenjepisi\/vse-zate-in-s-teboj-zvesti-bog\/","url":"https:\/\/www.salve.si\/trgovina\/knjige\/svetniki-in-zivljenjepisi\/vse-zate-in-s-teboj-zvesti-bog\/","name":"VSE ZATE IN S TEBOJ, ZVESTI BOG - Salve","isPartOf":{"@id":"https:\/\/www.salve.si\/#website"},"primaryImageOfPage":{"@id":"https:\/\/www.salve.si\/trgovina\/knjige\/svetniki-in-zivljenjepisi\/vse-zate-in-s-teboj-zvesti-bog\/#primaryimage"},"image":{"@id":"https:\/\/www.salve.si\/trgovina\/knjige\/svetniki-in-zivljenjepisi\/vse-zate-in-s-teboj-zvesti-bog\/#primaryimage"},"thumbnailUrl":"https:\/\/www.salve.si\/wp-content\/uploads\/2019\/03\/Vse-zate-in-s-teboj-zvesti-Bog-naslovnica.jpg","datePublished":"2019-03-14T17:15:24+00:00","dateModified":"2019-04-25T13:13:02+00:00","breadcrumb":{"@id":"https:\/\/www.salve.si\/trgovina\/knjige\/svetniki-in-zivljenjepisi\/vse-zate-in-s-teboj-zvesti-bog\/#breadcrumb"},"inLanguage":"en-US","potentialAction":[{"@type":"ReadAction","target":["https:\/\/www.salve.si\/trgovina\/knjige\/svetniki-in-zivljenjepisi\/vse-zate-in-s-teboj-zvesti-bog\/"]}]},{"@type":"ImageObject","inLanguage":"en-US","@id":"https:\/\/www.salve.si\/trgovina\/knjige\/svetniki-in-zivljenjepisi\/vse-zate-in-s-teboj-zvesti-bog\/#primaryimage","url":"https:\/\/www.salve.si\/wp-content\/uploads\/2019\/03\/Vse-zate-in-s-teboj-zvesti-Bog-naslovnica.jpg","contentUrl":"https:\/\/www.salve.si\/wp-content\/uploads\/2019\/03\/Vse-zate-in-s-teboj-zvesti-Bog-naslovnica.jpg","width":2001,"height":3028},{"@type":"BreadcrumbList","@id":"https:\/\/www.salve.si\/trgovina\/knjige\/svetniki-in-zivljenjepisi\/vse-zate-in-s-teboj-zvesti-bog\/#breadcrumb","itemListElement":[{"@type":"ListItem","position":1,"name":"Home","item":"https:\/\/www.salve.si\/"},{"@type":"ListItem","position":2,"name":"Trgovina","item":"https:\/\/www.salve.si\/trgovina\/"},{"@type":"ListItem","position":3,"name":"VSE ZATE IN S TEBOJ, ZVESTI BOG"}]},{"@type":"WebSite","@id":"https:\/\/www.salve.si\/#website","url":"https:\/\/www.salve.si\/","name":"Salve","description":"Salezijanska zalo\u017eba","publisher":{"@id":"https:\/\/www.salve.si\/#organization"},"potentialAction":[{"@type":"SearchAction","target":{"@type":"EntryPoint","urlTemplate":"https:\/\/www.salve.si\/?s={search_term_string}"},"query-input":{"@type":"PropertyValueSpecification","valueRequired":true,"valueName":"search_term_string"}}],"inLanguage":"en-US"},{"@type":"Organization","@id":"https:\/\/www.salve.si\/#organization","name":"Salve d.o.o.","url":"https:\/\/www.salve.si\/","logo":{"@type":"ImageObject","inLanguage":"en-US","@id":"https:\/\/www.salve.si\/#\/schema\/logo\/image\/","url":"https:\/\/www.salve.si\/wp-content\/uploads\/2021\/01\/Salve_logo_modri_nov_web.png","contentUrl":"https:\/\/www.salve.si\/wp-content\/uploads\/2021\/01\/Salve_logo_modri_nov_web.png","width":279,"height":90,"caption":"Salve d.o.o."},"image":{"@id":"https:\/\/www.salve.si\/#\/schema\/logo\/image\/"},"sameAs":["https:\/\/www.facebook.com\/salve.si","https:\/\/www.instagram.com\/zalozbasalve\/","https:\/\/www.linkedin.com\/company\/zalozba-salve\/"]}]}},"_links":{"self":[{"href":"https:\/\/www.salve.si\/en\/wp-json\/wp\/v2\/product\/5910","targetHints":{"allow":["GET"]}}],"collection":[{"href":"https:\/\/www.salve.si\/en\/wp-json\/wp\/v2\/product"}],"about":[{"href":"https:\/\/www.salve.si\/en\/wp-json\/wp\/v2\/types\/product"}],"version-history":[{"count":1,"href":"https:\/\/www.salve.si\/en\/wp-json\/wp\/v2\/product\/5910\/revisions"}],"predecessor-version":[{"id":5914,"href":"https:\/\/www.salve.si\/en\/wp-json\/wp\/v2\/product\/5910\/revisions\/5914"}],"wp:featuredmedia":[{"embeddable":true,"href":"https:\/\/www.salve.si\/en\/wp-json\/wp\/v2\/media\/5911"}],"wp:attachment":[{"href":"https:\/\/www.salve.si\/en\/wp-json\/wp\/v2\/media?parent=5910"}],"wp:term":[{"taxonomy":"product_cat","embeddable":true,"href":"https:\/\/www.salve.si\/en\/wp-json\/wp\/v2\/product_cat?post=5910"},{"taxonomy":"product_tag","embeddable":true,"href":"https:\/\/www.salve.si\/en\/wp-json\/wp\/v2\/product_tag?post=5910"}],"curies":[{"name":"wp","href":"https:\/\/api.w.org\/{rel}","templated":true}]}}