{"id":5740,"date":"2019-02-15T11:00:21","date_gmt":"2019-02-15T10:00:21","guid":{"rendered":"https:\/\/www.salve.si\/?post_type=product&#038;p=5740"},"modified":"2019-02-15T12:54:53","modified_gmt":"2019-02-15T11:54:53","slug":"v-blagor-gospodove-crede","status":"publish","type":"product","link":"https:\/\/www.salve.si\/en\/trgovina\/knjige\/svetniki-in-zivljenjepisi\/v-blagor-gospodove-crede\/","title":{"rendered":"V BLAGOR GOSPODOVE \u010cREDE"},"content":{"rendered":"<p>Zgodba o Leni\u010du je zgodba o tipi\u010dnem &#8220;malem slovenskem \u010dloveku&#8221;, siroti v otro\u0161tvu, dijaku, ki se je le zaradi izredne nadarjenosti ter dobrote posameznikov lahko prebil skozi vse \u0161ole do nove ma\u0161e. Poleg tega je zgodba o Leni\u010du tudi zgodba o velikem pri\u010devalcu zgodovine Cerkve na Slovenskem. Deloval je v enem najte\u017ejih obdobij Cerkve, dobi povojnega preganjanja, ko so bili duhovniki in verniki dele\u017eni mnogih obto\u017eb, preziranj in sovra\u0161tva. Leni\u010d jim je bil zgled, bodril jih je in krepil ter dajal upanje za prihodnost.<\/p>\n<p>Knjiga je sestavljena iz dveh delov. V prvem delu lahko beremo \u017eivljensko zgodbo dr. Leni\u010da v pisani besedi, v drugem delu pa je zapisana biografska drama dr. Leni\u010da. Knjiga je opremljena tudi s fotografijami iz Leni\u010devega \u017eivljenja in iz dramske uprizoritve, prav tako v knjigi najdemo rodovnik po materini in o\u010detovi strani.<span class=\"slv-content-keywords\"> David Smukovi\u010d Janez \u017dakelj Patricija Haler Knjige Avtobiografije, \u017eivljenjepisi dr. Stanislav Leni\u010d dr. Stanislav Leni\u010d <\/span><\/p>","protected":false},"excerpt":{"rendered":"<p>\u017divljenjska zgodba dr. Stanislava Leni\u010da, pomo\u017enega ljubljanskega \u0161kofa v zgodbi in v dramski uprizoritvi.<\/p>","protected":false},"featured_media":5795,"template":"","meta":{"_acf_changed":false,"footnotes":""},"product_cat":[141,315],"product_tag":[744],"class_list":{"0":"post-5740","1":"product","2":"type-product","3":"status-publish","4":"has-post-thumbnail","6":"authors-david-smukovic","7":"authors-janez-zakelj","8":"authors-patricija-haler","9":"publisher-salve-d-o-o-ljubljana","10":"product_cat-knjige","11":"product_cat-svetniki-in-zivljenjepisi","12":"product_tag-dr-stanislav-lenic","14":"first","15":"instock","16":"shipping-taxable","17":"purchasable","18":"product-type-simple"},"acf":[],"yoast_head":"<!-- This site is optimized with the Yoast SEO plugin v23.8 - https:\/\/yoast.com\/wordpress\/plugins\/seo\/ -->\n<title>V BLAGOR GOSPODOVE \u010cREDE - Salve<\/title>\n<meta name=\"robots\" content=\"index, follow, max-snippet:-1, max-image-preview:large, max-video-preview:-1\" \/>\n<link rel=\"canonical\" href=\"https:\/\/www.salve.si\/en\/trgovina\/knjige\/svetniki-in-zivljenjepisi\/v-blagor-gospodove-crede\/\" \/>\n<meta property=\"og:locale\" content=\"en_US\" \/>\n<meta property=\"og:type\" content=\"article\" \/>\n<meta property=\"og:title\" content=\"V BLAGOR GOSPODOVE \u010cREDE - Salve\" \/>\n<meta property=\"og:description\" content=\"\u017divljenjska zgodba dr. Stanislava Leni\u010da, pomo\u017enega ljubljanskega \u0161kofa v zgodbi in v dramski uprizoritvi.\" \/>\n<meta property=\"og:url\" content=\"https:\/\/www.salve.si\/en\/trgovina\/knjige\/svetniki-in-zivljenjepisi\/v-blagor-gospodove-crede\/\" \/>\n<meta property=\"og:site_name\" content=\"Salve\" \/>\n<meta property=\"article:publisher\" content=\"https:\/\/www.facebook.com\/salve.si\" \/>\n<meta property=\"article:modified_time\" content=\"2019-02-15T11:54:53+00:00\" \/>\n<meta property=\"og:image\" content=\"https:\/\/www.salve.si\/wp-content\/uploads\/2019\/02\/V-blagor-Gospodove-\u010drede-naslovnica.jpg\" \/>\n\t<meta property=\"og:image:width\" content=\"2210\" \/>\n\t<meta property=\"og:image:height\" content=\"2785\" \/>\n\t<meta property=\"og:image:type\" content=\"image\/jpeg\" \/>\n<meta name=\"twitter:card\" content=\"summary_large_image\" \/>\n<meta name=\"twitter:label1\" content=\"Est. reading time\" \/>\n\t<meta name=\"twitter:data1\" content=\"1 minute\" \/>\n<script type=\"application\/ld+json\" class=\"yoast-schema-graph\">{\"@context\":\"https:\/\/schema.org\",\"@graph\":[{\"@type\":\"WebPage\",\"@id\":\"https:\/\/www.salve.si\/trgovina\/knjige\/svetniki-in-zivljenjepisi\/v-blagor-gospodove-crede\/\",\"url\":\"https:\/\/www.salve.si\/trgovina\/knjige\/svetniki-in-zivljenjepisi\/v-blagor-gospodove-crede\/\",\"name\":\"V BLAGOR GOSPODOVE \u010cREDE - Salve\",\"isPartOf\":{\"@id\":\"https:\/\/www.salve.si\/#website\"},\"primaryImageOfPage\":{\"@id\":\"https:\/\/www.salve.si\/trgovina\/knjige\/svetniki-in-zivljenjepisi\/v-blagor-gospodove-crede\/#primaryimage\"},\"image\":{\"@id\":\"https:\/\/www.salve.si\/trgovina\/knjige\/svetniki-in-zivljenjepisi\/v-blagor-gospodove-crede\/#primaryimage\"},\"thumbnailUrl\":\"https:\/\/www.salve.si\/wp-content\/uploads\/2019\/02\/V-blagor-Gospodove-\u010drede-naslovnica.jpg\",\"datePublished\":\"2019-02-15T10:00:21+00:00\",\"dateModified\":\"2019-02-15T11:54:53+00:00\",\"breadcrumb\":{\"@id\":\"https:\/\/www.salve.si\/trgovina\/knjige\/svetniki-in-zivljenjepisi\/v-blagor-gospodove-crede\/#breadcrumb\"},\"inLanguage\":\"en-US\",\"potentialAction\":[{\"@type\":\"ReadAction\",\"target\":[\"https:\/\/www.salve.si\/trgovina\/knjige\/svetniki-in-zivljenjepisi\/v-blagor-gospodove-crede\/\"]}]},{\"@type\":\"ImageObject\",\"inLanguage\":\"en-US\",\"@id\":\"https:\/\/www.salve.si\/trgovina\/knjige\/svetniki-in-zivljenjepisi\/v-blagor-gospodove-crede\/#primaryimage\",\"url\":\"https:\/\/www.salve.si\/wp-content\/uploads\/2019\/02\/V-blagor-Gospodove-\u010drede-naslovnica.jpg\",\"contentUrl\":\"https:\/\/www.salve.si\/wp-content\/uploads\/2019\/02\/V-blagor-Gospodove-\u010drede-naslovnica.jpg\",\"width\":2210,\"height\":2785},{\"@type\":\"BreadcrumbList\",\"@id\":\"https:\/\/www.salve.si\/trgovina\/knjige\/svetniki-in-zivljenjepisi\/v-blagor-gospodove-crede\/#breadcrumb\",\"itemListElement\":[{\"@type\":\"ListItem\",\"position\":1,\"name\":\"Home\",\"item\":\"https:\/\/www.salve.si\/\"},{\"@type\":\"ListItem\",\"position\":2,\"name\":\"Trgovina\",\"item\":\"https:\/\/www.salve.si\/trgovina\/\"},{\"@type\":\"ListItem\",\"position\":3,\"name\":\"V BLAGOR GOSPODOVE \u010cREDE\"}]},{\"@type\":\"WebSite\",\"@id\":\"https:\/\/www.salve.si\/#website\",\"url\":\"https:\/\/www.salve.si\/\",\"name\":\"Salve\",\"description\":\"Salezijanska zalo\u017eba\",\"publisher\":{\"@id\":\"https:\/\/www.salve.si\/#organization\"},\"potentialAction\":[{\"@type\":\"SearchAction\",\"target\":{\"@type\":\"EntryPoint\",\"urlTemplate\":\"https:\/\/www.salve.si\/?s={search_term_string}\"},\"query-input\":{\"@type\":\"PropertyValueSpecification\",\"valueRequired\":true,\"valueName\":\"search_term_string\"}}],\"inLanguage\":\"en-US\"},{\"@type\":\"Organization\",\"@id\":\"https:\/\/www.salve.si\/#organization\",\"name\":\"Salve d.o.o.\",\"url\":\"https:\/\/www.salve.si\/\",\"logo\":{\"@type\":\"ImageObject\",\"inLanguage\":\"en-US\",\"@id\":\"https:\/\/www.salve.si\/#\/schema\/logo\/image\/\",\"url\":\"https:\/\/www.salve.si\/wp-content\/uploads\/2021\/01\/Salve_logo_modri_nov_web.png\",\"contentUrl\":\"https:\/\/www.salve.si\/wp-content\/uploads\/2021\/01\/Salve_logo_modri_nov_web.png\",\"width\":279,\"height\":90,\"caption\":\"Salve d.o.o.\"},\"image\":{\"@id\":\"https:\/\/www.salve.si\/#\/schema\/logo\/image\/\"},\"sameAs\":[\"https:\/\/www.facebook.com\/salve.si\",\"https:\/\/www.instagram.com\/zalozbasalve\/\",\"https:\/\/www.linkedin.com\/company\/zalozba-salve\/\"]}]}<\/script>\n<!-- \/ Yoast SEO plugin. -->","yoast_head_json":{"title":"V BLAGOR GOSPODOVE \u010cREDE - Salve","robots":{"index":"index","follow":"follow","max-snippet":"max-snippet:-1","max-image-preview":"max-image-preview:large","max-video-preview":"max-video-preview:-1"},"canonical":"https:\/\/www.salve.si\/en\/trgovina\/knjige\/svetniki-in-zivljenjepisi\/v-blagor-gospodove-crede\/","og_locale":"en_US","og_type":"article","og_title":"V BLAGOR GOSPODOVE \u010cREDE - Salve","og_description":"\u017divljenjska zgodba dr. Stanislava Leni\u010da, pomo\u017enega ljubljanskega \u0161kofa v zgodbi in v dramski uprizoritvi.","og_url":"https:\/\/www.salve.si\/en\/trgovina\/knjige\/svetniki-in-zivljenjepisi\/v-blagor-gospodove-crede\/","og_site_name":"Salve","article_publisher":"https:\/\/www.facebook.com\/salve.si","article_modified_time":"2019-02-15T11:54:53+00:00","og_image":[{"width":2210,"height":2785,"url":"https:\/\/www.salve.si\/wp-content\/uploads\/2019\/02\/V-blagor-Gospodove-\u010drede-naslovnica.jpg","type":"image\/jpeg"}],"twitter_card":"summary_large_image","twitter_misc":{"Est. reading time":"1 minute"},"schema":{"@context":"https:\/\/schema.org","@graph":[{"@type":"WebPage","@id":"https:\/\/www.salve.si\/trgovina\/knjige\/svetniki-in-zivljenjepisi\/v-blagor-gospodove-crede\/","url":"https:\/\/www.salve.si\/trgovina\/knjige\/svetniki-in-zivljenjepisi\/v-blagor-gospodove-crede\/","name":"V BLAGOR GOSPODOVE \u010cREDE - Salve","isPartOf":{"@id":"https:\/\/www.salve.si\/#website"},"primaryImageOfPage":{"@id":"https:\/\/www.salve.si\/trgovina\/knjige\/svetniki-in-zivljenjepisi\/v-blagor-gospodove-crede\/#primaryimage"},"image":{"@id":"https:\/\/www.salve.si\/trgovina\/knjige\/svetniki-in-zivljenjepisi\/v-blagor-gospodove-crede\/#primaryimage"},"thumbnailUrl":"https:\/\/www.salve.si\/wp-content\/uploads\/2019\/02\/V-blagor-Gospodove-\u010drede-naslovnica.jpg","datePublished":"2019-02-15T10:00:21+00:00","dateModified":"2019-02-15T11:54:53+00:00","breadcrumb":{"@id":"https:\/\/www.salve.si\/trgovina\/knjige\/svetniki-in-zivljenjepisi\/v-blagor-gospodove-crede\/#breadcrumb"},"inLanguage":"en-US","potentialAction":[{"@type":"ReadAction","target":["https:\/\/www.salve.si\/trgovina\/knjige\/svetniki-in-zivljenjepisi\/v-blagor-gospodove-crede\/"]}]},{"@type":"ImageObject","inLanguage":"en-US","@id":"https:\/\/www.salve.si\/trgovina\/knjige\/svetniki-in-zivljenjepisi\/v-blagor-gospodove-crede\/#primaryimage","url":"https:\/\/www.salve.si\/wp-content\/uploads\/2019\/02\/V-blagor-Gospodove-\u010drede-naslovnica.jpg","contentUrl":"https:\/\/www.salve.si\/wp-content\/uploads\/2019\/02\/V-blagor-Gospodove-\u010drede-naslovnica.jpg","width":2210,"height":2785},{"@type":"BreadcrumbList","@id":"https:\/\/www.salve.si\/trgovina\/knjige\/svetniki-in-zivljenjepisi\/v-blagor-gospodove-crede\/#breadcrumb","itemListElement":[{"@type":"ListItem","position":1,"name":"Home","item":"https:\/\/www.salve.si\/"},{"@type":"ListItem","position":2,"name":"Trgovina","item":"https:\/\/www.salve.si\/trgovina\/"},{"@type":"ListItem","position":3,"name":"V BLAGOR GOSPODOVE \u010cREDE"}]},{"@type":"WebSite","@id":"https:\/\/www.salve.si\/#website","url":"https:\/\/www.salve.si\/","name":"Salve","description":"Salezijanska zalo\u017eba","publisher":{"@id":"https:\/\/www.salve.si\/#organization"},"potentialAction":[{"@type":"SearchAction","target":{"@type":"EntryPoint","urlTemplate":"https:\/\/www.salve.si\/?s={search_term_string}"},"query-input":{"@type":"PropertyValueSpecification","valueRequired":true,"valueName":"search_term_string"}}],"inLanguage":"en-US"},{"@type":"Organization","@id":"https:\/\/www.salve.si\/#organization","name":"Salve d.o.o.","url":"https:\/\/www.salve.si\/","logo":{"@type":"ImageObject","inLanguage":"en-US","@id":"https:\/\/www.salve.si\/#\/schema\/logo\/image\/","url":"https:\/\/www.salve.si\/wp-content\/uploads\/2021\/01\/Salve_logo_modri_nov_web.png","contentUrl":"https:\/\/www.salve.si\/wp-content\/uploads\/2021\/01\/Salve_logo_modri_nov_web.png","width":279,"height":90,"caption":"Salve d.o.o."},"image":{"@id":"https:\/\/www.salve.si\/#\/schema\/logo\/image\/"},"sameAs":["https:\/\/www.facebook.com\/salve.si","https:\/\/www.instagram.com\/zalozbasalve\/","https:\/\/www.linkedin.com\/company\/zalozba-salve\/"]}]}},"_links":{"self":[{"href":"https:\/\/www.salve.si\/en\/wp-json\/wp\/v2\/product\/5740","targetHints":{"allow":["GET"]}}],"collection":[{"href":"https:\/\/www.salve.si\/en\/wp-json\/wp\/v2\/product"}],"about":[{"href":"https:\/\/www.salve.si\/en\/wp-json\/wp\/v2\/types\/product"}],"version-history":[{"count":2,"href":"https:\/\/www.salve.si\/en\/wp-json\/wp\/v2\/product\/5740\/revisions"}],"predecessor-version":[{"id":5797,"href":"https:\/\/www.salve.si\/en\/wp-json\/wp\/v2\/product\/5740\/revisions\/5797"}],"wp:featuredmedia":[{"embeddable":true,"href":"https:\/\/www.salve.si\/en\/wp-json\/wp\/v2\/media\/5795"}],"wp:attachment":[{"href":"https:\/\/www.salve.si\/en\/wp-json\/wp\/v2\/media?parent=5740"}],"wp:term":[{"taxonomy":"product_cat","embeddable":true,"href":"https:\/\/www.salve.si\/en\/wp-json\/wp\/v2\/product_cat?post=5740"},{"taxonomy":"product_tag","embeddable":true,"href":"https:\/\/www.salve.si\/en\/wp-json\/wp\/v2\/product_tag?post=5740"}],"curies":[{"name":"wp","href":"https:\/\/api.w.org\/{rel}","templated":true}]}}