{"id":5712,"date":"2019-02-11T10:06:47","date_gmt":"2019-02-11T09:06:47","guid":{"rendered":"https:\/\/www.salve.si\/?post_type=product&#038;p=5712"},"modified":"2019-03-21T17:43:35","modified_gmt":"2019-03-21T16:43:35","slug":"imas-moc-prirocnik","status":"publish","type":"product","link":"https:\/\/www.salve.si\/en\/trgovina\/knjige\/oratorij\/imas-moc-prirocnik\/","title":{"rendered":"IMA\u0160 MO\u010c (PRIRO\u010cNIK)"},"content":{"rendered":"<p>Oratorij Slovenija deluje po don Boskovem preventivnem sistemu, za katerega je nadvse zna\u010dil\u00adno dru\u017einsko ozra\u010dje. V njem imajo animatorji, voditelji, duhovni asistenti (vzgojitelji) pomembno vlogo in odgo\u00advornost. Stalna navzo\u010dnost vzgojitelja, ki je o\u010de, brat in prijatelj, ni nadzorni\u0161ka in prepre\u010devalna, ampak prija\u00adteljska in spodbujevalna, usmerjena v celostno rast po\u00adsameznika.<\/p>\n<p><strong>Zgodba Peter Klepec<\/strong> je bila izbrana glede na triletni ci\u00adkel, ko je na vrsti literarni lik. Prepri\u010dani smo, da imajo \u0161tevilne zgodbe veliko vzgojno in evangelizacijsko mo\u010d. Izbrali smo zgodbo iz slovenskega izro\u010dila, s katero se otroci sre\u010dajo v \u0161oli. Poznajo jo, v \u0161oli jo raz\u010dlenjujejo z razli\u010dnih vidikov in prav je, da znamo nanjo pogledati tudi s kr\u0161\u010danskega vidika in v njej prepoznati evangelij\u00adske vrednote.<\/p>\n<p>Tudi letos boste v priro\u010dniku na\u0161li kateheze za \u0161tiri starostne skupine in dru\u017einsko katehezo, velike igre za razli\u010dne prilo\u017enosti, molitve za otroke in animatorje, predlog spokornega bogoslu\u017eja in \u0161e in \u0161e.<\/p>\n<p>Uredil: Bo\u0161tjan Jamnik<span class=\"slv-content-keywords\"> Animator Salezijanci Zdru\u017eenje animatorjev Oratorija Knjige Oratorij Priro\u010dniki oratorij 2019 Peter Klepec Priro\u010dnik za oblikovanje otrok in odra\u0161\u010dajo\u010dih, Oratorij 2019 Juan Juvan\u010di\u010d <\/span><\/p>","protected":false},"excerpt":{"rendered":"<p><em>Peter je preprost, slaboten fanti\u010d iz Osilnice, ki si slu\u017ei kruh kot pastir. Zaradi njegove slabotnosti ga izkori\u0161\u010dajo drugi pastirji in si ga naredijo za pravega hlapca. V svoji stiski prosi Boga za mo\u010d, da bi se jih lahko obranil in Bog mu \u017eeljo izpolni. Od takrat se pastirji in sova\u0161\u010dani bojijo njegovega ma\u0161\u010devanja, toda Klepec jim odpusti in se odlo\u010di svojo mo\u010d uporabiti za dobro\u2026<\/em><\/p>","protected":false},"featured_media":5715,"template":"","meta":{"_acf_changed":false,"footnotes":""},"product_cat":[141,265,316],"product_tag":[732,733],"class_list":{"0":"post-5712","1":"product","2":"type-product","3":"status-publish","4":"has-post-thumbnail","6":"zbirke-animator","7":"authors-salezijanci","8":"authors-zdruzenje-animatorjev-oratorija","9":"publisher-salve-d-o-o-ljubljana","10":"product_cat-knjige","11":"product_cat-oratorij","12":"product_cat-prirocniki","13":"product_tag-oratorij-2019","14":"product_tag-peter-klepec","16":"first","17":"instock","18":"shipping-taxable","19":"purchasable","20":"product-type-simple"},"acf":[],"yoast_head":"<!-- This site is optimized with the Yoast SEO plugin v23.8 - https:\/\/yoast.com\/wordpress\/plugins\/seo\/ -->\n<title>IMA\u0160 MO\u010c (PRIRO\u010cNIK) - Salve<\/title>\n<meta name=\"robots\" content=\"index, follow, max-snippet:-1, max-image-preview:large, max-video-preview:-1\" \/>\n<link rel=\"canonical\" href=\"https:\/\/www.salve.si\/en\/trgovina\/knjige\/oratorij\/imas-moc-prirocnik\/\" \/>\n<meta property=\"og:locale\" content=\"en_US\" \/>\n<meta property=\"og:type\" content=\"article\" \/>\n<meta property=\"og:title\" content=\"IMA\u0160 MO\u010c (PRIRO\u010cNIK) - Salve\" \/>\n<meta property=\"og:description\" content=\"Peter je preprost, slaboten fanti\u010d iz Osilnice, ki si slu\u017ei kruh kot pastir. Zaradi njegove slabotnosti ga izkori\u0161\u010dajo drugi pastirji in si ga naredijo za pravega hlapca. V svoji stiski prosi Boga za mo\u010d, da bi se jih lahko obranil in Bog mu \u017eeljo izpolni. Od takrat se pastirji in sova\u0161\u010dani bojijo njegovega ma\u0161\u010devanja, toda Klepec jim odpusti in se odlo\u010di svojo mo\u010d uporabiti za dobro\u2026\" \/>\n<meta property=\"og:url\" content=\"https:\/\/www.salve.si\/en\/trgovina\/knjige\/oratorij\/imas-moc-prirocnik\/\" \/>\n<meta property=\"og:site_name\" content=\"Salve\" \/>\n<meta property=\"article:publisher\" content=\"https:\/\/www.facebook.com\/salve.si\" \/>\n<meta property=\"article:modified_time\" content=\"2019-03-21T16:43:35+00:00\" \/>\n<meta property=\"og:image\" content=\"https:\/\/www.salve.si\/wp-content\/uploads\/2019\/02\/Oratorij-2019-priro\u010dnik-naslovnica.jpg\" \/>\n\t<meta property=\"og:image:width\" content=\"549\" \/>\n\t<meta property=\"og:image:height\" content=\"782\" \/>\n\t<meta property=\"og:image:type\" content=\"image\/jpeg\" \/>\n<meta name=\"twitter:card\" content=\"summary_large_image\" \/>\n<meta name=\"twitter:label1\" content=\"Est. reading time\" \/>\n\t<meta name=\"twitter:data1\" content=\"1 minute\" \/>\n<script type=\"application\/ld+json\" class=\"yoast-schema-graph\">{\"@context\":\"https:\/\/schema.org\",\"@graph\":[{\"@type\":\"WebPage\",\"@id\":\"https:\/\/www.salve.si\/trgovina\/knjige\/oratorij\/imas-moc-prirocnik\/\",\"url\":\"https:\/\/www.salve.si\/trgovina\/knjige\/oratorij\/imas-moc-prirocnik\/\",\"name\":\"IMA\u0160 MO\u010c (PRIRO\u010cNIK) - Salve\",\"isPartOf\":{\"@id\":\"https:\/\/www.salve.si\/#website\"},\"primaryImageOfPage\":{\"@id\":\"https:\/\/www.salve.si\/trgovina\/knjige\/oratorij\/imas-moc-prirocnik\/#primaryimage\"},\"image\":{\"@id\":\"https:\/\/www.salve.si\/trgovina\/knjige\/oratorij\/imas-moc-prirocnik\/#primaryimage\"},\"thumbnailUrl\":\"https:\/\/www.salve.si\/wp-content\/uploads\/2019\/02\/Oratorij-2019-priro\u010dnik-naslovnica.jpg\",\"datePublished\":\"2019-02-11T09:06:47+00:00\",\"dateModified\":\"2019-03-21T16:43:35+00:00\",\"breadcrumb\":{\"@id\":\"https:\/\/www.salve.si\/trgovina\/knjige\/oratorij\/imas-moc-prirocnik\/#breadcrumb\"},\"inLanguage\":\"en-US\",\"potentialAction\":[{\"@type\":\"ReadAction\",\"target\":[\"https:\/\/www.salve.si\/trgovina\/knjige\/oratorij\/imas-moc-prirocnik\/\"]}]},{\"@type\":\"ImageObject\",\"inLanguage\":\"en-US\",\"@id\":\"https:\/\/www.salve.si\/trgovina\/knjige\/oratorij\/imas-moc-prirocnik\/#primaryimage\",\"url\":\"https:\/\/www.salve.si\/wp-content\/uploads\/2019\/02\/Oratorij-2019-priro\u010dnik-naslovnica.jpg\",\"contentUrl\":\"https:\/\/www.salve.si\/wp-content\/uploads\/2019\/02\/Oratorij-2019-priro\u010dnik-naslovnica.jpg\",\"width\":549,\"height\":782},{\"@type\":\"BreadcrumbList\",\"@id\":\"https:\/\/www.salve.si\/trgovina\/knjige\/oratorij\/imas-moc-prirocnik\/#breadcrumb\",\"itemListElement\":[{\"@type\":\"ListItem\",\"position\":1,\"name\":\"Home\",\"item\":\"https:\/\/www.salve.si\/\"},{\"@type\":\"ListItem\",\"position\":2,\"name\":\"Trgovina\",\"item\":\"https:\/\/www.salve.si\/trgovina\/\"},{\"@type\":\"ListItem\",\"position\":3,\"name\":\"IMA\u0160 MO\u010c (PRIRO\u010cNIK)\"}]},{\"@type\":\"WebSite\",\"@id\":\"https:\/\/www.salve.si\/#website\",\"url\":\"https:\/\/www.salve.si\/\",\"name\":\"Salve\",\"description\":\"Salezijanska zalo\u017eba\",\"publisher\":{\"@id\":\"https:\/\/www.salve.si\/#organization\"},\"potentialAction\":[{\"@type\":\"SearchAction\",\"target\":{\"@type\":\"EntryPoint\",\"urlTemplate\":\"https:\/\/www.salve.si\/?s={search_term_string}\"},\"query-input\":{\"@type\":\"PropertyValueSpecification\",\"valueRequired\":true,\"valueName\":\"search_term_string\"}}],\"inLanguage\":\"en-US\"},{\"@type\":\"Organization\",\"@id\":\"https:\/\/www.salve.si\/#organization\",\"name\":\"Salve d.o.o.\",\"url\":\"https:\/\/www.salve.si\/\",\"logo\":{\"@type\":\"ImageObject\",\"inLanguage\":\"en-US\",\"@id\":\"https:\/\/www.salve.si\/#\/schema\/logo\/image\/\",\"url\":\"https:\/\/www.salve.si\/wp-content\/uploads\/2021\/01\/Salve_logo_modri_nov_web.png\",\"contentUrl\":\"https:\/\/www.salve.si\/wp-content\/uploads\/2021\/01\/Salve_logo_modri_nov_web.png\",\"width\":279,\"height\":90,\"caption\":\"Salve d.o.o.\"},\"image\":{\"@id\":\"https:\/\/www.salve.si\/#\/schema\/logo\/image\/\"},\"sameAs\":[\"https:\/\/www.facebook.com\/salve.si\",\"https:\/\/www.instagram.com\/zalozbasalve\/\",\"https:\/\/www.linkedin.com\/company\/zalozba-salve\/\"]}]}<\/script>\n<!-- \/ Yoast SEO plugin. -->","yoast_head_json":{"title":"IMA\u0160 MO\u010c (PRIRO\u010cNIK) - Salve","robots":{"index":"index","follow":"follow","max-snippet":"max-snippet:-1","max-image-preview":"max-image-preview:large","max-video-preview":"max-video-preview:-1"},"canonical":"https:\/\/www.salve.si\/en\/trgovina\/knjige\/oratorij\/imas-moc-prirocnik\/","og_locale":"en_US","og_type":"article","og_title":"IMA\u0160 MO\u010c (PRIRO\u010cNIK) - Salve","og_description":"Peter je preprost, slaboten fanti\u010d iz Osilnice, ki si slu\u017ei kruh kot pastir. Zaradi njegove slabotnosti ga izkori\u0161\u010dajo drugi pastirji in si ga naredijo za pravega hlapca. V svoji stiski prosi Boga za mo\u010d, da bi se jih lahko obranil in Bog mu \u017eeljo izpolni. Od takrat se pastirji in sova\u0161\u010dani bojijo njegovega ma\u0161\u010devanja, toda Klepec jim odpusti in se odlo\u010di svojo mo\u010d uporabiti za dobro\u2026","og_url":"https:\/\/www.salve.si\/en\/trgovina\/knjige\/oratorij\/imas-moc-prirocnik\/","og_site_name":"Salve","article_publisher":"https:\/\/www.facebook.com\/salve.si","article_modified_time":"2019-03-21T16:43:35+00:00","og_image":[{"width":549,"height":782,"url":"https:\/\/www.salve.si\/wp-content\/uploads\/2019\/02\/Oratorij-2019-priro\u010dnik-naslovnica.jpg","type":"image\/jpeg"}],"twitter_card":"summary_large_image","twitter_misc":{"Est. reading time":"1 minute"},"schema":{"@context":"https:\/\/schema.org","@graph":[{"@type":"WebPage","@id":"https:\/\/www.salve.si\/trgovina\/knjige\/oratorij\/imas-moc-prirocnik\/","url":"https:\/\/www.salve.si\/trgovina\/knjige\/oratorij\/imas-moc-prirocnik\/","name":"IMA\u0160 MO\u010c (PRIRO\u010cNIK) - Salve","isPartOf":{"@id":"https:\/\/www.salve.si\/#website"},"primaryImageOfPage":{"@id":"https:\/\/www.salve.si\/trgovina\/knjige\/oratorij\/imas-moc-prirocnik\/#primaryimage"},"image":{"@id":"https:\/\/www.salve.si\/trgovina\/knjige\/oratorij\/imas-moc-prirocnik\/#primaryimage"},"thumbnailUrl":"https:\/\/www.salve.si\/wp-content\/uploads\/2019\/02\/Oratorij-2019-priro\u010dnik-naslovnica.jpg","datePublished":"2019-02-11T09:06:47+00:00","dateModified":"2019-03-21T16:43:35+00:00","breadcrumb":{"@id":"https:\/\/www.salve.si\/trgovina\/knjige\/oratorij\/imas-moc-prirocnik\/#breadcrumb"},"inLanguage":"en-US","potentialAction":[{"@type":"ReadAction","target":["https:\/\/www.salve.si\/trgovina\/knjige\/oratorij\/imas-moc-prirocnik\/"]}]},{"@type":"ImageObject","inLanguage":"en-US","@id":"https:\/\/www.salve.si\/trgovina\/knjige\/oratorij\/imas-moc-prirocnik\/#primaryimage","url":"https:\/\/www.salve.si\/wp-content\/uploads\/2019\/02\/Oratorij-2019-priro\u010dnik-naslovnica.jpg","contentUrl":"https:\/\/www.salve.si\/wp-content\/uploads\/2019\/02\/Oratorij-2019-priro\u010dnik-naslovnica.jpg","width":549,"height":782},{"@type":"BreadcrumbList","@id":"https:\/\/www.salve.si\/trgovina\/knjige\/oratorij\/imas-moc-prirocnik\/#breadcrumb","itemListElement":[{"@type":"ListItem","position":1,"name":"Home","item":"https:\/\/www.salve.si\/"},{"@type":"ListItem","position":2,"name":"Trgovina","item":"https:\/\/www.salve.si\/trgovina\/"},{"@type":"ListItem","position":3,"name":"IMA\u0160 MO\u010c (PRIRO\u010cNIK)"}]},{"@type":"WebSite","@id":"https:\/\/www.salve.si\/#website","url":"https:\/\/www.salve.si\/","name":"Salve","description":"Salezijanska zalo\u017eba","publisher":{"@id":"https:\/\/www.salve.si\/#organization"},"potentialAction":[{"@type":"SearchAction","target":{"@type":"EntryPoint","urlTemplate":"https:\/\/www.salve.si\/?s={search_term_string}"},"query-input":{"@type":"PropertyValueSpecification","valueRequired":true,"valueName":"search_term_string"}}],"inLanguage":"en-US"},{"@type":"Organization","@id":"https:\/\/www.salve.si\/#organization","name":"Salve d.o.o.","url":"https:\/\/www.salve.si\/","logo":{"@type":"ImageObject","inLanguage":"en-US","@id":"https:\/\/www.salve.si\/#\/schema\/logo\/image\/","url":"https:\/\/www.salve.si\/wp-content\/uploads\/2021\/01\/Salve_logo_modri_nov_web.png","contentUrl":"https:\/\/www.salve.si\/wp-content\/uploads\/2021\/01\/Salve_logo_modri_nov_web.png","width":279,"height":90,"caption":"Salve d.o.o."},"image":{"@id":"https:\/\/www.salve.si\/#\/schema\/logo\/image\/"},"sameAs":["https:\/\/www.facebook.com\/salve.si","https:\/\/www.instagram.com\/zalozbasalve\/","https:\/\/www.linkedin.com\/company\/zalozba-salve\/"]}]}},"_links":{"self":[{"href":"https:\/\/www.salve.si\/en\/wp-json\/wp\/v2\/product\/5712","targetHints":{"allow":["GET"]}}],"collection":[{"href":"https:\/\/www.salve.si\/en\/wp-json\/wp\/v2\/product"}],"about":[{"href":"https:\/\/www.salve.si\/en\/wp-json\/wp\/v2\/types\/product"}],"version-history":[{"count":5,"href":"https:\/\/www.salve.si\/en\/wp-json\/wp\/v2\/product\/5712\/revisions"}],"predecessor-version":[{"id":5774,"href":"https:\/\/www.salve.si\/en\/wp-json\/wp\/v2\/product\/5712\/revisions\/5774"}],"wp:featuredmedia":[{"embeddable":true,"href":"https:\/\/www.salve.si\/en\/wp-json\/wp\/v2\/media\/5715"}],"wp:attachment":[{"href":"https:\/\/www.salve.si\/en\/wp-json\/wp\/v2\/media?parent=5712"}],"wp:term":[{"taxonomy":"product_cat","embeddable":true,"href":"https:\/\/www.salve.si\/en\/wp-json\/wp\/v2\/product_cat?post=5712"},{"taxonomy":"product_tag","embeddable":true,"href":"https:\/\/www.salve.si\/en\/wp-json\/wp\/v2\/product_tag?post=5712"}],"curies":[{"name":"wp","href":"https:\/\/api.w.org\/{rel}","templated":true}]}}