{"id":5637,"date":"2019-02-07T11:53:19","date_gmt":"2019-02-07T10:53:19","guid":{"rendered":"https:\/\/www.salve.si\/?post_type=product&#038;p=5637"},"modified":"2019-02-07T12:07:32","modified_gmt":"2019-02-07T11:07:32","slug":"cd-ritem-duha-5","status":"publish","type":"product","link":"https:\/\/www.salve.si\/en\/trgovina\/film-glasba\/glasba\/cd-ritem-duha-5\/","title":{"rendered":"CD &#8211; RITEM DUHA 5"},"content":{"rendered":"<p>Seznam pesmi:<\/p>\n<ol>\n<li>3V1: Bodi to, kar si (glas Boga)<\/li>\n<li>ALEKSANDER &amp; KARMEN: Svetilnik \u017eivljenja<\/li>\n<li>BOJANA IVAN\u010cI\u010c: Odmev besed<\/li>\n<li>BO\u0160TJAN DERMOL: Tukaj sem, Gospod<\/li>\n<li>HEART BAND: Pomlad<\/li>\n<li>INGRID M\u00dcLLER: Preproste besede<\/li>\n<li>JANEZ FERLE\u017d: Zgodi se tvoja volja<\/li>\n<li>KANTUS: O\u010de<\/li>\n<li>KRIK: \u010ce ho\u010dem ali ne<\/li>\n<li>MATEJA NOVAK: Gospod, ti si \u017eivljenje<\/li>\n<li>PRIMO\u017d: \u010cuj, o \u010duj<\/li>\n<li>TVOJ GLAS: Si kdaj?<\/li>\n<\/ol>\n<p><span class=\"slv-content-keywords\"> Razli\u010dni izvajalci Film in glasba Glasba <\/span><\/p>","protected":false},"excerpt":{"rendered":"<p>12 pesmi iz 5. festivala Ritem duha l. 2006.<\/p>","protected":false},"featured_media":5703,"template":"","meta":{"_acf_changed":false,"footnotes":""},"product_cat":[144,624],"product_tag":[],"class_list":{"0":"post-5637","1":"product","2":"type-product","3":"status-publish","4":"has-post-thumbnail","6":"authors-razlicni-izvajalci","7":"publisher-salve-d-o-o-ljubljana","8":"product_cat-film-glasba","9":"product_cat-glasba","11":"first","12":"instock","13":"shipping-taxable","14":"purchasable","15":"product-type-simple"},"acf":[],"yoast_head":"<!-- This site is optimized with the Yoast SEO plugin v23.8 - https:\/\/yoast.com\/wordpress\/plugins\/seo\/ -->\n<title>CD - RITEM DUHA 5 - Salve<\/title>\n<meta name=\"robots\" content=\"index, follow, max-snippet:-1, max-image-preview:large, max-video-preview:-1\" \/>\n<link rel=\"canonical\" href=\"https:\/\/www.salve.si\/en\/trgovina\/film-glasba\/glasba\/cd-ritem-duha-5\/\" \/>\n<meta property=\"og:locale\" content=\"en_US\" \/>\n<meta property=\"og:type\" content=\"article\" \/>\n<meta property=\"og:title\" content=\"CD - RITEM DUHA 5 - Salve\" \/>\n<meta property=\"og:description\" content=\"12 pesmi iz 5. festivala Ritem duha l. 2006.\" \/>\n<meta property=\"og:url\" content=\"https:\/\/www.salve.si\/en\/trgovina\/film-glasba\/glasba\/cd-ritem-duha-5\/\" \/>\n<meta property=\"og:site_name\" content=\"Salve\" \/>\n<meta property=\"article:publisher\" content=\"https:\/\/www.facebook.com\/salve.si\" \/>\n<meta property=\"article:modified_time\" content=\"2019-02-07T11:07:32+00:00\" \/>\n<meta property=\"og:image\" content=\"https:\/\/www.salve.si\/wp-content\/uploads\/2019\/02\/Ritem-duha-5.jpg\" \/>\n\t<meta property=\"og:image:width\" content=\"1396\" \/>\n\t<meta property=\"og:image:height\" content=\"1435\" \/>\n\t<meta property=\"og:image:type\" content=\"image\/jpeg\" \/>\n<meta name=\"twitter:card\" content=\"summary_large_image\" \/>\n<script type=\"application\/ld+json\" class=\"yoast-schema-graph\">{\"@context\":\"https:\/\/schema.org\",\"@graph\":[{\"@type\":\"WebPage\",\"@id\":\"https:\/\/www.salve.si\/trgovina\/film-glasba\/glasba\/cd-ritem-duha-5\/\",\"url\":\"https:\/\/www.salve.si\/trgovina\/film-glasba\/glasba\/cd-ritem-duha-5\/\",\"name\":\"CD - RITEM DUHA 5 - Salve\",\"isPartOf\":{\"@id\":\"https:\/\/www.salve.si\/#website\"},\"primaryImageOfPage\":{\"@id\":\"https:\/\/www.salve.si\/trgovina\/film-glasba\/glasba\/cd-ritem-duha-5\/#primaryimage\"},\"image\":{\"@id\":\"https:\/\/www.salve.si\/trgovina\/film-glasba\/glasba\/cd-ritem-duha-5\/#primaryimage\"},\"thumbnailUrl\":\"https:\/\/www.salve.si\/wp-content\/uploads\/2019\/02\/Ritem-duha-5.jpg\",\"datePublished\":\"2019-02-07T10:53:19+00:00\",\"dateModified\":\"2019-02-07T11:07:32+00:00\",\"breadcrumb\":{\"@id\":\"https:\/\/www.salve.si\/trgovina\/film-glasba\/glasba\/cd-ritem-duha-5\/#breadcrumb\"},\"inLanguage\":\"en-US\",\"potentialAction\":[{\"@type\":\"ReadAction\",\"target\":[\"https:\/\/www.salve.si\/trgovina\/film-glasba\/glasba\/cd-ritem-duha-5\/\"]}]},{\"@type\":\"ImageObject\",\"inLanguage\":\"en-US\",\"@id\":\"https:\/\/www.salve.si\/trgovina\/film-glasba\/glasba\/cd-ritem-duha-5\/#primaryimage\",\"url\":\"https:\/\/www.salve.si\/wp-content\/uploads\/2019\/02\/Ritem-duha-5.jpg\",\"contentUrl\":\"https:\/\/www.salve.si\/wp-content\/uploads\/2019\/02\/Ritem-duha-5.jpg\",\"width\":1396,\"height\":1435},{\"@type\":\"BreadcrumbList\",\"@id\":\"https:\/\/www.salve.si\/trgovina\/film-glasba\/glasba\/cd-ritem-duha-5\/#breadcrumb\",\"itemListElement\":[{\"@type\":\"ListItem\",\"position\":1,\"name\":\"Home\",\"item\":\"https:\/\/www.salve.si\/\"},{\"@type\":\"ListItem\",\"position\":2,\"name\":\"Trgovina\",\"item\":\"https:\/\/www.salve.si\/trgovina\/\"},{\"@type\":\"ListItem\",\"position\":3,\"name\":\"CD &#8211; RITEM DUHA 5\"}]},{\"@type\":\"WebSite\",\"@id\":\"https:\/\/www.salve.si\/#website\",\"url\":\"https:\/\/www.salve.si\/\",\"name\":\"Salve\",\"description\":\"Salezijanska zalo\u017eba\",\"publisher\":{\"@id\":\"https:\/\/www.salve.si\/#organization\"},\"potentialAction\":[{\"@type\":\"SearchAction\",\"target\":{\"@type\":\"EntryPoint\",\"urlTemplate\":\"https:\/\/www.salve.si\/?s={search_term_string}\"},\"query-input\":{\"@type\":\"PropertyValueSpecification\",\"valueRequired\":true,\"valueName\":\"search_term_string\"}}],\"inLanguage\":\"en-US\"},{\"@type\":\"Organization\",\"@id\":\"https:\/\/www.salve.si\/#organization\",\"name\":\"Salve d.o.o.\",\"url\":\"https:\/\/www.salve.si\/\",\"logo\":{\"@type\":\"ImageObject\",\"inLanguage\":\"en-US\",\"@id\":\"https:\/\/www.salve.si\/#\/schema\/logo\/image\/\",\"url\":\"https:\/\/www.salve.si\/wp-content\/uploads\/2021\/01\/Salve_logo_modri_nov_web.png\",\"contentUrl\":\"https:\/\/www.salve.si\/wp-content\/uploads\/2021\/01\/Salve_logo_modri_nov_web.png\",\"width\":279,\"height\":90,\"caption\":\"Salve d.o.o.\"},\"image\":{\"@id\":\"https:\/\/www.salve.si\/#\/schema\/logo\/image\/\"},\"sameAs\":[\"https:\/\/www.facebook.com\/salve.si\",\"https:\/\/www.instagram.com\/zalozbasalve\/\",\"https:\/\/www.linkedin.com\/company\/zalozba-salve\/\"]}]}<\/script>\n<!-- \/ Yoast SEO plugin. -->","yoast_head_json":{"title":"CD - RITEM DUHA 5 - Salve","robots":{"index":"index","follow":"follow","max-snippet":"max-snippet:-1","max-image-preview":"max-image-preview:large","max-video-preview":"max-video-preview:-1"},"canonical":"https:\/\/www.salve.si\/en\/trgovina\/film-glasba\/glasba\/cd-ritem-duha-5\/","og_locale":"en_US","og_type":"article","og_title":"CD - RITEM DUHA 5 - Salve","og_description":"12 pesmi iz 5. festivala Ritem duha l. 2006.","og_url":"https:\/\/www.salve.si\/en\/trgovina\/film-glasba\/glasba\/cd-ritem-duha-5\/","og_site_name":"Salve","article_publisher":"https:\/\/www.facebook.com\/salve.si","article_modified_time":"2019-02-07T11:07:32+00:00","og_image":[{"width":1396,"height":1435,"url":"https:\/\/www.salve.si\/wp-content\/uploads\/2019\/02\/Ritem-duha-5.jpg","type":"image\/jpeg"}],"twitter_card":"summary_large_image","schema":{"@context":"https:\/\/schema.org","@graph":[{"@type":"WebPage","@id":"https:\/\/www.salve.si\/trgovina\/film-glasba\/glasba\/cd-ritem-duha-5\/","url":"https:\/\/www.salve.si\/trgovina\/film-glasba\/glasba\/cd-ritem-duha-5\/","name":"CD - RITEM DUHA 5 - Salve","isPartOf":{"@id":"https:\/\/www.salve.si\/#website"},"primaryImageOfPage":{"@id":"https:\/\/www.salve.si\/trgovina\/film-glasba\/glasba\/cd-ritem-duha-5\/#primaryimage"},"image":{"@id":"https:\/\/www.salve.si\/trgovina\/film-glasba\/glasba\/cd-ritem-duha-5\/#primaryimage"},"thumbnailUrl":"https:\/\/www.salve.si\/wp-content\/uploads\/2019\/02\/Ritem-duha-5.jpg","datePublished":"2019-02-07T10:53:19+00:00","dateModified":"2019-02-07T11:07:32+00:00","breadcrumb":{"@id":"https:\/\/www.salve.si\/trgovina\/film-glasba\/glasba\/cd-ritem-duha-5\/#breadcrumb"},"inLanguage":"en-US","potentialAction":[{"@type":"ReadAction","target":["https:\/\/www.salve.si\/trgovina\/film-glasba\/glasba\/cd-ritem-duha-5\/"]}]},{"@type":"ImageObject","inLanguage":"en-US","@id":"https:\/\/www.salve.si\/trgovina\/film-glasba\/glasba\/cd-ritem-duha-5\/#primaryimage","url":"https:\/\/www.salve.si\/wp-content\/uploads\/2019\/02\/Ritem-duha-5.jpg","contentUrl":"https:\/\/www.salve.si\/wp-content\/uploads\/2019\/02\/Ritem-duha-5.jpg","width":1396,"height":1435},{"@type":"BreadcrumbList","@id":"https:\/\/www.salve.si\/trgovina\/film-glasba\/glasba\/cd-ritem-duha-5\/#breadcrumb","itemListElement":[{"@type":"ListItem","position":1,"name":"Home","item":"https:\/\/www.salve.si\/"},{"@type":"ListItem","position":2,"name":"Trgovina","item":"https:\/\/www.salve.si\/trgovina\/"},{"@type":"ListItem","position":3,"name":"CD &#8211; RITEM DUHA 5"}]},{"@type":"WebSite","@id":"https:\/\/www.salve.si\/#website","url":"https:\/\/www.salve.si\/","name":"Salve","description":"Salezijanska zalo\u017eba","publisher":{"@id":"https:\/\/www.salve.si\/#organization"},"potentialAction":[{"@type":"SearchAction","target":{"@type":"EntryPoint","urlTemplate":"https:\/\/www.salve.si\/?s={search_term_string}"},"query-input":{"@type":"PropertyValueSpecification","valueRequired":true,"valueName":"search_term_string"}}],"inLanguage":"en-US"},{"@type":"Organization","@id":"https:\/\/www.salve.si\/#organization","name":"Salve d.o.o.","url":"https:\/\/www.salve.si\/","logo":{"@type":"ImageObject","inLanguage":"en-US","@id":"https:\/\/www.salve.si\/#\/schema\/logo\/image\/","url":"https:\/\/www.salve.si\/wp-content\/uploads\/2021\/01\/Salve_logo_modri_nov_web.png","contentUrl":"https:\/\/www.salve.si\/wp-content\/uploads\/2021\/01\/Salve_logo_modri_nov_web.png","width":279,"height":90,"caption":"Salve d.o.o."},"image":{"@id":"https:\/\/www.salve.si\/#\/schema\/logo\/image\/"},"sameAs":["https:\/\/www.facebook.com\/salve.si","https:\/\/www.instagram.com\/zalozbasalve\/","https:\/\/www.linkedin.com\/company\/zalozba-salve\/"]}]}},"_links":{"self":[{"href":"https:\/\/www.salve.si\/en\/wp-json\/wp\/v2\/product\/5637","targetHints":{"allow":["GET"]}}],"collection":[{"href":"https:\/\/www.salve.si\/en\/wp-json\/wp\/v2\/product"}],"about":[{"href":"https:\/\/www.salve.si\/en\/wp-json\/wp\/v2\/types\/product"}],"version-history":[{"count":4,"href":"https:\/\/www.salve.si\/en\/wp-json\/wp\/v2\/product\/5637\/revisions"}],"predecessor-version":[{"id":5702,"href":"https:\/\/www.salve.si\/en\/wp-json\/wp\/v2\/product\/5637\/revisions\/5702"}],"wp:featuredmedia":[{"embeddable":true,"href":"https:\/\/www.salve.si\/en\/wp-json\/wp\/v2\/media\/5703"}],"wp:attachment":[{"href":"https:\/\/www.salve.si\/en\/wp-json\/wp\/v2\/media?parent=5637"}],"wp:term":[{"taxonomy":"product_cat","embeddable":true,"href":"https:\/\/www.salve.si\/en\/wp-json\/wp\/v2\/product_cat?post=5637"},{"taxonomy":"product_tag","embeddable":true,"href":"https:\/\/www.salve.si\/en\/wp-json\/wp\/v2\/product_tag?post=5637"}],"curies":[{"name":"wp","href":"https:\/\/api.w.org\/{rel}","templated":true}]}}