{"id":5612,"date":"2019-02-04T14:32:20","date_gmt":"2019-02-04T13:32:20","guid":{"rendered":"https:\/\/www.salve.si\/?post_type=product&#038;p=5612"},"modified":"2024-01-01T23:00:39","modified_gmt":"2024-01-01T22:00:39","slug":"vec-kot-igrisce","status":"publish","type":"product","link":"https:\/\/www.salve.si\/en\/trgovina\/knjige\/prirocniki\/vec-kot-igrisce\/","title":{"rendered":"VE\u010c KOT IGRI\u0160\u010cE"},"content":{"rendered":"<p>Vzgoja in evangelizacija sta temeljna poudarka don Boskove pedagogike. Igra oz. \u0161port je bil od nekdaj odli\u010dna vstopna to\u010dka ne le za prijateljski odnos, temve\u010d za vzgojo.<\/p>\n<p>Knjiga se za star\u0161i in \u0161portniki obra\u010da na vse tiste, ki v razli\u010dnih vlogah aktivno \u017eivijo vzgojni \u0161portni izziv pri mladih v mladinskih centrih, \u017eupnijah in na oratorijih: trenerje, voditelje, prostovoljce, duhovnike, redovnice, vzgojitelje in animatorje.<\/p>\n<p>Drobna knji\u017eica sku\u0161a zdru\u017eiti nekatera vzgojna razmi\u0161ljanja s prakti\u010dnimi re\u0161itvami. Zagotovo ne prina\u0161a odgovora na vsak problem. Najprej zaradi njene skr\u010denosti na nekaj strani, pa tudi zato, ker je potrebno vsak dober priro\u010dnik prebrati, ponotranjiti in nato prirediti glede na razli\u010dne okoli\u0161\u010dine.<\/p>\n<p>A brez truda, da bi stopili na igri\u0161\u010de, ta knjiga ni prav uporabna.<\/p>\n<p>Vse je odvisno od tega, koliko volje imamo, da se spoprimemo z vzgojnim izzivom na podro\u010dju \u0161porta. \u010ce ta je, tedaj je knjiga uporabna. \u010cetudi drobna, \u010detudi na videz nezadostna. Ker je vzgojna strast gorivo na\u0161ih centrov. Ta knjiga bi lahko bila kot drobna v\u017eigalica. Pomislite na u\u010dinek, ki ga spro\u017ei ob gorivu!<\/p>\n<p>Dopolnil in pregledal: Bo\u0161tjan Jamnik, SDB<span class=\"slv-content-keywords\"> Posebna ponudba Knjige Priro\u010dniki Claudio Belfiore don Boskova pedagogika evangelizacija \u0161port vzgoja Federico Milone <\/span><\/p>","protected":false},"excerpt":{"rendered":"<p>Priro\u010dnik za vse tiste, ki \u017eelite preko \u0161porta vzgajati mlade. Preprosti, a prakti\u010dni napotki, nekaj teorije, konkretne izku\u0161nje bodo koristno vodilo vsakemu trenerju ali voditelju \u0161portne skupine.<\/p>","protected":false},"featured_media":5613,"template":"","meta":{"_acf_changed":false,"footnotes":""},"product_cat":[709,141,316],"product_tag":[724,726,723,725],"class_list":{"0":"post-5612","1":"product","2":"type-product","3":"status-publish","4":"has-post-thumbnail","6":"authors-claudio-belfiore","7":"publisher-salve-d-o-o-ljubljana","8":"product_cat-posebna-ponudba","9":"product_cat-knjige","10":"product_cat-prirocniki","11":"product_tag-don-boskova-pedagogika","12":"product_tag-evangelizacija","13":"product_tag-sport","14":"product_tag-vzgoja","16":"first","17":"instock","18":"shipping-taxable","19":"purchasable","20":"product-type-simple"},"acf":[],"yoast_head":"<!-- This site is optimized with the Yoast SEO plugin v23.8 - https:\/\/yoast.com\/wordpress\/plugins\/seo\/ -->\n<title>VE\u010c KOT IGRI\u0160\u010cE - Salve<\/title>\n<meta name=\"robots\" content=\"index, follow, max-snippet:-1, max-image-preview:large, max-video-preview:-1\" \/>\n<link rel=\"canonical\" href=\"https:\/\/www.salve.si\/en\/trgovina\/knjige\/prirocniki\/vec-kot-igrisce\/\" \/>\n<meta property=\"og:locale\" content=\"en_US\" \/>\n<meta property=\"og:type\" content=\"article\" \/>\n<meta property=\"og:title\" content=\"VE\u010c KOT IGRI\u0160\u010cE - Salve\" \/>\n<meta property=\"og:description\" content=\"Priro\u010dnik za vse tiste, ki \u017eelite preko \u0161porta vzgajati mlade. Preprosti, a prakti\u010dni napotki, nekaj teorije, konkretne izku\u0161nje bodo koristno vodilo vsakemu trenerju ali voditelju \u0161portne skupine.\" \/>\n<meta property=\"og:url\" content=\"https:\/\/www.salve.si\/en\/trgovina\/knjige\/prirocniki\/vec-kot-igrisce\/\" \/>\n<meta property=\"og:site_name\" content=\"Salve\" \/>\n<meta property=\"article:publisher\" content=\"https:\/\/www.facebook.com\/salve.si\" \/>\n<meta property=\"article:modified_time\" content=\"2024-01-01T22:00:39+00:00\" \/>\n<meta property=\"og:image\" content=\"https:\/\/www.salve.si\/wp-content\/uploads\/2019\/02\/Ve\u010d-kot-igri\u0161\u010de-naslovnica.jpg\" \/>\n\t<meta property=\"og:image:width\" content=\"1498\" \/>\n\t<meta property=\"og:image:height\" content=\"2259\" \/>\n\t<meta property=\"og:image:type\" content=\"image\/jpeg\" \/>\n<meta name=\"twitter:card\" content=\"summary_large_image\" \/>\n<meta name=\"twitter:label1\" content=\"Est. reading time\" \/>\n\t<meta name=\"twitter:data1\" content=\"1 minute\" \/>\n<script type=\"application\/ld+json\" class=\"yoast-schema-graph\">{\"@context\":\"https:\/\/schema.org\",\"@graph\":[{\"@type\":\"WebPage\",\"@id\":\"https:\/\/www.salve.si\/trgovina\/knjige\/prirocniki\/vec-kot-igrisce\/\",\"url\":\"https:\/\/www.salve.si\/trgovina\/knjige\/prirocniki\/vec-kot-igrisce\/\",\"name\":\"VE\u010c KOT IGRI\u0160\u010cE - Salve\",\"isPartOf\":{\"@id\":\"https:\/\/www.salve.si\/#website\"},\"primaryImageOfPage\":{\"@id\":\"https:\/\/www.salve.si\/trgovina\/knjige\/prirocniki\/vec-kot-igrisce\/#primaryimage\"},\"image\":{\"@id\":\"https:\/\/www.salve.si\/trgovina\/knjige\/prirocniki\/vec-kot-igrisce\/#primaryimage\"},\"thumbnailUrl\":\"https:\/\/www.salve.si\/wp-content\/uploads\/2019\/02\/Ve\u010d-kot-igri\u0161\u010de-naslovnica.jpg\",\"datePublished\":\"2019-02-04T13:32:20+00:00\",\"dateModified\":\"2024-01-01T22:00:39+00:00\",\"breadcrumb\":{\"@id\":\"https:\/\/www.salve.si\/trgovina\/knjige\/prirocniki\/vec-kot-igrisce\/#breadcrumb\"},\"inLanguage\":\"en-US\",\"potentialAction\":[{\"@type\":\"ReadAction\",\"target\":[\"https:\/\/www.salve.si\/trgovina\/knjige\/prirocniki\/vec-kot-igrisce\/\"]}]},{\"@type\":\"ImageObject\",\"inLanguage\":\"en-US\",\"@id\":\"https:\/\/www.salve.si\/trgovina\/knjige\/prirocniki\/vec-kot-igrisce\/#primaryimage\",\"url\":\"https:\/\/www.salve.si\/wp-content\/uploads\/2019\/02\/Ve\u010d-kot-igri\u0161\u010de-naslovnica.jpg\",\"contentUrl\":\"https:\/\/www.salve.si\/wp-content\/uploads\/2019\/02\/Ve\u010d-kot-igri\u0161\u010de-naslovnica.jpg\",\"width\":1498,\"height\":2259},{\"@type\":\"BreadcrumbList\",\"@id\":\"https:\/\/www.salve.si\/trgovina\/knjige\/prirocniki\/vec-kot-igrisce\/#breadcrumb\",\"itemListElement\":[{\"@type\":\"ListItem\",\"position\":1,\"name\":\"Home\",\"item\":\"https:\/\/www.salve.si\/\"},{\"@type\":\"ListItem\",\"position\":2,\"name\":\"Trgovina\",\"item\":\"https:\/\/www.salve.si\/trgovina\/\"},{\"@type\":\"ListItem\",\"position\":3,\"name\":\"VE\u010c KOT IGRI\u0160\u010cE\"}]},{\"@type\":\"WebSite\",\"@id\":\"https:\/\/www.salve.si\/#website\",\"url\":\"https:\/\/www.salve.si\/\",\"name\":\"Salve\",\"description\":\"Salezijanska zalo\u017eba\",\"publisher\":{\"@id\":\"https:\/\/www.salve.si\/#organization\"},\"potentialAction\":[{\"@type\":\"SearchAction\",\"target\":{\"@type\":\"EntryPoint\",\"urlTemplate\":\"https:\/\/www.salve.si\/?s={search_term_string}\"},\"query-input\":{\"@type\":\"PropertyValueSpecification\",\"valueRequired\":true,\"valueName\":\"search_term_string\"}}],\"inLanguage\":\"en-US\"},{\"@type\":\"Organization\",\"@id\":\"https:\/\/www.salve.si\/#organization\",\"name\":\"Salve d.o.o.\",\"url\":\"https:\/\/www.salve.si\/\",\"logo\":{\"@type\":\"ImageObject\",\"inLanguage\":\"en-US\",\"@id\":\"https:\/\/www.salve.si\/#\/schema\/logo\/image\/\",\"url\":\"https:\/\/www.salve.si\/wp-content\/uploads\/2021\/01\/Salve_logo_modri_nov_web.png\",\"contentUrl\":\"https:\/\/www.salve.si\/wp-content\/uploads\/2021\/01\/Salve_logo_modri_nov_web.png\",\"width\":279,\"height\":90,\"caption\":\"Salve d.o.o.\"},\"image\":{\"@id\":\"https:\/\/www.salve.si\/#\/schema\/logo\/image\/\"},\"sameAs\":[\"https:\/\/www.facebook.com\/salve.si\",\"https:\/\/www.instagram.com\/zalozbasalve\/\",\"https:\/\/www.linkedin.com\/company\/zalozba-salve\/\"]}]}<\/script>\n<!-- \/ Yoast SEO plugin. -->","yoast_head_json":{"title":"VE\u010c KOT IGRI\u0160\u010cE - Salve","robots":{"index":"index","follow":"follow","max-snippet":"max-snippet:-1","max-image-preview":"max-image-preview:large","max-video-preview":"max-video-preview:-1"},"canonical":"https:\/\/www.salve.si\/en\/trgovina\/knjige\/prirocniki\/vec-kot-igrisce\/","og_locale":"en_US","og_type":"article","og_title":"VE\u010c KOT IGRI\u0160\u010cE - Salve","og_description":"Priro\u010dnik za vse tiste, ki \u017eelite preko \u0161porta vzgajati mlade. Preprosti, a prakti\u010dni napotki, nekaj teorije, konkretne izku\u0161nje bodo koristno vodilo vsakemu trenerju ali voditelju \u0161portne skupine.","og_url":"https:\/\/www.salve.si\/en\/trgovina\/knjige\/prirocniki\/vec-kot-igrisce\/","og_site_name":"Salve","article_publisher":"https:\/\/www.facebook.com\/salve.si","article_modified_time":"2024-01-01T22:00:39+00:00","og_image":[{"width":1498,"height":2259,"url":"https:\/\/www.salve.si\/wp-content\/uploads\/2019\/02\/Ve\u010d-kot-igri\u0161\u010de-naslovnica.jpg","type":"image\/jpeg"}],"twitter_card":"summary_large_image","twitter_misc":{"Est. reading time":"1 minute"},"schema":{"@context":"https:\/\/schema.org","@graph":[{"@type":"WebPage","@id":"https:\/\/www.salve.si\/trgovina\/knjige\/prirocniki\/vec-kot-igrisce\/","url":"https:\/\/www.salve.si\/trgovina\/knjige\/prirocniki\/vec-kot-igrisce\/","name":"VE\u010c KOT IGRI\u0160\u010cE - Salve","isPartOf":{"@id":"https:\/\/www.salve.si\/#website"},"primaryImageOfPage":{"@id":"https:\/\/www.salve.si\/trgovina\/knjige\/prirocniki\/vec-kot-igrisce\/#primaryimage"},"image":{"@id":"https:\/\/www.salve.si\/trgovina\/knjige\/prirocniki\/vec-kot-igrisce\/#primaryimage"},"thumbnailUrl":"https:\/\/www.salve.si\/wp-content\/uploads\/2019\/02\/Ve\u010d-kot-igri\u0161\u010de-naslovnica.jpg","datePublished":"2019-02-04T13:32:20+00:00","dateModified":"2024-01-01T22:00:39+00:00","breadcrumb":{"@id":"https:\/\/www.salve.si\/trgovina\/knjige\/prirocniki\/vec-kot-igrisce\/#breadcrumb"},"inLanguage":"en-US","potentialAction":[{"@type":"ReadAction","target":["https:\/\/www.salve.si\/trgovina\/knjige\/prirocniki\/vec-kot-igrisce\/"]}]},{"@type":"ImageObject","inLanguage":"en-US","@id":"https:\/\/www.salve.si\/trgovina\/knjige\/prirocniki\/vec-kot-igrisce\/#primaryimage","url":"https:\/\/www.salve.si\/wp-content\/uploads\/2019\/02\/Ve\u010d-kot-igri\u0161\u010de-naslovnica.jpg","contentUrl":"https:\/\/www.salve.si\/wp-content\/uploads\/2019\/02\/Ve\u010d-kot-igri\u0161\u010de-naslovnica.jpg","width":1498,"height":2259},{"@type":"BreadcrumbList","@id":"https:\/\/www.salve.si\/trgovina\/knjige\/prirocniki\/vec-kot-igrisce\/#breadcrumb","itemListElement":[{"@type":"ListItem","position":1,"name":"Home","item":"https:\/\/www.salve.si\/"},{"@type":"ListItem","position":2,"name":"Trgovina","item":"https:\/\/www.salve.si\/trgovina\/"},{"@type":"ListItem","position":3,"name":"VE\u010c KOT IGRI\u0160\u010cE"}]},{"@type":"WebSite","@id":"https:\/\/www.salve.si\/#website","url":"https:\/\/www.salve.si\/","name":"Salve","description":"Salezijanska zalo\u017eba","publisher":{"@id":"https:\/\/www.salve.si\/#organization"},"potentialAction":[{"@type":"SearchAction","target":{"@type":"EntryPoint","urlTemplate":"https:\/\/www.salve.si\/?s={search_term_string}"},"query-input":{"@type":"PropertyValueSpecification","valueRequired":true,"valueName":"search_term_string"}}],"inLanguage":"en-US"},{"@type":"Organization","@id":"https:\/\/www.salve.si\/#organization","name":"Salve d.o.o.","url":"https:\/\/www.salve.si\/","logo":{"@type":"ImageObject","inLanguage":"en-US","@id":"https:\/\/www.salve.si\/#\/schema\/logo\/image\/","url":"https:\/\/www.salve.si\/wp-content\/uploads\/2021\/01\/Salve_logo_modri_nov_web.png","contentUrl":"https:\/\/www.salve.si\/wp-content\/uploads\/2021\/01\/Salve_logo_modri_nov_web.png","width":279,"height":90,"caption":"Salve d.o.o."},"image":{"@id":"https:\/\/www.salve.si\/#\/schema\/logo\/image\/"},"sameAs":["https:\/\/www.facebook.com\/salve.si","https:\/\/www.instagram.com\/zalozbasalve\/","https:\/\/www.linkedin.com\/company\/zalozba-salve\/"]}]}},"_links":{"self":[{"href":"https:\/\/www.salve.si\/en\/wp-json\/wp\/v2\/product\/5612","targetHints":{"allow":["GET"]}}],"collection":[{"href":"https:\/\/www.salve.si\/en\/wp-json\/wp\/v2\/product"}],"about":[{"href":"https:\/\/www.salve.si\/en\/wp-json\/wp\/v2\/types\/product"}],"version-history":[{"count":6,"href":"https:\/\/www.salve.si\/en\/wp-json\/wp\/v2\/product\/5612\/revisions"}],"predecessor-version":[{"id":12936,"href":"https:\/\/www.salve.si\/en\/wp-json\/wp\/v2\/product\/5612\/revisions\/12936"}],"wp:featuredmedia":[{"embeddable":true,"href":"https:\/\/www.salve.si\/en\/wp-json\/wp\/v2\/media\/5613"}],"wp:attachment":[{"href":"https:\/\/www.salve.si\/en\/wp-json\/wp\/v2\/media?parent=5612"}],"wp:term":[{"taxonomy":"product_cat","embeddable":true,"href":"https:\/\/www.salve.si\/en\/wp-json\/wp\/v2\/product_cat?post=5612"},{"taxonomy":"product_tag","embeddable":true,"href":"https:\/\/www.salve.si\/en\/wp-json\/wp\/v2\/product_tag?post=5612"}],"curies":[{"name":"wp","href":"https:\/\/api.w.org\/{rel}","templated":true}]}}