{"id":5592,"date":"2019-01-31T11:19:20","date_gmt":"2019-01-31T10:19:20","guid":{"rendered":"https:\/\/www.salve.si\/?post_type=product&#038;p=5592"},"modified":"2023-04-01T01:00:02","modified_gmt":"2023-03-31T23:00:02","slug":"my-story","status":"publish","type":"product","link":"https:\/\/www.salve.si\/en\/trgovina\/knjige\/svetniki-in-zivljenjepisi\/my-story\/","title":{"rendered":"MY STORY"},"content":{"rendered":"<p><strong>SLO:<\/strong> Rachel Rotem Atijas se je rodila leta 1929 v Zagrebu. Rodila se je v sefardski dru\u017eini. Sefardi so Judje \u0161panskega in portugalskega rodu, ki so se ob koncu 15. stoletja po izgonu z Iberskega polotoka raz\u0161irili po vsej severni Afriki, Ju\u017eni Ameriki, Italiji, Holandiji in Otomanskem cesarstvu, kjer so se naselili tudi Rachelini sorodniki.<\/p>\n<p>Imela je sre\u010do, da je s skupino otrok pravo\u010dasno zapustila okupirano Jugoslavijo. Skupina otrok je bila re\u0161ena iz pekla smrti in je februarja 1943 prispela na obmo\u010dje dana\u0161njega Izraela. Tam je bila Rachelina prva nastanitev v kibucu ShaarHaamakim, kjer se je zbli\u017eala s svojim kasnej\u0161im mo\u017eem Mo\u0161ejem, ki se je prav tako re\u0161il smrti.<\/p>\n<p>Rachel je edina iz svoje dru\u017eine, ki je pre\u017eivela holokavst. Zdaj pa ima njena velika dru\u017eina mo\u010dne rodovne korenine. Namre\u010d kmalu bo postala prababica \u017ee deseti\u010d.<\/p>\n<p>V pogovoru kakor tudi v njeni avtobiografski knjigi \u010dlovek za\u010duti sentimentalno du\u0161o starodavne \u0160panije. Njen materni jezik je ladino, judovsko-\u0161panski jezik, ki se je po izgonih iz \u0160panije razvil med pregnanimi Judi.<\/p>\n<p>Rachel je ena izmed zadnjih pred drugo svetovno vojno rojenih Sefardov z obmo\u010dja Balkanskega polotoka. Za njih je \u0161e posebej zna\u010dilno zapisovanje zgodb, podatkov in izdajanje knjig. V svoji knjigi nazorno opisuje svoje prednike, dru\u017eino in doma\u010de okolje, slovo od matere, potovanje v neznano, dobre ljudi ki jih je sre\u010dala na poti, o za\u010detkih v kibucu, sre\u010danje z bratoma, za katera ni vedela, da ju ima, in o tem, kako se njeno \u017eivljenje odvija danes. Knjiga, ki je v angle\u0161\u010dini iz\u0161la v letu, ko Rachel praznuje devetdeset let, je kronika za njene otroke, spomin na njeno v holokavstu umorjeno dru\u017eino in izjemna zanimivost za tiste, ki jih zanima judovstvo in predvsem sefardi.<\/p>\n<p>Uredil: Bojan Zadravec<\/p>\n<p>Prevod: Thomas Ackerman (iz hebrej\u0161\u010dine v angle\u0161\u010dino)<\/p>\n<p><em><strong>ANG:<\/strong> Rachel Rotem Atijas was born in a Sephardic family in 1929 in Zagreb, the capital of Croatia, which was then part of Yugoslavia. The Sephardi Jews are a Jewish ethnic division, originally from Spain and Portugal, who, following their exile from the Iberian Peninsula, established communities throughout North Africa, South America, Italy, the Netherlands and the Ottoman Empire where Rachel&#8217;s relatives settled.<\/em><\/p>\n<p><em>Rachel was fortunate enough to leave the occupied Yugoslavia in time with a group of children and, in doing so, escaped certain death. She arrived in the territory of today&#8217;s Israel in February 1943, where she first lived in the Shaar Ha\u2019amakim kibbutz. There she met her future husband, Moshe, who also fled from Europe.<\/em><\/p>\n<p><em>Although Rachel was the only one of her family who survived the Holocaust, today, she is the matriarch of a large family as she is about to become a great grandmother for the tenth time.<\/em><\/p>\n<p><em>Talking to Rachel or reading her autobiographical book, you feel the sentimental soul of ancient Spain. Her mother tongue is Ladino, a Judaeo-Spanish language that developed among Jews expelled from Spain.<\/em><\/p>\n<p><em>Rachel is one of the last Sephardi Jews born on the Balkan Peninsula prior to World War\u00a0II, who are especially known to record stories, data and publish books. In her book, Rachel graphically describes her ancestors, family, perception of the world, the death of her mother, the journey into the unknown, the good people she met in her life, her beginnings in the kibbutz, the meeting with her two brothers she did not know existed and her life today. The book published in English in the year of Rachel\u2019s ninetieth birthday is a chronicle written for her children, a testament to her family murdered in the Holocaust and essential reading for all those interested in Judaism and especially the Sephardi Jews.<\/em><\/p>\n<p><em>Afterword by: dr. Bojan Zadravec<\/em><\/p>\n<p><em>Translated by: Thomas Ackerman (from hebrew to english)<\/em><\/p>\n<p><span class=\"slv-content-keywords\"> Rachel Rotem Atijas Knjige Avtobiografije, \u017eivljenjepisi The life story of a Sephardi Jew <\/span><\/p>","protected":false},"excerpt":{"rendered":"<p>SLO: \u017divljenjepis Rachel Rotem Atijas, rojeni l. 1929 v Zagrebu v judovski dru\u017eini. Pripada sefardom &#8211; to so Judje \u0161panskega in portugalskega rodu. Rachel je ena izmed zadnjih pred drugo svetovno vojno rojenih Sefardov z obmo\u010dja Balkanskega polotoka. Za njih je \u0161e posebej zna\u010dilno zapisovanje zgodb, podatkov in izdajanje knjig.<\/p>\n<p><em>ANG: The life story of a Sephardi Jew Rachel Rotem Atijas. Rachel Rotem Atijas was born in a Sephardic family in 1929 in Zagreb.\u00a0Rachel is one of the last Sephardi Jews born on the Balkan Peninsula prior to World War\u00a0II, who are especially known to record stories, data and publish books.<\/em><\/p>","protected":false},"featured_media":5594,"template":"","meta":{"_acf_changed":false,"footnotes":""},"product_cat":[141,315],"product_tag":[],"class_list":{"0":"post-5592","1":"product","2":"type-product","3":"status-publish","4":"has-post-thumbnail","6":"authors-rachel-rotem-atijas","7":"publisher-salve-d-o-o-ljubljana","8":"product_cat-knjige","9":"product_cat-svetniki-in-zivljenjepisi","11":"first","12":"instock","13":"shipping-taxable","14":"purchasable","15":"product-type-simple"},"acf":[],"yoast_head":"<!-- This site is optimized with the Yoast SEO plugin v23.8 - https:\/\/yoast.com\/wordpress\/plugins\/seo\/ -->\n<title>MY STORY - Salve<\/title>\n<meta name=\"robots\" content=\"index, follow, max-snippet:-1, max-image-preview:large, max-video-preview:-1\" \/>\n<link rel=\"canonical\" href=\"https:\/\/www.salve.si\/en\/trgovina\/knjige\/svetniki-in-zivljenjepisi\/my-story\/\" \/>\n<meta property=\"og:locale\" content=\"en_US\" \/>\n<meta property=\"og:type\" content=\"article\" \/>\n<meta property=\"og:title\" content=\"MY STORY - Salve\" \/>\n<meta property=\"og:description\" content=\"SLO: \u017divljenjepis Rachel Rotem Atijas, rojeni l. 1929 v Zagrebu v judovski dru\u017eini. Pripada sefardom - to so Judje \u0161panskega in portugalskega rodu. Rachel je ena izmed zadnjih pred drugo svetovno vojno rojenih Sefardov z obmo\u010dja Balkanskega polotoka. Za njih je \u0161e posebej zna\u010dilno zapisovanje zgodb, podatkov in izdajanje knjig.  ANG: The life story of a Sephardi Jew Rachel Rotem Atijas. Rachel Rotem Atijas was born in a Sephardic family in 1929 in Zagreb.\u00a0Rachel is one of the last Sephardi Jews born on the Balkan Peninsula prior to World War\u00a0II, who are especially known to record stories, data and publish books.\" \/>\n<meta property=\"og:url\" content=\"https:\/\/www.salve.si\/en\/trgovina\/knjige\/svetniki-in-zivljenjepisi\/my-story\/\" \/>\n<meta property=\"og:site_name\" content=\"Salve\" \/>\n<meta property=\"article:publisher\" content=\"https:\/\/www.facebook.com\/salve.si\" \/>\n<meta property=\"article:modified_time\" content=\"2023-03-31T23:00:02+00:00\" \/>\n<meta property=\"og:image\" content=\"https:\/\/www.salve.si\/wp-content\/uploads\/2019\/01\/My-story-naslovnica.jpg\" \/>\n\t<meta property=\"og:image:width\" content=\"1726\" \/>\n\t<meta property=\"og:image:height\" content=\"2501\" \/>\n\t<meta property=\"og:image:type\" content=\"image\/jpeg\" \/>\n<meta name=\"twitter:card\" content=\"summary_large_image\" \/>\n<meta name=\"twitter:label1\" content=\"Est. reading time\" \/>\n\t<meta name=\"twitter:data1\" content=\"3 minutes\" \/>\n<script type=\"application\/ld+json\" class=\"yoast-schema-graph\">{\"@context\":\"https:\/\/schema.org\",\"@graph\":[{\"@type\":\"WebPage\",\"@id\":\"https:\/\/www.salve.si\/trgovina\/knjige\/svetniki-in-zivljenjepisi\/my-story\/\",\"url\":\"https:\/\/www.salve.si\/trgovina\/knjige\/svetniki-in-zivljenjepisi\/my-story\/\",\"name\":\"MY STORY - Salve\",\"isPartOf\":{\"@id\":\"https:\/\/www.salve.si\/#website\"},\"primaryImageOfPage\":{\"@id\":\"https:\/\/www.salve.si\/trgovina\/knjige\/svetniki-in-zivljenjepisi\/my-story\/#primaryimage\"},\"image\":{\"@id\":\"https:\/\/www.salve.si\/trgovina\/knjige\/svetniki-in-zivljenjepisi\/my-story\/#primaryimage\"},\"thumbnailUrl\":\"https:\/\/www.salve.si\/wp-content\/uploads\/2019\/01\/My-story-naslovnica.jpg\",\"datePublished\":\"2019-01-31T10:19:20+00:00\",\"dateModified\":\"2023-03-31T23:00:02+00:00\",\"breadcrumb\":{\"@id\":\"https:\/\/www.salve.si\/trgovina\/knjige\/svetniki-in-zivljenjepisi\/my-story\/#breadcrumb\"},\"inLanguage\":\"en-US\",\"potentialAction\":[{\"@type\":\"ReadAction\",\"target\":[\"https:\/\/www.salve.si\/trgovina\/knjige\/svetniki-in-zivljenjepisi\/my-story\/\"]}]},{\"@type\":\"ImageObject\",\"inLanguage\":\"en-US\",\"@id\":\"https:\/\/www.salve.si\/trgovina\/knjige\/svetniki-in-zivljenjepisi\/my-story\/#primaryimage\",\"url\":\"https:\/\/www.salve.si\/wp-content\/uploads\/2019\/01\/My-story-naslovnica.jpg\",\"contentUrl\":\"https:\/\/www.salve.si\/wp-content\/uploads\/2019\/01\/My-story-naslovnica.jpg\",\"width\":1726,\"height\":2501},{\"@type\":\"BreadcrumbList\",\"@id\":\"https:\/\/www.salve.si\/trgovina\/knjige\/svetniki-in-zivljenjepisi\/my-story\/#breadcrumb\",\"itemListElement\":[{\"@type\":\"ListItem\",\"position\":1,\"name\":\"Home\",\"item\":\"https:\/\/www.salve.si\/\"},{\"@type\":\"ListItem\",\"position\":2,\"name\":\"Trgovina\",\"item\":\"https:\/\/www.salve.si\/trgovina\/\"},{\"@type\":\"ListItem\",\"position\":3,\"name\":\"MY STORY\"}]},{\"@type\":\"WebSite\",\"@id\":\"https:\/\/www.salve.si\/#website\",\"url\":\"https:\/\/www.salve.si\/\",\"name\":\"Salve\",\"description\":\"Salezijanska zalo\u017eba\",\"publisher\":{\"@id\":\"https:\/\/www.salve.si\/#organization\"},\"potentialAction\":[{\"@type\":\"SearchAction\",\"target\":{\"@type\":\"EntryPoint\",\"urlTemplate\":\"https:\/\/www.salve.si\/?s={search_term_string}\"},\"query-input\":{\"@type\":\"PropertyValueSpecification\",\"valueRequired\":true,\"valueName\":\"search_term_string\"}}],\"inLanguage\":\"en-US\"},{\"@type\":\"Organization\",\"@id\":\"https:\/\/www.salve.si\/#organization\",\"name\":\"Salve d.o.o.\",\"url\":\"https:\/\/www.salve.si\/\",\"logo\":{\"@type\":\"ImageObject\",\"inLanguage\":\"en-US\",\"@id\":\"https:\/\/www.salve.si\/#\/schema\/logo\/image\/\",\"url\":\"https:\/\/www.salve.si\/wp-content\/uploads\/2021\/01\/Salve_logo_modri_nov_web.png\",\"contentUrl\":\"https:\/\/www.salve.si\/wp-content\/uploads\/2021\/01\/Salve_logo_modri_nov_web.png\",\"width\":279,\"height\":90,\"caption\":\"Salve d.o.o.\"},\"image\":{\"@id\":\"https:\/\/www.salve.si\/#\/schema\/logo\/image\/\"},\"sameAs\":[\"https:\/\/www.facebook.com\/salve.si\",\"https:\/\/www.instagram.com\/zalozbasalve\/\",\"https:\/\/www.linkedin.com\/company\/zalozba-salve\/\"]}]}<\/script>\n<!-- \/ Yoast SEO plugin. -->","yoast_head_json":{"title":"MY STORY - Salve","robots":{"index":"index","follow":"follow","max-snippet":"max-snippet:-1","max-image-preview":"max-image-preview:large","max-video-preview":"max-video-preview:-1"},"canonical":"https:\/\/www.salve.si\/en\/trgovina\/knjige\/svetniki-in-zivljenjepisi\/my-story\/","og_locale":"en_US","og_type":"article","og_title":"MY STORY - Salve","og_description":"SLO: \u017divljenjepis Rachel Rotem Atijas, rojeni l. 1929 v Zagrebu v judovski dru\u017eini. Pripada sefardom - to so Judje \u0161panskega in portugalskega rodu. Rachel je ena izmed zadnjih pred drugo svetovno vojno rojenih Sefardov z obmo\u010dja Balkanskega polotoka. Za njih je \u0161e posebej zna\u010dilno zapisovanje zgodb, podatkov in izdajanje knjig.  ANG: The life story of a Sephardi Jew Rachel Rotem Atijas. Rachel Rotem Atijas was born in a Sephardic family in 1929 in Zagreb.\u00a0Rachel is one of the last Sephardi Jews born on the Balkan Peninsula prior to World War\u00a0II, who are especially known to record stories, data and publish books.","og_url":"https:\/\/www.salve.si\/en\/trgovina\/knjige\/svetniki-in-zivljenjepisi\/my-story\/","og_site_name":"Salve","article_publisher":"https:\/\/www.facebook.com\/salve.si","article_modified_time":"2023-03-31T23:00:02+00:00","og_image":[{"width":1726,"height":2501,"url":"https:\/\/www.salve.si\/wp-content\/uploads\/2019\/01\/My-story-naslovnica.jpg","type":"image\/jpeg"}],"twitter_card":"summary_large_image","twitter_misc":{"Est. reading time":"3 minutes"},"schema":{"@context":"https:\/\/schema.org","@graph":[{"@type":"WebPage","@id":"https:\/\/www.salve.si\/trgovina\/knjige\/svetniki-in-zivljenjepisi\/my-story\/","url":"https:\/\/www.salve.si\/trgovina\/knjige\/svetniki-in-zivljenjepisi\/my-story\/","name":"MY STORY - Salve","isPartOf":{"@id":"https:\/\/www.salve.si\/#website"},"primaryImageOfPage":{"@id":"https:\/\/www.salve.si\/trgovina\/knjige\/svetniki-in-zivljenjepisi\/my-story\/#primaryimage"},"image":{"@id":"https:\/\/www.salve.si\/trgovina\/knjige\/svetniki-in-zivljenjepisi\/my-story\/#primaryimage"},"thumbnailUrl":"https:\/\/www.salve.si\/wp-content\/uploads\/2019\/01\/My-story-naslovnica.jpg","datePublished":"2019-01-31T10:19:20+00:00","dateModified":"2023-03-31T23:00:02+00:00","breadcrumb":{"@id":"https:\/\/www.salve.si\/trgovina\/knjige\/svetniki-in-zivljenjepisi\/my-story\/#breadcrumb"},"inLanguage":"en-US","potentialAction":[{"@type":"ReadAction","target":["https:\/\/www.salve.si\/trgovina\/knjige\/svetniki-in-zivljenjepisi\/my-story\/"]}]},{"@type":"ImageObject","inLanguage":"en-US","@id":"https:\/\/www.salve.si\/trgovina\/knjige\/svetniki-in-zivljenjepisi\/my-story\/#primaryimage","url":"https:\/\/www.salve.si\/wp-content\/uploads\/2019\/01\/My-story-naslovnica.jpg","contentUrl":"https:\/\/www.salve.si\/wp-content\/uploads\/2019\/01\/My-story-naslovnica.jpg","width":1726,"height":2501},{"@type":"BreadcrumbList","@id":"https:\/\/www.salve.si\/trgovina\/knjige\/svetniki-in-zivljenjepisi\/my-story\/#breadcrumb","itemListElement":[{"@type":"ListItem","position":1,"name":"Home","item":"https:\/\/www.salve.si\/"},{"@type":"ListItem","position":2,"name":"Trgovina","item":"https:\/\/www.salve.si\/trgovina\/"},{"@type":"ListItem","position":3,"name":"MY STORY"}]},{"@type":"WebSite","@id":"https:\/\/www.salve.si\/#website","url":"https:\/\/www.salve.si\/","name":"Salve","description":"Salezijanska zalo\u017eba","publisher":{"@id":"https:\/\/www.salve.si\/#organization"},"potentialAction":[{"@type":"SearchAction","target":{"@type":"EntryPoint","urlTemplate":"https:\/\/www.salve.si\/?s={search_term_string}"},"query-input":{"@type":"PropertyValueSpecification","valueRequired":true,"valueName":"search_term_string"}}],"inLanguage":"en-US"},{"@type":"Organization","@id":"https:\/\/www.salve.si\/#organization","name":"Salve d.o.o.","url":"https:\/\/www.salve.si\/","logo":{"@type":"ImageObject","inLanguage":"en-US","@id":"https:\/\/www.salve.si\/#\/schema\/logo\/image\/","url":"https:\/\/www.salve.si\/wp-content\/uploads\/2021\/01\/Salve_logo_modri_nov_web.png","contentUrl":"https:\/\/www.salve.si\/wp-content\/uploads\/2021\/01\/Salve_logo_modri_nov_web.png","width":279,"height":90,"caption":"Salve d.o.o."},"image":{"@id":"https:\/\/www.salve.si\/#\/schema\/logo\/image\/"},"sameAs":["https:\/\/www.facebook.com\/salve.si","https:\/\/www.instagram.com\/zalozbasalve\/","https:\/\/www.linkedin.com\/company\/zalozba-salve\/"]}]}},"_links":{"self":[{"href":"https:\/\/www.salve.si\/en\/wp-json\/wp\/v2\/product\/5592","targetHints":{"allow":["GET"]}}],"collection":[{"href":"https:\/\/www.salve.si\/en\/wp-json\/wp\/v2\/product"}],"about":[{"href":"https:\/\/www.salve.si\/en\/wp-json\/wp\/v2\/types\/product"}],"version-history":[{"count":3,"href":"https:\/\/www.salve.si\/en\/wp-json\/wp\/v2\/product\/5592\/revisions"}],"predecessor-version":[{"id":5860,"href":"https:\/\/www.salve.si\/en\/wp-json\/wp\/v2\/product\/5592\/revisions\/5860"}],"wp:featuredmedia":[{"embeddable":true,"href":"https:\/\/www.salve.si\/en\/wp-json\/wp\/v2\/media\/5594"}],"wp:attachment":[{"href":"https:\/\/www.salve.si\/en\/wp-json\/wp\/v2\/media?parent=5592"}],"wp:term":[{"taxonomy":"product_cat","embeddable":true,"href":"https:\/\/www.salve.si\/en\/wp-json\/wp\/v2\/product_cat?post=5592"},{"taxonomy":"product_tag","embeddable":true,"href":"https:\/\/www.salve.si\/en\/wp-json\/wp\/v2\/product_tag?post=5592"}],"curies":[{"name":"wp","href":"https:\/\/api.w.org\/{rel}","templated":true}]}}