{"id":5569,"date":"2019-01-23T10:11:42","date_gmt":"2019-01-23T09:11:42","guid":{"rendered":"https:\/\/www.salve.si\/?post_type=product&#038;p=5569"},"modified":"2019-01-23T10:11:43","modified_gmt":"2019-01-23T09:11:43","slug":"ministrantski-zepni-kviz-1","status":"publish","type":"product","link":"https:\/\/www.salve.si\/en\/trgovina\/knjige\/ministranti\/ministrantski-zepni-kviz-1\/","title":{"rendered":"MINISTRANTSKI \u017dEPNI KVIZ 1"},"content":{"rendered":"<p>Prva knji\u017eica, ki govori o bogoslu\u017enih slu\u017ebah, \u010dasih, predmetih, dr\u017eah, praznikih in prostorih nekoliko druga\u010de. Najpogostej\u0161a gesla, ki ministrantom vedno pridejo prav, so tukaj obrnjena v igro &#8211; kviz.<\/p>\n<p>Ministrantski \u017eepni kviz je knji\u017eica za vsakega ministranta, ki lahko s prijateljem ali dvema v vsakem trenutku preizkusi znanje o svojem &#8220;poklicu&#8221; preko igre. Prav tako pa ta knji\u017eica spodbuja, da lahko postavljamo vedno nova in nova vpra\u0161anja, ko enostavno odgovor spremenimo v novo vpra\u0161anje z ve\u010d mo\u017enimi odgovori. Stem si bomo tudi la\u017eje usvojili velikokrat neznana ali podobna si tuja imena v bogoslu\u017enem izra\u017eanju.<\/p>\n<p>Naj Ministrantski \u017eepni kviz postane del ministrantovega inventarja, s katerim se bo veselil in se tudi kaj nau\u010dil, da bo tako la\u017eje in lep\u0161e izvr\u0161eval tako plemenito slu\u017ebo ob Kristusovem oltarju.<\/p>\n<p>Prevedel: Marko Suhover\u0161nik, SDB<\/p>\n<p>Glej tudi: Ministrantski \u017eepni kviz 2, Ministranstki \u017eepni leksikon (= abecedno nanizana najpogostej\u0161a gesla, ki ministrantom vedno pridejo prav)<span class=\"slv-content-keywords\"> Ministranti Razno <\/span><\/p>","protected":false},"excerpt":{"rendered":"<p>Sedem sklopov vpra\u0161anj in mo\u017enih odgovorov iz razli\u010dnih podro\u010dij ministrantskega \u017eivljenja in delovanja.<\/p>","protected":false},"featured_media":5570,"template":"","meta":{"_acf_changed":false,"footnotes":""},"product_cat":[142,663],"product_tag":[],"class_list":{"0":"post-5569","1":"product","2":"type-product","3":"status-publish","4":"has-post-thumbnail","6":"publisher-salve-d-o-o-ljubljana","7":"product_cat-ministranti","8":"product_cat-razno-knjige","10":"first","11":"instock","12":"shipping-taxable","13":"purchasable","14":"product-type-simple"},"acf":[],"yoast_head":"<!-- This site is optimized with the Yoast SEO plugin v23.8 - https:\/\/yoast.com\/wordpress\/plugins\/seo\/ -->\n<title>MINISTRANTSKI \u017dEPNI KVIZ 1 - Salve<\/title>\n<meta name=\"robots\" content=\"index, follow, max-snippet:-1, max-image-preview:large, max-video-preview:-1\" \/>\n<link rel=\"canonical\" href=\"https:\/\/www.salve.si\/en\/trgovina\/knjige\/ministranti\/ministrantski-zepni-kviz-1\/\" \/>\n<meta property=\"og:locale\" content=\"en_US\" \/>\n<meta property=\"og:type\" content=\"article\" \/>\n<meta property=\"og:title\" content=\"MINISTRANTSKI \u017dEPNI KVIZ 1 - Salve\" \/>\n<meta property=\"og:description\" content=\"Sedem sklopov vpra\u0161anj in mo\u017enih odgovorov iz razli\u010dnih podro\u010dij ministrantskega \u017eivljenja in delovanja.\" \/>\n<meta property=\"og:url\" content=\"https:\/\/www.salve.si\/en\/trgovina\/knjige\/ministranti\/ministrantski-zepni-kviz-1\/\" \/>\n<meta property=\"og:site_name\" content=\"Salve\" \/>\n<meta property=\"article:publisher\" content=\"https:\/\/www.facebook.com\/salve.si\" \/>\n<meta property=\"article:modified_time\" content=\"2019-01-23T09:11:43+00:00\" \/>\n<meta property=\"og:image\" content=\"https:\/\/www.salve.si\/wp-content\/uploads\/2019\/01\/Ministrantski-\u017eepni-kviz-1-naslovnica.jpg\" \/>\n\t<meta property=\"og:image:width\" content=\"1278\" \/>\n\t<meta property=\"og:image:height\" content=\"1957\" \/>\n\t<meta property=\"og:image:type\" content=\"image\/jpeg\" \/>\n<meta name=\"twitter:card\" content=\"summary_large_image\" \/>\n<meta name=\"twitter:label1\" content=\"Est. reading time\" \/>\n\t<meta name=\"twitter:data1\" content=\"1 minute\" \/>\n<script type=\"application\/ld+json\" class=\"yoast-schema-graph\">{\"@context\":\"https:\/\/schema.org\",\"@graph\":[{\"@type\":\"WebPage\",\"@id\":\"https:\/\/www.salve.si\/trgovina\/knjige\/ministranti\/ministrantski-zepni-kviz-1\/\",\"url\":\"https:\/\/www.salve.si\/trgovina\/knjige\/ministranti\/ministrantski-zepni-kviz-1\/\",\"name\":\"MINISTRANTSKI \u017dEPNI KVIZ 1 - Salve\",\"isPartOf\":{\"@id\":\"https:\/\/www.salve.si\/#website\"},\"primaryImageOfPage\":{\"@id\":\"https:\/\/www.salve.si\/trgovina\/knjige\/ministranti\/ministrantski-zepni-kviz-1\/#primaryimage\"},\"image\":{\"@id\":\"https:\/\/www.salve.si\/trgovina\/knjige\/ministranti\/ministrantski-zepni-kviz-1\/#primaryimage\"},\"thumbnailUrl\":\"https:\/\/www.salve.si\/wp-content\/uploads\/2019\/01\/Ministrantski-\u017eepni-kviz-1-naslovnica.jpg\",\"datePublished\":\"2019-01-23T09:11:42+00:00\",\"dateModified\":\"2019-01-23T09:11:43+00:00\",\"breadcrumb\":{\"@id\":\"https:\/\/www.salve.si\/trgovina\/knjige\/ministranti\/ministrantski-zepni-kviz-1\/#breadcrumb\"},\"inLanguage\":\"en-US\",\"potentialAction\":[{\"@type\":\"ReadAction\",\"target\":[\"https:\/\/www.salve.si\/trgovina\/knjige\/ministranti\/ministrantski-zepni-kviz-1\/\"]}]},{\"@type\":\"ImageObject\",\"inLanguage\":\"en-US\",\"@id\":\"https:\/\/www.salve.si\/trgovina\/knjige\/ministranti\/ministrantski-zepni-kviz-1\/#primaryimage\",\"url\":\"https:\/\/www.salve.si\/wp-content\/uploads\/2019\/01\/Ministrantski-\u017eepni-kviz-1-naslovnica.jpg\",\"contentUrl\":\"https:\/\/www.salve.si\/wp-content\/uploads\/2019\/01\/Ministrantski-\u017eepni-kviz-1-naslovnica.jpg\",\"width\":1278,\"height\":1957},{\"@type\":\"BreadcrumbList\",\"@id\":\"https:\/\/www.salve.si\/trgovina\/knjige\/ministranti\/ministrantski-zepni-kviz-1\/#breadcrumb\",\"itemListElement\":[{\"@type\":\"ListItem\",\"position\":1,\"name\":\"Home\",\"item\":\"https:\/\/www.salve.si\/\"},{\"@type\":\"ListItem\",\"position\":2,\"name\":\"Trgovina\",\"item\":\"https:\/\/www.salve.si\/trgovina\/\"},{\"@type\":\"ListItem\",\"position\":3,\"name\":\"MINISTRANTSKI \u017dEPNI KVIZ 1\"}]},{\"@type\":\"WebSite\",\"@id\":\"https:\/\/www.salve.si\/#website\",\"url\":\"https:\/\/www.salve.si\/\",\"name\":\"Salve\",\"description\":\"Salezijanska zalo\u017eba\",\"publisher\":{\"@id\":\"https:\/\/www.salve.si\/#organization\"},\"potentialAction\":[{\"@type\":\"SearchAction\",\"target\":{\"@type\":\"EntryPoint\",\"urlTemplate\":\"https:\/\/www.salve.si\/?s={search_term_string}\"},\"query-input\":{\"@type\":\"PropertyValueSpecification\",\"valueRequired\":true,\"valueName\":\"search_term_string\"}}],\"inLanguage\":\"en-US\"},{\"@type\":\"Organization\",\"@id\":\"https:\/\/www.salve.si\/#organization\",\"name\":\"Salve d.o.o.\",\"url\":\"https:\/\/www.salve.si\/\",\"logo\":{\"@type\":\"ImageObject\",\"inLanguage\":\"en-US\",\"@id\":\"https:\/\/www.salve.si\/#\/schema\/logo\/image\/\",\"url\":\"https:\/\/www.salve.si\/wp-content\/uploads\/2021\/01\/Salve_logo_modri_nov_web.png\",\"contentUrl\":\"https:\/\/www.salve.si\/wp-content\/uploads\/2021\/01\/Salve_logo_modri_nov_web.png\",\"width\":279,\"height\":90,\"caption\":\"Salve d.o.o.\"},\"image\":{\"@id\":\"https:\/\/www.salve.si\/#\/schema\/logo\/image\/\"},\"sameAs\":[\"https:\/\/www.facebook.com\/salve.si\",\"https:\/\/www.instagram.com\/zalozbasalve\/\",\"https:\/\/www.linkedin.com\/company\/zalozba-salve\/\"]}]}<\/script>\n<!-- \/ Yoast SEO plugin. -->","yoast_head_json":{"title":"MINISTRANTSKI \u017dEPNI KVIZ 1 - Salve","robots":{"index":"index","follow":"follow","max-snippet":"max-snippet:-1","max-image-preview":"max-image-preview:large","max-video-preview":"max-video-preview:-1"},"canonical":"https:\/\/www.salve.si\/en\/trgovina\/knjige\/ministranti\/ministrantski-zepni-kviz-1\/","og_locale":"en_US","og_type":"article","og_title":"MINISTRANTSKI \u017dEPNI KVIZ 1 - Salve","og_description":"Sedem sklopov vpra\u0161anj in mo\u017enih odgovorov iz razli\u010dnih podro\u010dij ministrantskega \u017eivljenja in delovanja.","og_url":"https:\/\/www.salve.si\/en\/trgovina\/knjige\/ministranti\/ministrantski-zepni-kviz-1\/","og_site_name":"Salve","article_publisher":"https:\/\/www.facebook.com\/salve.si","article_modified_time":"2019-01-23T09:11:43+00:00","og_image":[{"width":1278,"height":1957,"url":"https:\/\/www.salve.si\/wp-content\/uploads\/2019\/01\/Ministrantski-\u017eepni-kviz-1-naslovnica.jpg","type":"image\/jpeg"}],"twitter_card":"summary_large_image","twitter_misc":{"Est. reading time":"1 minute"},"schema":{"@context":"https:\/\/schema.org","@graph":[{"@type":"WebPage","@id":"https:\/\/www.salve.si\/trgovina\/knjige\/ministranti\/ministrantski-zepni-kviz-1\/","url":"https:\/\/www.salve.si\/trgovina\/knjige\/ministranti\/ministrantski-zepni-kviz-1\/","name":"MINISTRANTSKI \u017dEPNI KVIZ 1 - Salve","isPartOf":{"@id":"https:\/\/www.salve.si\/#website"},"primaryImageOfPage":{"@id":"https:\/\/www.salve.si\/trgovina\/knjige\/ministranti\/ministrantski-zepni-kviz-1\/#primaryimage"},"image":{"@id":"https:\/\/www.salve.si\/trgovina\/knjige\/ministranti\/ministrantski-zepni-kviz-1\/#primaryimage"},"thumbnailUrl":"https:\/\/www.salve.si\/wp-content\/uploads\/2019\/01\/Ministrantski-\u017eepni-kviz-1-naslovnica.jpg","datePublished":"2019-01-23T09:11:42+00:00","dateModified":"2019-01-23T09:11:43+00:00","breadcrumb":{"@id":"https:\/\/www.salve.si\/trgovina\/knjige\/ministranti\/ministrantski-zepni-kviz-1\/#breadcrumb"},"inLanguage":"en-US","potentialAction":[{"@type":"ReadAction","target":["https:\/\/www.salve.si\/trgovina\/knjige\/ministranti\/ministrantski-zepni-kviz-1\/"]}]},{"@type":"ImageObject","inLanguage":"en-US","@id":"https:\/\/www.salve.si\/trgovina\/knjige\/ministranti\/ministrantski-zepni-kviz-1\/#primaryimage","url":"https:\/\/www.salve.si\/wp-content\/uploads\/2019\/01\/Ministrantski-\u017eepni-kviz-1-naslovnica.jpg","contentUrl":"https:\/\/www.salve.si\/wp-content\/uploads\/2019\/01\/Ministrantski-\u017eepni-kviz-1-naslovnica.jpg","width":1278,"height":1957},{"@type":"BreadcrumbList","@id":"https:\/\/www.salve.si\/trgovina\/knjige\/ministranti\/ministrantski-zepni-kviz-1\/#breadcrumb","itemListElement":[{"@type":"ListItem","position":1,"name":"Home","item":"https:\/\/www.salve.si\/"},{"@type":"ListItem","position":2,"name":"Trgovina","item":"https:\/\/www.salve.si\/trgovina\/"},{"@type":"ListItem","position":3,"name":"MINISTRANTSKI \u017dEPNI KVIZ 1"}]},{"@type":"WebSite","@id":"https:\/\/www.salve.si\/#website","url":"https:\/\/www.salve.si\/","name":"Salve","description":"Salezijanska zalo\u017eba","publisher":{"@id":"https:\/\/www.salve.si\/#organization"},"potentialAction":[{"@type":"SearchAction","target":{"@type":"EntryPoint","urlTemplate":"https:\/\/www.salve.si\/?s={search_term_string}"},"query-input":{"@type":"PropertyValueSpecification","valueRequired":true,"valueName":"search_term_string"}}],"inLanguage":"en-US"},{"@type":"Organization","@id":"https:\/\/www.salve.si\/#organization","name":"Salve d.o.o.","url":"https:\/\/www.salve.si\/","logo":{"@type":"ImageObject","inLanguage":"en-US","@id":"https:\/\/www.salve.si\/#\/schema\/logo\/image\/","url":"https:\/\/www.salve.si\/wp-content\/uploads\/2021\/01\/Salve_logo_modri_nov_web.png","contentUrl":"https:\/\/www.salve.si\/wp-content\/uploads\/2021\/01\/Salve_logo_modri_nov_web.png","width":279,"height":90,"caption":"Salve d.o.o."},"image":{"@id":"https:\/\/www.salve.si\/#\/schema\/logo\/image\/"},"sameAs":["https:\/\/www.facebook.com\/salve.si","https:\/\/www.instagram.com\/zalozbasalve\/","https:\/\/www.linkedin.com\/company\/zalozba-salve\/"]}]}},"_links":{"self":[{"href":"https:\/\/www.salve.si\/en\/wp-json\/wp\/v2\/product\/5569","targetHints":{"allow":["GET"]}}],"collection":[{"href":"https:\/\/www.salve.si\/en\/wp-json\/wp\/v2\/product"}],"about":[{"href":"https:\/\/www.salve.si\/en\/wp-json\/wp\/v2\/types\/product"}],"version-history":[{"count":1,"href":"https:\/\/www.salve.si\/en\/wp-json\/wp\/v2\/product\/5569\/revisions"}],"predecessor-version":[{"id":5572,"href":"https:\/\/www.salve.si\/en\/wp-json\/wp\/v2\/product\/5569\/revisions\/5572"}],"wp:featuredmedia":[{"embeddable":true,"href":"https:\/\/www.salve.si\/en\/wp-json\/wp\/v2\/media\/5570"}],"wp:attachment":[{"href":"https:\/\/www.salve.si\/en\/wp-json\/wp\/v2\/media?parent=5569"}],"wp:term":[{"taxonomy":"product_cat","embeddable":true,"href":"https:\/\/www.salve.si\/en\/wp-json\/wp\/v2\/product_cat?post=5569"},{"taxonomy":"product_tag","embeddable":true,"href":"https:\/\/www.salve.si\/en\/wp-json\/wp\/v2\/product_tag?post=5569"}],"curies":[{"name":"wp","href":"https:\/\/api.w.org\/{rel}","templated":true}]}}