{"id":5536,"date":"2019-01-18T09:41:06","date_gmt":"2019-01-18T08:41:06","guid":{"rendered":"https:\/\/www.salve.si\/?post_type=product&#038;p=5536"},"modified":"2020-02-11T19:06:41","modified_gmt":"2020-02-11T18:06:41","slug":"8-katehez-za-mladinske-in-animatorske-skupine","status":"publish","type":"product","link":"https:\/\/www.salve.si\/en\/trgovina\/knjige\/prirocniki\/8-katehez-za-mladinske-in-animatorske-skupine\/","title":{"rendered":"8 KATEHEZ ZA MLADINSKE IN ANIMATORSKE SKUPINE"},"content":{"rendered":"<p>Pred vami je priro\u010dnik, namenjen pastoralnim delavcem in voditeljem mladinskih ter animatorskih skupin. Vsebuje 8 katehez, od katerih je vsaka navezana na eno izmed umetni\u0161kih slik, ikon, ki spremljajo dokument Referen\u010dni okvir salezijanske mladinske pastorale. Vsaka kateheza spodbuja k razmi\u0161ljanju o dolo\u010deni vrednoti in vsebuje ideje za vstopno mesto, oznanilo, dejavnost in molitev.<\/p>\n<p>Ikone se navezujejo na izpostavljeno vrednosto in svetopisemski odlomek, ki je v sredi\u0161\u010du vsake kateheze. Tako nam lahko slu\u017eijo kot dodatna pomo\u010d pri razlagi in ponotranjenju odlomka oz. vrednote.<\/p>\n<p>Ker nekatere bolj nagovarja besedilo, druge vizualna podoba, tretje pa glasba, je vsako svetopisemsko sporo\u010dilo oz. vrednosta ponazorjena tudi s posebno skladbo. Te skladbe so vzete iz angleko govore\u010dega okolja in vsebujejo slog glasbe, ki je mladim blizu. Posnetke vseh pesmi najdete na youtubu in na spletnem naslovu, navedenem v bro\u0161uri v mapi.<\/p>\n<p>Vse, kar potrebujete za izvedbo katehez, se nahaja v mapi. \u010ce bi \u017eeleli ikono ali skladbo projicirati oz. potrebujete prilo\u017eeno gradivo v digitalni obliki, ga prav tako najdete na spletu (prilo\u017een spletni naslov).<span class=\"slv-content-keywords\"> Priro\u010dniki Bla\u017eka Merkac Tilen Mlakar <\/span><\/p>","protected":false},"excerpt":{"rendered":"<p>Priro\u010dnik, namenjen pastoralnim delavcem in voditeljem mladinskih ter animatorskih skupin kot pomo\u010d pri graditvi mo\u010dne mladinske ali animatorske skupine.<\/p>","protected":false},"featured_media":5539,"template":"","meta":{"_acf_changed":false,"footnotes":""},"product_cat":[316],"product_tag":[],"class_list":{"0":"post-5536","1":"product","2":"type-product","3":"status-publish","4":"has-post-thumbnail","6":"authors-blazka-merkac","7":"authors-tilen-mlakar","8":"publisher-salve-d-o-o-ljubljana","9":"product_cat-prirocniki","11":"first","12":"instock","13":"shipping-taxable","14":"purchasable","15":"product-type-simple"},"acf":[],"yoast_head":"<!-- This site is optimized with the Yoast SEO plugin v23.8 - https:\/\/yoast.com\/wordpress\/plugins\/seo\/ -->\n<title>8 KATEHEZ ZA MLADINSKE IN ANIMATORSKE SKUPINE - Salve<\/title>\n<meta name=\"robots\" content=\"index, follow, max-snippet:-1, max-image-preview:large, max-video-preview:-1\" \/>\n<link rel=\"canonical\" href=\"https:\/\/www.salve.si\/en\/trgovina\/knjige\/prirocniki\/8-katehez-za-mladinske-in-animatorske-skupine\/\" \/>\n<meta property=\"og:locale\" content=\"en_US\" \/>\n<meta property=\"og:type\" content=\"article\" \/>\n<meta property=\"og:title\" content=\"8 KATEHEZ ZA MLADINSKE IN ANIMATORSKE SKUPINE - Salve\" \/>\n<meta property=\"og:description\" content=\"Priro\u010dnik, namenjen pastoralnim delavcem in voditeljem mladinskih ter animatorskih skupin kot pomo\u010d pri graditvi mo\u010dne mladinske ali animatorske skupine.\" \/>\n<meta property=\"og:url\" content=\"https:\/\/www.salve.si\/en\/trgovina\/knjige\/prirocniki\/8-katehez-za-mladinske-in-animatorske-skupine\/\" \/>\n<meta property=\"og:site_name\" content=\"Salve\" \/>\n<meta property=\"article:publisher\" content=\"https:\/\/www.facebook.com\/salve.si\" \/>\n<meta property=\"article:modified_time\" content=\"2020-02-11T18:06:41+00:00\" \/>\n<meta property=\"og:image\" content=\"https:\/\/www.salve.si\/wp-content\/uploads\/2019\/01\/8-katehez-naslovnica.jpg\" \/>\n\t<meta property=\"og:image:width\" content=\"1133\" \/>\n\t<meta property=\"og:image:height\" content=\"1644\" \/>\n\t<meta property=\"og:image:type\" content=\"image\/jpeg\" \/>\n<meta name=\"twitter:card\" content=\"summary_large_image\" \/>\n<meta name=\"twitter:label1\" content=\"Est. reading time\" \/>\n\t<meta name=\"twitter:data1\" content=\"1 minute\" \/>\n<script type=\"application\/ld+json\" class=\"yoast-schema-graph\">{\"@context\":\"https:\/\/schema.org\",\"@graph\":[{\"@type\":\"WebPage\",\"@id\":\"https:\/\/www.salve.si\/trgovina\/knjige\/prirocniki\/8-katehez-za-mladinske-in-animatorske-skupine\/\",\"url\":\"https:\/\/www.salve.si\/trgovina\/knjige\/prirocniki\/8-katehez-za-mladinske-in-animatorske-skupine\/\",\"name\":\"8 KATEHEZ ZA MLADINSKE IN ANIMATORSKE SKUPINE - Salve\",\"isPartOf\":{\"@id\":\"https:\/\/www.salve.si\/#website\"},\"primaryImageOfPage\":{\"@id\":\"https:\/\/www.salve.si\/trgovina\/knjige\/prirocniki\/8-katehez-za-mladinske-in-animatorske-skupine\/#primaryimage\"},\"image\":{\"@id\":\"https:\/\/www.salve.si\/trgovina\/knjige\/prirocniki\/8-katehez-za-mladinske-in-animatorske-skupine\/#primaryimage\"},\"thumbnailUrl\":\"https:\/\/www.salve.si\/wp-content\/uploads\/2019\/01\/8-katehez-naslovnica.jpg\",\"datePublished\":\"2019-01-18T08:41:06+00:00\",\"dateModified\":\"2020-02-11T18:06:41+00:00\",\"breadcrumb\":{\"@id\":\"https:\/\/www.salve.si\/trgovina\/knjige\/prirocniki\/8-katehez-za-mladinske-in-animatorske-skupine\/#breadcrumb\"},\"inLanguage\":\"en-US\",\"potentialAction\":[{\"@type\":\"ReadAction\",\"target\":[\"https:\/\/www.salve.si\/trgovina\/knjige\/prirocniki\/8-katehez-za-mladinske-in-animatorske-skupine\/\"]}]},{\"@type\":\"ImageObject\",\"inLanguage\":\"en-US\",\"@id\":\"https:\/\/www.salve.si\/trgovina\/knjige\/prirocniki\/8-katehez-za-mladinske-in-animatorske-skupine\/#primaryimage\",\"url\":\"https:\/\/www.salve.si\/wp-content\/uploads\/2019\/01\/8-katehez-naslovnica.jpg\",\"contentUrl\":\"https:\/\/www.salve.si\/wp-content\/uploads\/2019\/01\/8-katehez-naslovnica.jpg\",\"width\":1133,\"height\":1644},{\"@type\":\"BreadcrumbList\",\"@id\":\"https:\/\/www.salve.si\/trgovina\/knjige\/prirocniki\/8-katehez-za-mladinske-in-animatorske-skupine\/#breadcrumb\",\"itemListElement\":[{\"@type\":\"ListItem\",\"position\":1,\"name\":\"Home\",\"item\":\"https:\/\/www.salve.si\/\"},{\"@type\":\"ListItem\",\"position\":2,\"name\":\"Trgovina\",\"item\":\"https:\/\/www.salve.si\/trgovina\/\"},{\"@type\":\"ListItem\",\"position\":3,\"name\":\"8 KATEHEZ ZA MLADINSKE IN ANIMATORSKE SKUPINE\"}]},{\"@type\":\"WebSite\",\"@id\":\"https:\/\/www.salve.si\/#website\",\"url\":\"https:\/\/www.salve.si\/\",\"name\":\"Salve\",\"description\":\"Salezijanska zalo\u017eba\",\"publisher\":{\"@id\":\"https:\/\/www.salve.si\/#organization\"},\"potentialAction\":[{\"@type\":\"SearchAction\",\"target\":{\"@type\":\"EntryPoint\",\"urlTemplate\":\"https:\/\/www.salve.si\/?s={search_term_string}\"},\"query-input\":{\"@type\":\"PropertyValueSpecification\",\"valueRequired\":true,\"valueName\":\"search_term_string\"}}],\"inLanguage\":\"en-US\"},{\"@type\":\"Organization\",\"@id\":\"https:\/\/www.salve.si\/#organization\",\"name\":\"Salve d.o.o.\",\"url\":\"https:\/\/www.salve.si\/\",\"logo\":{\"@type\":\"ImageObject\",\"inLanguage\":\"en-US\",\"@id\":\"https:\/\/www.salve.si\/#\/schema\/logo\/image\/\",\"url\":\"https:\/\/www.salve.si\/wp-content\/uploads\/2021\/01\/Salve_logo_modri_nov_web.png\",\"contentUrl\":\"https:\/\/www.salve.si\/wp-content\/uploads\/2021\/01\/Salve_logo_modri_nov_web.png\",\"width\":279,\"height\":90,\"caption\":\"Salve d.o.o.\"},\"image\":{\"@id\":\"https:\/\/www.salve.si\/#\/schema\/logo\/image\/\"},\"sameAs\":[\"https:\/\/www.facebook.com\/salve.si\",\"https:\/\/www.instagram.com\/zalozbasalve\/\",\"https:\/\/www.linkedin.com\/company\/zalozba-salve\/\"]}]}<\/script>\n<!-- \/ Yoast SEO plugin. -->","yoast_head_json":{"title":"8 KATEHEZ ZA MLADINSKE IN ANIMATORSKE SKUPINE - Salve","robots":{"index":"index","follow":"follow","max-snippet":"max-snippet:-1","max-image-preview":"max-image-preview:large","max-video-preview":"max-video-preview:-1"},"canonical":"https:\/\/www.salve.si\/en\/trgovina\/knjige\/prirocniki\/8-katehez-za-mladinske-in-animatorske-skupine\/","og_locale":"en_US","og_type":"article","og_title":"8 KATEHEZ ZA MLADINSKE IN ANIMATORSKE SKUPINE - Salve","og_description":"Priro\u010dnik, namenjen pastoralnim delavcem in voditeljem mladinskih ter animatorskih skupin kot pomo\u010d pri graditvi mo\u010dne mladinske ali animatorske skupine.","og_url":"https:\/\/www.salve.si\/en\/trgovina\/knjige\/prirocniki\/8-katehez-za-mladinske-in-animatorske-skupine\/","og_site_name":"Salve","article_publisher":"https:\/\/www.facebook.com\/salve.si","article_modified_time":"2020-02-11T18:06:41+00:00","og_image":[{"width":1133,"height":1644,"url":"https:\/\/www.salve.si\/wp-content\/uploads\/2019\/01\/8-katehez-naslovnica.jpg","type":"image\/jpeg"}],"twitter_card":"summary_large_image","twitter_misc":{"Est. reading time":"1 minute"},"schema":{"@context":"https:\/\/schema.org","@graph":[{"@type":"WebPage","@id":"https:\/\/www.salve.si\/trgovina\/knjige\/prirocniki\/8-katehez-za-mladinske-in-animatorske-skupine\/","url":"https:\/\/www.salve.si\/trgovina\/knjige\/prirocniki\/8-katehez-za-mladinske-in-animatorske-skupine\/","name":"8 KATEHEZ ZA MLADINSKE IN ANIMATORSKE SKUPINE - Salve","isPartOf":{"@id":"https:\/\/www.salve.si\/#website"},"primaryImageOfPage":{"@id":"https:\/\/www.salve.si\/trgovina\/knjige\/prirocniki\/8-katehez-za-mladinske-in-animatorske-skupine\/#primaryimage"},"image":{"@id":"https:\/\/www.salve.si\/trgovina\/knjige\/prirocniki\/8-katehez-za-mladinske-in-animatorske-skupine\/#primaryimage"},"thumbnailUrl":"https:\/\/www.salve.si\/wp-content\/uploads\/2019\/01\/8-katehez-naslovnica.jpg","datePublished":"2019-01-18T08:41:06+00:00","dateModified":"2020-02-11T18:06:41+00:00","breadcrumb":{"@id":"https:\/\/www.salve.si\/trgovina\/knjige\/prirocniki\/8-katehez-za-mladinske-in-animatorske-skupine\/#breadcrumb"},"inLanguage":"en-US","potentialAction":[{"@type":"ReadAction","target":["https:\/\/www.salve.si\/trgovina\/knjige\/prirocniki\/8-katehez-za-mladinske-in-animatorske-skupine\/"]}]},{"@type":"ImageObject","inLanguage":"en-US","@id":"https:\/\/www.salve.si\/trgovina\/knjige\/prirocniki\/8-katehez-za-mladinske-in-animatorske-skupine\/#primaryimage","url":"https:\/\/www.salve.si\/wp-content\/uploads\/2019\/01\/8-katehez-naslovnica.jpg","contentUrl":"https:\/\/www.salve.si\/wp-content\/uploads\/2019\/01\/8-katehez-naslovnica.jpg","width":1133,"height":1644},{"@type":"BreadcrumbList","@id":"https:\/\/www.salve.si\/trgovina\/knjige\/prirocniki\/8-katehez-za-mladinske-in-animatorske-skupine\/#breadcrumb","itemListElement":[{"@type":"ListItem","position":1,"name":"Home","item":"https:\/\/www.salve.si\/"},{"@type":"ListItem","position":2,"name":"Trgovina","item":"https:\/\/www.salve.si\/trgovina\/"},{"@type":"ListItem","position":3,"name":"8 KATEHEZ ZA MLADINSKE IN ANIMATORSKE SKUPINE"}]},{"@type":"WebSite","@id":"https:\/\/www.salve.si\/#website","url":"https:\/\/www.salve.si\/","name":"Salve","description":"Salezijanska zalo\u017eba","publisher":{"@id":"https:\/\/www.salve.si\/#organization"},"potentialAction":[{"@type":"SearchAction","target":{"@type":"EntryPoint","urlTemplate":"https:\/\/www.salve.si\/?s={search_term_string}"},"query-input":{"@type":"PropertyValueSpecification","valueRequired":true,"valueName":"search_term_string"}}],"inLanguage":"en-US"},{"@type":"Organization","@id":"https:\/\/www.salve.si\/#organization","name":"Salve d.o.o.","url":"https:\/\/www.salve.si\/","logo":{"@type":"ImageObject","inLanguage":"en-US","@id":"https:\/\/www.salve.si\/#\/schema\/logo\/image\/","url":"https:\/\/www.salve.si\/wp-content\/uploads\/2021\/01\/Salve_logo_modri_nov_web.png","contentUrl":"https:\/\/www.salve.si\/wp-content\/uploads\/2021\/01\/Salve_logo_modri_nov_web.png","width":279,"height":90,"caption":"Salve d.o.o."},"image":{"@id":"https:\/\/www.salve.si\/#\/schema\/logo\/image\/"},"sameAs":["https:\/\/www.facebook.com\/salve.si","https:\/\/www.instagram.com\/zalozbasalve\/","https:\/\/www.linkedin.com\/company\/zalozba-salve\/"]}]}},"_links":{"self":[{"href":"https:\/\/www.salve.si\/en\/wp-json\/wp\/v2\/product\/5536","targetHints":{"allow":["GET"]}}],"collection":[{"href":"https:\/\/www.salve.si\/en\/wp-json\/wp\/v2\/product"}],"about":[{"href":"https:\/\/www.salve.si\/en\/wp-json\/wp\/v2\/types\/product"}],"version-history":[{"count":2,"href":"https:\/\/www.salve.si\/en\/wp-json\/wp\/v2\/product\/5536\/revisions"}],"predecessor-version":[{"id":5644,"href":"https:\/\/www.salve.si\/en\/wp-json\/wp\/v2\/product\/5536\/revisions\/5644"}],"wp:featuredmedia":[{"embeddable":true,"href":"https:\/\/www.salve.si\/en\/wp-json\/wp\/v2\/media\/5539"}],"wp:attachment":[{"href":"https:\/\/www.salve.si\/en\/wp-json\/wp\/v2\/media?parent=5536"}],"wp:term":[{"taxonomy":"product_cat","embeddable":true,"href":"https:\/\/www.salve.si\/en\/wp-json\/wp\/v2\/product_cat?post=5536"},{"taxonomy":"product_tag","embeddable":true,"href":"https:\/\/www.salve.si\/en\/wp-json\/wp\/v2\/product_tag?post=5536"}],"curies":[{"name":"wp","href":"https:\/\/api.w.org\/{rel}","templated":true}]}}