{"id":5462,"date":"2019-01-15T15:36:18","date_gmt":"2019-01-15T14:36:18","guid":{"rendered":"https:\/\/www.salve.si\/?post_type=product&#038;p=5462"},"modified":"2023-10-18T11:54:38","modified_gmt":"2023-10-18T09:54:38","slug":"sveto-pismo-brosirana-vezava","status":"publish","type":"product","link":"https:\/\/www.salve.si\/en\/trgovina\/sveto-pismo\/sveto-pismo-brosirana-vezava\/","title":{"rendered":"Sveto pismo \u2013 bro\u0161irana vezava"},"content":{"rendered":"<p>Slovenski standardni prevod (SSP) je pripravila skupina vrhunskih katoli\u0161kih strokovnjakov. Iz\u0161el je s potrditvijo (imprimatur) Slovenske \u0161kofovske konference pod vodstvom nad\u0161kofa Alojzija \u0160u\u0161tarja in ob podpori svetovne zveze Zdru\u017eenih svetopisemskih dru\u017eb. Besedilo velja za standard med vsemi slovenskimi kristjani.<\/p>\n<p>Poleg ob\u0161irne, \u0161tudijske izdaje SSP je na voljo tudi\u00a0<a href=\"https:\/\/www.svetopismo.si\/kategorija-izdelka\/sp\/ssp-osnovna-izdaja\/\"><strong>osnovna izdaja<\/strong><\/a>\u00a0brez uvodov, referenc in ob\u0161irnih razlagalnih opomb.\u00a0<strong>Bro\u0161irana vezava<\/strong> je v srednjem formatu (12 \u00d7 18 cm).<span class=\"slv-content-keywords\"> Sveto pismo <\/span><\/p>","protected":false},"excerpt":{"rendered":"<p>Sveto pismo v bro\u0161irani \u2013 mehki vezavi.<\/p>","protected":false},"featured_media":5463,"template":"","meta":{"_acf_changed":false,"footnotes":""},"product_cat":[714],"product_tag":[],"class_list":{"0":"post-5462","1":"product","2":"type-product","3":"status-publish","4":"has-post-thumbnail","6":"publisher-svetopisemska-druzba-slovenije","7":"product_cat-sveto-pismo","9":"first","10":"outofstock","11":"shipping-taxable","12":"purchasable","13":"product-type-simple"},"acf":[],"yoast_head":"<!-- This site is optimized with the Yoast SEO plugin v23.8 - https:\/\/yoast.com\/wordpress\/plugins\/seo\/ -->\n<title>Sveto pismo \u2013 bro\u0161irana vezava - Salve<\/title>\n<meta name=\"robots\" content=\"index, follow, max-snippet:-1, max-image-preview:large, max-video-preview:-1\" \/>\n<link rel=\"canonical\" href=\"https:\/\/www.salve.si\/en\/trgovina\/sveto-pismo\/sveto-pismo-brosirana-vezava\/\" \/>\n<meta property=\"og:locale\" content=\"en_US\" \/>\n<meta property=\"og:type\" content=\"article\" \/>\n<meta property=\"og:title\" content=\"Sveto pismo \u2013 bro\u0161irana vezava - Salve\" \/>\n<meta property=\"og:description\" content=\"Sveto pismo v bro\u0161irani \u2013 mehki vezavi.\" \/>\n<meta property=\"og:url\" content=\"https:\/\/www.salve.si\/en\/trgovina\/sveto-pismo\/sveto-pismo-brosirana-vezava\/\" \/>\n<meta property=\"og:site_name\" content=\"Salve\" \/>\n<meta property=\"article:publisher\" content=\"https:\/\/www.facebook.com\/salve.si\" \/>\n<meta property=\"article:modified_time\" content=\"2023-10-18T09:54:38+00:00\" \/>\n<meta property=\"og:image\" content=\"https:\/\/www.salve.si\/wp-content\/uploads\/2019\/01\/2239.jpg\" \/>\n\t<meta property=\"og:image:width\" content=\"500\" \/>\n\t<meta property=\"og:image:height\" content=\"500\" \/>\n\t<meta property=\"og:image:type\" content=\"image\/jpeg\" \/>\n<meta name=\"twitter:card\" content=\"summary_large_image\" \/>\n<meta name=\"twitter:label1\" content=\"Est. reading time\" \/>\n\t<meta name=\"twitter:data1\" content=\"1 minute\" \/>\n<script type=\"application\/ld+json\" class=\"yoast-schema-graph\">{\"@context\":\"https:\/\/schema.org\",\"@graph\":[{\"@type\":\"WebPage\",\"@id\":\"https:\/\/www.salve.si\/trgovina\/sveto-pismo\/sveto-pismo-brosirana-vezava\/\",\"url\":\"https:\/\/www.salve.si\/trgovina\/sveto-pismo\/sveto-pismo-brosirana-vezava\/\",\"name\":\"Sveto pismo \u2013 bro\u0161irana vezava - Salve\",\"isPartOf\":{\"@id\":\"https:\/\/www.salve.si\/#website\"},\"primaryImageOfPage\":{\"@id\":\"https:\/\/www.salve.si\/trgovina\/sveto-pismo\/sveto-pismo-brosirana-vezava\/#primaryimage\"},\"image\":{\"@id\":\"https:\/\/www.salve.si\/trgovina\/sveto-pismo\/sveto-pismo-brosirana-vezava\/#primaryimage\"},\"thumbnailUrl\":\"https:\/\/www.salve.si\/wp-content\/uploads\/2019\/01\/2239.jpg\",\"datePublished\":\"2019-01-15T14:36:18+00:00\",\"dateModified\":\"2023-10-18T09:54:38+00:00\",\"breadcrumb\":{\"@id\":\"https:\/\/www.salve.si\/trgovina\/sveto-pismo\/sveto-pismo-brosirana-vezava\/#breadcrumb\"},\"inLanguage\":\"en-US\",\"potentialAction\":[{\"@type\":\"ReadAction\",\"target\":[\"https:\/\/www.salve.si\/trgovina\/sveto-pismo\/sveto-pismo-brosirana-vezava\/\"]}]},{\"@type\":\"ImageObject\",\"inLanguage\":\"en-US\",\"@id\":\"https:\/\/www.salve.si\/trgovina\/sveto-pismo\/sveto-pismo-brosirana-vezava\/#primaryimage\",\"url\":\"https:\/\/www.salve.si\/wp-content\/uploads\/2019\/01\/2239.jpg\",\"contentUrl\":\"https:\/\/www.salve.si\/wp-content\/uploads\/2019\/01\/2239.jpg\",\"width\":500,\"height\":500},{\"@type\":\"BreadcrumbList\",\"@id\":\"https:\/\/www.salve.si\/trgovina\/sveto-pismo\/sveto-pismo-brosirana-vezava\/#breadcrumb\",\"itemListElement\":[{\"@type\":\"ListItem\",\"position\":1,\"name\":\"Home\",\"item\":\"https:\/\/www.salve.si\/\"},{\"@type\":\"ListItem\",\"position\":2,\"name\":\"Trgovina\",\"item\":\"https:\/\/www.salve.si\/trgovina\/\"},{\"@type\":\"ListItem\",\"position\":3,\"name\":\"Sveto pismo \u2013 bro\u0161irana vezava\"}]},{\"@type\":\"WebSite\",\"@id\":\"https:\/\/www.salve.si\/#website\",\"url\":\"https:\/\/www.salve.si\/\",\"name\":\"Salve\",\"description\":\"Salezijanska zalo\u017eba\",\"publisher\":{\"@id\":\"https:\/\/www.salve.si\/#organization\"},\"potentialAction\":[{\"@type\":\"SearchAction\",\"target\":{\"@type\":\"EntryPoint\",\"urlTemplate\":\"https:\/\/www.salve.si\/?s={search_term_string}\"},\"query-input\":{\"@type\":\"PropertyValueSpecification\",\"valueRequired\":true,\"valueName\":\"search_term_string\"}}],\"inLanguage\":\"en-US\"},{\"@type\":\"Organization\",\"@id\":\"https:\/\/www.salve.si\/#organization\",\"name\":\"Salve d.o.o.\",\"url\":\"https:\/\/www.salve.si\/\",\"logo\":{\"@type\":\"ImageObject\",\"inLanguage\":\"en-US\",\"@id\":\"https:\/\/www.salve.si\/#\/schema\/logo\/image\/\",\"url\":\"https:\/\/www.salve.si\/wp-content\/uploads\/2021\/01\/Salve_logo_modri_nov_web.png\",\"contentUrl\":\"https:\/\/www.salve.si\/wp-content\/uploads\/2021\/01\/Salve_logo_modri_nov_web.png\",\"width\":279,\"height\":90,\"caption\":\"Salve d.o.o.\"},\"image\":{\"@id\":\"https:\/\/www.salve.si\/#\/schema\/logo\/image\/\"},\"sameAs\":[\"https:\/\/www.facebook.com\/salve.si\",\"https:\/\/www.instagram.com\/zalozbasalve\/\",\"https:\/\/www.linkedin.com\/company\/zalozba-salve\/\"]}]}<\/script>\n<!-- \/ Yoast SEO plugin. -->","yoast_head_json":{"title":"Sveto pismo \u2013 bro\u0161irana vezava - Salve","robots":{"index":"index","follow":"follow","max-snippet":"max-snippet:-1","max-image-preview":"max-image-preview:large","max-video-preview":"max-video-preview:-1"},"canonical":"https:\/\/www.salve.si\/en\/trgovina\/sveto-pismo\/sveto-pismo-brosirana-vezava\/","og_locale":"en_US","og_type":"article","og_title":"Sveto pismo \u2013 bro\u0161irana vezava - Salve","og_description":"Sveto pismo v bro\u0161irani \u2013 mehki vezavi.","og_url":"https:\/\/www.salve.si\/en\/trgovina\/sveto-pismo\/sveto-pismo-brosirana-vezava\/","og_site_name":"Salve","article_publisher":"https:\/\/www.facebook.com\/salve.si","article_modified_time":"2023-10-18T09:54:38+00:00","og_image":[{"width":500,"height":500,"url":"https:\/\/www.salve.si\/wp-content\/uploads\/2019\/01\/2239.jpg","type":"image\/jpeg"}],"twitter_card":"summary_large_image","twitter_misc":{"Est. reading time":"1 minute"},"schema":{"@context":"https:\/\/schema.org","@graph":[{"@type":"WebPage","@id":"https:\/\/www.salve.si\/trgovina\/sveto-pismo\/sveto-pismo-brosirana-vezava\/","url":"https:\/\/www.salve.si\/trgovina\/sveto-pismo\/sveto-pismo-brosirana-vezava\/","name":"Sveto pismo \u2013 bro\u0161irana vezava - Salve","isPartOf":{"@id":"https:\/\/www.salve.si\/#website"},"primaryImageOfPage":{"@id":"https:\/\/www.salve.si\/trgovina\/sveto-pismo\/sveto-pismo-brosirana-vezava\/#primaryimage"},"image":{"@id":"https:\/\/www.salve.si\/trgovina\/sveto-pismo\/sveto-pismo-brosirana-vezava\/#primaryimage"},"thumbnailUrl":"https:\/\/www.salve.si\/wp-content\/uploads\/2019\/01\/2239.jpg","datePublished":"2019-01-15T14:36:18+00:00","dateModified":"2023-10-18T09:54:38+00:00","breadcrumb":{"@id":"https:\/\/www.salve.si\/trgovina\/sveto-pismo\/sveto-pismo-brosirana-vezava\/#breadcrumb"},"inLanguage":"en-US","potentialAction":[{"@type":"ReadAction","target":["https:\/\/www.salve.si\/trgovina\/sveto-pismo\/sveto-pismo-brosirana-vezava\/"]}]},{"@type":"ImageObject","inLanguage":"en-US","@id":"https:\/\/www.salve.si\/trgovina\/sveto-pismo\/sveto-pismo-brosirana-vezava\/#primaryimage","url":"https:\/\/www.salve.si\/wp-content\/uploads\/2019\/01\/2239.jpg","contentUrl":"https:\/\/www.salve.si\/wp-content\/uploads\/2019\/01\/2239.jpg","width":500,"height":500},{"@type":"BreadcrumbList","@id":"https:\/\/www.salve.si\/trgovina\/sveto-pismo\/sveto-pismo-brosirana-vezava\/#breadcrumb","itemListElement":[{"@type":"ListItem","position":1,"name":"Home","item":"https:\/\/www.salve.si\/"},{"@type":"ListItem","position":2,"name":"Trgovina","item":"https:\/\/www.salve.si\/trgovina\/"},{"@type":"ListItem","position":3,"name":"Sveto pismo \u2013 bro\u0161irana vezava"}]},{"@type":"WebSite","@id":"https:\/\/www.salve.si\/#website","url":"https:\/\/www.salve.si\/","name":"Salve","description":"Salezijanska zalo\u017eba","publisher":{"@id":"https:\/\/www.salve.si\/#organization"},"potentialAction":[{"@type":"SearchAction","target":{"@type":"EntryPoint","urlTemplate":"https:\/\/www.salve.si\/?s={search_term_string}"},"query-input":{"@type":"PropertyValueSpecification","valueRequired":true,"valueName":"search_term_string"}}],"inLanguage":"en-US"},{"@type":"Organization","@id":"https:\/\/www.salve.si\/#organization","name":"Salve d.o.o.","url":"https:\/\/www.salve.si\/","logo":{"@type":"ImageObject","inLanguage":"en-US","@id":"https:\/\/www.salve.si\/#\/schema\/logo\/image\/","url":"https:\/\/www.salve.si\/wp-content\/uploads\/2021\/01\/Salve_logo_modri_nov_web.png","contentUrl":"https:\/\/www.salve.si\/wp-content\/uploads\/2021\/01\/Salve_logo_modri_nov_web.png","width":279,"height":90,"caption":"Salve d.o.o."},"image":{"@id":"https:\/\/www.salve.si\/#\/schema\/logo\/image\/"},"sameAs":["https:\/\/www.facebook.com\/salve.si","https:\/\/www.instagram.com\/zalozbasalve\/","https:\/\/www.linkedin.com\/company\/zalozba-salve\/"]}]}},"_links":{"self":[{"href":"https:\/\/www.salve.si\/en\/wp-json\/wp\/v2\/product\/5462","targetHints":{"allow":["GET"]}}],"collection":[{"href":"https:\/\/www.salve.si\/en\/wp-json\/wp\/v2\/product"}],"about":[{"href":"https:\/\/www.salve.si\/en\/wp-json\/wp\/v2\/types\/product"}],"version-history":[{"count":3,"href":"https:\/\/www.salve.si\/en\/wp-json\/wp\/v2\/product\/5462\/revisions"}],"predecessor-version":[{"id":5499,"href":"https:\/\/www.salve.si\/en\/wp-json\/wp\/v2\/product\/5462\/revisions\/5499"}],"wp:featuredmedia":[{"embeddable":true,"href":"https:\/\/www.salve.si\/en\/wp-json\/wp\/v2\/media\/5463"}],"wp:attachment":[{"href":"https:\/\/www.salve.si\/en\/wp-json\/wp\/v2\/media?parent=5462"}],"wp:term":[{"taxonomy":"product_cat","embeddable":true,"href":"https:\/\/www.salve.si\/en\/wp-json\/wp\/v2\/product_cat?post=5462"},{"taxonomy":"product_tag","embeddable":true,"href":"https:\/\/www.salve.si\/en\/wp-json\/wp\/v2\/product_tag?post=5462"}],"curies":[{"name":"wp","href":"https:\/\/api.w.org\/{rel}","templated":true}]}}