{"id":5451,"date":"2019-01-15T15:24:48","date_gmt":"2019-01-15T14:24:48","guid":{"rendered":"https:\/\/www.salve.si\/?post_type=product&#038;p=5451"},"modified":"2026-01-20T10:35:00","modified_gmt":"2026-01-20T09:35:00","slug":"evangeliji","status":"publish","type":"product","link":"https:\/\/www.salve.si\/en\/trgovina\/sveto-pismo\/evangeliji\/","title":{"rendered":"Evangeliji"},"content":{"rendered":"<p>S pobudo vsakodnevnega branja in premi\u0161ljevanja evangelija je letos za\u010del pape\u017e Fran\u010di\u0161ek, ko je razdelil med navzo\u010de na na trgu Sv. Petra ve\u010d tiso\u010d izvodov \u017eepne izdaje Evangelijev. Ob tem je povabil: \u201cEvangelij imejte na dosegu, imejte ga na no\u010dni omarici, v torbici, v \u017eepu; za trenutek ga odprite, preberite Jezusovo Bo\u017ejo besedo in Bo\u017eje kraljestvo bo pri\u0161lo!\u00ab<br \/>\nSvetopisemska dru\u017eba Slovenije je zato pripravila posebej priro\u010dno in cenovno ugodno izdajo evangelijev. Gre za \u017eepni format s poltrdimi platnicami, ki ga lahko ga nosimo s seboj v \u017eepu ali torbici.<\/p>\n<p>Z vsakodnevnim branjem in premi\u0161ljevanjem evangelija bo Jezusova beseda vedno navzo\u010da v na\u0161em \u017eivljenju!<span class=\"slv-content-keywords\"> Sveto pismo <\/span><\/p>","protected":false},"excerpt":{"rendered":"<p>\u0160tirje evangeliji iz Slovenskega standardnega prevoda Svetega pisma v \u017eepni knji\u017eici.<\/p>","protected":false},"featured_media":5454,"template":"","meta":{"_acf_changed":false,"footnotes":""},"product_cat":[714],"product_tag":[],"class_list":{"0":"post-5451","1":"product","2":"type-product","3":"status-publish","4":"has-post-thumbnail","6":"publisher-svetopisemska-druzba-slovenije","7":"product_cat-sveto-pismo","9":"first","10":"outofstock","11":"shipping-taxable","12":"purchasable","13":"product-type-simple"},"acf":[],"yoast_head":"<!-- This site is optimized with the Yoast SEO plugin v23.8 - https:\/\/yoast.com\/wordpress\/plugins\/seo\/ -->\n<title>Evangeliji - Salve<\/title>\n<meta name=\"robots\" content=\"index, follow, max-snippet:-1, max-image-preview:large, max-video-preview:-1\" \/>\n<link rel=\"canonical\" href=\"https:\/\/www.salve.si\/en\/trgovina\/sveto-pismo\/evangeliji\/\" \/>\n<meta property=\"og:locale\" content=\"en_US\" \/>\n<meta property=\"og:type\" content=\"article\" \/>\n<meta property=\"og:title\" content=\"Evangeliji - Salve\" \/>\n<meta property=\"og:description\" content=\"\u0160tirje evangeliji iz Slovenskega standardnega prevoda Svetega pisma v \u017eepni knji\u017eici.\" \/>\n<meta property=\"og:url\" content=\"https:\/\/www.salve.si\/en\/trgovina\/sveto-pismo\/evangeliji\/\" \/>\n<meta property=\"og:site_name\" content=\"Salve\" \/>\n<meta property=\"article:publisher\" content=\"https:\/\/www.facebook.com\/salve.si\" \/>\n<meta property=\"article:modified_time\" content=\"2026-01-20T09:35:00+00:00\" \/>\n<meta property=\"og:image\" content=\"https:\/\/www.salve.si\/wp-content\/uploads\/2019\/01\/evangeliji.jpg\" \/>\n\t<meta property=\"og:image:width\" content=\"500\" \/>\n\t<meta property=\"og:image:height\" content=\"500\" \/>\n\t<meta property=\"og:image:type\" content=\"image\/jpeg\" \/>\n<meta name=\"twitter:card\" content=\"summary_large_image\" \/>\n<meta name=\"twitter:label1\" content=\"Est. reading time\" \/>\n\t<meta name=\"twitter:data1\" content=\"1 minute\" \/>\n<script type=\"application\/ld+json\" class=\"yoast-schema-graph\">{\"@context\":\"https:\/\/schema.org\",\"@graph\":[{\"@type\":\"WebPage\",\"@id\":\"https:\/\/www.salve.si\/trgovina\/sveto-pismo\/evangeliji\/\",\"url\":\"https:\/\/www.salve.si\/trgovina\/sveto-pismo\/evangeliji\/\",\"name\":\"Evangeliji - Salve\",\"isPartOf\":{\"@id\":\"https:\/\/www.salve.si\/#website\"},\"primaryImageOfPage\":{\"@id\":\"https:\/\/www.salve.si\/trgovina\/sveto-pismo\/evangeliji\/#primaryimage\"},\"image\":{\"@id\":\"https:\/\/www.salve.si\/trgovina\/sveto-pismo\/evangeliji\/#primaryimage\"},\"thumbnailUrl\":\"https:\/\/www.salve.si\/wp-content\/uploads\/2019\/01\/evangeliji.jpg\",\"datePublished\":\"2019-01-15T14:24:48+00:00\",\"dateModified\":\"2026-01-20T09:35:00+00:00\",\"breadcrumb\":{\"@id\":\"https:\/\/www.salve.si\/trgovina\/sveto-pismo\/evangeliji\/#breadcrumb\"},\"inLanguage\":\"en-US\",\"potentialAction\":[{\"@type\":\"ReadAction\",\"target\":[\"https:\/\/www.salve.si\/trgovina\/sveto-pismo\/evangeliji\/\"]}]},{\"@type\":\"ImageObject\",\"inLanguage\":\"en-US\",\"@id\":\"https:\/\/www.salve.si\/trgovina\/sveto-pismo\/evangeliji\/#primaryimage\",\"url\":\"https:\/\/www.salve.si\/wp-content\/uploads\/2019\/01\/evangeliji.jpg\",\"contentUrl\":\"https:\/\/www.salve.si\/wp-content\/uploads\/2019\/01\/evangeliji.jpg\",\"width\":500,\"height\":500},{\"@type\":\"BreadcrumbList\",\"@id\":\"https:\/\/www.salve.si\/trgovina\/sveto-pismo\/evangeliji\/#breadcrumb\",\"itemListElement\":[{\"@type\":\"ListItem\",\"position\":1,\"name\":\"Home\",\"item\":\"https:\/\/www.salve.si\/\"},{\"@type\":\"ListItem\",\"position\":2,\"name\":\"Trgovina\",\"item\":\"https:\/\/www.salve.si\/trgovina\/\"},{\"@type\":\"ListItem\",\"position\":3,\"name\":\"Evangeliji\"}]},{\"@type\":\"WebSite\",\"@id\":\"https:\/\/www.salve.si\/#website\",\"url\":\"https:\/\/www.salve.si\/\",\"name\":\"Salve\",\"description\":\"Salezijanska zalo\u017eba\",\"publisher\":{\"@id\":\"https:\/\/www.salve.si\/#organization\"},\"potentialAction\":[{\"@type\":\"SearchAction\",\"target\":{\"@type\":\"EntryPoint\",\"urlTemplate\":\"https:\/\/www.salve.si\/?s={search_term_string}\"},\"query-input\":{\"@type\":\"PropertyValueSpecification\",\"valueRequired\":true,\"valueName\":\"search_term_string\"}}],\"inLanguage\":\"en-US\"},{\"@type\":\"Organization\",\"@id\":\"https:\/\/www.salve.si\/#organization\",\"name\":\"Salve d.o.o.\",\"url\":\"https:\/\/www.salve.si\/\",\"logo\":{\"@type\":\"ImageObject\",\"inLanguage\":\"en-US\",\"@id\":\"https:\/\/www.salve.si\/#\/schema\/logo\/image\/\",\"url\":\"https:\/\/www.salve.si\/wp-content\/uploads\/2021\/01\/Salve_logo_modri_nov_web.png\",\"contentUrl\":\"https:\/\/www.salve.si\/wp-content\/uploads\/2021\/01\/Salve_logo_modri_nov_web.png\",\"width\":279,\"height\":90,\"caption\":\"Salve d.o.o.\"},\"image\":{\"@id\":\"https:\/\/www.salve.si\/#\/schema\/logo\/image\/\"},\"sameAs\":[\"https:\/\/www.facebook.com\/salve.si\",\"https:\/\/www.instagram.com\/zalozbasalve\/\",\"https:\/\/www.linkedin.com\/company\/zalozba-salve\/\"]}]}<\/script>\n<!-- \/ Yoast SEO plugin. -->","yoast_head_json":{"title":"Evangeliji - Salve","robots":{"index":"index","follow":"follow","max-snippet":"max-snippet:-1","max-image-preview":"max-image-preview:large","max-video-preview":"max-video-preview:-1"},"canonical":"https:\/\/www.salve.si\/en\/trgovina\/sveto-pismo\/evangeliji\/","og_locale":"en_US","og_type":"article","og_title":"Evangeliji - Salve","og_description":"\u0160tirje evangeliji iz Slovenskega standardnega prevoda Svetega pisma v \u017eepni knji\u017eici.","og_url":"https:\/\/www.salve.si\/en\/trgovina\/sveto-pismo\/evangeliji\/","og_site_name":"Salve","article_publisher":"https:\/\/www.facebook.com\/salve.si","article_modified_time":"2026-01-20T09:35:00+00:00","og_image":[{"width":500,"height":500,"url":"https:\/\/www.salve.si\/wp-content\/uploads\/2019\/01\/evangeliji.jpg","type":"image\/jpeg"}],"twitter_card":"summary_large_image","twitter_misc":{"Est. reading time":"1 minute"},"schema":{"@context":"https:\/\/schema.org","@graph":[{"@type":"WebPage","@id":"https:\/\/www.salve.si\/trgovina\/sveto-pismo\/evangeliji\/","url":"https:\/\/www.salve.si\/trgovina\/sveto-pismo\/evangeliji\/","name":"Evangeliji - Salve","isPartOf":{"@id":"https:\/\/www.salve.si\/#website"},"primaryImageOfPage":{"@id":"https:\/\/www.salve.si\/trgovina\/sveto-pismo\/evangeliji\/#primaryimage"},"image":{"@id":"https:\/\/www.salve.si\/trgovina\/sveto-pismo\/evangeliji\/#primaryimage"},"thumbnailUrl":"https:\/\/www.salve.si\/wp-content\/uploads\/2019\/01\/evangeliji.jpg","datePublished":"2019-01-15T14:24:48+00:00","dateModified":"2026-01-20T09:35:00+00:00","breadcrumb":{"@id":"https:\/\/www.salve.si\/trgovina\/sveto-pismo\/evangeliji\/#breadcrumb"},"inLanguage":"en-US","potentialAction":[{"@type":"ReadAction","target":["https:\/\/www.salve.si\/trgovina\/sveto-pismo\/evangeliji\/"]}]},{"@type":"ImageObject","inLanguage":"en-US","@id":"https:\/\/www.salve.si\/trgovina\/sveto-pismo\/evangeliji\/#primaryimage","url":"https:\/\/www.salve.si\/wp-content\/uploads\/2019\/01\/evangeliji.jpg","contentUrl":"https:\/\/www.salve.si\/wp-content\/uploads\/2019\/01\/evangeliji.jpg","width":500,"height":500},{"@type":"BreadcrumbList","@id":"https:\/\/www.salve.si\/trgovina\/sveto-pismo\/evangeliji\/#breadcrumb","itemListElement":[{"@type":"ListItem","position":1,"name":"Home","item":"https:\/\/www.salve.si\/"},{"@type":"ListItem","position":2,"name":"Trgovina","item":"https:\/\/www.salve.si\/trgovina\/"},{"@type":"ListItem","position":3,"name":"Evangeliji"}]},{"@type":"WebSite","@id":"https:\/\/www.salve.si\/#website","url":"https:\/\/www.salve.si\/","name":"Salve","description":"Salezijanska zalo\u017eba","publisher":{"@id":"https:\/\/www.salve.si\/#organization"},"potentialAction":[{"@type":"SearchAction","target":{"@type":"EntryPoint","urlTemplate":"https:\/\/www.salve.si\/?s={search_term_string}"},"query-input":{"@type":"PropertyValueSpecification","valueRequired":true,"valueName":"search_term_string"}}],"inLanguage":"en-US"},{"@type":"Organization","@id":"https:\/\/www.salve.si\/#organization","name":"Salve d.o.o.","url":"https:\/\/www.salve.si\/","logo":{"@type":"ImageObject","inLanguage":"en-US","@id":"https:\/\/www.salve.si\/#\/schema\/logo\/image\/","url":"https:\/\/www.salve.si\/wp-content\/uploads\/2021\/01\/Salve_logo_modri_nov_web.png","contentUrl":"https:\/\/www.salve.si\/wp-content\/uploads\/2021\/01\/Salve_logo_modri_nov_web.png","width":279,"height":90,"caption":"Salve d.o.o."},"image":{"@id":"https:\/\/www.salve.si\/#\/schema\/logo\/image\/"},"sameAs":["https:\/\/www.facebook.com\/salve.si","https:\/\/www.instagram.com\/zalozbasalve\/","https:\/\/www.linkedin.com\/company\/zalozba-salve\/"]}]}},"_links":{"self":[{"href":"https:\/\/www.salve.si\/en\/wp-json\/wp\/v2\/product\/5451","targetHints":{"allow":["GET"]}}],"collection":[{"href":"https:\/\/www.salve.si\/en\/wp-json\/wp\/v2\/product"}],"about":[{"href":"https:\/\/www.salve.si\/en\/wp-json\/wp\/v2\/types\/product"}],"version-history":[{"count":1,"href":"https:\/\/www.salve.si\/en\/wp-json\/wp\/v2\/product\/5451\/revisions"}],"predecessor-version":[{"id":5455,"href":"https:\/\/www.salve.si\/en\/wp-json\/wp\/v2\/product\/5451\/revisions\/5455"}],"wp:featuredmedia":[{"embeddable":true,"href":"https:\/\/www.salve.si\/en\/wp-json\/wp\/v2\/media\/5454"}],"wp:attachment":[{"href":"https:\/\/www.salve.si\/en\/wp-json\/wp\/v2\/media?parent=5451"}],"wp:term":[{"taxonomy":"product_cat","embeddable":true,"href":"https:\/\/www.salve.si\/en\/wp-json\/wp\/v2\/product_cat?post=5451"},{"taxonomy":"product_tag","embeddable":true,"href":"https:\/\/www.salve.si\/en\/wp-json\/wp\/v2\/product_tag?post=5451"}],"curies":[{"name":"wp","href":"https:\/\/api.w.org\/{rel}","templated":true}]}}