{"id":5297,"date":"2019-01-18T13:58:23","date_gmt":"2019-01-18T12:58:23","guid":{"rendered":"https:\/\/www.salve.si\/?post_type=product&#038;p=5297"},"modified":"2019-01-18T13:58:34","modified_gmt":"2019-01-18T12:58:34","slug":"marija-pomocnica","status":"publish","type":"product","link":"https:\/\/www.salve.si\/en\/trgovina\/knjige\/marija-pomocnica\/","title":{"rendered":"MARIJA POMO\u010cNICA"},"content":{"rendered":"<p>Med najbolj dragocenimi biseri sv. Janeza Boska je gotovo Marija, pa naj bo kot Dobra Pastirica (zgled vzgojne modrosti), kot Marija Brezmade\u017ena (cilj vzgojnega prizadevanja) ali kot Marija Pomo\u010dnica (varuhinja ljudi in ustanov). Misli o Mariji, ki so zapisane v tej knji\u017eici, je don Bosko izrekel predvsem kot vzgojitelj, saj jih je bilo najve\u010d namenjenih mladim.<\/p>\n<p>V knji\u017eici so navodila, kako opravimo devetdnevnico v \u010dast Devici Mariji, pomo\u010dnici kristjanov in vsebina omenjene devetdnevnice, za zaklju\u010dek knji\u017eice pa \u0161e don Boskova molitev k Mariji Pomo\u010dnici, molitev k Devici Mariji za izbiro poklica in ve\u010derna zdravamarija.<span class=\"slv-content-keywords\"> Biseri Janez Bosko Knjige Don Boskova Marija <\/span><\/p>","protected":false},"excerpt":{"rendered":"<p>V drugi knji\u017eici iz zbirke Biseri beremo misli Janeza Boska o Mariji.<\/p>","protected":false},"featured_media":5548,"template":"","meta":{"_acf_changed":false,"footnotes":""},"product_cat":[141],"product_tag":[],"class_list":{"0":"post-5297","1":"product","2":"type-product","3":"status-publish","4":"has-post-thumbnail","6":"zbirke-biseri","7":"authors-janez-bosko","8":"publisher-salve-d-o-o-ljubljana","9":"product_cat-knjige","11":"first","12":"outofstock","13":"shipping-taxable","14":"purchasable","15":"product-type-simple"},"acf":[],"yoast_head":"<!-- This site is optimized with the Yoast SEO plugin v23.8 - https:\/\/yoast.com\/wordpress\/plugins\/seo\/ -->\n<title>MARIJA POMO\u010cNICA - Salve<\/title>\n<meta name=\"robots\" content=\"index, follow, max-snippet:-1, max-image-preview:large, max-video-preview:-1\" \/>\n<link rel=\"canonical\" href=\"https:\/\/www.salve.si\/en\/trgovina\/knjige\/marija-pomocnica\/\" \/>\n<meta property=\"og:locale\" content=\"en_US\" \/>\n<meta property=\"og:type\" content=\"article\" \/>\n<meta property=\"og:title\" content=\"MARIJA POMO\u010cNICA - Salve\" \/>\n<meta property=\"og:description\" content=\"V drugi knji\u017eici iz zbirke Biseri beremo misli Janeza Boska o Mariji.\" \/>\n<meta property=\"og:url\" content=\"https:\/\/www.salve.si\/en\/trgovina\/knjige\/marija-pomocnica\/\" \/>\n<meta property=\"og:site_name\" content=\"Salve\" \/>\n<meta property=\"article:publisher\" content=\"https:\/\/www.facebook.com\/salve.si\" \/>\n<meta property=\"article:modified_time\" content=\"2019-01-18T12:58:34+00:00\" \/>\n<meta property=\"og:image\" content=\"https:\/\/www.salve.si\/wp-content\/uploads\/2019\/01\/Marija-Pomo\u010dnica-Biseri-naslovnica.jpg\" \/>\n\t<meta property=\"og:image:width\" content=\"1497\" \/>\n\t<meta property=\"og:image:height\" content=\"1378\" \/>\n\t<meta property=\"og:image:type\" content=\"image\/jpeg\" \/>\n<meta name=\"twitter:card\" content=\"summary_large_image\" \/>\n<meta name=\"twitter:label1\" content=\"Est. reading time\" \/>\n\t<meta name=\"twitter:data1\" content=\"1 minute\" \/>\n<script type=\"application\/ld+json\" class=\"yoast-schema-graph\">{\"@context\":\"https:\/\/schema.org\",\"@graph\":[{\"@type\":\"WebPage\",\"@id\":\"https:\/\/www.salve.si\/trgovina\/knjige\/marija-pomocnica\/\",\"url\":\"https:\/\/www.salve.si\/trgovina\/knjige\/marija-pomocnica\/\",\"name\":\"MARIJA POMO\u010cNICA - Salve\",\"isPartOf\":{\"@id\":\"https:\/\/www.salve.si\/#website\"},\"primaryImageOfPage\":{\"@id\":\"https:\/\/www.salve.si\/trgovina\/knjige\/marija-pomocnica\/#primaryimage\"},\"image\":{\"@id\":\"https:\/\/www.salve.si\/trgovina\/knjige\/marija-pomocnica\/#primaryimage\"},\"thumbnailUrl\":\"https:\/\/www.salve.si\/wp-content\/uploads\/2019\/01\/Marija-Pomo\u010dnica-Biseri-naslovnica.jpg\",\"datePublished\":\"2019-01-18T12:58:23+00:00\",\"dateModified\":\"2019-01-18T12:58:34+00:00\",\"breadcrumb\":{\"@id\":\"https:\/\/www.salve.si\/trgovina\/knjige\/marija-pomocnica\/#breadcrumb\"},\"inLanguage\":\"en-US\",\"potentialAction\":[{\"@type\":\"ReadAction\",\"target\":[\"https:\/\/www.salve.si\/trgovina\/knjige\/marija-pomocnica\/\"]}]},{\"@type\":\"ImageObject\",\"inLanguage\":\"en-US\",\"@id\":\"https:\/\/www.salve.si\/trgovina\/knjige\/marija-pomocnica\/#primaryimage\",\"url\":\"https:\/\/www.salve.si\/wp-content\/uploads\/2019\/01\/Marija-Pomo\u010dnica-Biseri-naslovnica.jpg\",\"contentUrl\":\"https:\/\/www.salve.si\/wp-content\/uploads\/2019\/01\/Marija-Pomo\u010dnica-Biseri-naslovnica.jpg\",\"width\":1497,\"height\":1378},{\"@type\":\"BreadcrumbList\",\"@id\":\"https:\/\/www.salve.si\/trgovina\/knjige\/marija-pomocnica\/#breadcrumb\",\"itemListElement\":[{\"@type\":\"ListItem\",\"position\":1,\"name\":\"Home\",\"item\":\"https:\/\/www.salve.si\/\"},{\"@type\":\"ListItem\",\"position\":2,\"name\":\"Trgovina\",\"item\":\"https:\/\/www.salve.si\/trgovina\/\"},{\"@type\":\"ListItem\",\"position\":3,\"name\":\"MARIJA POMO\u010cNICA\"}]},{\"@type\":\"WebSite\",\"@id\":\"https:\/\/www.salve.si\/#website\",\"url\":\"https:\/\/www.salve.si\/\",\"name\":\"Salve\",\"description\":\"Salezijanska zalo\u017eba\",\"publisher\":{\"@id\":\"https:\/\/www.salve.si\/#organization\"},\"potentialAction\":[{\"@type\":\"SearchAction\",\"target\":{\"@type\":\"EntryPoint\",\"urlTemplate\":\"https:\/\/www.salve.si\/?s={search_term_string}\"},\"query-input\":{\"@type\":\"PropertyValueSpecification\",\"valueRequired\":true,\"valueName\":\"search_term_string\"}}],\"inLanguage\":\"en-US\"},{\"@type\":\"Organization\",\"@id\":\"https:\/\/www.salve.si\/#organization\",\"name\":\"Salve d.o.o.\",\"url\":\"https:\/\/www.salve.si\/\",\"logo\":{\"@type\":\"ImageObject\",\"inLanguage\":\"en-US\",\"@id\":\"https:\/\/www.salve.si\/#\/schema\/logo\/image\/\",\"url\":\"https:\/\/www.salve.si\/wp-content\/uploads\/2021\/01\/Salve_logo_modri_nov_web.png\",\"contentUrl\":\"https:\/\/www.salve.si\/wp-content\/uploads\/2021\/01\/Salve_logo_modri_nov_web.png\",\"width\":279,\"height\":90,\"caption\":\"Salve d.o.o.\"},\"image\":{\"@id\":\"https:\/\/www.salve.si\/#\/schema\/logo\/image\/\"},\"sameAs\":[\"https:\/\/www.facebook.com\/salve.si\",\"https:\/\/www.instagram.com\/zalozbasalve\/\",\"https:\/\/www.linkedin.com\/company\/zalozba-salve\/\"]}]}<\/script>\n<!-- \/ Yoast SEO plugin. -->","yoast_head_json":{"title":"MARIJA POMO\u010cNICA - Salve","robots":{"index":"index","follow":"follow","max-snippet":"max-snippet:-1","max-image-preview":"max-image-preview:large","max-video-preview":"max-video-preview:-1"},"canonical":"https:\/\/www.salve.si\/en\/trgovina\/knjige\/marija-pomocnica\/","og_locale":"en_US","og_type":"article","og_title":"MARIJA POMO\u010cNICA - Salve","og_description":"V drugi knji\u017eici iz zbirke Biseri beremo misli Janeza Boska o Mariji.","og_url":"https:\/\/www.salve.si\/en\/trgovina\/knjige\/marija-pomocnica\/","og_site_name":"Salve","article_publisher":"https:\/\/www.facebook.com\/salve.si","article_modified_time":"2019-01-18T12:58:34+00:00","og_image":[{"width":1497,"height":1378,"url":"https:\/\/www.salve.si\/wp-content\/uploads\/2019\/01\/Marija-Pomo\u010dnica-Biseri-naslovnica.jpg","type":"image\/jpeg"}],"twitter_card":"summary_large_image","twitter_misc":{"Est. reading time":"1 minute"},"schema":{"@context":"https:\/\/schema.org","@graph":[{"@type":"WebPage","@id":"https:\/\/www.salve.si\/trgovina\/knjige\/marija-pomocnica\/","url":"https:\/\/www.salve.si\/trgovina\/knjige\/marija-pomocnica\/","name":"MARIJA POMO\u010cNICA - Salve","isPartOf":{"@id":"https:\/\/www.salve.si\/#website"},"primaryImageOfPage":{"@id":"https:\/\/www.salve.si\/trgovina\/knjige\/marija-pomocnica\/#primaryimage"},"image":{"@id":"https:\/\/www.salve.si\/trgovina\/knjige\/marija-pomocnica\/#primaryimage"},"thumbnailUrl":"https:\/\/www.salve.si\/wp-content\/uploads\/2019\/01\/Marija-Pomo\u010dnica-Biseri-naslovnica.jpg","datePublished":"2019-01-18T12:58:23+00:00","dateModified":"2019-01-18T12:58:34+00:00","breadcrumb":{"@id":"https:\/\/www.salve.si\/trgovina\/knjige\/marija-pomocnica\/#breadcrumb"},"inLanguage":"en-US","potentialAction":[{"@type":"ReadAction","target":["https:\/\/www.salve.si\/trgovina\/knjige\/marija-pomocnica\/"]}]},{"@type":"ImageObject","inLanguage":"en-US","@id":"https:\/\/www.salve.si\/trgovina\/knjige\/marija-pomocnica\/#primaryimage","url":"https:\/\/www.salve.si\/wp-content\/uploads\/2019\/01\/Marija-Pomo\u010dnica-Biseri-naslovnica.jpg","contentUrl":"https:\/\/www.salve.si\/wp-content\/uploads\/2019\/01\/Marija-Pomo\u010dnica-Biseri-naslovnica.jpg","width":1497,"height":1378},{"@type":"BreadcrumbList","@id":"https:\/\/www.salve.si\/trgovina\/knjige\/marija-pomocnica\/#breadcrumb","itemListElement":[{"@type":"ListItem","position":1,"name":"Home","item":"https:\/\/www.salve.si\/"},{"@type":"ListItem","position":2,"name":"Trgovina","item":"https:\/\/www.salve.si\/trgovina\/"},{"@type":"ListItem","position":3,"name":"MARIJA POMO\u010cNICA"}]},{"@type":"WebSite","@id":"https:\/\/www.salve.si\/#website","url":"https:\/\/www.salve.si\/","name":"Salve","description":"Salezijanska zalo\u017eba","publisher":{"@id":"https:\/\/www.salve.si\/#organization"},"potentialAction":[{"@type":"SearchAction","target":{"@type":"EntryPoint","urlTemplate":"https:\/\/www.salve.si\/?s={search_term_string}"},"query-input":{"@type":"PropertyValueSpecification","valueRequired":true,"valueName":"search_term_string"}}],"inLanguage":"en-US"},{"@type":"Organization","@id":"https:\/\/www.salve.si\/#organization","name":"Salve d.o.o.","url":"https:\/\/www.salve.si\/","logo":{"@type":"ImageObject","inLanguage":"en-US","@id":"https:\/\/www.salve.si\/#\/schema\/logo\/image\/","url":"https:\/\/www.salve.si\/wp-content\/uploads\/2021\/01\/Salve_logo_modri_nov_web.png","contentUrl":"https:\/\/www.salve.si\/wp-content\/uploads\/2021\/01\/Salve_logo_modri_nov_web.png","width":279,"height":90,"caption":"Salve d.o.o."},"image":{"@id":"https:\/\/www.salve.si\/#\/schema\/logo\/image\/"},"sameAs":["https:\/\/www.facebook.com\/salve.si","https:\/\/www.instagram.com\/zalozbasalve\/","https:\/\/www.linkedin.com\/company\/zalozba-salve\/"]}]}},"_links":{"self":[{"href":"https:\/\/www.salve.si\/en\/wp-json\/wp\/v2\/product\/5297","targetHints":{"allow":["GET"]}}],"collection":[{"href":"https:\/\/www.salve.si\/en\/wp-json\/wp\/v2\/product"}],"about":[{"href":"https:\/\/www.salve.si\/en\/wp-json\/wp\/v2\/types\/product"}],"version-history":[{"count":2,"href":"https:\/\/www.salve.si\/en\/wp-json\/wp\/v2\/product\/5297\/revisions"}],"predecessor-version":[{"id":5546,"href":"https:\/\/www.salve.si\/en\/wp-json\/wp\/v2\/product\/5297\/revisions\/5546"}],"wp:featuredmedia":[{"embeddable":true,"href":"https:\/\/www.salve.si\/en\/wp-json\/wp\/v2\/media\/5548"}],"wp:attachment":[{"href":"https:\/\/www.salve.si\/en\/wp-json\/wp\/v2\/media?parent=5297"}],"wp:term":[{"taxonomy":"product_cat","embeddable":true,"href":"https:\/\/www.salve.si\/en\/wp-json\/wp\/v2\/product_cat?post=5297"},{"taxonomy":"product_tag","embeddable":true,"href":"https:\/\/www.salve.si\/en\/wp-json\/wp\/v2\/product_tag?post=5297"}],"curies":[{"name":"wp","href":"https:\/\/api.w.org\/{rel}","templated":true}]}}