{"id":5138,"date":"2018-12-05T09:57:57","date_gmt":"2018-12-05T08:57:57","guid":{"rendered":"https:\/\/www.salve.si\/?post_type=product&#038;p=5138"},"modified":"2018-12-05T09:57:57","modified_gmt":"2018-12-05T08:57:57","slug":"prve-jaslice","status":"publish","type":"product","link":"https:\/\/www.salve.si\/en\/trgovina\/knjige\/razno-knjige\/prve-jaslice\/","title":{"rendered":"PRVE JASLICE"},"content":{"rendered":"<p>Namen jaslic je obuditi v ljudeh vero in zaupanje v neizmerno Bo\u017ejo ljubezen in usmiljenje, ki je po novorojenem Bo\u017ejem Detetu pri\u0161la med nas, da bi \u010dlovek zaslutil, kako ga Bog ljubi in bi tako mogel uresni\u010diti, kar nas je Jezus u\u010dil. Pape\u017e Benedikt XVI. je dejal: &#8220;Jaslice so \u0161ola \u017eivljenja!&#8221; (iz predgovora)<\/p>\n<p>V pri\u010dujo\u010di knji\u017eici vas avtorica Aneta Stoilovski (<a href=\"https:\/\/www.salve.si\/en\/trgovina\/knjige\/otroske\/moj-angelcek-nebeski\/\">Moj angel\u010dek nebe\u0161ki<\/a>) seznani z zgodovino jaslic po svetu in v Sloveniji, vsebino bogatijo tudi svetopisemski odlomki o Jezusovem prihodu in rojstvu ter kar nekaj bolj ali manj poznanih ljudskih bo\u017ei\u010dnih pesmi. Kulinarike bo razveselil recept za bo\u017ei\u010dni kruh ali poprtnik (tudi kratka zgodovina nastanka poprtnika), seveda pa v knji\u017eici ne manjka obrazec za blagoslov jaslic in doma na bo\u017ei\u010dni ve\u010der.<span class=\"slv-content-keywords\"> Aneta Stoilovski Knjige Razno <\/span><\/p>","protected":false},"excerpt":{"rendered":"<p>Za\u010detnik jaslic, tak\u0161nih, kot jih poznamo danes, je sveti Fran\u010di\u0161ek Asi\u0161ki. V gozdu blizu mesta Gre\u010do je dal narediti jaslice, s slamo postlane, na sveti ve\u010der pa je pripeljal tudi osli\u010dka in vola, da je vse spominjalo na no\u010d, ko je bil rojen Jezus Kristus. Jaslice si je pri\u0161lo ogledati veliko ljudi &#8211; mno\u017eice menihov iz bli\u017enjih samostanov in ljudje iz okolice.<\/p>","protected":false},"featured_media":5142,"template":"","meta":{"_acf_changed":false,"footnotes":""},"product_cat":[141,663],"product_tag":[],"class_list":{"0":"post-5138","1":"product","2":"type-product","3":"status-publish","4":"has-post-thumbnail","6":"authors-aneta-stoilovski","7":"publisher-zalozba-spiritus-sanctus","8":"product_cat-knjige","9":"product_cat-razno-knjige","11":"first","12":"instock","13":"shipping-taxable","14":"purchasable","15":"product-type-simple"},"acf":[],"yoast_head":"<!-- This site is optimized with the Yoast SEO plugin v23.8 - https:\/\/yoast.com\/wordpress\/plugins\/seo\/ -->\n<title>PRVE JASLICE - Salve<\/title>\n<meta name=\"robots\" content=\"index, follow, max-snippet:-1, max-image-preview:large, max-video-preview:-1\" \/>\n<link rel=\"canonical\" href=\"https:\/\/www.salve.si\/en\/trgovina\/knjige\/razno-knjige\/prve-jaslice\/\" \/>\n<meta property=\"og:locale\" content=\"en_US\" \/>\n<meta property=\"og:type\" content=\"article\" \/>\n<meta property=\"og:title\" content=\"PRVE JASLICE - Salve\" \/>\n<meta property=\"og:description\" content=\"Za\u010detnik jaslic, tak\u0161nih, kot jih poznamo danes, je sveti Fran\u010di\u0161ek Asi\u0161ki. V gozdu blizu mesta Gre\u010do je dal narediti jaslice, s slamo postlane, na sveti ve\u010der pa je pripeljal tudi osli\u010dka in vola, da je vse spominjalo na no\u010d, ko je bil rojen Jezus Kristus. Jaslice si je pri\u0161lo ogledati veliko ljudi - mno\u017eice menihov iz bli\u017enjih samostanov in ljudje iz okolice.\" \/>\n<meta property=\"og:url\" content=\"https:\/\/www.salve.si\/en\/trgovina\/knjige\/razno-knjige\/prve-jaslice\/\" \/>\n<meta property=\"og:site_name\" content=\"Salve\" \/>\n<meta property=\"article:publisher\" content=\"https:\/\/www.facebook.com\/salve.si\" \/>\n<meta property=\"og:image\" content=\"https:\/\/www.salve.si\/wp-content\/uploads\/2018\/12\/Prve-jaslice-3-1024x757.jpg\" \/>\n\t<meta property=\"og:image:width\" content=\"1024\" \/>\n\t<meta property=\"og:image:height\" content=\"757\" \/>\n\t<meta property=\"og:image:type\" content=\"image\/jpeg\" \/>\n<meta name=\"twitter:card\" content=\"summary_large_image\" \/>\n<meta name=\"twitter:label1\" content=\"Est. reading time\" \/>\n\t<meta name=\"twitter:data1\" content=\"1 minute\" \/>\n<script type=\"application\/ld+json\" class=\"yoast-schema-graph\">{\"@context\":\"https:\/\/schema.org\",\"@graph\":[{\"@type\":\"WebPage\",\"@id\":\"https:\/\/www.salve.si\/trgovina\/knjige\/razno-knjige\/prve-jaslice\/\",\"url\":\"https:\/\/www.salve.si\/trgovina\/knjige\/razno-knjige\/prve-jaslice\/\",\"name\":\"PRVE JASLICE - Salve\",\"isPartOf\":{\"@id\":\"https:\/\/www.salve.si\/#website\"},\"primaryImageOfPage\":{\"@id\":\"https:\/\/www.salve.si\/trgovina\/knjige\/razno-knjige\/prve-jaslice\/#primaryimage\"},\"image\":{\"@id\":\"https:\/\/www.salve.si\/trgovina\/knjige\/razno-knjige\/prve-jaslice\/#primaryimage\"},\"thumbnailUrl\":\"https:\/\/www.salve.si\/wp-content\/uploads\/2018\/12\/Prve-jaslice-3.jpg\",\"datePublished\":\"2018-12-05T08:57:57+00:00\",\"dateModified\":\"2018-12-05T08:57:57+00:00\",\"breadcrumb\":{\"@id\":\"https:\/\/www.salve.si\/trgovina\/knjige\/razno-knjige\/prve-jaslice\/#breadcrumb\"},\"inLanguage\":\"en-US\",\"potentialAction\":[{\"@type\":\"ReadAction\",\"target\":[\"https:\/\/www.salve.si\/trgovina\/knjige\/razno-knjige\/prve-jaslice\/\"]}]},{\"@type\":\"ImageObject\",\"inLanguage\":\"en-US\",\"@id\":\"https:\/\/www.salve.si\/trgovina\/knjige\/razno-knjige\/prve-jaslice\/#primaryimage\",\"url\":\"https:\/\/www.salve.si\/wp-content\/uploads\/2018\/12\/Prve-jaslice-3.jpg\",\"contentUrl\":\"https:\/\/www.salve.si\/wp-content\/uploads\/2018\/12\/Prve-jaslice-3.jpg\",\"width\":2717,\"height\":2008},{\"@type\":\"BreadcrumbList\",\"@id\":\"https:\/\/www.salve.si\/trgovina\/knjige\/razno-knjige\/prve-jaslice\/#breadcrumb\",\"itemListElement\":[{\"@type\":\"ListItem\",\"position\":1,\"name\":\"Home\",\"item\":\"https:\/\/www.salve.si\/\"},{\"@type\":\"ListItem\",\"position\":2,\"name\":\"Trgovina\",\"item\":\"https:\/\/www.salve.si\/trgovina\/\"},{\"@type\":\"ListItem\",\"position\":3,\"name\":\"PRVE JASLICE\"}]},{\"@type\":\"WebSite\",\"@id\":\"https:\/\/www.salve.si\/#website\",\"url\":\"https:\/\/www.salve.si\/\",\"name\":\"Salve\",\"description\":\"Salezijanska zalo\u017eba\",\"publisher\":{\"@id\":\"https:\/\/www.salve.si\/#organization\"},\"potentialAction\":[{\"@type\":\"SearchAction\",\"target\":{\"@type\":\"EntryPoint\",\"urlTemplate\":\"https:\/\/www.salve.si\/?s={search_term_string}\"},\"query-input\":{\"@type\":\"PropertyValueSpecification\",\"valueRequired\":true,\"valueName\":\"search_term_string\"}}],\"inLanguage\":\"en-US\"},{\"@type\":\"Organization\",\"@id\":\"https:\/\/www.salve.si\/#organization\",\"name\":\"Salve d.o.o.\",\"url\":\"https:\/\/www.salve.si\/\",\"logo\":{\"@type\":\"ImageObject\",\"inLanguage\":\"en-US\",\"@id\":\"https:\/\/www.salve.si\/#\/schema\/logo\/image\/\",\"url\":\"https:\/\/www.salve.si\/wp-content\/uploads\/2021\/01\/Salve_logo_modri_nov_web.png\",\"contentUrl\":\"https:\/\/www.salve.si\/wp-content\/uploads\/2021\/01\/Salve_logo_modri_nov_web.png\",\"width\":279,\"height\":90,\"caption\":\"Salve d.o.o.\"},\"image\":{\"@id\":\"https:\/\/www.salve.si\/#\/schema\/logo\/image\/\"},\"sameAs\":[\"https:\/\/www.facebook.com\/salve.si\",\"https:\/\/www.instagram.com\/zalozbasalve\/\",\"https:\/\/www.linkedin.com\/company\/zalozba-salve\/\"]}]}<\/script>\n<!-- \/ Yoast SEO plugin. -->","yoast_head_json":{"title":"PRVE JASLICE - Salve","robots":{"index":"index","follow":"follow","max-snippet":"max-snippet:-1","max-image-preview":"max-image-preview:large","max-video-preview":"max-video-preview:-1"},"canonical":"https:\/\/www.salve.si\/en\/trgovina\/knjige\/razno-knjige\/prve-jaslice\/","og_locale":"en_US","og_type":"article","og_title":"PRVE JASLICE - Salve","og_description":"Za\u010detnik jaslic, tak\u0161nih, kot jih poznamo danes, je sveti Fran\u010di\u0161ek Asi\u0161ki. V gozdu blizu mesta Gre\u010do je dal narediti jaslice, s slamo postlane, na sveti ve\u010der pa je pripeljal tudi osli\u010dka in vola, da je vse spominjalo na no\u010d, ko je bil rojen Jezus Kristus. Jaslice si je pri\u0161lo ogledati veliko ljudi - mno\u017eice menihov iz bli\u017enjih samostanov in ljudje iz okolice.","og_url":"https:\/\/www.salve.si\/en\/trgovina\/knjige\/razno-knjige\/prve-jaslice\/","og_site_name":"Salve","article_publisher":"https:\/\/www.facebook.com\/salve.si","og_image":[{"width":1024,"height":757,"url":"https:\/\/www.salve.si\/wp-content\/uploads\/2018\/12\/Prve-jaslice-3-1024x757.jpg","type":"image\/jpeg"}],"twitter_card":"summary_large_image","twitter_misc":{"Est. reading time":"1 minute"},"schema":{"@context":"https:\/\/schema.org","@graph":[{"@type":"WebPage","@id":"https:\/\/www.salve.si\/trgovina\/knjige\/razno-knjige\/prve-jaslice\/","url":"https:\/\/www.salve.si\/trgovina\/knjige\/razno-knjige\/prve-jaslice\/","name":"PRVE JASLICE - Salve","isPartOf":{"@id":"https:\/\/www.salve.si\/#website"},"primaryImageOfPage":{"@id":"https:\/\/www.salve.si\/trgovina\/knjige\/razno-knjige\/prve-jaslice\/#primaryimage"},"image":{"@id":"https:\/\/www.salve.si\/trgovina\/knjige\/razno-knjige\/prve-jaslice\/#primaryimage"},"thumbnailUrl":"https:\/\/www.salve.si\/wp-content\/uploads\/2018\/12\/Prve-jaslice-3.jpg","datePublished":"2018-12-05T08:57:57+00:00","dateModified":"2018-12-05T08:57:57+00:00","breadcrumb":{"@id":"https:\/\/www.salve.si\/trgovina\/knjige\/razno-knjige\/prve-jaslice\/#breadcrumb"},"inLanguage":"en-US","potentialAction":[{"@type":"ReadAction","target":["https:\/\/www.salve.si\/trgovina\/knjige\/razno-knjige\/prve-jaslice\/"]}]},{"@type":"ImageObject","inLanguage":"en-US","@id":"https:\/\/www.salve.si\/trgovina\/knjige\/razno-knjige\/prve-jaslice\/#primaryimage","url":"https:\/\/www.salve.si\/wp-content\/uploads\/2018\/12\/Prve-jaslice-3.jpg","contentUrl":"https:\/\/www.salve.si\/wp-content\/uploads\/2018\/12\/Prve-jaslice-3.jpg","width":2717,"height":2008},{"@type":"BreadcrumbList","@id":"https:\/\/www.salve.si\/trgovina\/knjige\/razno-knjige\/prve-jaslice\/#breadcrumb","itemListElement":[{"@type":"ListItem","position":1,"name":"Home","item":"https:\/\/www.salve.si\/"},{"@type":"ListItem","position":2,"name":"Trgovina","item":"https:\/\/www.salve.si\/trgovina\/"},{"@type":"ListItem","position":3,"name":"PRVE JASLICE"}]},{"@type":"WebSite","@id":"https:\/\/www.salve.si\/#website","url":"https:\/\/www.salve.si\/","name":"Salve","description":"Salezijanska zalo\u017eba","publisher":{"@id":"https:\/\/www.salve.si\/#organization"},"potentialAction":[{"@type":"SearchAction","target":{"@type":"EntryPoint","urlTemplate":"https:\/\/www.salve.si\/?s={search_term_string}"},"query-input":{"@type":"PropertyValueSpecification","valueRequired":true,"valueName":"search_term_string"}}],"inLanguage":"en-US"},{"@type":"Organization","@id":"https:\/\/www.salve.si\/#organization","name":"Salve d.o.o.","url":"https:\/\/www.salve.si\/","logo":{"@type":"ImageObject","inLanguage":"en-US","@id":"https:\/\/www.salve.si\/#\/schema\/logo\/image\/","url":"https:\/\/www.salve.si\/wp-content\/uploads\/2021\/01\/Salve_logo_modri_nov_web.png","contentUrl":"https:\/\/www.salve.si\/wp-content\/uploads\/2021\/01\/Salve_logo_modri_nov_web.png","width":279,"height":90,"caption":"Salve d.o.o."},"image":{"@id":"https:\/\/www.salve.si\/#\/schema\/logo\/image\/"},"sameAs":["https:\/\/www.facebook.com\/salve.si","https:\/\/www.instagram.com\/zalozbasalve\/","https:\/\/www.linkedin.com\/company\/zalozba-salve\/"]}]}},"_links":{"self":[{"href":"https:\/\/www.salve.si\/en\/wp-json\/wp\/v2\/product\/5138","targetHints":{"allow":["GET"]}}],"collection":[{"href":"https:\/\/www.salve.si\/en\/wp-json\/wp\/v2\/product"}],"about":[{"href":"https:\/\/www.salve.si\/en\/wp-json\/wp\/v2\/types\/product"}],"version-history":[{"count":1,"href":"https:\/\/www.salve.si\/en\/wp-json\/wp\/v2\/product\/5138\/revisions"}],"predecessor-version":[{"id":5139,"href":"https:\/\/www.salve.si\/en\/wp-json\/wp\/v2\/product\/5138\/revisions\/5139"}],"wp:featuredmedia":[{"embeddable":true,"href":"https:\/\/www.salve.si\/en\/wp-json\/wp\/v2\/media\/5142"}],"wp:attachment":[{"href":"https:\/\/www.salve.si\/en\/wp-json\/wp\/v2\/media?parent=5138"}],"wp:term":[{"taxonomy":"product_cat","embeddable":true,"href":"https:\/\/www.salve.si\/en\/wp-json\/wp\/v2\/product_cat?post=5138"},{"taxonomy":"product_tag","embeddable":true,"href":"https:\/\/www.salve.si\/en\/wp-json\/wp\/v2\/product_tag?post=5138"}],"curies":[{"name":"wp","href":"https:\/\/api.w.org\/{rel}","templated":true}]}}