{"id":5075,"date":"2018-11-20T16:50:55","date_gmt":"2018-11-20T15:50:55","guid":{"rendered":"https:\/\/www.salve.si\/?post_type=product&#038;p=5075"},"modified":"2020-01-03T09:55:45","modified_gmt":"2020-01-03T08:55:45","slug":"kriz-steklen-2","status":"publish","type":"product","link":"https:\/\/www.salve.si\/en\/trgovina\/nabozni-predmeti\/krizi\/kriz-steklen-2\/","title":{"rendered":"KRI\u017d, steklen"},"content":{"rendered":"<p>Steklen kri\u017e s podobo Svetega Duha. Primeren tudi za sveto birmo.<\/p>\n<p>Za na steno.<\/p>\n<p>Muransko steklo zdru\u017euje stare tehnologije in moderne kombinacije barv in oblik. Izdelki iz muranskega stekla \u017ee stoletja nastajajo pod izku\u0161enimi rokami steklarskih mojstrov na otoku Murano. Ustvarjeni so s postopki, katerih skrivnost se prena\u0161a iz roda v rod.<\/p>\n<p>&nbsp;<\/p>\n<p><span class=\"slv-content-keywords\"> Nabo\u017eni predmeti Kri\u017ei <\/span><\/p>","protected":false},"excerpt":{"rendered":"<p>Steklen kri\u017e iz muranskega stekla.<\/p>\n<p>Pokli\u010dite za zalogo!<\/p>","protected":false},"featured_media":5076,"template":"","meta":{"_acf_changed":false,"footnotes":""},"product_cat":[143,329],"product_tag":[],"class_list":{"0":"post-5075","1":"product","2":"type-product","3":"status-publish","4":"has-post-thumbnail","6":"publisher-salve-d-o-o-ljubljana","7":"product_cat-nabozni-predmeti","8":"product_cat-krizi","10":"first","11":"outofstock","12":"shipping-taxable","13":"purchasable","14":"product-type-simple"},"acf":[],"yoast_head":"<!-- This site is optimized with the Yoast SEO plugin v23.8 - https:\/\/yoast.com\/wordpress\/plugins\/seo\/ -->\n<title>KRI\u017d, steklen - Salve<\/title>\n<meta name=\"robots\" content=\"index, follow, max-snippet:-1, max-image-preview:large, max-video-preview:-1\" \/>\n<link rel=\"canonical\" href=\"https:\/\/www.salve.si\/en\/trgovina\/nabozni-predmeti\/krizi\/kriz-steklen-2\/\" \/>\n<meta property=\"og:locale\" content=\"en_US\" \/>\n<meta property=\"og:type\" content=\"article\" \/>\n<meta property=\"og:title\" content=\"KRI\u017d, steklen - Salve\" \/>\n<meta property=\"og:description\" content=\"Steklen kri\u017e iz muranskega stekla.  Pokli\u010dite za zalogo!\" \/>\n<meta property=\"og:url\" content=\"https:\/\/www.salve.si\/en\/trgovina\/nabozni-predmeti\/krizi\/kriz-steklen-2\/\" \/>\n<meta property=\"og:site_name\" content=\"Salve\" \/>\n<meta property=\"article:publisher\" content=\"https:\/\/www.facebook.com\/salve.si\" \/>\n<meta property=\"article:modified_time\" content=\"2020-01-03T08:55:45+00:00\" \/>\n<meta property=\"og:image\" content=\"https:\/\/www.salve.si\/wp-content\/uploads\/2018\/11\/kri\u017e-8.jpg\" \/>\n\t<meta property=\"og:image:width\" content=\"2674\" \/>\n\t<meta property=\"og:image:height\" content=\"1785\" \/>\n\t<meta property=\"og:image:type\" content=\"image\/jpeg\" \/>\n<meta name=\"twitter:card\" content=\"summary_large_image\" \/>\n<script type=\"application\/ld+json\" class=\"yoast-schema-graph\">{\"@context\":\"https:\/\/schema.org\",\"@graph\":[{\"@type\":\"WebPage\",\"@id\":\"https:\/\/www.salve.si\/trgovina\/nabozni-predmeti\/krizi\/kriz-steklen-2\/\",\"url\":\"https:\/\/www.salve.si\/trgovina\/nabozni-predmeti\/krizi\/kriz-steklen-2\/\",\"name\":\"KRI\u017d, steklen - Salve\",\"isPartOf\":{\"@id\":\"https:\/\/www.salve.si\/#website\"},\"primaryImageOfPage\":{\"@id\":\"https:\/\/www.salve.si\/trgovina\/nabozni-predmeti\/krizi\/kriz-steklen-2\/#primaryimage\"},\"image\":{\"@id\":\"https:\/\/www.salve.si\/trgovina\/nabozni-predmeti\/krizi\/kriz-steklen-2\/#primaryimage\"},\"thumbnailUrl\":\"https:\/\/www.salve.si\/wp-content\/uploads\/2018\/11\/kri\u017e-8.jpg\",\"datePublished\":\"2018-11-20T15:50:55+00:00\",\"dateModified\":\"2020-01-03T08:55:45+00:00\",\"breadcrumb\":{\"@id\":\"https:\/\/www.salve.si\/trgovina\/nabozni-predmeti\/krizi\/kriz-steklen-2\/#breadcrumb\"},\"inLanguage\":\"en-US\",\"potentialAction\":[{\"@type\":\"ReadAction\",\"target\":[\"https:\/\/www.salve.si\/trgovina\/nabozni-predmeti\/krizi\/kriz-steklen-2\/\"]}]},{\"@type\":\"ImageObject\",\"inLanguage\":\"en-US\",\"@id\":\"https:\/\/www.salve.si\/trgovina\/nabozni-predmeti\/krizi\/kriz-steklen-2\/#primaryimage\",\"url\":\"https:\/\/www.salve.si\/wp-content\/uploads\/2018\/11\/kri\u017e-8.jpg\",\"contentUrl\":\"https:\/\/www.salve.si\/wp-content\/uploads\/2018\/11\/kri\u017e-8.jpg\",\"width\":2674,\"height\":1785},{\"@type\":\"BreadcrumbList\",\"@id\":\"https:\/\/www.salve.si\/trgovina\/nabozni-predmeti\/krizi\/kriz-steklen-2\/#breadcrumb\",\"itemListElement\":[{\"@type\":\"ListItem\",\"position\":1,\"name\":\"Home\",\"item\":\"https:\/\/www.salve.si\/\"},{\"@type\":\"ListItem\",\"position\":2,\"name\":\"Trgovina\",\"item\":\"https:\/\/www.salve.si\/trgovina\/\"},{\"@type\":\"ListItem\",\"position\":3,\"name\":\"KRI\u017d, steklen\"}]},{\"@type\":\"WebSite\",\"@id\":\"https:\/\/www.salve.si\/#website\",\"url\":\"https:\/\/www.salve.si\/\",\"name\":\"Salve\",\"description\":\"Salezijanska zalo\u017eba\",\"publisher\":{\"@id\":\"https:\/\/www.salve.si\/#organization\"},\"potentialAction\":[{\"@type\":\"SearchAction\",\"target\":{\"@type\":\"EntryPoint\",\"urlTemplate\":\"https:\/\/www.salve.si\/?s={search_term_string}\"},\"query-input\":{\"@type\":\"PropertyValueSpecification\",\"valueRequired\":true,\"valueName\":\"search_term_string\"}}],\"inLanguage\":\"en-US\"},{\"@type\":\"Organization\",\"@id\":\"https:\/\/www.salve.si\/#organization\",\"name\":\"Salve d.o.o.\",\"url\":\"https:\/\/www.salve.si\/\",\"logo\":{\"@type\":\"ImageObject\",\"inLanguage\":\"en-US\",\"@id\":\"https:\/\/www.salve.si\/#\/schema\/logo\/image\/\",\"url\":\"https:\/\/www.salve.si\/wp-content\/uploads\/2021\/01\/Salve_logo_modri_nov_web.png\",\"contentUrl\":\"https:\/\/www.salve.si\/wp-content\/uploads\/2021\/01\/Salve_logo_modri_nov_web.png\",\"width\":279,\"height\":90,\"caption\":\"Salve d.o.o.\"},\"image\":{\"@id\":\"https:\/\/www.salve.si\/#\/schema\/logo\/image\/\"},\"sameAs\":[\"https:\/\/www.facebook.com\/salve.si\",\"https:\/\/www.instagram.com\/zalozbasalve\/\",\"https:\/\/www.linkedin.com\/company\/zalozba-salve\/\"]}]}<\/script>\n<!-- \/ Yoast SEO plugin. -->","yoast_head_json":{"title":"KRI\u017d, steklen - Salve","robots":{"index":"index","follow":"follow","max-snippet":"max-snippet:-1","max-image-preview":"max-image-preview:large","max-video-preview":"max-video-preview:-1"},"canonical":"https:\/\/www.salve.si\/en\/trgovina\/nabozni-predmeti\/krizi\/kriz-steklen-2\/","og_locale":"en_US","og_type":"article","og_title":"KRI\u017d, steklen - Salve","og_description":"Steklen kri\u017e iz muranskega stekla.  Pokli\u010dite za zalogo!","og_url":"https:\/\/www.salve.si\/en\/trgovina\/nabozni-predmeti\/krizi\/kriz-steklen-2\/","og_site_name":"Salve","article_publisher":"https:\/\/www.facebook.com\/salve.si","article_modified_time":"2020-01-03T08:55:45+00:00","og_image":[{"width":2674,"height":1785,"url":"https:\/\/www.salve.si\/wp-content\/uploads\/2018\/11\/kri\u017e-8.jpg","type":"image\/jpeg"}],"twitter_card":"summary_large_image","schema":{"@context":"https:\/\/schema.org","@graph":[{"@type":"WebPage","@id":"https:\/\/www.salve.si\/trgovina\/nabozni-predmeti\/krizi\/kriz-steklen-2\/","url":"https:\/\/www.salve.si\/trgovina\/nabozni-predmeti\/krizi\/kriz-steklen-2\/","name":"KRI\u017d, steklen - Salve","isPartOf":{"@id":"https:\/\/www.salve.si\/#website"},"primaryImageOfPage":{"@id":"https:\/\/www.salve.si\/trgovina\/nabozni-predmeti\/krizi\/kriz-steklen-2\/#primaryimage"},"image":{"@id":"https:\/\/www.salve.si\/trgovina\/nabozni-predmeti\/krizi\/kriz-steklen-2\/#primaryimage"},"thumbnailUrl":"https:\/\/www.salve.si\/wp-content\/uploads\/2018\/11\/kri\u017e-8.jpg","datePublished":"2018-11-20T15:50:55+00:00","dateModified":"2020-01-03T08:55:45+00:00","breadcrumb":{"@id":"https:\/\/www.salve.si\/trgovina\/nabozni-predmeti\/krizi\/kriz-steklen-2\/#breadcrumb"},"inLanguage":"en-US","potentialAction":[{"@type":"ReadAction","target":["https:\/\/www.salve.si\/trgovina\/nabozni-predmeti\/krizi\/kriz-steklen-2\/"]}]},{"@type":"ImageObject","inLanguage":"en-US","@id":"https:\/\/www.salve.si\/trgovina\/nabozni-predmeti\/krizi\/kriz-steklen-2\/#primaryimage","url":"https:\/\/www.salve.si\/wp-content\/uploads\/2018\/11\/kri\u017e-8.jpg","contentUrl":"https:\/\/www.salve.si\/wp-content\/uploads\/2018\/11\/kri\u017e-8.jpg","width":2674,"height":1785},{"@type":"BreadcrumbList","@id":"https:\/\/www.salve.si\/trgovina\/nabozni-predmeti\/krizi\/kriz-steklen-2\/#breadcrumb","itemListElement":[{"@type":"ListItem","position":1,"name":"Home","item":"https:\/\/www.salve.si\/"},{"@type":"ListItem","position":2,"name":"Trgovina","item":"https:\/\/www.salve.si\/trgovina\/"},{"@type":"ListItem","position":3,"name":"KRI\u017d, steklen"}]},{"@type":"WebSite","@id":"https:\/\/www.salve.si\/#website","url":"https:\/\/www.salve.si\/","name":"Salve","description":"Salezijanska zalo\u017eba","publisher":{"@id":"https:\/\/www.salve.si\/#organization"},"potentialAction":[{"@type":"SearchAction","target":{"@type":"EntryPoint","urlTemplate":"https:\/\/www.salve.si\/?s={search_term_string}"},"query-input":{"@type":"PropertyValueSpecification","valueRequired":true,"valueName":"search_term_string"}}],"inLanguage":"en-US"},{"@type":"Organization","@id":"https:\/\/www.salve.si\/#organization","name":"Salve d.o.o.","url":"https:\/\/www.salve.si\/","logo":{"@type":"ImageObject","inLanguage":"en-US","@id":"https:\/\/www.salve.si\/#\/schema\/logo\/image\/","url":"https:\/\/www.salve.si\/wp-content\/uploads\/2021\/01\/Salve_logo_modri_nov_web.png","contentUrl":"https:\/\/www.salve.si\/wp-content\/uploads\/2021\/01\/Salve_logo_modri_nov_web.png","width":279,"height":90,"caption":"Salve d.o.o."},"image":{"@id":"https:\/\/www.salve.si\/#\/schema\/logo\/image\/"},"sameAs":["https:\/\/www.facebook.com\/salve.si","https:\/\/www.instagram.com\/zalozbasalve\/","https:\/\/www.linkedin.com\/company\/zalozba-salve\/"]}]}},"_links":{"self":[{"href":"https:\/\/www.salve.si\/en\/wp-json\/wp\/v2\/product\/5075","targetHints":{"allow":["GET"]}}],"collection":[{"href":"https:\/\/www.salve.si\/en\/wp-json\/wp\/v2\/product"}],"about":[{"href":"https:\/\/www.salve.si\/en\/wp-json\/wp\/v2\/types\/product"}],"version-history":[{"count":3,"href":"https:\/\/www.salve.si\/en\/wp-json\/wp\/v2\/product\/5075\/revisions"}],"predecessor-version":[{"id":9185,"href":"https:\/\/www.salve.si\/en\/wp-json\/wp\/v2\/product\/5075\/revisions\/9185"}],"wp:featuredmedia":[{"embeddable":true,"href":"https:\/\/www.salve.si\/en\/wp-json\/wp\/v2\/media\/5076"}],"wp:attachment":[{"href":"https:\/\/www.salve.si\/en\/wp-json\/wp\/v2\/media?parent=5075"}],"wp:term":[{"taxonomy":"product_cat","embeddable":true,"href":"https:\/\/www.salve.si\/en\/wp-json\/wp\/v2\/product_cat?post=5075"},{"taxonomy":"product_tag","embeddable":true,"href":"https:\/\/www.salve.si\/en\/wp-json\/wp\/v2\/product_tag?post=5075"}],"curies":[{"name":"wp","href":"https:\/\/api.w.org\/{rel}","templated":true}]}}