{"id":4801,"date":"2018-10-03T14:13:22","date_gmt":"2018-10-03T12:13:22","guid":{"rendered":"https:\/\/www.salve.si\/?post_type=product&#038;p=4801"},"modified":"2022-12-06T15:21:29","modified_gmt":"2022-12-06T14:21:29","slug":"devetdnevnice","status":"publish","type":"product","link":"https:\/\/www.salve.si\/en\/trgovina\/knjige\/devetdnevnice\/","title":{"rendered":"DEVETDNEVNICE"},"content":{"rendered":"<p>V knji\u017eici so navodila, kako opravimo devetdnevnico in sestavo molitve devetdnevnice.<\/p>\n<p>K Svetemu Duhu: pred praznikom binko\u0161ti (za\u010detek v petek po vnebohodu); pred birmo; pred za\u010detkom pomembnej\u0161ih dogodkov ali ob drugih prilo\u017enostih.<\/p>\n<p>K Mariji Pomo\u010dnici: pred praznikom Marije Pomo\u010dnice (15. &#8211; 23- maj) ali ob drugih prilo\u017enostih &#8211; lahko pred vsakim 24. v mesecu (z za\u010detkom 15. v mesecu) ali pred drugimi Marijinimi prazniki.<\/p>\n<p>K sv. Janezu Bosku: pred praznikom sv. Janeza Boska (22. &#8211; 30. januar), pred katehetsko nedeljo ali ob drugih prilo\u017enostih.<\/p>\n<p>K sv. Dominiku Saviu: pred praznikom sv. Dominika Savia (27. april &#8211; 5. maj), pred katehetsko nedeljo ali ob drugih prilo\u017enostih, povezanih z mladimi in ministranti.<\/p>\n<p>K bo\u017ejemu slu\u017eabniku Andreju Majcnu: pred smrtnim dnem Bo\u017ejega slu\u017eabnika (21. &#8211; 29. september), od 1. do 9. v mesecu (v spomin na njegove najpomembnej\u0161e trenutke \u017eivljenja: krst, zaobljube, prihod v misijone, Mala Terezika), pred misijonsko nedeljo ali pred nedeljo duhovnih poklicev in ob drugih prilo\u017enostih.<span class=\"slv-content-keywords\"> Biseri Knjige Biseri 4 <\/span><\/p>","protected":false},"excerpt":{"rendered":"<p>\u010cetrta knji\u017eica v zbirki Biseri vsebuje pet devetdnevnic &#8211; k Svetemu Duhu, Mariji Pomo\u010dnici, sv. Janezu Bosku, sv. Dominiku Saviu in Andreju Majcnu.<\/p>","protected":false},"featured_media":4803,"template":"","meta":{"_acf_changed":false,"footnotes":""},"product_cat":[141],"product_tag":[],"class_list":{"0":"post-4801","1":"product","2":"type-product","3":"status-publish","4":"has-post-thumbnail","6":"zbirke-biseri","7":"publisher-salve-d-o-o-ljubljana","8":"product_cat-knjige","10":"first","11":"instock","12":"shipping-taxable","13":"purchasable","14":"product-type-simple"},"acf":[],"yoast_head":"<!-- This site is optimized with the Yoast SEO plugin v23.8 - https:\/\/yoast.com\/wordpress\/plugins\/seo\/ -->\n<title>DEVETDNEVNICE - Salve<\/title>\n<meta name=\"robots\" content=\"index, follow, max-snippet:-1, max-image-preview:large, max-video-preview:-1\" \/>\n<link rel=\"canonical\" href=\"https:\/\/www.salve.si\/en\/trgovina\/knjige\/devetdnevnice\/\" \/>\n<meta property=\"og:locale\" content=\"en_US\" \/>\n<meta property=\"og:type\" content=\"article\" \/>\n<meta property=\"og:title\" content=\"DEVETDNEVNICE - Salve\" \/>\n<meta property=\"og:description\" content=\"\u010cetrta knji\u017eica v zbirki Biseri vsebuje pet devetdnevnic - k Svetemu Duhu, Mariji Pomo\u010dnici, sv. Janezu Bosku, sv. Dominiku Saviu in Andreju Majcnu.\" \/>\n<meta property=\"og:url\" content=\"https:\/\/www.salve.si\/en\/trgovina\/knjige\/devetdnevnice\/\" \/>\n<meta property=\"og:site_name\" content=\"Salve\" \/>\n<meta property=\"article:publisher\" content=\"https:\/\/www.facebook.com\/salve.si\" \/>\n<meta property=\"article:modified_time\" content=\"2022-12-06T14:21:29+00:00\" \/>\n<meta property=\"og:image\" content=\"https:\/\/www.salve.si\/wp-content\/uploads\/2018\/10\/Devetdnevnice-naslovnica.jpg\" \/>\n\t<meta property=\"og:image:width\" content=\"1140\" \/>\n\t<meta property=\"og:image:height\" content=\"2074\" \/>\n\t<meta property=\"og:image:type\" content=\"image\/jpeg\" \/>\n<meta name=\"twitter:card\" content=\"summary_large_image\" \/>\n<meta name=\"twitter:label1\" content=\"Est. reading time\" \/>\n\t<meta name=\"twitter:data1\" content=\"1 minute\" \/>\n<script type=\"application\/ld+json\" class=\"yoast-schema-graph\">{\"@context\":\"https:\/\/schema.org\",\"@graph\":[{\"@type\":\"WebPage\",\"@id\":\"https:\/\/www.salve.si\/trgovina\/knjige\/devetdnevnice\/\",\"url\":\"https:\/\/www.salve.si\/trgovina\/knjige\/devetdnevnice\/\",\"name\":\"DEVETDNEVNICE - Salve\",\"isPartOf\":{\"@id\":\"https:\/\/www.salve.si\/#website\"},\"primaryImageOfPage\":{\"@id\":\"https:\/\/www.salve.si\/trgovina\/knjige\/devetdnevnice\/#primaryimage\"},\"image\":{\"@id\":\"https:\/\/www.salve.si\/trgovina\/knjige\/devetdnevnice\/#primaryimage\"},\"thumbnailUrl\":\"https:\/\/www.salve.si\/wp-content\/uploads\/2018\/10\/Devetdnevnice-naslovnica.jpg\",\"datePublished\":\"2018-10-03T12:13:22+00:00\",\"dateModified\":\"2022-12-06T14:21:29+00:00\",\"breadcrumb\":{\"@id\":\"https:\/\/www.salve.si\/trgovina\/knjige\/devetdnevnice\/#breadcrumb\"},\"inLanguage\":\"en-US\",\"potentialAction\":[{\"@type\":\"ReadAction\",\"target\":[\"https:\/\/www.salve.si\/trgovina\/knjige\/devetdnevnice\/\"]}]},{\"@type\":\"ImageObject\",\"inLanguage\":\"en-US\",\"@id\":\"https:\/\/www.salve.si\/trgovina\/knjige\/devetdnevnice\/#primaryimage\",\"url\":\"https:\/\/www.salve.si\/wp-content\/uploads\/2018\/10\/Devetdnevnice-naslovnica.jpg\",\"contentUrl\":\"https:\/\/www.salve.si\/wp-content\/uploads\/2018\/10\/Devetdnevnice-naslovnica.jpg\",\"width\":1140,\"height\":2074},{\"@type\":\"BreadcrumbList\",\"@id\":\"https:\/\/www.salve.si\/trgovina\/knjige\/devetdnevnice\/#breadcrumb\",\"itemListElement\":[{\"@type\":\"ListItem\",\"position\":1,\"name\":\"Home\",\"item\":\"https:\/\/www.salve.si\/\"},{\"@type\":\"ListItem\",\"position\":2,\"name\":\"Trgovina\",\"item\":\"https:\/\/www.salve.si\/trgovina\/\"},{\"@type\":\"ListItem\",\"position\":3,\"name\":\"DEVETDNEVNICE\"}]},{\"@type\":\"WebSite\",\"@id\":\"https:\/\/www.salve.si\/#website\",\"url\":\"https:\/\/www.salve.si\/\",\"name\":\"Salve\",\"description\":\"Salezijanska zalo\u017eba\",\"publisher\":{\"@id\":\"https:\/\/www.salve.si\/#organization\"},\"potentialAction\":[{\"@type\":\"SearchAction\",\"target\":{\"@type\":\"EntryPoint\",\"urlTemplate\":\"https:\/\/www.salve.si\/?s={search_term_string}\"},\"query-input\":{\"@type\":\"PropertyValueSpecification\",\"valueRequired\":true,\"valueName\":\"search_term_string\"}}],\"inLanguage\":\"en-US\"},{\"@type\":\"Organization\",\"@id\":\"https:\/\/www.salve.si\/#organization\",\"name\":\"Salve d.o.o.\",\"url\":\"https:\/\/www.salve.si\/\",\"logo\":{\"@type\":\"ImageObject\",\"inLanguage\":\"en-US\",\"@id\":\"https:\/\/www.salve.si\/#\/schema\/logo\/image\/\",\"url\":\"https:\/\/www.salve.si\/wp-content\/uploads\/2021\/01\/Salve_logo_modri_nov_web.png\",\"contentUrl\":\"https:\/\/www.salve.si\/wp-content\/uploads\/2021\/01\/Salve_logo_modri_nov_web.png\",\"width\":279,\"height\":90,\"caption\":\"Salve d.o.o.\"},\"image\":{\"@id\":\"https:\/\/www.salve.si\/#\/schema\/logo\/image\/\"},\"sameAs\":[\"https:\/\/www.facebook.com\/salve.si\",\"https:\/\/www.instagram.com\/zalozbasalve\/\",\"https:\/\/www.linkedin.com\/company\/zalozba-salve\/\"]}]}<\/script>\n<!-- \/ Yoast SEO plugin. -->","yoast_head_json":{"title":"DEVETDNEVNICE - Salve","robots":{"index":"index","follow":"follow","max-snippet":"max-snippet:-1","max-image-preview":"max-image-preview:large","max-video-preview":"max-video-preview:-1"},"canonical":"https:\/\/www.salve.si\/en\/trgovina\/knjige\/devetdnevnice\/","og_locale":"en_US","og_type":"article","og_title":"DEVETDNEVNICE - Salve","og_description":"\u010cetrta knji\u017eica v zbirki Biseri vsebuje pet devetdnevnic - k Svetemu Duhu, Mariji Pomo\u010dnici, sv. Janezu Bosku, sv. Dominiku Saviu in Andreju Majcnu.","og_url":"https:\/\/www.salve.si\/en\/trgovina\/knjige\/devetdnevnice\/","og_site_name":"Salve","article_publisher":"https:\/\/www.facebook.com\/salve.si","article_modified_time":"2022-12-06T14:21:29+00:00","og_image":[{"width":1140,"height":2074,"url":"https:\/\/www.salve.si\/wp-content\/uploads\/2018\/10\/Devetdnevnice-naslovnica.jpg","type":"image\/jpeg"}],"twitter_card":"summary_large_image","twitter_misc":{"Est. reading time":"1 minute"},"schema":{"@context":"https:\/\/schema.org","@graph":[{"@type":"WebPage","@id":"https:\/\/www.salve.si\/trgovina\/knjige\/devetdnevnice\/","url":"https:\/\/www.salve.si\/trgovina\/knjige\/devetdnevnice\/","name":"DEVETDNEVNICE - Salve","isPartOf":{"@id":"https:\/\/www.salve.si\/#website"},"primaryImageOfPage":{"@id":"https:\/\/www.salve.si\/trgovina\/knjige\/devetdnevnice\/#primaryimage"},"image":{"@id":"https:\/\/www.salve.si\/trgovina\/knjige\/devetdnevnice\/#primaryimage"},"thumbnailUrl":"https:\/\/www.salve.si\/wp-content\/uploads\/2018\/10\/Devetdnevnice-naslovnica.jpg","datePublished":"2018-10-03T12:13:22+00:00","dateModified":"2022-12-06T14:21:29+00:00","breadcrumb":{"@id":"https:\/\/www.salve.si\/trgovina\/knjige\/devetdnevnice\/#breadcrumb"},"inLanguage":"en-US","potentialAction":[{"@type":"ReadAction","target":["https:\/\/www.salve.si\/trgovina\/knjige\/devetdnevnice\/"]}]},{"@type":"ImageObject","inLanguage":"en-US","@id":"https:\/\/www.salve.si\/trgovina\/knjige\/devetdnevnice\/#primaryimage","url":"https:\/\/www.salve.si\/wp-content\/uploads\/2018\/10\/Devetdnevnice-naslovnica.jpg","contentUrl":"https:\/\/www.salve.si\/wp-content\/uploads\/2018\/10\/Devetdnevnice-naslovnica.jpg","width":1140,"height":2074},{"@type":"BreadcrumbList","@id":"https:\/\/www.salve.si\/trgovina\/knjige\/devetdnevnice\/#breadcrumb","itemListElement":[{"@type":"ListItem","position":1,"name":"Home","item":"https:\/\/www.salve.si\/"},{"@type":"ListItem","position":2,"name":"Trgovina","item":"https:\/\/www.salve.si\/trgovina\/"},{"@type":"ListItem","position":3,"name":"DEVETDNEVNICE"}]},{"@type":"WebSite","@id":"https:\/\/www.salve.si\/#website","url":"https:\/\/www.salve.si\/","name":"Salve","description":"Salezijanska zalo\u017eba","publisher":{"@id":"https:\/\/www.salve.si\/#organization"},"potentialAction":[{"@type":"SearchAction","target":{"@type":"EntryPoint","urlTemplate":"https:\/\/www.salve.si\/?s={search_term_string}"},"query-input":{"@type":"PropertyValueSpecification","valueRequired":true,"valueName":"search_term_string"}}],"inLanguage":"en-US"},{"@type":"Organization","@id":"https:\/\/www.salve.si\/#organization","name":"Salve d.o.o.","url":"https:\/\/www.salve.si\/","logo":{"@type":"ImageObject","inLanguage":"en-US","@id":"https:\/\/www.salve.si\/#\/schema\/logo\/image\/","url":"https:\/\/www.salve.si\/wp-content\/uploads\/2021\/01\/Salve_logo_modri_nov_web.png","contentUrl":"https:\/\/www.salve.si\/wp-content\/uploads\/2021\/01\/Salve_logo_modri_nov_web.png","width":279,"height":90,"caption":"Salve d.o.o."},"image":{"@id":"https:\/\/www.salve.si\/#\/schema\/logo\/image\/"},"sameAs":["https:\/\/www.facebook.com\/salve.si","https:\/\/www.instagram.com\/zalozbasalve\/","https:\/\/www.linkedin.com\/company\/zalozba-salve\/"]}]}},"_links":{"self":[{"href":"https:\/\/www.salve.si\/en\/wp-json\/wp\/v2\/product\/4801","targetHints":{"allow":["GET"]}}],"collection":[{"href":"https:\/\/www.salve.si\/en\/wp-json\/wp\/v2\/product"}],"about":[{"href":"https:\/\/www.salve.si\/en\/wp-json\/wp\/v2\/types\/product"}],"version-history":[{"count":1,"href":"https:\/\/www.salve.si\/en\/wp-json\/wp\/v2\/product\/4801\/revisions"}],"predecessor-version":[{"id":16622,"href":"https:\/\/www.salve.si\/en\/wp-json\/wp\/v2\/product\/4801\/revisions\/16622"}],"wp:featuredmedia":[{"embeddable":true,"href":"https:\/\/www.salve.si\/en\/wp-json\/wp\/v2\/media\/4803"}],"wp:attachment":[{"href":"https:\/\/www.salve.si\/en\/wp-json\/wp\/v2\/media?parent=4801"}],"wp:term":[{"taxonomy":"product_cat","embeddable":true,"href":"https:\/\/www.salve.si\/en\/wp-json\/wp\/v2\/product_cat?post=4801"},{"taxonomy":"product_tag","embeddable":true,"href":"https:\/\/www.salve.si\/en\/wp-json\/wp\/v2\/product_tag?post=4801"}],"curies":[{"name":"wp","href":"https:\/\/api.w.org\/{rel}","templated":true}]}}