{"id":4783,"date":"2018-10-03T11:59:33","date_gmt":"2018-10-03T09:59:33","guid":{"rendered":"https:\/\/www.salve.si\/?post_type=product&#038;p=4783"},"modified":"2018-10-03T12:00:33","modified_gmt":"2018-10-03T10:00:33","slug":"sveta-spoved-zgibanka","status":"publish","type":"product","link":"https:\/\/www.salve.si\/en\/trgovina\/knjige\/zgibanke\/sveta-spoved-zgibanka\/","title":{"rendered":"SVETA SPOVED &#8211; MOJA SPRAVA Z BOGOM IN S CERKVIJO (zgibanka)"},"content":{"rendered":"<p>Po zakramentu sprave ali spovedi se spravimo z Bogom, s katerim smo zaradi svojega greha prekinili odnos ter lahko za\u017eivimo svoje \u017eivljenje znova. Spravimo se tudi s Cerkvijo, od katere nas je greh oddaljil ali celo izklju\u010dil.<span class=\"slv-content-keywords\"> Knjige Zgibanke Moja sprava z Bogom in s Cerkvijo <\/span><\/p>","protected":false},"excerpt":{"rendered":"<p>Zgibanka slu\u017ei kot pripomo\u010dek vernikom pri pripravi na sv. spoved.<\/p>","protected":false},"featured_media":4785,"template":"","meta":{"_acf_changed":false,"footnotes":""},"product_cat":[141,668],"product_tag":[],"class_list":{"0":"post-4783","1":"product","2":"type-product","3":"status-publish","4":"has-post-thumbnail","6":"publisher-salve-d-o-o-ljubljana","7":"product_cat-knjige","8":"product_cat-zgibanke","10":"first","11":"instock","12":"shipping-taxable","13":"purchasable","14":"product-type-simple"},"acf":[],"yoast_head":"<!-- This site is optimized with the Yoast SEO plugin v23.8 - https:\/\/yoast.com\/wordpress\/plugins\/seo\/ -->\n<title>SVETA SPOVED - MOJA SPRAVA Z BOGOM IN S CERKVIJO (zgibanka) - Salve<\/title>\n<meta name=\"robots\" content=\"index, follow, max-snippet:-1, max-image-preview:large, max-video-preview:-1\" \/>\n<link rel=\"canonical\" href=\"https:\/\/www.salve.si\/en\/trgovina\/knjige\/zgibanke\/sveta-spoved-zgibanka\/\" \/>\n<meta property=\"og:locale\" content=\"en_US\" \/>\n<meta property=\"og:type\" content=\"article\" \/>\n<meta property=\"og:title\" content=\"SVETA SPOVED - MOJA SPRAVA Z BOGOM IN S CERKVIJO (zgibanka) - Salve\" \/>\n<meta property=\"og:description\" content=\"Zgibanka slu\u017ei kot pripomo\u010dek vernikom pri pripravi na sv. spoved.\" \/>\n<meta property=\"og:url\" content=\"https:\/\/www.salve.si\/en\/trgovina\/knjige\/zgibanke\/sveta-spoved-zgibanka\/\" \/>\n<meta property=\"og:site_name\" content=\"Salve\" \/>\n<meta property=\"article:publisher\" content=\"https:\/\/www.facebook.com\/salve.si\" \/>\n<meta property=\"article:modified_time\" content=\"2018-10-03T10:00:33+00:00\" \/>\n<meta property=\"og:image\" content=\"https:\/\/www.salve.si\/wp-content\/uploads\/2018\/10\/Sveta-spoved-Moja-sprava-z-Bogom-naslovnica_Page_1.jpg\" \/>\n\t<meta property=\"og:image:width\" content=\"1235\" \/>\n\t<meta property=\"og:image:height\" content=\"2645\" \/>\n\t<meta property=\"og:image:type\" content=\"image\/jpeg\" \/>\n<meta name=\"twitter:card\" content=\"summary_large_image\" \/>\n<script type=\"application\/ld+json\" class=\"yoast-schema-graph\">{\"@context\":\"https:\/\/schema.org\",\"@graph\":[{\"@type\":\"WebPage\",\"@id\":\"https:\/\/www.salve.si\/trgovina\/knjige\/zgibanke\/sveta-spoved-zgibanka\/\",\"url\":\"https:\/\/www.salve.si\/trgovina\/knjige\/zgibanke\/sveta-spoved-zgibanka\/\",\"name\":\"SVETA SPOVED - MOJA SPRAVA Z BOGOM IN S CERKVIJO (zgibanka) - Salve\",\"isPartOf\":{\"@id\":\"https:\/\/www.salve.si\/#website\"},\"primaryImageOfPage\":{\"@id\":\"https:\/\/www.salve.si\/trgovina\/knjige\/zgibanke\/sveta-spoved-zgibanka\/#primaryimage\"},\"image\":{\"@id\":\"https:\/\/www.salve.si\/trgovina\/knjige\/zgibanke\/sveta-spoved-zgibanka\/#primaryimage\"},\"thumbnailUrl\":\"https:\/\/www.salve.si\/wp-content\/uploads\/2018\/10\/Sveta-spoved-Moja-sprava-z-Bogom-naslovnica_Page_1.jpg\",\"datePublished\":\"2018-10-03T09:59:33+00:00\",\"dateModified\":\"2018-10-03T10:00:33+00:00\",\"breadcrumb\":{\"@id\":\"https:\/\/www.salve.si\/trgovina\/knjige\/zgibanke\/sveta-spoved-zgibanka\/#breadcrumb\"},\"inLanguage\":\"en-US\",\"potentialAction\":[{\"@type\":\"ReadAction\",\"target\":[\"https:\/\/www.salve.si\/trgovina\/knjige\/zgibanke\/sveta-spoved-zgibanka\/\"]}]},{\"@type\":\"ImageObject\",\"inLanguage\":\"en-US\",\"@id\":\"https:\/\/www.salve.si\/trgovina\/knjige\/zgibanke\/sveta-spoved-zgibanka\/#primaryimage\",\"url\":\"https:\/\/www.salve.si\/wp-content\/uploads\/2018\/10\/Sveta-spoved-Moja-sprava-z-Bogom-naslovnica_Page_1.jpg\",\"contentUrl\":\"https:\/\/www.salve.si\/wp-content\/uploads\/2018\/10\/Sveta-spoved-Moja-sprava-z-Bogom-naslovnica_Page_1.jpg\",\"width\":1235,\"height\":2645},{\"@type\":\"BreadcrumbList\",\"@id\":\"https:\/\/www.salve.si\/trgovina\/knjige\/zgibanke\/sveta-spoved-zgibanka\/#breadcrumb\",\"itemListElement\":[{\"@type\":\"ListItem\",\"position\":1,\"name\":\"Home\",\"item\":\"https:\/\/www.salve.si\/\"},{\"@type\":\"ListItem\",\"position\":2,\"name\":\"Trgovina\",\"item\":\"https:\/\/www.salve.si\/trgovina\/\"},{\"@type\":\"ListItem\",\"position\":3,\"name\":\"SVETA SPOVED &#8211; MOJA SPRAVA Z BOGOM IN S CERKVIJO (zgibanka)\"}]},{\"@type\":\"WebSite\",\"@id\":\"https:\/\/www.salve.si\/#website\",\"url\":\"https:\/\/www.salve.si\/\",\"name\":\"Salve\",\"description\":\"Salezijanska zalo\u017eba\",\"publisher\":{\"@id\":\"https:\/\/www.salve.si\/#organization\"},\"potentialAction\":[{\"@type\":\"SearchAction\",\"target\":{\"@type\":\"EntryPoint\",\"urlTemplate\":\"https:\/\/www.salve.si\/?s={search_term_string}\"},\"query-input\":{\"@type\":\"PropertyValueSpecification\",\"valueRequired\":true,\"valueName\":\"search_term_string\"}}],\"inLanguage\":\"en-US\"},{\"@type\":\"Organization\",\"@id\":\"https:\/\/www.salve.si\/#organization\",\"name\":\"Salve d.o.o.\",\"url\":\"https:\/\/www.salve.si\/\",\"logo\":{\"@type\":\"ImageObject\",\"inLanguage\":\"en-US\",\"@id\":\"https:\/\/www.salve.si\/#\/schema\/logo\/image\/\",\"url\":\"https:\/\/www.salve.si\/wp-content\/uploads\/2021\/01\/Salve_logo_modri_nov_web.png\",\"contentUrl\":\"https:\/\/www.salve.si\/wp-content\/uploads\/2021\/01\/Salve_logo_modri_nov_web.png\",\"width\":279,\"height\":90,\"caption\":\"Salve d.o.o.\"},\"image\":{\"@id\":\"https:\/\/www.salve.si\/#\/schema\/logo\/image\/\"},\"sameAs\":[\"https:\/\/www.facebook.com\/salve.si\",\"https:\/\/www.instagram.com\/zalozbasalve\/\",\"https:\/\/www.linkedin.com\/company\/zalozba-salve\/\"]}]}<\/script>\n<!-- \/ Yoast SEO plugin. -->","yoast_head_json":{"title":"SVETA SPOVED - MOJA SPRAVA Z BOGOM IN S CERKVIJO (zgibanka) - Salve","robots":{"index":"index","follow":"follow","max-snippet":"max-snippet:-1","max-image-preview":"max-image-preview:large","max-video-preview":"max-video-preview:-1"},"canonical":"https:\/\/www.salve.si\/en\/trgovina\/knjige\/zgibanke\/sveta-spoved-zgibanka\/","og_locale":"en_US","og_type":"article","og_title":"SVETA SPOVED - MOJA SPRAVA Z BOGOM IN S CERKVIJO (zgibanka) - Salve","og_description":"Zgibanka slu\u017ei kot pripomo\u010dek vernikom pri pripravi na sv. spoved.","og_url":"https:\/\/www.salve.si\/en\/trgovina\/knjige\/zgibanke\/sveta-spoved-zgibanka\/","og_site_name":"Salve","article_publisher":"https:\/\/www.facebook.com\/salve.si","article_modified_time":"2018-10-03T10:00:33+00:00","og_image":[{"width":1235,"height":2645,"url":"https:\/\/www.salve.si\/wp-content\/uploads\/2018\/10\/Sveta-spoved-Moja-sprava-z-Bogom-naslovnica_Page_1.jpg","type":"image\/jpeg"}],"twitter_card":"summary_large_image","schema":{"@context":"https:\/\/schema.org","@graph":[{"@type":"WebPage","@id":"https:\/\/www.salve.si\/trgovina\/knjige\/zgibanke\/sveta-spoved-zgibanka\/","url":"https:\/\/www.salve.si\/trgovina\/knjige\/zgibanke\/sveta-spoved-zgibanka\/","name":"SVETA SPOVED - MOJA SPRAVA Z BOGOM IN S CERKVIJO (zgibanka) - Salve","isPartOf":{"@id":"https:\/\/www.salve.si\/#website"},"primaryImageOfPage":{"@id":"https:\/\/www.salve.si\/trgovina\/knjige\/zgibanke\/sveta-spoved-zgibanka\/#primaryimage"},"image":{"@id":"https:\/\/www.salve.si\/trgovina\/knjige\/zgibanke\/sveta-spoved-zgibanka\/#primaryimage"},"thumbnailUrl":"https:\/\/www.salve.si\/wp-content\/uploads\/2018\/10\/Sveta-spoved-Moja-sprava-z-Bogom-naslovnica_Page_1.jpg","datePublished":"2018-10-03T09:59:33+00:00","dateModified":"2018-10-03T10:00:33+00:00","breadcrumb":{"@id":"https:\/\/www.salve.si\/trgovina\/knjige\/zgibanke\/sveta-spoved-zgibanka\/#breadcrumb"},"inLanguage":"en-US","potentialAction":[{"@type":"ReadAction","target":["https:\/\/www.salve.si\/trgovina\/knjige\/zgibanke\/sveta-spoved-zgibanka\/"]}]},{"@type":"ImageObject","inLanguage":"en-US","@id":"https:\/\/www.salve.si\/trgovina\/knjige\/zgibanke\/sveta-spoved-zgibanka\/#primaryimage","url":"https:\/\/www.salve.si\/wp-content\/uploads\/2018\/10\/Sveta-spoved-Moja-sprava-z-Bogom-naslovnica_Page_1.jpg","contentUrl":"https:\/\/www.salve.si\/wp-content\/uploads\/2018\/10\/Sveta-spoved-Moja-sprava-z-Bogom-naslovnica_Page_1.jpg","width":1235,"height":2645},{"@type":"BreadcrumbList","@id":"https:\/\/www.salve.si\/trgovina\/knjige\/zgibanke\/sveta-spoved-zgibanka\/#breadcrumb","itemListElement":[{"@type":"ListItem","position":1,"name":"Home","item":"https:\/\/www.salve.si\/"},{"@type":"ListItem","position":2,"name":"Trgovina","item":"https:\/\/www.salve.si\/trgovina\/"},{"@type":"ListItem","position":3,"name":"SVETA SPOVED &#8211; MOJA SPRAVA Z BOGOM IN S CERKVIJO (zgibanka)"}]},{"@type":"WebSite","@id":"https:\/\/www.salve.si\/#website","url":"https:\/\/www.salve.si\/","name":"Salve","description":"Salezijanska zalo\u017eba","publisher":{"@id":"https:\/\/www.salve.si\/#organization"},"potentialAction":[{"@type":"SearchAction","target":{"@type":"EntryPoint","urlTemplate":"https:\/\/www.salve.si\/?s={search_term_string}"},"query-input":{"@type":"PropertyValueSpecification","valueRequired":true,"valueName":"search_term_string"}}],"inLanguage":"en-US"},{"@type":"Organization","@id":"https:\/\/www.salve.si\/#organization","name":"Salve d.o.o.","url":"https:\/\/www.salve.si\/","logo":{"@type":"ImageObject","inLanguage":"en-US","@id":"https:\/\/www.salve.si\/#\/schema\/logo\/image\/","url":"https:\/\/www.salve.si\/wp-content\/uploads\/2021\/01\/Salve_logo_modri_nov_web.png","contentUrl":"https:\/\/www.salve.si\/wp-content\/uploads\/2021\/01\/Salve_logo_modri_nov_web.png","width":279,"height":90,"caption":"Salve d.o.o."},"image":{"@id":"https:\/\/www.salve.si\/#\/schema\/logo\/image\/"},"sameAs":["https:\/\/www.facebook.com\/salve.si","https:\/\/www.instagram.com\/zalozbasalve\/","https:\/\/www.linkedin.com\/company\/zalozba-salve\/"]}]}},"_links":{"self":[{"href":"https:\/\/www.salve.si\/en\/wp-json\/wp\/v2\/product\/4783","targetHints":{"allow":["GET"]}}],"collection":[{"href":"https:\/\/www.salve.si\/en\/wp-json\/wp\/v2\/product"}],"about":[{"href":"https:\/\/www.salve.si\/en\/wp-json\/wp\/v2\/types\/product"}],"version-history":[{"count":0,"href":"https:\/\/www.salve.si\/en\/wp-json\/wp\/v2\/product\/4783\/revisions"}],"wp:featuredmedia":[{"embeddable":true,"href":"https:\/\/www.salve.si\/en\/wp-json\/wp\/v2\/media\/4785"}],"wp:attachment":[{"href":"https:\/\/www.salve.si\/en\/wp-json\/wp\/v2\/media?parent=4783"}],"wp:term":[{"taxonomy":"product_cat","embeddable":true,"href":"https:\/\/www.salve.si\/en\/wp-json\/wp\/v2\/product_cat?post=4783"},{"taxonomy":"product_tag","embeddable":true,"href":"https:\/\/www.salve.si\/en\/wp-json\/wp\/v2\/product_tag?post=4783"}],"curies":[{"name":"wp","href":"https:\/\/api.w.org\/{rel}","templated":true}]}}