{"id":4701,"date":"2018-09-20T15:33:34","date_gmt":"2018-09-20T13:33:34","guid":{"rendered":"https:\/\/www.salve.si\/?post_type=product&#038;p=4701"},"modified":"2019-09-25T11:57:57","modified_gmt":"2019-09-25T09:57:57","slug":"se-naprej-vsak-dan-molite-rozni-venec-ii","status":"publish","type":"product","link":"https:\/\/www.salve.si\/en\/trgovina\/knjige\/teologija-in-duhovnost\/se-naprej-vsak-dan-molite-rozni-venec-ii\/","title":{"rendered":"\u0160e naprej vsak dan molite ro\u017eni venec II"},"content":{"rendered":"<p>Ko je v nedeljo 26. avgusta 2018 pape\u017e Fran\u010di\u0161ek ob svetovnem sre\u010danju dru\u017ein na Irskem obiskal glavno Marijino sveti\u0161\u010de Knock, je podaril zlat ro\u017eni venec in glede molitve ro\u017enega venca po dru\u017einah dejal: &#8220;V spomin na moj obisk sem prinesel kot dar ro\u017eni venec. Vem, kako pomembno je v tej de\u017eeli izro\u010dilo dru\u017einskega ro\u017enega venca. Spodbujam vas, da nadaljujete to izro\u010dilo. Koliko src o\u010detov, mater in otrok je skozi leta zajemalo tola\u017ebo in mo\u010d v premi\u0161ljevanju Marijine udele\u017ebe pri veselih, svetlih, \u017ealostnih in \u010dastitljivih skrivnostih Kristusovega \u017eivljenja!&#8221;<span class=\"slv-content-keywords\"> Sto let Fatime Anton Nadrah Teologija in duhovnost Sto let Fatime \u0161t. 9 <\/span><\/p>","protected":false},"excerpt":{"rendered":"<p>Deveta knji\u017eica v zbirki Sto let Fatime, ki nam v obliki pogovorov in s \u0161tevilnimi zgledi, ki so vzeti iz doma\u010dih in tujih virov, posku\u0161a pribli\u017eati molitev ro\u017enega venca.<\/p>","protected":false},"featured_media":4715,"template":"","meta":{"_acf_changed":false,"footnotes":""},"product_cat":[314],"product_tag":[],"class_list":{"0":"post-4701","1":"product","2":"type-product","3":"status-publish","4":"has-post-thumbnail","6":"zbirke-sto-let-fatime","7":"authors-anton-nadrah","8":"publisher-salve-d-o-o-ljubljana","9":"product_cat-teologija-in-duhovnost","11":"first","12":"outofstock","13":"shipping-taxable","14":"purchasable","15":"product-type-simple"},"acf":[],"yoast_head":"<!-- This site is optimized with the Yoast SEO plugin v23.8 - https:\/\/yoast.com\/wordpress\/plugins\/seo\/ -->\n<title>\u0160e naprej vsak dan molite ro\u017eni venec II - Salve<\/title>\n<meta name=\"robots\" content=\"index, follow, max-snippet:-1, max-image-preview:large, max-video-preview:-1\" \/>\n<link rel=\"canonical\" href=\"https:\/\/www.salve.si\/en\/trgovina\/knjige\/teologija-in-duhovnost\/se-naprej-vsak-dan-molite-rozni-venec-ii\/\" \/>\n<meta property=\"og:locale\" content=\"en_US\" \/>\n<meta property=\"og:type\" content=\"article\" \/>\n<meta property=\"og:title\" content=\"\u0160e naprej vsak dan molite ro\u017eni venec II - Salve\" \/>\n<meta property=\"og:description\" content=\"Deveta knji\u017eica v zbirki Sto let Fatime, ki nam v obliki pogovorov in s \u0161tevilnimi zgledi, ki so vzeti iz doma\u010dih in tujih virov, posku\u0161a pribli\u017eati molitev ro\u017enega venca.\" \/>\n<meta property=\"og:url\" content=\"https:\/\/www.salve.si\/en\/trgovina\/knjige\/teologija-in-duhovnost\/se-naprej-vsak-dan-molite-rozni-venec-ii\/\" \/>\n<meta property=\"og:site_name\" content=\"Salve\" \/>\n<meta property=\"article:publisher\" content=\"https:\/\/www.facebook.com\/salve.si\" \/>\n<meta property=\"article:modified_time\" content=\"2019-09-25T09:57:57+00:00\" \/>\n<meta property=\"og:image\" content=\"https:\/\/www.salve.si\/wp-content\/uploads\/2018\/09\/\u0160e-naprej-vsak-dan-molite-ro\u017eni-venec-II-naslovnica.jpg\" \/>\n\t<meta property=\"og:image:width\" content=\"1311\" \/>\n\t<meta property=\"og:image:height\" content=\"1905\" \/>\n\t<meta property=\"og:image:type\" content=\"image\/jpeg\" \/>\n<meta name=\"twitter:card\" content=\"summary_large_image\" \/>\n<meta name=\"twitter:label1\" content=\"Est. reading time\" \/>\n\t<meta name=\"twitter:data1\" content=\"1 minute\" \/>\n<script type=\"application\/ld+json\" class=\"yoast-schema-graph\">{\"@context\":\"https:\/\/schema.org\",\"@graph\":[{\"@type\":\"WebPage\",\"@id\":\"https:\/\/www.salve.si\/trgovina\/knjige\/teologija-in-duhovnost\/se-naprej-vsak-dan-molite-rozni-venec-ii\/\",\"url\":\"https:\/\/www.salve.si\/trgovina\/knjige\/teologija-in-duhovnost\/se-naprej-vsak-dan-molite-rozni-venec-ii\/\",\"name\":\"\u0160e naprej vsak dan molite ro\u017eni venec II - Salve\",\"isPartOf\":{\"@id\":\"https:\/\/www.salve.si\/#website\"},\"primaryImageOfPage\":{\"@id\":\"https:\/\/www.salve.si\/trgovina\/knjige\/teologija-in-duhovnost\/se-naprej-vsak-dan-molite-rozni-venec-ii\/#primaryimage\"},\"image\":{\"@id\":\"https:\/\/www.salve.si\/trgovina\/knjige\/teologija-in-duhovnost\/se-naprej-vsak-dan-molite-rozni-venec-ii\/#primaryimage\"},\"thumbnailUrl\":\"https:\/\/www.salve.si\/wp-content\/uploads\/2018\/09\/\u0160e-naprej-vsak-dan-molite-ro\u017eni-venec-II-naslovnica.jpg\",\"datePublished\":\"2018-09-20T13:33:34+00:00\",\"dateModified\":\"2019-09-25T09:57:57+00:00\",\"breadcrumb\":{\"@id\":\"https:\/\/www.salve.si\/trgovina\/knjige\/teologija-in-duhovnost\/se-naprej-vsak-dan-molite-rozni-venec-ii\/#breadcrumb\"},\"inLanguage\":\"en-US\",\"potentialAction\":[{\"@type\":\"ReadAction\",\"target\":[\"https:\/\/www.salve.si\/trgovina\/knjige\/teologija-in-duhovnost\/se-naprej-vsak-dan-molite-rozni-venec-ii\/\"]}]},{\"@type\":\"ImageObject\",\"inLanguage\":\"en-US\",\"@id\":\"https:\/\/www.salve.si\/trgovina\/knjige\/teologija-in-duhovnost\/se-naprej-vsak-dan-molite-rozni-venec-ii\/#primaryimage\",\"url\":\"https:\/\/www.salve.si\/wp-content\/uploads\/2018\/09\/\u0160e-naprej-vsak-dan-molite-ro\u017eni-venec-II-naslovnica.jpg\",\"contentUrl\":\"https:\/\/www.salve.si\/wp-content\/uploads\/2018\/09\/\u0160e-naprej-vsak-dan-molite-ro\u017eni-venec-II-naslovnica.jpg\",\"width\":1311,\"height\":1905},{\"@type\":\"BreadcrumbList\",\"@id\":\"https:\/\/www.salve.si\/trgovina\/knjige\/teologija-in-duhovnost\/se-naprej-vsak-dan-molite-rozni-venec-ii\/#breadcrumb\",\"itemListElement\":[{\"@type\":\"ListItem\",\"position\":1,\"name\":\"Home\",\"item\":\"https:\/\/www.salve.si\/\"},{\"@type\":\"ListItem\",\"position\":2,\"name\":\"Trgovina\",\"item\":\"https:\/\/www.salve.si\/trgovina\/\"},{\"@type\":\"ListItem\",\"position\":3,\"name\":\"\u0160e naprej vsak dan molite ro\u017eni venec II\"}]},{\"@type\":\"WebSite\",\"@id\":\"https:\/\/www.salve.si\/#website\",\"url\":\"https:\/\/www.salve.si\/\",\"name\":\"Salve\",\"description\":\"Salezijanska zalo\u017eba\",\"publisher\":{\"@id\":\"https:\/\/www.salve.si\/#organization\"},\"potentialAction\":[{\"@type\":\"SearchAction\",\"target\":{\"@type\":\"EntryPoint\",\"urlTemplate\":\"https:\/\/www.salve.si\/?s={search_term_string}\"},\"query-input\":{\"@type\":\"PropertyValueSpecification\",\"valueRequired\":true,\"valueName\":\"search_term_string\"}}],\"inLanguage\":\"en-US\"},{\"@type\":\"Organization\",\"@id\":\"https:\/\/www.salve.si\/#organization\",\"name\":\"Salve d.o.o.\",\"url\":\"https:\/\/www.salve.si\/\",\"logo\":{\"@type\":\"ImageObject\",\"inLanguage\":\"en-US\",\"@id\":\"https:\/\/www.salve.si\/#\/schema\/logo\/image\/\",\"url\":\"https:\/\/www.salve.si\/wp-content\/uploads\/2021\/01\/Salve_logo_modri_nov_web.png\",\"contentUrl\":\"https:\/\/www.salve.si\/wp-content\/uploads\/2021\/01\/Salve_logo_modri_nov_web.png\",\"width\":279,\"height\":90,\"caption\":\"Salve d.o.o.\"},\"image\":{\"@id\":\"https:\/\/www.salve.si\/#\/schema\/logo\/image\/\"},\"sameAs\":[\"https:\/\/www.facebook.com\/salve.si\",\"https:\/\/www.instagram.com\/zalozbasalve\/\",\"https:\/\/www.linkedin.com\/company\/zalozba-salve\/\"]}]}<\/script>\n<!-- \/ Yoast SEO plugin. -->","yoast_head_json":{"title":"\u0160e naprej vsak dan molite ro\u017eni venec II - Salve","robots":{"index":"index","follow":"follow","max-snippet":"max-snippet:-1","max-image-preview":"max-image-preview:large","max-video-preview":"max-video-preview:-1"},"canonical":"https:\/\/www.salve.si\/en\/trgovina\/knjige\/teologija-in-duhovnost\/se-naprej-vsak-dan-molite-rozni-venec-ii\/","og_locale":"en_US","og_type":"article","og_title":"\u0160e naprej vsak dan molite ro\u017eni venec II - Salve","og_description":"Deveta knji\u017eica v zbirki Sto let Fatime, ki nam v obliki pogovorov in s \u0161tevilnimi zgledi, ki so vzeti iz doma\u010dih in tujih virov, posku\u0161a pribli\u017eati molitev ro\u017enega venca.","og_url":"https:\/\/www.salve.si\/en\/trgovina\/knjige\/teologija-in-duhovnost\/se-naprej-vsak-dan-molite-rozni-venec-ii\/","og_site_name":"Salve","article_publisher":"https:\/\/www.facebook.com\/salve.si","article_modified_time":"2019-09-25T09:57:57+00:00","og_image":[{"width":1311,"height":1905,"url":"https:\/\/www.salve.si\/wp-content\/uploads\/2018\/09\/\u0160e-naprej-vsak-dan-molite-ro\u017eni-venec-II-naslovnica.jpg","type":"image\/jpeg"}],"twitter_card":"summary_large_image","twitter_misc":{"Est. reading time":"1 minute"},"schema":{"@context":"https:\/\/schema.org","@graph":[{"@type":"WebPage","@id":"https:\/\/www.salve.si\/trgovina\/knjige\/teologija-in-duhovnost\/se-naprej-vsak-dan-molite-rozni-venec-ii\/","url":"https:\/\/www.salve.si\/trgovina\/knjige\/teologija-in-duhovnost\/se-naprej-vsak-dan-molite-rozni-venec-ii\/","name":"\u0160e naprej vsak dan molite ro\u017eni venec II - Salve","isPartOf":{"@id":"https:\/\/www.salve.si\/#website"},"primaryImageOfPage":{"@id":"https:\/\/www.salve.si\/trgovina\/knjige\/teologija-in-duhovnost\/se-naprej-vsak-dan-molite-rozni-venec-ii\/#primaryimage"},"image":{"@id":"https:\/\/www.salve.si\/trgovina\/knjige\/teologija-in-duhovnost\/se-naprej-vsak-dan-molite-rozni-venec-ii\/#primaryimage"},"thumbnailUrl":"https:\/\/www.salve.si\/wp-content\/uploads\/2018\/09\/\u0160e-naprej-vsak-dan-molite-ro\u017eni-venec-II-naslovnica.jpg","datePublished":"2018-09-20T13:33:34+00:00","dateModified":"2019-09-25T09:57:57+00:00","breadcrumb":{"@id":"https:\/\/www.salve.si\/trgovina\/knjige\/teologija-in-duhovnost\/se-naprej-vsak-dan-molite-rozni-venec-ii\/#breadcrumb"},"inLanguage":"en-US","potentialAction":[{"@type":"ReadAction","target":["https:\/\/www.salve.si\/trgovina\/knjige\/teologija-in-duhovnost\/se-naprej-vsak-dan-molite-rozni-venec-ii\/"]}]},{"@type":"ImageObject","inLanguage":"en-US","@id":"https:\/\/www.salve.si\/trgovina\/knjige\/teologija-in-duhovnost\/se-naprej-vsak-dan-molite-rozni-venec-ii\/#primaryimage","url":"https:\/\/www.salve.si\/wp-content\/uploads\/2018\/09\/\u0160e-naprej-vsak-dan-molite-ro\u017eni-venec-II-naslovnica.jpg","contentUrl":"https:\/\/www.salve.si\/wp-content\/uploads\/2018\/09\/\u0160e-naprej-vsak-dan-molite-ro\u017eni-venec-II-naslovnica.jpg","width":1311,"height":1905},{"@type":"BreadcrumbList","@id":"https:\/\/www.salve.si\/trgovina\/knjige\/teologija-in-duhovnost\/se-naprej-vsak-dan-molite-rozni-venec-ii\/#breadcrumb","itemListElement":[{"@type":"ListItem","position":1,"name":"Home","item":"https:\/\/www.salve.si\/"},{"@type":"ListItem","position":2,"name":"Trgovina","item":"https:\/\/www.salve.si\/trgovina\/"},{"@type":"ListItem","position":3,"name":"\u0160e naprej vsak dan molite ro\u017eni venec II"}]},{"@type":"WebSite","@id":"https:\/\/www.salve.si\/#website","url":"https:\/\/www.salve.si\/","name":"Salve","description":"Salezijanska zalo\u017eba","publisher":{"@id":"https:\/\/www.salve.si\/#organization"},"potentialAction":[{"@type":"SearchAction","target":{"@type":"EntryPoint","urlTemplate":"https:\/\/www.salve.si\/?s={search_term_string}"},"query-input":{"@type":"PropertyValueSpecification","valueRequired":true,"valueName":"search_term_string"}}],"inLanguage":"en-US"},{"@type":"Organization","@id":"https:\/\/www.salve.si\/#organization","name":"Salve d.o.o.","url":"https:\/\/www.salve.si\/","logo":{"@type":"ImageObject","inLanguage":"en-US","@id":"https:\/\/www.salve.si\/#\/schema\/logo\/image\/","url":"https:\/\/www.salve.si\/wp-content\/uploads\/2021\/01\/Salve_logo_modri_nov_web.png","contentUrl":"https:\/\/www.salve.si\/wp-content\/uploads\/2021\/01\/Salve_logo_modri_nov_web.png","width":279,"height":90,"caption":"Salve d.o.o."},"image":{"@id":"https:\/\/www.salve.si\/#\/schema\/logo\/image\/"},"sameAs":["https:\/\/www.facebook.com\/salve.si","https:\/\/www.instagram.com\/zalozbasalve\/","https:\/\/www.linkedin.com\/company\/zalozba-salve\/"]}]}},"_links":{"self":[{"href":"https:\/\/www.salve.si\/en\/wp-json\/wp\/v2\/product\/4701","targetHints":{"allow":["GET"]}}],"collection":[{"href":"https:\/\/www.salve.si\/en\/wp-json\/wp\/v2\/product"}],"about":[{"href":"https:\/\/www.salve.si\/en\/wp-json\/wp\/v2\/types\/product"}],"version-history":[{"count":1,"href":"https:\/\/www.salve.si\/en\/wp-json\/wp\/v2\/product\/4701\/revisions"}],"predecessor-version":[{"id":6483,"href":"https:\/\/www.salve.si\/en\/wp-json\/wp\/v2\/product\/4701\/revisions\/6483"}],"wp:featuredmedia":[{"embeddable":true,"href":"https:\/\/www.salve.si\/en\/wp-json\/wp\/v2\/media\/4715"}],"wp:attachment":[{"href":"https:\/\/www.salve.si\/en\/wp-json\/wp\/v2\/media?parent=4701"}],"wp:term":[{"taxonomy":"product_cat","embeddable":true,"href":"https:\/\/www.salve.si\/en\/wp-json\/wp\/v2\/product_cat?post=4701"},{"taxonomy":"product_tag","embeddable":true,"href":"https:\/\/www.salve.si\/en\/wp-json\/wp\/v2\/product_tag?post=4701"}],"curies":[{"name":"wp","href":"https:\/\/api.w.org\/{rel}","templated":true}]}}