{"id":4659,"date":"2018-09-10T12:32:05","date_gmt":"2018-09-10T10:32:05","guid":{"rendered":"https:\/\/www.salve.si\/?post_type=product&#038;p=4659"},"modified":"2022-11-21T09:08:12","modified_gmt":"2022-11-21T08:08:12","slug":"igra-spomin-vsota","status":"publish","type":"product","link":"https:\/\/www.salve.si\/en\/trgovina\/ostala-ponudba\/igra-spomin-vsota\/","title":{"rendered":"Igra spomin &#8211; vsota"},"content":{"rendered":"<p>Osemkotna \u0161katla in igralne plo\u0161\u010dice so izdelane iz lakirane in potiskane toplotno vezane plo\u0161\u010de debeline \u0161tiri milimetre. Deli so izrezani z ra\u010dunalni\u0161ko vodenim laserskim \u017earkom. Igra z navodili je zapakirana v odpadno embala\u017eo nekaterih \u017eivil. Na embala\u017eo je nalepljen nov ovitek.<\/p>\n<p>\u00bbIdeja je zorela skoraj eno leto. Zelo sem ponosen. Igro sem tudi za\u0161\u010ditil. Moja \u017eelja je, da bi v njej kdo prepoznal kaj ve\u010d, da bi idejo kupil in pripomo\u010dek za\u010del izdelovati ter prodajati\u00ab.<\/p>\n<p>Andrejevo doma\u010do spletno stran najdete <a href=\"https:\/\/amnimalima.wixsite.com\/drugacen\">tukaj<\/a>.<\/p>\n<p>Ve\u010d o Andreju, njegovi dru\u017eini in igri si lahko preberete <a href=\"http:\/\/www.gorenjskiglas.si\/article\/20171226\/C\/171229864\/1039\/zmoreta-tudi-s-cerebralno-paralizo\">tukaj<\/a>.<\/p>\n<p><span class=\"slv-content-keywords\"> Ostala ponudba Andrej Mrak Igre <\/span><\/p>","protected":false},"excerpt":{"rendered":"<div id=\"comp-jlc08xbe\" class=\"txtNew\">\n<p class=\"font_7\">Lesena namizna igra je primera\u00a0za\u00a0 otroke starej\u0161e od 4 -ih let. Namenjena je prdvsem otrokom\u00a0v prvih razredih osnovne \u0161ole, v igri pa bodo u\u017eivali tudi star\u0161i in starej\u0161i.<\/p>\n<p class=\"font_7\">Igra razvija tako motori\u010dne, kot tudi umske sposobnosti od spoznavanja barv, \u0161tevil do samega pomnenja in ra\u010dunanja do dvajset.<\/p>\n<\/div>","protected":false},"featured_media":15989,"template":"","meta":{"_acf_changed":false,"footnotes":""},"product_cat":[648],"product_tag":[],"class_list":{"0":"post-4659","1":"product","2":"type-product","3":"status-publish","4":"has-post-thumbnail","6":"zbirke-igre","7":"authors-andrej-mrak","8":"publisher-salve-d-o-o-ljubljana","9":"product_cat-ostala-ponudba","11":"first","12":"instock","13":"shipping-taxable","14":"purchasable","15":"product-type-simple"},"acf":[],"yoast_head":"<!-- This site is optimized with the Yoast SEO plugin v23.8 - https:\/\/yoast.com\/wordpress\/plugins\/seo\/ -->\n<title>Igra spomin - vsota - Salve<\/title>\n<meta name=\"robots\" content=\"index, follow, max-snippet:-1, max-image-preview:large, max-video-preview:-1\" \/>\n<link rel=\"canonical\" href=\"https:\/\/www.salve.si\/en\/trgovina\/ostala-ponudba\/igra-spomin-vsota\/\" \/>\n<meta property=\"og:locale\" content=\"en_US\" \/>\n<meta property=\"og:type\" content=\"article\" \/>\n<meta property=\"og:title\" content=\"Igra spomin - vsota - Salve\" \/>\n<meta property=\"og:description\" content=\"Lesena namizna igra je primera\u00a0za\u00a0 otroke starej\u0161e od 4 -ih let. Namenjena je prdvsem otrokom\u00a0v prvih razredih osnovne \u0161ole, v igri pa bodo u\u017eivali tudi star\u0161i in starej\u0161i. Igra razvija tako motori\u010dne, kot tudi umske sposobnosti od spoznavanja barv, \u0161tevil do samega pomnenja in ra\u010dunanja do dvajset.\" \/>\n<meta property=\"og:url\" content=\"https:\/\/www.salve.si\/en\/trgovina\/ostala-ponudba\/igra-spomin-vsota\/\" \/>\n<meta property=\"og:site_name\" content=\"Salve\" \/>\n<meta property=\"article:publisher\" content=\"https:\/\/www.facebook.com\/salve.si\" \/>\n<meta property=\"article:modified_time\" content=\"2022-11-21T08:08:12+00:00\" \/>\n<meta property=\"og:image\" content=\"https:\/\/www.salve.si\/wp-content\/uploads\/2018\/09\/Posnetek-zaslona-2022-09-05-142706.jpg\" \/>\n\t<meta property=\"og:image:width\" content=\"496\" \/>\n\t<meta property=\"og:image:height\" content=\"762\" \/>\n\t<meta property=\"og:image:type\" content=\"image\/jpeg\" \/>\n<meta name=\"twitter:card\" content=\"summary_large_image\" \/>\n<meta name=\"twitter:label1\" content=\"Est. reading time\" \/>\n\t<meta name=\"twitter:data1\" content=\"1 minute\" \/>\n<script type=\"application\/ld+json\" class=\"yoast-schema-graph\">{\"@context\":\"https:\/\/schema.org\",\"@graph\":[{\"@type\":\"WebPage\",\"@id\":\"https:\/\/www.salve.si\/trgovina\/ostala-ponudba\/igra-spomin-vsota\/\",\"url\":\"https:\/\/www.salve.si\/trgovina\/ostala-ponudba\/igra-spomin-vsota\/\",\"name\":\"Igra spomin - vsota - Salve\",\"isPartOf\":{\"@id\":\"https:\/\/www.salve.si\/#website\"},\"primaryImageOfPage\":{\"@id\":\"https:\/\/www.salve.si\/trgovina\/ostala-ponudba\/igra-spomin-vsota\/#primaryimage\"},\"image\":{\"@id\":\"https:\/\/www.salve.si\/trgovina\/ostala-ponudba\/igra-spomin-vsota\/#primaryimage\"},\"thumbnailUrl\":\"https:\/\/www.salve.si\/wp-content\/uploads\/2018\/09\/Posnetek-zaslona-2022-09-05-142706.jpg\",\"datePublished\":\"2018-09-10T10:32:05+00:00\",\"dateModified\":\"2022-11-21T08:08:12+00:00\",\"breadcrumb\":{\"@id\":\"https:\/\/www.salve.si\/trgovina\/ostala-ponudba\/igra-spomin-vsota\/#breadcrumb\"},\"inLanguage\":\"en-US\",\"potentialAction\":[{\"@type\":\"ReadAction\",\"target\":[\"https:\/\/www.salve.si\/trgovina\/ostala-ponudba\/igra-spomin-vsota\/\"]}]},{\"@type\":\"ImageObject\",\"inLanguage\":\"en-US\",\"@id\":\"https:\/\/www.salve.si\/trgovina\/ostala-ponudba\/igra-spomin-vsota\/#primaryimage\",\"url\":\"https:\/\/www.salve.si\/wp-content\/uploads\/2018\/09\/Posnetek-zaslona-2022-09-05-142706.jpg\",\"contentUrl\":\"https:\/\/www.salve.si\/wp-content\/uploads\/2018\/09\/Posnetek-zaslona-2022-09-05-142706.jpg\",\"width\":496,\"height\":762},{\"@type\":\"BreadcrumbList\",\"@id\":\"https:\/\/www.salve.si\/trgovina\/ostala-ponudba\/igra-spomin-vsota\/#breadcrumb\",\"itemListElement\":[{\"@type\":\"ListItem\",\"position\":1,\"name\":\"Home\",\"item\":\"https:\/\/www.salve.si\/\"},{\"@type\":\"ListItem\",\"position\":2,\"name\":\"Trgovina\",\"item\":\"https:\/\/www.salve.si\/trgovina\/\"},{\"@type\":\"ListItem\",\"position\":3,\"name\":\"Igra spomin &#8211; vsota\"}]},{\"@type\":\"WebSite\",\"@id\":\"https:\/\/www.salve.si\/#website\",\"url\":\"https:\/\/www.salve.si\/\",\"name\":\"Salve\",\"description\":\"Salezijanska zalo\u017eba\",\"publisher\":{\"@id\":\"https:\/\/www.salve.si\/#organization\"},\"potentialAction\":[{\"@type\":\"SearchAction\",\"target\":{\"@type\":\"EntryPoint\",\"urlTemplate\":\"https:\/\/www.salve.si\/?s={search_term_string}\"},\"query-input\":{\"@type\":\"PropertyValueSpecification\",\"valueRequired\":true,\"valueName\":\"search_term_string\"}}],\"inLanguage\":\"en-US\"},{\"@type\":\"Organization\",\"@id\":\"https:\/\/www.salve.si\/#organization\",\"name\":\"Salve d.o.o.\",\"url\":\"https:\/\/www.salve.si\/\",\"logo\":{\"@type\":\"ImageObject\",\"inLanguage\":\"en-US\",\"@id\":\"https:\/\/www.salve.si\/#\/schema\/logo\/image\/\",\"url\":\"https:\/\/www.salve.si\/wp-content\/uploads\/2021\/01\/Salve_logo_modri_nov_web.png\",\"contentUrl\":\"https:\/\/www.salve.si\/wp-content\/uploads\/2021\/01\/Salve_logo_modri_nov_web.png\",\"width\":279,\"height\":90,\"caption\":\"Salve d.o.o.\"},\"image\":{\"@id\":\"https:\/\/www.salve.si\/#\/schema\/logo\/image\/\"},\"sameAs\":[\"https:\/\/www.facebook.com\/salve.si\",\"https:\/\/www.instagram.com\/zalozbasalve\/\",\"https:\/\/www.linkedin.com\/company\/zalozba-salve\/\"]}]}<\/script>\n<!-- \/ Yoast SEO plugin. -->","yoast_head_json":{"title":"Igra spomin - vsota - Salve","robots":{"index":"index","follow":"follow","max-snippet":"max-snippet:-1","max-image-preview":"max-image-preview:large","max-video-preview":"max-video-preview:-1"},"canonical":"https:\/\/www.salve.si\/en\/trgovina\/ostala-ponudba\/igra-spomin-vsota\/","og_locale":"en_US","og_type":"article","og_title":"Igra spomin - vsota - Salve","og_description":"Lesena namizna igra je primera\u00a0za\u00a0 otroke starej\u0161e od 4 -ih let. Namenjena je prdvsem otrokom\u00a0v prvih razredih osnovne \u0161ole, v igri pa bodo u\u017eivali tudi star\u0161i in starej\u0161i. Igra razvija tako motori\u010dne, kot tudi umske sposobnosti od spoznavanja barv, \u0161tevil do samega pomnenja in ra\u010dunanja do dvajset.","og_url":"https:\/\/www.salve.si\/en\/trgovina\/ostala-ponudba\/igra-spomin-vsota\/","og_site_name":"Salve","article_publisher":"https:\/\/www.facebook.com\/salve.si","article_modified_time":"2022-11-21T08:08:12+00:00","og_image":[{"width":496,"height":762,"url":"https:\/\/www.salve.si\/wp-content\/uploads\/2018\/09\/Posnetek-zaslona-2022-09-05-142706.jpg","type":"image\/jpeg"}],"twitter_card":"summary_large_image","twitter_misc":{"Est. reading time":"1 minute"},"schema":{"@context":"https:\/\/schema.org","@graph":[{"@type":"WebPage","@id":"https:\/\/www.salve.si\/trgovina\/ostala-ponudba\/igra-spomin-vsota\/","url":"https:\/\/www.salve.si\/trgovina\/ostala-ponudba\/igra-spomin-vsota\/","name":"Igra spomin - vsota - Salve","isPartOf":{"@id":"https:\/\/www.salve.si\/#website"},"primaryImageOfPage":{"@id":"https:\/\/www.salve.si\/trgovina\/ostala-ponudba\/igra-spomin-vsota\/#primaryimage"},"image":{"@id":"https:\/\/www.salve.si\/trgovina\/ostala-ponudba\/igra-spomin-vsota\/#primaryimage"},"thumbnailUrl":"https:\/\/www.salve.si\/wp-content\/uploads\/2018\/09\/Posnetek-zaslona-2022-09-05-142706.jpg","datePublished":"2018-09-10T10:32:05+00:00","dateModified":"2022-11-21T08:08:12+00:00","breadcrumb":{"@id":"https:\/\/www.salve.si\/trgovina\/ostala-ponudba\/igra-spomin-vsota\/#breadcrumb"},"inLanguage":"en-US","potentialAction":[{"@type":"ReadAction","target":["https:\/\/www.salve.si\/trgovina\/ostala-ponudba\/igra-spomin-vsota\/"]}]},{"@type":"ImageObject","inLanguage":"en-US","@id":"https:\/\/www.salve.si\/trgovina\/ostala-ponudba\/igra-spomin-vsota\/#primaryimage","url":"https:\/\/www.salve.si\/wp-content\/uploads\/2018\/09\/Posnetek-zaslona-2022-09-05-142706.jpg","contentUrl":"https:\/\/www.salve.si\/wp-content\/uploads\/2018\/09\/Posnetek-zaslona-2022-09-05-142706.jpg","width":496,"height":762},{"@type":"BreadcrumbList","@id":"https:\/\/www.salve.si\/trgovina\/ostala-ponudba\/igra-spomin-vsota\/#breadcrumb","itemListElement":[{"@type":"ListItem","position":1,"name":"Home","item":"https:\/\/www.salve.si\/"},{"@type":"ListItem","position":2,"name":"Trgovina","item":"https:\/\/www.salve.si\/trgovina\/"},{"@type":"ListItem","position":3,"name":"Igra spomin &#8211; vsota"}]},{"@type":"WebSite","@id":"https:\/\/www.salve.si\/#website","url":"https:\/\/www.salve.si\/","name":"Salve","description":"Salezijanska zalo\u017eba","publisher":{"@id":"https:\/\/www.salve.si\/#organization"},"potentialAction":[{"@type":"SearchAction","target":{"@type":"EntryPoint","urlTemplate":"https:\/\/www.salve.si\/?s={search_term_string}"},"query-input":{"@type":"PropertyValueSpecification","valueRequired":true,"valueName":"search_term_string"}}],"inLanguage":"en-US"},{"@type":"Organization","@id":"https:\/\/www.salve.si\/#organization","name":"Salve d.o.o.","url":"https:\/\/www.salve.si\/","logo":{"@type":"ImageObject","inLanguage":"en-US","@id":"https:\/\/www.salve.si\/#\/schema\/logo\/image\/","url":"https:\/\/www.salve.si\/wp-content\/uploads\/2021\/01\/Salve_logo_modri_nov_web.png","contentUrl":"https:\/\/www.salve.si\/wp-content\/uploads\/2021\/01\/Salve_logo_modri_nov_web.png","width":279,"height":90,"caption":"Salve d.o.o."},"image":{"@id":"https:\/\/www.salve.si\/#\/schema\/logo\/image\/"},"sameAs":["https:\/\/www.facebook.com\/salve.si","https:\/\/www.instagram.com\/zalozbasalve\/","https:\/\/www.linkedin.com\/company\/zalozba-salve\/"]}]}},"_links":{"self":[{"href":"https:\/\/www.salve.si\/en\/wp-json\/wp\/v2\/product\/4659","targetHints":{"allow":["GET"]}}],"collection":[{"href":"https:\/\/www.salve.si\/en\/wp-json\/wp\/v2\/product"}],"about":[{"href":"https:\/\/www.salve.si\/en\/wp-json\/wp\/v2\/types\/product"}],"version-history":[{"count":3,"href":"https:\/\/www.salve.si\/en\/wp-json\/wp\/v2\/product\/4659\/revisions"}],"predecessor-version":[{"id":16370,"href":"https:\/\/www.salve.si\/en\/wp-json\/wp\/v2\/product\/4659\/revisions\/16370"}],"wp:featuredmedia":[{"embeddable":true,"href":"https:\/\/www.salve.si\/en\/wp-json\/wp\/v2\/media\/15989"}],"wp:attachment":[{"href":"https:\/\/www.salve.si\/en\/wp-json\/wp\/v2\/media?parent=4659"}],"wp:term":[{"taxonomy":"product_cat","embeddable":true,"href":"https:\/\/www.salve.si\/en\/wp-json\/wp\/v2\/product_cat?post=4659"},{"taxonomy":"product_tag","embeddable":true,"href":"https:\/\/www.salve.si\/en\/wp-json\/wp\/v2\/product_tag?post=4659"}],"curies":[{"name":"wp","href":"https:\/\/api.w.org\/{rel}","templated":true}]}}