{"id":4520,"date":"2018-08-27T15:02:44","date_gmt":"2018-08-27T13:02:44","guid":{"rendered":"https:\/\/www.salve.si\/?post_type=product&#038;p=4520"},"modified":"2020-11-11T05:39:34","modified_gmt":"2020-11-11T04:39:34","slug":"nova-emona","status":"publish","type":"product","link":"https:\/\/www.salve.si\/en\/trgovina\/knjige\/leposlovje\/nova-emona\/","title":{"rendered":"Nova Emona"},"content":{"rendered":"<p>&#8221; &#8230; Pozoren opazovalec kaj hitro lahko ugotovi, da mesto Nova Emona mrzli\u010dno i\u0161\u010de svojo du\u0161o v prepletu jezikov, idej, verstev in velikih kulturnih razlik. Je bilo podobno ob davnih selitvah narodov, ob trkih civilizacij?<br \/>\nV temi iz zgornje plasti ozra\u010dja \u0161ine nad mesto oran\u017eno modri laserski \u017earek in se proti koncu raz\u0161iri v pahlja\u010do. Redki sprehajalci v njej lahko razberejo besedi AVE-SALVE. To se dogaja \u017ee ve\u010d mesecev vsak teden enkrat. Klasi\u010dno izobra\u017eeni v tem razumejo starorimski pozdrav. Velja vsem me\u0161\u010danom ali zgolj nekomu? No, poleg tega v tej \u010dlove\u0161ki novotvorbi visi v zraku \u0161e ve\u010d drugih, pomembnih vpra\u0161anj.&#8221;<span class=\"slv-content-keywords\"> France \u0160etar Leposlovje <\/span><\/p>","protected":false},"excerpt":{"rendered":"<p>&#8220;15. marec 2060 v glavnem mestu Podalpske pokrajine, ene izmed delov nastajajo\u010de zvezne dr\u017eave nekdanje Srednje Evrope &#8230; Glavne mestne cerkve so spremenjene v muzeje in galerije, na treh koncih dominirajo mo\u0161eje z minareti, s katerih se po zvo\u010dnikih petkrat na dan ogla\u0161a muezinova oto\u017ena molitev v starodavnem jeziku.&#8221;<\/p>\n<p>Ste dobro pogledali naslovnico knjige?<\/p>","protected":false},"featured_media":12502,"template":"","meta":{"_acf_changed":false,"footnotes":""},"product_cat":[312],"product_tag":[],"class_list":{"0":"post-4520","1":"product","2":"type-product","3":"status-publish","4":"has-post-thumbnail","6":"authors-france-setar","7":"publisher-salve-d-o-o-ljubljana","8":"product_cat-leposlovje","10":"first","11":"instock","12":"shipping-taxable","13":"purchasable","14":"product-type-simple"},"acf":[],"yoast_head":"<!-- This site is optimized with the Yoast SEO plugin v23.8 - https:\/\/yoast.com\/wordpress\/plugins\/seo\/ -->\n<title>Nova Emona - Salve<\/title>\n<meta name=\"robots\" content=\"index, follow, max-snippet:-1, max-image-preview:large, max-video-preview:-1\" \/>\n<link rel=\"canonical\" href=\"https:\/\/www.salve.si\/en\/trgovina\/knjige\/leposlovje\/nova-emona\/\" \/>\n<meta property=\"og:locale\" content=\"en_US\" \/>\n<meta property=\"og:type\" content=\"article\" \/>\n<meta property=\"og:title\" content=\"Nova Emona - Salve\" \/>\n<meta property=\"og:description\" content=\"&quot;15. marec 2060 v glavnem mestu Podalpske pokrajine, ene izmed delov nastajajo\u010de zvezne dr\u017eave nekdanje Srednje Evrope ... Glavne mestne cerkve so spremenjene v muzeje in galerije, na treh koncih dominirajo mo\u0161eje z minareti, s katerih se po zvo\u010dnikih petkrat na dan ogla\u0161a muezinova oto\u017ena molitev v starodavnem jeziku.&quot;  Ste dobro pogledali naslovnico knjige?\" \/>\n<meta property=\"og:url\" content=\"https:\/\/www.salve.si\/en\/trgovina\/knjige\/leposlovje\/nova-emona\/\" \/>\n<meta property=\"og:site_name\" content=\"Salve\" \/>\n<meta property=\"article:publisher\" content=\"https:\/\/www.facebook.com\/salve.si\" \/>\n<meta property=\"article:modified_time\" content=\"2020-11-11T04:39:34+00:00\" \/>\n<meta property=\"og:image\" content=\"https:\/\/www.salve.si\/wp-content\/uploads\/2018\/08\/nova-emona.jpg\" \/>\n\t<meta property=\"og:image:width\" content=\"474\" \/>\n\t<meta property=\"og:image:height\" content=\"739\" \/>\n\t<meta property=\"og:image:type\" content=\"image\/jpeg\" \/>\n<meta name=\"twitter:card\" content=\"summary_large_image\" \/>\n<meta name=\"twitter:label1\" content=\"Est. reading time\" \/>\n\t<meta name=\"twitter:data1\" content=\"1 minute\" \/>\n<script type=\"application\/ld+json\" class=\"yoast-schema-graph\">{\"@context\":\"https:\/\/schema.org\",\"@graph\":[{\"@type\":\"WebPage\",\"@id\":\"https:\/\/www.salve.si\/trgovina\/knjige\/leposlovje\/nova-emona\/\",\"url\":\"https:\/\/www.salve.si\/trgovina\/knjige\/leposlovje\/nova-emona\/\",\"name\":\"Nova Emona - Salve\",\"isPartOf\":{\"@id\":\"https:\/\/www.salve.si\/#website\"},\"primaryImageOfPage\":{\"@id\":\"https:\/\/www.salve.si\/trgovina\/knjige\/leposlovje\/nova-emona\/#primaryimage\"},\"image\":{\"@id\":\"https:\/\/www.salve.si\/trgovina\/knjige\/leposlovje\/nova-emona\/#primaryimage\"},\"thumbnailUrl\":\"https:\/\/www.salve.si\/wp-content\/uploads\/2018\/08\/nova-emona.jpg\",\"datePublished\":\"2018-08-27T13:02:44+00:00\",\"dateModified\":\"2020-11-11T04:39:34+00:00\",\"breadcrumb\":{\"@id\":\"https:\/\/www.salve.si\/trgovina\/knjige\/leposlovje\/nova-emona\/#breadcrumb\"},\"inLanguage\":\"en-US\",\"potentialAction\":[{\"@type\":\"ReadAction\",\"target\":[\"https:\/\/www.salve.si\/trgovina\/knjige\/leposlovje\/nova-emona\/\"]}]},{\"@type\":\"ImageObject\",\"inLanguage\":\"en-US\",\"@id\":\"https:\/\/www.salve.si\/trgovina\/knjige\/leposlovje\/nova-emona\/#primaryimage\",\"url\":\"https:\/\/www.salve.si\/wp-content\/uploads\/2018\/08\/nova-emona.jpg\",\"contentUrl\":\"https:\/\/www.salve.si\/wp-content\/uploads\/2018\/08\/nova-emona.jpg\",\"width\":474,\"height\":739},{\"@type\":\"BreadcrumbList\",\"@id\":\"https:\/\/www.salve.si\/trgovina\/knjige\/leposlovje\/nova-emona\/#breadcrumb\",\"itemListElement\":[{\"@type\":\"ListItem\",\"position\":1,\"name\":\"Home\",\"item\":\"https:\/\/www.salve.si\/\"},{\"@type\":\"ListItem\",\"position\":2,\"name\":\"Trgovina\",\"item\":\"https:\/\/www.salve.si\/trgovina\/\"},{\"@type\":\"ListItem\",\"position\":3,\"name\":\"Nova Emona\"}]},{\"@type\":\"WebSite\",\"@id\":\"https:\/\/www.salve.si\/#website\",\"url\":\"https:\/\/www.salve.si\/\",\"name\":\"Salve\",\"description\":\"Salezijanska zalo\u017eba\",\"publisher\":{\"@id\":\"https:\/\/www.salve.si\/#organization\"},\"potentialAction\":[{\"@type\":\"SearchAction\",\"target\":{\"@type\":\"EntryPoint\",\"urlTemplate\":\"https:\/\/www.salve.si\/?s={search_term_string}\"},\"query-input\":{\"@type\":\"PropertyValueSpecification\",\"valueRequired\":true,\"valueName\":\"search_term_string\"}}],\"inLanguage\":\"en-US\"},{\"@type\":\"Organization\",\"@id\":\"https:\/\/www.salve.si\/#organization\",\"name\":\"Salve d.o.o.\",\"url\":\"https:\/\/www.salve.si\/\",\"logo\":{\"@type\":\"ImageObject\",\"inLanguage\":\"en-US\",\"@id\":\"https:\/\/www.salve.si\/#\/schema\/logo\/image\/\",\"url\":\"https:\/\/www.salve.si\/wp-content\/uploads\/2021\/01\/Salve_logo_modri_nov_web.png\",\"contentUrl\":\"https:\/\/www.salve.si\/wp-content\/uploads\/2021\/01\/Salve_logo_modri_nov_web.png\",\"width\":279,\"height\":90,\"caption\":\"Salve d.o.o.\"},\"image\":{\"@id\":\"https:\/\/www.salve.si\/#\/schema\/logo\/image\/\"},\"sameAs\":[\"https:\/\/www.facebook.com\/salve.si\",\"https:\/\/www.instagram.com\/zalozbasalve\/\",\"https:\/\/www.linkedin.com\/company\/zalozba-salve\/\"]}]}<\/script>\n<!-- \/ Yoast SEO plugin. -->","yoast_head_json":{"title":"Nova Emona - Salve","robots":{"index":"index","follow":"follow","max-snippet":"max-snippet:-1","max-image-preview":"max-image-preview:large","max-video-preview":"max-video-preview:-1"},"canonical":"https:\/\/www.salve.si\/en\/trgovina\/knjige\/leposlovje\/nova-emona\/","og_locale":"en_US","og_type":"article","og_title":"Nova Emona - Salve","og_description":"\"15. marec 2060 v glavnem mestu Podalpske pokrajine, ene izmed delov nastajajo\u010de zvezne dr\u017eave nekdanje Srednje Evrope ... Glavne mestne cerkve so spremenjene v muzeje in galerije, na treh koncih dominirajo mo\u0161eje z minareti, s katerih se po zvo\u010dnikih petkrat na dan ogla\u0161a muezinova oto\u017ena molitev v starodavnem jeziku.\"  Ste dobro pogledali naslovnico knjige?","og_url":"https:\/\/www.salve.si\/en\/trgovina\/knjige\/leposlovje\/nova-emona\/","og_site_name":"Salve","article_publisher":"https:\/\/www.facebook.com\/salve.si","article_modified_time":"2020-11-11T04:39:34+00:00","og_image":[{"width":474,"height":739,"url":"https:\/\/www.salve.si\/wp-content\/uploads\/2018\/08\/nova-emona.jpg","type":"image\/jpeg"}],"twitter_card":"summary_large_image","twitter_misc":{"Est. reading time":"1 minute"},"schema":{"@context":"https:\/\/schema.org","@graph":[{"@type":"WebPage","@id":"https:\/\/www.salve.si\/trgovina\/knjige\/leposlovje\/nova-emona\/","url":"https:\/\/www.salve.si\/trgovina\/knjige\/leposlovje\/nova-emona\/","name":"Nova Emona - Salve","isPartOf":{"@id":"https:\/\/www.salve.si\/#website"},"primaryImageOfPage":{"@id":"https:\/\/www.salve.si\/trgovina\/knjige\/leposlovje\/nova-emona\/#primaryimage"},"image":{"@id":"https:\/\/www.salve.si\/trgovina\/knjige\/leposlovje\/nova-emona\/#primaryimage"},"thumbnailUrl":"https:\/\/www.salve.si\/wp-content\/uploads\/2018\/08\/nova-emona.jpg","datePublished":"2018-08-27T13:02:44+00:00","dateModified":"2020-11-11T04:39:34+00:00","breadcrumb":{"@id":"https:\/\/www.salve.si\/trgovina\/knjige\/leposlovje\/nova-emona\/#breadcrumb"},"inLanguage":"en-US","potentialAction":[{"@type":"ReadAction","target":["https:\/\/www.salve.si\/trgovina\/knjige\/leposlovje\/nova-emona\/"]}]},{"@type":"ImageObject","inLanguage":"en-US","@id":"https:\/\/www.salve.si\/trgovina\/knjige\/leposlovje\/nova-emona\/#primaryimage","url":"https:\/\/www.salve.si\/wp-content\/uploads\/2018\/08\/nova-emona.jpg","contentUrl":"https:\/\/www.salve.si\/wp-content\/uploads\/2018\/08\/nova-emona.jpg","width":474,"height":739},{"@type":"BreadcrumbList","@id":"https:\/\/www.salve.si\/trgovina\/knjige\/leposlovje\/nova-emona\/#breadcrumb","itemListElement":[{"@type":"ListItem","position":1,"name":"Home","item":"https:\/\/www.salve.si\/"},{"@type":"ListItem","position":2,"name":"Trgovina","item":"https:\/\/www.salve.si\/trgovina\/"},{"@type":"ListItem","position":3,"name":"Nova Emona"}]},{"@type":"WebSite","@id":"https:\/\/www.salve.si\/#website","url":"https:\/\/www.salve.si\/","name":"Salve","description":"Salezijanska zalo\u017eba","publisher":{"@id":"https:\/\/www.salve.si\/#organization"},"potentialAction":[{"@type":"SearchAction","target":{"@type":"EntryPoint","urlTemplate":"https:\/\/www.salve.si\/?s={search_term_string}"},"query-input":{"@type":"PropertyValueSpecification","valueRequired":true,"valueName":"search_term_string"}}],"inLanguage":"en-US"},{"@type":"Organization","@id":"https:\/\/www.salve.si\/#organization","name":"Salve d.o.o.","url":"https:\/\/www.salve.si\/","logo":{"@type":"ImageObject","inLanguage":"en-US","@id":"https:\/\/www.salve.si\/#\/schema\/logo\/image\/","url":"https:\/\/www.salve.si\/wp-content\/uploads\/2021\/01\/Salve_logo_modri_nov_web.png","contentUrl":"https:\/\/www.salve.si\/wp-content\/uploads\/2021\/01\/Salve_logo_modri_nov_web.png","width":279,"height":90,"caption":"Salve d.o.o."},"image":{"@id":"https:\/\/www.salve.si\/#\/schema\/logo\/image\/"},"sameAs":["https:\/\/www.facebook.com\/salve.si","https:\/\/www.instagram.com\/zalozbasalve\/","https:\/\/www.linkedin.com\/company\/zalozba-salve\/"]}]}},"_links":{"self":[{"href":"https:\/\/www.salve.si\/en\/wp-json\/wp\/v2\/product\/4520","targetHints":{"allow":["GET"]}}],"collection":[{"href":"https:\/\/www.salve.si\/en\/wp-json\/wp\/v2\/product"}],"about":[{"href":"https:\/\/www.salve.si\/en\/wp-json\/wp\/v2\/types\/product"}],"version-history":[{"count":1,"href":"https:\/\/www.salve.si\/en\/wp-json\/wp\/v2\/product\/4520\/revisions"}],"predecessor-version":[{"id":12503,"href":"https:\/\/www.salve.si\/en\/wp-json\/wp\/v2\/product\/4520\/revisions\/12503"}],"wp:featuredmedia":[{"embeddable":true,"href":"https:\/\/www.salve.si\/en\/wp-json\/wp\/v2\/media\/12502"}],"wp:attachment":[{"href":"https:\/\/www.salve.si\/en\/wp-json\/wp\/v2\/media?parent=4520"}],"wp:term":[{"taxonomy":"product_cat","embeddable":true,"href":"https:\/\/www.salve.si\/en\/wp-json\/wp\/v2\/product_cat?post=4520"},{"taxonomy":"product_tag","embeddable":true,"href":"https:\/\/www.salve.si\/en\/wp-json\/wp\/v2\/product_tag?post=4520"}],"curies":[{"name":"wp","href":"https:\/\/api.w.org\/{rel}","templated":true}]}}