{"id":4463,"date":"2017-08-21T14:45:10","date_gmt":"2017-08-21T12:45:10","guid":{"rendered":"https:\/\/www.salve.si\/?post_type=product&#038;p=4463"},"modified":"2020-11-11T15:02:34","modified_gmt":"2020-11-11T14:02:34","slug":"eureka-nasel-sem-boga","status":"publish","type":"product","link":"https:\/\/www.salve.si\/en\/trgovina\/knjige\/teologija-in-duhovnost\/eureka-nasel-sem-boga\/","title":{"rendered":"Eureka &#8211; na\u0161el sem Boga!"},"content":{"rendered":"<p>&#8220;Dne 9. decembra 1998 sem na letali\u0161\u010du v Bombayu v Indiji v dolgi vrsti potnikov \u010dakal na let letala dru\u017ebe Gulf-Air. Ko sem bil \u017ee tik pred kontrolo, sem bil pri\u010da zanimivemu pogovoru. Pred menoj je v vrsti stal mlad Evropejec, oble\u010den v indijsko obla\u010dilo oran\u017ene barve. Na \u010delu je imel znamenje iz pepela, v desni roki je dr\u00ac\u017eal mi\u0161, okoli vratu pa je imel ovito ka\u010do. Prepiral se je s policisti. Sli\u0161al sem ga, kako je rekel: &#8216;Tole (ka\u010da in mi\u0161) sta moja bogova, ki mi jih je dala Indija. Zakaj mi torej indijska policija ne dovoli, da grem skupaj z njima na letalo?&#8217;<br \/>\n\u010cakajo\u010di potniki so se vznemirili in iz vrste sem zasli\u0161al krike: &#8216;Vrzite ga ven!&#8217;<br \/>\nSam sem v ti\u0161ini stal za mladeni\u010dem in molil zanj. Nenadoma me je navdihnil Sveti Duh. Na ramo sem mu polo\u017eil roko in ga z nasmehom vpra\u0161al: &#8216;Joseph, kaj nisi ti katoli\u010dan iz Nem\u010dije? Si res tako malo vreden, da ima\u0161 ti dve \u017eivali za svoja bogova?&#8217;<br \/>\nPresene\u010deno me je pogledal in vpra\u0161al: &#8216;Kdo vam je povedal, da mi je ime Joseph (Jo\u017eef, op. prev.), da sem katoli\u010dan in da prihajam iz Nem\u010dije?&#8217;<br \/>\nPokazal sem mu svoj kri\u017e in odvrnil: &#8216;To pa je moj Bog in po Svetem Duhu mi je razodel vse, kar sem ti povedal.&#8217; Mladeni\u010da so zalile solze in prosil me je, naj mu kaj ve\u010d povem o Jezusu in Svetem Duhu. Privolil sem s pogojem, da se znebi obeh \u017eivali. Ubogal me je kot majhen otrok ter mi\u0161 in ka\u010do takoj vrgel v smetnjak!&#8221;<br \/>\n(iz Predgovora)<span class=\"slv-content-keywords\"> Duh in \u017eivljenje Teologija in duhovnost Knjiga o Svetem Duhu <\/span><\/p>","protected":false},"excerpt":{"rendered":"<p>&#8220;Zavedam se, da je na svetu polno Jo\u017eefov in Marij, ki hrepenijo po \u017eivi vodi in Kristusovem telesu, ki pa pod hudi\u010devim vplivom tavajo v teminah \u017eivljenja. \u010ceprav jih je satan, bog sodobnega \u010dasa, zaslepil, duh v njihovih telesih \u0161e vedno koprni in \u010daka na osvoboditev, ki jo bo prinesla tiha molitev iz srca: <strong>Moja du\u0161a hrepeni po tebi pono\u010di, duh v moji notranjosti te i\u0161\u010de zgodaj zjutraj<\/strong> (Iz 26,9).<\/p>","protected":false},"featured_media":12558,"template":"","meta":{"_acf_changed":false,"footnotes":""},"product_cat":[314],"product_tag":[],"class_list":{"0":"post-4463","1":"product","2":"type-product","3":"status-publish","4":"has-post-thumbnail","6":"zbirke-duh-in-zivljenje","7":"publisher-salve-d-o-o-ljubljana","8":"product_cat-teologija-in-duhovnost","10":"first","11":"instock","12":"shipping-taxable","13":"purchasable","14":"product-type-simple"},"acf":[],"yoast_head":"<!-- This site is optimized with the Yoast SEO plugin v23.8 - https:\/\/yoast.com\/wordpress\/plugins\/seo\/ -->\n<title>Eureka - na\u0161el sem Boga! - Salve<\/title>\n<meta name=\"robots\" content=\"index, follow, max-snippet:-1, max-image-preview:large, max-video-preview:-1\" \/>\n<link rel=\"canonical\" href=\"https:\/\/www.salve.si\/en\/trgovina\/knjige\/teologija-in-duhovnost\/eureka-nasel-sem-boga\/\" \/>\n<meta property=\"og:locale\" content=\"en_US\" \/>\n<meta property=\"og:type\" content=\"article\" \/>\n<meta property=\"og:title\" content=\"Eureka - na\u0161el sem Boga! - Salve\" \/>\n<meta property=\"og:description\" content=\"&quot;Zavedam se, da je na svetu polno Jo\u017eefov in Marij, ki hrepenijo po \u017eivi vodi in Kristusovem telesu, ki pa pod hudi\u010devim vplivom tavajo v teminah \u017eivljenja. \u010ceprav jih je satan, bog sodobnega \u010dasa, zaslepil, duh v njihovih telesih \u0161e vedno koprni in \u010daka na osvoboditev, ki jo bo prinesla tiha molitev iz srca: Moja du\u0161a hrepeni po tebi pono\u010di, duh v moji notranjosti te i\u0161\u010de zgodaj zjutraj (Iz 26,9).\" \/>\n<meta property=\"og:url\" content=\"https:\/\/www.salve.si\/en\/trgovina\/knjige\/teologija-in-duhovnost\/eureka-nasel-sem-boga\/\" \/>\n<meta property=\"og:site_name\" content=\"Salve\" \/>\n<meta property=\"article:publisher\" content=\"https:\/\/www.facebook.com\/salve.si\" \/>\n<meta property=\"article:modified_time\" content=\"2020-11-11T14:02:34+00:00\" \/>\n<meta property=\"og:image\" content=\"https:\/\/www.salve.si\/wp-content\/uploads\/2017\/08\/Eureka-\u2013-nasel-sem-Boga.jpg\" \/>\n\t<meta property=\"og:image:width\" content=\"474\" \/>\n\t<meta property=\"og:image:height\" content=\"773\" \/>\n\t<meta property=\"og:image:type\" content=\"image\/jpeg\" \/>\n<meta name=\"twitter:card\" content=\"summary_large_image\" \/>\n<meta name=\"twitter:label1\" content=\"Est. reading time\" \/>\n\t<meta name=\"twitter:data1\" content=\"1 minute\" \/>\n<script type=\"application\/ld+json\" class=\"yoast-schema-graph\">{\"@context\":\"https:\/\/schema.org\",\"@graph\":[{\"@type\":\"WebPage\",\"@id\":\"https:\/\/www.salve.si\/trgovina\/knjige\/teologija-in-duhovnost\/eureka-nasel-sem-boga\/\",\"url\":\"https:\/\/www.salve.si\/trgovina\/knjige\/teologija-in-duhovnost\/eureka-nasel-sem-boga\/\",\"name\":\"Eureka - na\u0161el sem Boga! - Salve\",\"isPartOf\":{\"@id\":\"https:\/\/www.salve.si\/#website\"},\"primaryImageOfPage\":{\"@id\":\"https:\/\/www.salve.si\/trgovina\/knjige\/teologija-in-duhovnost\/eureka-nasel-sem-boga\/#primaryimage\"},\"image\":{\"@id\":\"https:\/\/www.salve.si\/trgovina\/knjige\/teologija-in-duhovnost\/eureka-nasel-sem-boga\/#primaryimage\"},\"thumbnailUrl\":\"https:\/\/www.salve.si\/wp-content\/uploads\/2017\/08\/Eureka-\u2013-nasel-sem-Boga.jpg\",\"datePublished\":\"2017-08-21T12:45:10+00:00\",\"dateModified\":\"2020-11-11T14:02:34+00:00\",\"breadcrumb\":{\"@id\":\"https:\/\/www.salve.si\/trgovina\/knjige\/teologija-in-duhovnost\/eureka-nasel-sem-boga\/#breadcrumb\"},\"inLanguage\":\"en-US\",\"potentialAction\":[{\"@type\":\"ReadAction\",\"target\":[\"https:\/\/www.salve.si\/trgovina\/knjige\/teologija-in-duhovnost\/eureka-nasel-sem-boga\/\"]}]},{\"@type\":\"ImageObject\",\"inLanguage\":\"en-US\",\"@id\":\"https:\/\/www.salve.si\/trgovina\/knjige\/teologija-in-duhovnost\/eureka-nasel-sem-boga\/#primaryimage\",\"url\":\"https:\/\/www.salve.si\/wp-content\/uploads\/2017\/08\/Eureka-\u2013-nasel-sem-Boga.jpg\",\"contentUrl\":\"https:\/\/www.salve.si\/wp-content\/uploads\/2017\/08\/Eureka-\u2013-nasel-sem-Boga.jpg\",\"width\":474,\"height\":773},{\"@type\":\"BreadcrumbList\",\"@id\":\"https:\/\/www.salve.si\/trgovina\/knjige\/teologija-in-duhovnost\/eureka-nasel-sem-boga\/#breadcrumb\",\"itemListElement\":[{\"@type\":\"ListItem\",\"position\":1,\"name\":\"Home\",\"item\":\"https:\/\/www.salve.si\/\"},{\"@type\":\"ListItem\",\"position\":2,\"name\":\"Trgovina\",\"item\":\"https:\/\/www.salve.si\/trgovina\/\"},{\"@type\":\"ListItem\",\"position\":3,\"name\":\"Eureka &#8211; na\u0161el sem Boga!\"}]},{\"@type\":\"WebSite\",\"@id\":\"https:\/\/www.salve.si\/#website\",\"url\":\"https:\/\/www.salve.si\/\",\"name\":\"Salve\",\"description\":\"Salezijanska zalo\u017eba\",\"publisher\":{\"@id\":\"https:\/\/www.salve.si\/#organization\"},\"potentialAction\":[{\"@type\":\"SearchAction\",\"target\":{\"@type\":\"EntryPoint\",\"urlTemplate\":\"https:\/\/www.salve.si\/?s={search_term_string}\"},\"query-input\":{\"@type\":\"PropertyValueSpecification\",\"valueRequired\":true,\"valueName\":\"search_term_string\"}}],\"inLanguage\":\"en-US\"},{\"@type\":\"Organization\",\"@id\":\"https:\/\/www.salve.si\/#organization\",\"name\":\"Salve d.o.o.\",\"url\":\"https:\/\/www.salve.si\/\",\"logo\":{\"@type\":\"ImageObject\",\"inLanguage\":\"en-US\",\"@id\":\"https:\/\/www.salve.si\/#\/schema\/logo\/image\/\",\"url\":\"https:\/\/www.salve.si\/wp-content\/uploads\/2021\/01\/Salve_logo_modri_nov_web.png\",\"contentUrl\":\"https:\/\/www.salve.si\/wp-content\/uploads\/2021\/01\/Salve_logo_modri_nov_web.png\",\"width\":279,\"height\":90,\"caption\":\"Salve d.o.o.\"},\"image\":{\"@id\":\"https:\/\/www.salve.si\/#\/schema\/logo\/image\/\"},\"sameAs\":[\"https:\/\/www.facebook.com\/salve.si\",\"https:\/\/www.instagram.com\/zalozbasalve\/\",\"https:\/\/www.linkedin.com\/company\/zalozba-salve\/\"]}]}<\/script>\n<!-- \/ Yoast SEO plugin. -->","yoast_head_json":{"title":"Eureka - na\u0161el sem Boga! - Salve","robots":{"index":"index","follow":"follow","max-snippet":"max-snippet:-1","max-image-preview":"max-image-preview:large","max-video-preview":"max-video-preview:-1"},"canonical":"https:\/\/www.salve.si\/en\/trgovina\/knjige\/teologija-in-duhovnost\/eureka-nasel-sem-boga\/","og_locale":"en_US","og_type":"article","og_title":"Eureka - na\u0161el sem Boga! - Salve","og_description":"\"Zavedam se, da je na svetu polno Jo\u017eefov in Marij, ki hrepenijo po \u017eivi vodi in Kristusovem telesu, ki pa pod hudi\u010devim vplivom tavajo v teminah \u017eivljenja. \u010ceprav jih je satan, bog sodobnega \u010dasa, zaslepil, duh v njihovih telesih \u0161e vedno koprni in \u010daka na osvoboditev, ki jo bo prinesla tiha molitev iz srca: Moja du\u0161a hrepeni po tebi pono\u010di, duh v moji notranjosti te i\u0161\u010de zgodaj zjutraj (Iz 26,9).","og_url":"https:\/\/www.salve.si\/en\/trgovina\/knjige\/teologija-in-duhovnost\/eureka-nasel-sem-boga\/","og_site_name":"Salve","article_publisher":"https:\/\/www.facebook.com\/salve.si","article_modified_time":"2020-11-11T14:02:34+00:00","og_image":[{"width":474,"height":773,"url":"https:\/\/www.salve.si\/wp-content\/uploads\/2017\/08\/Eureka-\u2013-nasel-sem-Boga.jpg","type":"image\/jpeg"}],"twitter_card":"summary_large_image","twitter_misc":{"Est. reading time":"1 minute"},"schema":{"@context":"https:\/\/schema.org","@graph":[{"@type":"WebPage","@id":"https:\/\/www.salve.si\/trgovina\/knjige\/teologija-in-duhovnost\/eureka-nasel-sem-boga\/","url":"https:\/\/www.salve.si\/trgovina\/knjige\/teologija-in-duhovnost\/eureka-nasel-sem-boga\/","name":"Eureka - na\u0161el sem Boga! - Salve","isPartOf":{"@id":"https:\/\/www.salve.si\/#website"},"primaryImageOfPage":{"@id":"https:\/\/www.salve.si\/trgovina\/knjige\/teologija-in-duhovnost\/eureka-nasel-sem-boga\/#primaryimage"},"image":{"@id":"https:\/\/www.salve.si\/trgovina\/knjige\/teologija-in-duhovnost\/eureka-nasel-sem-boga\/#primaryimage"},"thumbnailUrl":"https:\/\/www.salve.si\/wp-content\/uploads\/2017\/08\/Eureka-\u2013-nasel-sem-Boga.jpg","datePublished":"2017-08-21T12:45:10+00:00","dateModified":"2020-11-11T14:02:34+00:00","breadcrumb":{"@id":"https:\/\/www.salve.si\/trgovina\/knjige\/teologija-in-duhovnost\/eureka-nasel-sem-boga\/#breadcrumb"},"inLanguage":"en-US","potentialAction":[{"@type":"ReadAction","target":["https:\/\/www.salve.si\/trgovina\/knjige\/teologija-in-duhovnost\/eureka-nasel-sem-boga\/"]}]},{"@type":"ImageObject","inLanguage":"en-US","@id":"https:\/\/www.salve.si\/trgovina\/knjige\/teologija-in-duhovnost\/eureka-nasel-sem-boga\/#primaryimage","url":"https:\/\/www.salve.si\/wp-content\/uploads\/2017\/08\/Eureka-\u2013-nasel-sem-Boga.jpg","contentUrl":"https:\/\/www.salve.si\/wp-content\/uploads\/2017\/08\/Eureka-\u2013-nasel-sem-Boga.jpg","width":474,"height":773},{"@type":"BreadcrumbList","@id":"https:\/\/www.salve.si\/trgovina\/knjige\/teologija-in-duhovnost\/eureka-nasel-sem-boga\/#breadcrumb","itemListElement":[{"@type":"ListItem","position":1,"name":"Home","item":"https:\/\/www.salve.si\/"},{"@type":"ListItem","position":2,"name":"Trgovina","item":"https:\/\/www.salve.si\/trgovina\/"},{"@type":"ListItem","position":3,"name":"Eureka &#8211; na\u0161el sem Boga!"}]},{"@type":"WebSite","@id":"https:\/\/www.salve.si\/#website","url":"https:\/\/www.salve.si\/","name":"Salve","description":"Salezijanska zalo\u017eba","publisher":{"@id":"https:\/\/www.salve.si\/#organization"},"potentialAction":[{"@type":"SearchAction","target":{"@type":"EntryPoint","urlTemplate":"https:\/\/www.salve.si\/?s={search_term_string}"},"query-input":{"@type":"PropertyValueSpecification","valueRequired":true,"valueName":"search_term_string"}}],"inLanguage":"en-US"},{"@type":"Organization","@id":"https:\/\/www.salve.si\/#organization","name":"Salve d.o.o.","url":"https:\/\/www.salve.si\/","logo":{"@type":"ImageObject","inLanguage":"en-US","@id":"https:\/\/www.salve.si\/#\/schema\/logo\/image\/","url":"https:\/\/www.salve.si\/wp-content\/uploads\/2021\/01\/Salve_logo_modri_nov_web.png","contentUrl":"https:\/\/www.salve.si\/wp-content\/uploads\/2021\/01\/Salve_logo_modri_nov_web.png","width":279,"height":90,"caption":"Salve d.o.o."},"image":{"@id":"https:\/\/www.salve.si\/#\/schema\/logo\/image\/"},"sameAs":["https:\/\/www.facebook.com\/salve.si","https:\/\/www.instagram.com\/zalozbasalve\/","https:\/\/www.linkedin.com\/company\/zalozba-salve\/"]}]}},"_links":{"self":[{"href":"https:\/\/www.salve.si\/en\/wp-json\/wp\/v2\/product\/4463","targetHints":{"allow":["GET"]}}],"collection":[{"href":"https:\/\/www.salve.si\/en\/wp-json\/wp\/v2\/product"}],"about":[{"href":"https:\/\/www.salve.si\/en\/wp-json\/wp\/v2\/types\/product"}],"version-history":[{"count":1,"href":"https:\/\/www.salve.si\/en\/wp-json\/wp\/v2\/product\/4463\/revisions"}],"predecessor-version":[{"id":12559,"href":"https:\/\/www.salve.si\/en\/wp-json\/wp\/v2\/product\/4463\/revisions\/12559"}],"wp:featuredmedia":[{"embeddable":true,"href":"https:\/\/www.salve.si\/en\/wp-json\/wp\/v2\/media\/12558"}],"wp:attachment":[{"href":"https:\/\/www.salve.si\/en\/wp-json\/wp\/v2\/media?parent=4463"}],"wp:term":[{"taxonomy":"product_cat","embeddable":true,"href":"https:\/\/www.salve.si\/en\/wp-json\/wp\/v2\/product_cat?post=4463"},{"taxonomy":"product_tag","embeddable":true,"href":"https:\/\/www.salve.si\/en\/wp-json\/wp\/v2\/product_tag?post=4463"}],"curies":[{"name":"wp","href":"https:\/\/api.w.org\/{rel}","templated":true}]}}