{"id":4317,"date":"2017-07-31T22:55:02","date_gmt":"2017-07-31T20:55:02","guid":{"rendered":"http:\/\/www.salve.si\/?post_type=product&#038;p=4317"},"modified":"2022-06-07T11:10:33","modified_gmt":"2022-06-07T09:10:33","slug":"r_ovitek-pvc-za-spricevalo","status":"publish","type":"product","link":"https:\/\/www.salve.si\/en\/trgovina\/knjige\/katekizmi\/r_ovitek-pvc-za-spricevalo\/","title":{"rendered":"OVITEK PVC za spri\u010devalo"},"content":{"rendered":"<p><span class=\"slv-content-keywords\"> Verou\u010dni u\u010dbeniki <\/span><\/p>","protected":false},"excerpt":{"rendered":"<p>Plasti\u010den ovitek za verou\u010dno spri\u010devalo.<\/p>","protected":false},"featured_media":6643,"template":"","meta":{"_acf_changed":false,"footnotes":""},"product_cat":[317],"product_tag":[],"class_list":{"0":"post-4317","1":"product","2":"type-product","3":"status-publish","4":"has-post-thumbnail","6":"publisher-mohorjeva-druzba-celje","7":"product_cat-katekizmi","9":"first","10":"outofstock","11":"shipping-taxable","12":"purchasable","13":"product-type-simple"},"acf":[],"yoast_head":"<!-- This site is optimized with the Yoast SEO plugin v23.8 - https:\/\/yoast.com\/wordpress\/plugins\/seo\/ -->\n<title>OVITEK PVC za spri\u010devalo - Salve<\/title>\n<meta name=\"robots\" content=\"index, follow, max-snippet:-1, max-image-preview:large, max-video-preview:-1\" \/>\n<link rel=\"canonical\" href=\"https:\/\/www.salve.si\/en\/trgovina\/knjige\/katekizmi\/r_ovitek-pvc-za-spricevalo\/\" \/>\n<meta property=\"og:locale\" content=\"en_US\" \/>\n<meta property=\"og:type\" content=\"article\" \/>\n<meta property=\"og:title\" content=\"OVITEK PVC za spri\u010devalo - Salve\" \/>\n<meta property=\"og:description\" content=\"Plasti\u010den ovitek za verou\u010dno spri\u010devalo.\" \/>\n<meta property=\"og:url\" content=\"https:\/\/www.salve.si\/en\/trgovina\/knjige\/katekizmi\/r_ovitek-pvc-za-spricevalo\/\" \/>\n<meta property=\"og:site_name\" content=\"Salve\" \/>\n<meta property=\"article:publisher\" content=\"https:\/\/www.facebook.com\/salve.si\" \/>\n<meta property=\"article:modified_time\" content=\"2022-06-07T09:10:33+00:00\" \/>\n<meta property=\"og:image\" content=\"https:\/\/www.salve.si\/wp-content\/uploads\/2017\/07\/67612383_2639569362740620_4022884764225634304_n.jpg\" \/>\n\t<meta property=\"og:image:width\" content=\"960\" \/>\n\t<meta property=\"og:image:height\" content=\"720\" \/>\n\t<meta property=\"og:image:type\" content=\"image\/jpeg\" \/>\n<meta name=\"twitter:card\" content=\"summary_large_image\" \/>\n<script type=\"application\/ld+json\" class=\"yoast-schema-graph\">{\"@context\":\"https:\/\/schema.org\",\"@graph\":[{\"@type\":\"WebPage\",\"@id\":\"https:\/\/www.salve.si\/trgovina\/knjige\/katekizmi\/r_ovitek-pvc-za-spricevalo\/\",\"url\":\"https:\/\/www.salve.si\/trgovina\/knjige\/katekizmi\/r_ovitek-pvc-za-spricevalo\/\",\"name\":\"OVITEK PVC za spri\u010devalo - Salve\",\"isPartOf\":{\"@id\":\"https:\/\/www.salve.si\/#website\"},\"primaryImageOfPage\":{\"@id\":\"https:\/\/www.salve.si\/trgovina\/knjige\/katekizmi\/r_ovitek-pvc-za-spricevalo\/#primaryimage\"},\"image\":{\"@id\":\"https:\/\/www.salve.si\/trgovina\/knjige\/katekizmi\/r_ovitek-pvc-za-spricevalo\/#primaryimage\"},\"thumbnailUrl\":\"https:\/\/www.salve.si\/wp-content\/uploads\/2017\/07\/67612383_2639569362740620_4022884764225634304_n.jpg\",\"datePublished\":\"2017-07-31T20:55:02+00:00\",\"dateModified\":\"2022-06-07T09:10:33+00:00\",\"breadcrumb\":{\"@id\":\"https:\/\/www.salve.si\/trgovina\/knjige\/katekizmi\/r_ovitek-pvc-za-spricevalo\/#breadcrumb\"},\"inLanguage\":\"en-US\",\"potentialAction\":[{\"@type\":\"ReadAction\",\"target\":[\"https:\/\/www.salve.si\/trgovina\/knjige\/katekizmi\/r_ovitek-pvc-za-spricevalo\/\"]}]},{\"@type\":\"ImageObject\",\"inLanguage\":\"en-US\",\"@id\":\"https:\/\/www.salve.si\/trgovina\/knjige\/katekizmi\/r_ovitek-pvc-za-spricevalo\/#primaryimage\",\"url\":\"https:\/\/www.salve.si\/wp-content\/uploads\/2017\/07\/67612383_2639569362740620_4022884764225634304_n.jpg\",\"contentUrl\":\"https:\/\/www.salve.si\/wp-content\/uploads\/2017\/07\/67612383_2639569362740620_4022884764225634304_n.jpg\",\"width\":960,\"height\":720},{\"@type\":\"BreadcrumbList\",\"@id\":\"https:\/\/www.salve.si\/trgovina\/knjige\/katekizmi\/r_ovitek-pvc-za-spricevalo\/#breadcrumb\",\"itemListElement\":[{\"@type\":\"ListItem\",\"position\":1,\"name\":\"Home\",\"item\":\"https:\/\/www.salve.si\/\"},{\"@type\":\"ListItem\",\"position\":2,\"name\":\"Trgovina\",\"item\":\"https:\/\/www.salve.si\/trgovina\/\"},{\"@type\":\"ListItem\",\"position\":3,\"name\":\"OVITEK PVC za spri\u010devalo\"}]},{\"@type\":\"WebSite\",\"@id\":\"https:\/\/www.salve.si\/#website\",\"url\":\"https:\/\/www.salve.si\/\",\"name\":\"Salve\",\"description\":\"Salezijanska zalo\u017eba\",\"publisher\":{\"@id\":\"https:\/\/www.salve.si\/#organization\"},\"potentialAction\":[{\"@type\":\"SearchAction\",\"target\":{\"@type\":\"EntryPoint\",\"urlTemplate\":\"https:\/\/www.salve.si\/?s={search_term_string}\"},\"query-input\":{\"@type\":\"PropertyValueSpecification\",\"valueRequired\":true,\"valueName\":\"search_term_string\"}}],\"inLanguage\":\"en-US\"},{\"@type\":\"Organization\",\"@id\":\"https:\/\/www.salve.si\/#organization\",\"name\":\"Salve d.o.o.\",\"url\":\"https:\/\/www.salve.si\/\",\"logo\":{\"@type\":\"ImageObject\",\"inLanguage\":\"en-US\",\"@id\":\"https:\/\/www.salve.si\/#\/schema\/logo\/image\/\",\"url\":\"https:\/\/www.salve.si\/wp-content\/uploads\/2021\/01\/Salve_logo_modri_nov_web.png\",\"contentUrl\":\"https:\/\/www.salve.si\/wp-content\/uploads\/2021\/01\/Salve_logo_modri_nov_web.png\",\"width\":279,\"height\":90,\"caption\":\"Salve d.o.o.\"},\"image\":{\"@id\":\"https:\/\/www.salve.si\/#\/schema\/logo\/image\/\"},\"sameAs\":[\"https:\/\/www.facebook.com\/salve.si\",\"https:\/\/www.instagram.com\/zalozbasalve\/\",\"https:\/\/www.linkedin.com\/company\/zalozba-salve\/\"]}]}<\/script>\n<!-- \/ Yoast SEO plugin. -->","yoast_head_json":{"title":"OVITEK PVC za spri\u010devalo - Salve","robots":{"index":"index","follow":"follow","max-snippet":"max-snippet:-1","max-image-preview":"max-image-preview:large","max-video-preview":"max-video-preview:-1"},"canonical":"https:\/\/www.salve.si\/en\/trgovina\/knjige\/katekizmi\/r_ovitek-pvc-za-spricevalo\/","og_locale":"en_US","og_type":"article","og_title":"OVITEK PVC za spri\u010devalo - Salve","og_description":"Plasti\u010den ovitek za verou\u010dno spri\u010devalo.","og_url":"https:\/\/www.salve.si\/en\/trgovina\/knjige\/katekizmi\/r_ovitek-pvc-za-spricevalo\/","og_site_name":"Salve","article_publisher":"https:\/\/www.facebook.com\/salve.si","article_modified_time":"2022-06-07T09:10:33+00:00","og_image":[{"width":960,"height":720,"url":"https:\/\/www.salve.si\/wp-content\/uploads\/2017\/07\/67612383_2639569362740620_4022884764225634304_n.jpg","type":"image\/jpeg"}],"twitter_card":"summary_large_image","schema":{"@context":"https:\/\/schema.org","@graph":[{"@type":"WebPage","@id":"https:\/\/www.salve.si\/trgovina\/knjige\/katekizmi\/r_ovitek-pvc-za-spricevalo\/","url":"https:\/\/www.salve.si\/trgovina\/knjige\/katekizmi\/r_ovitek-pvc-za-spricevalo\/","name":"OVITEK PVC za spri\u010devalo - Salve","isPartOf":{"@id":"https:\/\/www.salve.si\/#website"},"primaryImageOfPage":{"@id":"https:\/\/www.salve.si\/trgovina\/knjige\/katekizmi\/r_ovitek-pvc-za-spricevalo\/#primaryimage"},"image":{"@id":"https:\/\/www.salve.si\/trgovina\/knjige\/katekizmi\/r_ovitek-pvc-za-spricevalo\/#primaryimage"},"thumbnailUrl":"https:\/\/www.salve.si\/wp-content\/uploads\/2017\/07\/67612383_2639569362740620_4022884764225634304_n.jpg","datePublished":"2017-07-31T20:55:02+00:00","dateModified":"2022-06-07T09:10:33+00:00","breadcrumb":{"@id":"https:\/\/www.salve.si\/trgovina\/knjige\/katekizmi\/r_ovitek-pvc-za-spricevalo\/#breadcrumb"},"inLanguage":"en-US","potentialAction":[{"@type":"ReadAction","target":["https:\/\/www.salve.si\/trgovina\/knjige\/katekizmi\/r_ovitek-pvc-za-spricevalo\/"]}]},{"@type":"ImageObject","inLanguage":"en-US","@id":"https:\/\/www.salve.si\/trgovina\/knjige\/katekizmi\/r_ovitek-pvc-za-spricevalo\/#primaryimage","url":"https:\/\/www.salve.si\/wp-content\/uploads\/2017\/07\/67612383_2639569362740620_4022884764225634304_n.jpg","contentUrl":"https:\/\/www.salve.si\/wp-content\/uploads\/2017\/07\/67612383_2639569362740620_4022884764225634304_n.jpg","width":960,"height":720},{"@type":"BreadcrumbList","@id":"https:\/\/www.salve.si\/trgovina\/knjige\/katekizmi\/r_ovitek-pvc-za-spricevalo\/#breadcrumb","itemListElement":[{"@type":"ListItem","position":1,"name":"Home","item":"https:\/\/www.salve.si\/"},{"@type":"ListItem","position":2,"name":"Trgovina","item":"https:\/\/www.salve.si\/trgovina\/"},{"@type":"ListItem","position":3,"name":"OVITEK PVC za spri\u010devalo"}]},{"@type":"WebSite","@id":"https:\/\/www.salve.si\/#website","url":"https:\/\/www.salve.si\/","name":"Salve","description":"Salezijanska zalo\u017eba","publisher":{"@id":"https:\/\/www.salve.si\/#organization"},"potentialAction":[{"@type":"SearchAction","target":{"@type":"EntryPoint","urlTemplate":"https:\/\/www.salve.si\/?s={search_term_string}"},"query-input":{"@type":"PropertyValueSpecification","valueRequired":true,"valueName":"search_term_string"}}],"inLanguage":"en-US"},{"@type":"Organization","@id":"https:\/\/www.salve.si\/#organization","name":"Salve d.o.o.","url":"https:\/\/www.salve.si\/","logo":{"@type":"ImageObject","inLanguage":"en-US","@id":"https:\/\/www.salve.si\/#\/schema\/logo\/image\/","url":"https:\/\/www.salve.si\/wp-content\/uploads\/2021\/01\/Salve_logo_modri_nov_web.png","contentUrl":"https:\/\/www.salve.si\/wp-content\/uploads\/2021\/01\/Salve_logo_modri_nov_web.png","width":279,"height":90,"caption":"Salve d.o.o."},"image":{"@id":"https:\/\/www.salve.si\/#\/schema\/logo\/image\/"},"sameAs":["https:\/\/www.facebook.com\/salve.si","https:\/\/www.instagram.com\/zalozbasalve\/","https:\/\/www.linkedin.com\/company\/zalozba-salve\/"]}]}},"_links":{"self":[{"href":"https:\/\/www.salve.si\/en\/wp-json\/wp\/v2\/product\/4317","targetHints":{"allow":["GET"]}}],"collection":[{"href":"https:\/\/www.salve.si\/en\/wp-json\/wp\/v2\/product"}],"about":[{"href":"https:\/\/www.salve.si\/en\/wp-json\/wp\/v2\/types\/product"}],"version-history":[{"count":1,"href":"https:\/\/www.salve.si\/en\/wp-json\/wp\/v2\/product\/4317\/revisions"}],"predecessor-version":[{"id":6649,"href":"https:\/\/www.salve.si\/en\/wp-json\/wp\/v2\/product\/4317\/revisions\/6649"}],"wp:featuredmedia":[{"embeddable":true,"href":"https:\/\/www.salve.si\/en\/wp-json\/wp\/v2\/media\/6643"}],"wp:attachment":[{"href":"https:\/\/www.salve.si\/en\/wp-json\/wp\/v2\/media?parent=4317"}],"wp:term":[{"taxonomy":"product_cat","embeddable":true,"href":"https:\/\/www.salve.si\/en\/wp-json\/wp\/v2\/product_cat?post=4317"},{"taxonomy":"product_tag","embeddable":true,"href":"https:\/\/www.salve.si\/en\/wp-json\/wp\/v2\/product_tag?post=4317"}],"curies":[{"name":"wp","href":"https:\/\/api.w.org\/{rel}","templated":true}]}}