{"id":4254,"date":"2017-07-31T21:41:10","date_gmt":"2017-07-31T19:41:10","guid":{"rendered":"http:\/\/www.salve.si\/?post_type=product&#038;p=4254"},"modified":"2023-11-17T23:01:50","modified_gmt":"2023-11-17T22:01:50","slug":"krscanski-nauk-1-knjiga","status":"publish","type":"product","link":"https:\/\/www.salve.si\/en\/trgovina\/knjige\/katekizmi\/krscanski-nauk-1-knjiga\/","title":{"rendered":"Kr\u0161\u010danski nauk 1, knjiga"},"content":{"rendered":"<p>Starej\u0161a verou\u010dna knjiga. Na voljo do prodaje zalog.<span class=\"slv-content-keywords\"> Verou\u010dni u\u010dbeniki <\/span><\/p>","protected":false},"excerpt":{"rendered":"<p>Starej\u0161a verou\u010dna knjiga. Na voljo do prodaje zalog. Verou\u010dni u\u010dbeniki<\/p>","protected":false},"featured_media":4255,"template":"","meta":{"_acf_changed":false,"footnotes":""},"product_cat":[317],"product_tag":[],"class_list":{"0":"post-4254","1":"product","2":"type-product","3":"status-publish","4":"has-post-thumbnail","6":"publisher-salve-d-o-o-ljubljana","7":"product_cat-katekizmi","9":"first","10":"instock","11":"shipping-taxable","12":"purchasable","13":"product-type-simple"},"acf":[],"yoast_head":"<!-- This site is optimized with the Yoast SEO plugin v23.8 - https:\/\/yoast.com\/wordpress\/plugins\/seo\/ -->\n<title>Kr\u0161\u010danski nauk 1, knjiga - Salve<\/title>\n<meta name=\"robots\" content=\"index, follow, max-snippet:-1, max-image-preview:large, max-video-preview:-1\" \/>\n<link rel=\"canonical\" href=\"https:\/\/www.salve.si\/en\/trgovina\/knjige\/katekizmi\/krscanski-nauk-1-knjiga\/\" \/>\n<meta property=\"og:locale\" content=\"en_US\" \/>\n<meta property=\"og:type\" content=\"article\" \/>\n<meta property=\"og:title\" content=\"Kr\u0161\u010danski nauk 1, knjiga - Salve\" \/>\n<meta property=\"og:description\" content=\"Starej\u0161a verou\u010dna knjiga. Na voljo do prodaje zalog. Verou\u010dni u\u010dbeniki\" \/>\n<meta property=\"og:url\" content=\"https:\/\/www.salve.si\/en\/trgovina\/knjige\/katekizmi\/krscanski-nauk-1-knjiga\/\" \/>\n<meta property=\"og:site_name\" content=\"Salve\" \/>\n<meta property=\"article:publisher\" content=\"https:\/\/www.facebook.com\/salve.si\" \/>\n<meta property=\"article:modified_time\" content=\"2023-11-17T22:01:50+00:00\" \/>\n<meta property=\"og:image\" content=\"https:\/\/www.salve.si\/wp-content\/uploads\/2018\/07\/Krscanski-nauk-1_knjiga.jpg\" \/>\n\t<meta property=\"og:image:width\" content=\"762\" \/>\n\t<meta property=\"og:image:height\" content=\"1186\" \/>\n\t<meta property=\"og:image:type\" content=\"image\/jpeg\" \/>\n<meta name=\"twitter:card\" content=\"summary_large_image\" \/>\n<script type=\"application\/ld+json\" class=\"yoast-schema-graph\">{\"@context\":\"https:\/\/schema.org\",\"@graph\":[{\"@type\":\"WebPage\",\"@id\":\"https:\/\/www.salve.si\/trgovina\/knjige\/katekizmi\/krscanski-nauk-1-knjiga\/\",\"url\":\"https:\/\/www.salve.si\/trgovina\/knjige\/katekizmi\/krscanski-nauk-1-knjiga\/\",\"name\":\"Kr\u0161\u010danski nauk 1, knjiga - Salve\",\"isPartOf\":{\"@id\":\"https:\/\/www.salve.si\/#website\"},\"primaryImageOfPage\":{\"@id\":\"https:\/\/www.salve.si\/trgovina\/knjige\/katekizmi\/krscanski-nauk-1-knjiga\/#primaryimage\"},\"image\":{\"@id\":\"https:\/\/www.salve.si\/trgovina\/knjige\/katekizmi\/krscanski-nauk-1-knjiga\/#primaryimage\"},\"thumbnailUrl\":\"https:\/\/www.salve.si\/wp-content\/uploads\/2018\/07\/Krscanski-nauk-1_knjiga.jpg\",\"datePublished\":\"2017-07-31T19:41:10+00:00\",\"dateModified\":\"2023-11-17T22:01:50+00:00\",\"breadcrumb\":{\"@id\":\"https:\/\/www.salve.si\/trgovina\/knjige\/katekizmi\/krscanski-nauk-1-knjiga\/#breadcrumb\"},\"inLanguage\":\"en-US\",\"potentialAction\":[{\"@type\":\"ReadAction\",\"target\":[\"https:\/\/www.salve.si\/trgovina\/knjige\/katekizmi\/krscanski-nauk-1-knjiga\/\"]}]},{\"@type\":\"ImageObject\",\"inLanguage\":\"en-US\",\"@id\":\"https:\/\/www.salve.si\/trgovina\/knjige\/katekizmi\/krscanski-nauk-1-knjiga\/#primaryimage\",\"url\":\"https:\/\/www.salve.si\/wp-content\/uploads\/2018\/07\/Krscanski-nauk-1_knjiga.jpg\",\"contentUrl\":\"https:\/\/www.salve.si\/wp-content\/uploads\/2018\/07\/Krscanski-nauk-1_knjiga.jpg\",\"width\":762,\"height\":1186},{\"@type\":\"BreadcrumbList\",\"@id\":\"https:\/\/www.salve.si\/trgovina\/knjige\/katekizmi\/krscanski-nauk-1-knjiga\/#breadcrumb\",\"itemListElement\":[{\"@type\":\"ListItem\",\"position\":1,\"name\":\"Home\",\"item\":\"https:\/\/www.salve.si\/\"},{\"@type\":\"ListItem\",\"position\":2,\"name\":\"Trgovina\",\"item\":\"https:\/\/www.salve.si\/trgovina\/\"},{\"@type\":\"ListItem\",\"position\":3,\"name\":\"Kr\u0161\u010danski nauk 1, knjiga\"}]},{\"@type\":\"WebSite\",\"@id\":\"https:\/\/www.salve.si\/#website\",\"url\":\"https:\/\/www.salve.si\/\",\"name\":\"Salve\",\"description\":\"Salezijanska zalo\u017eba\",\"publisher\":{\"@id\":\"https:\/\/www.salve.si\/#organization\"},\"potentialAction\":[{\"@type\":\"SearchAction\",\"target\":{\"@type\":\"EntryPoint\",\"urlTemplate\":\"https:\/\/www.salve.si\/?s={search_term_string}\"},\"query-input\":{\"@type\":\"PropertyValueSpecification\",\"valueRequired\":true,\"valueName\":\"search_term_string\"}}],\"inLanguage\":\"en-US\"},{\"@type\":\"Organization\",\"@id\":\"https:\/\/www.salve.si\/#organization\",\"name\":\"Salve d.o.o.\",\"url\":\"https:\/\/www.salve.si\/\",\"logo\":{\"@type\":\"ImageObject\",\"inLanguage\":\"en-US\",\"@id\":\"https:\/\/www.salve.si\/#\/schema\/logo\/image\/\",\"url\":\"https:\/\/www.salve.si\/wp-content\/uploads\/2021\/01\/Salve_logo_modri_nov_web.png\",\"contentUrl\":\"https:\/\/www.salve.si\/wp-content\/uploads\/2021\/01\/Salve_logo_modri_nov_web.png\",\"width\":279,\"height\":90,\"caption\":\"Salve d.o.o.\"},\"image\":{\"@id\":\"https:\/\/www.salve.si\/#\/schema\/logo\/image\/\"},\"sameAs\":[\"https:\/\/www.facebook.com\/salve.si\",\"https:\/\/www.instagram.com\/zalozbasalve\/\",\"https:\/\/www.linkedin.com\/company\/zalozba-salve\/\"]}]}<\/script>\n<!-- \/ Yoast SEO plugin. -->","yoast_head_json":{"title":"Kr\u0161\u010danski nauk 1, knjiga - Salve","robots":{"index":"index","follow":"follow","max-snippet":"max-snippet:-1","max-image-preview":"max-image-preview:large","max-video-preview":"max-video-preview:-1"},"canonical":"https:\/\/www.salve.si\/en\/trgovina\/knjige\/katekizmi\/krscanski-nauk-1-knjiga\/","og_locale":"en_US","og_type":"article","og_title":"Kr\u0161\u010danski nauk 1, knjiga - Salve","og_description":"Starej\u0161a verou\u010dna knjiga. Na voljo do prodaje zalog. Verou\u010dni u\u010dbeniki","og_url":"https:\/\/www.salve.si\/en\/trgovina\/knjige\/katekizmi\/krscanski-nauk-1-knjiga\/","og_site_name":"Salve","article_publisher":"https:\/\/www.facebook.com\/salve.si","article_modified_time":"2023-11-17T22:01:50+00:00","og_image":[{"width":762,"height":1186,"url":"https:\/\/www.salve.si\/wp-content\/uploads\/2018\/07\/Krscanski-nauk-1_knjiga.jpg","type":"image\/jpeg"}],"twitter_card":"summary_large_image","schema":{"@context":"https:\/\/schema.org","@graph":[{"@type":"WebPage","@id":"https:\/\/www.salve.si\/trgovina\/knjige\/katekizmi\/krscanski-nauk-1-knjiga\/","url":"https:\/\/www.salve.si\/trgovina\/knjige\/katekizmi\/krscanski-nauk-1-knjiga\/","name":"Kr\u0161\u010danski nauk 1, knjiga - Salve","isPartOf":{"@id":"https:\/\/www.salve.si\/#website"},"primaryImageOfPage":{"@id":"https:\/\/www.salve.si\/trgovina\/knjige\/katekizmi\/krscanski-nauk-1-knjiga\/#primaryimage"},"image":{"@id":"https:\/\/www.salve.si\/trgovina\/knjige\/katekizmi\/krscanski-nauk-1-knjiga\/#primaryimage"},"thumbnailUrl":"https:\/\/www.salve.si\/wp-content\/uploads\/2018\/07\/Krscanski-nauk-1_knjiga.jpg","datePublished":"2017-07-31T19:41:10+00:00","dateModified":"2023-11-17T22:01:50+00:00","breadcrumb":{"@id":"https:\/\/www.salve.si\/trgovina\/knjige\/katekizmi\/krscanski-nauk-1-knjiga\/#breadcrumb"},"inLanguage":"en-US","potentialAction":[{"@type":"ReadAction","target":["https:\/\/www.salve.si\/trgovina\/knjige\/katekizmi\/krscanski-nauk-1-knjiga\/"]}]},{"@type":"ImageObject","inLanguage":"en-US","@id":"https:\/\/www.salve.si\/trgovina\/knjige\/katekizmi\/krscanski-nauk-1-knjiga\/#primaryimage","url":"https:\/\/www.salve.si\/wp-content\/uploads\/2018\/07\/Krscanski-nauk-1_knjiga.jpg","contentUrl":"https:\/\/www.salve.si\/wp-content\/uploads\/2018\/07\/Krscanski-nauk-1_knjiga.jpg","width":762,"height":1186},{"@type":"BreadcrumbList","@id":"https:\/\/www.salve.si\/trgovina\/knjige\/katekizmi\/krscanski-nauk-1-knjiga\/#breadcrumb","itemListElement":[{"@type":"ListItem","position":1,"name":"Home","item":"https:\/\/www.salve.si\/"},{"@type":"ListItem","position":2,"name":"Trgovina","item":"https:\/\/www.salve.si\/trgovina\/"},{"@type":"ListItem","position":3,"name":"Kr\u0161\u010danski nauk 1, knjiga"}]},{"@type":"WebSite","@id":"https:\/\/www.salve.si\/#website","url":"https:\/\/www.salve.si\/","name":"Salve","description":"Salezijanska zalo\u017eba","publisher":{"@id":"https:\/\/www.salve.si\/#organization"},"potentialAction":[{"@type":"SearchAction","target":{"@type":"EntryPoint","urlTemplate":"https:\/\/www.salve.si\/?s={search_term_string}"},"query-input":{"@type":"PropertyValueSpecification","valueRequired":true,"valueName":"search_term_string"}}],"inLanguage":"en-US"},{"@type":"Organization","@id":"https:\/\/www.salve.si\/#organization","name":"Salve d.o.o.","url":"https:\/\/www.salve.si\/","logo":{"@type":"ImageObject","inLanguage":"en-US","@id":"https:\/\/www.salve.si\/#\/schema\/logo\/image\/","url":"https:\/\/www.salve.si\/wp-content\/uploads\/2021\/01\/Salve_logo_modri_nov_web.png","contentUrl":"https:\/\/www.salve.si\/wp-content\/uploads\/2021\/01\/Salve_logo_modri_nov_web.png","width":279,"height":90,"caption":"Salve d.o.o."},"image":{"@id":"https:\/\/www.salve.si\/#\/schema\/logo\/image\/"},"sameAs":["https:\/\/www.facebook.com\/salve.si","https:\/\/www.instagram.com\/zalozbasalve\/","https:\/\/www.linkedin.com\/company\/zalozba-salve\/"]}]}},"_links":{"self":[{"href":"https:\/\/www.salve.si\/en\/wp-json\/wp\/v2\/product\/4254","targetHints":{"allow":["GET"]}}],"collection":[{"href":"https:\/\/www.salve.si\/en\/wp-json\/wp\/v2\/product"}],"about":[{"href":"https:\/\/www.salve.si\/en\/wp-json\/wp\/v2\/types\/product"}],"version-history":[{"count":2,"href":"https:\/\/www.salve.si\/en\/wp-json\/wp\/v2\/product\/4254\/revisions"}],"predecessor-version":[{"id":11905,"href":"https:\/\/www.salve.si\/en\/wp-json\/wp\/v2\/product\/4254\/revisions\/11905"}],"wp:featuredmedia":[{"embeddable":true,"href":"https:\/\/www.salve.si\/en\/wp-json\/wp\/v2\/media\/4255"}],"wp:attachment":[{"href":"https:\/\/www.salve.si\/en\/wp-json\/wp\/v2\/media?parent=4254"}],"wp:term":[{"taxonomy":"product_cat","embeddable":true,"href":"https:\/\/www.salve.si\/en\/wp-json\/wp\/v2\/product_cat?post=4254"},{"taxonomy":"product_tag","embeddable":true,"href":"https:\/\/www.salve.si\/en\/wp-json\/wp\/v2\/product_tag?post=4254"}],"curies":[{"name":"wp","href":"https:\/\/api.w.org\/{rel}","templated":true}]}}