{"id":3994,"date":"2018-06-13T13:48:59","date_gmt":"2018-06-13T11:48:59","guid":{"rendered":"http:\/\/2018.salve.si\/?post_type=product&#038;p=3994"},"modified":"2020-11-11T05:57:33","modified_gmt":"2020-11-11T04:57:33","slug":"v-soli-ljubezni","status":"publish","type":"product","link":"https:\/\/www.salve.si\/en\/trgovina\/knjige\/teologija-in-duhovnost\/v-soli-ljubezni\/","title":{"rendered":"V \u0161oli ljubezni"},"content":{"rendered":"<p>&#8220;\u0160e ena duhovna knji\u017eica patra dr. Slavka Barbari\u010da. \u0160e eno pri\u010devanje o izvirnosti in izvrstnosti njegovega duhovnega pisanja &#8230; \u010ceprav so se tudi prej\u0161nje knji\u017eice p. Slavka dotikale jedra kr\u0161\u010danskega nauka in evangeljskega \u017eivljenja, lahko za to najnovej\u0161o nedvomno trdimo, da \u010drpa neposredno iz starodavnega evangeljskega vrelca. Ta pravrelec je Ljubezen &#8230; Iz tega nepresahljivega bo\u017eanskega vrelca in brezbre\u017enega bo\u017eanskega oceana se napaja ta duhovna knji\u017eica. Povsem razumljivo je, da ji dajejo duhovni \u017ear in polet enajst let trajajo\u010da duhovna dogajanja na svetem kraju Kraljice miru v Med\u017eugorju.&#8221; (Jakov Bubalo)<span class=\"slv-content-keywords\"> p. Slavko Barbari\u0107 Teologija in duhovnost <\/span><\/p>","protected":false},"excerpt":{"rendered":"<p>&#8220;Vzemi to knji\u017eico in beri. Nastajala je z ljubeznijo in \u017eeli pri\u010devati o ljubezni matere, ki govori in ljubi. Ker govori z ljubeznijo, ustvarja njena ljubezen v srcih tistih, ki jo poslu\u0161ajo, pripravljenost za poslu\u0161anje. Beri in poslu\u0161aj torej, kaj Ona govori.&#8221; (iz uvodne besede)<\/p>","protected":false},"featured_media":12508,"template":"","meta":{"_acf_changed":false,"footnotes":""},"product_cat":[314],"product_tag":[],"class_list":{"0":"post-3994","1":"product","2":"type-product","3":"status-publish","4":"has-post-thumbnail","6":"authors-p-slavko-barbaric","7":"publisher-salve-d-o-o-ljubljana","8":"product_cat-teologija-in-duhovnost","10":"first","11":"instock","12":"shipping-taxable","13":"purchasable","14":"product-type-simple"},"acf":[],"yoast_head":"<!-- This site is optimized with the Yoast SEO plugin v23.8 - https:\/\/yoast.com\/wordpress\/plugins\/seo\/ -->\n<title>V \u0161oli ljubezni - Salve<\/title>\n<meta name=\"robots\" content=\"index, follow, max-snippet:-1, max-image-preview:large, max-video-preview:-1\" \/>\n<link rel=\"canonical\" href=\"https:\/\/www.salve.si\/en\/trgovina\/knjige\/teologija-in-duhovnost\/v-soli-ljubezni\/\" \/>\n<meta property=\"og:locale\" content=\"en_US\" \/>\n<meta property=\"og:type\" content=\"article\" \/>\n<meta property=\"og:title\" content=\"V \u0161oli ljubezni - Salve\" \/>\n<meta property=\"og:description\" content=\"&quot;Vzemi to knji\u017eico in beri. Nastajala je z ljubeznijo in \u017eeli pri\u010devati o ljubezni matere, ki govori in ljubi. Ker govori z ljubeznijo, ustvarja njena ljubezen v srcih tistih, ki jo poslu\u0161ajo, pripravljenost za poslu\u0161anje. Beri in poslu\u0161aj torej, kaj Ona govori.&quot; (iz uvodne besede)\" \/>\n<meta property=\"og:url\" content=\"https:\/\/www.salve.si\/en\/trgovina\/knjige\/teologija-in-duhovnost\/v-soli-ljubezni\/\" \/>\n<meta property=\"og:site_name\" content=\"Salve\" \/>\n<meta property=\"article:publisher\" content=\"https:\/\/www.facebook.com\/salve.si\" \/>\n<meta property=\"article:modified_time\" content=\"2020-11-11T04:57:33+00:00\" \/>\n<meta property=\"og:image\" content=\"https:\/\/www.salve.si\/wp-content\/uploads\/2018\/06\/V-soli-ljubezni.jpg\" \/>\n\t<meta property=\"og:image:width\" content=\"255\" \/>\n\t<meta property=\"og:image:height\" content=\"415\" \/>\n\t<meta property=\"og:image:type\" content=\"image\/jpeg\" \/>\n<meta name=\"twitter:card\" content=\"summary_large_image\" \/>\n<meta name=\"twitter:label1\" content=\"Est. reading time\" \/>\n\t<meta name=\"twitter:data1\" content=\"1 minute\" \/>\n<script type=\"application\/ld+json\" class=\"yoast-schema-graph\">{\"@context\":\"https:\/\/schema.org\",\"@graph\":[{\"@type\":\"WebPage\",\"@id\":\"https:\/\/www.salve.si\/trgovina\/knjige\/teologija-in-duhovnost\/v-soli-ljubezni\/\",\"url\":\"https:\/\/www.salve.si\/trgovina\/knjige\/teologija-in-duhovnost\/v-soli-ljubezni\/\",\"name\":\"V \u0161oli ljubezni - Salve\",\"isPartOf\":{\"@id\":\"https:\/\/www.salve.si\/#website\"},\"primaryImageOfPage\":{\"@id\":\"https:\/\/www.salve.si\/trgovina\/knjige\/teologija-in-duhovnost\/v-soli-ljubezni\/#primaryimage\"},\"image\":{\"@id\":\"https:\/\/www.salve.si\/trgovina\/knjige\/teologija-in-duhovnost\/v-soli-ljubezni\/#primaryimage\"},\"thumbnailUrl\":\"https:\/\/www.salve.si\/wp-content\/uploads\/2018\/06\/V-soli-ljubezni.jpg\",\"datePublished\":\"2018-06-13T11:48:59+00:00\",\"dateModified\":\"2020-11-11T04:57:33+00:00\",\"breadcrumb\":{\"@id\":\"https:\/\/www.salve.si\/trgovina\/knjige\/teologija-in-duhovnost\/v-soli-ljubezni\/#breadcrumb\"},\"inLanguage\":\"en-US\",\"potentialAction\":[{\"@type\":\"ReadAction\",\"target\":[\"https:\/\/www.salve.si\/trgovina\/knjige\/teologija-in-duhovnost\/v-soli-ljubezni\/\"]}]},{\"@type\":\"ImageObject\",\"inLanguage\":\"en-US\",\"@id\":\"https:\/\/www.salve.si\/trgovina\/knjige\/teologija-in-duhovnost\/v-soli-ljubezni\/#primaryimage\",\"url\":\"https:\/\/www.salve.si\/wp-content\/uploads\/2018\/06\/V-soli-ljubezni.jpg\",\"contentUrl\":\"https:\/\/www.salve.si\/wp-content\/uploads\/2018\/06\/V-soli-ljubezni.jpg\",\"width\":255,\"height\":415},{\"@type\":\"BreadcrumbList\",\"@id\":\"https:\/\/www.salve.si\/trgovina\/knjige\/teologija-in-duhovnost\/v-soli-ljubezni\/#breadcrumb\",\"itemListElement\":[{\"@type\":\"ListItem\",\"position\":1,\"name\":\"Home\",\"item\":\"https:\/\/www.salve.si\/\"},{\"@type\":\"ListItem\",\"position\":2,\"name\":\"Trgovina\",\"item\":\"https:\/\/www.salve.si\/trgovina\/\"},{\"@type\":\"ListItem\",\"position\":3,\"name\":\"V \u0161oli ljubezni\"}]},{\"@type\":\"WebSite\",\"@id\":\"https:\/\/www.salve.si\/#website\",\"url\":\"https:\/\/www.salve.si\/\",\"name\":\"Salve\",\"description\":\"Salezijanska zalo\u017eba\",\"publisher\":{\"@id\":\"https:\/\/www.salve.si\/#organization\"},\"potentialAction\":[{\"@type\":\"SearchAction\",\"target\":{\"@type\":\"EntryPoint\",\"urlTemplate\":\"https:\/\/www.salve.si\/?s={search_term_string}\"},\"query-input\":{\"@type\":\"PropertyValueSpecification\",\"valueRequired\":true,\"valueName\":\"search_term_string\"}}],\"inLanguage\":\"en-US\"},{\"@type\":\"Organization\",\"@id\":\"https:\/\/www.salve.si\/#organization\",\"name\":\"Salve d.o.o.\",\"url\":\"https:\/\/www.salve.si\/\",\"logo\":{\"@type\":\"ImageObject\",\"inLanguage\":\"en-US\",\"@id\":\"https:\/\/www.salve.si\/#\/schema\/logo\/image\/\",\"url\":\"https:\/\/www.salve.si\/wp-content\/uploads\/2021\/01\/Salve_logo_modri_nov_web.png\",\"contentUrl\":\"https:\/\/www.salve.si\/wp-content\/uploads\/2021\/01\/Salve_logo_modri_nov_web.png\",\"width\":279,\"height\":90,\"caption\":\"Salve d.o.o.\"},\"image\":{\"@id\":\"https:\/\/www.salve.si\/#\/schema\/logo\/image\/\"},\"sameAs\":[\"https:\/\/www.facebook.com\/salve.si\",\"https:\/\/www.instagram.com\/zalozbasalve\/\",\"https:\/\/www.linkedin.com\/company\/zalozba-salve\/\"]}]}<\/script>\n<!-- \/ Yoast SEO plugin. -->","yoast_head_json":{"title":"V \u0161oli ljubezni - Salve","robots":{"index":"index","follow":"follow","max-snippet":"max-snippet:-1","max-image-preview":"max-image-preview:large","max-video-preview":"max-video-preview:-1"},"canonical":"https:\/\/www.salve.si\/en\/trgovina\/knjige\/teologija-in-duhovnost\/v-soli-ljubezni\/","og_locale":"en_US","og_type":"article","og_title":"V \u0161oli ljubezni - Salve","og_description":"\"Vzemi to knji\u017eico in beri. Nastajala je z ljubeznijo in \u017eeli pri\u010devati o ljubezni matere, ki govori in ljubi. Ker govori z ljubeznijo, ustvarja njena ljubezen v srcih tistih, ki jo poslu\u0161ajo, pripravljenost za poslu\u0161anje. Beri in poslu\u0161aj torej, kaj Ona govori.\" (iz uvodne besede)","og_url":"https:\/\/www.salve.si\/en\/trgovina\/knjige\/teologija-in-duhovnost\/v-soli-ljubezni\/","og_site_name":"Salve","article_publisher":"https:\/\/www.facebook.com\/salve.si","article_modified_time":"2020-11-11T04:57:33+00:00","og_image":[{"width":255,"height":415,"url":"https:\/\/www.salve.si\/wp-content\/uploads\/2018\/06\/V-soli-ljubezni.jpg","type":"image\/jpeg"}],"twitter_card":"summary_large_image","twitter_misc":{"Est. reading time":"1 minute"},"schema":{"@context":"https:\/\/schema.org","@graph":[{"@type":"WebPage","@id":"https:\/\/www.salve.si\/trgovina\/knjige\/teologija-in-duhovnost\/v-soli-ljubezni\/","url":"https:\/\/www.salve.si\/trgovina\/knjige\/teologija-in-duhovnost\/v-soli-ljubezni\/","name":"V \u0161oli ljubezni - Salve","isPartOf":{"@id":"https:\/\/www.salve.si\/#website"},"primaryImageOfPage":{"@id":"https:\/\/www.salve.si\/trgovina\/knjige\/teologija-in-duhovnost\/v-soli-ljubezni\/#primaryimage"},"image":{"@id":"https:\/\/www.salve.si\/trgovina\/knjige\/teologija-in-duhovnost\/v-soli-ljubezni\/#primaryimage"},"thumbnailUrl":"https:\/\/www.salve.si\/wp-content\/uploads\/2018\/06\/V-soli-ljubezni.jpg","datePublished":"2018-06-13T11:48:59+00:00","dateModified":"2020-11-11T04:57:33+00:00","breadcrumb":{"@id":"https:\/\/www.salve.si\/trgovina\/knjige\/teologija-in-duhovnost\/v-soli-ljubezni\/#breadcrumb"},"inLanguage":"en-US","potentialAction":[{"@type":"ReadAction","target":["https:\/\/www.salve.si\/trgovina\/knjige\/teologija-in-duhovnost\/v-soli-ljubezni\/"]}]},{"@type":"ImageObject","inLanguage":"en-US","@id":"https:\/\/www.salve.si\/trgovina\/knjige\/teologija-in-duhovnost\/v-soli-ljubezni\/#primaryimage","url":"https:\/\/www.salve.si\/wp-content\/uploads\/2018\/06\/V-soli-ljubezni.jpg","contentUrl":"https:\/\/www.salve.si\/wp-content\/uploads\/2018\/06\/V-soli-ljubezni.jpg","width":255,"height":415},{"@type":"BreadcrumbList","@id":"https:\/\/www.salve.si\/trgovina\/knjige\/teologija-in-duhovnost\/v-soli-ljubezni\/#breadcrumb","itemListElement":[{"@type":"ListItem","position":1,"name":"Home","item":"https:\/\/www.salve.si\/"},{"@type":"ListItem","position":2,"name":"Trgovina","item":"https:\/\/www.salve.si\/trgovina\/"},{"@type":"ListItem","position":3,"name":"V \u0161oli ljubezni"}]},{"@type":"WebSite","@id":"https:\/\/www.salve.si\/#website","url":"https:\/\/www.salve.si\/","name":"Salve","description":"Salezijanska zalo\u017eba","publisher":{"@id":"https:\/\/www.salve.si\/#organization"},"potentialAction":[{"@type":"SearchAction","target":{"@type":"EntryPoint","urlTemplate":"https:\/\/www.salve.si\/?s={search_term_string}"},"query-input":{"@type":"PropertyValueSpecification","valueRequired":true,"valueName":"search_term_string"}}],"inLanguage":"en-US"},{"@type":"Organization","@id":"https:\/\/www.salve.si\/#organization","name":"Salve d.o.o.","url":"https:\/\/www.salve.si\/","logo":{"@type":"ImageObject","inLanguage":"en-US","@id":"https:\/\/www.salve.si\/#\/schema\/logo\/image\/","url":"https:\/\/www.salve.si\/wp-content\/uploads\/2021\/01\/Salve_logo_modri_nov_web.png","contentUrl":"https:\/\/www.salve.si\/wp-content\/uploads\/2021\/01\/Salve_logo_modri_nov_web.png","width":279,"height":90,"caption":"Salve d.o.o."},"image":{"@id":"https:\/\/www.salve.si\/#\/schema\/logo\/image\/"},"sameAs":["https:\/\/www.facebook.com\/salve.si","https:\/\/www.instagram.com\/zalozbasalve\/","https:\/\/www.linkedin.com\/company\/zalozba-salve\/"]}]}},"_links":{"self":[{"href":"https:\/\/www.salve.si\/en\/wp-json\/wp\/v2\/product\/3994","targetHints":{"allow":["GET"]}}],"collection":[{"href":"https:\/\/www.salve.si\/en\/wp-json\/wp\/v2\/product"}],"about":[{"href":"https:\/\/www.salve.si\/en\/wp-json\/wp\/v2\/types\/product"}],"version-history":[{"count":1,"href":"https:\/\/www.salve.si\/en\/wp-json\/wp\/v2\/product\/3994\/revisions"}],"predecessor-version":[{"id":12509,"href":"https:\/\/www.salve.si\/en\/wp-json\/wp\/v2\/product\/3994\/revisions\/12509"}],"wp:featuredmedia":[{"embeddable":true,"href":"https:\/\/www.salve.si\/en\/wp-json\/wp\/v2\/media\/12508"}],"wp:attachment":[{"href":"https:\/\/www.salve.si\/en\/wp-json\/wp\/v2\/media?parent=3994"}],"wp:term":[{"taxonomy":"product_cat","embeddable":true,"href":"https:\/\/www.salve.si\/en\/wp-json\/wp\/v2\/product_cat?post=3994"},{"taxonomy":"product_tag","embeddable":true,"href":"https:\/\/www.salve.si\/en\/wp-json\/wp\/v2\/product_tag?post=3994"}],"curies":[{"name":"wp","href":"https:\/\/api.w.org\/{rel}","templated":true}]}}