{"id":3617,"date":"2018-05-16T11:02:37","date_gmt":"2018-05-16T09:02:37","guid":{"rendered":"http:\/\/2018.salve.si\/?post_type=product&#038;p=3617"},"modified":"2020-11-11T06:08:09","modified_gmt":"2020-11-11T05:08:09","slug":"se-naprej-vsak-dan-molite-rozni-venec","status":"publish","type":"product","link":"https:\/\/www.salve.si\/en\/trgovina\/knjige\/teologija-in-duhovnost\/se-naprej-vsak-dan-molite-rozni-venec\/","title":{"rendered":"\u0160e naprej vsak dan molite ro\u017eni venec"},"content":{"rendered":"<p>&#8220;Spodbudilo me je Marijino naro\u010dilo trem pastir\u010dkom, Luciji, Fran\u010di\u0161ku in Jacinti, 13. oktobra 1917 v Fatimi: &#8216;\u0160e naprej vsak dan molite ro\u017eni venec!&#8217; Zato sem se namenil, da bom pisal prav o ro\u017enem vencu. \u0160el sem ga najprej molit. Moj osebni zdravnik je ugotovil, da se premalo gibljem in mi je svetoval, naj ro\u017eni venec molim med sprehodom. \u010cudovito! \u0160e imamo zdravnike, ki molijo ro\u017eni venec in ga celo svetujejo svojim pacientom. Sprehod in ro\u017eni venec, oboje se da lepo zdru\u017eiti. Na\u0161i dolgi hodniki in samostanski vrt omogo\u010dajo gibanje in molitev v zbranosti. Ve\u010dkrat mi kdo pove ali zapi\u0161e, da na tak na\u010din moli ro\u017eni venec v naravi. A to je le eden od mnogih na\u010dinov te \u010dudovite molitve &#8230;<\/p>\n<p>O ro\u017enem vencu bo tekla beseda v obliki pogovora, da bo bolj nagovorila vsakega, tudi najbolj preprostega bralca, ki se \u017eeli poglobiti v to enkratno molitev. Prav zato bo v pogovor vklju\u010denih veliko pri\u010devanj iz \u017eivljenja, starej\u0161ih in novej\u0161ih, znanih in neznanih molivcev, Slovencev in \u010dlanov drugih narodov. Osebne izku\u0161nje najbolj vplivajo na \u010dloveka.<\/p>\n<p>Na koncu knji\u017eice je molitveni dodatek kot pripomo\u010dek za dobro molitev ro\u017enega venca, tudi za tiste, ki se v tej molitvi \u0161e ne znajdejo, prav tako za obhajanje petih prvih sobot na fatimski na\u010din.&#8221;<br \/>\n(iz spremne besede patra Nadraha)<span class=\"slv-content-keywords\"> Sto let Fatime Anton Nadrah Teologija in duhovnost Marija Ro\u017eni venec I. del <\/span><\/p>","protected":false},"excerpt":{"rendered":"<p>Osma knji\u017eica v zbirki Sto let Fatime.<\/p>","protected":false},"featured_media":12517,"template":"","meta":{"_acf_changed":false,"footnotes":""},"product_cat":[314],"product_tag":[337,641],"class_list":{"0":"post-3617","1":"product","2":"type-product","3":"status-publish","4":"has-post-thumbnail","6":"zbirke-sto-let-fatime","7":"authors-anton-nadrah","8":"publisher-salve-d-o-o-ljubljana","9":"product_cat-teologija-in-duhovnost","10":"product_tag-marija","11":"product_tag-rozni-venec","13":"first","14":"instock","15":"shipping-taxable","16":"purchasable","17":"product-type-simple"},"acf":[],"yoast_head":"<!-- This site is optimized with the Yoast SEO plugin v23.8 - https:\/\/yoast.com\/wordpress\/plugins\/seo\/ -->\n<title>\u0160e naprej vsak dan molite ro\u017eni venec - Salve<\/title>\n<meta name=\"robots\" content=\"index, follow, max-snippet:-1, max-image-preview:large, max-video-preview:-1\" \/>\n<link rel=\"canonical\" href=\"https:\/\/www.salve.si\/en\/trgovina\/knjige\/teologija-in-duhovnost\/se-naprej-vsak-dan-molite-rozni-venec\/\" \/>\n<meta property=\"og:locale\" content=\"en_US\" \/>\n<meta property=\"og:type\" content=\"article\" \/>\n<meta property=\"og:title\" content=\"\u0160e naprej vsak dan molite ro\u017eni venec - Salve\" \/>\n<meta property=\"og:description\" content=\"Osma knji\u017eica v zbirki Sto let Fatime.\" \/>\n<meta property=\"og:url\" content=\"https:\/\/www.salve.si\/en\/trgovina\/knjige\/teologija-in-duhovnost\/se-naprej-vsak-dan-molite-rozni-venec\/\" \/>\n<meta property=\"og:site_name\" content=\"Salve\" \/>\n<meta property=\"article:publisher\" content=\"https:\/\/www.facebook.com\/salve.si\" \/>\n<meta property=\"article:modified_time\" content=\"2020-11-11T05:08:09+00:00\" \/>\n<meta property=\"og:image\" content=\"https:\/\/www.salve.si\/wp-content\/uploads\/2018\/05\/Se-naprej-vsak-dan-molite-rozni-venec.jpg\" \/>\n\t<meta property=\"og:image:width\" content=\"474\" \/>\n\t<meta property=\"og:image:height\" content=\"685\" \/>\n\t<meta property=\"og:image:type\" content=\"image\/jpeg\" \/>\n<meta name=\"twitter:card\" content=\"summary_large_image\" \/>\n<meta name=\"twitter:label1\" content=\"Est. reading time\" \/>\n\t<meta name=\"twitter:data1\" content=\"1 minute\" \/>\n<script type=\"application\/ld+json\" class=\"yoast-schema-graph\">{\"@context\":\"https:\/\/schema.org\",\"@graph\":[{\"@type\":\"WebPage\",\"@id\":\"https:\/\/www.salve.si\/trgovina\/knjige\/teologija-in-duhovnost\/se-naprej-vsak-dan-molite-rozni-venec\/\",\"url\":\"https:\/\/www.salve.si\/trgovina\/knjige\/teologija-in-duhovnost\/se-naprej-vsak-dan-molite-rozni-venec\/\",\"name\":\"\u0160e naprej vsak dan molite ro\u017eni venec - Salve\",\"isPartOf\":{\"@id\":\"https:\/\/www.salve.si\/#website\"},\"primaryImageOfPage\":{\"@id\":\"https:\/\/www.salve.si\/trgovina\/knjige\/teologija-in-duhovnost\/se-naprej-vsak-dan-molite-rozni-venec\/#primaryimage\"},\"image\":{\"@id\":\"https:\/\/www.salve.si\/trgovina\/knjige\/teologija-in-duhovnost\/se-naprej-vsak-dan-molite-rozni-venec\/#primaryimage\"},\"thumbnailUrl\":\"https:\/\/www.salve.si\/wp-content\/uploads\/2018\/05\/Se-naprej-vsak-dan-molite-rozni-venec.jpg\",\"datePublished\":\"2018-05-16T09:02:37+00:00\",\"dateModified\":\"2020-11-11T05:08:09+00:00\",\"breadcrumb\":{\"@id\":\"https:\/\/www.salve.si\/trgovina\/knjige\/teologija-in-duhovnost\/se-naprej-vsak-dan-molite-rozni-venec\/#breadcrumb\"},\"inLanguage\":\"en-US\",\"potentialAction\":[{\"@type\":\"ReadAction\",\"target\":[\"https:\/\/www.salve.si\/trgovina\/knjige\/teologija-in-duhovnost\/se-naprej-vsak-dan-molite-rozni-venec\/\"]}]},{\"@type\":\"ImageObject\",\"inLanguage\":\"en-US\",\"@id\":\"https:\/\/www.salve.si\/trgovina\/knjige\/teologija-in-duhovnost\/se-naprej-vsak-dan-molite-rozni-venec\/#primaryimage\",\"url\":\"https:\/\/www.salve.si\/wp-content\/uploads\/2018\/05\/Se-naprej-vsak-dan-molite-rozni-venec.jpg\",\"contentUrl\":\"https:\/\/www.salve.si\/wp-content\/uploads\/2018\/05\/Se-naprej-vsak-dan-molite-rozni-venec.jpg\",\"width\":474,\"height\":685},{\"@type\":\"BreadcrumbList\",\"@id\":\"https:\/\/www.salve.si\/trgovina\/knjige\/teologija-in-duhovnost\/se-naprej-vsak-dan-molite-rozni-venec\/#breadcrumb\",\"itemListElement\":[{\"@type\":\"ListItem\",\"position\":1,\"name\":\"Home\",\"item\":\"https:\/\/www.salve.si\/\"},{\"@type\":\"ListItem\",\"position\":2,\"name\":\"Trgovina\",\"item\":\"https:\/\/www.salve.si\/trgovina\/\"},{\"@type\":\"ListItem\",\"position\":3,\"name\":\"\u0160e naprej vsak dan molite ro\u017eni venec\"}]},{\"@type\":\"WebSite\",\"@id\":\"https:\/\/www.salve.si\/#website\",\"url\":\"https:\/\/www.salve.si\/\",\"name\":\"Salve\",\"description\":\"Salezijanska zalo\u017eba\",\"publisher\":{\"@id\":\"https:\/\/www.salve.si\/#organization\"},\"potentialAction\":[{\"@type\":\"SearchAction\",\"target\":{\"@type\":\"EntryPoint\",\"urlTemplate\":\"https:\/\/www.salve.si\/?s={search_term_string}\"},\"query-input\":{\"@type\":\"PropertyValueSpecification\",\"valueRequired\":true,\"valueName\":\"search_term_string\"}}],\"inLanguage\":\"en-US\"},{\"@type\":\"Organization\",\"@id\":\"https:\/\/www.salve.si\/#organization\",\"name\":\"Salve d.o.o.\",\"url\":\"https:\/\/www.salve.si\/\",\"logo\":{\"@type\":\"ImageObject\",\"inLanguage\":\"en-US\",\"@id\":\"https:\/\/www.salve.si\/#\/schema\/logo\/image\/\",\"url\":\"https:\/\/www.salve.si\/wp-content\/uploads\/2021\/01\/Salve_logo_modri_nov_web.png\",\"contentUrl\":\"https:\/\/www.salve.si\/wp-content\/uploads\/2021\/01\/Salve_logo_modri_nov_web.png\",\"width\":279,\"height\":90,\"caption\":\"Salve d.o.o.\"},\"image\":{\"@id\":\"https:\/\/www.salve.si\/#\/schema\/logo\/image\/\"},\"sameAs\":[\"https:\/\/www.facebook.com\/salve.si\",\"https:\/\/www.instagram.com\/zalozbasalve\/\",\"https:\/\/www.linkedin.com\/company\/zalozba-salve\/\"]}]}<\/script>\n<!-- \/ Yoast SEO plugin. -->","yoast_head_json":{"title":"\u0160e naprej vsak dan molite ro\u017eni venec - Salve","robots":{"index":"index","follow":"follow","max-snippet":"max-snippet:-1","max-image-preview":"max-image-preview:large","max-video-preview":"max-video-preview:-1"},"canonical":"https:\/\/www.salve.si\/en\/trgovina\/knjige\/teologija-in-duhovnost\/se-naprej-vsak-dan-molite-rozni-venec\/","og_locale":"en_US","og_type":"article","og_title":"\u0160e naprej vsak dan molite ro\u017eni venec - Salve","og_description":"Osma knji\u017eica v zbirki Sto let Fatime.","og_url":"https:\/\/www.salve.si\/en\/trgovina\/knjige\/teologija-in-duhovnost\/se-naprej-vsak-dan-molite-rozni-venec\/","og_site_name":"Salve","article_publisher":"https:\/\/www.facebook.com\/salve.si","article_modified_time":"2020-11-11T05:08:09+00:00","og_image":[{"width":474,"height":685,"url":"https:\/\/www.salve.si\/wp-content\/uploads\/2018\/05\/Se-naprej-vsak-dan-molite-rozni-venec.jpg","type":"image\/jpeg"}],"twitter_card":"summary_large_image","twitter_misc":{"Est. reading time":"1 minute"},"schema":{"@context":"https:\/\/schema.org","@graph":[{"@type":"WebPage","@id":"https:\/\/www.salve.si\/trgovina\/knjige\/teologija-in-duhovnost\/se-naprej-vsak-dan-molite-rozni-venec\/","url":"https:\/\/www.salve.si\/trgovina\/knjige\/teologija-in-duhovnost\/se-naprej-vsak-dan-molite-rozni-venec\/","name":"\u0160e naprej vsak dan molite ro\u017eni venec - Salve","isPartOf":{"@id":"https:\/\/www.salve.si\/#website"},"primaryImageOfPage":{"@id":"https:\/\/www.salve.si\/trgovina\/knjige\/teologija-in-duhovnost\/se-naprej-vsak-dan-molite-rozni-venec\/#primaryimage"},"image":{"@id":"https:\/\/www.salve.si\/trgovina\/knjige\/teologija-in-duhovnost\/se-naprej-vsak-dan-molite-rozni-venec\/#primaryimage"},"thumbnailUrl":"https:\/\/www.salve.si\/wp-content\/uploads\/2018\/05\/Se-naprej-vsak-dan-molite-rozni-venec.jpg","datePublished":"2018-05-16T09:02:37+00:00","dateModified":"2020-11-11T05:08:09+00:00","breadcrumb":{"@id":"https:\/\/www.salve.si\/trgovina\/knjige\/teologija-in-duhovnost\/se-naprej-vsak-dan-molite-rozni-venec\/#breadcrumb"},"inLanguage":"en-US","potentialAction":[{"@type":"ReadAction","target":["https:\/\/www.salve.si\/trgovina\/knjige\/teologija-in-duhovnost\/se-naprej-vsak-dan-molite-rozni-venec\/"]}]},{"@type":"ImageObject","inLanguage":"en-US","@id":"https:\/\/www.salve.si\/trgovina\/knjige\/teologija-in-duhovnost\/se-naprej-vsak-dan-molite-rozni-venec\/#primaryimage","url":"https:\/\/www.salve.si\/wp-content\/uploads\/2018\/05\/Se-naprej-vsak-dan-molite-rozni-venec.jpg","contentUrl":"https:\/\/www.salve.si\/wp-content\/uploads\/2018\/05\/Se-naprej-vsak-dan-molite-rozni-venec.jpg","width":474,"height":685},{"@type":"BreadcrumbList","@id":"https:\/\/www.salve.si\/trgovina\/knjige\/teologija-in-duhovnost\/se-naprej-vsak-dan-molite-rozni-venec\/#breadcrumb","itemListElement":[{"@type":"ListItem","position":1,"name":"Home","item":"https:\/\/www.salve.si\/"},{"@type":"ListItem","position":2,"name":"Trgovina","item":"https:\/\/www.salve.si\/trgovina\/"},{"@type":"ListItem","position":3,"name":"\u0160e naprej vsak dan molite ro\u017eni venec"}]},{"@type":"WebSite","@id":"https:\/\/www.salve.si\/#website","url":"https:\/\/www.salve.si\/","name":"Salve","description":"Salezijanska zalo\u017eba","publisher":{"@id":"https:\/\/www.salve.si\/#organization"},"potentialAction":[{"@type":"SearchAction","target":{"@type":"EntryPoint","urlTemplate":"https:\/\/www.salve.si\/?s={search_term_string}"},"query-input":{"@type":"PropertyValueSpecification","valueRequired":true,"valueName":"search_term_string"}}],"inLanguage":"en-US"},{"@type":"Organization","@id":"https:\/\/www.salve.si\/#organization","name":"Salve d.o.o.","url":"https:\/\/www.salve.si\/","logo":{"@type":"ImageObject","inLanguage":"en-US","@id":"https:\/\/www.salve.si\/#\/schema\/logo\/image\/","url":"https:\/\/www.salve.si\/wp-content\/uploads\/2021\/01\/Salve_logo_modri_nov_web.png","contentUrl":"https:\/\/www.salve.si\/wp-content\/uploads\/2021\/01\/Salve_logo_modri_nov_web.png","width":279,"height":90,"caption":"Salve d.o.o."},"image":{"@id":"https:\/\/www.salve.si\/#\/schema\/logo\/image\/"},"sameAs":["https:\/\/www.facebook.com\/salve.si","https:\/\/www.instagram.com\/zalozbasalve\/","https:\/\/www.linkedin.com\/company\/zalozba-salve\/"]}]}},"_links":{"self":[{"href":"https:\/\/www.salve.si\/en\/wp-json\/wp\/v2\/product\/3617","targetHints":{"allow":["GET"]}}],"collection":[{"href":"https:\/\/www.salve.si\/en\/wp-json\/wp\/v2\/product"}],"about":[{"href":"https:\/\/www.salve.si\/en\/wp-json\/wp\/v2\/types\/product"}],"version-history":[{"count":1,"href":"https:\/\/www.salve.si\/en\/wp-json\/wp\/v2\/product\/3617\/revisions"}],"predecessor-version":[{"id":5507,"href":"https:\/\/www.salve.si\/en\/wp-json\/wp\/v2\/product\/3617\/revisions\/5507"}],"wp:featuredmedia":[{"embeddable":true,"href":"https:\/\/www.salve.si\/en\/wp-json\/wp\/v2\/media\/12517"}],"wp:attachment":[{"href":"https:\/\/www.salve.si\/en\/wp-json\/wp\/v2\/media?parent=3617"}],"wp:term":[{"taxonomy":"product_cat","embeddable":true,"href":"https:\/\/www.salve.si\/en\/wp-json\/wp\/v2\/product_cat?post=3617"},{"taxonomy":"product_tag","embeddable":true,"href":"https:\/\/www.salve.si\/en\/wp-json\/wp\/v2\/product_tag?post=3617"}],"curies":[{"name":"wp","href":"https:\/\/api.w.org\/{rel}","templated":true}]}}