{"id":3607,"date":"2018-05-16T10:22:57","date_gmt":"2018-05-16T08:22:57","guid":{"rendered":"http:\/\/2018.salve.si\/?post_type=product&#038;p=3607"},"modified":"2020-11-11T06:15:39","modified_gmt":"2020-11-11T05:15:39","slug":"osnove-vokalne-tehnike","status":"publish","type":"product","link":"https:\/\/www.salve.si\/en\/trgovina\/knjige\/prirocniki\/osnove-vokalne-tehnike\/","title":{"rendered":"Osnove vokalne tehnike"},"content":{"rendered":"<p>&#8220;\u017delela sem na kar najpreprostej\u0161i na\u010din opisati, kako razumeti in usvojiti za\u010detke vokalne tehnike, ki so \u0161e kako pomembne za uspe\u0161no in zdravo nadaljevanje vokalnega izobra\u017eevanja &#8230;<br \/>\nVelik del priro\u010dnika je namenjen usvojitvi pravilnega pevskega diha. Dodatek je funkcionalna vadba, kot nov in u\u010dinkovit pripomo\u010dek za hitrej\u0161o in zavestnej\u0161o uporabo pevskega telesa.<br \/>\nVe\u010dletno pou\u010devanje petja mi je ponudilo mo\u017enost, da spoznam razli\u010dne predispozicije posameznih pevcev. Vse to me je privedlo do \u017eelje, da strokovno preu\u010dim, kaj se s telesom dogaja pred in med petjem, kaj pevec najbolj potrebuje in kaj mu nudi najhitrej\u0161e usvajanje pevske tehnike.&#8221;<br \/>\n(avtori\u010dine besede iz Predgovora)<\/p>\n<p>Notni zapis: Radovan \u0160kerjanc<span class=\"slv-content-keywords\"> Alenka Slokar Bajc Priro\u010dniki S podporo funkcionalne vadbe za doseganje pravilne kontrole preponskega dihanja Manja Globevnik <\/span><\/p>","protected":false},"excerpt":{"rendered":"<p>Priro\u010dnik je odraz avtori\u010dinega &#8220;ve\u010dletnega raziskovanja, usvajanja vokalne tehnike, iskanja odgovorov na vpra\u0161anja in z njimi povezanih te\u017eav, ki se pojavljajo pri razvoju glasu.&#8221;<\/p>","protected":false},"featured_media":12521,"template":"","meta":{"_acf_changed":false,"footnotes":""},"product_cat":[316],"product_tag":[],"class_list":{"0":"post-3607","1":"product","2":"type-product","3":"status-publish","4":"has-post-thumbnail","6":"authors-alenka-slokar-bajc","7":"publisher-salve-d-o-o-ljubljana","8":"product_cat-prirocniki","10":"first","11":"instock","12":"shipping-taxable","13":"purchasable","14":"product-type-simple"},"acf":[],"yoast_head":"<!-- This site is optimized with the Yoast SEO plugin v23.8 - https:\/\/yoast.com\/wordpress\/plugins\/seo\/ -->\n<title>Osnove vokalne tehnike - Salve<\/title>\n<meta name=\"robots\" content=\"index, follow, max-snippet:-1, max-image-preview:large, max-video-preview:-1\" \/>\n<link rel=\"canonical\" href=\"https:\/\/www.salve.si\/en\/trgovina\/knjige\/prirocniki\/osnove-vokalne-tehnike\/\" \/>\n<meta property=\"og:locale\" content=\"en_US\" \/>\n<meta property=\"og:type\" content=\"article\" \/>\n<meta property=\"og:title\" content=\"Osnove vokalne tehnike - Salve\" \/>\n<meta property=\"og:description\" content=\"Priro\u010dnik je odraz avtori\u010dinega &quot;ve\u010dletnega raziskovanja, usvajanja vokalne tehnike, iskanja odgovorov na vpra\u0161anja in z njimi povezanih te\u017eav, ki se pojavljajo pri razvoju glasu.&quot;\" \/>\n<meta property=\"og:url\" content=\"https:\/\/www.salve.si\/en\/trgovina\/knjige\/prirocniki\/osnove-vokalne-tehnike\/\" \/>\n<meta property=\"og:site_name\" content=\"Salve\" \/>\n<meta property=\"article:publisher\" content=\"https:\/\/www.facebook.com\/salve.si\" \/>\n<meta property=\"article:modified_time\" content=\"2020-11-11T05:15:39+00:00\" \/>\n<meta property=\"og:image\" content=\"https:\/\/www.salve.si\/wp-content\/uploads\/2018\/05\/Osnove-vokalne-tehnike.jpg\" \/>\n\t<meta property=\"og:image:width\" content=\"474\" \/>\n\t<meta property=\"og:image:height\" content=\"722\" \/>\n\t<meta property=\"og:image:type\" content=\"image\/jpeg\" \/>\n<meta name=\"twitter:card\" content=\"summary_large_image\" \/>\n<meta name=\"twitter:label1\" content=\"Est. reading time\" \/>\n\t<meta name=\"twitter:data1\" content=\"1 minute\" \/>\n<script type=\"application\/ld+json\" class=\"yoast-schema-graph\">{\"@context\":\"https:\/\/schema.org\",\"@graph\":[{\"@type\":\"WebPage\",\"@id\":\"https:\/\/www.salve.si\/trgovina\/knjige\/prirocniki\/osnove-vokalne-tehnike\/\",\"url\":\"https:\/\/www.salve.si\/trgovina\/knjige\/prirocniki\/osnove-vokalne-tehnike\/\",\"name\":\"Osnove vokalne tehnike - Salve\",\"isPartOf\":{\"@id\":\"https:\/\/www.salve.si\/#website\"},\"primaryImageOfPage\":{\"@id\":\"https:\/\/www.salve.si\/trgovina\/knjige\/prirocniki\/osnove-vokalne-tehnike\/#primaryimage\"},\"image\":{\"@id\":\"https:\/\/www.salve.si\/trgovina\/knjige\/prirocniki\/osnove-vokalne-tehnike\/#primaryimage\"},\"thumbnailUrl\":\"https:\/\/www.salve.si\/wp-content\/uploads\/2018\/05\/Osnove-vokalne-tehnike.jpg\",\"datePublished\":\"2018-05-16T08:22:57+00:00\",\"dateModified\":\"2020-11-11T05:15:39+00:00\",\"breadcrumb\":{\"@id\":\"https:\/\/www.salve.si\/trgovina\/knjige\/prirocniki\/osnove-vokalne-tehnike\/#breadcrumb\"},\"inLanguage\":\"en-US\",\"potentialAction\":[{\"@type\":\"ReadAction\",\"target\":[\"https:\/\/www.salve.si\/trgovina\/knjige\/prirocniki\/osnove-vokalne-tehnike\/\"]}]},{\"@type\":\"ImageObject\",\"inLanguage\":\"en-US\",\"@id\":\"https:\/\/www.salve.si\/trgovina\/knjige\/prirocniki\/osnove-vokalne-tehnike\/#primaryimage\",\"url\":\"https:\/\/www.salve.si\/wp-content\/uploads\/2018\/05\/Osnove-vokalne-tehnike.jpg\",\"contentUrl\":\"https:\/\/www.salve.si\/wp-content\/uploads\/2018\/05\/Osnove-vokalne-tehnike.jpg\",\"width\":474,\"height\":722},{\"@type\":\"BreadcrumbList\",\"@id\":\"https:\/\/www.salve.si\/trgovina\/knjige\/prirocniki\/osnove-vokalne-tehnike\/#breadcrumb\",\"itemListElement\":[{\"@type\":\"ListItem\",\"position\":1,\"name\":\"Home\",\"item\":\"https:\/\/www.salve.si\/\"},{\"@type\":\"ListItem\",\"position\":2,\"name\":\"Trgovina\",\"item\":\"https:\/\/www.salve.si\/trgovina\/\"},{\"@type\":\"ListItem\",\"position\":3,\"name\":\"Osnove vokalne tehnike\"}]},{\"@type\":\"WebSite\",\"@id\":\"https:\/\/www.salve.si\/#website\",\"url\":\"https:\/\/www.salve.si\/\",\"name\":\"Salve\",\"description\":\"Salezijanska zalo\u017eba\",\"publisher\":{\"@id\":\"https:\/\/www.salve.si\/#organization\"},\"potentialAction\":[{\"@type\":\"SearchAction\",\"target\":{\"@type\":\"EntryPoint\",\"urlTemplate\":\"https:\/\/www.salve.si\/?s={search_term_string}\"},\"query-input\":{\"@type\":\"PropertyValueSpecification\",\"valueRequired\":true,\"valueName\":\"search_term_string\"}}],\"inLanguage\":\"en-US\"},{\"@type\":\"Organization\",\"@id\":\"https:\/\/www.salve.si\/#organization\",\"name\":\"Salve d.o.o.\",\"url\":\"https:\/\/www.salve.si\/\",\"logo\":{\"@type\":\"ImageObject\",\"inLanguage\":\"en-US\",\"@id\":\"https:\/\/www.salve.si\/#\/schema\/logo\/image\/\",\"url\":\"https:\/\/www.salve.si\/wp-content\/uploads\/2021\/01\/Salve_logo_modri_nov_web.png\",\"contentUrl\":\"https:\/\/www.salve.si\/wp-content\/uploads\/2021\/01\/Salve_logo_modri_nov_web.png\",\"width\":279,\"height\":90,\"caption\":\"Salve d.o.o.\"},\"image\":{\"@id\":\"https:\/\/www.salve.si\/#\/schema\/logo\/image\/\"},\"sameAs\":[\"https:\/\/www.facebook.com\/salve.si\",\"https:\/\/www.instagram.com\/zalozbasalve\/\",\"https:\/\/www.linkedin.com\/company\/zalozba-salve\/\"]}]}<\/script>\n<!-- \/ Yoast SEO plugin. -->","yoast_head_json":{"title":"Osnove vokalne tehnike - Salve","robots":{"index":"index","follow":"follow","max-snippet":"max-snippet:-1","max-image-preview":"max-image-preview:large","max-video-preview":"max-video-preview:-1"},"canonical":"https:\/\/www.salve.si\/en\/trgovina\/knjige\/prirocniki\/osnove-vokalne-tehnike\/","og_locale":"en_US","og_type":"article","og_title":"Osnove vokalne tehnike - Salve","og_description":"Priro\u010dnik je odraz avtori\u010dinega \"ve\u010dletnega raziskovanja, usvajanja vokalne tehnike, iskanja odgovorov na vpra\u0161anja in z njimi povezanih te\u017eav, ki se pojavljajo pri razvoju glasu.\"","og_url":"https:\/\/www.salve.si\/en\/trgovina\/knjige\/prirocniki\/osnove-vokalne-tehnike\/","og_site_name":"Salve","article_publisher":"https:\/\/www.facebook.com\/salve.si","article_modified_time":"2020-11-11T05:15:39+00:00","og_image":[{"width":474,"height":722,"url":"https:\/\/www.salve.si\/wp-content\/uploads\/2018\/05\/Osnove-vokalne-tehnike.jpg","type":"image\/jpeg"}],"twitter_card":"summary_large_image","twitter_misc":{"Est. reading time":"1 minute"},"schema":{"@context":"https:\/\/schema.org","@graph":[{"@type":"WebPage","@id":"https:\/\/www.salve.si\/trgovina\/knjige\/prirocniki\/osnove-vokalne-tehnike\/","url":"https:\/\/www.salve.si\/trgovina\/knjige\/prirocniki\/osnove-vokalne-tehnike\/","name":"Osnove vokalne tehnike - Salve","isPartOf":{"@id":"https:\/\/www.salve.si\/#website"},"primaryImageOfPage":{"@id":"https:\/\/www.salve.si\/trgovina\/knjige\/prirocniki\/osnove-vokalne-tehnike\/#primaryimage"},"image":{"@id":"https:\/\/www.salve.si\/trgovina\/knjige\/prirocniki\/osnove-vokalne-tehnike\/#primaryimage"},"thumbnailUrl":"https:\/\/www.salve.si\/wp-content\/uploads\/2018\/05\/Osnove-vokalne-tehnike.jpg","datePublished":"2018-05-16T08:22:57+00:00","dateModified":"2020-11-11T05:15:39+00:00","breadcrumb":{"@id":"https:\/\/www.salve.si\/trgovina\/knjige\/prirocniki\/osnove-vokalne-tehnike\/#breadcrumb"},"inLanguage":"en-US","potentialAction":[{"@type":"ReadAction","target":["https:\/\/www.salve.si\/trgovina\/knjige\/prirocniki\/osnove-vokalne-tehnike\/"]}]},{"@type":"ImageObject","inLanguage":"en-US","@id":"https:\/\/www.salve.si\/trgovina\/knjige\/prirocniki\/osnove-vokalne-tehnike\/#primaryimage","url":"https:\/\/www.salve.si\/wp-content\/uploads\/2018\/05\/Osnove-vokalne-tehnike.jpg","contentUrl":"https:\/\/www.salve.si\/wp-content\/uploads\/2018\/05\/Osnove-vokalne-tehnike.jpg","width":474,"height":722},{"@type":"BreadcrumbList","@id":"https:\/\/www.salve.si\/trgovina\/knjige\/prirocniki\/osnove-vokalne-tehnike\/#breadcrumb","itemListElement":[{"@type":"ListItem","position":1,"name":"Home","item":"https:\/\/www.salve.si\/"},{"@type":"ListItem","position":2,"name":"Trgovina","item":"https:\/\/www.salve.si\/trgovina\/"},{"@type":"ListItem","position":3,"name":"Osnove vokalne tehnike"}]},{"@type":"WebSite","@id":"https:\/\/www.salve.si\/#website","url":"https:\/\/www.salve.si\/","name":"Salve","description":"Salezijanska zalo\u017eba","publisher":{"@id":"https:\/\/www.salve.si\/#organization"},"potentialAction":[{"@type":"SearchAction","target":{"@type":"EntryPoint","urlTemplate":"https:\/\/www.salve.si\/?s={search_term_string}"},"query-input":{"@type":"PropertyValueSpecification","valueRequired":true,"valueName":"search_term_string"}}],"inLanguage":"en-US"},{"@type":"Organization","@id":"https:\/\/www.salve.si\/#organization","name":"Salve d.o.o.","url":"https:\/\/www.salve.si\/","logo":{"@type":"ImageObject","inLanguage":"en-US","@id":"https:\/\/www.salve.si\/#\/schema\/logo\/image\/","url":"https:\/\/www.salve.si\/wp-content\/uploads\/2021\/01\/Salve_logo_modri_nov_web.png","contentUrl":"https:\/\/www.salve.si\/wp-content\/uploads\/2021\/01\/Salve_logo_modri_nov_web.png","width":279,"height":90,"caption":"Salve d.o.o."},"image":{"@id":"https:\/\/www.salve.si\/#\/schema\/logo\/image\/"},"sameAs":["https:\/\/www.facebook.com\/salve.si","https:\/\/www.instagram.com\/zalozbasalve\/","https:\/\/www.linkedin.com\/company\/zalozba-salve\/"]}]}},"_links":{"self":[{"href":"https:\/\/www.salve.si\/en\/wp-json\/wp\/v2\/product\/3607","targetHints":{"allow":["GET"]}}],"collection":[{"href":"https:\/\/www.salve.si\/en\/wp-json\/wp\/v2\/product"}],"about":[{"href":"https:\/\/www.salve.si\/en\/wp-json\/wp\/v2\/types\/product"}],"version-history":[{"count":1,"href":"https:\/\/www.salve.si\/en\/wp-json\/wp\/v2\/product\/3607\/revisions"}],"predecessor-version":[{"id":12522,"href":"https:\/\/www.salve.si\/en\/wp-json\/wp\/v2\/product\/3607\/revisions\/12522"}],"wp:featuredmedia":[{"embeddable":true,"href":"https:\/\/www.salve.si\/en\/wp-json\/wp\/v2\/media\/12521"}],"wp:attachment":[{"href":"https:\/\/www.salve.si\/en\/wp-json\/wp\/v2\/media?parent=3607"}],"wp:term":[{"taxonomy":"product_cat","embeddable":true,"href":"https:\/\/www.salve.si\/en\/wp-json\/wp\/v2\/product_cat?post=3607"},{"taxonomy":"product_tag","embeddable":true,"href":"https:\/\/www.salve.si\/en\/wp-json\/wp\/v2\/product_tag?post=3607"}],"curies":[{"name":"wp","href":"https:\/\/api.w.org\/{rel}","templated":true}]}}