{"id":3604,"date":"2018-01-16T10:08:17","date_gmt":"2018-01-16T09:08:17","guid":{"rendered":"http:\/\/2018.salve.si\/?post_type=product&#038;p=3604"},"modified":"2022-11-15T14:43:50","modified_gmt":"2022-11-15T13:43:50","slug":"gospod-vincencij-oce-ubogih","status":"publish","type":"product","link":"https:\/\/www.salve.si\/en\/trgovina\/film-glasba\/filmi\/gospod-vincencij-oce-ubogih\/","title":{"rendered":"DVD &#8211; Gospod Vincencij, o\u010de ubogih"},"content":{"rendered":"<p>Teme v filmu: ljubezen premore vse, skrb za uboge, zapostavljene in zavr\u017eene, izpolnjevanje Bo\u017eje volje, vztrajna in zaupna molitev, neustra\u0161enost pred te\u017eavami, kr\u0161\u010danska ljubezen.<\/p>\n<p>Pierre Fresnay je za odli\u010dno odigrano vlogo Vincencija dobil na filmskem festivalu v Benetkah prvo nagrado, film sam pa \u0161e ve\u010d drugih mednarodnih priznanj.<span class=\"slv-content-keywords\"> Svetniki Filmi <\/span><\/p>","protected":false},"excerpt":{"rendered":"<p>Sveti Vincencij je za\u010detnik organizirane kr\u0161\u010danske dobrodelnosti, zato je tudi vzornik vsem, ki delujejo na tem podro\u010dju, in njihov nebe\u0161ki zavetnik.<\/p>","protected":false},"featured_media":12556,"template":"","meta":{"_acf_changed":false,"footnotes":""},"product_cat":[634,622],"product_tag":[],"class_list":{"0":"post-3604","1":"product","2":"type-product","3":"status-publish","4":"has-post-thumbnail","6":"publisher-salve-d-o-o-ljubljana","7":"product_cat-svetniki","8":"product_cat-filmi","10":"first","11":"instock","12":"shipping-taxable","13":"purchasable","14":"product-type-simple"},"acf":[],"yoast_head":"<!-- This site is optimized with the Yoast SEO plugin v23.8 - https:\/\/yoast.com\/wordpress\/plugins\/seo\/ -->\n<title>DVD - Gospod Vincencij, o\u010de ubogih - Salve<\/title>\n<meta name=\"robots\" content=\"index, follow, max-snippet:-1, max-image-preview:large, max-video-preview:-1\" \/>\n<link rel=\"canonical\" href=\"https:\/\/www.salve.si\/en\/trgovina\/film-glasba\/filmi\/gospod-vincencij-oce-ubogih\/\" \/>\n<meta property=\"og:locale\" content=\"en_US\" \/>\n<meta property=\"og:type\" content=\"article\" \/>\n<meta property=\"og:title\" content=\"DVD - Gospod Vincencij, o\u010de ubogih - Salve\" \/>\n<meta property=\"og:description\" content=\"Sveti Vincencij je za\u010detnik organizirane kr\u0161\u010danske dobrodelnosti, zato je tudi vzornik vsem, ki delujejo na tem podro\u010dju, in njihov nebe\u0161ki zavetnik.\" \/>\n<meta property=\"og:url\" content=\"https:\/\/www.salve.si\/en\/trgovina\/film-glasba\/filmi\/gospod-vincencij-oce-ubogih\/\" \/>\n<meta property=\"og:site_name\" content=\"Salve\" \/>\n<meta property=\"article:publisher\" content=\"https:\/\/www.facebook.com\/salve.si\" \/>\n<meta property=\"article:modified_time\" content=\"2022-11-15T13:43:50+00:00\" \/>\n<meta property=\"og:image\" content=\"https:\/\/www.salve.si\/wp-content\/uploads\/2018\/01\/Gospod-Vincencij-oce.jpg\" \/>\n\t<meta property=\"og:image:width\" content=\"474\" \/>\n\t<meta property=\"og:image:height\" content=\"696\" \/>\n\t<meta property=\"og:image:type\" content=\"image\/jpeg\" \/>\n<meta name=\"twitter:card\" content=\"summary_large_image\" \/>\n<script type=\"application\/ld+json\" class=\"yoast-schema-graph\">{\"@context\":\"https:\/\/schema.org\",\"@graph\":[{\"@type\":\"WebPage\",\"@id\":\"https:\/\/www.salve.si\/trgovina\/film-glasba\/filmi\/gospod-vincencij-oce-ubogih\/\",\"url\":\"https:\/\/www.salve.si\/trgovina\/film-glasba\/filmi\/gospod-vincencij-oce-ubogih\/\",\"name\":\"DVD - Gospod Vincencij, o\u010de ubogih - Salve\",\"isPartOf\":{\"@id\":\"https:\/\/www.salve.si\/#website\"},\"primaryImageOfPage\":{\"@id\":\"https:\/\/www.salve.si\/trgovina\/film-glasba\/filmi\/gospod-vincencij-oce-ubogih\/#primaryimage\"},\"image\":{\"@id\":\"https:\/\/www.salve.si\/trgovina\/film-glasba\/filmi\/gospod-vincencij-oce-ubogih\/#primaryimage\"},\"thumbnailUrl\":\"https:\/\/www.salve.si\/wp-content\/uploads\/2018\/01\/Gospod-Vincencij-oce.jpg\",\"datePublished\":\"2018-01-16T09:08:17+00:00\",\"dateModified\":\"2022-11-15T13:43:50+00:00\",\"breadcrumb\":{\"@id\":\"https:\/\/www.salve.si\/trgovina\/film-glasba\/filmi\/gospod-vincencij-oce-ubogih\/#breadcrumb\"},\"inLanguage\":\"en-US\",\"potentialAction\":[{\"@type\":\"ReadAction\",\"target\":[\"https:\/\/www.salve.si\/trgovina\/film-glasba\/filmi\/gospod-vincencij-oce-ubogih\/\"]}]},{\"@type\":\"ImageObject\",\"inLanguage\":\"en-US\",\"@id\":\"https:\/\/www.salve.si\/trgovina\/film-glasba\/filmi\/gospod-vincencij-oce-ubogih\/#primaryimage\",\"url\":\"https:\/\/www.salve.si\/wp-content\/uploads\/2018\/01\/Gospod-Vincencij-oce.jpg\",\"contentUrl\":\"https:\/\/www.salve.si\/wp-content\/uploads\/2018\/01\/Gospod-Vincencij-oce.jpg\",\"width\":474,\"height\":696},{\"@type\":\"BreadcrumbList\",\"@id\":\"https:\/\/www.salve.si\/trgovina\/film-glasba\/filmi\/gospod-vincencij-oce-ubogih\/#breadcrumb\",\"itemListElement\":[{\"@type\":\"ListItem\",\"position\":1,\"name\":\"Home\",\"item\":\"https:\/\/www.salve.si\/\"},{\"@type\":\"ListItem\",\"position\":2,\"name\":\"Trgovina\",\"item\":\"https:\/\/www.salve.si\/trgovina\/\"},{\"@type\":\"ListItem\",\"position\":3,\"name\":\"DVD &#8211; Gospod Vincencij, o\u010de ubogih\"}]},{\"@type\":\"WebSite\",\"@id\":\"https:\/\/www.salve.si\/#website\",\"url\":\"https:\/\/www.salve.si\/\",\"name\":\"Salve\",\"description\":\"Salezijanska zalo\u017eba\",\"publisher\":{\"@id\":\"https:\/\/www.salve.si\/#organization\"},\"potentialAction\":[{\"@type\":\"SearchAction\",\"target\":{\"@type\":\"EntryPoint\",\"urlTemplate\":\"https:\/\/www.salve.si\/?s={search_term_string}\"},\"query-input\":{\"@type\":\"PropertyValueSpecification\",\"valueRequired\":true,\"valueName\":\"search_term_string\"}}],\"inLanguage\":\"en-US\"},{\"@type\":\"Organization\",\"@id\":\"https:\/\/www.salve.si\/#organization\",\"name\":\"Salve d.o.o.\",\"url\":\"https:\/\/www.salve.si\/\",\"logo\":{\"@type\":\"ImageObject\",\"inLanguage\":\"en-US\",\"@id\":\"https:\/\/www.salve.si\/#\/schema\/logo\/image\/\",\"url\":\"https:\/\/www.salve.si\/wp-content\/uploads\/2021\/01\/Salve_logo_modri_nov_web.png\",\"contentUrl\":\"https:\/\/www.salve.si\/wp-content\/uploads\/2021\/01\/Salve_logo_modri_nov_web.png\",\"width\":279,\"height\":90,\"caption\":\"Salve d.o.o.\"},\"image\":{\"@id\":\"https:\/\/www.salve.si\/#\/schema\/logo\/image\/\"},\"sameAs\":[\"https:\/\/www.facebook.com\/salve.si\",\"https:\/\/www.instagram.com\/zalozbasalve\/\",\"https:\/\/www.linkedin.com\/company\/zalozba-salve\/\"]}]}<\/script>\n<!-- \/ Yoast SEO plugin. -->","yoast_head_json":{"title":"DVD - Gospod Vincencij, o\u010de ubogih - Salve","robots":{"index":"index","follow":"follow","max-snippet":"max-snippet:-1","max-image-preview":"max-image-preview:large","max-video-preview":"max-video-preview:-1"},"canonical":"https:\/\/www.salve.si\/en\/trgovina\/film-glasba\/filmi\/gospod-vincencij-oce-ubogih\/","og_locale":"en_US","og_type":"article","og_title":"DVD - Gospod Vincencij, o\u010de ubogih - Salve","og_description":"Sveti Vincencij je za\u010detnik organizirane kr\u0161\u010danske dobrodelnosti, zato je tudi vzornik vsem, ki delujejo na tem podro\u010dju, in njihov nebe\u0161ki zavetnik.","og_url":"https:\/\/www.salve.si\/en\/trgovina\/film-glasba\/filmi\/gospod-vincencij-oce-ubogih\/","og_site_name":"Salve","article_publisher":"https:\/\/www.facebook.com\/salve.si","article_modified_time":"2022-11-15T13:43:50+00:00","og_image":[{"width":474,"height":696,"url":"https:\/\/www.salve.si\/wp-content\/uploads\/2018\/01\/Gospod-Vincencij-oce.jpg","type":"image\/jpeg"}],"twitter_card":"summary_large_image","schema":{"@context":"https:\/\/schema.org","@graph":[{"@type":"WebPage","@id":"https:\/\/www.salve.si\/trgovina\/film-glasba\/filmi\/gospod-vincencij-oce-ubogih\/","url":"https:\/\/www.salve.si\/trgovina\/film-glasba\/filmi\/gospod-vincencij-oce-ubogih\/","name":"DVD - Gospod Vincencij, o\u010de ubogih - Salve","isPartOf":{"@id":"https:\/\/www.salve.si\/#website"},"primaryImageOfPage":{"@id":"https:\/\/www.salve.si\/trgovina\/film-glasba\/filmi\/gospod-vincencij-oce-ubogih\/#primaryimage"},"image":{"@id":"https:\/\/www.salve.si\/trgovina\/film-glasba\/filmi\/gospod-vincencij-oce-ubogih\/#primaryimage"},"thumbnailUrl":"https:\/\/www.salve.si\/wp-content\/uploads\/2018\/01\/Gospod-Vincencij-oce.jpg","datePublished":"2018-01-16T09:08:17+00:00","dateModified":"2022-11-15T13:43:50+00:00","breadcrumb":{"@id":"https:\/\/www.salve.si\/trgovina\/film-glasba\/filmi\/gospod-vincencij-oce-ubogih\/#breadcrumb"},"inLanguage":"en-US","potentialAction":[{"@type":"ReadAction","target":["https:\/\/www.salve.si\/trgovina\/film-glasba\/filmi\/gospod-vincencij-oce-ubogih\/"]}]},{"@type":"ImageObject","inLanguage":"en-US","@id":"https:\/\/www.salve.si\/trgovina\/film-glasba\/filmi\/gospod-vincencij-oce-ubogih\/#primaryimage","url":"https:\/\/www.salve.si\/wp-content\/uploads\/2018\/01\/Gospod-Vincencij-oce.jpg","contentUrl":"https:\/\/www.salve.si\/wp-content\/uploads\/2018\/01\/Gospod-Vincencij-oce.jpg","width":474,"height":696},{"@type":"BreadcrumbList","@id":"https:\/\/www.salve.si\/trgovina\/film-glasba\/filmi\/gospod-vincencij-oce-ubogih\/#breadcrumb","itemListElement":[{"@type":"ListItem","position":1,"name":"Home","item":"https:\/\/www.salve.si\/"},{"@type":"ListItem","position":2,"name":"Trgovina","item":"https:\/\/www.salve.si\/trgovina\/"},{"@type":"ListItem","position":3,"name":"DVD &#8211; Gospod Vincencij, o\u010de ubogih"}]},{"@type":"WebSite","@id":"https:\/\/www.salve.si\/#website","url":"https:\/\/www.salve.si\/","name":"Salve","description":"Salezijanska zalo\u017eba","publisher":{"@id":"https:\/\/www.salve.si\/#organization"},"potentialAction":[{"@type":"SearchAction","target":{"@type":"EntryPoint","urlTemplate":"https:\/\/www.salve.si\/?s={search_term_string}"},"query-input":{"@type":"PropertyValueSpecification","valueRequired":true,"valueName":"search_term_string"}}],"inLanguage":"en-US"},{"@type":"Organization","@id":"https:\/\/www.salve.si\/#organization","name":"Salve d.o.o.","url":"https:\/\/www.salve.si\/","logo":{"@type":"ImageObject","inLanguage":"en-US","@id":"https:\/\/www.salve.si\/#\/schema\/logo\/image\/","url":"https:\/\/www.salve.si\/wp-content\/uploads\/2021\/01\/Salve_logo_modri_nov_web.png","contentUrl":"https:\/\/www.salve.si\/wp-content\/uploads\/2021\/01\/Salve_logo_modri_nov_web.png","width":279,"height":90,"caption":"Salve d.o.o."},"image":{"@id":"https:\/\/www.salve.si\/#\/schema\/logo\/image\/"},"sameAs":["https:\/\/www.facebook.com\/salve.si","https:\/\/www.instagram.com\/zalozbasalve\/","https:\/\/www.linkedin.com\/company\/zalozba-salve\/"]}]}},"_links":{"self":[{"href":"https:\/\/www.salve.si\/en\/wp-json\/wp\/v2\/product\/3604","targetHints":{"allow":["GET"]}}],"collection":[{"href":"https:\/\/www.salve.si\/en\/wp-json\/wp\/v2\/product"}],"about":[{"href":"https:\/\/www.salve.si\/en\/wp-json\/wp\/v2\/types\/product"}],"version-history":[{"count":1,"href":"https:\/\/www.salve.si\/en\/wp-json\/wp\/v2\/product\/3604\/revisions"}],"predecessor-version":[{"id":12557,"href":"https:\/\/www.salve.si\/en\/wp-json\/wp\/v2\/product\/3604\/revisions\/12557"}],"wp:featuredmedia":[{"embeddable":true,"href":"https:\/\/www.salve.si\/en\/wp-json\/wp\/v2\/media\/12556"}],"wp:attachment":[{"href":"https:\/\/www.salve.si\/en\/wp-json\/wp\/v2\/media?parent=3604"}],"wp:term":[{"taxonomy":"product_cat","embeddable":true,"href":"https:\/\/www.salve.si\/en\/wp-json\/wp\/v2\/product_cat?post=3604"},{"taxonomy":"product_tag","embeddable":true,"href":"https:\/\/www.salve.si\/en\/wp-json\/wp\/v2\/product_tag?post=3604"}],"curies":[{"name":"wp","href":"https:\/\/api.w.org\/{rel}","templated":true}]}}