{"id":3588,"date":"2018-05-09T14:22:04","date_gmt":"2018-05-09T12:22:04","guid":{"rendered":"http:\/\/2018.salve.si\/?post_type=product&#038;p=3588"},"modified":"2020-11-11T06:19:39","modified_gmt":"2020-11-11T05:19:39","slug":"zdravje-v-zepu","status":"publish","type":"product","link":"https:\/\/www.salve.si\/en\/trgovina\/knjige\/prirocniki\/zdravje-v-zepu\/","title":{"rendered":"Zdravje v \u017eepu"},"content":{"rendered":"<p>&#8220;V vseh teh 17 letih sem se nau\u010dila, da je o hrani v dru\u017ebi prisotnih veliko neresni\u010dnih mitov. Velikokrat sem sli\u0161ala, da \u010de ne u\u017eiva\u0161 dolo\u010dene hrane, ne more\u0161 dobiti potrebnih B vitaminov in beljakovin. Spoznala sem, da je vsak organizem duga\u010den in \u010de nekaj velja za nekoga, ni nujno da bo koristilo tudi drugemu. Vsak mora odkriti svoj zdrav na\u010din \u017eivljenja in prehranjevanja.&#8221;<span class=\"slv-content-keywords\"> Romina Schwarzlin Priro\u010dniki <\/span><\/p>","protected":false},"excerpt":{"rendered":"<p>Knjiga vsebuje recepte, ki so nastajali v zadnjih 17 letih, odkar je avtorica zaradi zdravstvenih razlogov stopila na pot osebne zdrave prehrane, ki vklju\u010duje ve\u010dinoma sadje in zelenjavo.<\/p>","protected":false},"featured_media":12525,"template":"","meta":{"_acf_changed":false,"footnotes":""},"product_cat":[316],"product_tag":[],"class_list":{"0":"post-3588","1":"product","2":"type-product","3":"status-publish","4":"has-post-thumbnail","6":"authors-romina-schwarzlin","7":"publisher-salve-d-o-o-ljubljana","8":"product_cat-prirocniki","10":"first","11":"instock","12":"shipping-taxable","13":"purchasable","14":"product-type-simple"},"acf":[],"yoast_head":"<!-- This site is optimized with the Yoast SEO plugin v23.8 - https:\/\/yoast.com\/wordpress\/plugins\/seo\/ -->\n<title>Zdravje v \u017eepu - Salve<\/title>\n<meta name=\"robots\" content=\"index, follow, max-snippet:-1, max-image-preview:large, max-video-preview:-1\" \/>\n<link rel=\"canonical\" href=\"https:\/\/www.salve.si\/en\/trgovina\/knjige\/prirocniki\/zdravje-v-zepu\/\" \/>\n<meta property=\"og:locale\" content=\"en_US\" \/>\n<meta property=\"og:type\" content=\"article\" \/>\n<meta property=\"og:title\" content=\"Zdravje v \u017eepu - Salve\" \/>\n<meta property=\"og:description\" content=\"Knjiga vsebuje recepte, ki so nastajali v zadnjih 17 letih, odkar je avtorica zaradi zdravstvenih razlogov stopila na pot osebne zdrave prehrane, ki vklju\u010duje ve\u010dinoma sadje in zelenjavo.\" \/>\n<meta property=\"og:url\" content=\"https:\/\/www.salve.si\/en\/trgovina\/knjige\/prirocniki\/zdravje-v-zepu\/\" \/>\n<meta property=\"og:site_name\" content=\"Salve\" \/>\n<meta property=\"article:publisher\" content=\"https:\/\/www.facebook.com\/salve.si\" \/>\n<meta property=\"article:modified_time\" content=\"2020-11-11T05:19:39+00:00\" \/>\n<meta property=\"og:image\" content=\"https:\/\/www.salve.si\/wp-content\/uploads\/2018\/05\/Zdravje-v-zepu.jpg\" \/>\n\t<meta property=\"og:image:width\" content=\"474\" \/>\n\t<meta property=\"og:image:height\" content=\"665\" \/>\n\t<meta property=\"og:image:type\" content=\"image\/jpeg\" \/>\n<meta name=\"twitter:card\" content=\"summary_large_image\" \/>\n<script type=\"application\/ld+json\" class=\"yoast-schema-graph\">{\"@context\":\"https:\/\/schema.org\",\"@graph\":[{\"@type\":\"WebPage\",\"@id\":\"https:\/\/www.salve.si\/trgovina\/knjige\/prirocniki\/zdravje-v-zepu\/\",\"url\":\"https:\/\/www.salve.si\/trgovina\/knjige\/prirocniki\/zdravje-v-zepu\/\",\"name\":\"Zdravje v \u017eepu - Salve\",\"isPartOf\":{\"@id\":\"https:\/\/www.salve.si\/#website\"},\"primaryImageOfPage\":{\"@id\":\"https:\/\/www.salve.si\/trgovina\/knjige\/prirocniki\/zdravje-v-zepu\/#primaryimage\"},\"image\":{\"@id\":\"https:\/\/www.salve.si\/trgovina\/knjige\/prirocniki\/zdravje-v-zepu\/#primaryimage\"},\"thumbnailUrl\":\"https:\/\/www.salve.si\/wp-content\/uploads\/2018\/05\/Zdravje-v-zepu.jpg\",\"datePublished\":\"2018-05-09T12:22:04+00:00\",\"dateModified\":\"2020-11-11T05:19:39+00:00\",\"breadcrumb\":{\"@id\":\"https:\/\/www.salve.si\/trgovina\/knjige\/prirocniki\/zdravje-v-zepu\/#breadcrumb\"},\"inLanguage\":\"en-US\",\"potentialAction\":[{\"@type\":\"ReadAction\",\"target\":[\"https:\/\/www.salve.si\/trgovina\/knjige\/prirocniki\/zdravje-v-zepu\/\"]}]},{\"@type\":\"ImageObject\",\"inLanguage\":\"en-US\",\"@id\":\"https:\/\/www.salve.si\/trgovina\/knjige\/prirocniki\/zdravje-v-zepu\/#primaryimage\",\"url\":\"https:\/\/www.salve.si\/wp-content\/uploads\/2018\/05\/Zdravje-v-zepu.jpg\",\"contentUrl\":\"https:\/\/www.salve.si\/wp-content\/uploads\/2018\/05\/Zdravje-v-zepu.jpg\",\"width\":474,\"height\":665},{\"@type\":\"BreadcrumbList\",\"@id\":\"https:\/\/www.salve.si\/trgovina\/knjige\/prirocniki\/zdravje-v-zepu\/#breadcrumb\",\"itemListElement\":[{\"@type\":\"ListItem\",\"position\":1,\"name\":\"Home\",\"item\":\"https:\/\/www.salve.si\/\"},{\"@type\":\"ListItem\",\"position\":2,\"name\":\"Trgovina\",\"item\":\"https:\/\/www.salve.si\/trgovina\/\"},{\"@type\":\"ListItem\",\"position\":3,\"name\":\"Zdravje v \u017eepu\"}]},{\"@type\":\"WebSite\",\"@id\":\"https:\/\/www.salve.si\/#website\",\"url\":\"https:\/\/www.salve.si\/\",\"name\":\"Salve\",\"description\":\"Salezijanska zalo\u017eba\",\"publisher\":{\"@id\":\"https:\/\/www.salve.si\/#organization\"},\"potentialAction\":[{\"@type\":\"SearchAction\",\"target\":{\"@type\":\"EntryPoint\",\"urlTemplate\":\"https:\/\/www.salve.si\/?s={search_term_string}\"},\"query-input\":{\"@type\":\"PropertyValueSpecification\",\"valueRequired\":true,\"valueName\":\"search_term_string\"}}],\"inLanguage\":\"en-US\"},{\"@type\":\"Organization\",\"@id\":\"https:\/\/www.salve.si\/#organization\",\"name\":\"Salve d.o.o.\",\"url\":\"https:\/\/www.salve.si\/\",\"logo\":{\"@type\":\"ImageObject\",\"inLanguage\":\"en-US\",\"@id\":\"https:\/\/www.salve.si\/#\/schema\/logo\/image\/\",\"url\":\"https:\/\/www.salve.si\/wp-content\/uploads\/2021\/01\/Salve_logo_modri_nov_web.png\",\"contentUrl\":\"https:\/\/www.salve.si\/wp-content\/uploads\/2021\/01\/Salve_logo_modri_nov_web.png\",\"width\":279,\"height\":90,\"caption\":\"Salve d.o.o.\"},\"image\":{\"@id\":\"https:\/\/www.salve.si\/#\/schema\/logo\/image\/\"},\"sameAs\":[\"https:\/\/www.facebook.com\/salve.si\",\"https:\/\/www.instagram.com\/zalozbasalve\/\",\"https:\/\/www.linkedin.com\/company\/zalozba-salve\/\"]}]}<\/script>\n<!-- \/ Yoast SEO plugin. -->","yoast_head_json":{"title":"Zdravje v \u017eepu - Salve","robots":{"index":"index","follow":"follow","max-snippet":"max-snippet:-1","max-image-preview":"max-image-preview:large","max-video-preview":"max-video-preview:-1"},"canonical":"https:\/\/www.salve.si\/en\/trgovina\/knjige\/prirocniki\/zdravje-v-zepu\/","og_locale":"en_US","og_type":"article","og_title":"Zdravje v \u017eepu - Salve","og_description":"Knjiga vsebuje recepte, ki so nastajali v zadnjih 17 letih, odkar je avtorica zaradi zdravstvenih razlogov stopila na pot osebne zdrave prehrane, ki vklju\u010duje ve\u010dinoma sadje in zelenjavo.","og_url":"https:\/\/www.salve.si\/en\/trgovina\/knjige\/prirocniki\/zdravje-v-zepu\/","og_site_name":"Salve","article_publisher":"https:\/\/www.facebook.com\/salve.si","article_modified_time":"2020-11-11T05:19:39+00:00","og_image":[{"width":474,"height":665,"url":"https:\/\/www.salve.si\/wp-content\/uploads\/2018\/05\/Zdravje-v-zepu.jpg","type":"image\/jpeg"}],"twitter_card":"summary_large_image","schema":{"@context":"https:\/\/schema.org","@graph":[{"@type":"WebPage","@id":"https:\/\/www.salve.si\/trgovina\/knjige\/prirocniki\/zdravje-v-zepu\/","url":"https:\/\/www.salve.si\/trgovina\/knjige\/prirocniki\/zdravje-v-zepu\/","name":"Zdravje v \u017eepu - Salve","isPartOf":{"@id":"https:\/\/www.salve.si\/#website"},"primaryImageOfPage":{"@id":"https:\/\/www.salve.si\/trgovina\/knjige\/prirocniki\/zdravje-v-zepu\/#primaryimage"},"image":{"@id":"https:\/\/www.salve.si\/trgovina\/knjige\/prirocniki\/zdravje-v-zepu\/#primaryimage"},"thumbnailUrl":"https:\/\/www.salve.si\/wp-content\/uploads\/2018\/05\/Zdravje-v-zepu.jpg","datePublished":"2018-05-09T12:22:04+00:00","dateModified":"2020-11-11T05:19:39+00:00","breadcrumb":{"@id":"https:\/\/www.salve.si\/trgovina\/knjige\/prirocniki\/zdravje-v-zepu\/#breadcrumb"},"inLanguage":"en-US","potentialAction":[{"@type":"ReadAction","target":["https:\/\/www.salve.si\/trgovina\/knjige\/prirocniki\/zdravje-v-zepu\/"]}]},{"@type":"ImageObject","inLanguage":"en-US","@id":"https:\/\/www.salve.si\/trgovina\/knjige\/prirocniki\/zdravje-v-zepu\/#primaryimage","url":"https:\/\/www.salve.si\/wp-content\/uploads\/2018\/05\/Zdravje-v-zepu.jpg","contentUrl":"https:\/\/www.salve.si\/wp-content\/uploads\/2018\/05\/Zdravje-v-zepu.jpg","width":474,"height":665},{"@type":"BreadcrumbList","@id":"https:\/\/www.salve.si\/trgovina\/knjige\/prirocniki\/zdravje-v-zepu\/#breadcrumb","itemListElement":[{"@type":"ListItem","position":1,"name":"Home","item":"https:\/\/www.salve.si\/"},{"@type":"ListItem","position":2,"name":"Trgovina","item":"https:\/\/www.salve.si\/trgovina\/"},{"@type":"ListItem","position":3,"name":"Zdravje v \u017eepu"}]},{"@type":"WebSite","@id":"https:\/\/www.salve.si\/#website","url":"https:\/\/www.salve.si\/","name":"Salve","description":"Salezijanska zalo\u017eba","publisher":{"@id":"https:\/\/www.salve.si\/#organization"},"potentialAction":[{"@type":"SearchAction","target":{"@type":"EntryPoint","urlTemplate":"https:\/\/www.salve.si\/?s={search_term_string}"},"query-input":{"@type":"PropertyValueSpecification","valueRequired":true,"valueName":"search_term_string"}}],"inLanguage":"en-US"},{"@type":"Organization","@id":"https:\/\/www.salve.si\/#organization","name":"Salve d.o.o.","url":"https:\/\/www.salve.si\/","logo":{"@type":"ImageObject","inLanguage":"en-US","@id":"https:\/\/www.salve.si\/#\/schema\/logo\/image\/","url":"https:\/\/www.salve.si\/wp-content\/uploads\/2021\/01\/Salve_logo_modri_nov_web.png","contentUrl":"https:\/\/www.salve.si\/wp-content\/uploads\/2021\/01\/Salve_logo_modri_nov_web.png","width":279,"height":90,"caption":"Salve d.o.o."},"image":{"@id":"https:\/\/www.salve.si\/#\/schema\/logo\/image\/"},"sameAs":["https:\/\/www.facebook.com\/salve.si","https:\/\/www.instagram.com\/zalozbasalve\/","https:\/\/www.linkedin.com\/company\/zalozba-salve\/"]}]}},"_links":{"self":[{"href":"https:\/\/www.salve.si\/en\/wp-json\/wp\/v2\/product\/3588","targetHints":{"allow":["GET"]}}],"collection":[{"href":"https:\/\/www.salve.si\/en\/wp-json\/wp\/v2\/product"}],"about":[{"href":"https:\/\/www.salve.si\/en\/wp-json\/wp\/v2\/types\/product"}],"version-history":[{"count":1,"href":"https:\/\/www.salve.si\/en\/wp-json\/wp\/v2\/product\/3588\/revisions"}],"predecessor-version":[{"id":12526,"href":"https:\/\/www.salve.si\/en\/wp-json\/wp\/v2\/product\/3588\/revisions\/12526"}],"wp:featuredmedia":[{"embeddable":true,"href":"https:\/\/www.salve.si\/en\/wp-json\/wp\/v2\/media\/12525"}],"wp:attachment":[{"href":"https:\/\/www.salve.si\/en\/wp-json\/wp\/v2\/media?parent=3588"}],"wp:term":[{"taxonomy":"product_cat","embeddable":true,"href":"https:\/\/www.salve.si\/en\/wp-json\/wp\/v2\/product_cat?post=3588"},{"taxonomy":"product_tag","embeddable":true,"href":"https:\/\/www.salve.si\/en\/wp-json\/wp\/v2\/product_tag?post=3588"}],"curies":[{"name":"wp","href":"https:\/\/api.w.org\/{rel}","templated":true}]}}