{"id":3565,"date":"2018-04-10T14:48:11","date_gmt":"2018-04-10T12:48:11","guid":{"rendered":"http:\/\/2018.salve.si\/?post_type=product&#038;p=3565"},"modified":"2020-11-11T06:22:02","modified_gmt":"2020-11-11T05:22:02","slug":"eno-je-potrebno","status":"publish","type":"product","link":"https:\/\/www.salve.si\/en\/trgovina\/knjige\/oratorij\/eno-je-potrebno\/","title":{"rendered":"Eno je potrebno"},"content":{"rendered":"<p>Obhajamo 150-letnico smrti Friderika Ireneja Barage, velikega Slovenca, ki je bil misijonar med Indijanci v Severni Ameriki.<\/p>\n<p>Leto\u0161nji oratorij je prilo\u017enost, da po\u017eivimo na\u0161o misijonsko zavest. Vsi otroci in mladi na oratorijih so povabljeni, da se pridru\u017eijo skupni misijonski akciji. Hkrati pa lahko vedno znova razmi\u0161ljamo o tem, kako biti pri\u010devalci tam, kjer \u017eivimo.<br \/>\nDva pomembna elementa oratorija \u2013 delavnice, igre \u2013 sta tokrat zdru\u017eena v celotedenski XXL indijanski igri. Prav skozi to dejavnost je lahko oratorij \u0161e veliko bolj celovit. Ne ustra\u0161imo se tega izziva.<\/p>\n<p><strong>Zgodbo<\/strong> in <strong>kateheze<\/strong> je mo\u017eno kupiti tudi posebej. (Zgodba: 2 \u20ac, Kateheze 2,60 \u20ac)<span class=\"slv-content-keywords\"> Animator H\u010dere Marije Pomo\u010dnice Salezijanci Zdru\u017eenje animatorjev Oratorija Mladinske Oratorij Priro\u010dniki Svetniki Oratorij 2018 Juan Juvan\u010di\u010d <\/span><\/p>","protected":false},"excerpt":{"rendered":"<p>Geslo leto\u0161njega oratorija &#8211; <em>Eno je potrebno &#8211;<\/em> povzema \u017eivljenje Friderika Ireneja Barage.<br \/>\nSlovenski misijonar se je vse \u017eivljenje trudil, da bi Indijancem prinesel veselo oznanilo evangelija. Vse svoje \u017eivljenje je daroval zanje in za re\u0161itev njihovih du\u0161.<\/p>","protected":false},"featured_media":12527,"template":"","meta":{"_acf_changed":false,"footnotes":""},"product_cat":[266,265,316,634],"product_tag":[],"class_list":{"0":"post-3565","1":"product","2":"type-product","3":"status-publish","4":"has-post-thumbnail","6":"zbirke-animator","7":"authors-hcere-marije-pomocnice","8":"authors-salezijanci","9":"authors-zdruzenje-animatorjev-oratorija","10":"publisher-salve-d-o-o-ljubljana","11":"product_cat-mladinske","12":"product_cat-oratorij","13":"product_cat-prirocniki","14":"product_cat-svetniki","16":"first","17":"instock","18":"shipping-taxable","19":"purchasable","20":"product-type-simple"},"acf":[],"yoast_head":"<!-- This site is optimized with the Yoast SEO plugin v23.8 - https:\/\/yoast.com\/wordpress\/plugins\/seo\/ -->\n<title>Eno je potrebno - Salve<\/title>\n<meta name=\"robots\" content=\"index, follow, max-snippet:-1, max-image-preview:large, max-video-preview:-1\" \/>\n<link rel=\"canonical\" href=\"https:\/\/www.salve.si\/en\/trgovina\/knjige\/oratorij\/eno-je-potrebno\/\" \/>\n<meta property=\"og:locale\" content=\"en_US\" \/>\n<meta property=\"og:type\" content=\"article\" \/>\n<meta property=\"og:title\" content=\"Eno je potrebno - Salve\" \/>\n<meta property=\"og:description\" content=\"Geslo leto\u0161njega oratorija - Eno je potrebno - povzema \u017eivljenje Friderika Ireneja Barage. Slovenski misijonar se je vse \u017eivljenje trudil, da bi Indijancem prinesel veselo oznanilo evangelija. Vse svoje \u017eivljenje je daroval zanje in za re\u0161itev njihovih du\u0161.\" \/>\n<meta property=\"og:url\" content=\"https:\/\/www.salve.si\/en\/trgovina\/knjige\/oratorij\/eno-je-potrebno\/\" \/>\n<meta property=\"og:site_name\" content=\"Salve\" \/>\n<meta property=\"article:publisher\" content=\"https:\/\/www.facebook.com\/salve.si\" \/>\n<meta property=\"article:modified_time\" content=\"2020-11-11T05:22:02+00:00\" \/>\n<meta property=\"og:image\" content=\"https:\/\/www.salve.si\/wp-content\/uploads\/2018\/04\/Eno-je-potrebno.jpg\" \/>\n\t<meta property=\"og:image:width\" content=\"474\" \/>\n\t<meta property=\"og:image:height\" content=\"675\" \/>\n\t<meta property=\"og:image:type\" content=\"image\/jpeg\" \/>\n<meta name=\"twitter:card\" content=\"summary_large_image\" \/>\n<meta name=\"twitter:label1\" content=\"Est. reading time\" \/>\n\t<meta name=\"twitter:data1\" content=\"1 minute\" \/>\n<script type=\"application\/ld+json\" class=\"yoast-schema-graph\">{\"@context\":\"https:\/\/schema.org\",\"@graph\":[{\"@type\":\"WebPage\",\"@id\":\"https:\/\/www.salve.si\/trgovina\/knjige\/oratorij\/eno-je-potrebno\/\",\"url\":\"https:\/\/www.salve.si\/trgovina\/knjige\/oratorij\/eno-je-potrebno\/\",\"name\":\"Eno je potrebno - Salve\",\"isPartOf\":{\"@id\":\"https:\/\/www.salve.si\/#website\"},\"primaryImageOfPage\":{\"@id\":\"https:\/\/www.salve.si\/trgovina\/knjige\/oratorij\/eno-je-potrebno\/#primaryimage\"},\"image\":{\"@id\":\"https:\/\/www.salve.si\/trgovina\/knjige\/oratorij\/eno-je-potrebno\/#primaryimage\"},\"thumbnailUrl\":\"https:\/\/www.salve.si\/wp-content\/uploads\/2018\/04\/Eno-je-potrebno.jpg\",\"datePublished\":\"2018-04-10T12:48:11+00:00\",\"dateModified\":\"2020-11-11T05:22:02+00:00\",\"breadcrumb\":{\"@id\":\"https:\/\/www.salve.si\/trgovina\/knjige\/oratorij\/eno-je-potrebno\/#breadcrumb\"},\"inLanguage\":\"en-US\",\"potentialAction\":[{\"@type\":\"ReadAction\",\"target\":[\"https:\/\/www.salve.si\/trgovina\/knjige\/oratorij\/eno-je-potrebno\/\"]}]},{\"@type\":\"ImageObject\",\"inLanguage\":\"en-US\",\"@id\":\"https:\/\/www.salve.si\/trgovina\/knjige\/oratorij\/eno-je-potrebno\/#primaryimage\",\"url\":\"https:\/\/www.salve.si\/wp-content\/uploads\/2018\/04\/Eno-je-potrebno.jpg\",\"contentUrl\":\"https:\/\/www.salve.si\/wp-content\/uploads\/2018\/04\/Eno-je-potrebno.jpg\",\"width\":474,\"height\":675},{\"@type\":\"BreadcrumbList\",\"@id\":\"https:\/\/www.salve.si\/trgovina\/knjige\/oratorij\/eno-je-potrebno\/#breadcrumb\",\"itemListElement\":[{\"@type\":\"ListItem\",\"position\":1,\"name\":\"Home\",\"item\":\"https:\/\/www.salve.si\/\"},{\"@type\":\"ListItem\",\"position\":2,\"name\":\"Trgovina\",\"item\":\"https:\/\/www.salve.si\/trgovina\/\"},{\"@type\":\"ListItem\",\"position\":3,\"name\":\"Eno je potrebno\"}]},{\"@type\":\"WebSite\",\"@id\":\"https:\/\/www.salve.si\/#website\",\"url\":\"https:\/\/www.salve.si\/\",\"name\":\"Salve\",\"description\":\"Salezijanska zalo\u017eba\",\"publisher\":{\"@id\":\"https:\/\/www.salve.si\/#organization\"},\"potentialAction\":[{\"@type\":\"SearchAction\",\"target\":{\"@type\":\"EntryPoint\",\"urlTemplate\":\"https:\/\/www.salve.si\/?s={search_term_string}\"},\"query-input\":{\"@type\":\"PropertyValueSpecification\",\"valueRequired\":true,\"valueName\":\"search_term_string\"}}],\"inLanguage\":\"en-US\"},{\"@type\":\"Organization\",\"@id\":\"https:\/\/www.salve.si\/#organization\",\"name\":\"Salve d.o.o.\",\"url\":\"https:\/\/www.salve.si\/\",\"logo\":{\"@type\":\"ImageObject\",\"inLanguage\":\"en-US\",\"@id\":\"https:\/\/www.salve.si\/#\/schema\/logo\/image\/\",\"url\":\"https:\/\/www.salve.si\/wp-content\/uploads\/2021\/01\/Salve_logo_modri_nov_web.png\",\"contentUrl\":\"https:\/\/www.salve.si\/wp-content\/uploads\/2021\/01\/Salve_logo_modri_nov_web.png\",\"width\":279,\"height\":90,\"caption\":\"Salve d.o.o.\"},\"image\":{\"@id\":\"https:\/\/www.salve.si\/#\/schema\/logo\/image\/\"},\"sameAs\":[\"https:\/\/www.facebook.com\/salve.si\",\"https:\/\/www.instagram.com\/zalozbasalve\/\",\"https:\/\/www.linkedin.com\/company\/zalozba-salve\/\"]}]}<\/script>\n<!-- \/ Yoast SEO plugin. -->","yoast_head_json":{"title":"Eno je potrebno - Salve","robots":{"index":"index","follow":"follow","max-snippet":"max-snippet:-1","max-image-preview":"max-image-preview:large","max-video-preview":"max-video-preview:-1"},"canonical":"https:\/\/www.salve.si\/en\/trgovina\/knjige\/oratorij\/eno-je-potrebno\/","og_locale":"en_US","og_type":"article","og_title":"Eno je potrebno - Salve","og_description":"Geslo leto\u0161njega oratorija - Eno je potrebno - povzema \u017eivljenje Friderika Ireneja Barage. Slovenski misijonar se je vse \u017eivljenje trudil, da bi Indijancem prinesel veselo oznanilo evangelija. Vse svoje \u017eivljenje je daroval zanje in za re\u0161itev njihovih du\u0161.","og_url":"https:\/\/www.salve.si\/en\/trgovina\/knjige\/oratorij\/eno-je-potrebno\/","og_site_name":"Salve","article_publisher":"https:\/\/www.facebook.com\/salve.si","article_modified_time":"2020-11-11T05:22:02+00:00","og_image":[{"width":474,"height":675,"url":"https:\/\/www.salve.si\/wp-content\/uploads\/2018\/04\/Eno-je-potrebno.jpg","type":"image\/jpeg"}],"twitter_card":"summary_large_image","twitter_misc":{"Est. reading time":"1 minute"},"schema":{"@context":"https:\/\/schema.org","@graph":[{"@type":"WebPage","@id":"https:\/\/www.salve.si\/trgovina\/knjige\/oratorij\/eno-je-potrebno\/","url":"https:\/\/www.salve.si\/trgovina\/knjige\/oratorij\/eno-je-potrebno\/","name":"Eno je potrebno - Salve","isPartOf":{"@id":"https:\/\/www.salve.si\/#website"},"primaryImageOfPage":{"@id":"https:\/\/www.salve.si\/trgovina\/knjige\/oratorij\/eno-je-potrebno\/#primaryimage"},"image":{"@id":"https:\/\/www.salve.si\/trgovina\/knjige\/oratorij\/eno-je-potrebno\/#primaryimage"},"thumbnailUrl":"https:\/\/www.salve.si\/wp-content\/uploads\/2018\/04\/Eno-je-potrebno.jpg","datePublished":"2018-04-10T12:48:11+00:00","dateModified":"2020-11-11T05:22:02+00:00","breadcrumb":{"@id":"https:\/\/www.salve.si\/trgovina\/knjige\/oratorij\/eno-je-potrebno\/#breadcrumb"},"inLanguage":"en-US","potentialAction":[{"@type":"ReadAction","target":["https:\/\/www.salve.si\/trgovina\/knjige\/oratorij\/eno-je-potrebno\/"]}]},{"@type":"ImageObject","inLanguage":"en-US","@id":"https:\/\/www.salve.si\/trgovina\/knjige\/oratorij\/eno-je-potrebno\/#primaryimage","url":"https:\/\/www.salve.si\/wp-content\/uploads\/2018\/04\/Eno-je-potrebno.jpg","contentUrl":"https:\/\/www.salve.si\/wp-content\/uploads\/2018\/04\/Eno-je-potrebno.jpg","width":474,"height":675},{"@type":"BreadcrumbList","@id":"https:\/\/www.salve.si\/trgovina\/knjige\/oratorij\/eno-je-potrebno\/#breadcrumb","itemListElement":[{"@type":"ListItem","position":1,"name":"Home","item":"https:\/\/www.salve.si\/"},{"@type":"ListItem","position":2,"name":"Trgovina","item":"https:\/\/www.salve.si\/trgovina\/"},{"@type":"ListItem","position":3,"name":"Eno je potrebno"}]},{"@type":"WebSite","@id":"https:\/\/www.salve.si\/#website","url":"https:\/\/www.salve.si\/","name":"Salve","description":"Salezijanska zalo\u017eba","publisher":{"@id":"https:\/\/www.salve.si\/#organization"},"potentialAction":[{"@type":"SearchAction","target":{"@type":"EntryPoint","urlTemplate":"https:\/\/www.salve.si\/?s={search_term_string}"},"query-input":{"@type":"PropertyValueSpecification","valueRequired":true,"valueName":"search_term_string"}}],"inLanguage":"en-US"},{"@type":"Organization","@id":"https:\/\/www.salve.si\/#organization","name":"Salve d.o.o.","url":"https:\/\/www.salve.si\/","logo":{"@type":"ImageObject","inLanguage":"en-US","@id":"https:\/\/www.salve.si\/#\/schema\/logo\/image\/","url":"https:\/\/www.salve.si\/wp-content\/uploads\/2021\/01\/Salve_logo_modri_nov_web.png","contentUrl":"https:\/\/www.salve.si\/wp-content\/uploads\/2021\/01\/Salve_logo_modri_nov_web.png","width":279,"height":90,"caption":"Salve d.o.o."},"image":{"@id":"https:\/\/www.salve.si\/#\/schema\/logo\/image\/"},"sameAs":["https:\/\/www.facebook.com\/salve.si","https:\/\/www.instagram.com\/zalozbasalve\/","https:\/\/www.linkedin.com\/company\/zalozba-salve\/"]}]}},"_links":{"self":[{"href":"https:\/\/www.salve.si\/en\/wp-json\/wp\/v2\/product\/3565","targetHints":{"allow":["GET"]}}],"collection":[{"href":"https:\/\/www.salve.si\/en\/wp-json\/wp\/v2\/product"}],"about":[{"href":"https:\/\/www.salve.si\/en\/wp-json\/wp\/v2\/types\/product"}],"version-history":[{"count":1,"href":"https:\/\/www.salve.si\/en\/wp-json\/wp\/v2\/product\/3565\/revisions"}],"predecessor-version":[{"id":12528,"href":"https:\/\/www.salve.si\/en\/wp-json\/wp\/v2\/product\/3565\/revisions\/12528"}],"wp:featuredmedia":[{"embeddable":true,"href":"https:\/\/www.salve.si\/en\/wp-json\/wp\/v2\/media\/12527"}],"wp:attachment":[{"href":"https:\/\/www.salve.si\/en\/wp-json\/wp\/v2\/media?parent=3565"}],"wp:term":[{"taxonomy":"product_cat","embeddable":true,"href":"https:\/\/www.salve.si\/en\/wp-json\/wp\/v2\/product_cat?post=3565"},{"taxonomy":"product_tag","embeddable":true,"href":"https:\/\/www.salve.si\/en\/wp-json\/wp\/v2\/product_tag?post=3565"}],"curies":[{"name":"wp","href":"https:\/\/api.w.org\/{rel}","templated":true}]}}