{"id":3319,"date":"2018-02-19T10:00:49","date_gmt":"2018-02-19T09:00:49","guid":{"rendered":"http:\/\/2018.salve.si\/?post_type=product&#038;p=3319"},"modified":"2018-08-23T13:08:54","modified_gmt":"2018-08-23T11:08:54","slug":"najlepsi-klas","status":"publish","type":"product","link":"https:\/\/www.salve.si\/en\/trgovina\/knjige\/svetniki-in-zivljenjepisi\/najlepsi-klas\/","title":{"rendered":"Najlep\u0161i klas"},"content":{"rendered":"<p>&#8220;Ko sem sedaj gledal \u017eupnika Danijela s harmoniko v rokah, mi je bilo vse jasno. Pravo veselje lahko do\u017eivi samo \u010dlovek, ki ima lepo, \u010disto srce. In iz \u017eupnika Danijela Halasa je vrelo veselje, pravo veselje. Torej ima lepo, \u010disto srce. To sem \u010dutil. Kajti njegovo veselje se je \u0161irilo med ljudi na \u017eupnijskem dvori\u0161\u010du. Doseglo je tudi moje srce.&#8221;<br \/>\n(iz Pripovedi bogoslovca Jo\u017eefa Smeja)<\/p>\n<p>\u00bbJaz sem ustrelil \u017eupnika Halasa. Jaz sem bil eden izmed tistih, ki so Halasa odpeljali do Mure, ga tam ustrelili in vrgli v reko. To sem storil, ker sem to moral storiti.\u00ab<br \/>\n(pripoved neznanca)<\/p>\n<p><span class=\"slv-content-keywords\">\u00bbJaz sem ustrelil \u017eupnika Halasa. Jaz sem bil eden izmed tistih, ki so Halasa odpeljali do Mure, ga tam ustrelili in vrgli v reko. To sem storil, ker sem to moral storiti.\u00ab<br \/>\n(pripoved neznanca) Lojze Kozar ml. Knji\u017eice Knjige \u017divljenje Bo\u017ejega slu\u017eabnika Danijela Halasa <\/span><span class=\"slv-content-keywords\"> Knji\u017eice Lojze Kozar ml. Avtobiografije, \u017eivljenjepisi <\/span><\/p>","protected":false},"excerpt":{"rendered":"<p>&#8220;Halas je ve\u010dkrat izjavil, da \u017eivi med dvema ognjema. Na eni strani so bili mad\u017earski okupatorji, na drugi pa doma\u010di komunisti.&#8221;<\/p>","protected":false},"featured_media":3320,"template":"","meta":{"_acf_changed":false,"footnotes":""},"product_cat":[315],"product_tag":[],"class_list":{"0":"post-3319","1":"product","2":"type-product","3":"status-publish","4":"has-post-thumbnail","6":"zbirke-knjizice","7":"authors-lojze-kozar-ml","8":"publisher-salve-d-o-o-ljubljana","9":"product_cat-svetniki-in-zivljenjepisi","11":"first","12":"instock","13":"shipping-taxable","14":"purchasable","15":"product-type-simple"},"acf":[],"yoast_head":"<!-- This site is optimized with the Yoast SEO plugin v23.8 - https:\/\/yoast.com\/wordpress\/plugins\/seo\/ -->\n<title>Najlep\u0161i klas - Salve<\/title>\n<meta name=\"robots\" content=\"index, follow, max-snippet:-1, max-image-preview:large, max-video-preview:-1\" \/>\n<link rel=\"canonical\" href=\"https:\/\/www.salve.si\/en\/trgovina\/knjige\/svetniki-in-zivljenjepisi\/najlepsi-klas\/\" \/>\n<meta property=\"og:locale\" content=\"en_US\" \/>\n<meta property=\"og:type\" content=\"article\" \/>\n<meta property=\"og:title\" content=\"Najlep\u0161i klas - Salve\" \/>\n<meta property=\"og:description\" content=\"&quot;Halas je ve\u010dkrat izjavil, da \u017eivi med dvema ognjema. Na eni strani so bili mad\u017earski okupatorji, na drugi pa doma\u010di komunisti.&quot;\" \/>\n<meta property=\"og:url\" content=\"https:\/\/www.salve.si\/en\/trgovina\/knjige\/svetniki-in-zivljenjepisi\/najlepsi-klas\/\" \/>\n<meta property=\"og:site_name\" content=\"Salve\" \/>\n<meta property=\"article:publisher\" content=\"https:\/\/www.facebook.com\/salve.si\" \/>\n<meta property=\"article:modified_time\" content=\"2018-08-23T11:08:54+00:00\" \/>\n<meta property=\"og:image\" content=\"https:\/\/www.salve.si\/wp-content\/uploads\/2018\/03\/najlepsi-klas-danijel-halas3.jpg\" \/>\n\t<meta property=\"og:image:width\" content=\"600\" \/>\n\t<meta property=\"og:image:height\" content=\"1005\" \/>\n\t<meta property=\"og:image:type\" content=\"image\/jpeg\" \/>\n<meta name=\"twitter:card\" content=\"summary_large_image\" \/>\n<meta name=\"twitter:label1\" content=\"Est. reading time\" \/>\n\t<meta name=\"twitter:data1\" content=\"1 minute\" \/>\n<script type=\"application\/ld+json\" class=\"yoast-schema-graph\">{\"@context\":\"https:\/\/schema.org\",\"@graph\":[{\"@type\":\"WebPage\",\"@id\":\"https:\/\/www.salve.si\/trgovina\/knjige\/svetniki-in-zivljenjepisi\/najlepsi-klas\/\",\"url\":\"https:\/\/www.salve.si\/trgovina\/knjige\/svetniki-in-zivljenjepisi\/najlepsi-klas\/\",\"name\":\"Najlep\u0161i klas - Salve\",\"isPartOf\":{\"@id\":\"https:\/\/www.salve.si\/#website\"},\"primaryImageOfPage\":{\"@id\":\"https:\/\/www.salve.si\/trgovina\/knjige\/svetniki-in-zivljenjepisi\/najlepsi-klas\/#primaryimage\"},\"image\":{\"@id\":\"https:\/\/www.salve.si\/trgovina\/knjige\/svetniki-in-zivljenjepisi\/najlepsi-klas\/#primaryimage\"},\"thumbnailUrl\":\"https:\/\/www.salve.si\/wp-content\/uploads\/2018\/03\/najlepsi-klas-danijel-halas3.jpg\",\"datePublished\":\"2018-02-19T09:00:49+00:00\",\"dateModified\":\"2018-08-23T11:08:54+00:00\",\"breadcrumb\":{\"@id\":\"https:\/\/www.salve.si\/trgovina\/knjige\/svetniki-in-zivljenjepisi\/najlepsi-klas\/#breadcrumb\"},\"inLanguage\":\"en-US\",\"potentialAction\":[{\"@type\":\"ReadAction\",\"target\":[\"https:\/\/www.salve.si\/trgovina\/knjige\/svetniki-in-zivljenjepisi\/najlepsi-klas\/\"]}]},{\"@type\":\"ImageObject\",\"inLanguage\":\"en-US\",\"@id\":\"https:\/\/www.salve.si\/trgovina\/knjige\/svetniki-in-zivljenjepisi\/najlepsi-klas\/#primaryimage\",\"url\":\"https:\/\/www.salve.si\/wp-content\/uploads\/2018\/03\/najlepsi-klas-danijel-halas3.jpg\",\"contentUrl\":\"https:\/\/www.salve.si\/wp-content\/uploads\/2018\/03\/najlepsi-klas-danijel-halas3.jpg\",\"width\":600,\"height\":1005},{\"@type\":\"BreadcrumbList\",\"@id\":\"https:\/\/www.salve.si\/trgovina\/knjige\/svetniki-in-zivljenjepisi\/najlepsi-klas\/#breadcrumb\",\"itemListElement\":[{\"@type\":\"ListItem\",\"position\":1,\"name\":\"Home\",\"item\":\"https:\/\/www.salve.si\/\"},{\"@type\":\"ListItem\",\"position\":2,\"name\":\"Trgovina\",\"item\":\"https:\/\/www.salve.si\/trgovina\/\"},{\"@type\":\"ListItem\",\"position\":3,\"name\":\"Najlep\u0161i klas\"}]},{\"@type\":\"WebSite\",\"@id\":\"https:\/\/www.salve.si\/#website\",\"url\":\"https:\/\/www.salve.si\/\",\"name\":\"Salve\",\"description\":\"Salezijanska zalo\u017eba\",\"publisher\":{\"@id\":\"https:\/\/www.salve.si\/#organization\"},\"potentialAction\":[{\"@type\":\"SearchAction\",\"target\":{\"@type\":\"EntryPoint\",\"urlTemplate\":\"https:\/\/www.salve.si\/?s={search_term_string}\"},\"query-input\":{\"@type\":\"PropertyValueSpecification\",\"valueRequired\":true,\"valueName\":\"search_term_string\"}}],\"inLanguage\":\"en-US\"},{\"@type\":\"Organization\",\"@id\":\"https:\/\/www.salve.si\/#organization\",\"name\":\"Salve d.o.o.\",\"url\":\"https:\/\/www.salve.si\/\",\"logo\":{\"@type\":\"ImageObject\",\"inLanguage\":\"en-US\",\"@id\":\"https:\/\/www.salve.si\/#\/schema\/logo\/image\/\",\"url\":\"https:\/\/www.salve.si\/wp-content\/uploads\/2021\/01\/Salve_logo_modri_nov_web.png\",\"contentUrl\":\"https:\/\/www.salve.si\/wp-content\/uploads\/2021\/01\/Salve_logo_modri_nov_web.png\",\"width\":279,\"height\":90,\"caption\":\"Salve d.o.o.\"},\"image\":{\"@id\":\"https:\/\/www.salve.si\/#\/schema\/logo\/image\/\"},\"sameAs\":[\"https:\/\/www.facebook.com\/salve.si\",\"https:\/\/www.instagram.com\/zalozbasalve\/\",\"https:\/\/www.linkedin.com\/company\/zalozba-salve\/\"]}]}<\/script>\n<!-- \/ Yoast SEO plugin. -->","yoast_head_json":{"title":"Najlep\u0161i klas - Salve","robots":{"index":"index","follow":"follow","max-snippet":"max-snippet:-1","max-image-preview":"max-image-preview:large","max-video-preview":"max-video-preview:-1"},"canonical":"https:\/\/www.salve.si\/en\/trgovina\/knjige\/svetniki-in-zivljenjepisi\/najlepsi-klas\/","og_locale":"en_US","og_type":"article","og_title":"Najlep\u0161i klas - Salve","og_description":"\"Halas je ve\u010dkrat izjavil, da \u017eivi med dvema ognjema. Na eni strani so bili mad\u017earski okupatorji, na drugi pa doma\u010di komunisti.\"","og_url":"https:\/\/www.salve.si\/en\/trgovina\/knjige\/svetniki-in-zivljenjepisi\/najlepsi-klas\/","og_site_name":"Salve","article_publisher":"https:\/\/www.facebook.com\/salve.si","article_modified_time":"2018-08-23T11:08:54+00:00","og_image":[{"width":600,"height":1005,"url":"https:\/\/www.salve.si\/wp-content\/uploads\/2018\/03\/najlepsi-klas-danijel-halas3.jpg","type":"image\/jpeg"}],"twitter_card":"summary_large_image","twitter_misc":{"Est. reading time":"1 minute"},"schema":{"@context":"https:\/\/schema.org","@graph":[{"@type":"WebPage","@id":"https:\/\/www.salve.si\/trgovina\/knjige\/svetniki-in-zivljenjepisi\/najlepsi-klas\/","url":"https:\/\/www.salve.si\/trgovina\/knjige\/svetniki-in-zivljenjepisi\/najlepsi-klas\/","name":"Najlep\u0161i klas - Salve","isPartOf":{"@id":"https:\/\/www.salve.si\/#website"},"primaryImageOfPage":{"@id":"https:\/\/www.salve.si\/trgovina\/knjige\/svetniki-in-zivljenjepisi\/najlepsi-klas\/#primaryimage"},"image":{"@id":"https:\/\/www.salve.si\/trgovina\/knjige\/svetniki-in-zivljenjepisi\/najlepsi-klas\/#primaryimage"},"thumbnailUrl":"https:\/\/www.salve.si\/wp-content\/uploads\/2018\/03\/najlepsi-klas-danijel-halas3.jpg","datePublished":"2018-02-19T09:00:49+00:00","dateModified":"2018-08-23T11:08:54+00:00","breadcrumb":{"@id":"https:\/\/www.salve.si\/trgovina\/knjige\/svetniki-in-zivljenjepisi\/najlepsi-klas\/#breadcrumb"},"inLanguage":"en-US","potentialAction":[{"@type":"ReadAction","target":["https:\/\/www.salve.si\/trgovina\/knjige\/svetniki-in-zivljenjepisi\/najlepsi-klas\/"]}]},{"@type":"ImageObject","inLanguage":"en-US","@id":"https:\/\/www.salve.si\/trgovina\/knjige\/svetniki-in-zivljenjepisi\/najlepsi-klas\/#primaryimage","url":"https:\/\/www.salve.si\/wp-content\/uploads\/2018\/03\/najlepsi-klas-danijel-halas3.jpg","contentUrl":"https:\/\/www.salve.si\/wp-content\/uploads\/2018\/03\/najlepsi-klas-danijel-halas3.jpg","width":600,"height":1005},{"@type":"BreadcrumbList","@id":"https:\/\/www.salve.si\/trgovina\/knjige\/svetniki-in-zivljenjepisi\/najlepsi-klas\/#breadcrumb","itemListElement":[{"@type":"ListItem","position":1,"name":"Home","item":"https:\/\/www.salve.si\/"},{"@type":"ListItem","position":2,"name":"Trgovina","item":"https:\/\/www.salve.si\/trgovina\/"},{"@type":"ListItem","position":3,"name":"Najlep\u0161i klas"}]},{"@type":"WebSite","@id":"https:\/\/www.salve.si\/#website","url":"https:\/\/www.salve.si\/","name":"Salve","description":"Salezijanska zalo\u017eba","publisher":{"@id":"https:\/\/www.salve.si\/#organization"},"potentialAction":[{"@type":"SearchAction","target":{"@type":"EntryPoint","urlTemplate":"https:\/\/www.salve.si\/?s={search_term_string}"},"query-input":{"@type":"PropertyValueSpecification","valueRequired":true,"valueName":"search_term_string"}}],"inLanguage":"en-US"},{"@type":"Organization","@id":"https:\/\/www.salve.si\/#organization","name":"Salve d.o.o.","url":"https:\/\/www.salve.si\/","logo":{"@type":"ImageObject","inLanguage":"en-US","@id":"https:\/\/www.salve.si\/#\/schema\/logo\/image\/","url":"https:\/\/www.salve.si\/wp-content\/uploads\/2021\/01\/Salve_logo_modri_nov_web.png","contentUrl":"https:\/\/www.salve.si\/wp-content\/uploads\/2021\/01\/Salve_logo_modri_nov_web.png","width":279,"height":90,"caption":"Salve d.o.o."},"image":{"@id":"https:\/\/www.salve.si\/#\/schema\/logo\/image\/"},"sameAs":["https:\/\/www.facebook.com\/salve.si","https:\/\/www.instagram.com\/zalozbasalve\/","https:\/\/www.linkedin.com\/company\/zalozba-salve\/"]}]}},"_links":{"self":[{"href":"https:\/\/www.salve.si\/en\/wp-json\/wp\/v2\/product\/3319","targetHints":{"allow":["GET"]}}],"collection":[{"href":"https:\/\/www.salve.si\/en\/wp-json\/wp\/v2\/product"}],"about":[{"href":"https:\/\/www.salve.si\/en\/wp-json\/wp\/v2\/types\/product"}],"version-history":[{"count":0,"href":"https:\/\/www.salve.si\/en\/wp-json\/wp\/v2\/product\/3319\/revisions"}],"wp:featuredmedia":[{"embeddable":true,"href":"https:\/\/www.salve.si\/en\/wp-json\/wp\/v2\/media\/3320"}],"wp:attachment":[{"href":"https:\/\/www.salve.si\/en\/wp-json\/wp\/v2\/media?parent=3319"}],"wp:term":[{"taxonomy":"product_cat","embeddable":true,"href":"https:\/\/www.salve.si\/en\/wp-json\/wp\/v2\/product_cat?post=3319"},{"taxonomy":"product_tag","embeddable":true,"href":"https:\/\/www.salve.si\/en\/wp-json\/wp\/v2\/product_tag?post=3319"}],"curies":[{"name":"wp","href":"https:\/\/api.w.org\/{rel}","templated":true}]}}