{"id":3279,"date":"2017-11-02T10:00:42","date_gmt":"2017-11-02T09:00:42","guid":{"rendered":"http:\/\/2018.salve.si\/?post_type=product&#038;p=3279"},"modified":"2026-01-20T23:21:07","modified_gmt":"2026-01-20T22:21:07","slug":"dnevnik-svete-s-m-favstine-kowalske","status":"publish","type":"product","link":"https:\/\/www.salve.si\/en\/trgovina\/knjige\/teologija-in-duhovnost\/dnevnik-svete-s-m-favstine-kowalske\/","title":{"rendered":"Dnevnik svete s. M. Favstine Kowalske"},"content":{"rendered":"<p>Malo je knjig, po katerih bodo ljudje povpra\u0161evali tudi \u010dez ve\u010d stoletij. Med njimi je knjiga poljske svetnice Favstine Kowalske, ki spada med najve\u010dje mistikinje. Ko je slovensko besedilo prve izdaje Bo\u017eji slu\u017eabnik Anton Strle kar dvakrat prebral in jezikovno popravil, je dejal: &#8220;To je knjiga, ki bi jo moral prebrati vsak duhovnik, redovnik in redovnica.&#8221; Ko je knjigo za\u010dela brati neka na\u0161a faranka, je rekla: &#8220;Brala sem jo do dveh pono\u010di; tako me je privla\u010dila, da kar nisem mogla nehati.&#8221; Favstinin Dnevnik je najbolj\u0161a spodbuda za poglobljeno kr\u0161\u010dansko \u017eivljenje.<\/p>\n<p>Prva izdaja je iz\u0161la v \u0161tiri tiso\u010d izvodih in je \u017ee davno po\u0161la ter je bilo po njej doslej veliko povpra\u0161evanje.<br \/>\nJe odli\u010dno darilo za nagrado zaslu\u017enim sodelavcem.<span class=\"slv-content-keywords\"> Svetniki Teologija in duhovnost Sveta Marija Favstina Kowalska Bo\u017eje usmiljenje v moji du\u0161i <\/span><\/p>","protected":false},"excerpt":{"rendered":"<p>Malo je knjig, po katerih bodo ljudje povpra\u0161evali tudi \u010dez ve\u010d stoletij.<\/p>","protected":false},"featured_media":3280,"template":"","meta":{"_acf_changed":false,"footnotes":""},"product_cat":[634,314],"product_tag":[],"class_list":{"0":"post-3279","1":"product","2":"type-product","3":"status-publish","4":"has-post-thumbnail","6":"authors-sveta-marija-favstina-kowalska","7":"publisher-salve-d-o-o-ljubljana","8":"product_cat-svetniki","9":"product_cat-teologija-in-duhovnost","11":"first","12":"instock","13":"shipping-taxable","14":"purchasable","15":"product-type-simple"},"acf":[],"yoast_head":"<!-- This site is optimized with the Yoast SEO plugin v23.8 - https:\/\/yoast.com\/wordpress\/plugins\/seo\/ -->\n<title>Dnevnik svete s. M. Favstine Kowalske - Salve<\/title>\n<meta name=\"robots\" content=\"index, follow, max-snippet:-1, max-image-preview:large, max-video-preview:-1\" \/>\n<link rel=\"canonical\" href=\"https:\/\/www.salve.si\/en\/trgovina\/knjige\/teologija-in-duhovnost\/dnevnik-svete-s-m-favstine-kowalske\/\" \/>\n<meta property=\"og:locale\" content=\"en_US\" \/>\n<meta property=\"og:type\" content=\"article\" \/>\n<meta property=\"og:title\" content=\"Dnevnik svete s. M. Favstine Kowalske - Salve\" \/>\n<meta property=\"og:description\" content=\"Malo je knjig, po katerih bodo ljudje povpra\u0161evali tudi \u010dez ve\u010d stoletij.\" \/>\n<meta property=\"og:url\" content=\"https:\/\/www.salve.si\/en\/trgovina\/knjige\/teologija-in-duhovnost\/dnevnik-svete-s-m-favstine-kowalske\/\" \/>\n<meta property=\"og:site_name\" content=\"Salve\" \/>\n<meta property=\"article:publisher\" content=\"https:\/\/www.facebook.com\/salve.si\" \/>\n<meta property=\"article:modified_time\" content=\"2026-01-20T22:21:07+00:00\" \/>\n<meta property=\"og:image\" content=\"https:\/\/www.salve.si\/wp-content\/uploads\/2018\/03\/dnevnik-sestre-favstine_naslovnica.jpg\" \/>\n\t<meta property=\"og:image:width\" content=\"1735\" \/>\n\t<meta property=\"og:image:height\" content=\"2439\" \/>\n\t<meta property=\"og:image:type\" content=\"image\/jpeg\" \/>\n<meta name=\"twitter:card\" content=\"summary_large_image\" \/>\n<meta name=\"twitter:label1\" content=\"Est. reading time\" \/>\n\t<meta name=\"twitter:data1\" content=\"1 minute\" \/>\n<script type=\"application\/ld+json\" class=\"yoast-schema-graph\">{\"@context\":\"https:\/\/schema.org\",\"@graph\":[{\"@type\":\"WebPage\",\"@id\":\"https:\/\/www.salve.si\/trgovina\/knjige\/teologija-in-duhovnost\/dnevnik-svete-s-m-favstine-kowalske\/\",\"url\":\"https:\/\/www.salve.si\/trgovina\/knjige\/teologija-in-duhovnost\/dnevnik-svete-s-m-favstine-kowalske\/\",\"name\":\"Dnevnik svete s. M. Favstine Kowalske - Salve\",\"isPartOf\":{\"@id\":\"https:\/\/www.salve.si\/#website\"},\"primaryImageOfPage\":{\"@id\":\"https:\/\/www.salve.si\/trgovina\/knjige\/teologija-in-duhovnost\/dnevnik-svete-s-m-favstine-kowalske\/#primaryimage\"},\"image\":{\"@id\":\"https:\/\/www.salve.si\/trgovina\/knjige\/teologija-in-duhovnost\/dnevnik-svete-s-m-favstine-kowalske\/#primaryimage\"},\"thumbnailUrl\":\"https:\/\/www.salve.si\/wp-content\/uploads\/2018\/03\/dnevnik-sestre-favstine_naslovnica.jpg\",\"datePublished\":\"2017-11-02T09:00:42+00:00\",\"dateModified\":\"2026-01-20T22:21:07+00:00\",\"breadcrumb\":{\"@id\":\"https:\/\/www.salve.si\/trgovina\/knjige\/teologija-in-duhovnost\/dnevnik-svete-s-m-favstine-kowalske\/#breadcrumb\"},\"inLanguage\":\"en-US\",\"potentialAction\":[{\"@type\":\"ReadAction\",\"target\":[\"https:\/\/www.salve.si\/trgovina\/knjige\/teologija-in-duhovnost\/dnevnik-svete-s-m-favstine-kowalske\/\"]}]},{\"@type\":\"ImageObject\",\"inLanguage\":\"en-US\",\"@id\":\"https:\/\/www.salve.si\/trgovina\/knjige\/teologija-in-duhovnost\/dnevnik-svete-s-m-favstine-kowalske\/#primaryimage\",\"url\":\"https:\/\/www.salve.si\/wp-content\/uploads\/2018\/03\/dnevnik-sestre-favstine_naslovnica.jpg\",\"contentUrl\":\"https:\/\/www.salve.si\/wp-content\/uploads\/2018\/03\/dnevnik-sestre-favstine_naslovnica.jpg\",\"width\":1735,\"height\":2439},{\"@type\":\"BreadcrumbList\",\"@id\":\"https:\/\/www.salve.si\/trgovina\/knjige\/teologija-in-duhovnost\/dnevnik-svete-s-m-favstine-kowalske\/#breadcrumb\",\"itemListElement\":[{\"@type\":\"ListItem\",\"position\":1,\"name\":\"Home\",\"item\":\"https:\/\/www.salve.si\/\"},{\"@type\":\"ListItem\",\"position\":2,\"name\":\"Trgovina\",\"item\":\"https:\/\/www.salve.si\/trgovina\/\"},{\"@type\":\"ListItem\",\"position\":3,\"name\":\"Dnevnik svete s. M. Favstine Kowalske\"}]},{\"@type\":\"WebSite\",\"@id\":\"https:\/\/www.salve.si\/#website\",\"url\":\"https:\/\/www.salve.si\/\",\"name\":\"Salve\",\"description\":\"Salezijanska zalo\u017eba\",\"publisher\":{\"@id\":\"https:\/\/www.salve.si\/#organization\"},\"potentialAction\":[{\"@type\":\"SearchAction\",\"target\":{\"@type\":\"EntryPoint\",\"urlTemplate\":\"https:\/\/www.salve.si\/?s={search_term_string}\"},\"query-input\":{\"@type\":\"PropertyValueSpecification\",\"valueRequired\":true,\"valueName\":\"search_term_string\"}}],\"inLanguage\":\"en-US\"},{\"@type\":\"Organization\",\"@id\":\"https:\/\/www.salve.si\/#organization\",\"name\":\"Salve d.o.o.\",\"url\":\"https:\/\/www.salve.si\/\",\"logo\":{\"@type\":\"ImageObject\",\"inLanguage\":\"en-US\",\"@id\":\"https:\/\/www.salve.si\/#\/schema\/logo\/image\/\",\"url\":\"https:\/\/www.salve.si\/wp-content\/uploads\/2021\/01\/Salve_logo_modri_nov_web.png\",\"contentUrl\":\"https:\/\/www.salve.si\/wp-content\/uploads\/2021\/01\/Salve_logo_modri_nov_web.png\",\"width\":279,\"height\":90,\"caption\":\"Salve d.o.o.\"},\"image\":{\"@id\":\"https:\/\/www.salve.si\/#\/schema\/logo\/image\/\"},\"sameAs\":[\"https:\/\/www.facebook.com\/salve.si\",\"https:\/\/www.instagram.com\/zalozbasalve\/\",\"https:\/\/www.linkedin.com\/company\/zalozba-salve\/\"]}]}<\/script>\n<!-- \/ Yoast SEO plugin. -->","yoast_head_json":{"title":"Dnevnik svete s. M. Favstine Kowalske - Salve","robots":{"index":"index","follow":"follow","max-snippet":"max-snippet:-1","max-image-preview":"max-image-preview:large","max-video-preview":"max-video-preview:-1"},"canonical":"https:\/\/www.salve.si\/en\/trgovina\/knjige\/teologija-in-duhovnost\/dnevnik-svete-s-m-favstine-kowalske\/","og_locale":"en_US","og_type":"article","og_title":"Dnevnik svete s. M. Favstine Kowalske - Salve","og_description":"Malo je knjig, po katerih bodo ljudje povpra\u0161evali tudi \u010dez ve\u010d stoletij.","og_url":"https:\/\/www.salve.si\/en\/trgovina\/knjige\/teologija-in-duhovnost\/dnevnik-svete-s-m-favstine-kowalske\/","og_site_name":"Salve","article_publisher":"https:\/\/www.facebook.com\/salve.si","article_modified_time":"2026-01-20T22:21:07+00:00","og_image":[{"width":1735,"height":2439,"url":"https:\/\/www.salve.si\/wp-content\/uploads\/2018\/03\/dnevnik-sestre-favstine_naslovnica.jpg","type":"image\/jpeg"}],"twitter_card":"summary_large_image","twitter_misc":{"Est. reading time":"1 minute"},"schema":{"@context":"https:\/\/schema.org","@graph":[{"@type":"WebPage","@id":"https:\/\/www.salve.si\/trgovina\/knjige\/teologija-in-duhovnost\/dnevnik-svete-s-m-favstine-kowalske\/","url":"https:\/\/www.salve.si\/trgovina\/knjige\/teologija-in-duhovnost\/dnevnik-svete-s-m-favstine-kowalske\/","name":"Dnevnik svete s. M. Favstine Kowalske - Salve","isPartOf":{"@id":"https:\/\/www.salve.si\/#website"},"primaryImageOfPage":{"@id":"https:\/\/www.salve.si\/trgovina\/knjige\/teologija-in-duhovnost\/dnevnik-svete-s-m-favstine-kowalske\/#primaryimage"},"image":{"@id":"https:\/\/www.salve.si\/trgovina\/knjige\/teologija-in-duhovnost\/dnevnik-svete-s-m-favstine-kowalske\/#primaryimage"},"thumbnailUrl":"https:\/\/www.salve.si\/wp-content\/uploads\/2018\/03\/dnevnik-sestre-favstine_naslovnica.jpg","datePublished":"2017-11-02T09:00:42+00:00","dateModified":"2026-01-20T22:21:07+00:00","breadcrumb":{"@id":"https:\/\/www.salve.si\/trgovina\/knjige\/teologija-in-duhovnost\/dnevnik-svete-s-m-favstine-kowalske\/#breadcrumb"},"inLanguage":"en-US","potentialAction":[{"@type":"ReadAction","target":["https:\/\/www.salve.si\/trgovina\/knjige\/teologija-in-duhovnost\/dnevnik-svete-s-m-favstine-kowalske\/"]}]},{"@type":"ImageObject","inLanguage":"en-US","@id":"https:\/\/www.salve.si\/trgovina\/knjige\/teologija-in-duhovnost\/dnevnik-svete-s-m-favstine-kowalske\/#primaryimage","url":"https:\/\/www.salve.si\/wp-content\/uploads\/2018\/03\/dnevnik-sestre-favstine_naslovnica.jpg","contentUrl":"https:\/\/www.salve.si\/wp-content\/uploads\/2018\/03\/dnevnik-sestre-favstine_naslovnica.jpg","width":1735,"height":2439},{"@type":"BreadcrumbList","@id":"https:\/\/www.salve.si\/trgovina\/knjige\/teologija-in-duhovnost\/dnevnik-svete-s-m-favstine-kowalske\/#breadcrumb","itemListElement":[{"@type":"ListItem","position":1,"name":"Home","item":"https:\/\/www.salve.si\/"},{"@type":"ListItem","position":2,"name":"Trgovina","item":"https:\/\/www.salve.si\/trgovina\/"},{"@type":"ListItem","position":3,"name":"Dnevnik svete s. M. Favstine Kowalske"}]},{"@type":"WebSite","@id":"https:\/\/www.salve.si\/#website","url":"https:\/\/www.salve.si\/","name":"Salve","description":"Salezijanska zalo\u017eba","publisher":{"@id":"https:\/\/www.salve.si\/#organization"},"potentialAction":[{"@type":"SearchAction","target":{"@type":"EntryPoint","urlTemplate":"https:\/\/www.salve.si\/?s={search_term_string}"},"query-input":{"@type":"PropertyValueSpecification","valueRequired":true,"valueName":"search_term_string"}}],"inLanguage":"en-US"},{"@type":"Organization","@id":"https:\/\/www.salve.si\/#organization","name":"Salve d.o.o.","url":"https:\/\/www.salve.si\/","logo":{"@type":"ImageObject","inLanguage":"en-US","@id":"https:\/\/www.salve.si\/#\/schema\/logo\/image\/","url":"https:\/\/www.salve.si\/wp-content\/uploads\/2021\/01\/Salve_logo_modri_nov_web.png","contentUrl":"https:\/\/www.salve.si\/wp-content\/uploads\/2021\/01\/Salve_logo_modri_nov_web.png","width":279,"height":90,"caption":"Salve d.o.o."},"image":{"@id":"https:\/\/www.salve.si\/#\/schema\/logo\/image\/"},"sameAs":["https:\/\/www.facebook.com\/salve.si","https:\/\/www.instagram.com\/zalozbasalve\/","https:\/\/www.linkedin.com\/company\/zalozba-salve\/"]}]}},"_links":{"self":[{"href":"https:\/\/www.salve.si\/en\/wp-json\/wp\/v2\/product\/3279","targetHints":{"allow":["GET"]}}],"collection":[{"href":"https:\/\/www.salve.si\/en\/wp-json\/wp\/v2\/product"}],"about":[{"href":"https:\/\/www.salve.si\/en\/wp-json\/wp\/v2\/types\/product"}],"version-history":[{"count":11,"href":"https:\/\/www.salve.si\/en\/wp-json\/wp\/v2\/product\/3279\/revisions"}],"predecessor-version":[{"id":21102,"href":"https:\/\/www.salve.si\/en\/wp-json\/wp\/v2\/product\/3279\/revisions\/21102"}],"wp:featuredmedia":[{"embeddable":true,"href":"https:\/\/www.salve.si\/en\/wp-json\/wp\/v2\/media\/3280"}],"wp:attachment":[{"href":"https:\/\/www.salve.si\/en\/wp-json\/wp\/v2\/media?parent=3279"}],"wp:term":[{"taxonomy":"product_cat","embeddable":true,"href":"https:\/\/www.salve.si\/en\/wp-json\/wp\/v2\/product_cat?post=3279"},{"taxonomy":"product_tag","embeddable":true,"href":"https:\/\/www.salve.si\/en\/wp-json\/wp\/v2\/product_tag?post=3279"}],"curies":[{"name":"wp","href":"https:\/\/api.w.org\/{rel}","templated":true}]}}