{"id":3250,"date":"2017-09-12T10:00:15","date_gmt":"2017-09-12T08:00:15","guid":{"rendered":"http:\/\/2018.salve.si\/?post_type=product&#038;p=3250"},"modified":"2026-01-01T00:00:09","modified_gmt":"2025-12-31T23:00:09","slug":"magdalena-morano","status":"publish","type":"product","link":"https:\/\/www.salve.si\/en\/trgovina\/knjige\/mladinske\/magdalena-morano\/","title":{"rendered":"Magdalena Morano"},"content":{"rendered":"<p>Don Boskovo navdihujo\u010de potovanje po poti vere v predanosti bli\u017enjemu je doseglo tudi bla\u017eeno Magdaleno Morano. \u017de v mladih letih je odkrila svojo poklicanost, da postane u\u010diteljica vere.<\/p>\n<p>S pomo\u010djo stripa spoznamo \u017eivljenjsko pot te sestre salezijanke, ki je pomagala graditi temelje salezijanske dru\u017eine. To je zgodba zavzetega dela in truda, pa tudi zgodba velikih uspehov in dose\u017ekov. To je zgodba o nekom, ki je sprejel svojo osebno poklicanost in sledil klicu srca.<span class=\"slv-content-keywords\"> Mladinska zbirka Posebna ponudba Mladinske Svetniki Strip U\u010diteljica vere Big Jack Studio <\/span><\/p>","protected":false},"excerpt":{"rendered":"<p>Strip o \u017eivljenju salezijanske sestre.<\/p>","protected":false},"featured_media":12544,"template":"","meta":{"_acf_changed":false,"footnotes":""},"product_cat":[709,266,634],"product_tag":[647],"class_list":{"0":"post-3250","1":"product","2":"type-product","3":"status-publish","4":"has-post-thumbnail","6":"zbirke-mladinska-zbirka","7":"publisher-salve-d-o-o-ljubljana","8":"product_cat-posebna-ponudba","9":"product_cat-mladinske","10":"product_cat-svetniki","11":"product_tag-strip","13":"first","14":"instock","15":"shipping-taxable","16":"purchasable","17":"product-type-simple"},"acf":[],"yoast_head":"<!-- This site is optimized with the Yoast SEO plugin v23.8 - https:\/\/yoast.com\/wordpress\/plugins\/seo\/ -->\n<title>Magdalena Morano - Salve<\/title>\n<meta name=\"robots\" content=\"index, follow, max-snippet:-1, max-image-preview:large, max-video-preview:-1\" \/>\n<link rel=\"canonical\" href=\"https:\/\/www.salve.si\/en\/trgovina\/knjige\/mladinske\/magdalena-morano\/\" \/>\n<meta property=\"og:locale\" content=\"en_US\" \/>\n<meta property=\"og:type\" content=\"article\" \/>\n<meta property=\"og:title\" content=\"Magdalena Morano - Salve\" \/>\n<meta property=\"og:description\" content=\"Strip o \u017eivljenju salezijanske sestre.\" \/>\n<meta property=\"og:url\" content=\"https:\/\/www.salve.si\/en\/trgovina\/knjige\/mladinske\/magdalena-morano\/\" \/>\n<meta property=\"og:site_name\" content=\"Salve\" \/>\n<meta property=\"article:publisher\" content=\"https:\/\/www.facebook.com\/salve.si\" \/>\n<meta property=\"article:modified_time\" content=\"2025-12-31T23:00:09+00:00\" \/>\n<meta property=\"og:image\" content=\"https:\/\/www.salve.si\/wp-content\/uploads\/2017\/09\/Salve_STRIP_Magdalena-Morano_2017-07-01-scaled.jpg\" \/>\n\t<meta property=\"og:image:width\" content=\"1688\" \/>\n\t<meta property=\"og:image:height\" content=\"2560\" \/>\n\t<meta property=\"og:image:type\" content=\"image\/jpeg\" \/>\n<meta name=\"twitter:card\" content=\"summary_large_image\" \/>\n<meta name=\"twitter:label1\" content=\"Est. reading time\" \/>\n\t<meta name=\"twitter:data1\" content=\"1 minute\" \/>\n<script type=\"application\/ld+json\" class=\"yoast-schema-graph\">{\"@context\":\"https:\/\/schema.org\",\"@graph\":[{\"@type\":\"WebPage\",\"@id\":\"https:\/\/www.salve.si\/trgovina\/knjige\/mladinske\/magdalena-morano\/\",\"url\":\"https:\/\/www.salve.si\/trgovina\/knjige\/mladinske\/magdalena-morano\/\",\"name\":\"Magdalena Morano - Salve\",\"isPartOf\":{\"@id\":\"https:\/\/www.salve.si\/#website\"},\"primaryImageOfPage\":{\"@id\":\"https:\/\/www.salve.si\/trgovina\/knjige\/mladinske\/magdalena-morano\/#primaryimage\"},\"image\":{\"@id\":\"https:\/\/www.salve.si\/trgovina\/knjige\/mladinske\/magdalena-morano\/#primaryimage\"},\"thumbnailUrl\":\"https:\/\/www.salve.si\/wp-content\/uploads\/2017\/09\/Salve_STRIP_Magdalena-Morano_2017-07-01-scaled.jpg\",\"datePublished\":\"2017-09-12T08:00:15+00:00\",\"dateModified\":\"2025-12-31T23:00:09+00:00\",\"breadcrumb\":{\"@id\":\"https:\/\/www.salve.si\/trgovina\/knjige\/mladinske\/magdalena-morano\/#breadcrumb\"},\"inLanguage\":\"en-US\",\"potentialAction\":[{\"@type\":\"ReadAction\",\"target\":[\"https:\/\/www.salve.si\/trgovina\/knjige\/mladinske\/magdalena-morano\/\"]}]},{\"@type\":\"ImageObject\",\"inLanguage\":\"en-US\",\"@id\":\"https:\/\/www.salve.si\/trgovina\/knjige\/mladinske\/magdalena-morano\/#primaryimage\",\"url\":\"https:\/\/www.salve.si\/wp-content\/uploads\/2017\/09\/Salve_STRIP_Magdalena-Morano_2017-07-01-scaled.jpg\",\"contentUrl\":\"https:\/\/www.salve.si\/wp-content\/uploads\/2017\/09\/Salve_STRIP_Magdalena-Morano_2017-07-01-scaled.jpg\",\"width\":1688,\"height\":2560},{\"@type\":\"BreadcrumbList\",\"@id\":\"https:\/\/www.salve.si\/trgovina\/knjige\/mladinske\/magdalena-morano\/#breadcrumb\",\"itemListElement\":[{\"@type\":\"ListItem\",\"position\":1,\"name\":\"Home\",\"item\":\"https:\/\/www.salve.si\/\"},{\"@type\":\"ListItem\",\"position\":2,\"name\":\"Trgovina\",\"item\":\"https:\/\/www.salve.si\/trgovina\/\"},{\"@type\":\"ListItem\",\"position\":3,\"name\":\"Magdalena Morano\"}]},{\"@type\":\"WebSite\",\"@id\":\"https:\/\/www.salve.si\/#website\",\"url\":\"https:\/\/www.salve.si\/\",\"name\":\"Salve\",\"description\":\"Salezijanska zalo\u017eba\",\"publisher\":{\"@id\":\"https:\/\/www.salve.si\/#organization\"},\"potentialAction\":[{\"@type\":\"SearchAction\",\"target\":{\"@type\":\"EntryPoint\",\"urlTemplate\":\"https:\/\/www.salve.si\/?s={search_term_string}\"},\"query-input\":{\"@type\":\"PropertyValueSpecification\",\"valueRequired\":true,\"valueName\":\"search_term_string\"}}],\"inLanguage\":\"en-US\"},{\"@type\":\"Organization\",\"@id\":\"https:\/\/www.salve.si\/#organization\",\"name\":\"Salve d.o.o.\",\"url\":\"https:\/\/www.salve.si\/\",\"logo\":{\"@type\":\"ImageObject\",\"inLanguage\":\"en-US\",\"@id\":\"https:\/\/www.salve.si\/#\/schema\/logo\/image\/\",\"url\":\"https:\/\/www.salve.si\/wp-content\/uploads\/2021\/01\/Salve_logo_modri_nov_web.png\",\"contentUrl\":\"https:\/\/www.salve.si\/wp-content\/uploads\/2021\/01\/Salve_logo_modri_nov_web.png\",\"width\":279,\"height\":90,\"caption\":\"Salve d.o.o.\"},\"image\":{\"@id\":\"https:\/\/www.salve.si\/#\/schema\/logo\/image\/\"},\"sameAs\":[\"https:\/\/www.facebook.com\/salve.si\",\"https:\/\/www.instagram.com\/zalozbasalve\/\",\"https:\/\/www.linkedin.com\/company\/zalozba-salve\/\"]}]}<\/script>\n<!-- \/ Yoast SEO plugin. -->","yoast_head_json":{"title":"Magdalena Morano - Salve","robots":{"index":"index","follow":"follow","max-snippet":"max-snippet:-1","max-image-preview":"max-image-preview:large","max-video-preview":"max-video-preview:-1"},"canonical":"https:\/\/www.salve.si\/en\/trgovina\/knjige\/mladinske\/magdalena-morano\/","og_locale":"en_US","og_type":"article","og_title":"Magdalena Morano - Salve","og_description":"Strip o \u017eivljenju salezijanske sestre.","og_url":"https:\/\/www.salve.si\/en\/trgovina\/knjige\/mladinske\/magdalena-morano\/","og_site_name":"Salve","article_publisher":"https:\/\/www.facebook.com\/salve.si","article_modified_time":"2025-12-31T23:00:09+00:00","og_image":[{"width":1688,"height":2560,"url":"https:\/\/www.salve.si\/wp-content\/uploads\/2017\/09\/Salve_STRIP_Magdalena-Morano_2017-07-01-scaled.jpg","type":"image\/jpeg"}],"twitter_card":"summary_large_image","twitter_misc":{"Est. reading time":"1 minute"},"schema":{"@context":"https:\/\/schema.org","@graph":[{"@type":"WebPage","@id":"https:\/\/www.salve.si\/trgovina\/knjige\/mladinske\/magdalena-morano\/","url":"https:\/\/www.salve.si\/trgovina\/knjige\/mladinske\/magdalena-morano\/","name":"Magdalena Morano - Salve","isPartOf":{"@id":"https:\/\/www.salve.si\/#website"},"primaryImageOfPage":{"@id":"https:\/\/www.salve.si\/trgovina\/knjige\/mladinske\/magdalena-morano\/#primaryimage"},"image":{"@id":"https:\/\/www.salve.si\/trgovina\/knjige\/mladinske\/magdalena-morano\/#primaryimage"},"thumbnailUrl":"https:\/\/www.salve.si\/wp-content\/uploads\/2017\/09\/Salve_STRIP_Magdalena-Morano_2017-07-01-scaled.jpg","datePublished":"2017-09-12T08:00:15+00:00","dateModified":"2025-12-31T23:00:09+00:00","breadcrumb":{"@id":"https:\/\/www.salve.si\/trgovina\/knjige\/mladinske\/magdalena-morano\/#breadcrumb"},"inLanguage":"en-US","potentialAction":[{"@type":"ReadAction","target":["https:\/\/www.salve.si\/trgovina\/knjige\/mladinske\/magdalena-morano\/"]}]},{"@type":"ImageObject","inLanguage":"en-US","@id":"https:\/\/www.salve.si\/trgovina\/knjige\/mladinske\/magdalena-morano\/#primaryimage","url":"https:\/\/www.salve.si\/wp-content\/uploads\/2017\/09\/Salve_STRIP_Magdalena-Morano_2017-07-01-scaled.jpg","contentUrl":"https:\/\/www.salve.si\/wp-content\/uploads\/2017\/09\/Salve_STRIP_Magdalena-Morano_2017-07-01-scaled.jpg","width":1688,"height":2560},{"@type":"BreadcrumbList","@id":"https:\/\/www.salve.si\/trgovina\/knjige\/mladinske\/magdalena-morano\/#breadcrumb","itemListElement":[{"@type":"ListItem","position":1,"name":"Home","item":"https:\/\/www.salve.si\/"},{"@type":"ListItem","position":2,"name":"Trgovina","item":"https:\/\/www.salve.si\/trgovina\/"},{"@type":"ListItem","position":3,"name":"Magdalena Morano"}]},{"@type":"WebSite","@id":"https:\/\/www.salve.si\/#website","url":"https:\/\/www.salve.si\/","name":"Salve","description":"Salezijanska zalo\u017eba","publisher":{"@id":"https:\/\/www.salve.si\/#organization"},"potentialAction":[{"@type":"SearchAction","target":{"@type":"EntryPoint","urlTemplate":"https:\/\/www.salve.si\/?s={search_term_string}"},"query-input":{"@type":"PropertyValueSpecification","valueRequired":true,"valueName":"search_term_string"}}],"inLanguage":"en-US"},{"@type":"Organization","@id":"https:\/\/www.salve.si\/#organization","name":"Salve d.o.o.","url":"https:\/\/www.salve.si\/","logo":{"@type":"ImageObject","inLanguage":"en-US","@id":"https:\/\/www.salve.si\/#\/schema\/logo\/image\/","url":"https:\/\/www.salve.si\/wp-content\/uploads\/2021\/01\/Salve_logo_modri_nov_web.png","contentUrl":"https:\/\/www.salve.si\/wp-content\/uploads\/2021\/01\/Salve_logo_modri_nov_web.png","width":279,"height":90,"caption":"Salve d.o.o."},"image":{"@id":"https:\/\/www.salve.si\/#\/schema\/logo\/image\/"},"sameAs":["https:\/\/www.facebook.com\/salve.si","https:\/\/www.instagram.com\/zalozbasalve\/","https:\/\/www.linkedin.com\/company\/zalozba-salve\/"]}]}},"_links":{"self":[{"href":"https:\/\/www.salve.si\/en\/wp-json\/wp\/v2\/product\/3250","targetHints":{"allow":["GET"]}}],"collection":[{"href":"https:\/\/www.salve.si\/en\/wp-json\/wp\/v2\/product"}],"about":[{"href":"https:\/\/www.salve.si\/en\/wp-json\/wp\/v2\/types\/product"}],"version-history":[{"count":3,"href":"https:\/\/www.salve.si\/en\/wp-json\/wp\/v2\/product\/3250\/revisions"}],"predecessor-version":[{"id":17135,"href":"https:\/\/www.salve.si\/en\/wp-json\/wp\/v2\/product\/3250\/revisions\/17135"}],"wp:featuredmedia":[{"embeddable":true,"href":"https:\/\/www.salve.si\/en\/wp-json\/wp\/v2\/media\/12544"}],"wp:attachment":[{"href":"https:\/\/www.salve.si\/en\/wp-json\/wp\/v2\/media?parent=3250"}],"wp:term":[{"taxonomy":"product_cat","embeddable":true,"href":"https:\/\/www.salve.si\/en\/wp-json\/wp\/v2\/product_cat?post=3250"},{"taxonomy":"product_tag","embeddable":true,"href":"https:\/\/www.salve.si\/en\/wp-json\/wp\/v2\/product_tag?post=3250"}],"curies":[{"name":"wp","href":"https:\/\/api.w.org\/{rel}","templated":true}]}}