{"id":3236,"date":"2017-09-06T10:00:22","date_gmt":"2017-09-06T08:00:22","guid":{"rendered":"http:\/\/2018.salve.si\/?post_type=product&#038;p=3236"},"modified":"2024-01-01T23:00:39","modified_gmt":"2024-01-01T22:00:39","slug":"sveti-rok-prerok-upanja","status":"publish","type":"product","link":"https:\/\/www.salve.si\/en\/trgovina\/knjige\/svetniki\/sveti-rok-prerok-upanja\/","title":{"rendered":"Sveti Rok \u2013 Prerok upanja"},"content":{"rendered":"<p>Avtor nas \u017eeli s tole drobno knji\u017eico spodbuditi k zavedanju, da nas Bog neizmerno ljubi. Preko \u017eivljenjskega zgleda svetega Roka nam poka\u017ee, kako dragoceni smo v Bo\u017ejih o\u010deh \u2013 prav tak\u0161ni, kakr\u0161ni smo in tukaj, kjer smo. In prav tako kot svetniki, tudi mi odgovarjamo na to ljubezen vsak na svoj unikaten na\u010din. Naj nam bo Sveti Rok, ki je bil in je prerok upanja, na tej poti zgled in pripro\u0161njik.<\/p>\n<p><strong>Fotografije:<\/strong>\u00a0Marko Burger<span class=\"slv-content-keywords\"> V \u0161oli najsvetej\u0161ih src Ale\u0161 Pe\u010davar Posebna ponudba Svetniki <\/span><\/p>","protected":false},"excerpt":{"rendered":"<p>\u00bbNa stropu \u017eupnijske cerkve svetega Roka v Dolenji vasi je naslikano \u017eivljenje svetega Roka. Dolgo \u010dasa sem razmi\u0161ljal, kaj mi te podobe \u017eelijo sporo\u010diti. In sporo\u010dajo mi nauk Jezusovih blagrov. In ti blagri sporo\u010dajo \u017eeljo Boga, da bi bil blizu ljudem.\u00ab<\/p>","protected":false},"featured_media":12546,"template":"","meta":{"_acf_changed":false,"footnotes":""},"product_cat":[709,634],"product_tag":[],"class_list":{"0":"post-3236","1":"product","2":"type-product","3":"status-publish","4":"has-post-thumbnail","6":"zbirke-v-soli-najsvetejsih-src","7":"authors-ales-pecavar","8":"publisher-salve-d-o-o-ljubljana","9":"product_cat-posebna-ponudba","10":"product_cat-svetniki","12":"first","13":"instock","14":"shipping-taxable","15":"purchasable","16":"product-type-simple"},"acf":[],"yoast_head":"<!-- This site is optimized with the Yoast SEO plugin v23.8 - https:\/\/yoast.com\/wordpress\/plugins\/seo\/ -->\n<title>Sveti Rok \u2013 Prerok upanja - Salve<\/title>\n<meta name=\"robots\" content=\"index, follow, max-snippet:-1, max-image-preview:large, max-video-preview:-1\" \/>\n<link rel=\"canonical\" href=\"https:\/\/www.salve.si\/en\/trgovina\/knjige\/svetniki\/sveti-rok-prerok-upanja\/\" \/>\n<meta property=\"og:locale\" content=\"en_US\" \/>\n<meta property=\"og:type\" content=\"article\" \/>\n<meta property=\"og:title\" content=\"Sveti Rok \u2013 Prerok upanja - Salve\" \/>\n<meta property=\"og:description\" content=\"\u00bbNa stropu \u017eupnijske cerkve svetega Roka v Dolenji vasi je naslikano \u017eivljenje svetega Roka. Dolgo \u010dasa sem razmi\u0161ljal, kaj mi te podobe \u017eelijo sporo\u010diti. In sporo\u010dajo mi nauk Jezusovih blagrov. In ti blagri sporo\u010dajo \u017eeljo Boga, da bi bil blizu ljudem.\u00ab\" \/>\n<meta property=\"og:url\" content=\"https:\/\/www.salve.si\/en\/trgovina\/knjige\/svetniki\/sveti-rok-prerok-upanja\/\" \/>\n<meta property=\"og:site_name\" content=\"Salve\" \/>\n<meta property=\"article:publisher\" content=\"https:\/\/www.facebook.com\/salve.si\" \/>\n<meta property=\"article:modified_time\" content=\"2024-01-01T22:00:39+00:00\" \/>\n<meta property=\"og:image\" content=\"https:\/\/www.salve.si\/wp-content\/uploads\/2017\/09\/Salve_Sveti-Rok_Prerok-upanja_knjiga_2017-06-30_naslovnica.jpg\" \/>\n\t<meta property=\"og:image:width\" content=\"1328\" \/>\n\t<meta property=\"og:image:height\" content=\"1956\" \/>\n\t<meta property=\"og:image:type\" content=\"image\/jpeg\" \/>\n<meta name=\"twitter:card\" content=\"summary_large_image\" \/>\n<script type=\"application\/ld+json\" class=\"yoast-schema-graph\">{\"@context\":\"https:\/\/schema.org\",\"@graph\":[{\"@type\":\"WebPage\",\"@id\":\"https:\/\/www.salve.si\/trgovina\/knjige\/svetniki\/sveti-rok-prerok-upanja\/\",\"url\":\"https:\/\/www.salve.si\/trgovina\/knjige\/svetniki\/sveti-rok-prerok-upanja\/\",\"name\":\"Sveti Rok \u2013 Prerok upanja - Salve\",\"isPartOf\":{\"@id\":\"https:\/\/www.salve.si\/#website\"},\"primaryImageOfPage\":{\"@id\":\"https:\/\/www.salve.si\/trgovina\/knjige\/svetniki\/sveti-rok-prerok-upanja\/#primaryimage\"},\"image\":{\"@id\":\"https:\/\/www.salve.si\/trgovina\/knjige\/svetniki\/sveti-rok-prerok-upanja\/#primaryimage\"},\"thumbnailUrl\":\"https:\/\/www.salve.si\/wp-content\/uploads\/2017\/09\/Salve_Sveti-Rok_Prerok-upanja_knjiga_2017-06-30_naslovnica.jpg\",\"datePublished\":\"2017-09-06T08:00:22+00:00\",\"dateModified\":\"2024-01-01T22:00:39+00:00\",\"breadcrumb\":{\"@id\":\"https:\/\/www.salve.si\/trgovina\/knjige\/svetniki\/sveti-rok-prerok-upanja\/#breadcrumb\"},\"inLanguage\":\"en-US\",\"potentialAction\":[{\"@type\":\"ReadAction\",\"target\":[\"https:\/\/www.salve.si\/trgovina\/knjige\/svetniki\/sveti-rok-prerok-upanja\/\"]}]},{\"@type\":\"ImageObject\",\"inLanguage\":\"en-US\",\"@id\":\"https:\/\/www.salve.si\/trgovina\/knjige\/svetniki\/sveti-rok-prerok-upanja\/#primaryimage\",\"url\":\"https:\/\/www.salve.si\/wp-content\/uploads\/2017\/09\/Salve_Sveti-Rok_Prerok-upanja_knjiga_2017-06-30_naslovnica.jpg\",\"contentUrl\":\"https:\/\/www.salve.si\/wp-content\/uploads\/2017\/09\/Salve_Sveti-Rok_Prerok-upanja_knjiga_2017-06-30_naslovnica.jpg\",\"width\":1328,\"height\":1956},{\"@type\":\"BreadcrumbList\",\"@id\":\"https:\/\/www.salve.si\/trgovina\/knjige\/svetniki\/sveti-rok-prerok-upanja\/#breadcrumb\",\"itemListElement\":[{\"@type\":\"ListItem\",\"position\":1,\"name\":\"Home\",\"item\":\"https:\/\/www.salve.si\/\"},{\"@type\":\"ListItem\",\"position\":2,\"name\":\"Trgovina\",\"item\":\"https:\/\/www.salve.si\/trgovina\/\"},{\"@type\":\"ListItem\",\"position\":3,\"name\":\"Sveti Rok \u2013 Prerok upanja\"}]},{\"@type\":\"WebSite\",\"@id\":\"https:\/\/www.salve.si\/#website\",\"url\":\"https:\/\/www.salve.si\/\",\"name\":\"Salve\",\"description\":\"Salezijanska zalo\u017eba\",\"publisher\":{\"@id\":\"https:\/\/www.salve.si\/#organization\"},\"potentialAction\":[{\"@type\":\"SearchAction\",\"target\":{\"@type\":\"EntryPoint\",\"urlTemplate\":\"https:\/\/www.salve.si\/?s={search_term_string}\"},\"query-input\":{\"@type\":\"PropertyValueSpecification\",\"valueRequired\":true,\"valueName\":\"search_term_string\"}}],\"inLanguage\":\"en-US\"},{\"@type\":\"Organization\",\"@id\":\"https:\/\/www.salve.si\/#organization\",\"name\":\"Salve d.o.o.\",\"url\":\"https:\/\/www.salve.si\/\",\"logo\":{\"@type\":\"ImageObject\",\"inLanguage\":\"en-US\",\"@id\":\"https:\/\/www.salve.si\/#\/schema\/logo\/image\/\",\"url\":\"https:\/\/www.salve.si\/wp-content\/uploads\/2021\/01\/Salve_logo_modri_nov_web.png\",\"contentUrl\":\"https:\/\/www.salve.si\/wp-content\/uploads\/2021\/01\/Salve_logo_modri_nov_web.png\",\"width\":279,\"height\":90,\"caption\":\"Salve d.o.o.\"},\"image\":{\"@id\":\"https:\/\/www.salve.si\/#\/schema\/logo\/image\/\"},\"sameAs\":[\"https:\/\/www.facebook.com\/salve.si\",\"https:\/\/www.instagram.com\/zalozbasalve\/\",\"https:\/\/www.linkedin.com\/company\/zalozba-salve\/\"]}]}<\/script>\n<!-- \/ Yoast SEO plugin. -->","yoast_head_json":{"title":"Sveti Rok \u2013 Prerok upanja - Salve","robots":{"index":"index","follow":"follow","max-snippet":"max-snippet:-1","max-image-preview":"max-image-preview:large","max-video-preview":"max-video-preview:-1"},"canonical":"https:\/\/www.salve.si\/en\/trgovina\/knjige\/svetniki\/sveti-rok-prerok-upanja\/","og_locale":"en_US","og_type":"article","og_title":"Sveti Rok \u2013 Prerok upanja - Salve","og_description":"\u00bbNa stropu \u017eupnijske cerkve svetega Roka v Dolenji vasi je naslikano \u017eivljenje svetega Roka. Dolgo \u010dasa sem razmi\u0161ljal, kaj mi te podobe \u017eelijo sporo\u010diti. In sporo\u010dajo mi nauk Jezusovih blagrov. In ti blagri sporo\u010dajo \u017eeljo Boga, da bi bil blizu ljudem.\u00ab","og_url":"https:\/\/www.salve.si\/en\/trgovina\/knjige\/svetniki\/sveti-rok-prerok-upanja\/","og_site_name":"Salve","article_publisher":"https:\/\/www.facebook.com\/salve.si","article_modified_time":"2024-01-01T22:00:39+00:00","og_image":[{"width":1328,"height":1956,"url":"https:\/\/www.salve.si\/wp-content\/uploads\/2017\/09\/Salve_Sveti-Rok_Prerok-upanja_knjiga_2017-06-30_naslovnica.jpg","type":"image\/jpeg"}],"twitter_card":"summary_large_image","schema":{"@context":"https:\/\/schema.org","@graph":[{"@type":"WebPage","@id":"https:\/\/www.salve.si\/trgovina\/knjige\/svetniki\/sveti-rok-prerok-upanja\/","url":"https:\/\/www.salve.si\/trgovina\/knjige\/svetniki\/sveti-rok-prerok-upanja\/","name":"Sveti Rok \u2013 Prerok upanja - Salve","isPartOf":{"@id":"https:\/\/www.salve.si\/#website"},"primaryImageOfPage":{"@id":"https:\/\/www.salve.si\/trgovina\/knjige\/svetniki\/sveti-rok-prerok-upanja\/#primaryimage"},"image":{"@id":"https:\/\/www.salve.si\/trgovina\/knjige\/svetniki\/sveti-rok-prerok-upanja\/#primaryimage"},"thumbnailUrl":"https:\/\/www.salve.si\/wp-content\/uploads\/2017\/09\/Salve_Sveti-Rok_Prerok-upanja_knjiga_2017-06-30_naslovnica.jpg","datePublished":"2017-09-06T08:00:22+00:00","dateModified":"2024-01-01T22:00:39+00:00","breadcrumb":{"@id":"https:\/\/www.salve.si\/trgovina\/knjige\/svetniki\/sveti-rok-prerok-upanja\/#breadcrumb"},"inLanguage":"en-US","potentialAction":[{"@type":"ReadAction","target":["https:\/\/www.salve.si\/trgovina\/knjige\/svetniki\/sveti-rok-prerok-upanja\/"]}]},{"@type":"ImageObject","inLanguage":"en-US","@id":"https:\/\/www.salve.si\/trgovina\/knjige\/svetniki\/sveti-rok-prerok-upanja\/#primaryimage","url":"https:\/\/www.salve.si\/wp-content\/uploads\/2017\/09\/Salve_Sveti-Rok_Prerok-upanja_knjiga_2017-06-30_naslovnica.jpg","contentUrl":"https:\/\/www.salve.si\/wp-content\/uploads\/2017\/09\/Salve_Sveti-Rok_Prerok-upanja_knjiga_2017-06-30_naslovnica.jpg","width":1328,"height":1956},{"@type":"BreadcrumbList","@id":"https:\/\/www.salve.si\/trgovina\/knjige\/svetniki\/sveti-rok-prerok-upanja\/#breadcrumb","itemListElement":[{"@type":"ListItem","position":1,"name":"Home","item":"https:\/\/www.salve.si\/"},{"@type":"ListItem","position":2,"name":"Trgovina","item":"https:\/\/www.salve.si\/trgovina\/"},{"@type":"ListItem","position":3,"name":"Sveti Rok \u2013 Prerok upanja"}]},{"@type":"WebSite","@id":"https:\/\/www.salve.si\/#website","url":"https:\/\/www.salve.si\/","name":"Salve","description":"Salezijanska zalo\u017eba","publisher":{"@id":"https:\/\/www.salve.si\/#organization"},"potentialAction":[{"@type":"SearchAction","target":{"@type":"EntryPoint","urlTemplate":"https:\/\/www.salve.si\/?s={search_term_string}"},"query-input":{"@type":"PropertyValueSpecification","valueRequired":true,"valueName":"search_term_string"}}],"inLanguage":"en-US"},{"@type":"Organization","@id":"https:\/\/www.salve.si\/#organization","name":"Salve d.o.o.","url":"https:\/\/www.salve.si\/","logo":{"@type":"ImageObject","inLanguage":"en-US","@id":"https:\/\/www.salve.si\/#\/schema\/logo\/image\/","url":"https:\/\/www.salve.si\/wp-content\/uploads\/2021\/01\/Salve_logo_modri_nov_web.png","contentUrl":"https:\/\/www.salve.si\/wp-content\/uploads\/2021\/01\/Salve_logo_modri_nov_web.png","width":279,"height":90,"caption":"Salve d.o.o."},"image":{"@id":"https:\/\/www.salve.si\/#\/schema\/logo\/image\/"},"sameAs":["https:\/\/www.facebook.com\/salve.si","https:\/\/www.instagram.com\/zalozbasalve\/","https:\/\/www.linkedin.com\/company\/zalozba-salve\/"]}]}},"_links":{"self":[{"href":"https:\/\/www.salve.si\/en\/wp-json\/wp\/v2\/product\/3236","targetHints":{"allow":["GET"]}}],"collection":[{"href":"https:\/\/www.salve.si\/en\/wp-json\/wp\/v2\/product"}],"about":[{"href":"https:\/\/www.salve.si\/en\/wp-json\/wp\/v2\/types\/product"}],"version-history":[{"count":3,"href":"https:\/\/www.salve.si\/en\/wp-json\/wp\/v2\/product\/3236\/revisions"}],"predecessor-version":[{"id":16861,"href":"https:\/\/www.salve.si\/en\/wp-json\/wp\/v2\/product\/3236\/revisions\/16861"}],"wp:featuredmedia":[{"embeddable":true,"href":"https:\/\/www.salve.si\/en\/wp-json\/wp\/v2\/media\/12546"}],"wp:attachment":[{"href":"https:\/\/www.salve.si\/en\/wp-json\/wp\/v2\/media?parent=3236"}],"wp:term":[{"taxonomy":"product_cat","embeddable":true,"href":"https:\/\/www.salve.si\/en\/wp-json\/wp\/v2\/product_cat?post=3236"},{"taxonomy":"product_tag","embeddable":true,"href":"https:\/\/www.salve.si\/en\/wp-json\/wp\/v2\/product_tag?post=3236"}],"curies":[{"name":"wp","href":"https:\/\/api.w.org\/{rel}","templated":true}]}}