{"id":3233,"date":"2017-06-29T10:00:19","date_gmt":"2017-06-29T08:00:19","guid":{"rendered":"http:\/\/2018.salve.si\/?post_type=product&#038;p=3233"},"modified":"2023-03-01T00:01:41","modified_gmt":"2023-02-28T23:01:41","slug":"brazgotine","status":"publish","type":"product","link":"https:\/\/www.salve.si\/en\/trgovina\/knjige\/poezija\/brazgotine\/","title":{"rendered":"Brazgotine"},"content":{"rendered":"<p>Skozi trpljenje in bole\u010dino odkriva v sebi nov smisel, novo mo\u010d, voljo do \u017eivljenja in hvale\u017enost za vse podarjeno. Pesni\u0161ka zbira Brazgotine je razdeljena v tri dele: \u010ci\u0161\u010denje, Krik po materi, Rojstvo kapljice. Pesni\u0161ka zbirka je posebna in enkratna tudi zato, ker avtorica \u0161e vedno prestaja kazen zapora v ZPKZ Ig in je prva, ki je izdala knjigo v \u010dasu prestajanja kazni zapora.<\/p>\n<p>Avtorica mandal<strong>:<\/strong>\u00a0Sa\u0161a Lekan<span class=\"slv-content-keywords\"> Nevenka Lekan Poezija Sandra Osenjak <\/span><\/p>","protected":false},"excerpt":{"rendered":"<p>Knjiga Brazgotine je pesni\u0161ki prvenec pesnice Nevenke Lekan. V liri\u010dni obliki podo\u017eivlja svoje \u017eivljenjske izku\u0161nje in preizku\u0161nje, ki so zaznamovale njo in njene \u0161tiri otroke.<\/p>","protected":false},"featured_media":3234,"template":"","meta":{"_acf_changed":false,"footnotes":""},"product_cat":[313],"product_tag":[],"class_list":{"0":"post-3233","1":"product","2":"type-product","3":"status-publish","4":"has-post-thumbnail","6":"authors-nevenka-lekan","7":"publisher-salve-d-o-o-ljubljana","8":"product_cat-poezija","10":"first","11":"instock","12":"shipping-taxable","13":"purchasable","14":"product-type-simple"},"acf":[],"yoast_head":"<!-- This site is optimized with the Yoast SEO plugin v23.8 - https:\/\/yoast.com\/wordpress\/plugins\/seo\/ -->\n<title>Brazgotine - Salve<\/title>\n<meta name=\"robots\" content=\"index, follow, max-snippet:-1, max-image-preview:large, max-video-preview:-1\" \/>\n<link rel=\"canonical\" href=\"https:\/\/www.salve.si\/en\/trgovina\/knjige\/poezija\/brazgotine\/\" \/>\n<meta property=\"og:locale\" content=\"en_US\" \/>\n<meta property=\"og:type\" content=\"article\" \/>\n<meta property=\"og:title\" content=\"Brazgotine - Salve\" \/>\n<meta property=\"og:description\" content=\"Knjiga Brazgotine je pesni\u0161ki prvenec pesnice Nevenke Lekan. V liri\u010dni obliki podo\u017eivlja svoje \u017eivljenjske izku\u0161nje in preizku\u0161nje, ki so zaznamovale njo in njene \u0161tiri otroke.\" \/>\n<meta property=\"og:url\" content=\"https:\/\/www.salve.si\/en\/trgovina\/knjige\/poezija\/brazgotine\/\" \/>\n<meta property=\"og:site_name\" content=\"Salve\" \/>\n<meta property=\"article:publisher\" content=\"https:\/\/www.facebook.com\/salve.si\" \/>\n<meta property=\"article:modified_time\" content=\"2023-02-28T23:01:41+00:00\" \/>\n<meta property=\"og:image\" content=\"https:\/\/www.salve.si\/wp-content\/uploads\/2018\/03\/brazgotine_nevenka-lekan.jpg\" \/>\n\t<meta property=\"og:image:width\" content=\"571\" \/>\n\t<meta property=\"og:image:height\" content=\"808\" \/>\n\t<meta property=\"og:image:type\" content=\"image\/jpeg\" \/>\n<meta name=\"twitter:card\" content=\"summary_large_image\" \/>\n<script type=\"application\/ld+json\" class=\"yoast-schema-graph\">{\"@context\":\"https:\/\/schema.org\",\"@graph\":[{\"@type\":\"WebPage\",\"@id\":\"https:\/\/www.salve.si\/trgovina\/knjige\/poezija\/brazgotine\/\",\"url\":\"https:\/\/www.salve.si\/trgovina\/knjige\/poezija\/brazgotine\/\",\"name\":\"Brazgotine - Salve\",\"isPartOf\":{\"@id\":\"https:\/\/www.salve.si\/#website\"},\"primaryImageOfPage\":{\"@id\":\"https:\/\/www.salve.si\/trgovina\/knjige\/poezija\/brazgotine\/#primaryimage\"},\"image\":{\"@id\":\"https:\/\/www.salve.si\/trgovina\/knjige\/poezija\/brazgotine\/#primaryimage\"},\"thumbnailUrl\":\"https:\/\/www.salve.si\/wp-content\/uploads\/2018\/03\/brazgotine_nevenka-lekan.jpg\",\"datePublished\":\"2017-06-29T08:00:19+00:00\",\"dateModified\":\"2023-02-28T23:01:41+00:00\",\"breadcrumb\":{\"@id\":\"https:\/\/www.salve.si\/trgovina\/knjige\/poezija\/brazgotine\/#breadcrumb\"},\"inLanguage\":\"en-US\",\"potentialAction\":[{\"@type\":\"ReadAction\",\"target\":[\"https:\/\/www.salve.si\/trgovina\/knjige\/poezija\/brazgotine\/\"]}]},{\"@type\":\"ImageObject\",\"inLanguage\":\"en-US\",\"@id\":\"https:\/\/www.salve.si\/trgovina\/knjige\/poezija\/brazgotine\/#primaryimage\",\"url\":\"https:\/\/www.salve.si\/wp-content\/uploads\/2018\/03\/brazgotine_nevenka-lekan.jpg\",\"contentUrl\":\"https:\/\/www.salve.si\/wp-content\/uploads\/2018\/03\/brazgotine_nevenka-lekan.jpg\",\"width\":571,\"height\":808},{\"@type\":\"BreadcrumbList\",\"@id\":\"https:\/\/www.salve.si\/trgovina\/knjige\/poezija\/brazgotine\/#breadcrumb\",\"itemListElement\":[{\"@type\":\"ListItem\",\"position\":1,\"name\":\"Home\",\"item\":\"https:\/\/www.salve.si\/\"},{\"@type\":\"ListItem\",\"position\":2,\"name\":\"Trgovina\",\"item\":\"https:\/\/www.salve.si\/trgovina\/\"},{\"@type\":\"ListItem\",\"position\":3,\"name\":\"Brazgotine\"}]},{\"@type\":\"WebSite\",\"@id\":\"https:\/\/www.salve.si\/#website\",\"url\":\"https:\/\/www.salve.si\/\",\"name\":\"Salve\",\"description\":\"Salezijanska zalo\u017eba\",\"publisher\":{\"@id\":\"https:\/\/www.salve.si\/#organization\"},\"potentialAction\":[{\"@type\":\"SearchAction\",\"target\":{\"@type\":\"EntryPoint\",\"urlTemplate\":\"https:\/\/www.salve.si\/?s={search_term_string}\"},\"query-input\":{\"@type\":\"PropertyValueSpecification\",\"valueRequired\":true,\"valueName\":\"search_term_string\"}}],\"inLanguage\":\"en-US\"},{\"@type\":\"Organization\",\"@id\":\"https:\/\/www.salve.si\/#organization\",\"name\":\"Salve d.o.o.\",\"url\":\"https:\/\/www.salve.si\/\",\"logo\":{\"@type\":\"ImageObject\",\"inLanguage\":\"en-US\",\"@id\":\"https:\/\/www.salve.si\/#\/schema\/logo\/image\/\",\"url\":\"https:\/\/www.salve.si\/wp-content\/uploads\/2021\/01\/Salve_logo_modri_nov_web.png\",\"contentUrl\":\"https:\/\/www.salve.si\/wp-content\/uploads\/2021\/01\/Salve_logo_modri_nov_web.png\",\"width\":279,\"height\":90,\"caption\":\"Salve d.o.o.\"},\"image\":{\"@id\":\"https:\/\/www.salve.si\/#\/schema\/logo\/image\/\"},\"sameAs\":[\"https:\/\/www.facebook.com\/salve.si\",\"https:\/\/www.instagram.com\/zalozbasalve\/\",\"https:\/\/www.linkedin.com\/company\/zalozba-salve\/\"]}]}<\/script>\n<!-- \/ Yoast SEO plugin. -->","yoast_head_json":{"title":"Brazgotine - Salve","robots":{"index":"index","follow":"follow","max-snippet":"max-snippet:-1","max-image-preview":"max-image-preview:large","max-video-preview":"max-video-preview:-1"},"canonical":"https:\/\/www.salve.si\/en\/trgovina\/knjige\/poezija\/brazgotine\/","og_locale":"en_US","og_type":"article","og_title":"Brazgotine - Salve","og_description":"Knjiga Brazgotine je pesni\u0161ki prvenec pesnice Nevenke Lekan. V liri\u010dni obliki podo\u017eivlja svoje \u017eivljenjske izku\u0161nje in preizku\u0161nje, ki so zaznamovale njo in njene \u0161tiri otroke.","og_url":"https:\/\/www.salve.si\/en\/trgovina\/knjige\/poezija\/brazgotine\/","og_site_name":"Salve","article_publisher":"https:\/\/www.facebook.com\/salve.si","article_modified_time":"2023-02-28T23:01:41+00:00","og_image":[{"width":571,"height":808,"url":"https:\/\/www.salve.si\/wp-content\/uploads\/2018\/03\/brazgotine_nevenka-lekan.jpg","type":"image\/jpeg"}],"twitter_card":"summary_large_image","schema":{"@context":"https:\/\/schema.org","@graph":[{"@type":"WebPage","@id":"https:\/\/www.salve.si\/trgovina\/knjige\/poezija\/brazgotine\/","url":"https:\/\/www.salve.si\/trgovina\/knjige\/poezija\/brazgotine\/","name":"Brazgotine - Salve","isPartOf":{"@id":"https:\/\/www.salve.si\/#website"},"primaryImageOfPage":{"@id":"https:\/\/www.salve.si\/trgovina\/knjige\/poezija\/brazgotine\/#primaryimage"},"image":{"@id":"https:\/\/www.salve.si\/trgovina\/knjige\/poezija\/brazgotine\/#primaryimage"},"thumbnailUrl":"https:\/\/www.salve.si\/wp-content\/uploads\/2018\/03\/brazgotine_nevenka-lekan.jpg","datePublished":"2017-06-29T08:00:19+00:00","dateModified":"2023-02-28T23:01:41+00:00","breadcrumb":{"@id":"https:\/\/www.salve.si\/trgovina\/knjige\/poezija\/brazgotine\/#breadcrumb"},"inLanguage":"en-US","potentialAction":[{"@type":"ReadAction","target":["https:\/\/www.salve.si\/trgovina\/knjige\/poezija\/brazgotine\/"]}]},{"@type":"ImageObject","inLanguage":"en-US","@id":"https:\/\/www.salve.si\/trgovina\/knjige\/poezija\/brazgotine\/#primaryimage","url":"https:\/\/www.salve.si\/wp-content\/uploads\/2018\/03\/brazgotine_nevenka-lekan.jpg","contentUrl":"https:\/\/www.salve.si\/wp-content\/uploads\/2018\/03\/brazgotine_nevenka-lekan.jpg","width":571,"height":808},{"@type":"BreadcrumbList","@id":"https:\/\/www.salve.si\/trgovina\/knjige\/poezija\/brazgotine\/#breadcrumb","itemListElement":[{"@type":"ListItem","position":1,"name":"Home","item":"https:\/\/www.salve.si\/"},{"@type":"ListItem","position":2,"name":"Trgovina","item":"https:\/\/www.salve.si\/trgovina\/"},{"@type":"ListItem","position":3,"name":"Brazgotine"}]},{"@type":"WebSite","@id":"https:\/\/www.salve.si\/#website","url":"https:\/\/www.salve.si\/","name":"Salve","description":"Salezijanska zalo\u017eba","publisher":{"@id":"https:\/\/www.salve.si\/#organization"},"potentialAction":[{"@type":"SearchAction","target":{"@type":"EntryPoint","urlTemplate":"https:\/\/www.salve.si\/?s={search_term_string}"},"query-input":{"@type":"PropertyValueSpecification","valueRequired":true,"valueName":"search_term_string"}}],"inLanguage":"en-US"},{"@type":"Organization","@id":"https:\/\/www.salve.si\/#organization","name":"Salve d.o.o.","url":"https:\/\/www.salve.si\/","logo":{"@type":"ImageObject","inLanguage":"en-US","@id":"https:\/\/www.salve.si\/#\/schema\/logo\/image\/","url":"https:\/\/www.salve.si\/wp-content\/uploads\/2021\/01\/Salve_logo_modri_nov_web.png","contentUrl":"https:\/\/www.salve.si\/wp-content\/uploads\/2021\/01\/Salve_logo_modri_nov_web.png","width":279,"height":90,"caption":"Salve d.o.o."},"image":{"@id":"https:\/\/www.salve.si\/#\/schema\/logo\/image\/"},"sameAs":["https:\/\/www.facebook.com\/salve.si","https:\/\/www.instagram.com\/zalozbasalve\/","https:\/\/www.linkedin.com\/company\/zalozba-salve\/"]}]}},"_links":{"self":[{"href":"https:\/\/www.salve.si\/en\/wp-json\/wp\/v2\/product\/3233","targetHints":{"allow":["GET"]}}],"collection":[{"href":"https:\/\/www.salve.si\/en\/wp-json\/wp\/v2\/product"}],"about":[{"href":"https:\/\/www.salve.si\/en\/wp-json\/wp\/v2\/types\/product"}],"version-history":[{"count":1,"href":"https:\/\/www.salve.si\/en\/wp-json\/wp\/v2\/product\/3233\/revisions"}],"predecessor-version":[{"id":16860,"href":"https:\/\/www.salve.si\/en\/wp-json\/wp\/v2\/product\/3233\/revisions\/16860"}],"wp:featuredmedia":[{"embeddable":true,"href":"https:\/\/www.salve.si\/en\/wp-json\/wp\/v2\/media\/3234"}],"wp:attachment":[{"href":"https:\/\/www.salve.si\/en\/wp-json\/wp\/v2\/media?parent=3233"}],"wp:term":[{"taxonomy":"product_cat","embeddable":true,"href":"https:\/\/www.salve.si\/en\/wp-json\/wp\/v2\/product_cat?post=3233"},{"taxonomy":"product_tag","embeddable":true,"href":"https:\/\/www.salve.si\/en\/wp-json\/wp\/v2\/product_tag?post=3233"}],"curies":[{"name":"wp","href":"https:\/\/api.w.org\/{rel}","templated":true}]}}