{"id":3218,"date":"2017-06-27T10:00:58","date_gmt":"2017-06-27T08:00:58","guid":{"rendered":"http:\/\/2018.salve.si\/?post_type=product&#038;p=3218"},"modified":"2025-01-01T00:00:32","modified_gmt":"2024-12-31T23:00:32","slug":"psihosocialno-interaktivne-igre-za-otroke-in-mlade","status":"publish","type":"product","link":"https:\/\/www.salve.si\/en\/trgovina\/knjige\/prirocniki\/psihosocialno-interaktivne-igre-za-otroke-in-mlade\/","title":{"rendered":"Psihosocialno-interaktivne igre za otroke in mlade"},"content":{"rendered":"<p>Dinamike dose\u017eejo posameznika in skupino tako na vidni ravni vedenja, kot pri notranjih procesih, ki ob tem potekajo. Le-ti pomagajo posamezniku, da ozavesti svoje odnose na intrapsihi\u010dni ravni ter tako odkrije nov na\u010din razmi\u0161ljanja in \u010dutenja.<br \/>\nTako so psihosocialno-interaktivne dinamike \u0161e posebej primerne za razli\u010dne skupine otrok in mladih, ki pod vodstvom u\u010ditelja, pedagoga, animatorja, socialnega ali mladinskega delavca izku\u0161ajo inovativen proces dela preko dinamike igre, ki omogo\u010da rast skupine in posameznika, v kon\u010dni fazi pa tudi voditelja samega.<span class=\"slv-content-keywords\"> Posebna ponudba Priro\u010dniki Ga\u0161per M. Otrin Matja\u017e Veber Mojca Hojnik Sanja O. Brodnjak Igre Mladinska zbirka Igrajmo se 90 iger <\/span><\/p>","protected":false},"excerpt":{"rendered":"<p>Psihosocialno-interaktivne dinamike se zaradi svoje specifike razlikujejo od vseh drugih iger. Pri takih dinamikah nosita pomembno vlogo tako posameznik kot skupina, saj preko vzajemne interakcije ustvarjata proces, ki omogo\u010da \u017eelene spremembe, predvsem na kvalitativni ravni.<\/p>","protected":false},"featured_media":3219,"template":"","meta":{"_acf_changed":false,"footnotes":""},"product_cat":[709,316],"product_tag":[661],"class_list":{"0":"post-3218","1":"product","2":"type-product","3":"status-publish","4":"has-post-thumbnail","6":"zbirke-igre","7":"zbirke-mladinska-zbirka","8":"authors-gasper-otrin","9":"authors-matjaz-veber","10":"authors-mojca-hojnik","11":"authors-sanja-o-brodnjak","12":"publisher-salve-d-o-o-ljubljana","13":"product_cat-posebna-ponudba","14":"product_cat-prirocniki","15":"product_tag-igre","17":"first","18":"instock","19":"shipping-taxable","20":"purchasable","21":"product-type-simple"},"acf":[],"yoast_head":"<!-- This site is optimized with the Yoast SEO plugin v23.8 - https:\/\/yoast.com\/wordpress\/plugins\/seo\/ -->\n<title>Psihosocialno-interaktivne igre za otroke in mlade - Salve<\/title>\n<meta name=\"robots\" content=\"index, follow, max-snippet:-1, max-image-preview:large, max-video-preview:-1\" \/>\n<link rel=\"canonical\" href=\"https:\/\/www.salve.si\/en\/trgovina\/knjige\/prirocniki\/psihosocialno-interaktivne-igre-za-otroke-in-mlade\/\" \/>\n<meta property=\"og:locale\" content=\"en_US\" \/>\n<meta property=\"og:type\" content=\"article\" \/>\n<meta property=\"og:title\" content=\"Psihosocialno-interaktivne igre za otroke in mlade - Salve\" \/>\n<meta property=\"og:description\" content=\"Psihosocialno-interaktivne dinamike se zaradi svoje specifike razlikujejo od vseh drugih iger. Pri takih dinamikah nosita pomembno vlogo tako posameznik kot skupina, saj preko vzajemne interakcije ustvarjata proces, ki omogo\u010da \u017eelene spremembe, predvsem na kvalitativni ravni.\" \/>\n<meta property=\"og:url\" content=\"https:\/\/www.salve.si\/en\/trgovina\/knjige\/prirocniki\/psihosocialno-interaktivne-igre-za-otroke-in-mlade\/\" \/>\n<meta property=\"og:site_name\" content=\"Salve\" \/>\n<meta property=\"article:publisher\" content=\"https:\/\/www.facebook.com\/salve.si\" \/>\n<meta property=\"article:modified_time\" content=\"2024-12-31T23:00:32+00:00\" \/>\n<meta property=\"og:image\" content=\"https:\/\/www.salve.si\/wp-content\/uploads\/2018\/03\/psihosocialno-interaktivne-igre_gasper-otrin.jpg\" \/>\n\t<meta property=\"og:image:width\" content=\"1170\" \/>\n\t<meta property=\"og:image:height\" content=\"1642\" \/>\n\t<meta property=\"og:image:type\" content=\"image\/jpeg\" \/>\n<meta name=\"twitter:card\" content=\"summary_large_image\" \/>\n<meta name=\"twitter:label1\" content=\"Est. reading time\" \/>\n\t<meta name=\"twitter:data1\" content=\"1 minute\" \/>\n<script type=\"application\/ld+json\" class=\"yoast-schema-graph\">{\"@context\":\"https:\/\/schema.org\",\"@graph\":[{\"@type\":\"WebPage\",\"@id\":\"https:\/\/www.salve.si\/trgovina\/knjige\/prirocniki\/psihosocialno-interaktivne-igre-za-otroke-in-mlade\/\",\"url\":\"https:\/\/www.salve.si\/trgovina\/knjige\/prirocniki\/psihosocialno-interaktivne-igre-za-otroke-in-mlade\/\",\"name\":\"Psihosocialno-interaktivne igre za otroke in mlade - Salve\",\"isPartOf\":{\"@id\":\"https:\/\/www.salve.si\/#website\"},\"primaryImageOfPage\":{\"@id\":\"https:\/\/www.salve.si\/trgovina\/knjige\/prirocniki\/psihosocialno-interaktivne-igre-za-otroke-in-mlade\/#primaryimage\"},\"image\":{\"@id\":\"https:\/\/www.salve.si\/trgovina\/knjige\/prirocniki\/psihosocialno-interaktivne-igre-za-otroke-in-mlade\/#primaryimage\"},\"thumbnailUrl\":\"https:\/\/www.salve.si\/wp-content\/uploads\/2018\/03\/psihosocialno-interaktivne-igre_gasper-otrin.jpg\",\"datePublished\":\"2017-06-27T08:00:58+00:00\",\"dateModified\":\"2024-12-31T23:00:32+00:00\",\"breadcrumb\":{\"@id\":\"https:\/\/www.salve.si\/trgovina\/knjige\/prirocniki\/psihosocialno-interaktivne-igre-za-otroke-in-mlade\/#breadcrumb\"},\"inLanguage\":\"en-US\",\"potentialAction\":[{\"@type\":\"ReadAction\",\"target\":[\"https:\/\/www.salve.si\/trgovina\/knjige\/prirocniki\/psihosocialno-interaktivne-igre-za-otroke-in-mlade\/\"]}]},{\"@type\":\"ImageObject\",\"inLanguage\":\"en-US\",\"@id\":\"https:\/\/www.salve.si\/trgovina\/knjige\/prirocniki\/psihosocialno-interaktivne-igre-za-otroke-in-mlade\/#primaryimage\",\"url\":\"https:\/\/www.salve.si\/wp-content\/uploads\/2018\/03\/psihosocialno-interaktivne-igre_gasper-otrin.jpg\",\"contentUrl\":\"https:\/\/www.salve.si\/wp-content\/uploads\/2018\/03\/psihosocialno-interaktivne-igre_gasper-otrin.jpg\",\"width\":1170,\"height\":1642},{\"@type\":\"BreadcrumbList\",\"@id\":\"https:\/\/www.salve.si\/trgovina\/knjige\/prirocniki\/psihosocialno-interaktivne-igre-za-otroke-in-mlade\/#breadcrumb\",\"itemListElement\":[{\"@type\":\"ListItem\",\"position\":1,\"name\":\"Home\",\"item\":\"https:\/\/www.salve.si\/\"},{\"@type\":\"ListItem\",\"position\":2,\"name\":\"Trgovina\",\"item\":\"https:\/\/www.salve.si\/trgovina\/\"},{\"@type\":\"ListItem\",\"position\":3,\"name\":\"Psihosocialno-interaktivne igre za otroke in mlade\"}]},{\"@type\":\"WebSite\",\"@id\":\"https:\/\/www.salve.si\/#website\",\"url\":\"https:\/\/www.salve.si\/\",\"name\":\"Salve\",\"description\":\"Salezijanska zalo\u017eba\",\"publisher\":{\"@id\":\"https:\/\/www.salve.si\/#organization\"},\"potentialAction\":[{\"@type\":\"SearchAction\",\"target\":{\"@type\":\"EntryPoint\",\"urlTemplate\":\"https:\/\/www.salve.si\/?s={search_term_string}\"},\"query-input\":{\"@type\":\"PropertyValueSpecification\",\"valueRequired\":true,\"valueName\":\"search_term_string\"}}],\"inLanguage\":\"en-US\"},{\"@type\":\"Organization\",\"@id\":\"https:\/\/www.salve.si\/#organization\",\"name\":\"Salve d.o.o.\",\"url\":\"https:\/\/www.salve.si\/\",\"logo\":{\"@type\":\"ImageObject\",\"inLanguage\":\"en-US\",\"@id\":\"https:\/\/www.salve.si\/#\/schema\/logo\/image\/\",\"url\":\"https:\/\/www.salve.si\/wp-content\/uploads\/2021\/01\/Salve_logo_modri_nov_web.png\",\"contentUrl\":\"https:\/\/www.salve.si\/wp-content\/uploads\/2021\/01\/Salve_logo_modri_nov_web.png\",\"width\":279,\"height\":90,\"caption\":\"Salve d.o.o.\"},\"image\":{\"@id\":\"https:\/\/www.salve.si\/#\/schema\/logo\/image\/\"},\"sameAs\":[\"https:\/\/www.facebook.com\/salve.si\",\"https:\/\/www.instagram.com\/zalozbasalve\/\",\"https:\/\/www.linkedin.com\/company\/zalozba-salve\/\"]}]}<\/script>\n<!-- \/ Yoast SEO plugin. -->","yoast_head_json":{"title":"Psihosocialno-interaktivne igre za otroke in mlade - Salve","robots":{"index":"index","follow":"follow","max-snippet":"max-snippet:-1","max-image-preview":"max-image-preview:large","max-video-preview":"max-video-preview:-1"},"canonical":"https:\/\/www.salve.si\/en\/trgovina\/knjige\/prirocniki\/psihosocialno-interaktivne-igre-za-otroke-in-mlade\/","og_locale":"en_US","og_type":"article","og_title":"Psihosocialno-interaktivne igre za otroke in mlade - Salve","og_description":"Psihosocialno-interaktivne dinamike se zaradi svoje specifike razlikujejo od vseh drugih iger. Pri takih dinamikah nosita pomembno vlogo tako posameznik kot skupina, saj preko vzajemne interakcije ustvarjata proces, ki omogo\u010da \u017eelene spremembe, predvsem na kvalitativni ravni.","og_url":"https:\/\/www.salve.si\/en\/trgovina\/knjige\/prirocniki\/psihosocialno-interaktivne-igre-za-otroke-in-mlade\/","og_site_name":"Salve","article_publisher":"https:\/\/www.facebook.com\/salve.si","article_modified_time":"2024-12-31T23:00:32+00:00","og_image":[{"width":1170,"height":1642,"url":"https:\/\/www.salve.si\/wp-content\/uploads\/2018\/03\/psihosocialno-interaktivne-igre_gasper-otrin.jpg","type":"image\/jpeg"}],"twitter_card":"summary_large_image","twitter_misc":{"Est. reading time":"1 minute"},"schema":{"@context":"https:\/\/schema.org","@graph":[{"@type":"WebPage","@id":"https:\/\/www.salve.si\/trgovina\/knjige\/prirocniki\/psihosocialno-interaktivne-igre-za-otroke-in-mlade\/","url":"https:\/\/www.salve.si\/trgovina\/knjige\/prirocniki\/psihosocialno-interaktivne-igre-za-otroke-in-mlade\/","name":"Psihosocialno-interaktivne igre za otroke in mlade - Salve","isPartOf":{"@id":"https:\/\/www.salve.si\/#website"},"primaryImageOfPage":{"@id":"https:\/\/www.salve.si\/trgovina\/knjige\/prirocniki\/psihosocialno-interaktivne-igre-za-otroke-in-mlade\/#primaryimage"},"image":{"@id":"https:\/\/www.salve.si\/trgovina\/knjige\/prirocniki\/psihosocialno-interaktivne-igre-za-otroke-in-mlade\/#primaryimage"},"thumbnailUrl":"https:\/\/www.salve.si\/wp-content\/uploads\/2018\/03\/psihosocialno-interaktivne-igre_gasper-otrin.jpg","datePublished":"2017-06-27T08:00:58+00:00","dateModified":"2024-12-31T23:00:32+00:00","breadcrumb":{"@id":"https:\/\/www.salve.si\/trgovina\/knjige\/prirocniki\/psihosocialno-interaktivne-igre-za-otroke-in-mlade\/#breadcrumb"},"inLanguage":"en-US","potentialAction":[{"@type":"ReadAction","target":["https:\/\/www.salve.si\/trgovina\/knjige\/prirocniki\/psihosocialno-interaktivne-igre-za-otroke-in-mlade\/"]}]},{"@type":"ImageObject","inLanguage":"en-US","@id":"https:\/\/www.salve.si\/trgovina\/knjige\/prirocniki\/psihosocialno-interaktivne-igre-za-otroke-in-mlade\/#primaryimage","url":"https:\/\/www.salve.si\/wp-content\/uploads\/2018\/03\/psihosocialno-interaktivne-igre_gasper-otrin.jpg","contentUrl":"https:\/\/www.salve.si\/wp-content\/uploads\/2018\/03\/psihosocialno-interaktivne-igre_gasper-otrin.jpg","width":1170,"height":1642},{"@type":"BreadcrumbList","@id":"https:\/\/www.salve.si\/trgovina\/knjige\/prirocniki\/psihosocialno-interaktivne-igre-za-otroke-in-mlade\/#breadcrumb","itemListElement":[{"@type":"ListItem","position":1,"name":"Home","item":"https:\/\/www.salve.si\/"},{"@type":"ListItem","position":2,"name":"Trgovina","item":"https:\/\/www.salve.si\/trgovina\/"},{"@type":"ListItem","position":3,"name":"Psihosocialno-interaktivne igre za otroke in mlade"}]},{"@type":"WebSite","@id":"https:\/\/www.salve.si\/#website","url":"https:\/\/www.salve.si\/","name":"Salve","description":"Salezijanska zalo\u017eba","publisher":{"@id":"https:\/\/www.salve.si\/#organization"},"potentialAction":[{"@type":"SearchAction","target":{"@type":"EntryPoint","urlTemplate":"https:\/\/www.salve.si\/?s={search_term_string}"},"query-input":{"@type":"PropertyValueSpecification","valueRequired":true,"valueName":"search_term_string"}}],"inLanguage":"en-US"},{"@type":"Organization","@id":"https:\/\/www.salve.si\/#organization","name":"Salve d.o.o.","url":"https:\/\/www.salve.si\/","logo":{"@type":"ImageObject","inLanguage":"en-US","@id":"https:\/\/www.salve.si\/#\/schema\/logo\/image\/","url":"https:\/\/www.salve.si\/wp-content\/uploads\/2021\/01\/Salve_logo_modri_nov_web.png","contentUrl":"https:\/\/www.salve.si\/wp-content\/uploads\/2021\/01\/Salve_logo_modri_nov_web.png","width":279,"height":90,"caption":"Salve d.o.o."},"image":{"@id":"https:\/\/www.salve.si\/#\/schema\/logo\/image\/"},"sameAs":["https:\/\/www.facebook.com\/salve.si","https:\/\/www.instagram.com\/zalozbasalve\/","https:\/\/www.linkedin.com\/company\/zalozba-salve\/"]}]}},"_links":{"self":[{"href":"https:\/\/www.salve.si\/en\/wp-json\/wp\/v2\/product\/3218","targetHints":{"allow":["GET"]}}],"collection":[{"href":"https:\/\/www.salve.si\/en\/wp-json\/wp\/v2\/product"}],"about":[{"href":"https:\/\/www.salve.si\/en\/wp-json\/wp\/v2\/types\/product"}],"version-history":[{"count":2,"href":"https:\/\/www.salve.si\/en\/wp-json\/wp\/v2\/product\/3218\/revisions"}],"predecessor-version":[{"id":5652,"href":"https:\/\/www.salve.si\/en\/wp-json\/wp\/v2\/product\/3218\/revisions\/5652"}],"wp:featuredmedia":[{"embeddable":true,"href":"https:\/\/www.salve.si\/en\/wp-json\/wp\/v2\/media\/3219"}],"wp:attachment":[{"href":"https:\/\/www.salve.si\/en\/wp-json\/wp\/v2\/media?parent=3218"}],"wp:term":[{"taxonomy":"product_cat","embeddable":true,"href":"https:\/\/www.salve.si\/en\/wp-json\/wp\/v2\/product_cat?post=3218"},{"taxonomy":"product_tag","embeddable":true,"href":"https:\/\/www.salve.si\/en\/wp-json\/wp\/v2\/product_tag?post=3218"}],"curies":[{"name":"wp","href":"https:\/\/api.w.org\/{rel}","templated":true}]}}