{"id":3215,"date":"2017-06-27T10:00:00","date_gmt":"2017-06-27T08:00:00","guid":{"rendered":"http:\/\/2018.salve.si\/?post_type=product&#038;p=3215"},"modified":"2018-08-23T13:14:26","modified_gmt":"2018-08-23T11:14:26","slug":"kajti-ce-z-zelenim-lesom-tako-delajo-kaj-se-bo-zgodilo-s-suhim","status":"publish","type":"product","link":"https:\/\/www.salve.si\/en\/trgovina\/knjige\/molitveniki\/kajti-ce-z-zelenim-lesom-tako-delajo-kaj-se-bo-zgodilo-s-suhim\/","title":{"rendered":"Kajti \u010de z zelenim lesom tak\u00f3 delajo, kaj se bo zgodilo s suhim?"},"content":{"rendered":"<p>Molitvenik kri\u017eevega pota ni namenjen samo molitvi na Kure\u0161\u010dku, ampak z Marijo se vedno znova in znova obra\u010damo k Jezusu, na\u0161emu Odre\u0161eniku, ki nas odre\u0161uje prav preko trpljenja in smrti na kri\u017eu.<\/p>\n<p><strong>Zbrala:<\/strong>\u00a0Lidija Su\u0161nik<br \/>\n<span class=\"slv-content-keywords\"> Duh in \u017eivljenje Molitveniki Kri\u017eev pot <\/span><\/p>","protected":false},"excerpt":{"rendered":"<p>Molitvenik z nagovori za molitev kri\u017eevega pota s sporo\u010dili Marije Kraljice mirus s Kure\u0161\u010dka.<\/p>","protected":false},"featured_media":3216,"template":"","meta":{"_acf_changed":false,"footnotes":""},"product_cat":[636],"product_tag":[633],"class_list":{"0":"post-3215","1":"product","2":"type-product","3":"status-publish","4":"has-post-thumbnail","6":"zbirke-duh-in-zivljenje","7":"publisher-salve-d-o-o-ljubljana","8":"product_cat-molitveniki","9":"product_tag-krizev-pot","11":"first","12":"instock","13":"shipping-taxable","14":"purchasable","15":"product-type-simple"},"acf":[],"yoast_head":"<!-- This site is optimized with the Yoast SEO plugin v23.8 - https:\/\/yoast.com\/wordpress\/plugins\/seo\/ -->\n<title>Kajti \u010de z zelenim lesom tak\u00f3 delajo, kaj se bo zgodilo s suhim? - Salve<\/title>\n<meta name=\"robots\" content=\"index, follow, max-snippet:-1, max-image-preview:large, max-video-preview:-1\" \/>\n<link rel=\"canonical\" href=\"https:\/\/www.salve.si\/en\/trgovina\/knjige\/molitveniki\/kajti-ce-z-zelenim-lesom-tako-delajo-kaj-se-bo-zgodilo-s-suhim\/\" \/>\n<meta property=\"og:locale\" content=\"en_US\" \/>\n<meta property=\"og:type\" content=\"article\" \/>\n<meta property=\"og:title\" content=\"Kajti \u010de z zelenim lesom tak\u00f3 delajo, kaj se bo zgodilo s suhim? - Salve\" \/>\n<meta property=\"og:description\" content=\"Molitvenik z nagovori za molitev kri\u017eevega pota s sporo\u010dili Marije Kraljice mirus s Kure\u0161\u010dka.\" \/>\n<meta property=\"og:url\" content=\"https:\/\/www.salve.si\/en\/trgovina\/knjige\/molitveniki\/kajti-ce-z-zelenim-lesom-tako-delajo-kaj-se-bo-zgodilo-s-suhim\/\" \/>\n<meta property=\"og:site_name\" content=\"Salve\" \/>\n<meta property=\"article:publisher\" content=\"https:\/\/www.facebook.com\/salve.si\" \/>\n<meta property=\"article:modified_time\" content=\"2018-08-23T11:14:26+00:00\" \/>\n<meta property=\"og:image\" content=\"https:\/\/www.salve.si\/wp-content\/uploads\/2018\/03\/kajti-ce-z-zelenim-lesom-tako-delajo_molitvenik-krizevega-pota_kurescek.jpg\" \/>\n\t<meta property=\"og:image:width\" content=\"1055\" \/>\n\t<meta property=\"og:image:height\" content=\"1530\" \/>\n\t<meta property=\"og:image:type\" content=\"image\/jpeg\" \/>\n<meta name=\"twitter:card\" content=\"summary_large_image\" \/>\n<script type=\"application\/ld+json\" class=\"yoast-schema-graph\">{\"@context\":\"https:\/\/schema.org\",\"@graph\":[{\"@type\":\"WebPage\",\"@id\":\"https:\/\/www.salve.si\/trgovina\/knjige\/molitveniki\/kajti-ce-z-zelenim-lesom-tako-delajo-kaj-se-bo-zgodilo-s-suhim\/\",\"url\":\"https:\/\/www.salve.si\/trgovina\/knjige\/molitveniki\/kajti-ce-z-zelenim-lesom-tako-delajo-kaj-se-bo-zgodilo-s-suhim\/\",\"name\":\"Kajti \u010de z zelenim lesom tak\u00f3 delajo, kaj se bo zgodilo s suhim? - Salve\",\"isPartOf\":{\"@id\":\"https:\/\/www.salve.si\/#website\"},\"primaryImageOfPage\":{\"@id\":\"https:\/\/www.salve.si\/trgovina\/knjige\/molitveniki\/kajti-ce-z-zelenim-lesom-tako-delajo-kaj-se-bo-zgodilo-s-suhim\/#primaryimage\"},\"image\":{\"@id\":\"https:\/\/www.salve.si\/trgovina\/knjige\/molitveniki\/kajti-ce-z-zelenim-lesom-tako-delajo-kaj-se-bo-zgodilo-s-suhim\/#primaryimage\"},\"thumbnailUrl\":\"https:\/\/www.salve.si\/wp-content\/uploads\/2018\/03\/kajti-ce-z-zelenim-lesom-tako-delajo_molitvenik-krizevega-pota_kurescek.jpg\",\"datePublished\":\"2017-06-27T08:00:00+00:00\",\"dateModified\":\"2018-08-23T11:14:26+00:00\",\"breadcrumb\":{\"@id\":\"https:\/\/www.salve.si\/trgovina\/knjige\/molitveniki\/kajti-ce-z-zelenim-lesom-tako-delajo-kaj-se-bo-zgodilo-s-suhim\/#breadcrumb\"},\"inLanguage\":\"en-US\",\"potentialAction\":[{\"@type\":\"ReadAction\",\"target\":[\"https:\/\/www.salve.si\/trgovina\/knjige\/molitveniki\/kajti-ce-z-zelenim-lesom-tako-delajo-kaj-se-bo-zgodilo-s-suhim\/\"]}]},{\"@type\":\"ImageObject\",\"inLanguage\":\"en-US\",\"@id\":\"https:\/\/www.salve.si\/trgovina\/knjige\/molitveniki\/kajti-ce-z-zelenim-lesom-tako-delajo-kaj-se-bo-zgodilo-s-suhim\/#primaryimage\",\"url\":\"https:\/\/www.salve.si\/wp-content\/uploads\/2018\/03\/kajti-ce-z-zelenim-lesom-tako-delajo_molitvenik-krizevega-pota_kurescek.jpg\",\"contentUrl\":\"https:\/\/www.salve.si\/wp-content\/uploads\/2018\/03\/kajti-ce-z-zelenim-lesom-tako-delajo_molitvenik-krizevega-pota_kurescek.jpg\",\"width\":1055,\"height\":1530},{\"@type\":\"BreadcrumbList\",\"@id\":\"https:\/\/www.salve.si\/trgovina\/knjige\/molitveniki\/kajti-ce-z-zelenim-lesom-tako-delajo-kaj-se-bo-zgodilo-s-suhim\/#breadcrumb\",\"itemListElement\":[{\"@type\":\"ListItem\",\"position\":1,\"name\":\"Home\",\"item\":\"https:\/\/www.salve.si\/\"},{\"@type\":\"ListItem\",\"position\":2,\"name\":\"Trgovina\",\"item\":\"https:\/\/www.salve.si\/trgovina\/\"},{\"@type\":\"ListItem\",\"position\":3,\"name\":\"Kajti \u010de z zelenim lesom tak\u00f3 delajo, kaj se bo zgodilo s suhim?\"}]},{\"@type\":\"WebSite\",\"@id\":\"https:\/\/www.salve.si\/#website\",\"url\":\"https:\/\/www.salve.si\/\",\"name\":\"Salve\",\"description\":\"Salezijanska zalo\u017eba\",\"publisher\":{\"@id\":\"https:\/\/www.salve.si\/#organization\"},\"potentialAction\":[{\"@type\":\"SearchAction\",\"target\":{\"@type\":\"EntryPoint\",\"urlTemplate\":\"https:\/\/www.salve.si\/?s={search_term_string}\"},\"query-input\":{\"@type\":\"PropertyValueSpecification\",\"valueRequired\":true,\"valueName\":\"search_term_string\"}}],\"inLanguage\":\"en-US\"},{\"@type\":\"Organization\",\"@id\":\"https:\/\/www.salve.si\/#organization\",\"name\":\"Salve d.o.o.\",\"url\":\"https:\/\/www.salve.si\/\",\"logo\":{\"@type\":\"ImageObject\",\"inLanguage\":\"en-US\",\"@id\":\"https:\/\/www.salve.si\/#\/schema\/logo\/image\/\",\"url\":\"https:\/\/www.salve.si\/wp-content\/uploads\/2021\/01\/Salve_logo_modri_nov_web.png\",\"contentUrl\":\"https:\/\/www.salve.si\/wp-content\/uploads\/2021\/01\/Salve_logo_modri_nov_web.png\",\"width\":279,\"height\":90,\"caption\":\"Salve d.o.o.\"},\"image\":{\"@id\":\"https:\/\/www.salve.si\/#\/schema\/logo\/image\/\"},\"sameAs\":[\"https:\/\/www.facebook.com\/salve.si\",\"https:\/\/www.instagram.com\/zalozbasalve\/\",\"https:\/\/www.linkedin.com\/company\/zalozba-salve\/\"]}]}<\/script>\n<!-- \/ Yoast SEO plugin. -->","yoast_head_json":{"title":"Kajti \u010de z zelenim lesom tak\u00f3 delajo, kaj se bo zgodilo s suhim? - Salve","robots":{"index":"index","follow":"follow","max-snippet":"max-snippet:-1","max-image-preview":"max-image-preview:large","max-video-preview":"max-video-preview:-1"},"canonical":"https:\/\/www.salve.si\/en\/trgovina\/knjige\/molitveniki\/kajti-ce-z-zelenim-lesom-tako-delajo-kaj-se-bo-zgodilo-s-suhim\/","og_locale":"en_US","og_type":"article","og_title":"Kajti \u010de z zelenim lesom tak\u00f3 delajo, kaj se bo zgodilo s suhim? - Salve","og_description":"Molitvenik z nagovori za molitev kri\u017eevega pota s sporo\u010dili Marije Kraljice mirus s Kure\u0161\u010dka.","og_url":"https:\/\/www.salve.si\/en\/trgovina\/knjige\/molitveniki\/kajti-ce-z-zelenim-lesom-tako-delajo-kaj-se-bo-zgodilo-s-suhim\/","og_site_name":"Salve","article_publisher":"https:\/\/www.facebook.com\/salve.si","article_modified_time":"2018-08-23T11:14:26+00:00","og_image":[{"width":1055,"height":1530,"url":"https:\/\/www.salve.si\/wp-content\/uploads\/2018\/03\/kajti-ce-z-zelenim-lesom-tako-delajo_molitvenik-krizevega-pota_kurescek.jpg","type":"image\/jpeg"}],"twitter_card":"summary_large_image","schema":{"@context":"https:\/\/schema.org","@graph":[{"@type":"WebPage","@id":"https:\/\/www.salve.si\/trgovina\/knjige\/molitveniki\/kajti-ce-z-zelenim-lesom-tako-delajo-kaj-se-bo-zgodilo-s-suhim\/","url":"https:\/\/www.salve.si\/trgovina\/knjige\/molitveniki\/kajti-ce-z-zelenim-lesom-tako-delajo-kaj-se-bo-zgodilo-s-suhim\/","name":"Kajti \u010de z zelenim lesom tak\u00f3 delajo, kaj se bo zgodilo s suhim? - Salve","isPartOf":{"@id":"https:\/\/www.salve.si\/#website"},"primaryImageOfPage":{"@id":"https:\/\/www.salve.si\/trgovina\/knjige\/molitveniki\/kajti-ce-z-zelenim-lesom-tako-delajo-kaj-se-bo-zgodilo-s-suhim\/#primaryimage"},"image":{"@id":"https:\/\/www.salve.si\/trgovina\/knjige\/molitveniki\/kajti-ce-z-zelenim-lesom-tako-delajo-kaj-se-bo-zgodilo-s-suhim\/#primaryimage"},"thumbnailUrl":"https:\/\/www.salve.si\/wp-content\/uploads\/2018\/03\/kajti-ce-z-zelenim-lesom-tako-delajo_molitvenik-krizevega-pota_kurescek.jpg","datePublished":"2017-06-27T08:00:00+00:00","dateModified":"2018-08-23T11:14:26+00:00","breadcrumb":{"@id":"https:\/\/www.salve.si\/trgovina\/knjige\/molitveniki\/kajti-ce-z-zelenim-lesom-tako-delajo-kaj-se-bo-zgodilo-s-suhim\/#breadcrumb"},"inLanguage":"en-US","potentialAction":[{"@type":"ReadAction","target":["https:\/\/www.salve.si\/trgovina\/knjige\/molitveniki\/kajti-ce-z-zelenim-lesom-tako-delajo-kaj-se-bo-zgodilo-s-suhim\/"]}]},{"@type":"ImageObject","inLanguage":"en-US","@id":"https:\/\/www.salve.si\/trgovina\/knjige\/molitveniki\/kajti-ce-z-zelenim-lesom-tako-delajo-kaj-se-bo-zgodilo-s-suhim\/#primaryimage","url":"https:\/\/www.salve.si\/wp-content\/uploads\/2018\/03\/kajti-ce-z-zelenim-lesom-tako-delajo_molitvenik-krizevega-pota_kurescek.jpg","contentUrl":"https:\/\/www.salve.si\/wp-content\/uploads\/2018\/03\/kajti-ce-z-zelenim-lesom-tako-delajo_molitvenik-krizevega-pota_kurescek.jpg","width":1055,"height":1530},{"@type":"BreadcrumbList","@id":"https:\/\/www.salve.si\/trgovina\/knjige\/molitveniki\/kajti-ce-z-zelenim-lesom-tako-delajo-kaj-se-bo-zgodilo-s-suhim\/#breadcrumb","itemListElement":[{"@type":"ListItem","position":1,"name":"Home","item":"https:\/\/www.salve.si\/"},{"@type":"ListItem","position":2,"name":"Trgovina","item":"https:\/\/www.salve.si\/trgovina\/"},{"@type":"ListItem","position":3,"name":"Kajti \u010de z zelenim lesom tak\u00f3 delajo, kaj se bo zgodilo s suhim?"}]},{"@type":"WebSite","@id":"https:\/\/www.salve.si\/#website","url":"https:\/\/www.salve.si\/","name":"Salve","description":"Salezijanska zalo\u017eba","publisher":{"@id":"https:\/\/www.salve.si\/#organization"},"potentialAction":[{"@type":"SearchAction","target":{"@type":"EntryPoint","urlTemplate":"https:\/\/www.salve.si\/?s={search_term_string}"},"query-input":{"@type":"PropertyValueSpecification","valueRequired":true,"valueName":"search_term_string"}}],"inLanguage":"en-US"},{"@type":"Organization","@id":"https:\/\/www.salve.si\/#organization","name":"Salve d.o.o.","url":"https:\/\/www.salve.si\/","logo":{"@type":"ImageObject","inLanguage":"en-US","@id":"https:\/\/www.salve.si\/#\/schema\/logo\/image\/","url":"https:\/\/www.salve.si\/wp-content\/uploads\/2021\/01\/Salve_logo_modri_nov_web.png","contentUrl":"https:\/\/www.salve.si\/wp-content\/uploads\/2021\/01\/Salve_logo_modri_nov_web.png","width":279,"height":90,"caption":"Salve d.o.o."},"image":{"@id":"https:\/\/www.salve.si\/#\/schema\/logo\/image\/"},"sameAs":["https:\/\/www.facebook.com\/salve.si","https:\/\/www.instagram.com\/zalozbasalve\/","https:\/\/www.linkedin.com\/company\/zalozba-salve\/"]}]}},"_links":{"self":[{"href":"https:\/\/www.salve.si\/en\/wp-json\/wp\/v2\/product\/3215","targetHints":{"allow":["GET"]}}],"collection":[{"href":"https:\/\/www.salve.si\/en\/wp-json\/wp\/v2\/product"}],"about":[{"href":"https:\/\/www.salve.si\/en\/wp-json\/wp\/v2\/types\/product"}],"version-history":[{"count":0,"href":"https:\/\/www.salve.si\/en\/wp-json\/wp\/v2\/product\/3215\/revisions"}],"wp:featuredmedia":[{"embeddable":true,"href":"https:\/\/www.salve.si\/en\/wp-json\/wp\/v2\/media\/3216"}],"wp:attachment":[{"href":"https:\/\/www.salve.si\/en\/wp-json\/wp\/v2\/media?parent=3215"}],"wp:term":[{"taxonomy":"product_cat","embeddable":true,"href":"https:\/\/www.salve.si\/en\/wp-json\/wp\/v2\/product_cat?post=3215"},{"taxonomy":"product_tag","embeddable":true,"href":"https:\/\/www.salve.si\/en\/wp-json\/wp\/v2\/product_tag?post=3215"}],"curies":[{"name":"wp","href":"https:\/\/api.w.org\/{rel}","templated":true}]}}