{"id":3192,"date":"2017-03-13T10:00:24","date_gmt":"2017-03-13T09:00:24","guid":{"rendered":"http:\/\/2018.salve.si\/?post_type=product&#038;p=3192"},"modified":"2022-03-28T09:47:00","modified_gmt":"2022-03-28T07:47:00","slug":"krizev-pot-pot-usmiljenja","status":"publish","type":"product","link":"https:\/\/www.salve.si\/en\/trgovina\/knjige\/molitveniki\/krizev-pot-pot-usmiljenja\/","title":{"rendered":"Kri\u017eev pot, pot usmiljenja"},"content":{"rendered":"<p>Kristus je \u0161el na kri\u017e, ker nas \u017eeli odre\u0161iti in nam dati ve\u010dno \u017eivljenje. Zato molimo kri\u017eev pot, da bi dosegli Bo\u017eje usmiljenje zase in za svoje bli\u017enje.<span class=\"slv-content-keywords\"> Ale\u0161 Pe\u010davar Molitveniki Kri\u017eev pot <\/span><\/p>","protected":false},"excerpt":{"rendered":"<p>Kristus je \u0161el na kri\u017e, ker nas \u017eeli odre\u0161iti in nam dati ve\u010dno \u017eivljenje. Zato molimo kri\u017eev pot, da bi dosegli Bo\u017eje usmiljenje zase in za svoje bli\u017enje. Ale\u0161 Pe\u010davar Molitveniki Kri\u017eev pot<\/p>","protected":false},"featured_media":12562,"template":"","meta":{"_acf_changed":false,"footnotes":""},"product_cat":[636],"product_tag":[633],"class_list":{"0":"post-3192","1":"product","2":"type-product","3":"status-publish","4":"has-post-thumbnail","6":"authors-ales-pecavar","7":"publisher-salve-d-o-o-ljubljana","8":"product_cat-molitveniki","9":"product_tag-krizev-pot","11":"first","12":"outofstock","13":"shipping-taxable","14":"purchasable","15":"product-type-simple"},"acf":[],"yoast_head":"<!-- This site is optimized with the Yoast SEO plugin v23.8 - https:\/\/yoast.com\/wordpress\/plugins\/seo\/ -->\n<title>Kri\u017eev pot, pot usmiljenja - Salve<\/title>\n<meta name=\"robots\" content=\"index, follow, max-snippet:-1, max-image-preview:large, max-video-preview:-1\" \/>\n<link rel=\"canonical\" href=\"https:\/\/www.salve.si\/en\/trgovina\/knjige\/molitveniki\/krizev-pot-pot-usmiljenja\/\" \/>\n<meta property=\"og:locale\" content=\"en_US\" \/>\n<meta property=\"og:type\" content=\"article\" \/>\n<meta property=\"og:title\" content=\"Kri\u017eev pot, pot usmiljenja - Salve\" \/>\n<meta property=\"og:description\" content=\"Kristus je \u0161el na kri\u017e, ker nas \u017eeli odre\u0161iti in nam dati ve\u010dno \u017eivljenje. Zato molimo kri\u017eev pot, da bi dosegli Bo\u017eje usmiljenje zase in za svoje bli\u017enje. Ale\u0161 Pe\u010davar Molitveniki Kri\u017eev pot\" \/>\n<meta property=\"og:url\" content=\"https:\/\/www.salve.si\/en\/trgovina\/knjige\/molitveniki\/krizev-pot-pot-usmiljenja\/\" \/>\n<meta property=\"og:site_name\" content=\"Salve\" \/>\n<meta property=\"article:publisher\" content=\"https:\/\/www.facebook.com\/salve.si\" \/>\n<meta property=\"article:modified_time\" content=\"2022-03-28T07:47:00+00:00\" \/>\n<meta property=\"og:image\" content=\"https:\/\/www.salve.si\/wp-content\/uploads\/2017\/03\/Krizev-pot-pot-usmiljenja.jpg\" \/>\n\t<meta property=\"og:image:width\" content=\"400\" \/>\n\t<meta property=\"og:image:height\" content=\"669\" \/>\n\t<meta property=\"og:image:type\" content=\"image\/jpeg\" \/>\n<meta name=\"twitter:card\" content=\"summary_large_image\" \/>\n<script type=\"application\/ld+json\" class=\"yoast-schema-graph\">{\"@context\":\"https:\/\/schema.org\",\"@graph\":[{\"@type\":\"WebPage\",\"@id\":\"https:\/\/www.salve.si\/trgovina\/knjige\/molitveniki\/krizev-pot-pot-usmiljenja\/\",\"url\":\"https:\/\/www.salve.si\/trgovina\/knjige\/molitveniki\/krizev-pot-pot-usmiljenja\/\",\"name\":\"Kri\u017eev pot, pot usmiljenja - Salve\",\"isPartOf\":{\"@id\":\"https:\/\/www.salve.si\/#website\"},\"primaryImageOfPage\":{\"@id\":\"https:\/\/www.salve.si\/trgovina\/knjige\/molitveniki\/krizev-pot-pot-usmiljenja\/#primaryimage\"},\"image\":{\"@id\":\"https:\/\/www.salve.si\/trgovina\/knjige\/molitveniki\/krizev-pot-pot-usmiljenja\/#primaryimage\"},\"thumbnailUrl\":\"https:\/\/www.salve.si\/wp-content\/uploads\/2017\/03\/Krizev-pot-pot-usmiljenja.jpg\",\"datePublished\":\"2017-03-13T09:00:24+00:00\",\"dateModified\":\"2022-03-28T07:47:00+00:00\",\"breadcrumb\":{\"@id\":\"https:\/\/www.salve.si\/trgovina\/knjige\/molitveniki\/krizev-pot-pot-usmiljenja\/#breadcrumb\"},\"inLanguage\":\"en-US\",\"potentialAction\":[{\"@type\":\"ReadAction\",\"target\":[\"https:\/\/www.salve.si\/trgovina\/knjige\/molitveniki\/krizev-pot-pot-usmiljenja\/\"]}]},{\"@type\":\"ImageObject\",\"inLanguage\":\"en-US\",\"@id\":\"https:\/\/www.salve.si\/trgovina\/knjige\/molitveniki\/krizev-pot-pot-usmiljenja\/#primaryimage\",\"url\":\"https:\/\/www.salve.si\/wp-content\/uploads\/2017\/03\/Krizev-pot-pot-usmiljenja.jpg\",\"contentUrl\":\"https:\/\/www.salve.si\/wp-content\/uploads\/2017\/03\/Krizev-pot-pot-usmiljenja.jpg\",\"width\":400,\"height\":669},{\"@type\":\"BreadcrumbList\",\"@id\":\"https:\/\/www.salve.si\/trgovina\/knjige\/molitveniki\/krizev-pot-pot-usmiljenja\/#breadcrumb\",\"itemListElement\":[{\"@type\":\"ListItem\",\"position\":1,\"name\":\"Home\",\"item\":\"https:\/\/www.salve.si\/\"},{\"@type\":\"ListItem\",\"position\":2,\"name\":\"Trgovina\",\"item\":\"https:\/\/www.salve.si\/trgovina\/\"},{\"@type\":\"ListItem\",\"position\":3,\"name\":\"Kri\u017eev pot, pot usmiljenja\"}]},{\"@type\":\"WebSite\",\"@id\":\"https:\/\/www.salve.si\/#website\",\"url\":\"https:\/\/www.salve.si\/\",\"name\":\"Salve\",\"description\":\"Salezijanska zalo\u017eba\",\"publisher\":{\"@id\":\"https:\/\/www.salve.si\/#organization\"},\"potentialAction\":[{\"@type\":\"SearchAction\",\"target\":{\"@type\":\"EntryPoint\",\"urlTemplate\":\"https:\/\/www.salve.si\/?s={search_term_string}\"},\"query-input\":{\"@type\":\"PropertyValueSpecification\",\"valueRequired\":true,\"valueName\":\"search_term_string\"}}],\"inLanguage\":\"en-US\"},{\"@type\":\"Organization\",\"@id\":\"https:\/\/www.salve.si\/#organization\",\"name\":\"Salve d.o.o.\",\"url\":\"https:\/\/www.salve.si\/\",\"logo\":{\"@type\":\"ImageObject\",\"inLanguage\":\"en-US\",\"@id\":\"https:\/\/www.salve.si\/#\/schema\/logo\/image\/\",\"url\":\"https:\/\/www.salve.si\/wp-content\/uploads\/2021\/01\/Salve_logo_modri_nov_web.png\",\"contentUrl\":\"https:\/\/www.salve.si\/wp-content\/uploads\/2021\/01\/Salve_logo_modri_nov_web.png\",\"width\":279,\"height\":90,\"caption\":\"Salve d.o.o.\"},\"image\":{\"@id\":\"https:\/\/www.salve.si\/#\/schema\/logo\/image\/\"},\"sameAs\":[\"https:\/\/www.facebook.com\/salve.si\",\"https:\/\/www.instagram.com\/zalozbasalve\/\",\"https:\/\/www.linkedin.com\/company\/zalozba-salve\/\"]}]}<\/script>\n<!-- \/ Yoast SEO plugin. -->","yoast_head_json":{"title":"Kri\u017eev pot, pot usmiljenja - Salve","robots":{"index":"index","follow":"follow","max-snippet":"max-snippet:-1","max-image-preview":"max-image-preview:large","max-video-preview":"max-video-preview:-1"},"canonical":"https:\/\/www.salve.si\/en\/trgovina\/knjige\/molitveniki\/krizev-pot-pot-usmiljenja\/","og_locale":"en_US","og_type":"article","og_title":"Kri\u017eev pot, pot usmiljenja - Salve","og_description":"Kristus je \u0161el na kri\u017e, ker nas \u017eeli odre\u0161iti in nam dati ve\u010dno \u017eivljenje. Zato molimo kri\u017eev pot, da bi dosegli Bo\u017eje usmiljenje zase in za svoje bli\u017enje. Ale\u0161 Pe\u010davar Molitveniki Kri\u017eev pot","og_url":"https:\/\/www.salve.si\/en\/trgovina\/knjige\/molitveniki\/krizev-pot-pot-usmiljenja\/","og_site_name":"Salve","article_publisher":"https:\/\/www.facebook.com\/salve.si","article_modified_time":"2022-03-28T07:47:00+00:00","og_image":[{"width":400,"height":669,"url":"https:\/\/www.salve.si\/wp-content\/uploads\/2017\/03\/Krizev-pot-pot-usmiljenja.jpg","type":"image\/jpeg"}],"twitter_card":"summary_large_image","schema":{"@context":"https:\/\/schema.org","@graph":[{"@type":"WebPage","@id":"https:\/\/www.salve.si\/trgovina\/knjige\/molitveniki\/krizev-pot-pot-usmiljenja\/","url":"https:\/\/www.salve.si\/trgovina\/knjige\/molitveniki\/krizev-pot-pot-usmiljenja\/","name":"Kri\u017eev pot, pot usmiljenja - Salve","isPartOf":{"@id":"https:\/\/www.salve.si\/#website"},"primaryImageOfPage":{"@id":"https:\/\/www.salve.si\/trgovina\/knjige\/molitveniki\/krizev-pot-pot-usmiljenja\/#primaryimage"},"image":{"@id":"https:\/\/www.salve.si\/trgovina\/knjige\/molitveniki\/krizev-pot-pot-usmiljenja\/#primaryimage"},"thumbnailUrl":"https:\/\/www.salve.si\/wp-content\/uploads\/2017\/03\/Krizev-pot-pot-usmiljenja.jpg","datePublished":"2017-03-13T09:00:24+00:00","dateModified":"2022-03-28T07:47:00+00:00","breadcrumb":{"@id":"https:\/\/www.salve.si\/trgovina\/knjige\/molitveniki\/krizev-pot-pot-usmiljenja\/#breadcrumb"},"inLanguage":"en-US","potentialAction":[{"@type":"ReadAction","target":["https:\/\/www.salve.si\/trgovina\/knjige\/molitveniki\/krizev-pot-pot-usmiljenja\/"]}]},{"@type":"ImageObject","inLanguage":"en-US","@id":"https:\/\/www.salve.si\/trgovina\/knjige\/molitveniki\/krizev-pot-pot-usmiljenja\/#primaryimage","url":"https:\/\/www.salve.si\/wp-content\/uploads\/2017\/03\/Krizev-pot-pot-usmiljenja.jpg","contentUrl":"https:\/\/www.salve.si\/wp-content\/uploads\/2017\/03\/Krizev-pot-pot-usmiljenja.jpg","width":400,"height":669},{"@type":"BreadcrumbList","@id":"https:\/\/www.salve.si\/trgovina\/knjige\/molitveniki\/krizev-pot-pot-usmiljenja\/#breadcrumb","itemListElement":[{"@type":"ListItem","position":1,"name":"Home","item":"https:\/\/www.salve.si\/"},{"@type":"ListItem","position":2,"name":"Trgovina","item":"https:\/\/www.salve.si\/trgovina\/"},{"@type":"ListItem","position":3,"name":"Kri\u017eev pot, pot usmiljenja"}]},{"@type":"WebSite","@id":"https:\/\/www.salve.si\/#website","url":"https:\/\/www.salve.si\/","name":"Salve","description":"Salezijanska zalo\u017eba","publisher":{"@id":"https:\/\/www.salve.si\/#organization"},"potentialAction":[{"@type":"SearchAction","target":{"@type":"EntryPoint","urlTemplate":"https:\/\/www.salve.si\/?s={search_term_string}"},"query-input":{"@type":"PropertyValueSpecification","valueRequired":true,"valueName":"search_term_string"}}],"inLanguage":"en-US"},{"@type":"Organization","@id":"https:\/\/www.salve.si\/#organization","name":"Salve d.o.o.","url":"https:\/\/www.salve.si\/","logo":{"@type":"ImageObject","inLanguage":"en-US","@id":"https:\/\/www.salve.si\/#\/schema\/logo\/image\/","url":"https:\/\/www.salve.si\/wp-content\/uploads\/2021\/01\/Salve_logo_modri_nov_web.png","contentUrl":"https:\/\/www.salve.si\/wp-content\/uploads\/2021\/01\/Salve_logo_modri_nov_web.png","width":279,"height":90,"caption":"Salve d.o.o."},"image":{"@id":"https:\/\/www.salve.si\/#\/schema\/logo\/image\/"},"sameAs":["https:\/\/www.facebook.com\/salve.si","https:\/\/www.instagram.com\/zalozbasalve\/","https:\/\/www.linkedin.com\/company\/zalozba-salve\/"]}]}},"_links":{"self":[{"href":"https:\/\/www.salve.si\/en\/wp-json\/wp\/v2\/product\/3192","targetHints":{"allow":["GET"]}}],"collection":[{"href":"https:\/\/www.salve.si\/en\/wp-json\/wp\/v2\/product"}],"about":[{"href":"https:\/\/www.salve.si\/en\/wp-json\/wp\/v2\/types\/product"}],"version-history":[{"count":1,"href":"https:\/\/www.salve.si\/en\/wp-json\/wp\/v2\/product\/3192\/revisions"}],"predecessor-version":[{"id":12563,"href":"https:\/\/www.salve.si\/en\/wp-json\/wp\/v2\/product\/3192\/revisions\/12563"}],"wp:featuredmedia":[{"embeddable":true,"href":"https:\/\/www.salve.si\/en\/wp-json\/wp\/v2\/media\/12562"}],"wp:attachment":[{"href":"https:\/\/www.salve.si\/en\/wp-json\/wp\/v2\/media?parent=3192"}],"wp:term":[{"taxonomy":"product_cat","embeddable":true,"href":"https:\/\/www.salve.si\/en\/wp-json\/wp\/v2\/product_cat?post=3192"},{"taxonomy":"product_tag","embeddable":true,"href":"https:\/\/www.salve.si\/en\/wp-json\/wp\/v2\/product_tag?post=3192"}],"curies":[{"name":"wp","href":"https:\/\/api.w.org\/{rel}","templated":true}]}}