{"id":3166,"date":"2017-02-14T10:00:37","date_gmt":"2017-02-14T09:00:37","guid":{"rendered":"http:\/\/2018.salve.si\/?post_type=product&#038;p=3166"},"modified":"2024-01-01T23:00:41","modified_gmt":"2024-01-01T22:00:41","slug":"okna-z-zeleznimi-krizi","status":"publish","type":"product","link":"https:\/\/www.salve.si\/en\/trgovina\/knjige\/svetniki-in-zivljenjepisi\/okna-z-zeleznimi-krizi\/","title":{"rendered":"Okna z \u017eeleznimi kri\u017ei"},"content":{"rendered":"<p>Kljub starosti avtor zmore aristokratsko dr\u017eo osebe, ki je vredna spo\u0161tovanja in zaupanja. Izrecno pa zapi\u0161e: \u00bbKar bom pripovedoval, ne bo ni\u010d izmi\u0161ljenega ali sfantaziranega, ampak trda in resni\u010dna dejstva iz tistih dni. Kar bom pisal, bodo samo zunanji dogodki, tega, kar se dogaja v takih okoli\u0161\u010dinah v \u010dlovekovi du\u0161evnosti, beseda ne more opisati. Pravijo, da \u010das zdravi vse rane. Tudi jaz ne pi\u0161em teh spominov iz kake ma\u0161\u010devalnosti. Ljudem, ki so mi storili krivico, sem \u017ee odpustil in vsak ve\u010der, preden zaspim, \u0161e ponavljam: Ljubi Bog, ti meni vse odpusti, tudi jaz vsem odpu\u0161\u010dam!\u00ab iz uvoda Franca Mar\u0161i\u010da.<\/p>\n<p>Fotografije:\u00a0Arhiv Salezijanske dru\u017ebe<span class=\"slv-content-keywords\"> Knjige Avtobiografije, \u017eivljenjepisi Jo\u017ee Pu\u0161nik Pri\u010devanja Duhovnikovi spomini iz zapora <\/span><\/p>","protected":false},"excerpt":{"rendered":"<p>Jo\u017ee Pu\u0161nik je svoje duhovni\u0161ke spomine iz zaporov napisal v za\u010detku leta 1986. Skoraj \u0161tiri desetletja ga je spremljalo svetopisemsko ob\u010dutje nekoga, ki je bil \u00bbpri\u0161tet med hudodelce\u00ab. V uvodu priznava, da se v sanjah \u0161e vedno kdaj pa kdaj znajde v zaporu \u2013 in pomoli za tiste, ki so \u017ee v ve\u010dnosti, ne glede na kateri strani re\u0161etk so bili takrat.<\/p>","protected":false},"featured_media":12568,"template":"","meta":{"_acf_changed":false,"footnotes":""},"product_cat":[141,315],"product_tag":[],"class_list":{"0":"post-3166","1":"product","2":"type-product","3":"status-publish","4":"has-post-thumbnail","6":"zbirke-pricevanja","7":"authors-joze-pusnik","8":"publisher-salve-d-o-o-ljubljana","9":"product_cat-knjige","10":"product_cat-svetniki-in-zivljenjepisi","12":"first","13":"instock","14":"shipping-taxable","15":"purchasable","16":"product-type-simple"},"acf":[],"yoast_head":"<!-- This site is optimized with the Yoast SEO plugin v23.8 - https:\/\/yoast.com\/wordpress\/plugins\/seo\/ -->\n<title>Okna z \u017eeleznimi kri\u017ei - Salve<\/title>\n<meta name=\"robots\" content=\"index, follow, max-snippet:-1, max-image-preview:large, max-video-preview:-1\" \/>\n<link rel=\"canonical\" href=\"https:\/\/www.salve.si\/en\/trgovina\/knjige\/svetniki-in-zivljenjepisi\/okna-z-zeleznimi-krizi\/\" \/>\n<meta property=\"og:locale\" content=\"en_US\" \/>\n<meta property=\"og:type\" content=\"article\" \/>\n<meta property=\"og:title\" content=\"Okna z \u017eeleznimi kri\u017ei - Salve\" \/>\n<meta property=\"og:description\" content=\"Jo\u017ee Pu\u0161nik je svoje duhovni\u0161ke spomine iz zaporov napisal v za\u010detku leta 1986. Skoraj \u0161tiri desetletja ga je spremljalo svetopisemsko ob\u010dutje nekoga, ki je bil \u00bbpri\u0161tet med hudodelce\u00ab. V uvodu priznava, da se v sanjah \u0161e vedno kdaj pa kdaj znajde v zaporu \u2013 in pomoli za tiste, ki so \u017ee v ve\u010dnosti, ne glede na kateri strani re\u0161etk so bili takrat.\" \/>\n<meta property=\"og:url\" content=\"https:\/\/www.salve.si\/en\/trgovina\/knjige\/svetniki-in-zivljenjepisi\/okna-z-zeleznimi-krizi\/\" \/>\n<meta property=\"og:site_name\" content=\"Salve\" \/>\n<meta property=\"article:publisher\" content=\"https:\/\/www.facebook.com\/salve.si\" \/>\n<meta property=\"article:modified_time\" content=\"2024-01-01T22:00:41+00:00\" \/>\n<meta property=\"og:image\" content=\"https:\/\/www.salve.si\/wp-content\/uploads\/2017\/02\/Okna-z-zeleznimi-krizi.jpg\" \/>\n\t<meta property=\"og:image:width\" content=\"474\" \/>\n\t<meta property=\"og:image:height\" content=\"680\" \/>\n\t<meta property=\"og:image:type\" content=\"image\/jpeg\" \/>\n<meta name=\"twitter:card\" content=\"summary_large_image\" \/>\n<meta name=\"twitter:label1\" content=\"Est. reading time\" \/>\n\t<meta name=\"twitter:data1\" content=\"1 minute\" \/>\n<script type=\"application\/ld+json\" class=\"yoast-schema-graph\">{\"@context\":\"https:\/\/schema.org\",\"@graph\":[{\"@type\":\"WebPage\",\"@id\":\"https:\/\/www.salve.si\/trgovina\/knjige\/svetniki-in-zivljenjepisi\/okna-z-zeleznimi-krizi\/\",\"url\":\"https:\/\/www.salve.si\/trgovina\/knjige\/svetniki-in-zivljenjepisi\/okna-z-zeleznimi-krizi\/\",\"name\":\"Okna z \u017eeleznimi kri\u017ei - Salve\",\"isPartOf\":{\"@id\":\"https:\/\/www.salve.si\/#website\"},\"primaryImageOfPage\":{\"@id\":\"https:\/\/www.salve.si\/trgovina\/knjige\/svetniki-in-zivljenjepisi\/okna-z-zeleznimi-krizi\/#primaryimage\"},\"image\":{\"@id\":\"https:\/\/www.salve.si\/trgovina\/knjige\/svetniki-in-zivljenjepisi\/okna-z-zeleznimi-krizi\/#primaryimage\"},\"thumbnailUrl\":\"https:\/\/www.salve.si\/wp-content\/uploads\/2017\/02\/Okna-z-zeleznimi-krizi.jpg\",\"datePublished\":\"2017-02-14T09:00:37+00:00\",\"dateModified\":\"2024-01-01T22:00:41+00:00\",\"breadcrumb\":{\"@id\":\"https:\/\/www.salve.si\/trgovina\/knjige\/svetniki-in-zivljenjepisi\/okna-z-zeleznimi-krizi\/#breadcrumb\"},\"inLanguage\":\"en-US\",\"potentialAction\":[{\"@type\":\"ReadAction\",\"target\":[\"https:\/\/www.salve.si\/trgovina\/knjige\/svetniki-in-zivljenjepisi\/okna-z-zeleznimi-krizi\/\"]}]},{\"@type\":\"ImageObject\",\"inLanguage\":\"en-US\",\"@id\":\"https:\/\/www.salve.si\/trgovina\/knjige\/svetniki-in-zivljenjepisi\/okna-z-zeleznimi-krizi\/#primaryimage\",\"url\":\"https:\/\/www.salve.si\/wp-content\/uploads\/2017\/02\/Okna-z-zeleznimi-krizi.jpg\",\"contentUrl\":\"https:\/\/www.salve.si\/wp-content\/uploads\/2017\/02\/Okna-z-zeleznimi-krizi.jpg\",\"width\":474,\"height\":680},{\"@type\":\"BreadcrumbList\",\"@id\":\"https:\/\/www.salve.si\/trgovina\/knjige\/svetniki-in-zivljenjepisi\/okna-z-zeleznimi-krizi\/#breadcrumb\",\"itemListElement\":[{\"@type\":\"ListItem\",\"position\":1,\"name\":\"Home\",\"item\":\"https:\/\/www.salve.si\/\"},{\"@type\":\"ListItem\",\"position\":2,\"name\":\"Trgovina\",\"item\":\"https:\/\/www.salve.si\/trgovina\/\"},{\"@type\":\"ListItem\",\"position\":3,\"name\":\"Okna z \u017eeleznimi kri\u017ei\"}]},{\"@type\":\"WebSite\",\"@id\":\"https:\/\/www.salve.si\/#website\",\"url\":\"https:\/\/www.salve.si\/\",\"name\":\"Salve\",\"description\":\"Salezijanska zalo\u017eba\",\"publisher\":{\"@id\":\"https:\/\/www.salve.si\/#organization\"},\"potentialAction\":[{\"@type\":\"SearchAction\",\"target\":{\"@type\":\"EntryPoint\",\"urlTemplate\":\"https:\/\/www.salve.si\/?s={search_term_string}\"},\"query-input\":{\"@type\":\"PropertyValueSpecification\",\"valueRequired\":true,\"valueName\":\"search_term_string\"}}],\"inLanguage\":\"en-US\"},{\"@type\":\"Organization\",\"@id\":\"https:\/\/www.salve.si\/#organization\",\"name\":\"Salve d.o.o.\",\"url\":\"https:\/\/www.salve.si\/\",\"logo\":{\"@type\":\"ImageObject\",\"inLanguage\":\"en-US\",\"@id\":\"https:\/\/www.salve.si\/#\/schema\/logo\/image\/\",\"url\":\"https:\/\/www.salve.si\/wp-content\/uploads\/2021\/01\/Salve_logo_modri_nov_web.png\",\"contentUrl\":\"https:\/\/www.salve.si\/wp-content\/uploads\/2021\/01\/Salve_logo_modri_nov_web.png\",\"width\":279,\"height\":90,\"caption\":\"Salve d.o.o.\"},\"image\":{\"@id\":\"https:\/\/www.salve.si\/#\/schema\/logo\/image\/\"},\"sameAs\":[\"https:\/\/www.facebook.com\/salve.si\",\"https:\/\/www.instagram.com\/zalozbasalve\/\",\"https:\/\/www.linkedin.com\/company\/zalozba-salve\/\"]}]}<\/script>\n<!-- \/ Yoast SEO plugin. -->","yoast_head_json":{"title":"Okna z \u017eeleznimi kri\u017ei - Salve","robots":{"index":"index","follow":"follow","max-snippet":"max-snippet:-1","max-image-preview":"max-image-preview:large","max-video-preview":"max-video-preview:-1"},"canonical":"https:\/\/www.salve.si\/en\/trgovina\/knjige\/svetniki-in-zivljenjepisi\/okna-z-zeleznimi-krizi\/","og_locale":"en_US","og_type":"article","og_title":"Okna z \u017eeleznimi kri\u017ei - Salve","og_description":"Jo\u017ee Pu\u0161nik je svoje duhovni\u0161ke spomine iz zaporov napisal v za\u010detku leta 1986. Skoraj \u0161tiri desetletja ga je spremljalo svetopisemsko ob\u010dutje nekoga, ki je bil \u00bbpri\u0161tet med hudodelce\u00ab. V uvodu priznava, da se v sanjah \u0161e vedno kdaj pa kdaj znajde v zaporu \u2013 in pomoli za tiste, ki so \u017ee v ve\u010dnosti, ne glede na kateri strani re\u0161etk so bili takrat.","og_url":"https:\/\/www.salve.si\/en\/trgovina\/knjige\/svetniki-in-zivljenjepisi\/okna-z-zeleznimi-krizi\/","og_site_name":"Salve","article_publisher":"https:\/\/www.facebook.com\/salve.si","article_modified_time":"2024-01-01T22:00:41+00:00","og_image":[{"width":474,"height":680,"url":"https:\/\/www.salve.si\/wp-content\/uploads\/2017\/02\/Okna-z-zeleznimi-krizi.jpg","type":"image\/jpeg"}],"twitter_card":"summary_large_image","twitter_misc":{"Est. reading time":"1 minute"},"schema":{"@context":"https:\/\/schema.org","@graph":[{"@type":"WebPage","@id":"https:\/\/www.salve.si\/trgovina\/knjige\/svetniki-in-zivljenjepisi\/okna-z-zeleznimi-krizi\/","url":"https:\/\/www.salve.si\/trgovina\/knjige\/svetniki-in-zivljenjepisi\/okna-z-zeleznimi-krizi\/","name":"Okna z \u017eeleznimi kri\u017ei - Salve","isPartOf":{"@id":"https:\/\/www.salve.si\/#website"},"primaryImageOfPage":{"@id":"https:\/\/www.salve.si\/trgovina\/knjige\/svetniki-in-zivljenjepisi\/okna-z-zeleznimi-krizi\/#primaryimage"},"image":{"@id":"https:\/\/www.salve.si\/trgovina\/knjige\/svetniki-in-zivljenjepisi\/okna-z-zeleznimi-krizi\/#primaryimage"},"thumbnailUrl":"https:\/\/www.salve.si\/wp-content\/uploads\/2017\/02\/Okna-z-zeleznimi-krizi.jpg","datePublished":"2017-02-14T09:00:37+00:00","dateModified":"2024-01-01T22:00:41+00:00","breadcrumb":{"@id":"https:\/\/www.salve.si\/trgovina\/knjige\/svetniki-in-zivljenjepisi\/okna-z-zeleznimi-krizi\/#breadcrumb"},"inLanguage":"en-US","potentialAction":[{"@type":"ReadAction","target":["https:\/\/www.salve.si\/trgovina\/knjige\/svetniki-in-zivljenjepisi\/okna-z-zeleznimi-krizi\/"]}]},{"@type":"ImageObject","inLanguage":"en-US","@id":"https:\/\/www.salve.si\/trgovina\/knjige\/svetniki-in-zivljenjepisi\/okna-z-zeleznimi-krizi\/#primaryimage","url":"https:\/\/www.salve.si\/wp-content\/uploads\/2017\/02\/Okna-z-zeleznimi-krizi.jpg","contentUrl":"https:\/\/www.salve.si\/wp-content\/uploads\/2017\/02\/Okna-z-zeleznimi-krizi.jpg","width":474,"height":680},{"@type":"BreadcrumbList","@id":"https:\/\/www.salve.si\/trgovina\/knjige\/svetniki-in-zivljenjepisi\/okna-z-zeleznimi-krizi\/#breadcrumb","itemListElement":[{"@type":"ListItem","position":1,"name":"Home","item":"https:\/\/www.salve.si\/"},{"@type":"ListItem","position":2,"name":"Trgovina","item":"https:\/\/www.salve.si\/trgovina\/"},{"@type":"ListItem","position":3,"name":"Okna z \u017eeleznimi kri\u017ei"}]},{"@type":"WebSite","@id":"https:\/\/www.salve.si\/#website","url":"https:\/\/www.salve.si\/","name":"Salve","description":"Salezijanska zalo\u017eba","publisher":{"@id":"https:\/\/www.salve.si\/#organization"},"potentialAction":[{"@type":"SearchAction","target":{"@type":"EntryPoint","urlTemplate":"https:\/\/www.salve.si\/?s={search_term_string}"},"query-input":{"@type":"PropertyValueSpecification","valueRequired":true,"valueName":"search_term_string"}}],"inLanguage":"en-US"},{"@type":"Organization","@id":"https:\/\/www.salve.si\/#organization","name":"Salve d.o.o.","url":"https:\/\/www.salve.si\/","logo":{"@type":"ImageObject","inLanguage":"en-US","@id":"https:\/\/www.salve.si\/#\/schema\/logo\/image\/","url":"https:\/\/www.salve.si\/wp-content\/uploads\/2021\/01\/Salve_logo_modri_nov_web.png","contentUrl":"https:\/\/www.salve.si\/wp-content\/uploads\/2021\/01\/Salve_logo_modri_nov_web.png","width":279,"height":90,"caption":"Salve d.o.o."},"image":{"@id":"https:\/\/www.salve.si\/#\/schema\/logo\/image\/"},"sameAs":["https:\/\/www.facebook.com\/salve.si","https:\/\/www.instagram.com\/zalozbasalve\/","https:\/\/www.linkedin.com\/company\/zalozba-salve\/"]}]}},"_links":{"self":[{"href":"https:\/\/www.salve.si\/en\/wp-json\/wp\/v2\/product\/3166","targetHints":{"allow":["GET"]}}],"collection":[{"href":"https:\/\/www.salve.si\/en\/wp-json\/wp\/v2\/product"}],"about":[{"href":"https:\/\/www.salve.si\/en\/wp-json\/wp\/v2\/types\/product"}],"version-history":[{"count":2,"href":"https:\/\/www.salve.si\/en\/wp-json\/wp\/v2\/product\/3166\/revisions"}],"predecessor-version":[{"id":16405,"href":"https:\/\/www.salve.si\/en\/wp-json\/wp\/v2\/product\/3166\/revisions\/16405"}],"wp:featuredmedia":[{"embeddable":true,"href":"https:\/\/www.salve.si\/en\/wp-json\/wp\/v2\/media\/12568"}],"wp:attachment":[{"href":"https:\/\/www.salve.si\/en\/wp-json\/wp\/v2\/media?parent=3166"}],"wp:term":[{"taxonomy":"product_cat","embeddable":true,"href":"https:\/\/www.salve.si\/en\/wp-json\/wp\/v2\/product_cat?post=3166"},{"taxonomy":"product_tag","embeddable":true,"href":"https:\/\/www.salve.si\/en\/wp-json\/wp\/v2\/product_tag?post=3166"}],"curies":[{"name":"wp","href":"https:\/\/api.w.org\/{rel}","templated":true}]}}