{"id":3136,"date":"2016-08-27T10:00:35","date_gmt":"2016-08-27T08:00:35","guid":{"rendered":"http:\/\/2018.salve.si\/?post_type=product&#038;p=3136"},"modified":"2024-01-01T23:00:40","modified_gmt":"2024-01-01T22:00:40","slug":"cisto-srce-vidi-boga","status":"publish","type":"product","link":"https:\/\/www.salve.si\/en\/trgovina\/knjige\/svetniki-in-zivljenjepisi\/cisto-srce-vidi-boga\/","title":{"rendered":"\u010cisto srce vidi Boga"},"content":{"rendered":"<p>\u2026 On je na\u0161a mo\u010d, On je na\u0161a lu\u010d. On nikoli ne obupa nad nami, tudi mi ne smemo. Bodimo lu\u010d!&#8221;<br \/>\nTako avtorica pri\u010denja razmi\u0161ljanje o Materi Tereziji. Naj nam bo nova svetnica opozorilo in navdih za na\u0161e \u017eivljenje.<span class=\"slv-content-keywords\"> Posebna ponudba Knjige Avtobiografije, \u017eivljenjepisi Svetniki Apolonija Kali\u0161nik Knji\u017eice Mati Terezija, misijonarka ljubezni <\/span><\/p>","protected":false},"excerpt":{"rendered":"<p>&#8220;Smo lahko tudi mi\u00a0 lu\u010d v dana\u0161njem svetu? Lahko lu\u010d pri\u017eigamo med osamljenimi, tistimi, ki \u0161e niso okusili, kaj pomeni biti ljubljen? V\u010dasih je te\u017eko \u2026 Vendar &#8230;&#8221;<\/p>","protected":false},"featured_media":3137,"template":"","meta":{"_acf_changed":false,"footnotes":""},"product_cat":[709,141,315,634],"product_tag":[],"class_list":{"0":"post-3136","1":"product","2":"type-product","3":"status-publish","4":"has-post-thumbnail","6":"zbirke-knjizice","7":"authors-apolonija-kalisnik","8":"publisher-salve-d-o-o-ljubljana","9":"product_cat-posebna-ponudba","10":"product_cat-knjige","11":"product_cat-svetniki-in-zivljenjepisi","12":"product_cat-svetniki","14":"first","15":"instock","16":"shipping-taxable","17":"purchasable","18":"product-type-simple"},"acf":[],"yoast_head":"<!-- This site is optimized with the Yoast SEO plugin v23.8 - https:\/\/yoast.com\/wordpress\/plugins\/seo\/ -->\n<title>\u010cisto srce vidi Boga - Salve<\/title>\n<meta name=\"robots\" content=\"index, follow, max-snippet:-1, max-image-preview:large, max-video-preview:-1\" \/>\n<link rel=\"canonical\" href=\"https:\/\/www.salve.si\/en\/trgovina\/knjige\/svetniki-in-zivljenjepisi\/cisto-srce-vidi-boga\/\" \/>\n<meta property=\"og:locale\" content=\"en_US\" \/>\n<meta property=\"og:type\" content=\"article\" \/>\n<meta property=\"og:title\" content=\"\u010cisto srce vidi Boga - Salve\" \/>\n<meta property=\"og:description\" content=\"&quot;Smo lahko tudi mi\u00a0 lu\u010d v dana\u0161njem svetu? Lahko lu\u010d pri\u017eigamo med osamljenimi, tistimi, ki \u0161e niso okusili, kaj pomeni biti ljubljen? V\u010dasih je te\u017eko \u2026 Vendar ...&quot;\" \/>\n<meta property=\"og:url\" content=\"https:\/\/www.salve.si\/en\/trgovina\/knjige\/svetniki-in-zivljenjepisi\/cisto-srce-vidi-boga\/\" \/>\n<meta property=\"og:site_name\" content=\"Salve\" \/>\n<meta property=\"article:publisher\" content=\"https:\/\/www.facebook.com\/salve.si\" \/>\n<meta property=\"article:modified_time\" content=\"2024-01-01T22:00:40+00:00\" \/>\n<meta property=\"og:image\" content=\"https:\/\/www.salve.si\/wp-content\/uploads\/2018\/03\/cisto-srce-vidi-boga_mati-terezija.jpg\" \/>\n\t<meta property=\"og:image:width\" content=\"1300\" \/>\n\t<meta property=\"og:image:height\" content=\"2191\" \/>\n\t<meta property=\"og:image:type\" content=\"image\/jpeg\" \/>\n<meta name=\"twitter:card\" content=\"summary_large_image\" \/>\n<script type=\"application\/ld+json\" class=\"yoast-schema-graph\">{\"@context\":\"https:\/\/schema.org\",\"@graph\":[{\"@type\":\"WebPage\",\"@id\":\"https:\/\/www.salve.si\/trgovina\/knjige\/svetniki-in-zivljenjepisi\/cisto-srce-vidi-boga\/\",\"url\":\"https:\/\/www.salve.si\/trgovina\/knjige\/svetniki-in-zivljenjepisi\/cisto-srce-vidi-boga\/\",\"name\":\"\u010cisto srce vidi Boga - Salve\",\"isPartOf\":{\"@id\":\"https:\/\/www.salve.si\/#website\"},\"primaryImageOfPage\":{\"@id\":\"https:\/\/www.salve.si\/trgovina\/knjige\/svetniki-in-zivljenjepisi\/cisto-srce-vidi-boga\/#primaryimage\"},\"image\":{\"@id\":\"https:\/\/www.salve.si\/trgovina\/knjige\/svetniki-in-zivljenjepisi\/cisto-srce-vidi-boga\/#primaryimage\"},\"thumbnailUrl\":\"https:\/\/www.salve.si\/wp-content\/uploads\/2018\/03\/cisto-srce-vidi-boga_mati-terezija.jpg\",\"datePublished\":\"2016-08-27T08:00:35+00:00\",\"dateModified\":\"2024-01-01T22:00:40+00:00\",\"breadcrumb\":{\"@id\":\"https:\/\/www.salve.si\/trgovina\/knjige\/svetniki-in-zivljenjepisi\/cisto-srce-vidi-boga\/#breadcrumb\"},\"inLanguage\":\"en-US\",\"potentialAction\":[{\"@type\":\"ReadAction\",\"target\":[\"https:\/\/www.salve.si\/trgovina\/knjige\/svetniki-in-zivljenjepisi\/cisto-srce-vidi-boga\/\"]}]},{\"@type\":\"ImageObject\",\"inLanguage\":\"en-US\",\"@id\":\"https:\/\/www.salve.si\/trgovina\/knjige\/svetniki-in-zivljenjepisi\/cisto-srce-vidi-boga\/#primaryimage\",\"url\":\"https:\/\/www.salve.si\/wp-content\/uploads\/2018\/03\/cisto-srce-vidi-boga_mati-terezija.jpg\",\"contentUrl\":\"https:\/\/www.salve.si\/wp-content\/uploads\/2018\/03\/cisto-srce-vidi-boga_mati-terezija.jpg\",\"width\":1300,\"height\":2191},{\"@type\":\"BreadcrumbList\",\"@id\":\"https:\/\/www.salve.si\/trgovina\/knjige\/svetniki-in-zivljenjepisi\/cisto-srce-vidi-boga\/#breadcrumb\",\"itemListElement\":[{\"@type\":\"ListItem\",\"position\":1,\"name\":\"Home\",\"item\":\"https:\/\/www.salve.si\/\"},{\"@type\":\"ListItem\",\"position\":2,\"name\":\"Trgovina\",\"item\":\"https:\/\/www.salve.si\/trgovina\/\"},{\"@type\":\"ListItem\",\"position\":3,\"name\":\"\u010cisto srce vidi Boga\"}]},{\"@type\":\"WebSite\",\"@id\":\"https:\/\/www.salve.si\/#website\",\"url\":\"https:\/\/www.salve.si\/\",\"name\":\"Salve\",\"description\":\"Salezijanska zalo\u017eba\",\"publisher\":{\"@id\":\"https:\/\/www.salve.si\/#organization\"},\"potentialAction\":[{\"@type\":\"SearchAction\",\"target\":{\"@type\":\"EntryPoint\",\"urlTemplate\":\"https:\/\/www.salve.si\/?s={search_term_string}\"},\"query-input\":{\"@type\":\"PropertyValueSpecification\",\"valueRequired\":true,\"valueName\":\"search_term_string\"}}],\"inLanguage\":\"en-US\"},{\"@type\":\"Organization\",\"@id\":\"https:\/\/www.salve.si\/#organization\",\"name\":\"Salve d.o.o.\",\"url\":\"https:\/\/www.salve.si\/\",\"logo\":{\"@type\":\"ImageObject\",\"inLanguage\":\"en-US\",\"@id\":\"https:\/\/www.salve.si\/#\/schema\/logo\/image\/\",\"url\":\"https:\/\/www.salve.si\/wp-content\/uploads\/2021\/01\/Salve_logo_modri_nov_web.png\",\"contentUrl\":\"https:\/\/www.salve.si\/wp-content\/uploads\/2021\/01\/Salve_logo_modri_nov_web.png\",\"width\":279,\"height\":90,\"caption\":\"Salve d.o.o.\"},\"image\":{\"@id\":\"https:\/\/www.salve.si\/#\/schema\/logo\/image\/\"},\"sameAs\":[\"https:\/\/www.facebook.com\/salve.si\",\"https:\/\/www.instagram.com\/zalozbasalve\/\",\"https:\/\/www.linkedin.com\/company\/zalozba-salve\/\"]}]}<\/script>\n<!-- \/ Yoast SEO plugin. -->","yoast_head_json":{"title":"\u010cisto srce vidi Boga - Salve","robots":{"index":"index","follow":"follow","max-snippet":"max-snippet:-1","max-image-preview":"max-image-preview:large","max-video-preview":"max-video-preview:-1"},"canonical":"https:\/\/www.salve.si\/en\/trgovina\/knjige\/svetniki-in-zivljenjepisi\/cisto-srce-vidi-boga\/","og_locale":"en_US","og_type":"article","og_title":"\u010cisto srce vidi Boga - Salve","og_description":"\"Smo lahko tudi mi\u00a0 lu\u010d v dana\u0161njem svetu? Lahko lu\u010d pri\u017eigamo med osamljenimi, tistimi, ki \u0161e niso okusili, kaj pomeni biti ljubljen? V\u010dasih je te\u017eko \u2026 Vendar ...\"","og_url":"https:\/\/www.salve.si\/en\/trgovina\/knjige\/svetniki-in-zivljenjepisi\/cisto-srce-vidi-boga\/","og_site_name":"Salve","article_publisher":"https:\/\/www.facebook.com\/salve.si","article_modified_time":"2024-01-01T22:00:40+00:00","og_image":[{"width":1300,"height":2191,"url":"https:\/\/www.salve.si\/wp-content\/uploads\/2018\/03\/cisto-srce-vidi-boga_mati-terezija.jpg","type":"image\/jpeg"}],"twitter_card":"summary_large_image","schema":{"@context":"https:\/\/schema.org","@graph":[{"@type":"WebPage","@id":"https:\/\/www.salve.si\/trgovina\/knjige\/svetniki-in-zivljenjepisi\/cisto-srce-vidi-boga\/","url":"https:\/\/www.salve.si\/trgovina\/knjige\/svetniki-in-zivljenjepisi\/cisto-srce-vidi-boga\/","name":"\u010cisto srce vidi Boga - Salve","isPartOf":{"@id":"https:\/\/www.salve.si\/#website"},"primaryImageOfPage":{"@id":"https:\/\/www.salve.si\/trgovina\/knjige\/svetniki-in-zivljenjepisi\/cisto-srce-vidi-boga\/#primaryimage"},"image":{"@id":"https:\/\/www.salve.si\/trgovina\/knjige\/svetniki-in-zivljenjepisi\/cisto-srce-vidi-boga\/#primaryimage"},"thumbnailUrl":"https:\/\/www.salve.si\/wp-content\/uploads\/2018\/03\/cisto-srce-vidi-boga_mati-terezija.jpg","datePublished":"2016-08-27T08:00:35+00:00","dateModified":"2024-01-01T22:00:40+00:00","breadcrumb":{"@id":"https:\/\/www.salve.si\/trgovina\/knjige\/svetniki-in-zivljenjepisi\/cisto-srce-vidi-boga\/#breadcrumb"},"inLanguage":"en-US","potentialAction":[{"@type":"ReadAction","target":["https:\/\/www.salve.si\/trgovina\/knjige\/svetniki-in-zivljenjepisi\/cisto-srce-vidi-boga\/"]}]},{"@type":"ImageObject","inLanguage":"en-US","@id":"https:\/\/www.salve.si\/trgovina\/knjige\/svetniki-in-zivljenjepisi\/cisto-srce-vidi-boga\/#primaryimage","url":"https:\/\/www.salve.si\/wp-content\/uploads\/2018\/03\/cisto-srce-vidi-boga_mati-terezija.jpg","contentUrl":"https:\/\/www.salve.si\/wp-content\/uploads\/2018\/03\/cisto-srce-vidi-boga_mati-terezija.jpg","width":1300,"height":2191},{"@type":"BreadcrumbList","@id":"https:\/\/www.salve.si\/trgovina\/knjige\/svetniki-in-zivljenjepisi\/cisto-srce-vidi-boga\/#breadcrumb","itemListElement":[{"@type":"ListItem","position":1,"name":"Home","item":"https:\/\/www.salve.si\/"},{"@type":"ListItem","position":2,"name":"Trgovina","item":"https:\/\/www.salve.si\/trgovina\/"},{"@type":"ListItem","position":3,"name":"\u010cisto srce vidi Boga"}]},{"@type":"WebSite","@id":"https:\/\/www.salve.si\/#website","url":"https:\/\/www.salve.si\/","name":"Salve","description":"Salezijanska zalo\u017eba","publisher":{"@id":"https:\/\/www.salve.si\/#organization"},"potentialAction":[{"@type":"SearchAction","target":{"@type":"EntryPoint","urlTemplate":"https:\/\/www.salve.si\/?s={search_term_string}"},"query-input":{"@type":"PropertyValueSpecification","valueRequired":true,"valueName":"search_term_string"}}],"inLanguage":"en-US"},{"@type":"Organization","@id":"https:\/\/www.salve.si\/#organization","name":"Salve d.o.o.","url":"https:\/\/www.salve.si\/","logo":{"@type":"ImageObject","inLanguage":"en-US","@id":"https:\/\/www.salve.si\/#\/schema\/logo\/image\/","url":"https:\/\/www.salve.si\/wp-content\/uploads\/2021\/01\/Salve_logo_modri_nov_web.png","contentUrl":"https:\/\/www.salve.si\/wp-content\/uploads\/2021\/01\/Salve_logo_modri_nov_web.png","width":279,"height":90,"caption":"Salve d.o.o."},"image":{"@id":"https:\/\/www.salve.si\/#\/schema\/logo\/image\/"},"sameAs":["https:\/\/www.facebook.com\/salve.si","https:\/\/www.instagram.com\/zalozbasalve\/","https:\/\/www.linkedin.com\/company\/zalozba-salve\/"]}]}},"_links":{"self":[{"href":"https:\/\/www.salve.si\/en\/wp-json\/wp\/v2\/product\/3136","targetHints":{"allow":["GET"]}}],"collection":[{"href":"https:\/\/www.salve.si\/en\/wp-json\/wp\/v2\/product"}],"about":[{"href":"https:\/\/www.salve.si\/en\/wp-json\/wp\/v2\/types\/product"}],"version-history":[{"count":2,"href":"https:\/\/www.salve.si\/en\/wp-json\/wp\/v2\/product\/3136\/revisions"}],"predecessor-version":[{"id":12961,"href":"https:\/\/www.salve.si\/en\/wp-json\/wp\/v2\/product\/3136\/revisions\/12961"}],"wp:featuredmedia":[{"embeddable":true,"href":"https:\/\/www.salve.si\/en\/wp-json\/wp\/v2\/media\/3137"}],"wp:attachment":[{"href":"https:\/\/www.salve.si\/en\/wp-json\/wp\/v2\/media?parent=3136"}],"wp:term":[{"taxonomy":"product_cat","embeddable":true,"href":"https:\/\/www.salve.si\/en\/wp-json\/wp\/v2\/product_cat?post=3136"},{"taxonomy":"product_tag","embeddable":true,"href":"https:\/\/www.salve.si\/en\/wp-json\/wp\/v2\/product_tag?post=3136"}],"curies":[{"name":"wp","href":"https:\/\/api.w.org\/{rel}","templated":true}]}}