{"id":3128,"date":"2016-08-18T10:00:15","date_gmt":"2016-08-18T08:00:15","guid":{"rendered":"http:\/\/2018.salve.si\/?post_type=product&#038;p=3128"},"modified":"2024-01-01T23:00:41","modified_gmt":"2024-01-01T22:00:41","slug":"cigan-bogu-vdan","status":"publish","type":"product","link":"https:\/\/www.salve.si\/en\/trgovina\/knjige\/svetniki-in-zivljenjepisi\/cigan-bogu-vdan\/","title":{"rendered":"Cigan, Bogu vdan"},"content":{"rendered":"<p>Cigan El Pel\u00e9 si svetosti ni zastavil kot cilj, ki ga mora dose\u010di. Njemu je bil cilj Jezus Kristus. Enostavno ni mogel brez Jezusa.<br \/>\nEl Pel\u00e9 je bil \u010dlovek za druge. Molil je za druge, svoje imetje je dajal drugim in tudi \u017eivljenje je dal za druge. Povr\u0161en bralec njegovega \u017eivljenjepisa dobi vtis, da je bil pri tem precej naiven. El Pel\u00e9 ni bil prera\u010dunljiv &#8211; prednost je dajal drugim.<\/p>\n<p>Uredil:\u00a0Peter Kokotec<span class=\"slv-content-keywords\"> Avtobiografije, \u017eivljenjepisi Svetniki Mario Riboldi Bl. Zefirin Jimenez Malla, mu\u010denec ro\u017enega venca Vicente St\u00e1ricek <\/span><\/p>","protected":false},"excerpt":{"rendered":"<p>\u017divljenjepis o bla\u017eenem ciganu Zeferinu Jim\u00e9nez Malla-ji, imenovanem El Pel\u00e9 (1861\u20131936), prina\u0161a v slovenski prostor popolnoma novo podobo svetosti. Navajeni smo na svetni\u0161ke osebnosti iz \u0161kofovskih, duhovni\u0161kih, misijonarskih, redovni\u0161kih in tudi lai\u010dnih vrst. El Pel\u00e9 pa dokazuje, da lahko sveto \u017eivijo tudi ljudje, ki z nomadskim ali ciganskim \u017eivljenjem pri ve\u010dini vzbujajo nelagodje ali celo prezir.<\/p>","protected":false},"featured_media":3129,"template":"","meta":{"_acf_changed":false,"footnotes":""},"product_cat":[315,634],"product_tag":[],"class_list":{"0":"post-3128","1":"product","2":"type-product","3":"status-publish","4":"has-post-thumbnail","6":"authors-mario-riboldi","7":"publisher-salve-d-o-o-ljubljana","8":"product_cat-svetniki-in-zivljenjepisi","9":"product_cat-svetniki","11":"first","12":"instock","13":"shipping-taxable","14":"purchasable","15":"product-type-simple"},"acf":[],"yoast_head":"<!-- This site is optimized with the Yoast SEO plugin v23.8 - https:\/\/yoast.com\/wordpress\/plugins\/seo\/ -->\n<title>Cigan, Bogu vdan - Salve<\/title>\n<meta name=\"robots\" content=\"index, follow, max-snippet:-1, max-image-preview:large, max-video-preview:-1\" \/>\n<link rel=\"canonical\" href=\"https:\/\/www.salve.si\/en\/trgovina\/knjige\/svetniki-in-zivljenjepisi\/cigan-bogu-vdan\/\" \/>\n<meta property=\"og:locale\" content=\"en_US\" \/>\n<meta property=\"og:type\" content=\"article\" \/>\n<meta property=\"og:title\" content=\"Cigan, Bogu vdan - Salve\" \/>\n<meta property=\"og:description\" content=\"\u017divljenjepis o bla\u017eenem ciganu Zeferinu Jim\u00e9nez Malla-ji, imenovanem El Pel\u00e9 (1861\u20131936), prina\u0161a v slovenski prostor popolnoma novo podobo svetosti. Navajeni smo na svetni\u0161ke osebnosti iz \u0161kofovskih, duhovni\u0161kih, misijonarskih, redovni\u0161kih in tudi lai\u010dnih vrst. El Pel\u00e9 pa dokazuje, da lahko sveto \u017eivijo tudi ljudje, ki z nomadskim ali ciganskim \u017eivljenjem pri ve\u010dini vzbujajo nelagodje ali celo prezir.\" \/>\n<meta property=\"og:url\" content=\"https:\/\/www.salve.si\/en\/trgovina\/knjige\/svetniki-in-zivljenjepisi\/cigan-bogu-vdan\/\" \/>\n<meta property=\"og:site_name\" content=\"Salve\" \/>\n<meta property=\"article:publisher\" content=\"https:\/\/www.facebook.com\/salve.si\" \/>\n<meta property=\"article:modified_time\" content=\"2024-01-01T22:00:41+00:00\" \/>\n<meta property=\"og:image\" content=\"https:\/\/www.salve.si\/wp-content\/uploads\/2018\/03\/cigan-bogu-vdan_mario-riboldi.jpg\" \/>\n\t<meta property=\"og:image:width\" content=\"1715\" \/>\n\t<meta property=\"og:image:height\" content=\"2650\" \/>\n\t<meta property=\"og:image:type\" content=\"image\/jpeg\" \/>\n<meta name=\"twitter:card\" content=\"summary_large_image\" \/>\n<script type=\"application\/ld+json\" class=\"yoast-schema-graph\">{\"@context\":\"https:\/\/schema.org\",\"@graph\":[{\"@type\":\"WebPage\",\"@id\":\"https:\/\/www.salve.si\/trgovina\/knjige\/svetniki-in-zivljenjepisi\/cigan-bogu-vdan\/\",\"url\":\"https:\/\/www.salve.si\/trgovina\/knjige\/svetniki-in-zivljenjepisi\/cigan-bogu-vdan\/\",\"name\":\"Cigan, Bogu vdan - Salve\",\"isPartOf\":{\"@id\":\"https:\/\/www.salve.si\/#website\"},\"primaryImageOfPage\":{\"@id\":\"https:\/\/www.salve.si\/trgovina\/knjige\/svetniki-in-zivljenjepisi\/cigan-bogu-vdan\/#primaryimage\"},\"image\":{\"@id\":\"https:\/\/www.salve.si\/trgovina\/knjige\/svetniki-in-zivljenjepisi\/cigan-bogu-vdan\/#primaryimage\"},\"thumbnailUrl\":\"https:\/\/www.salve.si\/wp-content\/uploads\/2018\/03\/cigan-bogu-vdan_mario-riboldi.jpg\",\"datePublished\":\"2016-08-18T08:00:15+00:00\",\"dateModified\":\"2024-01-01T22:00:41+00:00\",\"breadcrumb\":{\"@id\":\"https:\/\/www.salve.si\/trgovina\/knjige\/svetniki-in-zivljenjepisi\/cigan-bogu-vdan\/#breadcrumb\"},\"inLanguage\":\"en-US\",\"potentialAction\":[{\"@type\":\"ReadAction\",\"target\":[\"https:\/\/www.salve.si\/trgovina\/knjige\/svetniki-in-zivljenjepisi\/cigan-bogu-vdan\/\"]}]},{\"@type\":\"ImageObject\",\"inLanguage\":\"en-US\",\"@id\":\"https:\/\/www.salve.si\/trgovina\/knjige\/svetniki-in-zivljenjepisi\/cigan-bogu-vdan\/#primaryimage\",\"url\":\"https:\/\/www.salve.si\/wp-content\/uploads\/2018\/03\/cigan-bogu-vdan_mario-riboldi.jpg\",\"contentUrl\":\"https:\/\/www.salve.si\/wp-content\/uploads\/2018\/03\/cigan-bogu-vdan_mario-riboldi.jpg\",\"width\":1715,\"height\":2650},{\"@type\":\"BreadcrumbList\",\"@id\":\"https:\/\/www.salve.si\/trgovina\/knjige\/svetniki-in-zivljenjepisi\/cigan-bogu-vdan\/#breadcrumb\",\"itemListElement\":[{\"@type\":\"ListItem\",\"position\":1,\"name\":\"Home\",\"item\":\"https:\/\/www.salve.si\/\"},{\"@type\":\"ListItem\",\"position\":2,\"name\":\"Trgovina\",\"item\":\"https:\/\/www.salve.si\/trgovina\/\"},{\"@type\":\"ListItem\",\"position\":3,\"name\":\"Cigan, Bogu vdan\"}]},{\"@type\":\"WebSite\",\"@id\":\"https:\/\/www.salve.si\/#website\",\"url\":\"https:\/\/www.salve.si\/\",\"name\":\"Salve\",\"description\":\"Salezijanska zalo\u017eba\",\"publisher\":{\"@id\":\"https:\/\/www.salve.si\/#organization\"},\"potentialAction\":[{\"@type\":\"SearchAction\",\"target\":{\"@type\":\"EntryPoint\",\"urlTemplate\":\"https:\/\/www.salve.si\/?s={search_term_string}\"},\"query-input\":{\"@type\":\"PropertyValueSpecification\",\"valueRequired\":true,\"valueName\":\"search_term_string\"}}],\"inLanguage\":\"en-US\"},{\"@type\":\"Organization\",\"@id\":\"https:\/\/www.salve.si\/#organization\",\"name\":\"Salve d.o.o.\",\"url\":\"https:\/\/www.salve.si\/\",\"logo\":{\"@type\":\"ImageObject\",\"inLanguage\":\"en-US\",\"@id\":\"https:\/\/www.salve.si\/#\/schema\/logo\/image\/\",\"url\":\"https:\/\/www.salve.si\/wp-content\/uploads\/2021\/01\/Salve_logo_modri_nov_web.png\",\"contentUrl\":\"https:\/\/www.salve.si\/wp-content\/uploads\/2021\/01\/Salve_logo_modri_nov_web.png\",\"width\":279,\"height\":90,\"caption\":\"Salve d.o.o.\"},\"image\":{\"@id\":\"https:\/\/www.salve.si\/#\/schema\/logo\/image\/\"},\"sameAs\":[\"https:\/\/www.facebook.com\/salve.si\",\"https:\/\/www.instagram.com\/zalozbasalve\/\",\"https:\/\/www.linkedin.com\/company\/zalozba-salve\/\"]}]}<\/script>\n<!-- \/ Yoast SEO plugin. -->","yoast_head_json":{"title":"Cigan, Bogu vdan - Salve","robots":{"index":"index","follow":"follow","max-snippet":"max-snippet:-1","max-image-preview":"max-image-preview:large","max-video-preview":"max-video-preview:-1"},"canonical":"https:\/\/www.salve.si\/en\/trgovina\/knjige\/svetniki-in-zivljenjepisi\/cigan-bogu-vdan\/","og_locale":"en_US","og_type":"article","og_title":"Cigan, Bogu vdan - Salve","og_description":"\u017divljenjepis o bla\u017eenem ciganu Zeferinu Jim\u00e9nez Malla-ji, imenovanem El Pel\u00e9 (1861\u20131936), prina\u0161a v slovenski prostor popolnoma novo podobo svetosti. Navajeni smo na svetni\u0161ke osebnosti iz \u0161kofovskih, duhovni\u0161kih, misijonarskih, redovni\u0161kih in tudi lai\u010dnih vrst. El Pel\u00e9 pa dokazuje, da lahko sveto \u017eivijo tudi ljudje, ki z nomadskim ali ciganskim \u017eivljenjem pri ve\u010dini vzbujajo nelagodje ali celo prezir.","og_url":"https:\/\/www.salve.si\/en\/trgovina\/knjige\/svetniki-in-zivljenjepisi\/cigan-bogu-vdan\/","og_site_name":"Salve","article_publisher":"https:\/\/www.facebook.com\/salve.si","article_modified_time":"2024-01-01T22:00:41+00:00","og_image":[{"width":1715,"height":2650,"url":"https:\/\/www.salve.si\/wp-content\/uploads\/2018\/03\/cigan-bogu-vdan_mario-riboldi.jpg","type":"image\/jpeg"}],"twitter_card":"summary_large_image","schema":{"@context":"https:\/\/schema.org","@graph":[{"@type":"WebPage","@id":"https:\/\/www.salve.si\/trgovina\/knjige\/svetniki-in-zivljenjepisi\/cigan-bogu-vdan\/","url":"https:\/\/www.salve.si\/trgovina\/knjige\/svetniki-in-zivljenjepisi\/cigan-bogu-vdan\/","name":"Cigan, Bogu vdan - Salve","isPartOf":{"@id":"https:\/\/www.salve.si\/#website"},"primaryImageOfPage":{"@id":"https:\/\/www.salve.si\/trgovina\/knjige\/svetniki-in-zivljenjepisi\/cigan-bogu-vdan\/#primaryimage"},"image":{"@id":"https:\/\/www.salve.si\/trgovina\/knjige\/svetniki-in-zivljenjepisi\/cigan-bogu-vdan\/#primaryimage"},"thumbnailUrl":"https:\/\/www.salve.si\/wp-content\/uploads\/2018\/03\/cigan-bogu-vdan_mario-riboldi.jpg","datePublished":"2016-08-18T08:00:15+00:00","dateModified":"2024-01-01T22:00:41+00:00","breadcrumb":{"@id":"https:\/\/www.salve.si\/trgovina\/knjige\/svetniki-in-zivljenjepisi\/cigan-bogu-vdan\/#breadcrumb"},"inLanguage":"en-US","potentialAction":[{"@type":"ReadAction","target":["https:\/\/www.salve.si\/trgovina\/knjige\/svetniki-in-zivljenjepisi\/cigan-bogu-vdan\/"]}]},{"@type":"ImageObject","inLanguage":"en-US","@id":"https:\/\/www.salve.si\/trgovina\/knjige\/svetniki-in-zivljenjepisi\/cigan-bogu-vdan\/#primaryimage","url":"https:\/\/www.salve.si\/wp-content\/uploads\/2018\/03\/cigan-bogu-vdan_mario-riboldi.jpg","contentUrl":"https:\/\/www.salve.si\/wp-content\/uploads\/2018\/03\/cigan-bogu-vdan_mario-riboldi.jpg","width":1715,"height":2650},{"@type":"BreadcrumbList","@id":"https:\/\/www.salve.si\/trgovina\/knjige\/svetniki-in-zivljenjepisi\/cigan-bogu-vdan\/#breadcrumb","itemListElement":[{"@type":"ListItem","position":1,"name":"Home","item":"https:\/\/www.salve.si\/"},{"@type":"ListItem","position":2,"name":"Trgovina","item":"https:\/\/www.salve.si\/trgovina\/"},{"@type":"ListItem","position":3,"name":"Cigan, Bogu vdan"}]},{"@type":"WebSite","@id":"https:\/\/www.salve.si\/#website","url":"https:\/\/www.salve.si\/","name":"Salve","description":"Salezijanska zalo\u017eba","publisher":{"@id":"https:\/\/www.salve.si\/#organization"},"potentialAction":[{"@type":"SearchAction","target":{"@type":"EntryPoint","urlTemplate":"https:\/\/www.salve.si\/?s={search_term_string}"},"query-input":{"@type":"PropertyValueSpecification","valueRequired":true,"valueName":"search_term_string"}}],"inLanguage":"en-US"},{"@type":"Organization","@id":"https:\/\/www.salve.si\/#organization","name":"Salve d.o.o.","url":"https:\/\/www.salve.si\/","logo":{"@type":"ImageObject","inLanguage":"en-US","@id":"https:\/\/www.salve.si\/#\/schema\/logo\/image\/","url":"https:\/\/www.salve.si\/wp-content\/uploads\/2021\/01\/Salve_logo_modri_nov_web.png","contentUrl":"https:\/\/www.salve.si\/wp-content\/uploads\/2021\/01\/Salve_logo_modri_nov_web.png","width":279,"height":90,"caption":"Salve d.o.o."},"image":{"@id":"https:\/\/www.salve.si\/#\/schema\/logo\/image\/"},"sameAs":["https:\/\/www.facebook.com\/salve.si","https:\/\/www.instagram.com\/zalozbasalve\/","https:\/\/www.linkedin.com\/company\/zalozba-salve\/"]}]}},"_links":{"self":[{"href":"https:\/\/www.salve.si\/en\/wp-json\/wp\/v2\/product\/3128","targetHints":{"allow":["GET"]}}],"collection":[{"href":"https:\/\/www.salve.si\/en\/wp-json\/wp\/v2\/product"}],"about":[{"href":"https:\/\/www.salve.si\/en\/wp-json\/wp\/v2\/types\/product"}],"version-history":[{"count":2,"href":"https:\/\/www.salve.si\/en\/wp-json\/wp\/v2\/product\/3128\/revisions"}],"predecessor-version":[{"id":16345,"href":"https:\/\/www.salve.si\/en\/wp-json\/wp\/v2\/product\/3128\/revisions\/16345"}],"wp:featuredmedia":[{"embeddable":true,"href":"https:\/\/www.salve.si\/en\/wp-json\/wp\/v2\/media\/3129"}],"wp:attachment":[{"href":"https:\/\/www.salve.si\/en\/wp-json\/wp\/v2\/media?parent=3128"}],"wp:term":[{"taxonomy":"product_cat","embeddable":true,"href":"https:\/\/www.salve.si\/en\/wp-json\/wp\/v2\/product_cat?post=3128"},{"taxonomy":"product_tag","embeddable":true,"href":"https:\/\/www.salve.si\/en\/wp-json\/wp\/v2\/product_tag?post=3128"}],"curies":[{"name":"wp","href":"https:\/\/api.w.org\/{rel}","templated":true}]}}